{"id":8364,"date":"2024-11-27T12:57:31","date_gmt":"2024-11-27T11:57:31","guid":{"rendered":"https:\/\/glowpremium.fr\/?post_type=product&#038;p=8364"},"modified":"2024-12-26T08:39:49","modified_gmt":"2024-12-26T07:39:49","slug":"concentre-eclaircissant-peau-de-reve-aux-acides-de-fruits-2","status":"publish","type":"product","link":"https:\/\/glowpremium.fr\/en\/lightening-product\/dream-skin-lightening-concentrate-with-fruit-acids-2\/","title":{"rendered":"Dream Skin Lightening Concentrate with fruit acids"},"content":{"rendered":"<div data-elementor-type=\"product-post\" data-elementor-id=\"8364\" class=\"elementor elementor-8364\" data-elementor-post-type=\"product\">\n\t\t\t\t\t\t<section class=\"elementor-section elementor-top-section elementor-element elementor-element-4f7f0241 elementor-section-boxed elementor-section-height-default elementor-section-height-default\" data-id=\"4f7f0241\" data-element_type=\"section\">\n\t\t\t\t\t\t<div class=\"elementor-container elementor-column-gap-default\">\n\t\t\t\t\t<div class=\"elementor-column elementor-col-100 elementor-top-column elementor-element elementor-element-10c3fe92\" data-id=\"10c3fe92\" data-element_type=\"column\">\n\t\t\t<div class=\"elementor-widget-wrap elementor-element-populated\">\n\t\t\t\t\t\t<div class=\"elementor-element elementor-element-7ef6da80 elementor-widget elementor-widget-text-editor\" data-id=\"7ef6da80\" data-element_type=\"widget\" data-widget_type=\"text-editor.default\">\n\t\t\t\t<div class=\"elementor-widget-container\">\n\t\t\t\t\t\t\t\t\t<p><strong>How to use :<p>Prepare 2 to 4 drops of this concentrate and apply to the areas to be treated.<p><strong>Recommendation:<p>If skin irritation occurs, discontinue use of this product immediately.<p><strong>Composition:<p>Natural oils, AHA, Demineralised water, Polyacrilamide Fruit essences, Hydroxyethyl fungin, Cellulose Collagen, Aloes Vera, Propylene glycol.\t\t\t\t\t\t\t\t<\/div>\n\t\t\t\t<\/div>\n\t\t\t\t\t<\/div>\n\t\t<\/div>\n\t\t\t\t\t<\/div>\n\t\t<\/section>\n\t\t\t\t<\/div>","protected":false},"excerpt":{"rendered":"<p>The Dream Skin concentrate with fruit acids is a unique concentrate for those who want clear skin. Thanks to its advanced technology, this concentrate is suitable for all skin types. It brightens, nourishes, provides optimum hydration and protects against UV rays and free radicals.<\/p>\n<p><em>(Rapid action 5 days)<\/em><\/p>\n<p>&nbsp;<\/p>","protected":false},"featured_media":8155,"comment_status":"closed","ping_status":"closed","template":"","meta":[],"etheme_brands":[],"product_brand":[],"product_cat":[80,93],"product_tag":[],"class_list":{"0":"post-8364","1":"product","2":"type-product","3":"status-publish","4":"has-post-thumbnail","6":"product_cat-blanchissants-et-eclaircissants","7":"product_cat-concentres-eclaircissants-clarifiants-blanchissants","9":"first","10":"instock","11":"shipping-taxable","12":"purchasable","13":"product-type-simple"},"yoast_head":"<!-- This site is optimized with the Yoast SEO plugin v26.7 - https:\/\/yoast.com\/wordpress\/plugins\/seo\/ -->\n<title>Concentr\u00e9 \u00e9claircissant Peau de r\u00eave aux acides de fruits - Glow Premium<\/title>\n<meta name=\"description\" content=\"D\u00e9pigmentant Anti-tache Uniformisant Illuminateur \u00c9claircissant naturelTeint homog\u00e8ne teint claire illumine blanchiment peau noire m\u00e9tisse beaut\u00e9 du teint\" \/>\n<meta name=\"robots\" content=\"index, follow, max-snippet:-1, max-image-preview:large, max-video-preview:-1\" \/>\n<link rel=\"canonical\" href=\"https:\/\/glowpremium.fr\/en\/lightening-product\/dream-skin-lightening-concentrate-with-fruit-acids-2\/\" \/>\n<meta property=\"og:locale\" content=\"en_GB\" \/>\n<meta property=\"og:type\" content=\"article\" \/>\n<meta property=\"og:title\" content=\"Concentr\u00e9 \u00e9claircissant Peau de r\u00eave aux acides de fruits - Glow Premium\" \/>\n<meta property=\"og:description\" content=\"D\u00e9pigmentant Anti-tache Uniformisant Illuminateur \u00c9claircissant naturelTeint homog\u00e8ne teint claire illumine blanchiment peau noire m\u00e9tisse beaut\u00e9 du teint\" \/>\n<meta property=\"og:url\" content=\"https:\/\/glowpremium.fr\/en\/lightening-product\/dream-skin-lightening-concentrate-with-fruit-acids-2\/\" \/>\n<meta property=\"og:site_name\" content=\"Glow Premium\" \/>\n<meta property=\"article:modified_time\" content=\"2024-12-26T07:39:49+00:00\" \/>\n<meta property=\"og:image\" content=\"https:\/\/glowpremium.fr\/wp-content\/uploads\/2024\/11\/aef804ee-3d71-4276-a204-1a766ce8254b.jpg\" \/>\n\t<meta property=\"og:image:width\" content=\"1600\" \/>\n\t<meta property=\"og:image:height\" content=\"1400\" \/>\n\t<meta property=\"og:image:type\" content=\"image\/jpeg\" \/>\n<meta name=\"twitter:card\" content=\"summary_large_image\" \/>\n<meta name=\"twitter:label1\" content=\"Estimated reading time\" \/>\n\t<meta name=\"twitter:data1\" content=\"1 minute\" \/>\n<script type=\"application\/ld+json\" class=\"yoast-schema-graph\">{\"@context\":\"https:\/\/schema.org\",\"@graph\":[{\"@type\":\"WebPage\",\"@id\":\"https:\/\/glowpremium.fr\/produit-eclaircissant\/concentre-eclaircissant-peau-de-reve-aux-acides-de-fruits-2\/\",\"url\":\"https:\/\/glowpremium.fr\/produit-eclaircissant\/concentre-eclaircissant-peau-de-reve-aux-acides-de-fruits-2\/\",\"name\":\"Concentr\u00e9 \u00e9claircissant Peau de r\u00eave aux acides de fruits - Glow Premium\",\"isPartOf\":{\"@id\":\"https:\/\/glowpremium.fr\/#website\"},\"primaryImageOfPage\":{\"@id\":\"https:\/\/glowpremium.fr\/produit-eclaircissant\/concentre-eclaircissant-peau-de-reve-aux-acides-de-fruits-2\/#primaryimage\"},\"image\":{\"@id\":\"https:\/\/glowpremium.fr\/produit-eclaircissant\/concentre-eclaircissant-peau-de-reve-aux-acides-de-fruits-2\/#primaryimage\"},\"thumbnailUrl\":\"https:\/\/glowpremium.fr\/wp-content\/uploads\/2024\/11\/aef804ee-3d71-4276-a204-1a766ce8254b.jpg\",\"datePublished\":\"2024-11-27T11:57:31+00:00\",\"dateModified\":\"2024-12-26T07:39:49+00:00\",\"description\":\"D\u00e9pigmentant Anti-tache Uniformisant Illuminateur \u00c9claircissant naturelTeint homog\u00e8ne teint claire illumine blanchiment peau noire m\u00e9tisse beaut\u00e9 du teint\",\"breadcrumb\":{\"@id\":\"https:\/\/glowpremium.fr\/produit-eclaircissant\/concentre-eclaircissant-peau-de-reve-aux-acides-de-fruits-2\/#breadcrumb\"},\"inLanguage\":\"en-GB\",\"potentialAction\":[{\"@type\":\"ReadAction\",\"target\":[\"https:\/\/glowpremium.fr\/produit-eclaircissant\/concentre-eclaircissant-peau-de-reve-aux-acides-de-fruits-2\/\"]}]},{\"@type\":\"ImageObject\",\"inLanguage\":\"en-GB\",\"@id\":\"https:\/\/glowpremium.fr\/produit-eclaircissant\/concentre-eclaircissant-peau-de-reve-aux-acides-de-fruits-2\/#primaryimage\",\"url\":\"https:\/\/glowpremium.fr\/wp-content\/uploads\/2024\/11\/aef804ee-3d71-4276-a204-1a766ce8254b.jpg\",\"contentUrl\":\"https:\/\/glowpremium.fr\/wp-content\/uploads\/2024\/11\/aef804ee-3d71-4276-a204-1a766ce8254b.jpg\",\"width\":1600,\"height\":1400},{\"@type\":\"BreadcrumbList\",\"@id\":\"https:\/\/glowpremium.fr\/produit-eclaircissant\/concentre-eclaircissant-peau-de-reve-aux-acides-de-fruits-2\/#breadcrumb\",\"itemListElement\":[{\"@type\":\"ListItem\",\"position\":1,\"name\":\"Accueil\",\"item\":\"https:\/\/glowpremium.fr\/\"},{\"@type\":\"ListItem\",\"position\":2,\"name\":\"Boutique\",\"item\":\"https:\/\/glowpremium.fr\/boutique-produits-eclaircissants\/\"},{\"@type\":\"ListItem\",\"position\":3,\"name\":\"Concentr\u00e9 \u00e9claircissant Peau de r\u00eave aux acides de fruits\"}]},{\"@type\":\"WebSite\",\"@id\":\"https:\/\/glowpremium.fr\/#website\",\"url\":\"https:\/\/glowpremium.fr\/\",\"name\":\"Glow Premium\",\"description\":\"\",\"publisher\":{\"@id\":\"https:\/\/glowpremium.fr\/#organization\"},\"potentialAction\":[{\"@type\":\"SearchAction\",\"target\":{\"@type\":\"EntryPoint\",\"urlTemplate\":\"https:\/\/glowpremium.fr\/?s={search_term_string}\"},\"query-input\":{\"@type\":\"PropertyValueSpecification\",\"valueRequired\":true,\"valueName\":\"search_term_string\"}}],\"inLanguage\":\"en-GB\"},{\"@type\":\"Organization\",\"@id\":\"https:\/\/glowpremium.fr\/#organization\",\"name\":\"Glow Premium\",\"url\":\"https:\/\/glowpremium.fr\/\",\"logo\":{\"@type\":\"ImageObject\",\"inLanguage\":\"en-GB\",\"@id\":\"https:\/\/glowpremium.fr\/#\/schema\/logo\/image\/\",\"url\":\"https:\/\/glowpremium.fr\/wp-content\/uploads\/2024\/10\/screenshot_20241029_034909_chrome.jpg\",\"contentUrl\":\"https:\/\/glowpremium.fr\/wp-content\/uploads\/2024\/10\/screenshot_20241029_034909_chrome.jpg\",\"width\":866,\"height\":937,\"caption\":\"Glow Premium\"},\"image\":{\"@id\":\"https:\/\/glowpremium.fr\/#\/schema\/logo\/image\/\"}}]}<\/script>\n<!-- \/ Yoast SEO plugin. -->","yoast_head_json":{"title":"Concentr\u00e9 \u00e9claircissant Peau de r\u00eave aux acides de fruits - Glow Premium","description":"D\u00e9pigmentant Anti-tache Uniformisant Illuminateur \u00c9claircissant naturelTeint homog\u00e8ne teint claire illumine blanchiment peau noire m\u00e9tisse beaut\u00e9 du teint","robots":{"index":"index","follow":"follow","max-snippet":"max-snippet:-1","max-image-preview":"max-image-preview:large","max-video-preview":"max-video-preview:-1"},"canonical":"https:\/\/glowpremium.fr\/en\/lightening-product\/dream-skin-lightening-concentrate-with-fruit-acids-2\/","og_locale":"en_GB","og_type":"article","og_title":"Concentr\u00e9 \u00e9claircissant Peau de r\u00eave aux acides de fruits - Glow Premium","og_description":"D\u00e9pigmentant Anti-tache Uniformisant Illuminateur \u00c9claircissant naturelTeint homog\u00e8ne teint claire illumine blanchiment peau noire m\u00e9tisse beaut\u00e9 du teint","og_url":"https:\/\/glowpremium.fr\/en\/lightening-product\/dream-skin-lightening-concentrate-with-fruit-acids-2\/","og_site_name":"Glow Premium","article_modified_time":"2024-12-26T07:39:49+00:00","og_image":[{"width":1600,"height":1400,"url":"https:\/\/glowpremium.fr\/wp-content\/uploads\/2024\/11\/aef804ee-3d71-4276-a204-1a766ce8254b.jpg","type":"image\/jpeg"}],"twitter_card":"summary_large_image","twitter_misc":{"Estimated reading time":"1 minute"},"schema":{"@context":"https:\/\/schema.org","@graph":[{"@type":"WebPage","@id":"https:\/\/glowpremium.fr\/produit-eclaircissant\/concentre-eclaircissant-peau-de-reve-aux-acides-de-fruits-2\/","url":"https:\/\/glowpremium.fr\/produit-eclaircissant\/concentre-eclaircissant-peau-de-reve-aux-acides-de-fruits-2\/","name":"Concentr\u00e9 \u00e9claircissant Peau de r\u00eave aux acides de fruits - Glow Premium","isPartOf":{"@id":"https:\/\/glowpremium.fr\/#website"},"primaryImageOfPage":{"@id":"https:\/\/glowpremium.fr\/produit-eclaircissant\/concentre-eclaircissant-peau-de-reve-aux-acides-de-fruits-2\/#primaryimage"},"image":{"@id":"https:\/\/glowpremium.fr\/produit-eclaircissant\/concentre-eclaircissant-peau-de-reve-aux-acides-de-fruits-2\/#primaryimage"},"thumbnailUrl":"https:\/\/glowpremium.fr\/wp-content\/uploads\/2024\/11\/aef804ee-3d71-4276-a204-1a766ce8254b.jpg","datePublished":"2024-11-27T11:57:31+00:00","dateModified":"2024-12-26T07:39:49+00:00","description":"D\u00e9pigmentant Anti-tache Uniformisant Illuminateur \u00c9claircissant naturelTeint homog\u00e8ne teint claire illumine blanchiment peau noire m\u00e9tisse beaut\u00e9 du teint","breadcrumb":{"@id":"https:\/\/glowpremium.fr\/produit-eclaircissant\/concentre-eclaircissant-peau-de-reve-aux-acides-de-fruits-2\/#breadcrumb"},"inLanguage":"en-GB","potentialAction":[{"@type":"ReadAction","target":["https:\/\/glowpremium.fr\/produit-eclaircissant\/concentre-eclaircissant-peau-de-reve-aux-acides-de-fruits-2\/"]}]},{"@type":"ImageObject","inLanguage":"en-GB","@id":"https:\/\/glowpremium.fr\/produit-eclaircissant\/concentre-eclaircissant-peau-de-reve-aux-acides-de-fruits-2\/#primaryimage","url":"https:\/\/glowpremium.fr\/wp-content\/uploads\/2024\/11\/aef804ee-3d71-4276-a204-1a766ce8254b.jpg","contentUrl":"https:\/\/glowpremium.fr\/wp-content\/uploads\/2024\/11\/aef804ee-3d71-4276-a204-1a766ce8254b.jpg","width":1600,"height":1400},{"@type":"BreadcrumbList","@id":"https:\/\/glowpremium.fr\/produit-eclaircissant\/concentre-eclaircissant-peau-de-reve-aux-acides-de-fruits-2\/#breadcrumb","itemListElement":[{"@type":"ListItem","position":1,"name":"Accueil","item":"https:\/\/glowpremium.fr\/"},{"@type":"ListItem","position":2,"name":"Boutique","item":"https:\/\/glowpremium.fr\/boutique-produits-eclaircissants\/"},{"@type":"ListItem","position":3,"name":"Concentr\u00e9 \u00e9claircissant Peau de r\u00eave aux acides de fruits"}]},{"@type":"WebSite","@id":"https:\/\/glowpremium.fr\/#website","url":"https:\/\/glowpremium.fr\/","name":"Glow Premium","description":"","publisher":{"@id":"https:\/\/glowpremium.fr\/#organization"},"potentialAction":[{"@type":"SearchAction","target":{"@type":"EntryPoint","urlTemplate":"https:\/\/glowpremium.fr\/?s={search_term_string}"},"query-input":{"@type":"PropertyValueSpecification","valueRequired":true,"valueName":"search_term_string"}}],"inLanguage":"en-GB"},{"@type":"Organization","@id":"https:\/\/glowpremium.fr\/#organization","name":"Glow Premium","url":"https:\/\/glowpremium.fr\/","logo":{"@type":"ImageObject","inLanguage":"en-GB","@id":"https:\/\/glowpremium.fr\/#\/schema\/logo\/image\/","url":"https:\/\/glowpremium.fr\/wp-content\/uploads\/2024\/10\/screenshot_20241029_034909_chrome.jpg","contentUrl":"https:\/\/glowpremium.fr\/wp-content\/uploads\/2024\/10\/screenshot_20241029_034909_chrome.jpg","width":866,"height":937,"caption":"Glow Premium"},"image":{"@id":"https:\/\/glowpremium.fr\/#\/schema\/logo\/image\/"}}]}},"_links":{"self":[{"href":"https:\/\/glowpremium.fr\/en\/wp-json\/wp\/v2\/product\/8364","targetHints":{"allow":["GET"]}}],"collection":[{"href":"https:\/\/glowpremium.fr\/en\/wp-json\/wp\/v2\/product"}],"about":[{"href":"https:\/\/glowpremium.fr\/en\/wp-json\/wp\/v2\/types\/product"}],"replies":[{"embeddable":true,"href":"https:\/\/glowpremium.fr\/en\/wp-json\/wp\/v2\/comments?post=8364"}],"version-history":[{"count":1,"href":"https:\/\/glowpremium.fr\/en\/wp-json\/wp\/v2\/product\/8364\/revisions"}],"predecessor-version":[{"id":8365,"href":"https:\/\/glowpremium.fr\/en\/wp-json\/wp\/v2\/product\/8364\/revisions\/8365"}],"wp:featuredmedia":[{"embeddable":true,"href":"https:\/\/glowpremium.fr\/en\/wp-json\/wp\/v2\/media\/8155"}],"wp:attachment":[{"href":"https:\/\/glowpremium.fr\/en\/wp-json\/wp\/v2\/media?parent=8364"}],"wp:term":[{"taxonomy":"brand","embeddable":true,"href":"https:\/\/glowpremium.fr\/en\/wp-json\/wp\/v2\/etheme_brands?post=8364"},{"taxonomy":"product_brand","embeddable":true,"href":"https:\/\/glowpremium.fr\/en\/wp-json\/wp\/v2\/product_brand?post=8364"},{"taxonomy":"product_cat","embeddable":true,"href":"https:\/\/glowpremium.fr\/en\/wp-json\/wp\/v2\/product_cat?post=8364"},{"taxonomy":"product_tag","embeddable":true,"href":"https:\/\/glowpremium.fr\/en\/wp-json\/wp\/v2\/product_tag?post=8364"}],"curies":[{"name":"wp","href":"https:\/\/api.w.org\/{rel}","templated":true}]}}