{"id":8289,"date":"2024-11-23T21:55:03","date_gmt":"2024-11-23T20:55:03","guid":{"rendered":"https:\/\/glowpremium.fr\/?post_type=product&#038;p=8289"},"modified":"2024-12-26T08:35:24","modified_gmt":"2024-12-26T07:35:24","slug":"concentre-eclaircissant-dose-et-2-lotions-pieds-mains-peau-jaune-2","status":"publish","type":"product","link":"https:\/\/glowpremium.fr\/en\/lightening-product\/concentrate-lightening-dose-and-2-lotions-feet-hands-yellow-skin-2\/","title":{"rendered":"Concentr\u00e9 \u00e9claircissant Dos\u00e9 Et 2 Lotions Pieds Mains Peau Jaune"},"content":{"rendered":"<p><strong>How to use :<\/strong><\/p>\n<p>Use morning and\/or evening, apply Peau Jaune Purifying Cleansing Lotion to cleansed skin using cotton wool, then gently massage in with the measuring spoon until absorbed. and wear a sun cream.<\/p>\n<p><strong>Recommendation:<\/strong><\/p>\n<p>For external use only. Discontinue use if irritation develops. Avoid contact with eyes. In case of contact with eyes, rinse thoroughly.<\/p>\n<p><strong>Composition:<\/strong><\/p>\n<p>Aqua (eau), Helianthus annus, Glycerin, Cetostearyl alcohol, Hydroxyphenoxy, Propionic acid, Cyclopentasiloxane, Cetyl alcohol, Glyceryl Stearate Bht ect<\/p>","protected":false},"excerpt":{"rendered":"<p>The Yellow Skin Concentrate has been specially developed to even out all types of stubborn spots such as legs toes fingers elbows knees this trio quickly erases stubborn spots and leaves the skin smooth and intensely moisturised. Thanks to the many virtues of carrot extract, this trio is a truly multi-active skin care product. Its delicately scented texture quickly penetrates the skin's surface for optimum action and an immediate sensation of freshness. Its lightening agents act at the heart of the epidermis to effectively reduce and prevent the appearance of pigmentation blemishes.<\/p>","protected":false},"featured_media":8280,"comment_status":"closed","ping_status":"closed","template":"","meta":[],"etheme_brands":[],"product_brand":[],"product_cat":[95,90,80,93],"product_tag":[],"class_list":{"0":"post-8289","1":"product","2":"type-product","3":"status-publish","4":"has-post-thumbnail","6":"product_cat-anti-taches-et-quintos-clarifiants-blanchissants","7":"product_cat-anti-taches-et-quintos","8":"product_cat-blanchissants-et-eclaircissants","9":"product_cat-concentres-eclaircissants-clarifiants-blanchissants","11":"first","12":"instock","13":"featured","14":"shipping-taxable","15":"purchasable","16":"product-type-simple"},"yoast_head":"<!-- This site is optimized with the Yoast SEO plugin v26.7 - https:\/\/yoast.com\/wordpress\/plugins\/seo\/ -->\n<title>Concentr\u00e9 \u00e9claircissant Dos\u00e9 Et 2 Lotions Pieds Mains Peau Jaune - Glow Premium<\/title>\n<meta name=\"description\" content=\"Bouclier anti-taches Photoprotection:Teint lumineuxUniformisation \u00c9clat naturel lCorrection des taches Peau rayonnante blanchissant peau noire m\u00e9tisse\" \/>\n<meta name=\"robots\" content=\"index, follow, max-snippet:-1, max-image-preview:large, max-video-preview:-1\" \/>\n<link rel=\"canonical\" href=\"https:\/\/glowpremium.fr\/en\/lightening-product\/concentrate-lightening-dose-and-2-lotions-feet-hands-yellow-skin-2\/\" \/>\n<meta property=\"og:locale\" content=\"en_GB\" \/>\n<meta property=\"og:type\" content=\"article\" \/>\n<meta property=\"og:title\" content=\"Concentr\u00e9 \u00e9claircissant Dos\u00e9 Et 2 Lotions Pieds Mains Peau Jaune - Glow Premium\" \/>\n<meta property=\"og:description\" content=\"Bouclier anti-taches Photoprotection:Teint lumineuxUniformisation \u00c9clat naturel lCorrection des taches Peau rayonnante blanchissant peau noire m\u00e9tisse\" \/>\n<meta property=\"og:url\" content=\"https:\/\/glowpremium.fr\/en\/lightening-product\/concentrate-lightening-dose-and-2-lotions-feet-hands-yellow-skin-2\/\" \/>\n<meta property=\"og:site_name\" content=\"Glow Premium\" \/>\n<meta property=\"article:modified_time\" content=\"2024-12-26T07:35:24+00:00\" \/>\n<meta property=\"og:image\" content=\"https:\/\/glowpremium.fr\/wp-content\/uploads\/2024\/11\/photo-2024-11-23-20-06-33-4-1-scaled.jpg\" \/>\n\t<meta property=\"og:image:width\" content=\"1710\" \/>\n\t<meta property=\"og:image:height\" content=\"1710\" \/>\n\t<meta property=\"og:image:type\" content=\"image\/jpeg\" \/>\n<meta name=\"twitter:card\" content=\"summary_large_image\" \/>\n<meta name=\"twitter:label1\" content=\"Estimated reading time\" \/>\n\t<meta name=\"twitter:data1\" content=\"1 minute\" \/>\n<script type=\"application\/ld+json\" class=\"yoast-schema-graph\">{\"@context\":\"https:\/\/schema.org\",\"@graph\":[{\"@type\":\"WebPage\",\"@id\":\"https:\/\/glowpremium.fr\/produit-eclaircissant\/concentre-eclaircissant-dose-et-2-lotions-pieds-mains-peau-jaune-2\/\",\"url\":\"https:\/\/glowpremium.fr\/produit-eclaircissant\/concentre-eclaircissant-dose-et-2-lotions-pieds-mains-peau-jaune-2\/\",\"name\":\"Concentr\u00e9 \u00e9claircissant Dos\u00e9 Et 2 Lotions Pieds Mains Peau Jaune - Glow Premium\",\"isPartOf\":{\"@id\":\"https:\/\/glowpremium.fr\/#website\"},\"primaryImageOfPage\":{\"@id\":\"https:\/\/glowpremium.fr\/produit-eclaircissant\/concentre-eclaircissant-dose-et-2-lotions-pieds-mains-peau-jaune-2\/#primaryimage\"},\"image\":{\"@id\":\"https:\/\/glowpremium.fr\/produit-eclaircissant\/concentre-eclaircissant-dose-et-2-lotions-pieds-mains-peau-jaune-2\/#primaryimage\"},\"thumbnailUrl\":\"https:\/\/glowpremium.fr\/wp-content\/uploads\/2024\/11\/photo-2024-11-23-20-06-33-4-1-scaled.jpg\",\"datePublished\":\"2024-11-23T20:55:03+00:00\",\"dateModified\":\"2024-12-26T07:35:24+00:00\",\"description\":\"Bouclier anti-taches Photoprotection:Teint lumineuxUniformisation \u00c9clat naturel lCorrection des taches Peau rayonnante blanchissant peau noire m\u00e9tisse\",\"breadcrumb\":{\"@id\":\"https:\/\/glowpremium.fr\/produit-eclaircissant\/concentre-eclaircissant-dose-et-2-lotions-pieds-mains-peau-jaune-2\/#breadcrumb\"},\"inLanguage\":\"en-GB\",\"potentialAction\":[{\"@type\":\"ReadAction\",\"target\":[\"https:\/\/glowpremium.fr\/produit-eclaircissant\/concentre-eclaircissant-dose-et-2-lotions-pieds-mains-peau-jaune-2\/\"]}]},{\"@type\":\"ImageObject\",\"inLanguage\":\"en-GB\",\"@id\":\"https:\/\/glowpremium.fr\/produit-eclaircissant\/concentre-eclaircissant-dose-et-2-lotions-pieds-mains-peau-jaune-2\/#primaryimage\",\"url\":\"https:\/\/glowpremium.fr\/wp-content\/uploads\/2024\/11\/photo-2024-11-23-20-06-33-4-1-scaled.jpg\",\"contentUrl\":\"https:\/\/glowpremium.fr\/wp-content\/uploads\/2024\/11\/photo-2024-11-23-20-06-33-4-1-scaled.jpg\",\"width\":1710,\"height\":1710},{\"@type\":\"BreadcrumbList\",\"@id\":\"https:\/\/glowpremium.fr\/produit-eclaircissant\/concentre-eclaircissant-dose-et-2-lotions-pieds-mains-peau-jaune-2\/#breadcrumb\",\"itemListElement\":[{\"@type\":\"ListItem\",\"position\":1,\"name\":\"Accueil\",\"item\":\"https:\/\/glowpremium.fr\/\"},{\"@type\":\"ListItem\",\"position\":2,\"name\":\"Boutique\",\"item\":\"https:\/\/glowpremium.fr\/boutique-produits-eclaircissants\/\"},{\"@type\":\"ListItem\",\"position\":3,\"name\":\"Concentr\u00e9 \u00e9claircissant Dos\u00e9 Et 2 Lotions Pieds Mains Peau Jaune\"}]},{\"@type\":\"WebSite\",\"@id\":\"https:\/\/glowpremium.fr\/#website\",\"url\":\"https:\/\/glowpremium.fr\/\",\"name\":\"Glow Premium\",\"description\":\"\",\"publisher\":{\"@id\":\"https:\/\/glowpremium.fr\/#organization\"},\"potentialAction\":[{\"@type\":\"SearchAction\",\"target\":{\"@type\":\"EntryPoint\",\"urlTemplate\":\"https:\/\/glowpremium.fr\/?s={search_term_string}\"},\"query-input\":{\"@type\":\"PropertyValueSpecification\",\"valueRequired\":true,\"valueName\":\"search_term_string\"}}],\"inLanguage\":\"en-GB\"},{\"@type\":\"Organization\",\"@id\":\"https:\/\/glowpremium.fr\/#organization\",\"name\":\"Glow Premium\",\"url\":\"https:\/\/glowpremium.fr\/\",\"logo\":{\"@type\":\"ImageObject\",\"inLanguage\":\"en-GB\",\"@id\":\"https:\/\/glowpremium.fr\/#\/schema\/logo\/image\/\",\"url\":\"https:\/\/glowpremium.fr\/wp-content\/uploads\/2024\/10\/screenshot_20241029_034909_chrome.jpg\",\"contentUrl\":\"https:\/\/glowpremium.fr\/wp-content\/uploads\/2024\/10\/screenshot_20241029_034909_chrome.jpg\",\"width\":866,\"height\":937,\"caption\":\"Glow Premium\"},\"image\":{\"@id\":\"https:\/\/glowpremium.fr\/#\/schema\/logo\/image\/\"}}]}<\/script>\n<!-- \/ Yoast SEO plugin. -->","yoast_head_json":{"title":"Concentr\u00e9 \u00e9claircissant Dos\u00e9 Et 2 Lotions Pieds Mains Peau Jaune - Glow Premium","description":"Bouclier anti-taches Photoprotection:Teint lumineuxUniformisation \u00c9clat naturel lCorrection des taches Peau rayonnante blanchissant peau noire m\u00e9tisse","robots":{"index":"index","follow":"follow","max-snippet":"max-snippet:-1","max-image-preview":"max-image-preview:large","max-video-preview":"max-video-preview:-1"},"canonical":"https:\/\/glowpremium.fr\/en\/lightening-product\/concentrate-lightening-dose-and-2-lotions-feet-hands-yellow-skin-2\/","og_locale":"en_GB","og_type":"article","og_title":"Concentr\u00e9 \u00e9claircissant Dos\u00e9 Et 2 Lotions Pieds Mains Peau Jaune - Glow Premium","og_description":"Bouclier anti-taches Photoprotection:Teint lumineuxUniformisation \u00c9clat naturel lCorrection des taches Peau rayonnante blanchissant peau noire m\u00e9tisse","og_url":"https:\/\/glowpremium.fr\/en\/lightening-product\/concentrate-lightening-dose-and-2-lotions-feet-hands-yellow-skin-2\/","og_site_name":"Glow Premium","article_modified_time":"2024-12-26T07:35:24+00:00","og_image":[{"width":1710,"height":1710,"url":"https:\/\/glowpremium.fr\/wp-content\/uploads\/2024\/11\/photo-2024-11-23-20-06-33-4-1-scaled.jpg","type":"image\/jpeg"}],"twitter_card":"summary_large_image","twitter_misc":{"Estimated reading time":"1 minute"},"schema":{"@context":"https:\/\/schema.org","@graph":[{"@type":"WebPage","@id":"https:\/\/glowpremium.fr\/produit-eclaircissant\/concentre-eclaircissant-dose-et-2-lotions-pieds-mains-peau-jaune-2\/","url":"https:\/\/glowpremium.fr\/produit-eclaircissant\/concentre-eclaircissant-dose-et-2-lotions-pieds-mains-peau-jaune-2\/","name":"Concentr\u00e9 \u00e9claircissant Dos\u00e9 Et 2 Lotions Pieds Mains Peau Jaune - Glow Premium","isPartOf":{"@id":"https:\/\/glowpremium.fr\/#website"},"primaryImageOfPage":{"@id":"https:\/\/glowpremium.fr\/produit-eclaircissant\/concentre-eclaircissant-dose-et-2-lotions-pieds-mains-peau-jaune-2\/#primaryimage"},"image":{"@id":"https:\/\/glowpremium.fr\/produit-eclaircissant\/concentre-eclaircissant-dose-et-2-lotions-pieds-mains-peau-jaune-2\/#primaryimage"},"thumbnailUrl":"https:\/\/glowpremium.fr\/wp-content\/uploads\/2024\/11\/photo-2024-11-23-20-06-33-4-1-scaled.jpg","datePublished":"2024-11-23T20:55:03+00:00","dateModified":"2024-12-26T07:35:24+00:00","description":"Bouclier anti-taches Photoprotection:Teint lumineuxUniformisation \u00c9clat naturel lCorrection des taches Peau rayonnante blanchissant peau noire m\u00e9tisse","breadcrumb":{"@id":"https:\/\/glowpremium.fr\/produit-eclaircissant\/concentre-eclaircissant-dose-et-2-lotions-pieds-mains-peau-jaune-2\/#breadcrumb"},"inLanguage":"en-GB","potentialAction":[{"@type":"ReadAction","target":["https:\/\/glowpremium.fr\/produit-eclaircissant\/concentre-eclaircissant-dose-et-2-lotions-pieds-mains-peau-jaune-2\/"]}]},{"@type":"ImageObject","inLanguage":"en-GB","@id":"https:\/\/glowpremium.fr\/produit-eclaircissant\/concentre-eclaircissant-dose-et-2-lotions-pieds-mains-peau-jaune-2\/#primaryimage","url":"https:\/\/glowpremium.fr\/wp-content\/uploads\/2024\/11\/photo-2024-11-23-20-06-33-4-1-scaled.jpg","contentUrl":"https:\/\/glowpremium.fr\/wp-content\/uploads\/2024\/11\/photo-2024-11-23-20-06-33-4-1-scaled.jpg","width":1710,"height":1710},{"@type":"BreadcrumbList","@id":"https:\/\/glowpremium.fr\/produit-eclaircissant\/concentre-eclaircissant-dose-et-2-lotions-pieds-mains-peau-jaune-2\/#breadcrumb","itemListElement":[{"@type":"ListItem","position":1,"name":"Accueil","item":"https:\/\/glowpremium.fr\/"},{"@type":"ListItem","position":2,"name":"Boutique","item":"https:\/\/glowpremium.fr\/boutique-produits-eclaircissants\/"},{"@type":"ListItem","position":3,"name":"Concentr\u00e9 \u00e9claircissant Dos\u00e9 Et 2 Lotions Pieds Mains Peau Jaune"}]},{"@type":"WebSite","@id":"https:\/\/glowpremium.fr\/#website","url":"https:\/\/glowpremium.fr\/","name":"Glow Premium","description":"","publisher":{"@id":"https:\/\/glowpremium.fr\/#organization"},"potentialAction":[{"@type":"SearchAction","target":{"@type":"EntryPoint","urlTemplate":"https:\/\/glowpremium.fr\/?s={search_term_string}"},"query-input":{"@type":"PropertyValueSpecification","valueRequired":true,"valueName":"search_term_string"}}],"inLanguage":"en-GB"},{"@type":"Organization","@id":"https:\/\/glowpremium.fr\/#organization","name":"Glow Premium","url":"https:\/\/glowpremium.fr\/","logo":{"@type":"ImageObject","inLanguage":"en-GB","@id":"https:\/\/glowpremium.fr\/#\/schema\/logo\/image\/","url":"https:\/\/glowpremium.fr\/wp-content\/uploads\/2024\/10\/screenshot_20241029_034909_chrome.jpg","contentUrl":"https:\/\/glowpremium.fr\/wp-content\/uploads\/2024\/10\/screenshot_20241029_034909_chrome.jpg","width":866,"height":937,"caption":"Glow Premium"},"image":{"@id":"https:\/\/glowpremium.fr\/#\/schema\/logo\/image\/"}}]}},"_links":{"self":[{"href":"https:\/\/glowpremium.fr\/en\/wp-json\/wp\/v2\/product\/8289","targetHints":{"allow":["GET"]}}],"collection":[{"href":"https:\/\/glowpremium.fr\/en\/wp-json\/wp\/v2\/product"}],"about":[{"href":"https:\/\/glowpremium.fr\/en\/wp-json\/wp\/v2\/types\/product"}],"replies":[{"embeddable":true,"href":"https:\/\/glowpremium.fr\/en\/wp-json\/wp\/v2\/comments?post=8289"}],"version-history":[{"count":1,"href":"https:\/\/glowpremium.fr\/en\/wp-json\/wp\/v2\/product\/8289\/revisions"}],"predecessor-version":[{"id":8290,"href":"https:\/\/glowpremium.fr\/en\/wp-json\/wp\/v2\/product\/8289\/revisions\/8290"}],"wp:featuredmedia":[{"embeddable":true,"href":"https:\/\/glowpremium.fr\/en\/wp-json\/wp\/v2\/media\/8280"}],"wp:attachment":[{"href":"https:\/\/glowpremium.fr\/en\/wp-json\/wp\/v2\/media?parent=8289"}],"wp:term":[{"taxonomy":"brand","embeddable":true,"href":"https:\/\/glowpremium.fr\/en\/wp-json\/wp\/v2\/etheme_brands?post=8289"},{"taxonomy":"product_brand","embeddable":true,"href":"https:\/\/glowpremium.fr\/en\/wp-json\/wp\/v2\/product_brand?post=8289"},{"taxonomy":"product_cat","embeddable":true,"href":"https:\/\/glowpremium.fr\/en\/wp-json\/wp\/v2\/product_cat?post=8289"},{"taxonomy":"product_tag","embeddable":true,"href":"https:\/\/glowpremium.fr\/en\/wp-json\/wp\/v2\/product_tag?post=8289"}],"curies":[{"name":"wp","href":"https:\/\/api.w.org\/{rel}","templated":true}]}}