{"id":8114,"date":"2024-11-20T13:29:40","date_gmt":"2024-11-20T12:29:40","guid":{"rendered":"https:\/\/glowpremium.fr\/?post_type=product&#038;p=8114"},"modified":"2024-11-21T13:10:11","modified_gmt":"2024-11-21T12:10:11","slug":"1concentre-gluta-banana-dose-blanchissant-7jours-resultats-corrige-repare-effaceur-les-taches","status":"publish","type":"product","link":"https:\/\/glowpremium.fr\/en\/lightening-product\/1concentre-gluta-banana-dose-whitening-7-days-results-corrects-repairs-erases-stains\/","title":{"rendered":"7-Day Whitening Dosed Banana Concentrate Unified complexion"},"content":{"rendered":"<p><strong>1concentrate gluta banana capsules super dose super brightening repairing dull complexion rejuvenating thanks to the power of banana extract combined with glutathione to give you a radiant complexion smooth softening and freshness <\/strong>How to use :<\/p>\n<p>cleanse your skin add in your milk and apply preferably in the evening.<\/p>\n<p><strong>Recommendation:<\/strong><\/p>\n<p>For external use only. Avoid contact with eyes. If contact occurs, rinse thoroughly. If irritation occurs, discontinue use immediately.<\/p>\n<p><strong>Composition:<\/strong><\/p>\n<p>collagen, essential oil, kojic acid, aha, glutathione fruit essence S P F 50 banana extract.<\/p>","protected":false},"excerpt":{"rendered":"<p>lightening and whitening concentrate super speed doser to boost the effectiveness of supprimelest\u00e2ches milks. Tightens pores and purifies the skin, leaving it smooth and clear. It removes dark spots and pimples for a flawless complexion.<\/p>","protected":false},"featured_media":8171,"comment_status":"closed","ping_status":"closed","template":"","meta":[],"etheme_brands":[],"product_brand":[],"product_cat":[93],"product_tag":[],"class_list":{"0":"post-8114","1":"product","2":"type-product","3":"status-publish","4":"has-post-thumbnail","6":"product_cat-concentres-eclaircissants-clarifiants-blanchissants","8":"first","9":"instock","10":"shipping-taxable","11":"purchasable","12":"product-type-simple"},"yoast_head":"<!-- This site is optimized with the Yoast SEO plugin v26.7 - https:\/\/yoast.com\/wordpress\/plugins\/seo\/ -->\n<title>Concentr\u00e9 Banana Dos\u00e9 Blanchissant 7jours Teint unifi\u00e9 - Glow Premium<\/title>\n<meta name=\"description\" content=\"D\u00e9pigmentantAnti-taches Uniformisant Illuminateur \u00c9claircissant naturelTeint homog\u00e8ne produit pour blanchiment peau noire et m\u00e9tisse beaut\u00e9 de la peau\" \/>\n<meta name=\"robots\" content=\"index, follow, max-snippet:-1, max-image-preview:large, max-video-preview:-1\" \/>\n<link rel=\"canonical\" href=\"https:\/\/glowpremium.fr\/en\/lightening-product\/1concentre-gluta-banana-dose-whitening-7-days-results-corrects-repairs-erases-stains\/\" \/>\n<meta property=\"og:locale\" content=\"en_GB\" \/>\n<meta property=\"og:type\" content=\"article\" \/>\n<meta property=\"og:title\" content=\"Concentr\u00e9 Banana Dos\u00e9 Blanchissant 7jours Teint unifi\u00e9 - Glow Premium\" \/>\n<meta property=\"og:description\" content=\"D\u00e9pigmentantAnti-taches Uniformisant Illuminateur \u00c9claircissant naturelTeint homog\u00e8ne produit pour blanchiment peau noire et m\u00e9tisse beaut\u00e9 de la peau\" \/>\n<meta property=\"og:url\" content=\"https:\/\/glowpremium.fr\/en\/lightening-product\/1concentre-gluta-banana-dose-whitening-7-days-results-corrects-repairs-erases-stains\/\" \/>\n<meta property=\"og:site_name\" content=\"Glow Premium\" \/>\n<meta property=\"article:modified_time\" content=\"2024-11-21T12:10:11+00:00\" \/>\n<meta property=\"og:image\" content=\"https:\/\/glowpremium.fr\/wp-content\/uploads\/2024\/11\/1000122440.png\" \/>\n\t<meta property=\"og:image:width\" content=\"2000\" \/>\n\t<meta property=\"og:image:height\" content=\"2000\" \/>\n\t<meta property=\"og:image:type\" content=\"image\/png\" \/>\n<meta name=\"twitter:card\" content=\"summary_large_image\" \/>\n<meta name=\"twitter:label1\" content=\"Estimated reading time\" \/>\n\t<meta name=\"twitter:data1\" content=\"1 minute\" \/>\n<script type=\"application\/ld+json\" class=\"yoast-schema-graph\">{\"@context\":\"https:\/\/schema.org\",\"@graph\":[{\"@type\":\"WebPage\",\"@id\":\"https:\/\/glowpremium.fr\/produit-eclaircissant\/1concentre-gluta-banana-dose-blanchissant-7jours-resultats-corrige-repare-effaceur-les-taches\/\",\"url\":\"https:\/\/glowpremium.fr\/produit-eclaircissant\/1concentre-gluta-banana-dose-blanchissant-7jours-resultats-corrige-repare-effaceur-les-taches\/\",\"name\":\"Concentr\u00e9 Banana Dos\u00e9 Blanchissant 7jours Teint unifi\u00e9 - Glow Premium\",\"isPartOf\":{\"@id\":\"https:\/\/glowpremium.fr\/#website\"},\"primaryImageOfPage\":{\"@id\":\"https:\/\/glowpremium.fr\/produit-eclaircissant\/1concentre-gluta-banana-dose-blanchissant-7jours-resultats-corrige-repare-effaceur-les-taches\/#primaryimage\"},\"image\":{\"@id\":\"https:\/\/glowpremium.fr\/produit-eclaircissant\/1concentre-gluta-banana-dose-blanchissant-7jours-resultats-corrige-repare-effaceur-les-taches\/#primaryimage\"},\"thumbnailUrl\":\"https:\/\/glowpremium.fr\/wp-content\/uploads\/2024\/11\/1000122440.png\",\"datePublished\":\"2024-11-20T12:29:40+00:00\",\"dateModified\":\"2024-11-21T12:10:11+00:00\",\"description\":\"D\u00e9pigmentantAnti-taches Uniformisant Illuminateur \u00c9claircissant naturelTeint homog\u00e8ne produit pour blanchiment peau noire et m\u00e9tisse beaut\u00e9 de la peau\",\"breadcrumb\":{\"@id\":\"https:\/\/glowpremium.fr\/produit-eclaircissant\/1concentre-gluta-banana-dose-blanchissant-7jours-resultats-corrige-repare-effaceur-les-taches\/#breadcrumb\"},\"inLanguage\":\"en-GB\",\"potentialAction\":[{\"@type\":\"ReadAction\",\"target\":[\"https:\/\/glowpremium.fr\/produit-eclaircissant\/1concentre-gluta-banana-dose-blanchissant-7jours-resultats-corrige-repare-effaceur-les-taches\/\"]}]},{\"@type\":\"ImageObject\",\"inLanguage\":\"en-GB\",\"@id\":\"https:\/\/glowpremium.fr\/produit-eclaircissant\/1concentre-gluta-banana-dose-blanchissant-7jours-resultats-corrige-repare-effaceur-les-taches\/#primaryimage\",\"url\":\"https:\/\/glowpremium.fr\/wp-content\/uploads\/2024\/11\/1000122440.png\",\"contentUrl\":\"https:\/\/glowpremium.fr\/wp-content\/uploads\/2024\/11\/1000122440.png\",\"width\":2000,\"height\":2000},{\"@type\":\"BreadcrumbList\",\"@id\":\"https:\/\/glowpremium.fr\/produit-eclaircissant\/1concentre-gluta-banana-dose-blanchissant-7jours-resultats-corrige-repare-effaceur-les-taches\/#breadcrumb\",\"itemListElement\":[{\"@type\":\"ListItem\",\"position\":1,\"name\":\"Accueil\",\"item\":\"https:\/\/glowpremium.fr\/\"},{\"@type\":\"ListItem\",\"position\":2,\"name\":\"Boutique\",\"item\":\"https:\/\/glowpremium.fr\/boutique-produits-eclaircissants\/\"},{\"@type\":\"ListItem\",\"position\":3,\"name\":\"Concentr\u00e9 Banana Dos\u00e9 Blanchissant 7jours Teint unifi\u00e9\"}]},{\"@type\":\"WebSite\",\"@id\":\"https:\/\/glowpremium.fr\/#website\",\"url\":\"https:\/\/glowpremium.fr\/\",\"name\":\"Glow Premium\",\"description\":\"\",\"publisher\":{\"@id\":\"https:\/\/glowpremium.fr\/#organization\"},\"potentialAction\":[{\"@type\":\"SearchAction\",\"target\":{\"@type\":\"EntryPoint\",\"urlTemplate\":\"https:\/\/glowpremium.fr\/?s={search_term_string}\"},\"query-input\":{\"@type\":\"PropertyValueSpecification\",\"valueRequired\":true,\"valueName\":\"search_term_string\"}}],\"inLanguage\":\"en-GB\"},{\"@type\":\"Organization\",\"@id\":\"https:\/\/glowpremium.fr\/#organization\",\"name\":\"Glow Premium\",\"url\":\"https:\/\/glowpremium.fr\/\",\"logo\":{\"@type\":\"ImageObject\",\"inLanguage\":\"en-GB\",\"@id\":\"https:\/\/glowpremium.fr\/#\/schema\/logo\/image\/\",\"url\":\"https:\/\/glowpremium.fr\/wp-content\/uploads\/2024\/10\/screenshot_20241029_034909_chrome.jpg\",\"contentUrl\":\"https:\/\/glowpremium.fr\/wp-content\/uploads\/2024\/10\/screenshot_20241029_034909_chrome.jpg\",\"width\":866,\"height\":937,\"caption\":\"Glow Premium\"},\"image\":{\"@id\":\"https:\/\/glowpremium.fr\/#\/schema\/logo\/image\/\"}}]}<\/script>\n<!-- \/ Yoast SEO plugin. -->","yoast_head_json":{"title":"Concentr\u00e9 Banana Dos\u00e9 Blanchissant 7jours Teint unifi\u00e9 - Glow Premium","description":"D\u00e9pigmentantAnti-taches Uniformisant Illuminateur \u00c9claircissant naturelTeint homog\u00e8ne produit pour blanchiment peau noire et m\u00e9tisse beaut\u00e9 de la peau","robots":{"index":"index","follow":"follow","max-snippet":"max-snippet:-1","max-image-preview":"max-image-preview:large","max-video-preview":"max-video-preview:-1"},"canonical":"https:\/\/glowpremium.fr\/en\/lightening-product\/1concentre-gluta-banana-dose-whitening-7-days-results-corrects-repairs-erases-stains\/","og_locale":"en_GB","og_type":"article","og_title":"Concentr\u00e9 Banana Dos\u00e9 Blanchissant 7jours Teint unifi\u00e9 - Glow Premium","og_description":"D\u00e9pigmentantAnti-taches Uniformisant Illuminateur \u00c9claircissant naturelTeint homog\u00e8ne produit pour blanchiment peau noire et m\u00e9tisse beaut\u00e9 de la peau","og_url":"https:\/\/glowpremium.fr\/en\/lightening-product\/1concentre-gluta-banana-dose-whitening-7-days-results-corrects-repairs-erases-stains\/","og_site_name":"Glow Premium","article_modified_time":"2024-11-21T12:10:11+00:00","og_image":[{"width":2000,"height":2000,"url":"https:\/\/glowpremium.fr\/wp-content\/uploads\/2024\/11\/1000122440.png","type":"image\/png"}],"twitter_card":"summary_large_image","twitter_misc":{"Estimated reading time":"1 minute"},"schema":{"@context":"https:\/\/schema.org","@graph":[{"@type":"WebPage","@id":"https:\/\/glowpremium.fr\/produit-eclaircissant\/1concentre-gluta-banana-dose-blanchissant-7jours-resultats-corrige-repare-effaceur-les-taches\/","url":"https:\/\/glowpremium.fr\/produit-eclaircissant\/1concentre-gluta-banana-dose-blanchissant-7jours-resultats-corrige-repare-effaceur-les-taches\/","name":"Concentr\u00e9 Banana Dos\u00e9 Blanchissant 7jours Teint unifi\u00e9 - Glow Premium","isPartOf":{"@id":"https:\/\/glowpremium.fr\/#website"},"primaryImageOfPage":{"@id":"https:\/\/glowpremium.fr\/produit-eclaircissant\/1concentre-gluta-banana-dose-blanchissant-7jours-resultats-corrige-repare-effaceur-les-taches\/#primaryimage"},"image":{"@id":"https:\/\/glowpremium.fr\/produit-eclaircissant\/1concentre-gluta-banana-dose-blanchissant-7jours-resultats-corrige-repare-effaceur-les-taches\/#primaryimage"},"thumbnailUrl":"https:\/\/glowpremium.fr\/wp-content\/uploads\/2024\/11\/1000122440.png","datePublished":"2024-11-20T12:29:40+00:00","dateModified":"2024-11-21T12:10:11+00:00","description":"D\u00e9pigmentantAnti-taches Uniformisant Illuminateur \u00c9claircissant naturelTeint homog\u00e8ne produit pour blanchiment peau noire et m\u00e9tisse beaut\u00e9 de la peau","breadcrumb":{"@id":"https:\/\/glowpremium.fr\/produit-eclaircissant\/1concentre-gluta-banana-dose-blanchissant-7jours-resultats-corrige-repare-effaceur-les-taches\/#breadcrumb"},"inLanguage":"en-GB","potentialAction":[{"@type":"ReadAction","target":["https:\/\/glowpremium.fr\/produit-eclaircissant\/1concentre-gluta-banana-dose-blanchissant-7jours-resultats-corrige-repare-effaceur-les-taches\/"]}]},{"@type":"ImageObject","inLanguage":"en-GB","@id":"https:\/\/glowpremium.fr\/produit-eclaircissant\/1concentre-gluta-banana-dose-blanchissant-7jours-resultats-corrige-repare-effaceur-les-taches\/#primaryimage","url":"https:\/\/glowpremium.fr\/wp-content\/uploads\/2024\/11\/1000122440.png","contentUrl":"https:\/\/glowpremium.fr\/wp-content\/uploads\/2024\/11\/1000122440.png","width":2000,"height":2000},{"@type":"BreadcrumbList","@id":"https:\/\/glowpremium.fr\/produit-eclaircissant\/1concentre-gluta-banana-dose-blanchissant-7jours-resultats-corrige-repare-effaceur-les-taches\/#breadcrumb","itemListElement":[{"@type":"ListItem","position":1,"name":"Accueil","item":"https:\/\/glowpremium.fr\/"},{"@type":"ListItem","position":2,"name":"Boutique","item":"https:\/\/glowpremium.fr\/boutique-produits-eclaircissants\/"},{"@type":"ListItem","position":3,"name":"Concentr\u00e9 Banana Dos\u00e9 Blanchissant 7jours Teint unifi\u00e9"}]},{"@type":"WebSite","@id":"https:\/\/glowpremium.fr\/#website","url":"https:\/\/glowpremium.fr\/","name":"Glow Premium","description":"","publisher":{"@id":"https:\/\/glowpremium.fr\/#organization"},"potentialAction":[{"@type":"SearchAction","target":{"@type":"EntryPoint","urlTemplate":"https:\/\/glowpremium.fr\/?s={search_term_string}"},"query-input":{"@type":"PropertyValueSpecification","valueRequired":true,"valueName":"search_term_string"}}],"inLanguage":"en-GB"},{"@type":"Organization","@id":"https:\/\/glowpremium.fr\/#organization","name":"Glow Premium","url":"https:\/\/glowpremium.fr\/","logo":{"@type":"ImageObject","inLanguage":"en-GB","@id":"https:\/\/glowpremium.fr\/#\/schema\/logo\/image\/","url":"https:\/\/glowpremium.fr\/wp-content\/uploads\/2024\/10\/screenshot_20241029_034909_chrome.jpg","contentUrl":"https:\/\/glowpremium.fr\/wp-content\/uploads\/2024\/10\/screenshot_20241029_034909_chrome.jpg","width":866,"height":937,"caption":"Glow Premium"},"image":{"@id":"https:\/\/glowpremium.fr\/#\/schema\/logo\/image\/"}}]}},"_links":{"self":[{"href":"https:\/\/glowpremium.fr\/en\/wp-json\/wp\/v2\/product\/8114","targetHints":{"allow":["GET"]}}],"collection":[{"href":"https:\/\/glowpremium.fr\/en\/wp-json\/wp\/v2\/product"}],"about":[{"href":"https:\/\/glowpremium.fr\/en\/wp-json\/wp\/v2\/types\/product"}],"replies":[{"embeddable":true,"href":"https:\/\/glowpremium.fr\/en\/wp-json\/wp\/v2\/comments?post=8114"}],"version-history":[{"count":3,"href":"https:\/\/glowpremium.fr\/en\/wp-json\/wp\/v2\/product\/8114\/revisions"}],"predecessor-version":[{"id":8181,"href":"https:\/\/glowpremium.fr\/en\/wp-json\/wp\/v2\/product\/8114\/revisions\/8181"}],"wp:featuredmedia":[{"embeddable":true,"href":"https:\/\/glowpremium.fr\/en\/wp-json\/wp\/v2\/media\/8171"}],"wp:attachment":[{"href":"https:\/\/glowpremium.fr\/en\/wp-json\/wp\/v2\/media?parent=8114"}],"wp:term":[{"taxonomy":"brand","embeddable":true,"href":"https:\/\/glowpremium.fr\/en\/wp-json\/wp\/v2\/etheme_brands?post=8114"},{"taxonomy":"product_brand","embeddable":true,"href":"https:\/\/glowpremium.fr\/en\/wp-json\/wp\/v2\/product_brand?post=8114"},{"taxonomy":"product_cat","embeddable":true,"href":"https:\/\/glowpremium.fr\/en\/wp-json\/wp\/v2\/product_cat?post=8114"},{"taxonomy":"product_tag","embeddable":true,"href":"https:\/\/glowpremium.fr\/en\/wp-json\/wp\/v2\/product_tag?post=8114"}],"curies":[{"name":"wp","href":"https:\/\/api.w.org\/{rel}","templated":true}]}}