{"id":8112,"date":"2024-11-20T13:29:40","date_gmt":"2024-11-20T12:29:40","guid":{"rendered":"https:\/\/glowpremium.fr\/?post_type=product&#038;p=8112"},"modified":"2024-11-20T13:43:09","modified_gmt":"2024-11-20T12:43:09","slug":"concentre-gluta-power-comprimes-blanchissant-nourrissant-teint-metiss-action-rapide","status":"publish","type":"product","link":"https:\/\/glowpremium.fr\/en\/lightening-product\/concentrate-gluta-power-tablets-whitening-nourishing-complexion-metiss-fast-action\/","title":{"rendered":"Gluta Power Concentrate Complexion Whitening Tablets."},"content":{"rendered":"<p><strong>How to use :<\/strong><\/p>\n<p>cleanse your skin add in your milk and apply preferably in the evening.<\/p>\n<p><strong>Recommendation:<\/strong><\/p>\n<p>For external use only. Avoid contact with eyes. If contact occurs, rinse thoroughly. If irritation occurs, discontinue use immediately.<\/p>\n<p><strong>Composition:<\/strong><\/p>\n<p>collagen, essential oil, kojic acid, aha, fruit essence S P F 50<\/p>","protected":false},"excerpt":{"rendered":"<p>final concentrate gluta power kojic acid lightening and whitening super doser 4 in 1 instant clear tightens pores and purifies skin, leaving it smooth and clear. It removes dark spots and pimples for a flawless complexion.<\/p>","protected":false},"featured_media":8158,"comment_status":"closed","ping_status":"closed","template":"","meta":[],"etheme_brands":[],"product_brand":[],"product_cat":[95,80,93],"product_tag":[],"class_list":{"0":"post-8112","1":"product","2":"type-product","3":"status-publish","4":"has-post-thumbnail","6":"product_cat-anti-taches-et-quintos-clarifiants-blanchissants","7":"product_cat-blanchissants-et-eclaircissants","8":"product_cat-concentres-eclaircissants-clarifiants-blanchissants","10":"first","11":"instock","12":"shipping-taxable","13":"purchasable","14":"product-type-simple"},"yoast_head":"<!-- This site is optimized with the Yoast SEO plugin v26.7 - https:\/\/yoast.com\/wordpress\/plugins\/seo\/ -->\n<title>Concentr\u00e9 Gluta Power Comprim\u00e9s Blanchissant  Teint M\u00e9tiss. - Glow Premium<\/title>\n<meta name=\"description\" content=\"Teint lumineux Uniformisation \u00c9clat naturel Correction des taches Peau rayonnante produit cosmetique pour peau noire et m\u00e9tisse uniformise le teint illumine\" \/>\n<meta name=\"robots\" content=\"index, follow, max-snippet:-1, max-image-preview:large, max-video-preview:-1\" \/>\n<link rel=\"canonical\" href=\"https:\/\/glowpremium.fr\/en\/lightening-product\/concentrate-gluta-power-tablets-whitening-nourishing-complexion-metiss-fast-action\/\" \/>\n<meta property=\"og:locale\" content=\"en_GB\" \/>\n<meta property=\"og:type\" content=\"article\" \/>\n<meta property=\"og:title\" content=\"Concentr\u00e9 Gluta Power Comprim\u00e9s Blanchissant  Teint M\u00e9tiss. - Glow Premium\" \/>\n<meta property=\"og:description\" content=\"Teint lumineux Uniformisation \u00c9clat naturel Correction des taches Peau rayonnante produit cosmetique pour peau noire et m\u00e9tisse uniformise le teint illumine\" \/>\n<meta property=\"og:url\" content=\"https:\/\/glowpremium.fr\/en\/lightening-product\/concentrate-gluta-power-tablets-whitening-nourishing-complexion-metiss-fast-action\/\" \/>\n<meta property=\"og:site_name\" content=\"Glow Premium\" \/>\n<meta property=\"article:modified_time\" content=\"2024-11-20T12:43:09+00:00\" \/>\n<meta property=\"og:image\" content=\"https:\/\/glowpremium.fr\/wp-content\/uploads\/2024\/11\/8a58eac7-aefd-4831-8c0d-508b21560d74-2.jpg\" \/>\n\t<meta property=\"og:image:width\" content=\"2000\" \/>\n\t<meta property=\"og:image:height\" content=\"1774\" \/>\n\t<meta property=\"og:image:type\" content=\"image\/jpeg\" \/>\n<meta name=\"twitter:card\" content=\"summary_large_image\" \/>\n<meta name=\"twitter:label1\" content=\"Estimated reading time\" \/>\n\t<meta name=\"twitter:data1\" content=\"1 minute\" \/>\n<script type=\"application\/ld+json\" class=\"yoast-schema-graph\">{\"@context\":\"https:\/\/schema.org\",\"@graph\":[{\"@type\":\"WebPage\",\"@id\":\"https:\/\/glowpremium.fr\/produit-eclaircissant\/concentre-gluta-power-comprimes-blanchissant-nourrissant-teint-metiss-action-rapide\/\",\"url\":\"https:\/\/glowpremium.fr\/produit-eclaircissant\/concentre-gluta-power-comprimes-blanchissant-nourrissant-teint-metiss-action-rapide\/\",\"name\":\"Concentr\u00e9 Gluta Power Comprim\u00e9s Blanchissant Teint M\u00e9tiss. - Glow Premium\",\"isPartOf\":{\"@id\":\"https:\/\/glowpremium.fr\/#website\"},\"primaryImageOfPage\":{\"@id\":\"https:\/\/glowpremium.fr\/produit-eclaircissant\/concentre-gluta-power-comprimes-blanchissant-nourrissant-teint-metiss-action-rapide\/#primaryimage\"},\"image\":{\"@id\":\"https:\/\/glowpremium.fr\/produit-eclaircissant\/concentre-gluta-power-comprimes-blanchissant-nourrissant-teint-metiss-action-rapide\/#primaryimage\"},\"thumbnailUrl\":\"https:\/\/glowpremium.fr\/wp-content\/uploads\/2024\/11\/8a58eac7-aefd-4831-8c0d-508b21560d74-2.jpg\",\"datePublished\":\"2024-11-20T12:29:40+00:00\",\"dateModified\":\"2024-11-20T12:43:09+00:00\",\"description\":\"Teint lumineux Uniformisation \u00c9clat naturel Correction des taches Peau rayonnante produit cosmetique pour peau noire et m\u00e9tisse uniformise le teint illumine\",\"breadcrumb\":{\"@id\":\"https:\/\/glowpremium.fr\/produit-eclaircissant\/concentre-gluta-power-comprimes-blanchissant-nourrissant-teint-metiss-action-rapide\/#breadcrumb\"},\"inLanguage\":\"en-GB\",\"potentialAction\":[{\"@type\":\"ReadAction\",\"target\":[\"https:\/\/glowpremium.fr\/produit-eclaircissant\/concentre-gluta-power-comprimes-blanchissant-nourrissant-teint-metiss-action-rapide\/\"]}]},{\"@type\":\"ImageObject\",\"inLanguage\":\"en-GB\",\"@id\":\"https:\/\/glowpremium.fr\/produit-eclaircissant\/concentre-gluta-power-comprimes-blanchissant-nourrissant-teint-metiss-action-rapide\/#primaryimage\",\"url\":\"https:\/\/glowpremium.fr\/wp-content\/uploads\/2024\/11\/8a58eac7-aefd-4831-8c0d-508b21560d74-2.jpg\",\"contentUrl\":\"https:\/\/glowpremium.fr\/wp-content\/uploads\/2024\/11\/8a58eac7-aefd-4831-8c0d-508b21560d74-2.jpg\",\"width\":2000,\"height\":1774},{\"@type\":\"BreadcrumbList\",\"@id\":\"https:\/\/glowpremium.fr\/produit-eclaircissant\/concentre-gluta-power-comprimes-blanchissant-nourrissant-teint-metiss-action-rapide\/#breadcrumb\",\"itemListElement\":[{\"@type\":\"ListItem\",\"position\":1,\"name\":\"Accueil\",\"item\":\"https:\/\/glowpremium.fr\/\"},{\"@type\":\"ListItem\",\"position\":2,\"name\":\"Boutique\",\"item\":\"https:\/\/glowpremium.fr\/boutique-produits-eclaircissants\/\"},{\"@type\":\"ListItem\",\"position\":3,\"name\":\"Concentr\u00e9 Gluta Power Comprim\u00e9s Blanchissant Teint M\u00e9tiss.\"}]},{\"@type\":\"WebSite\",\"@id\":\"https:\/\/glowpremium.fr\/#website\",\"url\":\"https:\/\/glowpremium.fr\/\",\"name\":\"Glow Premium\",\"description\":\"\",\"publisher\":{\"@id\":\"https:\/\/glowpremium.fr\/#organization\"},\"potentialAction\":[{\"@type\":\"SearchAction\",\"target\":{\"@type\":\"EntryPoint\",\"urlTemplate\":\"https:\/\/glowpremium.fr\/?s={search_term_string}\"},\"query-input\":{\"@type\":\"PropertyValueSpecification\",\"valueRequired\":true,\"valueName\":\"search_term_string\"}}],\"inLanguage\":\"en-GB\"},{\"@type\":\"Organization\",\"@id\":\"https:\/\/glowpremium.fr\/#organization\",\"name\":\"Glow Premium\",\"url\":\"https:\/\/glowpremium.fr\/\",\"logo\":{\"@type\":\"ImageObject\",\"inLanguage\":\"en-GB\",\"@id\":\"https:\/\/glowpremium.fr\/#\/schema\/logo\/image\/\",\"url\":\"https:\/\/glowpremium.fr\/wp-content\/uploads\/2024\/10\/screenshot_20241029_034909_chrome.jpg\",\"contentUrl\":\"https:\/\/glowpremium.fr\/wp-content\/uploads\/2024\/10\/screenshot_20241029_034909_chrome.jpg\",\"width\":866,\"height\":937,\"caption\":\"Glow Premium\"},\"image\":{\"@id\":\"https:\/\/glowpremium.fr\/#\/schema\/logo\/image\/\"}}]}<\/script>\n<!-- \/ Yoast SEO plugin. -->","yoast_head_json":{"title":"Concentr\u00e9 Gluta Power Comprim\u00e9s Blanchissant  Teint M\u00e9tiss. - Glow Premium","description":"Teint lumineux Uniformisation \u00c9clat naturel Correction des taches Peau rayonnante produit cosmetique pour peau noire et m\u00e9tisse uniformise le teint illumine","robots":{"index":"index","follow":"follow","max-snippet":"max-snippet:-1","max-image-preview":"max-image-preview:large","max-video-preview":"max-video-preview:-1"},"canonical":"https:\/\/glowpremium.fr\/en\/lightening-product\/concentrate-gluta-power-tablets-whitening-nourishing-complexion-metiss-fast-action\/","og_locale":"en_GB","og_type":"article","og_title":"Concentr\u00e9 Gluta Power Comprim\u00e9s Blanchissant  Teint M\u00e9tiss. - Glow Premium","og_description":"Teint lumineux Uniformisation \u00c9clat naturel Correction des taches Peau rayonnante produit cosmetique pour peau noire et m\u00e9tisse uniformise le teint illumine","og_url":"https:\/\/glowpremium.fr\/en\/lightening-product\/concentrate-gluta-power-tablets-whitening-nourishing-complexion-metiss-fast-action\/","og_site_name":"Glow Premium","article_modified_time":"2024-11-20T12:43:09+00:00","og_image":[{"width":2000,"height":1774,"url":"https:\/\/glowpremium.fr\/wp-content\/uploads\/2024\/11\/8a58eac7-aefd-4831-8c0d-508b21560d74-2.jpg","type":"image\/jpeg"}],"twitter_card":"summary_large_image","twitter_misc":{"Estimated reading time":"1 minute"},"schema":{"@context":"https:\/\/schema.org","@graph":[{"@type":"WebPage","@id":"https:\/\/glowpremium.fr\/produit-eclaircissant\/concentre-gluta-power-comprimes-blanchissant-nourrissant-teint-metiss-action-rapide\/","url":"https:\/\/glowpremium.fr\/produit-eclaircissant\/concentre-gluta-power-comprimes-blanchissant-nourrissant-teint-metiss-action-rapide\/","name":"Concentr\u00e9 Gluta Power Comprim\u00e9s Blanchissant Teint M\u00e9tiss. - Glow Premium","isPartOf":{"@id":"https:\/\/glowpremium.fr\/#website"},"primaryImageOfPage":{"@id":"https:\/\/glowpremium.fr\/produit-eclaircissant\/concentre-gluta-power-comprimes-blanchissant-nourrissant-teint-metiss-action-rapide\/#primaryimage"},"image":{"@id":"https:\/\/glowpremium.fr\/produit-eclaircissant\/concentre-gluta-power-comprimes-blanchissant-nourrissant-teint-metiss-action-rapide\/#primaryimage"},"thumbnailUrl":"https:\/\/glowpremium.fr\/wp-content\/uploads\/2024\/11\/8a58eac7-aefd-4831-8c0d-508b21560d74-2.jpg","datePublished":"2024-11-20T12:29:40+00:00","dateModified":"2024-11-20T12:43:09+00:00","description":"Teint lumineux Uniformisation \u00c9clat naturel Correction des taches Peau rayonnante produit cosmetique pour peau noire et m\u00e9tisse uniformise le teint illumine","breadcrumb":{"@id":"https:\/\/glowpremium.fr\/produit-eclaircissant\/concentre-gluta-power-comprimes-blanchissant-nourrissant-teint-metiss-action-rapide\/#breadcrumb"},"inLanguage":"en-GB","potentialAction":[{"@type":"ReadAction","target":["https:\/\/glowpremium.fr\/produit-eclaircissant\/concentre-gluta-power-comprimes-blanchissant-nourrissant-teint-metiss-action-rapide\/"]}]},{"@type":"ImageObject","inLanguage":"en-GB","@id":"https:\/\/glowpremium.fr\/produit-eclaircissant\/concentre-gluta-power-comprimes-blanchissant-nourrissant-teint-metiss-action-rapide\/#primaryimage","url":"https:\/\/glowpremium.fr\/wp-content\/uploads\/2024\/11\/8a58eac7-aefd-4831-8c0d-508b21560d74-2.jpg","contentUrl":"https:\/\/glowpremium.fr\/wp-content\/uploads\/2024\/11\/8a58eac7-aefd-4831-8c0d-508b21560d74-2.jpg","width":2000,"height":1774},{"@type":"BreadcrumbList","@id":"https:\/\/glowpremium.fr\/produit-eclaircissant\/concentre-gluta-power-comprimes-blanchissant-nourrissant-teint-metiss-action-rapide\/#breadcrumb","itemListElement":[{"@type":"ListItem","position":1,"name":"Accueil","item":"https:\/\/glowpremium.fr\/"},{"@type":"ListItem","position":2,"name":"Boutique","item":"https:\/\/glowpremium.fr\/boutique-produits-eclaircissants\/"},{"@type":"ListItem","position":3,"name":"Concentr\u00e9 Gluta Power Comprim\u00e9s Blanchissant Teint M\u00e9tiss."}]},{"@type":"WebSite","@id":"https:\/\/glowpremium.fr\/#website","url":"https:\/\/glowpremium.fr\/","name":"Glow Premium","description":"","publisher":{"@id":"https:\/\/glowpremium.fr\/#organization"},"potentialAction":[{"@type":"SearchAction","target":{"@type":"EntryPoint","urlTemplate":"https:\/\/glowpremium.fr\/?s={search_term_string}"},"query-input":{"@type":"PropertyValueSpecification","valueRequired":true,"valueName":"search_term_string"}}],"inLanguage":"en-GB"},{"@type":"Organization","@id":"https:\/\/glowpremium.fr\/#organization","name":"Glow Premium","url":"https:\/\/glowpremium.fr\/","logo":{"@type":"ImageObject","inLanguage":"en-GB","@id":"https:\/\/glowpremium.fr\/#\/schema\/logo\/image\/","url":"https:\/\/glowpremium.fr\/wp-content\/uploads\/2024\/10\/screenshot_20241029_034909_chrome.jpg","contentUrl":"https:\/\/glowpremium.fr\/wp-content\/uploads\/2024\/10\/screenshot_20241029_034909_chrome.jpg","width":866,"height":937,"caption":"Glow Premium"},"image":{"@id":"https:\/\/glowpremium.fr\/#\/schema\/logo\/image\/"}}]}},"_links":{"self":[{"href":"https:\/\/glowpremium.fr\/en\/wp-json\/wp\/v2\/product\/8112","targetHints":{"allow":["GET"]}}],"collection":[{"href":"https:\/\/glowpremium.fr\/en\/wp-json\/wp\/v2\/product"}],"about":[{"href":"https:\/\/glowpremium.fr\/en\/wp-json\/wp\/v2\/types\/product"}],"replies":[{"embeddable":true,"href":"https:\/\/glowpremium.fr\/en\/wp-json\/wp\/v2\/comments?post=8112"}],"version-history":[{"count":3,"href":"https:\/\/glowpremium.fr\/en\/wp-json\/wp\/v2\/product\/8112\/revisions"}],"predecessor-version":[{"id":8176,"href":"https:\/\/glowpremium.fr\/en\/wp-json\/wp\/v2\/product\/8112\/revisions\/8176"}],"wp:featuredmedia":[{"embeddable":true,"href":"https:\/\/glowpremium.fr\/en\/wp-json\/wp\/v2\/media\/8158"}],"wp:attachment":[{"href":"https:\/\/glowpremium.fr\/en\/wp-json\/wp\/v2\/media?parent=8112"}],"wp:term":[{"taxonomy":"brand","embeddable":true,"href":"https:\/\/glowpremium.fr\/en\/wp-json\/wp\/v2\/etheme_brands?post=8112"},{"taxonomy":"product_brand","embeddable":true,"href":"https:\/\/glowpremium.fr\/en\/wp-json\/wp\/v2\/product_brand?post=8112"},{"taxonomy":"product_cat","embeddable":true,"href":"https:\/\/glowpremium.fr\/en\/wp-json\/wp\/v2\/product_cat?post=8112"},{"taxonomy":"product_tag","embeddable":true,"href":"https:\/\/glowpremium.fr\/en\/wp-json\/wp\/v2\/product_tag?post=8112"}],"curies":[{"name":"wp","href":"https:\/\/api.w.org\/{rel}","templated":true}]}}