{"id":8081,"date":"2024-11-20T13:29:17","date_gmt":"2024-11-20T12:29:17","guid":{"rendered":"https:\/\/glowpremium.fr\/?post_type=product&#038;p=8081"},"modified":"2024-11-20T19:18:39","modified_gmt":"2024-11-20T18:18:39","slug":"double-concentre-eclaircissanttop-djanssan-effaceur-rapide-des-boutons","status":"publish","type":"product","link":"https:\/\/glowpremium.fr\/en\/lightening-product\/double-concentrated-lightingtop-djanssan-quick-button-eraser\/","title":{"rendered":"Double Lightening ConcentrateTop Djanssan Cleanser"},"content":{"rendered":"<div data-elementor-type=\"product-post\" data-elementor-id=\"8081\" class=\"elementor elementor-8081\" data-elementor-post-type=\"product\">\n\t\t\t\t\t\t<section class=\"elementor-section elementor-top-section elementor-element elementor-element-69e28c78 elementor-section-boxed elementor-section-height-default elementor-section-height-default\" data-id=\"69e28c78\" data-element_type=\"section\">\n\t\t\t\t\t\t<div class=\"elementor-container elementor-column-gap-default\">\n\t\t\t\t\t<div class=\"elementor-column elementor-col-100 elementor-top-column elementor-element elementor-element-f0f8e54\" data-id=\"f0f8e54\" data-element_type=\"column\">\n\t\t\t<div class=\"elementor-widget-wrap elementor-element-populated\">\n\t\t\t\t\t\t<div class=\"elementor-element elementor-element-4ddc1bc2 elementor-widget elementor-widget-text-editor\" data-id=\"4ddc1bc2\" data-element_type=\"widget\" data-widget_type=\"text-editor.default\">\n\t\t\t\t<div class=\"elementor-widget-container\">\n\t\t\t\t\t\t\t\t\t<p><strong>How to use :<p>Add a few drops to your milk or face cream.<p><strong>Recommendation:<p>For external use only. If irritation occurs, discontinue use. Keep out of reach of children.<p><strong>Composition:<p>Essential oils, djanssan or arpi Vitamin E aha\u00a0\t\t\t\t\t\t\t\t<\/div>\n\t\t\t\t<\/div>\n\t\t\t\t\t<\/div>\n\t\t<\/div>\n\t\t\t\t\t<\/div>\n\t\t<\/section>\n\t\t\t\t<\/div>","protected":false},"excerpt":{"rendered":"<p>The top djanssan ultra fast Reparateur double super lightening concentrate is a super lightening concentrate made up of several lightening agents that nourish your skin while whitening it. Its action eliminates all your imperfections such as scars, dark spots, etc. Nourishes and beautifies all types of skin, even the most difficult and damaged, thanks to its high dose of arpi or djanssan oil, renowned for its repairing properties. Effectively fights dark spots and whiteheads.<\/p>","protected":false},"featured_media":8142,"comment_status":"closed","ping_status":"closed","template":"","meta":[],"etheme_brands":[],"product_brand":[],"product_cat":[80,93],"product_tag":[],"class_list":{"0":"post-8081","1":"product","2":"type-product","3":"status-publish","4":"has-post-thumbnail","6":"product_cat-blanchissants-et-eclaircissants","7":"product_cat-concentres-eclaircissants-clarifiants-blanchissants","9":"first","10":"instock","11":"shipping-taxable","12":"purchasable","13":"product-type-simple"},"yoast_head":"<!-- This site is optimized with the Yoast SEO plugin v26.7 - https:\/\/yoast.com\/wordpress\/plugins\/seo\/ -->\n<title>Double Concentr\u00e9 \u00c9claircissantTop Djanssan \u00c9ffaceur - Glow Premium<\/title>\n<meta name=\"description\" content=\"Protection solaireAnti-UVBouclier anti-taches Photoprotection de la peau Teint lumineux Uniformisation \u00c9clat naturel Correction des taches Peau rayonnante\" \/>\n<meta name=\"robots\" content=\"index, follow, max-snippet:-1, max-image-preview:large, max-video-preview:-1\" \/>\n<link rel=\"canonical\" href=\"https:\/\/glowpremium.fr\/en\/lightening-product\/double-concentrated-lightingtop-djanssan-quick-button-eraser\/\" \/>\n<meta property=\"og:locale\" content=\"en_GB\" \/>\n<meta property=\"og:type\" content=\"article\" \/>\n<meta property=\"og:title\" content=\"Double Concentr\u00e9 \u00c9claircissantTop Djanssan \u00c9ffaceur - Glow Premium\" \/>\n<meta property=\"og:description\" content=\"Protection solaireAnti-UVBouclier anti-taches Photoprotection de la peau Teint lumineux Uniformisation \u00c9clat naturel Correction des taches Peau rayonnante\" \/>\n<meta property=\"og:url\" content=\"https:\/\/glowpremium.fr\/en\/lightening-product\/double-concentrated-lightingtop-djanssan-quick-button-eraser\/\" \/>\n<meta property=\"og:site_name\" content=\"Glow Premium\" \/>\n<meta property=\"article:modified_time\" content=\"2024-11-20T18:18:39+00:00\" \/>\n<meta property=\"og:image\" content=\"https:\/\/glowpremium.fr\/wp-content\/uploads\/2024\/11\/PhotoRoom-20230323_151232.png\" \/>\n\t<meta property=\"og:image:width\" content=\"2000\" \/>\n\t<meta property=\"og:image:height\" content=\"1812\" \/>\n\t<meta property=\"og:image:type\" content=\"image\/png\" \/>\n<meta name=\"twitter:card\" content=\"summary_large_image\" \/>\n<meta name=\"twitter:label1\" content=\"Estimated reading time\" \/>\n\t<meta name=\"twitter:data1\" content=\"1 minute\" \/>\n<script type=\"application\/ld+json\" class=\"yoast-schema-graph\">{\"@context\":\"https:\/\/schema.org\",\"@graph\":[{\"@type\":\"WebPage\",\"@id\":\"https:\/\/glowpremium.fr\/produit-eclaircissant\/double-concentre-eclaircissanttop-djanssan-effaceur-rapide-des-boutons\/\",\"url\":\"https:\/\/glowpremium.fr\/produit-eclaircissant\/double-concentre-eclaircissanttop-djanssan-effaceur-rapide-des-boutons\/\",\"name\":\"Double Concentr\u00e9 \u00c9claircissantTop Djanssan \u00c9ffaceur - Glow Premium\",\"isPartOf\":{\"@id\":\"https:\/\/glowpremium.fr\/#website\"},\"primaryImageOfPage\":{\"@id\":\"https:\/\/glowpremium.fr\/produit-eclaircissant\/double-concentre-eclaircissanttop-djanssan-effaceur-rapide-des-boutons\/#primaryimage\"},\"image\":{\"@id\":\"https:\/\/glowpremium.fr\/produit-eclaircissant\/double-concentre-eclaircissanttop-djanssan-effaceur-rapide-des-boutons\/#primaryimage\"},\"thumbnailUrl\":\"https:\/\/glowpremium.fr\/wp-content\/uploads\/2024\/11\/PhotoRoom-20230323_151232.png\",\"datePublished\":\"2024-11-20T12:29:17+00:00\",\"dateModified\":\"2024-11-20T18:18:39+00:00\",\"description\":\"Protection solaireAnti-UVBouclier anti-taches Photoprotection de la peau Teint lumineux Uniformisation \u00c9clat naturel Correction des taches Peau rayonnante\",\"breadcrumb\":{\"@id\":\"https:\/\/glowpremium.fr\/produit-eclaircissant\/double-concentre-eclaircissanttop-djanssan-effaceur-rapide-des-boutons\/#breadcrumb\"},\"inLanguage\":\"en-GB\",\"potentialAction\":[{\"@type\":\"ReadAction\",\"target\":[\"https:\/\/glowpremium.fr\/produit-eclaircissant\/double-concentre-eclaircissanttop-djanssan-effaceur-rapide-des-boutons\/\"]}]},{\"@type\":\"ImageObject\",\"inLanguage\":\"en-GB\",\"@id\":\"https:\/\/glowpremium.fr\/produit-eclaircissant\/double-concentre-eclaircissanttop-djanssan-effaceur-rapide-des-boutons\/#primaryimage\",\"url\":\"https:\/\/glowpremium.fr\/wp-content\/uploads\/2024\/11\/PhotoRoom-20230323_151232.png\",\"contentUrl\":\"https:\/\/glowpremium.fr\/wp-content\/uploads\/2024\/11\/PhotoRoom-20230323_151232.png\",\"width\":2000,\"height\":1812},{\"@type\":\"BreadcrumbList\",\"@id\":\"https:\/\/glowpremium.fr\/produit-eclaircissant\/double-concentre-eclaircissanttop-djanssan-effaceur-rapide-des-boutons\/#breadcrumb\",\"itemListElement\":[{\"@type\":\"ListItem\",\"position\":1,\"name\":\"Accueil\",\"item\":\"https:\/\/glowpremium.fr\/\"},{\"@type\":\"ListItem\",\"position\":2,\"name\":\"Boutique\",\"item\":\"https:\/\/glowpremium.fr\/boutique-produits-eclaircissants\/\"},{\"@type\":\"ListItem\",\"position\":3,\"name\":\"Double Concentr\u00e9 \u00c9claircissantTop Djanssan \u00c9ffaceur\"}]},{\"@type\":\"WebSite\",\"@id\":\"https:\/\/glowpremium.fr\/#website\",\"url\":\"https:\/\/glowpremium.fr\/\",\"name\":\"Glow Premium\",\"description\":\"\",\"publisher\":{\"@id\":\"https:\/\/glowpremium.fr\/#organization\"},\"potentialAction\":[{\"@type\":\"SearchAction\",\"target\":{\"@type\":\"EntryPoint\",\"urlTemplate\":\"https:\/\/glowpremium.fr\/?s={search_term_string}\"},\"query-input\":{\"@type\":\"PropertyValueSpecification\",\"valueRequired\":true,\"valueName\":\"search_term_string\"}}],\"inLanguage\":\"en-GB\"},{\"@type\":\"Organization\",\"@id\":\"https:\/\/glowpremium.fr\/#organization\",\"name\":\"Glow Premium\",\"url\":\"https:\/\/glowpremium.fr\/\",\"logo\":{\"@type\":\"ImageObject\",\"inLanguage\":\"en-GB\",\"@id\":\"https:\/\/glowpremium.fr\/#\/schema\/logo\/image\/\",\"url\":\"https:\/\/glowpremium.fr\/wp-content\/uploads\/2024\/10\/screenshot_20241029_034909_chrome.jpg\",\"contentUrl\":\"https:\/\/glowpremium.fr\/wp-content\/uploads\/2024\/10\/screenshot_20241029_034909_chrome.jpg\",\"width\":866,\"height\":937,\"caption\":\"Glow Premium\"},\"image\":{\"@id\":\"https:\/\/glowpremium.fr\/#\/schema\/logo\/image\/\"}}]}<\/script>\n<!-- \/ Yoast SEO plugin. -->","yoast_head_json":{"title":"Double Concentr\u00e9 \u00c9claircissantTop Djanssan \u00c9ffaceur - Glow Premium","description":"Protection solaireAnti-UVBouclier anti-taches Photoprotection de la peau Teint lumineux Uniformisation \u00c9clat naturel Correction des taches Peau rayonnante","robots":{"index":"index","follow":"follow","max-snippet":"max-snippet:-1","max-image-preview":"max-image-preview:large","max-video-preview":"max-video-preview:-1"},"canonical":"https:\/\/glowpremium.fr\/en\/lightening-product\/double-concentrated-lightingtop-djanssan-quick-button-eraser\/","og_locale":"en_GB","og_type":"article","og_title":"Double Concentr\u00e9 \u00c9claircissantTop Djanssan \u00c9ffaceur - Glow Premium","og_description":"Protection solaireAnti-UVBouclier anti-taches Photoprotection de la peau Teint lumineux Uniformisation \u00c9clat naturel Correction des taches Peau rayonnante","og_url":"https:\/\/glowpremium.fr\/en\/lightening-product\/double-concentrated-lightingtop-djanssan-quick-button-eraser\/","og_site_name":"Glow Premium","article_modified_time":"2024-11-20T18:18:39+00:00","og_image":[{"width":2000,"height":1812,"url":"https:\/\/glowpremium.fr\/wp-content\/uploads\/2024\/11\/PhotoRoom-20230323_151232.png","type":"image\/png"}],"twitter_card":"summary_large_image","twitter_misc":{"Estimated reading time":"1 minute"},"schema":{"@context":"https:\/\/schema.org","@graph":[{"@type":"WebPage","@id":"https:\/\/glowpremium.fr\/produit-eclaircissant\/double-concentre-eclaircissanttop-djanssan-effaceur-rapide-des-boutons\/","url":"https:\/\/glowpremium.fr\/produit-eclaircissant\/double-concentre-eclaircissanttop-djanssan-effaceur-rapide-des-boutons\/","name":"Double Concentr\u00e9 \u00c9claircissantTop Djanssan \u00c9ffaceur - Glow Premium","isPartOf":{"@id":"https:\/\/glowpremium.fr\/#website"},"primaryImageOfPage":{"@id":"https:\/\/glowpremium.fr\/produit-eclaircissant\/double-concentre-eclaircissanttop-djanssan-effaceur-rapide-des-boutons\/#primaryimage"},"image":{"@id":"https:\/\/glowpremium.fr\/produit-eclaircissant\/double-concentre-eclaircissanttop-djanssan-effaceur-rapide-des-boutons\/#primaryimage"},"thumbnailUrl":"https:\/\/glowpremium.fr\/wp-content\/uploads\/2024\/11\/PhotoRoom-20230323_151232.png","datePublished":"2024-11-20T12:29:17+00:00","dateModified":"2024-11-20T18:18:39+00:00","description":"Protection solaireAnti-UVBouclier anti-taches Photoprotection de la peau Teint lumineux Uniformisation \u00c9clat naturel Correction des taches Peau rayonnante","breadcrumb":{"@id":"https:\/\/glowpremium.fr\/produit-eclaircissant\/double-concentre-eclaircissanttop-djanssan-effaceur-rapide-des-boutons\/#breadcrumb"},"inLanguage":"en-GB","potentialAction":[{"@type":"ReadAction","target":["https:\/\/glowpremium.fr\/produit-eclaircissant\/double-concentre-eclaircissanttop-djanssan-effaceur-rapide-des-boutons\/"]}]},{"@type":"ImageObject","inLanguage":"en-GB","@id":"https:\/\/glowpremium.fr\/produit-eclaircissant\/double-concentre-eclaircissanttop-djanssan-effaceur-rapide-des-boutons\/#primaryimage","url":"https:\/\/glowpremium.fr\/wp-content\/uploads\/2024\/11\/PhotoRoom-20230323_151232.png","contentUrl":"https:\/\/glowpremium.fr\/wp-content\/uploads\/2024\/11\/PhotoRoom-20230323_151232.png","width":2000,"height":1812},{"@type":"BreadcrumbList","@id":"https:\/\/glowpremium.fr\/produit-eclaircissant\/double-concentre-eclaircissanttop-djanssan-effaceur-rapide-des-boutons\/#breadcrumb","itemListElement":[{"@type":"ListItem","position":1,"name":"Accueil","item":"https:\/\/glowpremium.fr\/"},{"@type":"ListItem","position":2,"name":"Boutique","item":"https:\/\/glowpremium.fr\/boutique-produits-eclaircissants\/"},{"@type":"ListItem","position":3,"name":"Double Concentr\u00e9 \u00c9claircissantTop Djanssan \u00c9ffaceur"}]},{"@type":"WebSite","@id":"https:\/\/glowpremium.fr\/#website","url":"https:\/\/glowpremium.fr\/","name":"Glow Premium","description":"","publisher":{"@id":"https:\/\/glowpremium.fr\/#organization"},"potentialAction":[{"@type":"SearchAction","target":{"@type":"EntryPoint","urlTemplate":"https:\/\/glowpremium.fr\/?s={search_term_string}"},"query-input":{"@type":"PropertyValueSpecification","valueRequired":true,"valueName":"search_term_string"}}],"inLanguage":"en-GB"},{"@type":"Organization","@id":"https:\/\/glowpremium.fr\/#organization","name":"Glow Premium","url":"https:\/\/glowpremium.fr\/","logo":{"@type":"ImageObject","inLanguage":"en-GB","@id":"https:\/\/glowpremium.fr\/#\/schema\/logo\/image\/","url":"https:\/\/glowpremium.fr\/wp-content\/uploads\/2024\/10\/screenshot_20241029_034909_chrome.jpg","contentUrl":"https:\/\/glowpremium.fr\/wp-content\/uploads\/2024\/10\/screenshot_20241029_034909_chrome.jpg","width":866,"height":937,"caption":"Glow Premium"},"image":{"@id":"https:\/\/glowpremium.fr\/#\/schema\/logo\/image\/"}}]}},"_links":{"self":[{"href":"https:\/\/glowpremium.fr\/en\/wp-json\/wp\/v2\/product\/8081","targetHints":{"allow":["GET"]}}],"collection":[{"href":"https:\/\/glowpremium.fr\/en\/wp-json\/wp\/v2\/product"}],"about":[{"href":"https:\/\/glowpremium.fr\/en\/wp-json\/wp\/v2\/types\/product"}],"replies":[{"embeddable":true,"href":"https:\/\/glowpremium.fr\/en\/wp-json\/wp\/v2\/comments?post=8081"}],"version-history":[{"count":3,"href":"https:\/\/glowpremium.fr\/en\/wp-json\/wp\/v2\/product\/8081\/revisions"}],"predecessor-version":[{"id":8236,"href":"https:\/\/glowpremium.fr\/en\/wp-json\/wp\/v2\/product\/8081\/revisions\/8236"}],"wp:featuredmedia":[{"embeddable":true,"href":"https:\/\/glowpremium.fr\/en\/wp-json\/wp\/v2\/media\/8142"}],"wp:attachment":[{"href":"https:\/\/glowpremium.fr\/en\/wp-json\/wp\/v2\/media?parent=8081"}],"wp:term":[{"taxonomy":"brand","embeddable":true,"href":"https:\/\/glowpremium.fr\/en\/wp-json\/wp\/v2\/etheme_brands?post=8081"},{"taxonomy":"product_brand","embeddable":true,"href":"https:\/\/glowpremium.fr\/en\/wp-json\/wp\/v2\/product_brand?post=8081"},{"taxonomy":"product_cat","embeddable":true,"href":"https:\/\/glowpremium.fr\/en\/wp-json\/wp\/v2\/product_cat?post=8081"},{"taxonomy":"product_tag","embeddable":true,"href":"https:\/\/glowpremium.fr\/en\/wp-json\/wp\/v2\/product_tag?post=8081"}],"curies":[{"name":"wp","href":"https:\/\/api.w.org\/{rel}","templated":true}]}}