{"id":8050,"date":"2024-11-20T13:28:54","date_gmt":"2024-11-20T12:28:54","guid":{"rendered":"https:\/\/glowpremium.fr\/?post_type=product&#038;p=8050"},"modified":"2024-11-21T09:38:39","modified_gmt":"2024-11-21T08:38:39","slug":"lait-et-concentre-eclaircissant-anti-taches","status":"publish","type":"product","link":"https:\/\/glowpremium.fr\/en\/lightening-product\/anti-spot-lightening-milk-and-concentrate\/","title":{"rendered":"Anti-stain lightening milk and concentrate with glutathione"},"content":{"rendered":"<div data-elementor-type=\"product-post\" data-elementor-id=\"8050\" class=\"elementor elementor-8050\" data-elementor-post-type=\"product\">\n\t\t\t\t\t\t<section class=\"elementor-section elementor-top-section elementor-element elementor-element-1da2fac1 elementor-section-boxed elementor-section-height-default elementor-section-height-default\" data-id=\"1da2fac1\" data-element_type=\"section\">\n\t\t\t\t\t\t<div class=\"elementor-container elementor-column-gap-default\">\n\t\t\t\t\t<div class=\"elementor-column elementor-col-100 elementor-top-column elementor-element elementor-element-773c0713\" data-id=\"773c0713\" data-element_type=\"column\">\n\t\t\t<div class=\"elementor-widget-wrap elementor-element-populated\">\n\t\t\t\t\t\t<div class=\"elementor-element elementor-element-23076099 elementor-widget elementor-widget-text-editor\" data-id=\"23076099\" data-element_type=\"widget\" data-widget_type=\"text-editor.default\">\n\t\t\t\t<div class=\"elementor-widget-container\">\n\t\t\t\t\t\t\t\t\t<p><strong>How to use :<p>Combine milk and concentrate for optimum results.<p><strong>Recommendation:<p>\u00a0Avoid sensitive mucous areas. If lesions or irritated skin occur, discontinue use.<p><strong>Composition:<p>Aqua, Collagen, Glutathione Vitamins, Kojic White, Essential oils, Fruit acids.\t\t\t\t\t\t\t\t<\/div>\n\t\t\t\t<\/div>\n\t\t\t\t\t<\/div>\n\t\t<\/div>\n\t\t\t\t\t<\/div>\n\t\t<\/section>\n\t\t\t\t<\/div>","protected":false},"excerpt":{"rendered":"<p>Gluta Kojic White+ Lightening Body and Face Milk is formulated with 50g glutathione tablets, kojic injection and another is a milk that hydrates your skin while gently lightening it. <strong>400ml<\/strong><\/p>\n<p>Gluta Max Lightening Concentrate is a super anti-spot agent for use with your cleansing milk. Its ingredients have super lightening effects. <strong>100ml<\/strong><\/p>\n<p>&nbsp;<\/p>","protected":false},"featured_media":6178,"comment_status":"closed","ping_status":"closed","template":"","meta":[],"etheme_brands":[],"product_brand":[],"product_cat":[80,98],"product_tag":[],"class_list":{"0":"post-8050","1":"product","2":"type-product","3":"status-publish","4":"has-post-thumbnail","6":"product_cat-blanchissants-et-eclaircissants","7":"product_cat-gammes-eclaircissantes-clarifiants-blanchissants","9":"first","10":"instock","11":"shipping-taxable","12":"purchasable","13":"product-type-simple"},"yoast_head":"<!-- This site is optimized with the Yoast SEO plugin v26.7 - https:\/\/yoast.com\/wordpress\/plugins\/seo\/ -->\n<title>Lait et concentr\u00e9 \u00e9claircissant anti t\u00e2ches Au glutathione - Glow Premium<\/title>\n<meta name=\"description\" content=\"Protection solaireAnti-UVBouclier anti-tachesPhotoprotection :Teint lumineuxUniformisation\u00c9clat naturelCorrection des tachesPeau rayonnante\" \/>\n<meta name=\"robots\" content=\"index, follow, max-snippet:-1, max-image-preview:large, max-video-preview:-1\" \/>\n<link rel=\"canonical\" href=\"https:\/\/glowpremium.fr\/en\/lightening-product\/anti-spot-lightening-milk-and-concentrate\/\" \/>\n<meta property=\"og:locale\" content=\"en_GB\" \/>\n<meta property=\"og:type\" content=\"article\" \/>\n<meta property=\"og:title\" content=\"Lait et concentr\u00e9 \u00e9claircissant anti t\u00e2ches Au glutathione - Glow Premium\" \/>\n<meta property=\"og:description\" content=\"Protection solaireAnti-UVBouclier anti-tachesPhotoprotection :Teint lumineuxUniformisation\u00c9clat naturelCorrection des tachesPeau rayonnante\" \/>\n<meta property=\"og:url\" content=\"https:\/\/glowpremium.fr\/en\/lightening-product\/anti-spot-lightening-milk-and-concentrate\/\" \/>\n<meta property=\"og:site_name\" content=\"Glow Premium\" \/>\n<meta property=\"article:modified_time\" content=\"2024-11-21T08:38:39+00:00\" \/>\n<meta property=\"og:image\" content=\"https:\/\/glowpremium.fr\/wp-content\/uploads\/2024\/10\/3e03b54d-8b44-4d13-ab42-9636395ad6d6-2.jpg\" \/>\n\t<meta property=\"og:image:width\" content=\"1589\" \/>\n\t<meta property=\"og:image:height\" content=\"1831\" \/>\n\t<meta property=\"og:image:type\" content=\"image\/jpeg\" \/>\n<meta name=\"twitter:card\" content=\"summary_large_image\" \/>\n<meta name=\"twitter:label1\" content=\"Estimated reading time\" \/>\n\t<meta name=\"twitter:data1\" content=\"1 minute\" \/>\n<script type=\"application\/ld+json\" class=\"yoast-schema-graph\">{\"@context\":\"https:\/\/schema.org\",\"@graph\":[{\"@type\":\"WebPage\",\"@id\":\"https:\/\/glowpremium.fr\/produit-eclaircissant\/lait-et-concentre-eclaircissant-anti-taches\/\",\"url\":\"https:\/\/glowpremium.fr\/produit-eclaircissant\/lait-et-concentre-eclaircissant-anti-taches\/\",\"name\":\"Lait et concentr\u00e9 \u00e9claircissant anti t\u00e2ches Au glutathione - Glow Premium\",\"isPartOf\":{\"@id\":\"https:\/\/glowpremium.fr\/#website\"},\"primaryImageOfPage\":{\"@id\":\"https:\/\/glowpremium.fr\/produit-eclaircissant\/lait-et-concentre-eclaircissant-anti-taches\/#primaryimage\"},\"image\":{\"@id\":\"https:\/\/glowpremium.fr\/produit-eclaircissant\/lait-et-concentre-eclaircissant-anti-taches\/#primaryimage\"},\"thumbnailUrl\":\"https:\/\/glowpremium.fr\/wp-content\/uploads\/2024\/10\/3e03b54d-8b44-4d13-ab42-9636395ad6d6-2.jpg\",\"datePublished\":\"2024-11-20T12:28:54+00:00\",\"dateModified\":\"2024-11-21T08:38:39+00:00\",\"description\":\"Protection solaireAnti-UVBouclier anti-tachesPhotoprotection :Teint lumineuxUniformisation\u00c9clat naturelCorrection des tachesPeau rayonnante\",\"breadcrumb\":{\"@id\":\"https:\/\/glowpremium.fr\/produit-eclaircissant\/lait-et-concentre-eclaircissant-anti-taches\/#breadcrumb\"},\"inLanguage\":\"en-GB\",\"potentialAction\":[{\"@type\":\"ReadAction\",\"target\":[\"https:\/\/glowpremium.fr\/produit-eclaircissant\/lait-et-concentre-eclaircissant-anti-taches\/\"]}]},{\"@type\":\"ImageObject\",\"inLanguage\":\"en-GB\",\"@id\":\"https:\/\/glowpremium.fr\/produit-eclaircissant\/lait-et-concentre-eclaircissant-anti-taches\/#primaryimage\",\"url\":\"https:\/\/glowpremium.fr\/wp-content\/uploads\/2024\/10\/3e03b54d-8b44-4d13-ab42-9636395ad6d6-2.jpg\",\"contentUrl\":\"https:\/\/glowpremium.fr\/wp-content\/uploads\/2024\/10\/3e03b54d-8b44-4d13-ab42-9636395ad6d6-2.jpg\",\"width\":1589,\"height\":1831},{\"@type\":\"BreadcrumbList\",\"@id\":\"https:\/\/glowpremium.fr\/produit-eclaircissant\/lait-et-concentre-eclaircissant-anti-taches\/#breadcrumb\",\"itemListElement\":[{\"@type\":\"ListItem\",\"position\":1,\"name\":\"Accueil\",\"item\":\"https:\/\/glowpremium.fr\/\"},{\"@type\":\"ListItem\",\"position\":2,\"name\":\"Boutique\",\"item\":\"https:\/\/glowpremium.fr\/boutique-produits-eclaircissants\/\"},{\"@type\":\"ListItem\",\"position\":3,\"name\":\"Lait et concentr\u00e9 \u00e9claircissant anti t\u00e2ches Au glutathione\"}]},{\"@type\":\"WebSite\",\"@id\":\"https:\/\/glowpremium.fr\/#website\",\"url\":\"https:\/\/glowpremium.fr\/\",\"name\":\"Glow Premium\",\"description\":\"\",\"publisher\":{\"@id\":\"https:\/\/glowpremium.fr\/#organization\"},\"potentialAction\":[{\"@type\":\"SearchAction\",\"target\":{\"@type\":\"EntryPoint\",\"urlTemplate\":\"https:\/\/glowpremium.fr\/?s={search_term_string}\"},\"query-input\":{\"@type\":\"PropertyValueSpecification\",\"valueRequired\":true,\"valueName\":\"search_term_string\"}}],\"inLanguage\":\"en-GB\"},{\"@type\":\"Organization\",\"@id\":\"https:\/\/glowpremium.fr\/#organization\",\"name\":\"Glow Premium\",\"url\":\"https:\/\/glowpremium.fr\/\",\"logo\":{\"@type\":\"ImageObject\",\"inLanguage\":\"en-GB\",\"@id\":\"https:\/\/glowpremium.fr\/#\/schema\/logo\/image\/\",\"url\":\"https:\/\/glowpremium.fr\/wp-content\/uploads\/2024\/10\/screenshot_20241029_034909_chrome.jpg\",\"contentUrl\":\"https:\/\/glowpremium.fr\/wp-content\/uploads\/2024\/10\/screenshot_20241029_034909_chrome.jpg\",\"width\":866,\"height\":937,\"caption\":\"Glow Premium\"},\"image\":{\"@id\":\"https:\/\/glowpremium.fr\/#\/schema\/logo\/image\/\"}}]}<\/script>\n<!-- \/ Yoast SEO plugin. -->","yoast_head_json":{"title":"Lait et concentr\u00e9 \u00e9claircissant anti t\u00e2ches Au glutathione - Glow Premium","description":"Protection solaireAnti-UVBouclier anti-tachesPhotoprotection :Teint lumineuxUniformisation\u00c9clat naturelCorrection des tachesPeau rayonnante","robots":{"index":"index","follow":"follow","max-snippet":"max-snippet:-1","max-image-preview":"max-image-preview:large","max-video-preview":"max-video-preview:-1"},"canonical":"https:\/\/glowpremium.fr\/en\/lightening-product\/anti-spot-lightening-milk-and-concentrate\/","og_locale":"en_GB","og_type":"article","og_title":"Lait et concentr\u00e9 \u00e9claircissant anti t\u00e2ches Au glutathione - Glow Premium","og_description":"Protection solaireAnti-UVBouclier anti-tachesPhotoprotection :Teint lumineuxUniformisation\u00c9clat naturelCorrection des tachesPeau rayonnante","og_url":"https:\/\/glowpremium.fr\/en\/lightening-product\/anti-spot-lightening-milk-and-concentrate\/","og_site_name":"Glow Premium","article_modified_time":"2024-11-21T08:38:39+00:00","og_image":[{"width":1589,"height":1831,"url":"https:\/\/glowpremium.fr\/wp-content\/uploads\/2024\/10\/3e03b54d-8b44-4d13-ab42-9636395ad6d6-2.jpg","type":"image\/jpeg"}],"twitter_card":"summary_large_image","twitter_misc":{"Estimated reading time":"1 minute"},"schema":{"@context":"https:\/\/schema.org","@graph":[{"@type":"WebPage","@id":"https:\/\/glowpremium.fr\/produit-eclaircissant\/lait-et-concentre-eclaircissant-anti-taches\/","url":"https:\/\/glowpremium.fr\/produit-eclaircissant\/lait-et-concentre-eclaircissant-anti-taches\/","name":"Lait et concentr\u00e9 \u00e9claircissant anti t\u00e2ches Au glutathione - Glow Premium","isPartOf":{"@id":"https:\/\/glowpremium.fr\/#website"},"primaryImageOfPage":{"@id":"https:\/\/glowpremium.fr\/produit-eclaircissant\/lait-et-concentre-eclaircissant-anti-taches\/#primaryimage"},"image":{"@id":"https:\/\/glowpremium.fr\/produit-eclaircissant\/lait-et-concentre-eclaircissant-anti-taches\/#primaryimage"},"thumbnailUrl":"https:\/\/glowpremium.fr\/wp-content\/uploads\/2024\/10\/3e03b54d-8b44-4d13-ab42-9636395ad6d6-2.jpg","datePublished":"2024-11-20T12:28:54+00:00","dateModified":"2024-11-21T08:38:39+00:00","description":"Protection solaireAnti-UVBouclier anti-tachesPhotoprotection :Teint lumineuxUniformisation\u00c9clat naturelCorrection des tachesPeau rayonnante","breadcrumb":{"@id":"https:\/\/glowpremium.fr\/produit-eclaircissant\/lait-et-concentre-eclaircissant-anti-taches\/#breadcrumb"},"inLanguage":"en-GB","potentialAction":[{"@type":"ReadAction","target":["https:\/\/glowpremium.fr\/produit-eclaircissant\/lait-et-concentre-eclaircissant-anti-taches\/"]}]},{"@type":"ImageObject","inLanguage":"en-GB","@id":"https:\/\/glowpremium.fr\/produit-eclaircissant\/lait-et-concentre-eclaircissant-anti-taches\/#primaryimage","url":"https:\/\/glowpremium.fr\/wp-content\/uploads\/2024\/10\/3e03b54d-8b44-4d13-ab42-9636395ad6d6-2.jpg","contentUrl":"https:\/\/glowpremium.fr\/wp-content\/uploads\/2024\/10\/3e03b54d-8b44-4d13-ab42-9636395ad6d6-2.jpg","width":1589,"height":1831},{"@type":"BreadcrumbList","@id":"https:\/\/glowpremium.fr\/produit-eclaircissant\/lait-et-concentre-eclaircissant-anti-taches\/#breadcrumb","itemListElement":[{"@type":"ListItem","position":1,"name":"Accueil","item":"https:\/\/glowpremium.fr\/"},{"@type":"ListItem","position":2,"name":"Boutique","item":"https:\/\/glowpremium.fr\/boutique-produits-eclaircissants\/"},{"@type":"ListItem","position":3,"name":"Lait et concentr\u00e9 \u00e9claircissant anti t\u00e2ches Au glutathione"}]},{"@type":"WebSite","@id":"https:\/\/glowpremium.fr\/#website","url":"https:\/\/glowpremium.fr\/","name":"Glow Premium","description":"","publisher":{"@id":"https:\/\/glowpremium.fr\/#organization"},"potentialAction":[{"@type":"SearchAction","target":{"@type":"EntryPoint","urlTemplate":"https:\/\/glowpremium.fr\/?s={search_term_string}"},"query-input":{"@type":"PropertyValueSpecification","valueRequired":true,"valueName":"search_term_string"}}],"inLanguage":"en-GB"},{"@type":"Organization","@id":"https:\/\/glowpremium.fr\/#organization","name":"Glow Premium","url":"https:\/\/glowpremium.fr\/","logo":{"@type":"ImageObject","inLanguage":"en-GB","@id":"https:\/\/glowpremium.fr\/#\/schema\/logo\/image\/","url":"https:\/\/glowpremium.fr\/wp-content\/uploads\/2024\/10\/screenshot_20241029_034909_chrome.jpg","contentUrl":"https:\/\/glowpremium.fr\/wp-content\/uploads\/2024\/10\/screenshot_20241029_034909_chrome.jpg","width":866,"height":937,"caption":"Glow Premium"},"image":{"@id":"https:\/\/glowpremium.fr\/#\/schema\/logo\/image\/"}}]}},"_links":{"self":[{"href":"https:\/\/glowpremium.fr\/en\/wp-json\/wp\/v2\/product\/8050","targetHints":{"allow":["GET"]}}],"collection":[{"href":"https:\/\/glowpremium.fr\/en\/wp-json\/wp\/v2\/product"}],"about":[{"href":"https:\/\/glowpremium.fr\/en\/wp-json\/wp\/v2\/types\/product"}],"replies":[{"embeddable":true,"href":"https:\/\/glowpremium.fr\/en\/wp-json\/wp\/v2\/comments?post=8050"}],"version-history":[{"count":3,"href":"https:\/\/glowpremium.fr\/en\/wp-json\/wp\/v2\/product\/8050\/revisions"}],"predecessor-version":[{"id":8264,"href":"https:\/\/glowpremium.fr\/en\/wp-json\/wp\/v2\/product\/8050\/revisions\/8264"}],"wp:featuredmedia":[{"embeddable":true,"href":"https:\/\/glowpremium.fr\/en\/wp-json\/wp\/v2\/media\/6178"}],"wp:attachment":[{"href":"https:\/\/glowpremium.fr\/en\/wp-json\/wp\/v2\/media?parent=8050"}],"wp:term":[{"taxonomy":"brand","embeddable":true,"href":"https:\/\/glowpremium.fr\/en\/wp-json\/wp\/v2\/etheme_brands?post=8050"},{"taxonomy":"product_brand","embeddable":true,"href":"https:\/\/glowpremium.fr\/en\/wp-json\/wp\/v2\/product_brand?post=8050"},{"taxonomy":"product_cat","embeddable":true,"href":"https:\/\/glowpremium.fr\/en\/wp-json\/wp\/v2\/product_cat?post=8050"},{"taxonomy":"product_tag","embeddable":true,"href":"https:\/\/glowpremium.fr\/en\/wp-json\/wp\/v2\/product_tag?post=8050"}],"curies":[{"name":"wp","href":"https:\/\/api.w.org\/{rel}","templated":true}]}}