{"id":8047,"date":"2024-11-20T13:28:54","date_gmt":"2024-11-20T12:28:54","guid":{"rendered":"https:\/\/glowpremium.fr\/?post_type=product&#038;p=8047"},"modified":"2024-11-20T20:44:30","modified_gmt":"2024-11-20T19:44:30","slug":"concentre-super-eclaircissant-teint-sucre-gluta","status":"publish","type":"product","link":"https:\/\/glowpremium.fr\/en\/lightening-product\/super-complexion-lightening-concentrate-gluta-sugar\/","title":{"rendered":"Super-brightening Glutathione Sugar Complexion Concentrate"},"content":{"rendered":"<div data-elementor-type=\"product-post\" data-elementor-id=\"8047\" class=\"elementor elementor-8047\" data-elementor-post-type=\"product\">\n\t\t\t\t\t\t<section class=\"elementor-section elementor-top-section elementor-element elementor-element-3a50c5a8 elementor-section-boxed elementor-section-height-default elementor-section-height-default\" data-id=\"3a50c5a8\" data-element_type=\"section\">\n\t\t\t\t\t\t<div class=\"elementor-container elementor-column-gap-default\">\n\t\t\t\t\t<div class=\"elementor-column elementor-col-100 elementor-top-column elementor-element elementor-element-419188fc\" data-id=\"419188fc\" data-element_type=\"column\">\n\t\t\t<div class=\"elementor-widget-wrap elementor-element-populated\">\n\t\t\t\t\t\t<div class=\"elementor-element elementor-element-1cc065ab elementor-widget elementor-widget-text-editor\" data-id=\"1cc065ab\" data-element_type=\"widget\" data-widget_type=\"text-editor.default\">\n\t\t\t\t<div class=\"elementor-widget-container\">\n\t\t\t\t\t\t\t\t\t<p><strong>How to use :<p>Apply morning and night to thoroughly cleansed skin. Results: Clearer, whiter, younger-looking skin. Dermatologist-recommended.<p>\u00a0<p><strong>Recommendation:<p>Hydroquin free. Do not apply before or after exposure to the sun.<p>\u00a0<p><strong>Composition:<p>Glutathione tablet, hyaluronic acid, vitamin C, collagen, arburtine, essential oils, coenzyme Q10, UV and UVB protection.\t\t\t\t\t\t\t\t<\/div>\n\t\t\t\t<\/div>\n\t\t\t\t\t<\/div>\n\t\t<\/div>\n\t\t\t\t\t<\/div>\n\t\t<\/section>\n\t\t\t\t<\/div>","protected":false},"excerpt":{"rendered":"<p>Teint sucr\u00e9 Glutathione comprim\u00e9 concentrate moisturises the skin.<\/p>\n<p>Its main ingredients are:<\/p>\n<p>glutathione, vitamin C , hyaluronic acid, vitamin C, and Collagen, which will make your skin radiant.<\/p>\n<p>It contains Glutathione tablets, which have brightening properties that also help to cleanse impurities from skin cells.  The effect of hyaluronic acid makes your skin smoother, younger-looking, clearer and softer in just 5 days.<\/p>","protected":false},"featured_media":8115,"comment_status":"closed","ping_status":"closed","template":"","meta":[],"etheme_brands":[],"product_brand":[],"product_cat":[80,93],"product_tag":[],"class_list":{"0":"post-8047","1":"product","2":"type-product","3":"status-publish","4":"has-post-thumbnail","6":"product_cat-blanchissants-et-eclaircissants","7":"product_cat-concentres-eclaircissants-clarifiants-blanchissants","9":"first","10":"instock","11":"shipping-taxable","12":"purchasable","13":"product-type-simple"},"yoast_head":"<!-- This site is optimized with the Yoast SEO plugin v26.7 - https:\/\/yoast.com\/wordpress\/plugins\/seo\/ -->\n<title>Concentr\u00e9 super \u00e9claircissant Teint Sucr\u00e9 Glutathion - Glow Premium<\/title>\n<meta name=\"description\" content=\"Bouclier anti-tachesTeint lumineuxUniformisation\u00c9clat naturelCorrection des taches Peau rayonnante peau \u00e9clatante blanchissante beaut\u00e9 de la peau claire\" \/>\n<meta name=\"robots\" content=\"index, follow, max-snippet:-1, max-image-preview:large, max-video-preview:-1\" \/>\n<link rel=\"canonical\" href=\"https:\/\/glowpremium.fr\/en\/lightening-product\/super-complexion-lightening-concentrate-gluta-sugar\/\" \/>\n<meta property=\"og:locale\" content=\"en_GB\" \/>\n<meta property=\"og:type\" content=\"article\" \/>\n<meta property=\"og:title\" content=\"Concentr\u00e9 super \u00e9claircissant Teint Sucr\u00e9 Glutathion - Glow Premium\" \/>\n<meta property=\"og:description\" content=\"Bouclier anti-tachesTeint lumineuxUniformisation\u00c9clat naturelCorrection des taches Peau rayonnante peau \u00e9clatante blanchissante beaut\u00e9 de la peau claire\" \/>\n<meta property=\"og:url\" content=\"https:\/\/glowpremium.fr\/en\/lightening-product\/super-complexion-lightening-concentrate-gluta-sugar\/\" \/>\n<meta property=\"og:site_name\" content=\"Glow Premium\" \/>\n<meta property=\"article:modified_time\" content=\"2024-11-20T19:44:30+00:00\" \/>\n<meta property=\"og:image\" content=\"https:\/\/glowpremium.fr\/wp-content\/uploads\/2024\/11\/2ad8581b-b77d-49bf-89b1-9ba08ad0a59a.jpg\" \/>\n\t<meta property=\"og:image:width\" content=\"1600\" \/>\n\t<meta property=\"og:image:height\" content=\"1453\" \/>\n\t<meta property=\"og:image:type\" content=\"image\/jpeg\" \/>\n<meta name=\"twitter:card\" content=\"summary_large_image\" \/>\n<meta name=\"twitter:label1\" content=\"Estimated reading time\" \/>\n\t<meta name=\"twitter:data1\" content=\"1 minute\" \/>\n<script type=\"application\/ld+json\" class=\"yoast-schema-graph\">{\"@context\":\"https:\/\/schema.org\",\"@graph\":[{\"@type\":\"WebPage\",\"@id\":\"https:\/\/glowpremium.fr\/produit-eclaircissant\/concentre-super-eclaircissant-teint-sucre-gluta\/\",\"url\":\"https:\/\/glowpremium.fr\/produit-eclaircissant\/concentre-super-eclaircissant-teint-sucre-gluta\/\",\"name\":\"Concentr\u00e9 super \u00e9claircissant Teint Sucr\u00e9 Glutathion - Glow Premium\",\"isPartOf\":{\"@id\":\"https:\/\/glowpremium.fr\/#website\"},\"primaryImageOfPage\":{\"@id\":\"https:\/\/glowpremium.fr\/produit-eclaircissant\/concentre-super-eclaircissant-teint-sucre-gluta\/#primaryimage\"},\"image\":{\"@id\":\"https:\/\/glowpremium.fr\/produit-eclaircissant\/concentre-super-eclaircissant-teint-sucre-gluta\/#primaryimage\"},\"thumbnailUrl\":\"https:\/\/glowpremium.fr\/wp-content\/uploads\/2024\/11\/2ad8581b-b77d-49bf-89b1-9ba08ad0a59a.jpg\",\"datePublished\":\"2024-11-20T12:28:54+00:00\",\"dateModified\":\"2024-11-20T19:44:30+00:00\",\"description\":\"Bouclier anti-tachesTeint lumineuxUniformisation\u00c9clat naturelCorrection des taches Peau rayonnante peau \u00e9clatante blanchissante beaut\u00e9 de la peau claire\",\"breadcrumb\":{\"@id\":\"https:\/\/glowpremium.fr\/produit-eclaircissant\/concentre-super-eclaircissant-teint-sucre-gluta\/#breadcrumb\"},\"inLanguage\":\"en-GB\",\"potentialAction\":[{\"@type\":\"ReadAction\",\"target\":[\"https:\/\/glowpremium.fr\/produit-eclaircissant\/concentre-super-eclaircissant-teint-sucre-gluta\/\"]}]},{\"@type\":\"ImageObject\",\"inLanguage\":\"en-GB\",\"@id\":\"https:\/\/glowpremium.fr\/produit-eclaircissant\/concentre-super-eclaircissant-teint-sucre-gluta\/#primaryimage\",\"url\":\"https:\/\/glowpremium.fr\/wp-content\/uploads\/2024\/11\/2ad8581b-b77d-49bf-89b1-9ba08ad0a59a.jpg\",\"contentUrl\":\"https:\/\/glowpremium.fr\/wp-content\/uploads\/2024\/11\/2ad8581b-b77d-49bf-89b1-9ba08ad0a59a.jpg\",\"width\":1600,\"height\":1453},{\"@type\":\"BreadcrumbList\",\"@id\":\"https:\/\/glowpremium.fr\/produit-eclaircissant\/concentre-super-eclaircissant-teint-sucre-gluta\/#breadcrumb\",\"itemListElement\":[{\"@type\":\"ListItem\",\"position\":1,\"name\":\"Accueil\",\"item\":\"https:\/\/glowpremium.fr\/\"},{\"@type\":\"ListItem\",\"position\":2,\"name\":\"Boutique\",\"item\":\"https:\/\/glowpremium.fr\/boutique-produits-eclaircissants\/\"},{\"@type\":\"ListItem\",\"position\":3,\"name\":\"Concentr\u00e9 super \u00e9claircissant Teint Sucr\u00e9 Glutathion\"}]},{\"@type\":\"WebSite\",\"@id\":\"https:\/\/glowpremium.fr\/#website\",\"url\":\"https:\/\/glowpremium.fr\/\",\"name\":\"Glow Premium\",\"description\":\"\",\"publisher\":{\"@id\":\"https:\/\/glowpremium.fr\/#organization\"},\"potentialAction\":[{\"@type\":\"SearchAction\",\"target\":{\"@type\":\"EntryPoint\",\"urlTemplate\":\"https:\/\/glowpremium.fr\/?s={search_term_string}\"},\"query-input\":{\"@type\":\"PropertyValueSpecification\",\"valueRequired\":true,\"valueName\":\"search_term_string\"}}],\"inLanguage\":\"en-GB\"},{\"@type\":\"Organization\",\"@id\":\"https:\/\/glowpremium.fr\/#organization\",\"name\":\"Glow Premium\",\"url\":\"https:\/\/glowpremium.fr\/\",\"logo\":{\"@type\":\"ImageObject\",\"inLanguage\":\"en-GB\",\"@id\":\"https:\/\/glowpremium.fr\/#\/schema\/logo\/image\/\",\"url\":\"https:\/\/glowpremium.fr\/wp-content\/uploads\/2024\/10\/screenshot_20241029_034909_chrome.jpg\",\"contentUrl\":\"https:\/\/glowpremium.fr\/wp-content\/uploads\/2024\/10\/screenshot_20241029_034909_chrome.jpg\",\"width\":866,\"height\":937,\"caption\":\"Glow Premium\"},\"image\":{\"@id\":\"https:\/\/glowpremium.fr\/#\/schema\/logo\/image\/\"}}]}<\/script>\n<!-- \/ Yoast SEO plugin. -->","yoast_head_json":{"title":"Concentr\u00e9 super \u00e9claircissant Teint Sucr\u00e9 Glutathion - Glow Premium","description":"Bouclier anti-tachesTeint lumineuxUniformisation\u00c9clat naturelCorrection des taches Peau rayonnante peau \u00e9clatante blanchissante beaut\u00e9 de la peau claire","robots":{"index":"index","follow":"follow","max-snippet":"max-snippet:-1","max-image-preview":"max-image-preview:large","max-video-preview":"max-video-preview:-1"},"canonical":"https:\/\/glowpremium.fr\/en\/lightening-product\/super-complexion-lightening-concentrate-gluta-sugar\/","og_locale":"en_GB","og_type":"article","og_title":"Concentr\u00e9 super \u00e9claircissant Teint Sucr\u00e9 Glutathion - Glow Premium","og_description":"Bouclier anti-tachesTeint lumineuxUniformisation\u00c9clat naturelCorrection des taches Peau rayonnante peau \u00e9clatante blanchissante beaut\u00e9 de la peau claire","og_url":"https:\/\/glowpremium.fr\/en\/lightening-product\/super-complexion-lightening-concentrate-gluta-sugar\/","og_site_name":"Glow Premium","article_modified_time":"2024-11-20T19:44:30+00:00","og_image":[{"width":1600,"height":1453,"url":"https:\/\/glowpremium.fr\/wp-content\/uploads\/2024\/11\/2ad8581b-b77d-49bf-89b1-9ba08ad0a59a.jpg","type":"image\/jpeg"}],"twitter_card":"summary_large_image","twitter_misc":{"Estimated reading time":"1 minute"},"schema":{"@context":"https:\/\/schema.org","@graph":[{"@type":"WebPage","@id":"https:\/\/glowpremium.fr\/produit-eclaircissant\/concentre-super-eclaircissant-teint-sucre-gluta\/","url":"https:\/\/glowpremium.fr\/produit-eclaircissant\/concentre-super-eclaircissant-teint-sucre-gluta\/","name":"Concentr\u00e9 super \u00e9claircissant Teint Sucr\u00e9 Glutathion - Glow Premium","isPartOf":{"@id":"https:\/\/glowpremium.fr\/#website"},"primaryImageOfPage":{"@id":"https:\/\/glowpremium.fr\/produit-eclaircissant\/concentre-super-eclaircissant-teint-sucre-gluta\/#primaryimage"},"image":{"@id":"https:\/\/glowpremium.fr\/produit-eclaircissant\/concentre-super-eclaircissant-teint-sucre-gluta\/#primaryimage"},"thumbnailUrl":"https:\/\/glowpremium.fr\/wp-content\/uploads\/2024\/11\/2ad8581b-b77d-49bf-89b1-9ba08ad0a59a.jpg","datePublished":"2024-11-20T12:28:54+00:00","dateModified":"2024-11-20T19:44:30+00:00","description":"Bouclier anti-tachesTeint lumineuxUniformisation\u00c9clat naturelCorrection des taches Peau rayonnante peau \u00e9clatante blanchissante beaut\u00e9 de la peau claire","breadcrumb":{"@id":"https:\/\/glowpremium.fr\/produit-eclaircissant\/concentre-super-eclaircissant-teint-sucre-gluta\/#breadcrumb"},"inLanguage":"en-GB","potentialAction":[{"@type":"ReadAction","target":["https:\/\/glowpremium.fr\/produit-eclaircissant\/concentre-super-eclaircissant-teint-sucre-gluta\/"]}]},{"@type":"ImageObject","inLanguage":"en-GB","@id":"https:\/\/glowpremium.fr\/produit-eclaircissant\/concentre-super-eclaircissant-teint-sucre-gluta\/#primaryimage","url":"https:\/\/glowpremium.fr\/wp-content\/uploads\/2024\/11\/2ad8581b-b77d-49bf-89b1-9ba08ad0a59a.jpg","contentUrl":"https:\/\/glowpremium.fr\/wp-content\/uploads\/2024\/11\/2ad8581b-b77d-49bf-89b1-9ba08ad0a59a.jpg","width":1600,"height":1453},{"@type":"BreadcrumbList","@id":"https:\/\/glowpremium.fr\/produit-eclaircissant\/concentre-super-eclaircissant-teint-sucre-gluta\/#breadcrumb","itemListElement":[{"@type":"ListItem","position":1,"name":"Accueil","item":"https:\/\/glowpremium.fr\/"},{"@type":"ListItem","position":2,"name":"Boutique","item":"https:\/\/glowpremium.fr\/boutique-produits-eclaircissants\/"},{"@type":"ListItem","position":3,"name":"Concentr\u00e9 super \u00e9claircissant Teint Sucr\u00e9 Glutathion"}]},{"@type":"WebSite","@id":"https:\/\/glowpremium.fr\/#website","url":"https:\/\/glowpremium.fr\/","name":"Glow Premium","description":"","publisher":{"@id":"https:\/\/glowpremium.fr\/#organization"},"potentialAction":[{"@type":"SearchAction","target":{"@type":"EntryPoint","urlTemplate":"https:\/\/glowpremium.fr\/?s={search_term_string}"},"query-input":{"@type":"PropertyValueSpecification","valueRequired":true,"valueName":"search_term_string"}}],"inLanguage":"en-GB"},{"@type":"Organization","@id":"https:\/\/glowpremium.fr\/#organization","name":"Glow Premium","url":"https:\/\/glowpremium.fr\/","logo":{"@type":"ImageObject","inLanguage":"en-GB","@id":"https:\/\/glowpremium.fr\/#\/schema\/logo\/image\/","url":"https:\/\/glowpremium.fr\/wp-content\/uploads\/2024\/10\/screenshot_20241029_034909_chrome.jpg","contentUrl":"https:\/\/glowpremium.fr\/wp-content\/uploads\/2024\/10\/screenshot_20241029_034909_chrome.jpg","width":866,"height":937,"caption":"Glow Premium"},"image":{"@id":"https:\/\/glowpremium.fr\/#\/schema\/logo\/image\/"}}]}},"_links":{"self":[{"href":"https:\/\/glowpremium.fr\/en\/wp-json\/wp\/v2\/product\/8047","targetHints":{"allow":["GET"]}}],"collection":[{"href":"https:\/\/glowpremium.fr\/en\/wp-json\/wp\/v2\/product"}],"about":[{"href":"https:\/\/glowpremium.fr\/en\/wp-json\/wp\/v2\/types\/product"}],"replies":[{"embeddable":true,"href":"https:\/\/glowpremium.fr\/en\/wp-json\/wp\/v2\/comments?post=8047"}],"version-history":[{"count":3,"href":"https:\/\/glowpremium.fr\/en\/wp-json\/wp\/v2\/product\/8047\/revisions"}],"predecessor-version":[{"id":8242,"href":"https:\/\/glowpremium.fr\/en\/wp-json\/wp\/v2\/product\/8047\/revisions\/8242"}],"wp:featuredmedia":[{"embeddable":true,"href":"https:\/\/glowpremium.fr\/en\/wp-json\/wp\/v2\/media\/8115"}],"wp:attachment":[{"href":"https:\/\/glowpremium.fr\/en\/wp-json\/wp\/v2\/media?parent=8047"}],"wp:term":[{"taxonomy":"brand","embeddable":true,"href":"https:\/\/glowpremium.fr\/en\/wp-json\/wp\/v2\/etheme_brands?post=8047"},{"taxonomy":"product_brand","embeddable":true,"href":"https:\/\/glowpremium.fr\/en\/wp-json\/wp\/v2\/product_brand?post=8047"},{"taxonomy":"product_cat","embeddable":true,"href":"https:\/\/glowpremium.fr\/en\/wp-json\/wp\/v2\/product_cat?post=8047"},{"taxonomy":"product_tag","embeddable":true,"href":"https:\/\/glowpremium.fr\/en\/wp-json\/wp\/v2\/product_tag?post=8047"}],"curies":[{"name":"wp","href":"https:\/\/api.w.org\/{rel}","templated":true}]}}