{"id":8040,"date":"2024-11-20T13:28:53","date_gmt":"2024-11-20T12:28:53","guid":{"rendered":"https:\/\/glowpremium.fr\/?post_type=product&#038;p=8040"},"modified":"2024-11-30T01:41:20","modified_gmt":"2024-11-30T00:41:20","slug":"concentre-anti-taches-le-laveur-de-teint","status":"publish","type":"product","link":"https:\/\/glowpremium.fr\/en\/lightening-product\/anti-spot-concentrate-complexion-washer\/","title":{"rendered":"Concentr\u00e9 Anti-T\u00e2ches le laver de teint Uniformise Illuminate"},"content":{"rendered":"<p><strong>How to use :<\/strong><\/p>\n<p>Apply morning and night to thoroughly cleansed skin. Results: Clearer, whiter, younger-looking skin. Dermatologist-recommended.<\/p>\n<p><strong>Recommendation:<\/strong><\/p>\n<p>Do not apply before or after exposure to the sun.<\/p>\n<p><strong>Composition:<\/strong><\/p>\n<p>vitamin E honey<\/p>","protected":false},"excerpt":{"rendered":"<p>Step 1 and 2 complexion washer with vitamin A and honey extracts is a complex developed to clarify, moisturise and purify your refreshed complexion. It makes your complexion so radiant. Extracted from honey, the cleanser is made up mainly of water and graces, making it an excellent water-binding agent that can lock into your skin cells and keep them very, very soft and supple, leaving your skin clearer, younger-looking, softer to the touch and perfectly hydrated for fresher skin.<\/p>","protected":false},"featured_media":8095,"comment_status":"closed","ping_status":"closed","template":"","meta":[],"etheme_brands":[],"product_brand":[],"product_cat":[92,93],"product_tag":[],"class_list":{"0":"post-8040","1":"product","2":"type-product","3":"status-publish","4":"has-post-thumbnail","6":"product_cat-clarifiants-blanchissants","7":"product_cat-concentres-eclaircissants-clarifiants-blanchissants","9":"first","10":"instock","11":"shipping-taxable","12":"purchasable","13":"product-type-simple"},"yoast_head":"<!-- This site is optimized with the Yoast SEO plugin v26.7 - https:\/\/yoast.com\/wordpress\/plugins\/seo\/ -->\n<title>Concentr\u00e9 Anti-T\u00e2ches le laveur de teint Uniformise Illumine - Glow Premium<\/title>\n<meta name=\"description\" content=\"\u00c9clat naturelPeau lumineuse \u00c9claircissement progressif Teint uniforme R\u00e9duction des taches Correction des imperfections Peau radieuse Ingr\u00e9dients tendance\" \/>\n<meta name=\"robots\" content=\"index, follow, max-snippet:-1, max-image-preview:large, max-video-preview:-1\" \/>\n<link rel=\"canonical\" href=\"https:\/\/glowpremium.fr\/en\/lightening-product\/anti-spot-concentrate-complexion-washer\/\" \/>\n<meta property=\"og:locale\" content=\"en_GB\" \/>\n<meta property=\"og:type\" content=\"article\" \/>\n<meta property=\"og:title\" content=\"Concentr\u00e9 Anti-T\u00e2ches le laveur de teint Uniformise Illumine - Glow Premium\" \/>\n<meta property=\"og:description\" content=\"\u00c9clat naturelPeau lumineuse \u00c9claircissement progressif Teint uniforme R\u00e9duction des taches Correction des imperfections Peau radieuse Ingr\u00e9dients tendance\" \/>\n<meta property=\"og:url\" content=\"https:\/\/glowpremium.fr\/en\/lightening-product\/anti-spot-concentrate-complexion-washer\/\" \/>\n<meta property=\"og:site_name\" content=\"Glow Premium\" \/>\n<meta property=\"article:modified_time\" content=\"2024-11-30T00:41:20+00:00\" \/>\n<meta property=\"og:image\" content=\"https:\/\/glowpremium.fr\/wp-content\/uploads\/2024\/11\/PhotoRoom-20230102_001310.png\" \/>\n\t<meta property=\"og:image:width\" content=\"2000\" \/>\n\t<meta property=\"og:image:height\" content=\"1817\" \/>\n\t<meta property=\"og:image:type\" content=\"image\/png\" \/>\n<meta name=\"twitter:card\" content=\"summary_large_image\" \/>\n<meta name=\"twitter:label1\" content=\"Estimated reading time\" \/>\n\t<meta name=\"twitter:data1\" content=\"1 minute\" \/>\n<script type=\"application\/ld+json\" class=\"yoast-schema-graph\">{\"@context\":\"https:\/\/schema.org\",\"@graph\":[{\"@type\":\"WebPage\",\"@id\":\"https:\/\/glowpremium.fr\/produit-eclaircissant\/concentre-anti-taches-le-laveur-de-teint\/\",\"url\":\"https:\/\/glowpremium.fr\/produit-eclaircissant\/concentre-anti-taches-le-laveur-de-teint\/\",\"name\":\"Concentr\u00e9 Anti-T\u00e2ches le laveur de teint Uniformise Illumine - Glow Premium\",\"isPartOf\":{\"@id\":\"https:\/\/glowpremium.fr\/#website\"},\"primaryImageOfPage\":{\"@id\":\"https:\/\/glowpremium.fr\/produit-eclaircissant\/concentre-anti-taches-le-laveur-de-teint\/#primaryimage\"},\"image\":{\"@id\":\"https:\/\/glowpremium.fr\/produit-eclaircissant\/concentre-anti-taches-le-laveur-de-teint\/#primaryimage\"},\"thumbnailUrl\":\"https:\/\/glowpremium.fr\/wp-content\/uploads\/2024\/11\/PhotoRoom-20230102_001310.png\",\"datePublished\":\"2024-11-20T12:28:53+00:00\",\"dateModified\":\"2024-11-30T00:41:20+00:00\",\"description\":\"\u00c9clat naturelPeau lumineuse \u00c9claircissement progressif Teint uniforme R\u00e9duction des taches Correction des imperfections Peau radieuse Ingr\u00e9dients tendance\",\"breadcrumb\":{\"@id\":\"https:\/\/glowpremium.fr\/produit-eclaircissant\/concentre-anti-taches-le-laveur-de-teint\/#breadcrumb\"},\"inLanguage\":\"en-GB\",\"potentialAction\":[{\"@type\":\"ReadAction\",\"target\":[\"https:\/\/glowpremium.fr\/produit-eclaircissant\/concentre-anti-taches-le-laveur-de-teint\/\"]}]},{\"@type\":\"ImageObject\",\"inLanguage\":\"en-GB\",\"@id\":\"https:\/\/glowpremium.fr\/produit-eclaircissant\/concentre-anti-taches-le-laveur-de-teint\/#primaryimage\",\"url\":\"https:\/\/glowpremium.fr\/wp-content\/uploads\/2024\/11\/PhotoRoom-20230102_001310.png\",\"contentUrl\":\"https:\/\/glowpremium.fr\/wp-content\/uploads\/2024\/11\/PhotoRoom-20230102_001310.png\",\"width\":2000,\"height\":1817},{\"@type\":\"BreadcrumbList\",\"@id\":\"https:\/\/glowpremium.fr\/produit-eclaircissant\/concentre-anti-taches-le-laveur-de-teint\/#breadcrumb\",\"itemListElement\":[{\"@type\":\"ListItem\",\"position\":1,\"name\":\"Accueil\",\"item\":\"https:\/\/glowpremium.fr\/\"},{\"@type\":\"ListItem\",\"position\":2,\"name\":\"Boutique\",\"item\":\"https:\/\/glowpremium.fr\/boutique-produits-eclaircissants\/\"},{\"@type\":\"ListItem\",\"position\":3,\"name\":\"Concentr\u00e9 Anti-T\u00e2ches le laveur de teint Uniformise Illumine\"}]},{\"@type\":\"WebSite\",\"@id\":\"https:\/\/glowpremium.fr\/#website\",\"url\":\"https:\/\/glowpremium.fr\/\",\"name\":\"Glow Premium\",\"description\":\"\",\"publisher\":{\"@id\":\"https:\/\/glowpremium.fr\/#organization\"},\"potentialAction\":[{\"@type\":\"SearchAction\",\"target\":{\"@type\":\"EntryPoint\",\"urlTemplate\":\"https:\/\/glowpremium.fr\/?s={search_term_string}\"},\"query-input\":{\"@type\":\"PropertyValueSpecification\",\"valueRequired\":true,\"valueName\":\"search_term_string\"}}],\"inLanguage\":\"en-GB\"},{\"@type\":\"Organization\",\"@id\":\"https:\/\/glowpremium.fr\/#organization\",\"name\":\"Glow Premium\",\"url\":\"https:\/\/glowpremium.fr\/\",\"logo\":{\"@type\":\"ImageObject\",\"inLanguage\":\"en-GB\",\"@id\":\"https:\/\/glowpremium.fr\/#\/schema\/logo\/image\/\",\"url\":\"https:\/\/glowpremium.fr\/wp-content\/uploads\/2024\/10\/screenshot_20241029_034909_chrome.jpg\",\"contentUrl\":\"https:\/\/glowpremium.fr\/wp-content\/uploads\/2024\/10\/screenshot_20241029_034909_chrome.jpg\",\"width\":866,\"height\":937,\"caption\":\"Glow Premium\"},\"image\":{\"@id\":\"https:\/\/glowpremium.fr\/#\/schema\/logo\/image\/\"}}]}<\/script>\n<!-- \/ Yoast SEO plugin. -->","yoast_head_json":{"title":"Concentr\u00e9 Anti-T\u00e2ches le laveur de teint Uniformise Illumine - Glow Premium","description":"\u00c9clat naturelPeau lumineuse \u00c9claircissement progressif Teint uniforme R\u00e9duction des taches Correction des imperfections Peau radieuse Ingr\u00e9dients tendance","robots":{"index":"index","follow":"follow","max-snippet":"max-snippet:-1","max-image-preview":"max-image-preview:large","max-video-preview":"max-video-preview:-1"},"canonical":"https:\/\/glowpremium.fr\/en\/lightening-product\/anti-spot-concentrate-complexion-washer\/","og_locale":"en_GB","og_type":"article","og_title":"Concentr\u00e9 Anti-T\u00e2ches le laveur de teint Uniformise Illumine - Glow Premium","og_description":"\u00c9clat naturelPeau lumineuse \u00c9claircissement progressif Teint uniforme R\u00e9duction des taches Correction des imperfections Peau radieuse Ingr\u00e9dients tendance","og_url":"https:\/\/glowpremium.fr\/en\/lightening-product\/anti-spot-concentrate-complexion-washer\/","og_site_name":"Glow Premium","article_modified_time":"2024-11-30T00:41:20+00:00","og_image":[{"width":2000,"height":1817,"url":"https:\/\/glowpremium.fr\/wp-content\/uploads\/2024\/11\/PhotoRoom-20230102_001310.png","type":"image\/png"}],"twitter_card":"summary_large_image","twitter_misc":{"Estimated reading time":"1 minute"},"schema":{"@context":"https:\/\/schema.org","@graph":[{"@type":"WebPage","@id":"https:\/\/glowpremium.fr\/produit-eclaircissant\/concentre-anti-taches-le-laveur-de-teint\/","url":"https:\/\/glowpremium.fr\/produit-eclaircissant\/concentre-anti-taches-le-laveur-de-teint\/","name":"Concentr\u00e9 Anti-T\u00e2ches le laveur de teint Uniformise Illumine - Glow Premium","isPartOf":{"@id":"https:\/\/glowpremium.fr\/#website"},"primaryImageOfPage":{"@id":"https:\/\/glowpremium.fr\/produit-eclaircissant\/concentre-anti-taches-le-laveur-de-teint\/#primaryimage"},"image":{"@id":"https:\/\/glowpremium.fr\/produit-eclaircissant\/concentre-anti-taches-le-laveur-de-teint\/#primaryimage"},"thumbnailUrl":"https:\/\/glowpremium.fr\/wp-content\/uploads\/2024\/11\/PhotoRoom-20230102_001310.png","datePublished":"2024-11-20T12:28:53+00:00","dateModified":"2024-11-30T00:41:20+00:00","description":"\u00c9clat naturelPeau lumineuse \u00c9claircissement progressif Teint uniforme R\u00e9duction des taches Correction des imperfections Peau radieuse Ingr\u00e9dients tendance","breadcrumb":{"@id":"https:\/\/glowpremium.fr\/produit-eclaircissant\/concentre-anti-taches-le-laveur-de-teint\/#breadcrumb"},"inLanguage":"en-GB","potentialAction":[{"@type":"ReadAction","target":["https:\/\/glowpremium.fr\/produit-eclaircissant\/concentre-anti-taches-le-laveur-de-teint\/"]}]},{"@type":"ImageObject","inLanguage":"en-GB","@id":"https:\/\/glowpremium.fr\/produit-eclaircissant\/concentre-anti-taches-le-laveur-de-teint\/#primaryimage","url":"https:\/\/glowpremium.fr\/wp-content\/uploads\/2024\/11\/PhotoRoom-20230102_001310.png","contentUrl":"https:\/\/glowpremium.fr\/wp-content\/uploads\/2024\/11\/PhotoRoom-20230102_001310.png","width":2000,"height":1817},{"@type":"BreadcrumbList","@id":"https:\/\/glowpremium.fr\/produit-eclaircissant\/concentre-anti-taches-le-laveur-de-teint\/#breadcrumb","itemListElement":[{"@type":"ListItem","position":1,"name":"Accueil","item":"https:\/\/glowpremium.fr\/"},{"@type":"ListItem","position":2,"name":"Boutique","item":"https:\/\/glowpremium.fr\/boutique-produits-eclaircissants\/"},{"@type":"ListItem","position":3,"name":"Concentr\u00e9 Anti-T\u00e2ches le laveur de teint Uniformise Illumine"}]},{"@type":"WebSite","@id":"https:\/\/glowpremium.fr\/#website","url":"https:\/\/glowpremium.fr\/","name":"Glow Premium","description":"","publisher":{"@id":"https:\/\/glowpremium.fr\/#organization"},"potentialAction":[{"@type":"SearchAction","target":{"@type":"EntryPoint","urlTemplate":"https:\/\/glowpremium.fr\/?s={search_term_string}"},"query-input":{"@type":"PropertyValueSpecification","valueRequired":true,"valueName":"search_term_string"}}],"inLanguage":"en-GB"},{"@type":"Organization","@id":"https:\/\/glowpremium.fr\/#organization","name":"Glow Premium","url":"https:\/\/glowpremium.fr\/","logo":{"@type":"ImageObject","inLanguage":"en-GB","@id":"https:\/\/glowpremium.fr\/#\/schema\/logo\/image\/","url":"https:\/\/glowpremium.fr\/wp-content\/uploads\/2024\/10\/screenshot_20241029_034909_chrome.jpg","contentUrl":"https:\/\/glowpremium.fr\/wp-content\/uploads\/2024\/10\/screenshot_20241029_034909_chrome.jpg","width":866,"height":937,"caption":"Glow Premium"},"image":{"@id":"https:\/\/glowpremium.fr\/#\/schema\/logo\/image\/"}}]}},"_links":{"self":[{"href":"https:\/\/glowpremium.fr\/en\/wp-json\/wp\/v2\/product\/8040","targetHints":{"allow":["GET"]}}],"collection":[{"href":"https:\/\/glowpremium.fr\/en\/wp-json\/wp\/v2\/product"}],"about":[{"href":"https:\/\/glowpremium.fr\/en\/wp-json\/wp\/v2\/types\/product"}],"replies":[{"embeddable":true,"href":"https:\/\/glowpremium.fr\/en\/wp-json\/wp\/v2\/comments?post=8040"}],"version-history":[{"count":3,"href":"https:\/\/glowpremium.fr\/en\/wp-json\/wp\/v2\/product\/8040\/revisions"}],"predecessor-version":[{"id":8461,"href":"https:\/\/glowpremium.fr\/en\/wp-json\/wp\/v2\/product\/8040\/revisions\/8461"}],"wp:featuredmedia":[{"embeddable":true,"href":"https:\/\/glowpremium.fr\/en\/wp-json\/wp\/v2\/media\/8095"}],"wp:attachment":[{"href":"https:\/\/glowpremium.fr\/en\/wp-json\/wp\/v2\/media?parent=8040"}],"wp:term":[{"taxonomy":"brand","embeddable":true,"href":"https:\/\/glowpremium.fr\/en\/wp-json\/wp\/v2\/etheme_brands?post=8040"},{"taxonomy":"product_brand","embeddable":true,"href":"https:\/\/glowpremium.fr\/en\/wp-json\/wp\/v2\/product_brand?post=8040"},{"taxonomy":"product_cat","embeddable":true,"href":"https:\/\/glowpremium.fr\/en\/wp-json\/wp\/v2\/product_cat?post=8040"},{"taxonomy":"product_tag","embeddable":true,"href":"https:\/\/glowpremium.fr\/en\/wp-json\/wp\/v2\/product_tag?post=8040"}],"curies":[{"name":"wp","href":"https:\/\/api.w.org\/{rel}","templated":true}]}}