{"id":7966,"date":"2024-11-20T13:28:08","date_gmt":"2024-11-20T12:28:08","guid":{"rendered":"https:\/\/glowpremium.fr\/?post_type=product&#038;p=7966"},"modified":"2024-11-30T02:14:11","modified_gmt":"2024-11-30T01:14:11","slug":"concentre-super-eclaircissant-teint-chinois","status":"publish","type":"product","link":"https:\/\/glowpremium.fr\/en\/lightening-product\/chinese-complexion-super-brightening-concentrate\/","title":{"rendered":"Brightening Concentrate for a radiant Chinese complexion"},"content":{"rendered":"<p><strong>How to use :<\/strong><\/p>\n<p>Apply to dry skin and massage until the milk is absorbed.<br \/>\nApply morning and evening to clean skin.<\/p>\n<p><strong>Recommendation:<\/strong><\/p>\n<p>Avoid contact with the eyes if lesions or irritated skin occur, discontinue use.<\/p>\n<p><strong>Composition: <\/strong><\/p>\n<p>Water, Parraffinum Liquidum Glycerin, Phenoxyethnoal Polyacrylamide, C13-14 Isoparaffin, Chlorphenesin Parfum, laureth-7, Amyl cinnamal, Benzyl salicylate Linalool, Citronellol, Geraniol Coumarin, Alpha-isomethyl Ionone, Limonene, Isoeugenol, Butylphenyl, Methylpropional Eugenol, Sodium Sulfate Ascorbic acidn citric acid.<\/p>","protected":false},"excerpt":{"rendered":"<p>super-lightening face and body concentrate with plant vitamins and fruit acid, formulated by pharmacists for black or combination skin. Its formula is very rich in lightening plant extracts, active ingredients that stop melanin, quickly correct imperfections, remove pimples and prevent them from reappearing.<\/p>","protected":false},"featured_media":8034,"comment_status":"closed","ping_status":"closed","template":"","meta":[],"etheme_brands":[],"product_brand":[],"product_cat":[80,93],"product_tag":[],"class_list":{"0":"post-7966","1":"product","2":"type-product","3":"status-publish","4":"has-post-thumbnail","6":"product_cat-blanchissants-et-eclaircissants","7":"product_cat-concentres-eclaircissants-clarifiants-blanchissants","9":"first","10":"instock","11":"shipping-taxable","12":"purchasable","13":"product-type-simple"},"yoast_head":"<!-- This site is optimized with the Yoast SEO plugin v26.7 - https:\/\/yoast.com\/wordpress\/plugins\/seo\/ -->\n<title>Concentr\u00e9 \u00c9claircissant unifiant anti-t\u00e2ches Teint chinois lumineux - Glow Premium<\/title>\n<meta name=\"description\" content=\"\u00c9clat naturelPeau lumineuse\u00c9claircissement progressifTeint uniformeR\u00e9duction des tachesCorrection des imperfectionsPeau radieuseIngr\u00e9dients vitamine C kojic\" \/>\n<meta name=\"robots\" content=\"index, follow, max-snippet:-1, max-image-preview:large, max-video-preview:-1\" \/>\n<link rel=\"canonical\" href=\"https:\/\/glowpremium.fr\/en\/lightening-product\/chinese-complexion-super-brightening-concentrate\/\" \/>\n<meta property=\"og:locale\" content=\"en_GB\" \/>\n<meta property=\"og:type\" content=\"article\" \/>\n<meta property=\"og:title\" content=\"Concentr\u00e9 \u00c9claircissant unifiant anti-t\u00e2ches Teint chinois lumineux - Glow Premium\" \/>\n<meta property=\"og:description\" content=\"\u00c9clat naturelPeau lumineuse\u00c9claircissement progressifTeint uniformeR\u00e9duction des tachesCorrection des imperfectionsPeau radieuseIngr\u00e9dients vitamine C kojic\" \/>\n<meta property=\"og:url\" content=\"https:\/\/glowpremium.fr\/en\/lightening-product\/chinese-complexion-super-brightening-concentrate\/\" \/>\n<meta property=\"og:site_name\" content=\"Glow Premium\" \/>\n<meta property=\"article:modified_time\" content=\"2024-11-30T01:14:11+00:00\" \/>\n<meta property=\"og:image\" content=\"https:\/\/glowpremium.fr\/wp-content\/uploads\/2024\/11\/PhotoRoom-20230102_010305.png\" \/>\n\t<meta property=\"og:image:width\" content=\"2000\" \/>\n\t<meta property=\"og:image:height\" content=\"1819\" \/>\n\t<meta property=\"og:image:type\" content=\"image\/png\" \/>\n<meta name=\"twitter:card\" content=\"summary_large_image\" \/>\n<meta name=\"twitter:label1\" content=\"Estimated reading time\" \/>\n\t<meta name=\"twitter:data1\" content=\"1 minute\" \/>\n<script type=\"application\/ld+json\" class=\"yoast-schema-graph\">{\"@context\":\"https:\/\/schema.org\",\"@graph\":[{\"@type\":\"WebPage\",\"@id\":\"https:\/\/glowpremium.fr\/produit-eclaircissant\/concentre-super-eclaircissant-teint-chinois\/\",\"url\":\"https:\/\/glowpremium.fr\/produit-eclaircissant\/concentre-super-eclaircissant-teint-chinois\/\",\"name\":\"Concentr\u00e9 \u00c9claircissant unifiant anti-t\u00e2ches Teint chinois lumineux - Glow Premium\",\"isPartOf\":{\"@id\":\"https:\/\/glowpremium.fr\/#website\"},\"primaryImageOfPage\":{\"@id\":\"https:\/\/glowpremium.fr\/produit-eclaircissant\/concentre-super-eclaircissant-teint-chinois\/#primaryimage\"},\"image\":{\"@id\":\"https:\/\/glowpremium.fr\/produit-eclaircissant\/concentre-super-eclaircissant-teint-chinois\/#primaryimage\"},\"thumbnailUrl\":\"https:\/\/glowpremium.fr\/wp-content\/uploads\/2024\/11\/PhotoRoom-20230102_010305.png\",\"datePublished\":\"2024-11-20T12:28:08+00:00\",\"dateModified\":\"2024-11-30T01:14:11+00:00\",\"description\":\"\u00c9clat naturelPeau lumineuse\u00c9claircissement progressifTeint uniformeR\u00e9duction des tachesCorrection des imperfectionsPeau radieuseIngr\u00e9dients vitamine C kojic\",\"breadcrumb\":{\"@id\":\"https:\/\/glowpremium.fr\/produit-eclaircissant\/concentre-super-eclaircissant-teint-chinois\/#breadcrumb\"},\"inLanguage\":\"en-GB\",\"potentialAction\":[{\"@type\":\"ReadAction\",\"target\":[\"https:\/\/glowpremium.fr\/produit-eclaircissant\/concentre-super-eclaircissant-teint-chinois\/\"]}]},{\"@type\":\"ImageObject\",\"inLanguage\":\"en-GB\",\"@id\":\"https:\/\/glowpremium.fr\/produit-eclaircissant\/concentre-super-eclaircissant-teint-chinois\/#primaryimage\",\"url\":\"https:\/\/glowpremium.fr\/wp-content\/uploads\/2024\/11\/PhotoRoom-20230102_010305.png\",\"contentUrl\":\"https:\/\/glowpremium.fr\/wp-content\/uploads\/2024\/11\/PhotoRoom-20230102_010305.png\",\"width\":2000,\"height\":1819},{\"@type\":\"BreadcrumbList\",\"@id\":\"https:\/\/glowpremium.fr\/produit-eclaircissant\/concentre-super-eclaircissant-teint-chinois\/#breadcrumb\",\"itemListElement\":[{\"@type\":\"ListItem\",\"position\":1,\"name\":\"Accueil\",\"item\":\"https:\/\/glowpremium.fr\/\"},{\"@type\":\"ListItem\",\"position\":2,\"name\":\"Boutique\",\"item\":\"https:\/\/glowpremium.fr\/boutique-produits-eclaircissants\/\"},{\"@type\":\"ListItem\",\"position\":3,\"name\":\"Concentr\u00e9 \u00c9claircissant unifiant anti-t\u00e2ches Teint chinois lumineux\"}]},{\"@type\":\"WebSite\",\"@id\":\"https:\/\/glowpremium.fr\/#website\",\"url\":\"https:\/\/glowpremium.fr\/\",\"name\":\"Glow Premium\",\"description\":\"\",\"publisher\":{\"@id\":\"https:\/\/glowpremium.fr\/#organization\"},\"potentialAction\":[{\"@type\":\"SearchAction\",\"target\":{\"@type\":\"EntryPoint\",\"urlTemplate\":\"https:\/\/glowpremium.fr\/?s={search_term_string}\"},\"query-input\":{\"@type\":\"PropertyValueSpecification\",\"valueRequired\":true,\"valueName\":\"search_term_string\"}}],\"inLanguage\":\"en-GB\"},{\"@type\":\"Organization\",\"@id\":\"https:\/\/glowpremium.fr\/#organization\",\"name\":\"Glow Premium\",\"url\":\"https:\/\/glowpremium.fr\/\",\"logo\":{\"@type\":\"ImageObject\",\"inLanguage\":\"en-GB\",\"@id\":\"https:\/\/glowpremium.fr\/#\/schema\/logo\/image\/\",\"url\":\"https:\/\/glowpremium.fr\/wp-content\/uploads\/2024\/10\/screenshot_20241029_034909_chrome.jpg\",\"contentUrl\":\"https:\/\/glowpremium.fr\/wp-content\/uploads\/2024\/10\/screenshot_20241029_034909_chrome.jpg\",\"width\":866,\"height\":937,\"caption\":\"Glow Premium\"},\"image\":{\"@id\":\"https:\/\/glowpremium.fr\/#\/schema\/logo\/image\/\"}}]}<\/script>\n<!-- \/ Yoast SEO plugin. -->","yoast_head_json":{"title":"Concentr\u00e9 \u00c9claircissant unifiant anti-t\u00e2ches Teint chinois lumineux - Glow Premium","description":"\u00c9clat naturelPeau lumineuse\u00c9claircissement progressifTeint uniformeR\u00e9duction des tachesCorrection des imperfectionsPeau radieuseIngr\u00e9dients vitamine C kojic","robots":{"index":"index","follow":"follow","max-snippet":"max-snippet:-1","max-image-preview":"max-image-preview:large","max-video-preview":"max-video-preview:-1"},"canonical":"https:\/\/glowpremium.fr\/en\/lightening-product\/chinese-complexion-super-brightening-concentrate\/","og_locale":"en_GB","og_type":"article","og_title":"Concentr\u00e9 \u00c9claircissant unifiant anti-t\u00e2ches Teint chinois lumineux - Glow Premium","og_description":"\u00c9clat naturelPeau lumineuse\u00c9claircissement progressifTeint uniformeR\u00e9duction des tachesCorrection des imperfectionsPeau radieuseIngr\u00e9dients vitamine C kojic","og_url":"https:\/\/glowpremium.fr\/en\/lightening-product\/chinese-complexion-super-brightening-concentrate\/","og_site_name":"Glow Premium","article_modified_time":"2024-11-30T01:14:11+00:00","og_image":[{"width":2000,"height":1819,"url":"https:\/\/glowpremium.fr\/wp-content\/uploads\/2024\/11\/PhotoRoom-20230102_010305.png","type":"image\/png"}],"twitter_card":"summary_large_image","twitter_misc":{"Estimated reading time":"1 minute"},"schema":{"@context":"https:\/\/schema.org","@graph":[{"@type":"WebPage","@id":"https:\/\/glowpremium.fr\/produit-eclaircissant\/concentre-super-eclaircissant-teint-chinois\/","url":"https:\/\/glowpremium.fr\/produit-eclaircissant\/concentre-super-eclaircissant-teint-chinois\/","name":"Concentr\u00e9 \u00c9claircissant unifiant anti-t\u00e2ches Teint chinois lumineux - Glow Premium","isPartOf":{"@id":"https:\/\/glowpremium.fr\/#website"},"primaryImageOfPage":{"@id":"https:\/\/glowpremium.fr\/produit-eclaircissant\/concentre-super-eclaircissant-teint-chinois\/#primaryimage"},"image":{"@id":"https:\/\/glowpremium.fr\/produit-eclaircissant\/concentre-super-eclaircissant-teint-chinois\/#primaryimage"},"thumbnailUrl":"https:\/\/glowpremium.fr\/wp-content\/uploads\/2024\/11\/PhotoRoom-20230102_010305.png","datePublished":"2024-11-20T12:28:08+00:00","dateModified":"2024-11-30T01:14:11+00:00","description":"\u00c9clat naturelPeau lumineuse\u00c9claircissement progressifTeint uniformeR\u00e9duction des tachesCorrection des imperfectionsPeau radieuseIngr\u00e9dients vitamine C kojic","breadcrumb":{"@id":"https:\/\/glowpremium.fr\/produit-eclaircissant\/concentre-super-eclaircissant-teint-chinois\/#breadcrumb"},"inLanguage":"en-GB","potentialAction":[{"@type":"ReadAction","target":["https:\/\/glowpremium.fr\/produit-eclaircissant\/concentre-super-eclaircissant-teint-chinois\/"]}]},{"@type":"ImageObject","inLanguage":"en-GB","@id":"https:\/\/glowpremium.fr\/produit-eclaircissant\/concentre-super-eclaircissant-teint-chinois\/#primaryimage","url":"https:\/\/glowpremium.fr\/wp-content\/uploads\/2024\/11\/PhotoRoom-20230102_010305.png","contentUrl":"https:\/\/glowpremium.fr\/wp-content\/uploads\/2024\/11\/PhotoRoom-20230102_010305.png","width":2000,"height":1819},{"@type":"BreadcrumbList","@id":"https:\/\/glowpremium.fr\/produit-eclaircissant\/concentre-super-eclaircissant-teint-chinois\/#breadcrumb","itemListElement":[{"@type":"ListItem","position":1,"name":"Accueil","item":"https:\/\/glowpremium.fr\/"},{"@type":"ListItem","position":2,"name":"Boutique","item":"https:\/\/glowpremium.fr\/boutique-produits-eclaircissants\/"},{"@type":"ListItem","position":3,"name":"Concentr\u00e9 \u00c9claircissant unifiant anti-t\u00e2ches Teint chinois lumineux"}]},{"@type":"WebSite","@id":"https:\/\/glowpremium.fr\/#website","url":"https:\/\/glowpremium.fr\/","name":"Glow Premium","description":"","publisher":{"@id":"https:\/\/glowpremium.fr\/#organization"},"potentialAction":[{"@type":"SearchAction","target":{"@type":"EntryPoint","urlTemplate":"https:\/\/glowpremium.fr\/?s={search_term_string}"},"query-input":{"@type":"PropertyValueSpecification","valueRequired":true,"valueName":"search_term_string"}}],"inLanguage":"en-GB"},{"@type":"Organization","@id":"https:\/\/glowpremium.fr\/#organization","name":"Glow Premium","url":"https:\/\/glowpremium.fr\/","logo":{"@type":"ImageObject","inLanguage":"en-GB","@id":"https:\/\/glowpremium.fr\/#\/schema\/logo\/image\/","url":"https:\/\/glowpremium.fr\/wp-content\/uploads\/2024\/10\/screenshot_20241029_034909_chrome.jpg","contentUrl":"https:\/\/glowpremium.fr\/wp-content\/uploads\/2024\/10\/screenshot_20241029_034909_chrome.jpg","width":866,"height":937,"caption":"Glow Premium"},"image":{"@id":"https:\/\/glowpremium.fr\/#\/schema\/logo\/image\/"}}]}},"_links":{"self":[{"href":"https:\/\/glowpremium.fr\/en\/wp-json\/wp\/v2\/product\/7966","targetHints":{"allow":["GET"]}}],"collection":[{"href":"https:\/\/glowpremium.fr\/en\/wp-json\/wp\/v2\/product"}],"about":[{"href":"https:\/\/glowpremium.fr\/en\/wp-json\/wp\/v2\/types\/product"}],"replies":[{"embeddable":true,"href":"https:\/\/glowpremium.fr\/en\/wp-json\/wp\/v2\/comments?post=7966"}],"version-history":[{"count":3,"href":"https:\/\/glowpremium.fr\/en\/wp-json\/wp\/v2\/product\/7966\/revisions"}],"predecessor-version":[{"id":8467,"href":"https:\/\/glowpremium.fr\/en\/wp-json\/wp\/v2\/product\/7966\/revisions\/8467"}],"wp:featuredmedia":[{"embeddable":true,"href":"https:\/\/glowpremium.fr\/en\/wp-json\/wp\/v2\/media\/8034"}],"wp:attachment":[{"href":"https:\/\/glowpremium.fr\/en\/wp-json\/wp\/v2\/media?parent=7966"}],"wp:term":[{"taxonomy":"brand","embeddable":true,"href":"https:\/\/glowpremium.fr\/en\/wp-json\/wp\/v2\/etheme_brands?post=7966"},{"taxonomy":"product_brand","embeddable":true,"href":"https:\/\/glowpremium.fr\/en\/wp-json\/wp\/v2\/product_brand?post=7966"},{"taxonomy":"product_cat","embeddable":true,"href":"https:\/\/glowpremium.fr\/en\/wp-json\/wp\/v2\/product_cat?post=7966"},{"taxonomy":"product_tag","embeddable":true,"href":"https:\/\/glowpremium.fr\/en\/wp-json\/wp\/v2\/product_tag?post=7966"}],"curies":[{"name":"wp","href":"https:\/\/api.w.org\/{rel}","templated":true}]}}