{"id":7935,"date":"2024-11-20T13:27:45","date_gmt":"2024-11-20T12:27:45","guid":{"rendered":"https:\/\/glowpremium.fr\/?post_type=product&#038;p=7935"},"modified":"2024-11-30T02:34:29","modified_gmt":"2024-11-30T01:34:29","slug":"concentre-belle-face-eclaircissant-et-anti-tache-fort-action-5-jours","status":"publish","type":"product","link":"https:\/\/glowpremium.fr\/en\/lightening-product\/concentrated-belle-face-lightening-and-anti-stain-strong-action-5-days\/","title":{"rendered":"Beauty Face Lightening and Anti-dark spot Concentrate, 5-day action"},"content":{"rendered":"<div data-elementor-type=\"product-post\" data-elementor-id=\"7935\" class=\"elementor elementor-7935\" data-elementor-post-type=\"product\">\n\t\t\t\t\t\t<section class=\"elementor-section elementor-top-section elementor-element elementor-element-57bdf7f1 elementor-section-boxed elementor-section-height-default elementor-section-height-default\" data-id=\"57bdf7f1\" data-element_type=\"section\">\n\t\t\t\t\t\t<div class=\"elementor-container elementor-column-gap-default\">\n\t\t\t\t\t<div class=\"elementor-column elementor-col-100 elementor-top-column elementor-element elementor-element-710041ae\" data-id=\"710041ae\" data-element_type=\"column\">\n\t\t\t<div class=\"elementor-widget-wrap elementor-element-populated\">\n\t\t\t\t\t\t<div class=\"elementor-element elementor-element-7270bed8 elementor-widget elementor-widget-text-editor\" data-id=\"7270bed8\" data-element_type=\"widget\" data-widget_type=\"text-editor.default\">\n\t\t\t\t<div class=\"elementor-widget-container\">\n\t\t\t\t\t\t\t\t\t<strong>How to use :\r\n\r\nFor the neck, face, body and dark spots, we recommend mixing the Anti-Spot Concentrate into the Belle Face Cleansing Milk.\r\n\r\n<strong>Recommendation:\r\n\r\nFor external use only. If irritation occurs, discontinue use immediately.\r\n\r\n<strong>Composition:\r\n\r\nEssential oils, Fruit acids, Vitamin E\t\t\t\t\t\t\t\t<\/div>\n\t\t\t\t<\/div>\n\t\t\t\t\t<\/div>\n\t\t<\/div>\n\t\t\t\t\t<\/div>\n\t\t<\/section>\n\t\t\t\t<\/div>","protected":false},"excerpt":{"rendered":"<p>Given the difficulties encountered by many people, men and women alike, in permanently resolving the problem of dark spots on elbows, hinges and around the eyes, not to mention harmonising the complexion. We have developed a highly precise concentrate for you. It acts with precision on the softness of your skin. Permanently eradicates these various problems. It allows you to correct all skin problems in 5 days.<\/p>","protected":false},"featured_media":7718,"comment_status":"closed","ping_status":"closed","template":"","meta":[],"etheme_brands":[],"product_brand":[],"product_cat":[95,80,93],"product_tag":[],"class_list":{"0":"post-7935","1":"product","2":"type-product","3":"status-publish","4":"has-post-thumbnail","6":"product_cat-anti-taches-et-quintos-clarifiants-blanchissants","7":"product_cat-blanchissants-et-eclaircissants","8":"product_cat-concentres-eclaircissants-clarifiants-blanchissants","10":"first","11":"instock","12":"shipping-taxable","13":"purchasable","14":"product-type-simple"},"yoast_head":"<!-- This site is optimized with the Yoast SEO plugin v26.7 - https:\/\/yoast.com\/wordpress\/plugins\/seo\/ -->\n<title>Concentr\u00e9 Belle Face \u00e9claircissant et Anti-t\u00e2che fort action 5 jours - Glow Premium<\/title>\n<meta name=\"description\" content=\"\u00c9clat naturelPeau lumineuse\u00c9claircissement progressifTeint uniformeR\u00e9duction des taches Correction des imperfectionsPeau radieuse Vitamine c acide kojic\" \/>\n<meta name=\"robots\" content=\"index, follow, max-snippet:-1, max-image-preview:large, max-video-preview:-1\" \/>\n<link rel=\"canonical\" href=\"https:\/\/glowpremium.fr\/en\/lightening-product\/concentrated-belle-face-lightening-and-anti-stain-strong-action-5-days\/\" \/>\n<meta property=\"og:locale\" content=\"en_GB\" \/>\n<meta property=\"og:type\" content=\"article\" \/>\n<meta property=\"og:title\" content=\"Concentr\u00e9 Belle Face \u00e9claircissant et Anti-t\u00e2che fort action 5 jours - Glow Premium\" \/>\n<meta property=\"og:description\" content=\"\u00c9clat naturelPeau lumineuse\u00c9claircissement progressifTeint uniformeR\u00e9duction des taches Correction des imperfectionsPeau radieuse Vitamine c acide kojic\" \/>\n<meta property=\"og:url\" content=\"https:\/\/glowpremium.fr\/en\/lightening-product\/concentrated-belle-face-lightening-and-anti-stain-strong-action-5-days\/\" \/>\n<meta property=\"og:site_name\" content=\"Glow Premium\" \/>\n<meta property=\"article:modified_time\" content=\"2024-11-30T01:34:29+00:00\" \/>\n<meta property=\"og:image\" content=\"https:\/\/glowpremium.fr\/wp-content\/uploads\/2024\/11\/PhotoRoom-20230216_103009.png\" \/>\n\t<meta property=\"og:image:width\" content=\"2000\" \/>\n\t<meta property=\"og:image:height\" content=\"1835\" \/>\n\t<meta property=\"og:image:type\" content=\"image\/png\" \/>\n<meta name=\"twitter:card\" content=\"summary_large_image\" \/>\n<meta name=\"twitter:label1\" content=\"Estimated reading time\" \/>\n\t<meta name=\"twitter:data1\" content=\"1 minute\" \/>\n<script type=\"application\/ld+json\" class=\"yoast-schema-graph\">{\"@context\":\"https:\/\/schema.org\",\"@graph\":[{\"@type\":\"WebPage\",\"@id\":\"https:\/\/glowpremium.fr\/produit-eclaircissant\/concentre-belle-face-eclaircissant-et-anti-tache-fort-action-5-jours\/\",\"url\":\"https:\/\/glowpremium.fr\/produit-eclaircissant\/concentre-belle-face-eclaircissant-et-anti-tache-fort-action-5-jours\/\",\"name\":\"Concentr\u00e9 Belle Face \u00e9claircissant et Anti-t\u00e2che fort action 5 jours - Glow Premium\",\"isPartOf\":{\"@id\":\"https:\/\/glowpremium.fr\/#website\"},\"primaryImageOfPage\":{\"@id\":\"https:\/\/glowpremium.fr\/produit-eclaircissant\/concentre-belle-face-eclaircissant-et-anti-tache-fort-action-5-jours\/#primaryimage\"},\"image\":{\"@id\":\"https:\/\/glowpremium.fr\/produit-eclaircissant\/concentre-belle-face-eclaircissant-et-anti-tache-fort-action-5-jours\/#primaryimage\"},\"thumbnailUrl\":\"https:\/\/glowpremium.fr\/wp-content\/uploads\/2024\/11\/PhotoRoom-20230216_103009.png\",\"datePublished\":\"2024-11-20T12:27:45+00:00\",\"dateModified\":\"2024-11-30T01:34:29+00:00\",\"description\":\"\u00c9clat naturelPeau lumineuse\u00c9claircissement progressifTeint uniformeR\u00e9duction des taches Correction des imperfectionsPeau radieuse Vitamine c acide kojic\",\"breadcrumb\":{\"@id\":\"https:\/\/glowpremium.fr\/produit-eclaircissant\/concentre-belle-face-eclaircissant-et-anti-tache-fort-action-5-jours\/#breadcrumb\"},\"inLanguage\":\"en-GB\",\"potentialAction\":[{\"@type\":\"ReadAction\",\"target\":[\"https:\/\/glowpremium.fr\/produit-eclaircissant\/concentre-belle-face-eclaircissant-et-anti-tache-fort-action-5-jours\/\"]}]},{\"@type\":\"ImageObject\",\"inLanguage\":\"en-GB\",\"@id\":\"https:\/\/glowpremium.fr\/produit-eclaircissant\/concentre-belle-face-eclaircissant-et-anti-tache-fort-action-5-jours\/#primaryimage\",\"url\":\"https:\/\/glowpremium.fr\/wp-content\/uploads\/2024\/11\/PhotoRoom-20230216_103009.png\",\"contentUrl\":\"https:\/\/glowpremium.fr\/wp-content\/uploads\/2024\/11\/PhotoRoom-20230216_103009.png\",\"width\":2000,\"height\":1835},{\"@type\":\"BreadcrumbList\",\"@id\":\"https:\/\/glowpremium.fr\/produit-eclaircissant\/concentre-belle-face-eclaircissant-et-anti-tache-fort-action-5-jours\/#breadcrumb\",\"itemListElement\":[{\"@type\":\"ListItem\",\"position\":1,\"name\":\"Accueil\",\"item\":\"https:\/\/glowpremium.fr\/\"},{\"@type\":\"ListItem\",\"position\":2,\"name\":\"Boutique\",\"item\":\"https:\/\/glowpremium.fr\/boutique-produits-eclaircissants\/\"},{\"@type\":\"ListItem\",\"position\":3,\"name\":\"Concentr\u00e9 Belle Face \u00e9claircissant et Anti-t\u00e2che fort action 5 jours\"}]},{\"@type\":\"WebSite\",\"@id\":\"https:\/\/glowpremium.fr\/#website\",\"url\":\"https:\/\/glowpremium.fr\/\",\"name\":\"Glow Premium\",\"description\":\"\",\"publisher\":{\"@id\":\"https:\/\/glowpremium.fr\/#organization\"},\"potentialAction\":[{\"@type\":\"SearchAction\",\"target\":{\"@type\":\"EntryPoint\",\"urlTemplate\":\"https:\/\/glowpremium.fr\/?s={search_term_string}\"},\"query-input\":{\"@type\":\"PropertyValueSpecification\",\"valueRequired\":true,\"valueName\":\"search_term_string\"}}],\"inLanguage\":\"en-GB\"},{\"@type\":\"Organization\",\"@id\":\"https:\/\/glowpremium.fr\/#organization\",\"name\":\"Glow Premium\",\"url\":\"https:\/\/glowpremium.fr\/\",\"logo\":{\"@type\":\"ImageObject\",\"inLanguage\":\"en-GB\",\"@id\":\"https:\/\/glowpremium.fr\/#\/schema\/logo\/image\/\",\"url\":\"https:\/\/glowpremium.fr\/wp-content\/uploads\/2024\/10\/screenshot_20241029_034909_chrome.jpg\",\"contentUrl\":\"https:\/\/glowpremium.fr\/wp-content\/uploads\/2024\/10\/screenshot_20241029_034909_chrome.jpg\",\"width\":866,\"height\":937,\"caption\":\"Glow Premium\"},\"image\":{\"@id\":\"https:\/\/glowpremium.fr\/#\/schema\/logo\/image\/\"}}]}<\/script>\n<!-- \/ Yoast SEO plugin. -->","yoast_head_json":{"title":"Concentr\u00e9 Belle Face \u00e9claircissant et Anti-t\u00e2che fort action 5 jours - Glow Premium","description":"\u00c9clat naturelPeau lumineuse\u00c9claircissement progressifTeint uniformeR\u00e9duction des taches Correction des imperfectionsPeau radieuse Vitamine c acide kojic","robots":{"index":"index","follow":"follow","max-snippet":"max-snippet:-1","max-image-preview":"max-image-preview:large","max-video-preview":"max-video-preview:-1"},"canonical":"https:\/\/glowpremium.fr\/en\/lightening-product\/concentrated-belle-face-lightening-and-anti-stain-strong-action-5-days\/","og_locale":"en_GB","og_type":"article","og_title":"Concentr\u00e9 Belle Face \u00e9claircissant et Anti-t\u00e2che fort action 5 jours - Glow Premium","og_description":"\u00c9clat naturelPeau lumineuse\u00c9claircissement progressifTeint uniformeR\u00e9duction des taches Correction des imperfectionsPeau radieuse Vitamine c acide kojic","og_url":"https:\/\/glowpremium.fr\/en\/lightening-product\/concentrated-belle-face-lightening-and-anti-stain-strong-action-5-days\/","og_site_name":"Glow Premium","article_modified_time":"2024-11-30T01:34:29+00:00","og_image":[{"width":2000,"height":1835,"url":"https:\/\/glowpremium.fr\/wp-content\/uploads\/2024\/11\/PhotoRoom-20230216_103009.png","type":"image\/png"}],"twitter_card":"summary_large_image","twitter_misc":{"Estimated reading time":"1 minute"},"schema":{"@context":"https:\/\/schema.org","@graph":[{"@type":"WebPage","@id":"https:\/\/glowpremium.fr\/produit-eclaircissant\/concentre-belle-face-eclaircissant-et-anti-tache-fort-action-5-jours\/","url":"https:\/\/glowpremium.fr\/produit-eclaircissant\/concentre-belle-face-eclaircissant-et-anti-tache-fort-action-5-jours\/","name":"Concentr\u00e9 Belle Face \u00e9claircissant et Anti-t\u00e2che fort action 5 jours - Glow Premium","isPartOf":{"@id":"https:\/\/glowpremium.fr\/#website"},"primaryImageOfPage":{"@id":"https:\/\/glowpremium.fr\/produit-eclaircissant\/concentre-belle-face-eclaircissant-et-anti-tache-fort-action-5-jours\/#primaryimage"},"image":{"@id":"https:\/\/glowpremium.fr\/produit-eclaircissant\/concentre-belle-face-eclaircissant-et-anti-tache-fort-action-5-jours\/#primaryimage"},"thumbnailUrl":"https:\/\/glowpremium.fr\/wp-content\/uploads\/2024\/11\/PhotoRoom-20230216_103009.png","datePublished":"2024-11-20T12:27:45+00:00","dateModified":"2024-11-30T01:34:29+00:00","description":"\u00c9clat naturelPeau lumineuse\u00c9claircissement progressifTeint uniformeR\u00e9duction des taches Correction des imperfectionsPeau radieuse Vitamine c acide kojic","breadcrumb":{"@id":"https:\/\/glowpremium.fr\/produit-eclaircissant\/concentre-belle-face-eclaircissant-et-anti-tache-fort-action-5-jours\/#breadcrumb"},"inLanguage":"en-GB","potentialAction":[{"@type":"ReadAction","target":["https:\/\/glowpremium.fr\/produit-eclaircissant\/concentre-belle-face-eclaircissant-et-anti-tache-fort-action-5-jours\/"]}]},{"@type":"ImageObject","inLanguage":"en-GB","@id":"https:\/\/glowpremium.fr\/produit-eclaircissant\/concentre-belle-face-eclaircissant-et-anti-tache-fort-action-5-jours\/#primaryimage","url":"https:\/\/glowpremium.fr\/wp-content\/uploads\/2024\/11\/PhotoRoom-20230216_103009.png","contentUrl":"https:\/\/glowpremium.fr\/wp-content\/uploads\/2024\/11\/PhotoRoom-20230216_103009.png","width":2000,"height":1835},{"@type":"BreadcrumbList","@id":"https:\/\/glowpremium.fr\/produit-eclaircissant\/concentre-belle-face-eclaircissant-et-anti-tache-fort-action-5-jours\/#breadcrumb","itemListElement":[{"@type":"ListItem","position":1,"name":"Accueil","item":"https:\/\/glowpremium.fr\/"},{"@type":"ListItem","position":2,"name":"Boutique","item":"https:\/\/glowpremium.fr\/boutique-produits-eclaircissants\/"},{"@type":"ListItem","position":3,"name":"Concentr\u00e9 Belle Face \u00e9claircissant et Anti-t\u00e2che fort action 5 jours"}]},{"@type":"WebSite","@id":"https:\/\/glowpremium.fr\/#website","url":"https:\/\/glowpremium.fr\/","name":"Glow Premium","description":"","publisher":{"@id":"https:\/\/glowpremium.fr\/#organization"},"potentialAction":[{"@type":"SearchAction","target":{"@type":"EntryPoint","urlTemplate":"https:\/\/glowpremium.fr\/?s={search_term_string}"},"query-input":{"@type":"PropertyValueSpecification","valueRequired":true,"valueName":"search_term_string"}}],"inLanguage":"en-GB"},{"@type":"Organization","@id":"https:\/\/glowpremium.fr\/#organization","name":"Glow Premium","url":"https:\/\/glowpremium.fr\/","logo":{"@type":"ImageObject","inLanguage":"en-GB","@id":"https:\/\/glowpremium.fr\/#\/schema\/logo\/image\/","url":"https:\/\/glowpremium.fr\/wp-content\/uploads\/2024\/10\/screenshot_20241029_034909_chrome.jpg","contentUrl":"https:\/\/glowpremium.fr\/wp-content\/uploads\/2024\/10\/screenshot_20241029_034909_chrome.jpg","width":866,"height":937,"caption":"Glow Premium"},"image":{"@id":"https:\/\/glowpremium.fr\/#\/schema\/logo\/image\/"}}]}},"_links":{"self":[{"href":"https:\/\/glowpremium.fr\/en\/wp-json\/wp\/v2\/product\/7935","targetHints":{"allow":["GET"]}}],"collection":[{"href":"https:\/\/glowpremium.fr\/en\/wp-json\/wp\/v2\/product"}],"about":[{"href":"https:\/\/glowpremium.fr\/en\/wp-json\/wp\/v2\/types\/product"}],"replies":[{"embeddable":true,"href":"https:\/\/glowpremium.fr\/en\/wp-json\/wp\/v2\/comments?post=7935"}],"version-history":[{"count":1,"href":"https:\/\/glowpremium.fr\/en\/wp-json\/wp\/v2\/product\/7935\/revisions"}],"predecessor-version":[{"id":8024,"href":"https:\/\/glowpremium.fr\/en\/wp-json\/wp\/v2\/product\/7935\/revisions\/8024"}],"wp:featuredmedia":[{"embeddable":true,"href":"https:\/\/glowpremium.fr\/en\/wp-json\/wp\/v2\/media\/7718"}],"wp:attachment":[{"href":"https:\/\/glowpremium.fr\/en\/wp-json\/wp\/v2\/media?parent=7935"}],"wp:term":[{"taxonomy":"brand","embeddable":true,"href":"https:\/\/glowpremium.fr\/en\/wp-json\/wp\/v2\/etheme_brands?post=7935"},{"taxonomy":"product_brand","embeddable":true,"href":"https:\/\/glowpremium.fr\/en\/wp-json\/wp\/v2\/product_brand?post=7935"},{"taxonomy":"product_cat","embeddable":true,"href":"https:\/\/glowpremium.fr\/en\/wp-json\/wp\/v2\/product_cat?post=7935"},{"taxonomy":"product_tag","embeddable":true,"href":"https:\/\/glowpremium.fr\/en\/wp-json\/wp\/v2\/product_tag?post=7935"}],"curies":[{"name":"wp","href":"https:\/\/api.w.org\/{rel}","templated":true}]}}