{"id":7934,"date":"2024-11-20T13:27:45","date_gmt":"2024-11-20T12:27:45","guid":{"rendered":"https:\/\/glowpremium.fr\/?post_type=product&#038;p=7934"},"modified":"2024-12-08T01:58:19","modified_gmt":"2024-12-08T00:58:19","slug":"huile-gommante-eclaircissant-unifiant-belle-face-peau-fatigue","status":"publish","type":"product","link":"https:\/\/glowpremium.fr\/en\/lightening-product\/exfoliating-oil-lightening-unifying-beautiful-face-tired-skin\/","title":{"rendered":"Brightening Exfoliating Oil Belle Face Tired Skin"},"content":{"rendered":"<div data-elementor-type=\"product-post\" data-elementor-id=\"7934\" class=\"elementor elementor-7934\" data-elementor-post-type=\"product\">\n\t\t\t\t\t\t<section class=\"elementor-section elementor-top-section elementor-element elementor-element-57bdf7f1 elementor-section-boxed elementor-section-height-default elementor-section-height-default\" data-id=\"57bdf7f1\" data-element_type=\"section\">\n\t\t\t\t\t\t<div class=\"elementor-container elementor-column-gap-default\">\n\t\t\t\t\t<div class=\"elementor-column elementor-col-100 elementor-top-column elementor-element elementor-element-710041ae\" data-id=\"710041ae\" data-element_type=\"column\">\n\t\t\t<div class=\"elementor-widget-wrap elementor-element-populated\">\n\t\t\t\t\t\t<div class=\"elementor-element elementor-element-7270bed8 elementor-widget elementor-widget-text-editor\" data-id=\"7270bed8\" data-element_type=\"widget\" data-widget_type=\"text-editor.default\">\n\t\t\t\t<div class=\"elementor-widget-container\">\n\t\t\t\t\t\t\t\t\t<strong>How to use :\r\n\r\nFor the neck, face, body and dark spots, we recommend mixing the Anti-Spot Concentrate into the Belle Face Cleansing Milk.\r\n\r\n<strong>Recommendation:\r\n\r\nFor external use only. If irritation occurs, discontinue use immediately.\r\n\r\n<strong>Composition:\r\n\r\nEssential oils, Fruit acids, Vitamin E\t\t\t\t\t\t\t\t<\/div>\n\t\t\t\t<\/div>\n\t\t\t\t\t<\/div>\n\t\t<\/div>\n\t\t\t\t\t<\/div>\n\t\t<\/section>\n\t\t\t\t<\/div>","protected":false},"excerpt":{"rendered":"<p>Given the difficulties encountered by many people, men and women alike, in finding a definitive solution to the problems of tired, dull skin, lack of radiance around the eyes, not to mention harmonising the complexion. We have developed a highly precise concentrate for you. It acts with precision on the softness of your skin. Definitively eradicates these various problems. It gives you the chance to correct all your skin problems in just 5 days.<\/p>","protected":false},"featured_media":7706,"comment_status":"closed","ping_status":"closed","template":"","meta":[],"etheme_brands":[],"product_brand":[],"product_cat":[80,93],"product_tag":[],"class_list":{"0":"post-7934","1":"product","2":"type-product","3":"status-publish","4":"has-post-thumbnail","6":"product_cat-blanchissants-et-eclaircissants","7":"product_cat-concentres-eclaircissants-clarifiants-blanchissants","9":"first","10":"instock","11":"shipping-taxable","12":"purchasable","13":"product-type-simple"},"yoast_head":"<!-- This site is optimized with the Yoast SEO plugin v26.7 - https:\/\/yoast.com\/wordpress\/plugins\/seo\/ -->\n<title>Huile Gommante \u00e9claircissant unifiant Belle Face Peau fatigu\u00e9 - Glow Premium<\/title>\n<meta name=\"description\" content=\":\u00c9clatLuminosit\u00e9Teint uniformeCorrecteur de tachesHydratation \u00e9clatanteAnti-taches claircissant naturelRadiancePeau lumineuseAction Exfoliation douce\" \/>\n<meta name=\"robots\" content=\"index, follow, max-snippet:-1, max-image-preview:large, max-video-preview:-1\" \/>\n<link rel=\"canonical\" href=\"https:\/\/glowpremium.fr\/en\/lightening-product\/exfoliating-oil-lightening-unifying-beautiful-face-tired-skin\/\" \/>\n<meta property=\"og:locale\" content=\"en_GB\" \/>\n<meta property=\"og:type\" content=\"article\" \/>\n<meta property=\"og:title\" content=\"Huile Gommante \u00e9claircissant unifiant Belle Face Peau fatigu\u00e9 - Glow Premium\" \/>\n<meta property=\"og:description\" content=\":\u00c9clatLuminosit\u00e9Teint uniformeCorrecteur de tachesHydratation \u00e9clatanteAnti-taches claircissant naturelRadiancePeau lumineuseAction Exfoliation douce\" \/>\n<meta property=\"og:url\" content=\"https:\/\/glowpremium.fr\/en\/lightening-product\/exfoliating-oil-lightening-unifying-beautiful-face-tired-skin\/\" \/>\n<meta property=\"og:site_name\" content=\"Glow Premium\" \/>\n<meta property=\"article:modified_time\" content=\"2024-12-08T00:58:19+00:00\" \/>\n<meta property=\"og:image\" content=\"https:\/\/glowpremium.fr\/wp-content\/uploads\/2024\/11\/PhotoRoom_20220505_095028.jpg\" \/>\n\t<meta property=\"og:image:width\" content=\"2000\" \/>\n\t<meta property=\"og:image:height\" content=\"1831\" \/>\n\t<meta property=\"og:image:type\" content=\"image\/jpeg\" \/>\n<meta name=\"twitter:card\" content=\"summary_large_image\" \/>\n<meta name=\"twitter:label1\" content=\"Estimated reading time\" \/>\n\t<meta name=\"twitter:data1\" content=\"1 minute\" \/>\n<script type=\"application\/ld+json\" class=\"yoast-schema-graph\">{\"@context\":\"https:\/\/schema.org\",\"@graph\":[{\"@type\":\"WebPage\",\"@id\":\"https:\/\/glowpremium.fr\/produit-eclaircissant\/huile-gommante-eclaircissant-unifiant-belle-face-peau-fatigue\/\",\"url\":\"https:\/\/glowpremium.fr\/produit-eclaircissant\/huile-gommante-eclaircissant-unifiant-belle-face-peau-fatigue\/\",\"name\":\"Huile Gommante \u00e9claircissant unifiant Belle Face Peau fatigu\u00e9 - Glow Premium\",\"isPartOf\":{\"@id\":\"https:\/\/glowpremium.fr\/#website\"},\"primaryImageOfPage\":{\"@id\":\"https:\/\/glowpremium.fr\/produit-eclaircissant\/huile-gommante-eclaircissant-unifiant-belle-face-peau-fatigue\/#primaryimage\"},\"image\":{\"@id\":\"https:\/\/glowpremium.fr\/produit-eclaircissant\/huile-gommante-eclaircissant-unifiant-belle-face-peau-fatigue\/#primaryimage\"},\"thumbnailUrl\":\"https:\/\/glowpremium.fr\/wp-content\/uploads\/2024\/11\/PhotoRoom_20220505_095028.jpg\",\"datePublished\":\"2024-11-20T12:27:45+00:00\",\"dateModified\":\"2024-12-08T00:58:19+00:00\",\"description\":\":\u00c9clatLuminosit\u00e9Teint uniformeCorrecteur de tachesHydratation \u00e9clatanteAnti-taches claircissant naturelRadiancePeau lumineuseAction Exfoliation douce\",\"breadcrumb\":{\"@id\":\"https:\/\/glowpremium.fr\/produit-eclaircissant\/huile-gommante-eclaircissant-unifiant-belle-face-peau-fatigue\/#breadcrumb\"},\"inLanguage\":\"en-GB\",\"potentialAction\":[{\"@type\":\"ReadAction\",\"target\":[\"https:\/\/glowpremium.fr\/produit-eclaircissant\/huile-gommante-eclaircissant-unifiant-belle-face-peau-fatigue\/\"]}]},{\"@type\":\"ImageObject\",\"inLanguage\":\"en-GB\",\"@id\":\"https:\/\/glowpremium.fr\/produit-eclaircissant\/huile-gommante-eclaircissant-unifiant-belle-face-peau-fatigue\/#primaryimage\",\"url\":\"https:\/\/glowpremium.fr\/wp-content\/uploads\/2024\/11\/PhotoRoom_20220505_095028.jpg\",\"contentUrl\":\"https:\/\/glowpremium.fr\/wp-content\/uploads\/2024\/11\/PhotoRoom_20220505_095028.jpg\",\"width\":2000,\"height\":1831},{\"@type\":\"BreadcrumbList\",\"@id\":\"https:\/\/glowpremium.fr\/produit-eclaircissant\/huile-gommante-eclaircissant-unifiant-belle-face-peau-fatigue\/#breadcrumb\",\"itemListElement\":[{\"@type\":\"ListItem\",\"position\":1,\"name\":\"Accueil\",\"item\":\"https:\/\/glowpremium.fr\/\"},{\"@type\":\"ListItem\",\"position\":2,\"name\":\"Boutique\",\"item\":\"https:\/\/glowpremium.fr\/boutique-produits-eclaircissants\/\"},{\"@type\":\"ListItem\",\"position\":3,\"name\":\"Huile Gommante \u00e9claircissant unifiant Belle Face Peau fatigu\u00e9\"}]},{\"@type\":\"WebSite\",\"@id\":\"https:\/\/glowpremium.fr\/#website\",\"url\":\"https:\/\/glowpremium.fr\/\",\"name\":\"Glow Premium\",\"description\":\"\",\"publisher\":{\"@id\":\"https:\/\/glowpremium.fr\/#organization\"},\"potentialAction\":[{\"@type\":\"SearchAction\",\"target\":{\"@type\":\"EntryPoint\",\"urlTemplate\":\"https:\/\/glowpremium.fr\/?s={search_term_string}\"},\"query-input\":{\"@type\":\"PropertyValueSpecification\",\"valueRequired\":true,\"valueName\":\"search_term_string\"}}],\"inLanguage\":\"en-GB\"},{\"@type\":\"Organization\",\"@id\":\"https:\/\/glowpremium.fr\/#organization\",\"name\":\"Glow Premium\",\"url\":\"https:\/\/glowpremium.fr\/\",\"logo\":{\"@type\":\"ImageObject\",\"inLanguage\":\"en-GB\",\"@id\":\"https:\/\/glowpremium.fr\/#\/schema\/logo\/image\/\",\"url\":\"https:\/\/glowpremium.fr\/wp-content\/uploads\/2024\/10\/screenshot_20241029_034909_chrome.jpg\",\"contentUrl\":\"https:\/\/glowpremium.fr\/wp-content\/uploads\/2024\/10\/screenshot_20241029_034909_chrome.jpg\",\"width\":866,\"height\":937,\"caption\":\"Glow Premium\"},\"image\":{\"@id\":\"https:\/\/glowpremium.fr\/#\/schema\/logo\/image\/\"}}]}<\/script>\n<!-- \/ Yoast SEO plugin. -->","yoast_head_json":{"title":"Huile Gommante \u00e9claircissant unifiant Belle Face Peau fatigu\u00e9 - Glow Premium","description":":\u00c9clatLuminosit\u00e9Teint uniformeCorrecteur de tachesHydratation \u00e9clatanteAnti-taches claircissant naturelRadiancePeau lumineuseAction Exfoliation douce","robots":{"index":"index","follow":"follow","max-snippet":"max-snippet:-1","max-image-preview":"max-image-preview:large","max-video-preview":"max-video-preview:-1"},"canonical":"https:\/\/glowpremium.fr\/en\/lightening-product\/exfoliating-oil-lightening-unifying-beautiful-face-tired-skin\/","og_locale":"en_GB","og_type":"article","og_title":"Huile Gommante \u00e9claircissant unifiant Belle Face Peau fatigu\u00e9 - Glow Premium","og_description":":\u00c9clatLuminosit\u00e9Teint uniformeCorrecteur de tachesHydratation \u00e9clatanteAnti-taches claircissant naturelRadiancePeau lumineuseAction Exfoliation douce","og_url":"https:\/\/glowpremium.fr\/en\/lightening-product\/exfoliating-oil-lightening-unifying-beautiful-face-tired-skin\/","og_site_name":"Glow Premium","article_modified_time":"2024-12-08T00:58:19+00:00","og_image":[{"width":2000,"height":1831,"url":"https:\/\/glowpremium.fr\/wp-content\/uploads\/2024\/11\/PhotoRoom_20220505_095028.jpg","type":"image\/jpeg"}],"twitter_card":"summary_large_image","twitter_misc":{"Estimated reading time":"1 minute"},"schema":{"@context":"https:\/\/schema.org","@graph":[{"@type":"WebPage","@id":"https:\/\/glowpremium.fr\/produit-eclaircissant\/huile-gommante-eclaircissant-unifiant-belle-face-peau-fatigue\/","url":"https:\/\/glowpremium.fr\/produit-eclaircissant\/huile-gommante-eclaircissant-unifiant-belle-face-peau-fatigue\/","name":"Huile Gommante \u00e9claircissant unifiant Belle Face Peau fatigu\u00e9 - Glow Premium","isPartOf":{"@id":"https:\/\/glowpremium.fr\/#website"},"primaryImageOfPage":{"@id":"https:\/\/glowpremium.fr\/produit-eclaircissant\/huile-gommante-eclaircissant-unifiant-belle-face-peau-fatigue\/#primaryimage"},"image":{"@id":"https:\/\/glowpremium.fr\/produit-eclaircissant\/huile-gommante-eclaircissant-unifiant-belle-face-peau-fatigue\/#primaryimage"},"thumbnailUrl":"https:\/\/glowpremium.fr\/wp-content\/uploads\/2024\/11\/PhotoRoom_20220505_095028.jpg","datePublished":"2024-11-20T12:27:45+00:00","dateModified":"2024-12-08T00:58:19+00:00","description":":\u00c9clatLuminosit\u00e9Teint uniformeCorrecteur de tachesHydratation \u00e9clatanteAnti-taches claircissant naturelRadiancePeau lumineuseAction Exfoliation douce","breadcrumb":{"@id":"https:\/\/glowpremium.fr\/produit-eclaircissant\/huile-gommante-eclaircissant-unifiant-belle-face-peau-fatigue\/#breadcrumb"},"inLanguage":"en-GB","potentialAction":[{"@type":"ReadAction","target":["https:\/\/glowpremium.fr\/produit-eclaircissant\/huile-gommante-eclaircissant-unifiant-belle-face-peau-fatigue\/"]}]},{"@type":"ImageObject","inLanguage":"en-GB","@id":"https:\/\/glowpremium.fr\/produit-eclaircissant\/huile-gommante-eclaircissant-unifiant-belle-face-peau-fatigue\/#primaryimage","url":"https:\/\/glowpremium.fr\/wp-content\/uploads\/2024\/11\/PhotoRoom_20220505_095028.jpg","contentUrl":"https:\/\/glowpremium.fr\/wp-content\/uploads\/2024\/11\/PhotoRoom_20220505_095028.jpg","width":2000,"height":1831},{"@type":"BreadcrumbList","@id":"https:\/\/glowpremium.fr\/produit-eclaircissant\/huile-gommante-eclaircissant-unifiant-belle-face-peau-fatigue\/#breadcrumb","itemListElement":[{"@type":"ListItem","position":1,"name":"Accueil","item":"https:\/\/glowpremium.fr\/"},{"@type":"ListItem","position":2,"name":"Boutique","item":"https:\/\/glowpremium.fr\/boutique-produits-eclaircissants\/"},{"@type":"ListItem","position":3,"name":"Huile Gommante \u00e9claircissant unifiant Belle Face Peau fatigu\u00e9"}]},{"@type":"WebSite","@id":"https:\/\/glowpremium.fr\/#website","url":"https:\/\/glowpremium.fr\/","name":"Glow Premium","description":"","publisher":{"@id":"https:\/\/glowpremium.fr\/#organization"},"potentialAction":[{"@type":"SearchAction","target":{"@type":"EntryPoint","urlTemplate":"https:\/\/glowpremium.fr\/?s={search_term_string}"},"query-input":{"@type":"PropertyValueSpecification","valueRequired":true,"valueName":"search_term_string"}}],"inLanguage":"en-GB"},{"@type":"Organization","@id":"https:\/\/glowpremium.fr\/#organization","name":"Glow Premium","url":"https:\/\/glowpremium.fr\/","logo":{"@type":"ImageObject","inLanguage":"en-GB","@id":"https:\/\/glowpremium.fr\/#\/schema\/logo\/image\/","url":"https:\/\/glowpremium.fr\/wp-content\/uploads\/2024\/10\/screenshot_20241029_034909_chrome.jpg","contentUrl":"https:\/\/glowpremium.fr\/wp-content\/uploads\/2024\/10\/screenshot_20241029_034909_chrome.jpg","width":866,"height":937,"caption":"Glow Premium"},"image":{"@id":"https:\/\/glowpremium.fr\/#\/schema\/logo\/image\/"}}]}},"_links":{"self":[{"href":"https:\/\/glowpremium.fr\/en\/wp-json\/wp\/v2\/product\/7934","targetHints":{"allow":["GET"]}}],"collection":[{"href":"https:\/\/glowpremium.fr\/en\/wp-json\/wp\/v2\/product"}],"about":[{"href":"https:\/\/glowpremium.fr\/en\/wp-json\/wp\/v2\/types\/product"}],"replies":[{"embeddable":true,"href":"https:\/\/glowpremium.fr\/en\/wp-json\/wp\/v2\/comments?post=7934"}],"version-history":[{"count":2,"href":"https:\/\/glowpremium.fr\/en\/wp-json\/wp\/v2\/product\/7934\/revisions"}],"predecessor-version":[{"id":8591,"href":"https:\/\/glowpremium.fr\/en\/wp-json\/wp\/v2\/product\/7934\/revisions\/8591"}],"wp:featuredmedia":[{"embeddable":true,"href":"https:\/\/glowpremium.fr\/en\/wp-json\/wp\/v2\/media\/7706"}],"wp:attachment":[{"href":"https:\/\/glowpremium.fr\/en\/wp-json\/wp\/v2\/media?parent=7934"}],"wp:term":[{"taxonomy":"brand","embeddable":true,"href":"https:\/\/glowpremium.fr\/en\/wp-json\/wp\/v2\/etheme_brands?post=7934"},{"taxonomy":"product_brand","embeddable":true,"href":"https:\/\/glowpremium.fr\/en\/wp-json\/wp\/v2\/product_brand?post=7934"},{"taxonomy":"product_cat","embeddable":true,"href":"https:\/\/glowpremium.fr\/en\/wp-json\/wp\/v2\/product_cat?post=7934"},{"taxonomy":"product_tag","embeddable":true,"href":"https:\/\/glowpremium.fr\/en\/wp-json\/wp\/v2\/product_tag?post=7934"}],"curies":[{"name":"wp","href":"https:\/\/api.w.org\/{rel}","templated":true}]}}