{"id":7931,"date":"2024-11-20T13:27:45","date_gmt":"2024-11-20T12:27:45","guid":{"rendered":"https:\/\/glowpremium.fr\/?post_type=product&#038;p=7931"},"modified":"2024-11-30T02:05:04","modified_gmt":"2024-11-30T01:05:04","slug":"super-anti-taches-eclaircissant-belle-face","status":"publish","type":"product","link":"https:\/\/glowpremium.fr\/en\/lightening-product\/super-anti-spot-lightening-beautiful-face\/","title":{"rendered":"Super Anti-Spot Brightening Beautiful Face even skin glow"},"content":{"rendered":"<div data-elementor-type=\"product-post\" data-elementor-id=\"7931\" class=\"elementor elementor-7931\" data-elementor-post-type=\"product\">\n\t\t\t\t\t\t<section class=\"elementor-section elementor-top-section elementor-element elementor-element-57bdf7f1 elementor-section-boxed elementor-section-height-default elementor-section-height-default\" data-id=\"57bdf7f1\" data-element_type=\"section\">\n\t\t\t\t\t\t<div class=\"elementor-container elementor-column-gap-default\">\n\t\t\t\t\t<div class=\"elementor-column elementor-col-100 elementor-top-column elementor-element elementor-element-710041ae\" data-id=\"710041ae\" data-element_type=\"column\">\n\t\t\t<div class=\"elementor-widget-wrap elementor-element-populated\">\n\t\t\t\t\t\t<div class=\"elementor-element elementor-element-7270bed8 elementor-widget elementor-widget-text-editor\" data-id=\"7270bed8\" data-element_type=\"widget\" data-widget_type=\"text-editor.default\">\n\t\t\t\t<div class=\"elementor-widget-container\">\n\t\t\t\t\t\t\t\t\t<strong>How to use :\r\n\r\nFor the neck, face, body and dark spots, we recommend mixing the Anti-Spot Concentrate into the Belle Face Cleansing Milk.\r\n\r\n<strong>Recommendation:\r\n\r\nFor external use only. If irritation occurs, discontinue use immediately.\r\n\r\n<strong>Composition:\r\n\r\nEssential oils, Fruit acids, Vitamin E\t\t\t\t\t\t\t\t<\/div>\n\t\t\t\t<\/div>\n\t\t\t\t\t<\/div>\n\t\t<\/div>\n\t\t\t\t\t<\/div>\n\t\t<\/section>\n\t\t\t\t<\/div>","protected":false},"excerpt":{"rendered":"<p>Given the difficulties encountered by many people, men and women alike, in finding a permanent solution to the problem of black spots on elbows, hinges and around the eyes, not to mention harmonising the complexion. We've developed a highly precise anti-spot treatment for you. It acts with precision on the softness of your skin. Permanently eradicate these various problems. It gives you the chance to correct all skin problems in just 5 days.<\/p>","protected":false},"featured_media":7709,"comment_status":"closed","ping_status":"closed","template":"","meta":[],"etheme_brands":[],"product_brand":[],"product_cat":[95,80,93],"product_tag":[],"class_list":{"0":"post-7931","1":"product","2":"type-product","3":"status-publish","4":"has-post-thumbnail","6":"product_cat-anti-taches-et-quintos-clarifiants-blanchissants","7":"product_cat-blanchissants-et-eclaircissants","8":"product_cat-concentres-eclaircissants-clarifiants-blanchissants","10":"first","11":"instock","12":"shipping-taxable","13":"purchasable","14":"product-type-simple"},"yoast_head":"<!-- This site is optimized with the Yoast SEO plugin v26.7 - https:\/\/yoast.com\/wordpress\/plugins\/seo\/ -->\n<title>Super anti-t\u00e2ches \u00e9claircissant Belle Face peau uniforme \u00e9clatante - Glow Premium<\/title>\n<meta name=\"description\" content=\"\u00c9clat naturel Peau lumineuse \u00c9claircissement progressif Teint uniformeR\u00e9duction des tachesCorrection des imperfections Peau radieuse peau jaune anti-t\u00e2ches\" \/>\n<meta name=\"robots\" content=\"index, follow, max-snippet:-1, max-image-preview:large, max-video-preview:-1\" \/>\n<link rel=\"canonical\" href=\"https:\/\/glowpremium.fr\/en\/lightening-product\/super-anti-spot-lightening-beautiful-face\/\" \/>\n<meta property=\"og:locale\" content=\"en_GB\" \/>\n<meta property=\"og:type\" content=\"article\" \/>\n<meta property=\"og:title\" content=\"Super anti-t\u00e2ches \u00e9claircissant Belle Face peau uniforme \u00e9clatante - Glow Premium\" \/>\n<meta property=\"og:description\" content=\"\u00c9clat naturel Peau lumineuse \u00c9claircissement progressif Teint uniformeR\u00e9duction des tachesCorrection des imperfections Peau radieuse peau jaune anti-t\u00e2ches\" \/>\n<meta property=\"og:url\" content=\"https:\/\/glowpremium.fr\/en\/lightening-product\/super-anti-spot-lightening-beautiful-face\/\" \/>\n<meta property=\"og:site_name\" content=\"Glow Premium\" \/>\n<meta property=\"article:modified_time\" content=\"2024-11-30T01:05:04+00:00\" \/>\n<meta property=\"og:image\" content=\"https:\/\/glowpremium.fr\/wp-content\/uploads\/2024\/11\/PhotoRoom_20220501_165119.jpg\" \/>\n\t<meta property=\"og:image:width\" content=\"2000\" \/>\n\t<meta property=\"og:image:height\" content=\"1823\" \/>\n\t<meta property=\"og:image:type\" content=\"image\/jpeg\" \/>\n<meta name=\"twitter:card\" content=\"summary_large_image\" \/>\n<meta name=\"twitter:label1\" content=\"Estimated reading time\" \/>\n\t<meta name=\"twitter:data1\" content=\"1 minute\" \/>\n<script type=\"application\/ld+json\" class=\"yoast-schema-graph\">{\"@context\":\"https:\/\/schema.org\",\"@graph\":[{\"@type\":\"WebPage\",\"@id\":\"https:\/\/glowpremium.fr\/produit-eclaircissant\/super-anti-taches-eclaircissant-belle-face\/\",\"url\":\"https:\/\/glowpremium.fr\/produit-eclaircissant\/super-anti-taches-eclaircissant-belle-face\/\",\"name\":\"Super anti-t\u00e2ches \u00e9claircissant Belle Face peau uniforme \u00e9clatante - Glow Premium\",\"isPartOf\":{\"@id\":\"https:\/\/glowpremium.fr\/#website\"},\"primaryImageOfPage\":{\"@id\":\"https:\/\/glowpremium.fr\/produit-eclaircissant\/super-anti-taches-eclaircissant-belle-face\/#primaryimage\"},\"image\":{\"@id\":\"https:\/\/glowpremium.fr\/produit-eclaircissant\/super-anti-taches-eclaircissant-belle-face\/#primaryimage\"},\"thumbnailUrl\":\"https:\/\/glowpremium.fr\/wp-content\/uploads\/2024\/11\/PhotoRoom_20220501_165119.jpg\",\"datePublished\":\"2024-11-20T12:27:45+00:00\",\"dateModified\":\"2024-11-30T01:05:04+00:00\",\"description\":\"\u00c9clat naturel Peau lumineuse \u00c9claircissement progressif Teint uniformeR\u00e9duction des tachesCorrection des imperfections Peau radieuse peau jaune anti-t\u00e2ches\",\"breadcrumb\":{\"@id\":\"https:\/\/glowpremium.fr\/produit-eclaircissant\/super-anti-taches-eclaircissant-belle-face\/#breadcrumb\"},\"inLanguage\":\"en-GB\",\"potentialAction\":[{\"@type\":\"ReadAction\",\"target\":[\"https:\/\/glowpremium.fr\/produit-eclaircissant\/super-anti-taches-eclaircissant-belle-face\/\"]}]},{\"@type\":\"ImageObject\",\"inLanguage\":\"en-GB\",\"@id\":\"https:\/\/glowpremium.fr\/produit-eclaircissant\/super-anti-taches-eclaircissant-belle-face\/#primaryimage\",\"url\":\"https:\/\/glowpremium.fr\/wp-content\/uploads\/2024\/11\/PhotoRoom_20220501_165119.jpg\",\"contentUrl\":\"https:\/\/glowpremium.fr\/wp-content\/uploads\/2024\/11\/PhotoRoom_20220501_165119.jpg\",\"width\":2000,\"height\":1823},{\"@type\":\"BreadcrumbList\",\"@id\":\"https:\/\/glowpremium.fr\/produit-eclaircissant\/super-anti-taches-eclaircissant-belle-face\/#breadcrumb\",\"itemListElement\":[{\"@type\":\"ListItem\",\"position\":1,\"name\":\"Accueil\",\"item\":\"https:\/\/glowpremium.fr\/\"},{\"@type\":\"ListItem\",\"position\":2,\"name\":\"Boutique\",\"item\":\"https:\/\/glowpremium.fr\/boutique-produits-eclaircissants\/\"},{\"@type\":\"ListItem\",\"position\":3,\"name\":\"Super anti-t\u00e2ches \u00e9claircissant Belle Face peau uniforme \u00e9clatante\"}]},{\"@type\":\"WebSite\",\"@id\":\"https:\/\/glowpremium.fr\/#website\",\"url\":\"https:\/\/glowpremium.fr\/\",\"name\":\"Glow Premium\",\"description\":\"\",\"publisher\":{\"@id\":\"https:\/\/glowpremium.fr\/#organization\"},\"potentialAction\":[{\"@type\":\"SearchAction\",\"target\":{\"@type\":\"EntryPoint\",\"urlTemplate\":\"https:\/\/glowpremium.fr\/?s={search_term_string}\"},\"query-input\":{\"@type\":\"PropertyValueSpecification\",\"valueRequired\":true,\"valueName\":\"search_term_string\"}}],\"inLanguage\":\"en-GB\"},{\"@type\":\"Organization\",\"@id\":\"https:\/\/glowpremium.fr\/#organization\",\"name\":\"Glow Premium\",\"url\":\"https:\/\/glowpremium.fr\/\",\"logo\":{\"@type\":\"ImageObject\",\"inLanguage\":\"en-GB\",\"@id\":\"https:\/\/glowpremium.fr\/#\/schema\/logo\/image\/\",\"url\":\"https:\/\/glowpremium.fr\/wp-content\/uploads\/2024\/10\/screenshot_20241029_034909_chrome.jpg\",\"contentUrl\":\"https:\/\/glowpremium.fr\/wp-content\/uploads\/2024\/10\/screenshot_20241029_034909_chrome.jpg\",\"width\":866,\"height\":937,\"caption\":\"Glow Premium\"},\"image\":{\"@id\":\"https:\/\/glowpremium.fr\/#\/schema\/logo\/image\/\"}}]}<\/script>\n<!-- \/ Yoast SEO plugin. -->","yoast_head_json":{"title":"Super anti-t\u00e2ches \u00e9claircissant Belle Face peau uniforme \u00e9clatante - Glow Premium","description":"\u00c9clat naturel Peau lumineuse \u00c9claircissement progressif Teint uniformeR\u00e9duction des tachesCorrection des imperfections Peau radieuse peau jaune anti-t\u00e2ches","robots":{"index":"index","follow":"follow","max-snippet":"max-snippet:-1","max-image-preview":"max-image-preview:large","max-video-preview":"max-video-preview:-1"},"canonical":"https:\/\/glowpremium.fr\/en\/lightening-product\/super-anti-spot-lightening-beautiful-face\/","og_locale":"en_GB","og_type":"article","og_title":"Super anti-t\u00e2ches \u00e9claircissant Belle Face peau uniforme \u00e9clatante - Glow Premium","og_description":"\u00c9clat naturel Peau lumineuse \u00c9claircissement progressif Teint uniformeR\u00e9duction des tachesCorrection des imperfections Peau radieuse peau jaune anti-t\u00e2ches","og_url":"https:\/\/glowpremium.fr\/en\/lightening-product\/super-anti-spot-lightening-beautiful-face\/","og_site_name":"Glow Premium","article_modified_time":"2024-11-30T01:05:04+00:00","og_image":[{"width":2000,"height":1823,"url":"https:\/\/glowpremium.fr\/wp-content\/uploads\/2024\/11\/PhotoRoom_20220501_165119.jpg","type":"image\/jpeg"}],"twitter_card":"summary_large_image","twitter_misc":{"Estimated reading time":"1 minute"},"schema":{"@context":"https:\/\/schema.org","@graph":[{"@type":"WebPage","@id":"https:\/\/glowpremium.fr\/produit-eclaircissant\/super-anti-taches-eclaircissant-belle-face\/","url":"https:\/\/glowpremium.fr\/produit-eclaircissant\/super-anti-taches-eclaircissant-belle-face\/","name":"Super anti-t\u00e2ches \u00e9claircissant Belle Face peau uniforme \u00e9clatante - Glow Premium","isPartOf":{"@id":"https:\/\/glowpremium.fr\/#website"},"primaryImageOfPage":{"@id":"https:\/\/glowpremium.fr\/produit-eclaircissant\/super-anti-taches-eclaircissant-belle-face\/#primaryimage"},"image":{"@id":"https:\/\/glowpremium.fr\/produit-eclaircissant\/super-anti-taches-eclaircissant-belle-face\/#primaryimage"},"thumbnailUrl":"https:\/\/glowpremium.fr\/wp-content\/uploads\/2024\/11\/PhotoRoom_20220501_165119.jpg","datePublished":"2024-11-20T12:27:45+00:00","dateModified":"2024-11-30T01:05:04+00:00","description":"\u00c9clat naturel Peau lumineuse \u00c9claircissement progressif Teint uniformeR\u00e9duction des tachesCorrection des imperfections Peau radieuse peau jaune anti-t\u00e2ches","breadcrumb":{"@id":"https:\/\/glowpremium.fr\/produit-eclaircissant\/super-anti-taches-eclaircissant-belle-face\/#breadcrumb"},"inLanguage":"en-GB","potentialAction":[{"@type":"ReadAction","target":["https:\/\/glowpremium.fr\/produit-eclaircissant\/super-anti-taches-eclaircissant-belle-face\/"]}]},{"@type":"ImageObject","inLanguage":"en-GB","@id":"https:\/\/glowpremium.fr\/produit-eclaircissant\/super-anti-taches-eclaircissant-belle-face\/#primaryimage","url":"https:\/\/glowpremium.fr\/wp-content\/uploads\/2024\/11\/PhotoRoom_20220501_165119.jpg","contentUrl":"https:\/\/glowpremium.fr\/wp-content\/uploads\/2024\/11\/PhotoRoom_20220501_165119.jpg","width":2000,"height":1823},{"@type":"BreadcrumbList","@id":"https:\/\/glowpremium.fr\/produit-eclaircissant\/super-anti-taches-eclaircissant-belle-face\/#breadcrumb","itemListElement":[{"@type":"ListItem","position":1,"name":"Accueil","item":"https:\/\/glowpremium.fr\/"},{"@type":"ListItem","position":2,"name":"Boutique","item":"https:\/\/glowpremium.fr\/boutique-produits-eclaircissants\/"},{"@type":"ListItem","position":3,"name":"Super anti-t\u00e2ches \u00e9claircissant Belle Face peau uniforme \u00e9clatante"}]},{"@type":"WebSite","@id":"https:\/\/glowpremium.fr\/#website","url":"https:\/\/glowpremium.fr\/","name":"Glow Premium","description":"","publisher":{"@id":"https:\/\/glowpremium.fr\/#organization"},"potentialAction":[{"@type":"SearchAction","target":{"@type":"EntryPoint","urlTemplate":"https:\/\/glowpremium.fr\/?s={search_term_string}"},"query-input":{"@type":"PropertyValueSpecification","valueRequired":true,"valueName":"search_term_string"}}],"inLanguage":"en-GB"},{"@type":"Organization","@id":"https:\/\/glowpremium.fr\/#organization","name":"Glow Premium","url":"https:\/\/glowpremium.fr\/","logo":{"@type":"ImageObject","inLanguage":"en-GB","@id":"https:\/\/glowpremium.fr\/#\/schema\/logo\/image\/","url":"https:\/\/glowpremium.fr\/wp-content\/uploads\/2024\/10\/screenshot_20241029_034909_chrome.jpg","contentUrl":"https:\/\/glowpremium.fr\/wp-content\/uploads\/2024\/10\/screenshot_20241029_034909_chrome.jpg","width":866,"height":937,"caption":"Glow Premium"},"image":{"@id":"https:\/\/glowpremium.fr\/#\/schema\/logo\/image\/"}}]}},"_links":{"self":[{"href":"https:\/\/glowpremium.fr\/en\/wp-json\/wp\/v2\/product\/7931","targetHints":{"allow":["GET"]}}],"collection":[{"href":"https:\/\/glowpremium.fr\/en\/wp-json\/wp\/v2\/product"}],"about":[{"href":"https:\/\/glowpremium.fr\/en\/wp-json\/wp\/v2\/types\/product"}],"replies":[{"embeddable":true,"href":"https:\/\/glowpremium.fr\/en\/wp-json\/wp\/v2\/comments?post=7931"}],"version-history":[{"count":3,"href":"https:\/\/glowpremium.fr\/en\/wp-json\/wp\/v2\/product\/7931\/revisions"}],"predecessor-version":[{"id":8465,"href":"https:\/\/glowpremium.fr\/en\/wp-json\/wp\/v2\/product\/7931\/revisions\/8465"}],"wp:featuredmedia":[{"embeddable":true,"href":"https:\/\/glowpremium.fr\/en\/wp-json\/wp\/v2\/media\/7709"}],"wp:attachment":[{"href":"https:\/\/glowpremium.fr\/en\/wp-json\/wp\/v2\/media?parent=7931"}],"wp:term":[{"taxonomy":"brand","embeddable":true,"href":"https:\/\/glowpremium.fr\/en\/wp-json\/wp\/v2\/etheme_brands?post=7931"},{"taxonomy":"product_brand","embeddable":true,"href":"https:\/\/glowpremium.fr\/en\/wp-json\/wp\/v2\/product_brand?post=7931"},{"taxonomy":"product_cat","embeddable":true,"href":"https:\/\/glowpremium.fr\/en\/wp-json\/wp\/v2\/product_cat?post=7931"},{"taxonomy":"product_tag","embeddable":true,"href":"https:\/\/glowpremium.fr\/en\/wp-json\/wp\/v2\/product_tag?post=7931"}],"curies":[{"name":"wp","href":"https:\/\/api.w.org\/{rel}","templated":true}]}}