{"id":7925,"date":"2024-11-20T13:27:44","date_gmt":"2024-11-20T12:27:44","guid":{"rendered":"https:\/\/glowpremium.fr\/?post_type=product&#038;p=7925"},"modified":"2024-11-30T02:52:02","modified_gmt":"2024-11-30T01:52:02","slug":"creme-et-concentre-eclaircissant-carotone-au-collagene","status":"publish","type":"product","link":"https:\/\/glowpremium.fr\/en\/lightening-product\/carotone-lightening-cream-and-concentrate-with-collagen\/","title":{"rendered":"Carotone Anti-Spot Collagen Lightening Concentrate Duo"},"content":{"rendered":"<div data-elementor-type=\"product-post\" data-elementor-id=\"7925\" class=\"elementor elementor-7925\" data-elementor-post-type=\"product\">\n\t\t\t\t\t\t<section class=\"elementor-section elementor-top-section elementor-element elementor-element-2aebc49a elementor-section-boxed elementor-section-height-default elementor-section-height-default\" data-id=\"2aebc49a\" data-element_type=\"section\">\n\t\t\t\t\t\t<div class=\"elementor-container elementor-column-gap-default\">\n\t\t\t\t\t<div class=\"elementor-column elementor-col-100 elementor-top-column elementor-element elementor-element-1fb8d515\" data-id=\"1fb8d515\" data-element_type=\"column\">\n\t\t\t<div class=\"elementor-widget-wrap elementor-element-populated\">\n\t\t\t\t\t\t<div class=\"elementor-element elementor-element-1320c2ee elementor-widget elementor-widget-text-editor\" data-id=\"1320c2ee\" data-element_type=\"widget\" data-widget_type=\"text-editor.default\">\n\t\t\t\t<div class=\"elementor-widget-container\">\n\t\t\t\t\t\t\t\t\t<p><strong>How to use :\n<p>While bathing, gently rub the soap into your skin using circular movements. Concentrate on rough areas.\n<p><strong>Recommendation:\n<p>For external use only, avoid contact with eyes. If irritation occurs, discontinue use.&nbsp;\n<p><strong>Composition:\n<p>Water (aqua), Mineral oil, (paraffin), Lanolin, Stearic acid, Cetyl-stearylic alcohol, Isopropyl myristate, BHT, Methylparaben, Propyparaben, Sodium laurel sulfate, Sodium sulfate, Citric acid, Glycerin, Tocopheryl acetate (vit.E), Acid Kojic, Collagen, Carrot oil, acides de fruits Fragrance.\t\t\t\t\t\t\t\t<\/div>\n\t\t\t\t<\/div>\n\t\t\t\t\t<\/div>\n\t\t<\/div>\n\t\t\t\t\t<\/div>\n\t\t<\/section>\n\t\t\t\t<\/div>","protected":false},"excerpt":{"rendered":"<p>CAROTONE clarifying concentrate and cream, rich in collagen, carrot and sun protection. Its clarifying properties deeply cleanse impurities from your skin, whitening it and clearing pores so that other applications can be absorbed more easily. Its moisturising effect softens the skin, purifies it and reduces the effect of sebum;<\/p>\n<p>Carotone Clarifying Soap evens out your complexion and keeps you fresh all day long.<\/p>","protected":false},"featured_media":8010,"comment_status":"closed","ping_status":"closed","template":"","meta":[],"etheme_brands":[],"product_brand":[],"product_cat":[95,80,93],"product_tag":[],"class_list":{"0":"post-7925","1":"product","2":"type-product","3":"status-publish","4":"has-post-thumbnail","6":"product_cat-anti-taches-et-quintos-clarifiants-blanchissants","7":"product_cat-blanchissants-et-eclaircissants","8":"product_cat-concentres-eclaircissants-clarifiants-blanchissants","10":"first","11":"instock","12":"shipping-taxable","13":"purchasable","14":"product-type-simple"},"yoast_head":"<!-- This site is optimized with the Yoast SEO plugin v26.7 - https:\/\/yoast.com\/wordpress\/plugins\/seo\/ -->\n<title>Duo concentr\u00e9 \u00e9claircissant Carotone au collag\u00e8ne anti-t\u00e2ches - Glow Premium<\/title>\n<meta name=\"description\" content=\"\u00c9clat naturelPeau lumineuse \u00c9claircissement progressifTeint uniforme R\u00e9duction des taches Correction des imperfectionsPeau radieuse produit blanchissant\" \/>\n<meta name=\"robots\" content=\"index, follow, max-snippet:-1, max-image-preview:large, max-video-preview:-1\" \/>\n<link rel=\"canonical\" href=\"https:\/\/glowpremium.fr\/en\/lightening-product\/carotone-lightening-cream-and-concentrate-with-collagen\/\" \/>\n<meta property=\"og:locale\" content=\"en_GB\" \/>\n<meta property=\"og:type\" content=\"article\" \/>\n<meta property=\"og:title\" content=\"Duo concentr\u00e9 \u00e9claircissant Carotone au collag\u00e8ne anti-t\u00e2ches - Glow Premium\" \/>\n<meta property=\"og:description\" content=\"\u00c9clat naturelPeau lumineuse \u00c9claircissement progressifTeint uniforme R\u00e9duction des taches Correction des imperfectionsPeau radieuse produit blanchissant\" \/>\n<meta property=\"og:url\" content=\"https:\/\/glowpremium.fr\/en\/lightening-product\/carotone-lightening-cream-and-concentrate-with-collagen\/\" \/>\n<meta property=\"og:site_name\" content=\"Glow Premium\" \/>\n<meta property=\"article:modified_time\" content=\"2024-11-30T01:52:02+00:00\" \/>\n<meta property=\"og:image\" content=\"https:\/\/glowpremium.fr\/wp-content\/uploads\/2024\/11\/PhotoRoom_20220403_110339.jpg\" \/>\n\t<meta property=\"og:image:width\" content=\"1758\" \/>\n\t<meta property=\"og:image:height\" content=\"2217\" \/>\n\t<meta property=\"og:image:type\" content=\"image\/jpeg\" \/>\n<meta name=\"twitter:card\" content=\"summary_large_image\" \/>\n<meta name=\"twitter:label1\" content=\"Estimated reading time\" \/>\n\t<meta name=\"twitter:data1\" content=\"1 minute\" \/>\n<script type=\"application\/ld+json\" class=\"yoast-schema-graph\">{\"@context\":\"https:\/\/schema.org\",\"@graph\":[{\"@type\":\"WebPage\",\"@id\":\"https:\/\/glowpremium.fr\/produit-eclaircissant\/creme-et-concentre-eclaircissant-carotone-au-collagene\/\",\"url\":\"https:\/\/glowpremium.fr\/produit-eclaircissant\/creme-et-concentre-eclaircissant-carotone-au-collagene\/\",\"name\":\"Duo concentr\u00e9 \u00e9claircissant Carotone au collag\u00e8ne anti-t\u00e2ches - Glow Premium\",\"isPartOf\":{\"@id\":\"https:\/\/glowpremium.fr\/#website\"},\"primaryImageOfPage\":{\"@id\":\"https:\/\/glowpremium.fr\/produit-eclaircissant\/creme-et-concentre-eclaircissant-carotone-au-collagene\/#primaryimage\"},\"image\":{\"@id\":\"https:\/\/glowpremium.fr\/produit-eclaircissant\/creme-et-concentre-eclaircissant-carotone-au-collagene\/#primaryimage\"},\"thumbnailUrl\":\"https:\/\/glowpremium.fr\/wp-content\/uploads\/2024\/11\/PhotoRoom_20220403_110339.jpg\",\"datePublished\":\"2024-11-20T12:27:44+00:00\",\"dateModified\":\"2024-11-30T01:52:02+00:00\",\"description\":\"\u00c9clat naturelPeau lumineuse \u00c9claircissement progressifTeint uniforme R\u00e9duction des taches Correction des imperfectionsPeau radieuse produit blanchissant\",\"breadcrumb\":{\"@id\":\"https:\/\/glowpremium.fr\/produit-eclaircissant\/creme-et-concentre-eclaircissant-carotone-au-collagene\/#breadcrumb\"},\"inLanguage\":\"en-GB\",\"potentialAction\":[{\"@type\":\"ReadAction\",\"target\":[\"https:\/\/glowpremium.fr\/produit-eclaircissant\/creme-et-concentre-eclaircissant-carotone-au-collagene\/\"]}]},{\"@type\":\"ImageObject\",\"inLanguage\":\"en-GB\",\"@id\":\"https:\/\/glowpremium.fr\/produit-eclaircissant\/creme-et-concentre-eclaircissant-carotone-au-collagene\/#primaryimage\",\"url\":\"https:\/\/glowpremium.fr\/wp-content\/uploads\/2024\/11\/PhotoRoom_20220403_110339.jpg\",\"contentUrl\":\"https:\/\/glowpremium.fr\/wp-content\/uploads\/2024\/11\/PhotoRoom_20220403_110339.jpg\",\"width\":1758,\"height\":2217},{\"@type\":\"BreadcrumbList\",\"@id\":\"https:\/\/glowpremium.fr\/produit-eclaircissant\/creme-et-concentre-eclaircissant-carotone-au-collagene\/#breadcrumb\",\"itemListElement\":[{\"@type\":\"ListItem\",\"position\":1,\"name\":\"Accueil\",\"item\":\"https:\/\/glowpremium.fr\/\"},{\"@type\":\"ListItem\",\"position\":2,\"name\":\"Boutique\",\"item\":\"https:\/\/glowpremium.fr\/boutique-produits-eclaircissants\/\"},{\"@type\":\"ListItem\",\"position\":3,\"name\":\"Duo concentr\u00e9 \u00e9claircissant Carotone au collag\u00e8ne anti-t\u00e2ches\"}]},{\"@type\":\"WebSite\",\"@id\":\"https:\/\/glowpremium.fr\/#website\",\"url\":\"https:\/\/glowpremium.fr\/\",\"name\":\"Glow Premium\",\"description\":\"\",\"publisher\":{\"@id\":\"https:\/\/glowpremium.fr\/#organization\"},\"potentialAction\":[{\"@type\":\"SearchAction\",\"target\":{\"@type\":\"EntryPoint\",\"urlTemplate\":\"https:\/\/glowpremium.fr\/?s={search_term_string}\"},\"query-input\":{\"@type\":\"PropertyValueSpecification\",\"valueRequired\":true,\"valueName\":\"search_term_string\"}}],\"inLanguage\":\"en-GB\"},{\"@type\":\"Organization\",\"@id\":\"https:\/\/glowpremium.fr\/#organization\",\"name\":\"Glow Premium\",\"url\":\"https:\/\/glowpremium.fr\/\",\"logo\":{\"@type\":\"ImageObject\",\"inLanguage\":\"en-GB\",\"@id\":\"https:\/\/glowpremium.fr\/#\/schema\/logo\/image\/\",\"url\":\"https:\/\/glowpremium.fr\/wp-content\/uploads\/2024\/10\/screenshot_20241029_034909_chrome.jpg\",\"contentUrl\":\"https:\/\/glowpremium.fr\/wp-content\/uploads\/2024\/10\/screenshot_20241029_034909_chrome.jpg\",\"width\":866,\"height\":937,\"caption\":\"Glow Premium\"},\"image\":{\"@id\":\"https:\/\/glowpremium.fr\/#\/schema\/logo\/image\/\"}}]}<\/script>\n<!-- \/ Yoast SEO plugin. -->","yoast_head_json":{"title":"Duo concentr\u00e9 \u00e9claircissant Carotone au collag\u00e8ne anti-t\u00e2ches - Glow Premium","description":"\u00c9clat naturelPeau lumineuse \u00c9claircissement progressifTeint uniforme R\u00e9duction des taches Correction des imperfectionsPeau radieuse produit blanchissant","robots":{"index":"index","follow":"follow","max-snippet":"max-snippet:-1","max-image-preview":"max-image-preview:large","max-video-preview":"max-video-preview:-1"},"canonical":"https:\/\/glowpremium.fr\/en\/lightening-product\/carotone-lightening-cream-and-concentrate-with-collagen\/","og_locale":"en_GB","og_type":"article","og_title":"Duo concentr\u00e9 \u00e9claircissant Carotone au collag\u00e8ne anti-t\u00e2ches - Glow Premium","og_description":"\u00c9clat naturelPeau lumineuse \u00c9claircissement progressifTeint uniforme R\u00e9duction des taches Correction des imperfectionsPeau radieuse produit blanchissant","og_url":"https:\/\/glowpremium.fr\/en\/lightening-product\/carotone-lightening-cream-and-concentrate-with-collagen\/","og_site_name":"Glow Premium","article_modified_time":"2024-11-30T01:52:02+00:00","og_image":[{"width":1758,"height":2217,"url":"https:\/\/glowpremium.fr\/wp-content\/uploads\/2024\/11\/PhotoRoom_20220403_110339.jpg","type":"image\/jpeg"}],"twitter_card":"summary_large_image","twitter_misc":{"Estimated reading time":"1 minute"},"schema":{"@context":"https:\/\/schema.org","@graph":[{"@type":"WebPage","@id":"https:\/\/glowpremium.fr\/produit-eclaircissant\/creme-et-concentre-eclaircissant-carotone-au-collagene\/","url":"https:\/\/glowpremium.fr\/produit-eclaircissant\/creme-et-concentre-eclaircissant-carotone-au-collagene\/","name":"Duo concentr\u00e9 \u00e9claircissant Carotone au collag\u00e8ne anti-t\u00e2ches - Glow Premium","isPartOf":{"@id":"https:\/\/glowpremium.fr\/#website"},"primaryImageOfPage":{"@id":"https:\/\/glowpremium.fr\/produit-eclaircissant\/creme-et-concentre-eclaircissant-carotone-au-collagene\/#primaryimage"},"image":{"@id":"https:\/\/glowpremium.fr\/produit-eclaircissant\/creme-et-concentre-eclaircissant-carotone-au-collagene\/#primaryimage"},"thumbnailUrl":"https:\/\/glowpremium.fr\/wp-content\/uploads\/2024\/11\/PhotoRoom_20220403_110339.jpg","datePublished":"2024-11-20T12:27:44+00:00","dateModified":"2024-11-30T01:52:02+00:00","description":"\u00c9clat naturelPeau lumineuse \u00c9claircissement progressifTeint uniforme R\u00e9duction des taches Correction des imperfectionsPeau radieuse produit blanchissant","breadcrumb":{"@id":"https:\/\/glowpremium.fr\/produit-eclaircissant\/creme-et-concentre-eclaircissant-carotone-au-collagene\/#breadcrumb"},"inLanguage":"en-GB","potentialAction":[{"@type":"ReadAction","target":["https:\/\/glowpremium.fr\/produit-eclaircissant\/creme-et-concentre-eclaircissant-carotone-au-collagene\/"]}]},{"@type":"ImageObject","inLanguage":"en-GB","@id":"https:\/\/glowpremium.fr\/produit-eclaircissant\/creme-et-concentre-eclaircissant-carotone-au-collagene\/#primaryimage","url":"https:\/\/glowpremium.fr\/wp-content\/uploads\/2024\/11\/PhotoRoom_20220403_110339.jpg","contentUrl":"https:\/\/glowpremium.fr\/wp-content\/uploads\/2024\/11\/PhotoRoom_20220403_110339.jpg","width":1758,"height":2217},{"@type":"BreadcrumbList","@id":"https:\/\/glowpremium.fr\/produit-eclaircissant\/creme-et-concentre-eclaircissant-carotone-au-collagene\/#breadcrumb","itemListElement":[{"@type":"ListItem","position":1,"name":"Accueil","item":"https:\/\/glowpremium.fr\/"},{"@type":"ListItem","position":2,"name":"Boutique","item":"https:\/\/glowpremium.fr\/boutique-produits-eclaircissants\/"},{"@type":"ListItem","position":3,"name":"Duo concentr\u00e9 \u00e9claircissant Carotone au collag\u00e8ne anti-t\u00e2ches"}]},{"@type":"WebSite","@id":"https:\/\/glowpremium.fr\/#website","url":"https:\/\/glowpremium.fr\/","name":"Glow Premium","description":"","publisher":{"@id":"https:\/\/glowpremium.fr\/#organization"},"potentialAction":[{"@type":"SearchAction","target":{"@type":"EntryPoint","urlTemplate":"https:\/\/glowpremium.fr\/?s={search_term_string}"},"query-input":{"@type":"PropertyValueSpecification","valueRequired":true,"valueName":"search_term_string"}}],"inLanguage":"en-GB"},{"@type":"Organization","@id":"https:\/\/glowpremium.fr\/#organization","name":"Glow Premium","url":"https:\/\/glowpremium.fr\/","logo":{"@type":"ImageObject","inLanguage":"en-GB","@id":"https:\/\/glowpremium.fr\/#\/schema\/logo\/image\/","url":"https:\/\/glowpremium.fr\/wp-content\/uploads\/2024\/10\/screenshot_20241029_034909_chrome.jpg","contentUrl":"https:\/\/glowpremium.fr\/wp-content\/uploads\/2024\/10\/screenshot_20241029_034909_chrome.jpg","width":866,"height":937,"caption":"Glow Premium"},"image":{"@id":"https:\/\/glowpremium.fr\/#\/schema\/logo\/image\/"}}]}},"_links":{"self":[{"href":"https:\/\/glowpremium.fr\/en\/wp-json\/wp\/v2\/product\/7925","targetHints":{"allow":["GET"]}}],"collection":[{"href":"https:\/\/glowpremium.fr\/en\/wp-json\/wp\/v2\/product"}],"about":[{"href":"https:\/\/glowpremium.fr\/en\/wp-json\/wp\/v2\/types\/product"}],"replies":[{"embeddable":true,"href":"https:\/\/glowpremium.fr\/en\/wp-json\/wp\/v2\/comments?post=7925"}],"version-history":[{"count":3,"href":"https:\/\/glowpremium.fr\/en\/wp-json\/wp\/v2\/product\/7925\/revisions"}],"predecessor-version":[{"id":8475,"href":"https:\/\/glowpremium.fr\/en\/wp-json\/wp\/v2\/product\/7925\/revisions\/8475"}],"wp:featuredmedia":[{"embeddable":true,"href":"https:\/\/glowpremium.fr\/en\/wp-json\/wp\/v2\/media\/8010"}],"wp:attachment":[{"href":"https:\/\/glowpremium.fr\/en\/wp-json\/wp\/v2\/media?parent=7925"}],"wp:term":[{"taxonomy":"brand","embeddable":true,"href":"https:\/\/glowpremium.fr\/en\/wp-json\/wp\/v2\/etheme_brands?post=7925"},{"taxonomy":"product_brand","embeddable":true,"href":"https:\/\/glowpremium.fr\/en\/wp-json\/wp\/v2\/product_brand?post=7925"},{"taxonomy":"product_cat","embeddable":true,"href":"https:\/\/glowpremium.fr\/en\/wp-json\/wp\/v2\/product_cat?post=7925"},{"taxonomy":"product_tag","embeddable":true,"href":"https:\/\/glowpremium.fr\/en\/wp-json\/wp\/v2\/product_tag?post=7925"}],"curies":[{"name":"wp","href":"https:\/\/api.w.org\/{rel}","templated":true}]}}