{"id":7921,"date":"2024-11-20T13:27:43","date_gmt":"2024-11-20T12:27:43","guid":{"rendered":"https:\/\/glowpremium.fr\/?post_type=product&#038;p=7921"},"modified":"2024-12-01T04:26:09","modified_gmt":"2024-12-01T03:26:09","slug":"concentre-eclaircissant-teint-diamant","status":"publish","type":"product","link":"https:\/\/glowpremium.fr\/en\/lightening-product\/diamond-complexion-lightening-concentrate\/","title":{"rendered":"Brightening Concentrate Uniform Diamond Complexion"},"content":{"rendered":"<div data-elementor-type=\"product-post\" data-elementor-id=\"7921\" class=\"elementor elementor-7921\" data-elementor-post-type=\"product\">\n\t\t\t\t\t\t<section class=\"elementor-section elementor-top-section elementor-element elementor-element-5d81249b elementor-section-boxed elementor-section-height-default elementor-section-height-default\" data-id=\"5d81249b\" data-element_type=\"section\">\n\t\t\t\t\t\t<div class=\"elementor-container elementor-column-gap-default\">\n\t\t\t\t\t<div class=\"elementor-column elementor-col-100 elementor-top-column elementor-element elementor-element-1e4c235d\" data-id=\"1e4c235d\" data-element_type=\"column\">\n\t\t\t<div class=\"elementor-widget-wrap elementor-element-populated\">\n\t\t\t\t\t\t<div class=\"elementor-element elementor-element-544f6e5 elementor-widget elementor-widget-text-editor\" data-id=\"544f6e5\" data-element_type=\"widget\" data-widget_type=\"text-editor.default\">\n\t\t\t\t<div class=\"elementor-widget-container\">\n\t\t\t\t\t\t\t\t\t<strong>How to use :\r\n\r\nMix into your cleansing milk.\r\n\r\n<strong>Recommendation:\r\n\r\nDo not expose to the sun for long periods. Use only on the body. Keep out of reach of children.\r\n\r\n<strong>Composition:\r\n\r\nHyaluronic acid + UV\t\t\t\t\t\t\t\t<\/div>\n\t\t\t\t<\/div>\n\t\t\t\t\t<\/div>\n\t\t<\/div>\n\t\t\t\t\t<\/div>\n\t\t<\/section>\n\t\t\t\t<\/div>","protected":false},"excerpt":{"rendered":"<p>The glutathione concentrate super-brightening tablet whitens your skin, ridding it of impurities and redness, and treating black marks on the skin. Thanks to glutathione, essential oils, kojic acid. Vitamins E and E, your skin will become more radiant and beautiful thanks to its high hyaluronic acid content, which rejuvenates, moisturises and smoothes.<\/p>","protected":false},"featured_media":7989,"comment_status":"closed","ping_status":"closed","template":"","meta":[],"etheme_brands":[],"product_brand":[],"product_cat":[80,89,93],"product_tag":[],"class_list":{"0":"post-7921","1":"product","2":"type-product","3":"status-publish","4":"has-post-thumbnail","6":"product_cat-blanchissants-et-eclaircissants","7":"product_cat-concentres-eclaircissants","8":"product_cat-concentres-eclaircissants-clarifiants-blanchissants","10":"first","11":"instock","12":"shipping-taxable","13":"purchasable","14":"product-type-simple"},"yoast_head":"<!-- This site is optimized with the Yoast SEO plugin v26.7 - https:\/\/yoast.com\/wordpress\/plugins\/seo\/ -->\n<title>Concentr\u00e9 \u00e9claircissant Uniformisation teint diamant - Glow Premium<\/title>\n<meta name=\"description\" content=\"Soins premium pour teint uniforme peau noire Produits \u00e9claircissants peau noire luxe S\u00e9rum \u00e9claircissant peau m\u00e9tisse haut de gamme tout type de peau\" \/>\n<meta name=\"robots\" content=\"index, follow, max-snippet:-1, max-image-preview:large, max-video-preview:-1\" \/>\n<link rel=\"canonical\" href=\"https:\/\/glowpremium.fr\/en\/lightening-product\/diamond-complexion-lightening-concentrate\/\" \/>\n<meta property=\"og:locale\" content=\"en_GB\" \/>\n<meta property=\"og:type\" content=\"article\" \/>\n<meta property=\"og:title\" content=\"Concentr\u00e9 \u00e9claircissant Uniformisation teint diamant - Glow Premium\" \/>\n<meta property=\"og:description\" content=\"Soins premium pour teint uniforme peau noire Produits \u00e9claircissants peau noire luxe S\u00e9rum \u00e9claircissant peau m\u00e9tisse haut de gamme tout type de peau\" \/>\n<meta property=\"og:url\" content=\"https:\/\/glowpremium.fr\/en\/lightening-product\/diamond-complexion-lightening-concentrate\/\" \/>\n<meta property=\"og:site_name\" content=\"Glow Premium\" \/>\n<meta property=\"article:modified_time\" content=\"2024-12-01T03:26:09+00:00\" \/>\n<meta property=\"og:image\" content=\"https:\/\/glowpremium.fr\/wp-content\/uploads\/2024\/11\/PhotoRoom_20220318_193731.jpg\" \/>\n\t<meta property=\"og:image:width\" content=\"2000\" \/>\n\t<meta property=\"og:image:height\" content=\"1831\" \/>\n\t<meta property=\"og:image:type\" content=\"image\/jpeg\" \/>\n<meta name=\"twitter:card\" content=\"summary_large_image\" \/>\n<meta name=\"twitter:label1\" content=\"Estimated reading time\" \/>\n\t<meta name=\"twitter:data1\" content=\"1 minute\" \/>\n<script type=\"application\/ld+json\" class=\"yoast-schema-graph\">{\"@context\":\"https:\/\/schema.org\",\"@graph\":[{\"@type\":\"WebPage\",\"@id\":\"https:\/\/glowpremium.fr\/produit-eclaircissant\/concentre-eclaircissant-teint-diamant\/\",\"url\":\"https:\/\/glowpremium.fr\/produit-eclaircissant\/concentre-eclaircissant-teint-diamant\/\",\"name\":\"Concentr\u00e9 \u00e9claircissant Uniformisation teint diamant - Glow Premium\",\"isPartOf\":{\"@id\":\"https:\/\/glowpremium.fr\/#website\"},\"primaryImageOfPage\":{\"@id\":\"https:\/\/glowpremium.fr\/produit-eclaircissant\/concentre-eclaircissant-teint-diamant\/#primaryimage\"},\"image\":{\"@id\":\"https:\/\/glowpremium.fr\/produit-eclaircissant\/concentre-eclaircissant-teint-diamant\/#primaryimage\"},\"thumbnailUrl\":\"https:\/\/glowpremium.fr\/wp-content\/uploads\/2024\/11\/PhotoRoom_20220318_193731.jpg\",\"datePublished\":\"2024-11-20T12:27:43+00:00\",\"dateModified\":\"2024-12-01T03:26:09+00:00\",\"description\":\"Soins premium pour teint uniforme peau noire Produits \u00e9claircissants peau noire luxe S\u00e9rum \u00e9claircissant peau m\u00e9tisse haut de gamme tout type de peau\",\"breadcrumb\":{\"@id\":\"https:\/\/glowpremium.fr\/produit-eclaircissant\/concentre-eclaircissant-teint-diamant\/#breadcrumb\"},\"inLanguage\":\"en-GB\",\"potentialAction\":[{\"@type\":\"ReadAction\",\"target\":[\"https:\/\/glowpremium.fr\/produit-eclaircissant\/concentre-eclaircissant-teint-diamant\/\"]}]},{\"@type\":\"ImageObject\",\"inLanguage\":\"en-GB\",\"@id\":\"https:\/\/glowpremium.fr\/produit-eclaircissant\/concentre-eclaircissant-teint-diamant\/#primaryimage\",\"url\":\"https:\/\/glowpremium.fr\/wp-content\/uploads\/2024\/11\/PhotoRoom_20220318_193731.jpg\",\"contentUrl\":\"https:\/\/glowpremium.fr\/wp-content\/uploads\/2024\/11\/PhotoRoom_20220318_193731.jpg\",\"width\":2000,\"height\":1831},{\"@type\":\"BreadcrumbList\",\"@id\":\"https:\/\/glowpremium.fr\/produit-eclaircissant\/concentre-eclaircissant-teint-diamant\/#breadcrumb\",\"itemListElement\":[{\"@type\":\"ListItem\",\"position\":1,\"name\":\"Accueil\",\"item\":\"https:\/\/glowpremium.fr\/\"},{\"@type\":\"ListItem\",\"position\":2,\"name\":\"Boutique\",\"item\":\"https:\/\/glowpremium.fr\/boutique-produits-eclaircissants\/\"},{\"@type\":\"ListItem\",\"position\":3,\"name\":\"Concentr\u00e9 \u00e9claircissant Uniformisation teint diamant\"}]},{\"@type\":\"WebSite\",\"@id\":\"https:\/\/glowpremium.fr\/#website\",\"url\":\"https:\/\/glowpremium.fr\/\",\"name\":\"Glow Premium\",\"description\":\"\",\"publisher\":{\"@id\":\"https:\/\/glowpremium.fr\/#organization\"},\"potentialAction\":[{\"@type\":\"SearchAction\",\"target\":{\"@type\":\"EntryPoint\",\"urlTemplate\":\"https:\/\/glowpremium.fr\/?s={search_term_string}\"},\"query-input\":{\"@type\":\"PropertyValueSpecification\",\"valueRequired\":true,\"valueName\":\"search_term_string\"}}],\"inLanguage\":\"en-GB\"},{\"@type\":\"Organization\",\"@id\":\"https:\/\/glowpremium.fr\/#organization\",\"name\":\"Glow Premium\",\"url\":\"https:\/\/glowpremium.fr\/\",\"logo\":{\"@type\":\"ImageObject\",\"inLanguage\":\"en-GB\",\"@id\":\"https:\/\/glowpremium.fr\/#\/schema\/logo\/image\/\",\"url\":\"https:\/\/glowpremium.fr\/wp-content\/uploads\/2024\/10\/screenshot_20241029_034909_chrome.jpg\",\"contentUrl\":\"https:\/\/glowpremium.fr\/wp-content\/uploads\/2024\/10\/screenshot_20241029_034909_chrome.jpg\",\"width\":866,\"height\":937,\"caption\":\"Glow Premium\"},\"image\":{\"@id\":\"https:\/\/glowpremium.fr\/#\/schema\/logo\/image\/\"}}]}<\/script>\n<!-- \/ Yoast SEO plugin. -->","yoast_head_json":{"title":"Concentr\u00e9 \u00e9claircissant Uniformisation teint diamant - Glow Premium","description":"Soins premium pour teint uniforme peau noire Produits \u00e9claircissants peau noire luxe S\u00e9rum \u00e9claircissant peau m\u00e9tisse haut de gamme tout type de peau","robots":{"index":"index","follow":"follow","max-snippet":"max-snippet:-1","max-image-preview":"max-image-preview:large","max-video-preview":"max-video-preview:-1"},"canonical":"https:\/\/glowpremium.fr\/en\/lightening-product\/diamond-complexion-lightening-concentrate\/","og_locale":"en_GB","og_type":"article","og_title":"Concentr\u00e9 \u00e9claircissant Uniformisation teint diamant - Glow Premium","og_description":"Soins premium pour teint uniforme peau noire Produits \u00e9claircissants peau noire luxe S\u00e9rum \u00e9claircissant peau m\u00e9tisse haut de gamme tout type de peau","og_url":"https:\/\/glowpremium.fr\/en\/lightening-product\/diamond-complexion-lightening-concentrate\/","og_site_name":"Glow Premium","article_modified_time":"2024-12-01T03:26:09+00:00","og_image":[{"width":2000,"height":1831,"url":"https:\/\/glowpremium.fr\/wp-content\/uploads\/2024\/11\/PhotoRoom_20220318_193731.jpg","type":"image\/jpeg"}],"twitter_card":"summary_large_image","twitter_misc":{"Estimated reading time":"1 minute"},"schema":{"@context":"https:\/\/schema.org","@graph":[{"@type":"WebPage","@id":"https:\/\/glowpremium.fr\/produit-eclaircissant\/concentre-eclaircissant-teint-diamant\/","url":"https:\/\/glowpremium.fr\/produit-eclaircissant\/concentre-eclaircissant-teint-diamant\/","name":"Concentr\u00e9 \u00e9claircissant Uniformisation teint diamant - Glow Premium","isPartOf":{"@id":"https:\/\/glowpremium.fr\/#website"},"primaryImageOfPage":{"@id":"https:\/\/glowpremium.fr\/produit-eclaircissant\/concentre-eclaircissant-teint-diamant\/#primaryimage"},"image":{"@id":"https:\/\/glowpremium.fr\/produit-eclaircissant\/concentre-eclaircissant-teint-diamant\/#primaryimage"},"thumbnailUrl":"https:\/\/glowpremium.fr\/wp-content\/uploads\/2024\/11\/PhotoRoom_20220318_193731.jpg","datePublished":"2024-11-20T12:27:43+00:00","dateModified":"2024-12-01T03:26:09+00:00","description":"Soins premium pour teint uniforme peau noire Produits \u00e9claircissants peau noire luxe S\u00e9rum \u00e9claircissant peau m\u00e9tisse haut de gamme tout type de peau","breadcrumb":{"@id":"https:\/\/glowpremium.fr\/produit-eclaircissant\/concentre-eclaircissant-teint-diamant\/#breadcrumb"},"inLanguage":"en-GB","potentialAction":[{"@type":"ReadAction","target":["https:\/\/glowpremium.fr\/produit-eclaircissant\/concentre-eclaircissant-teint-diamant\/"]}]},{"@type":"ImageObject","inLanguage":"en-GB","@id":"https:\/\/glowpremium.fr\/produit-eclaircissant\/concentre-eclaircissant-teint-diamant\/#primaryimage","url":"https:\/\/glowpremium.fr\/wp-content\/uploads\/2024\/11\/PhotoRoom_20220318_193731.jpg","contentUrl":"https:\/\/glowpremium.fr\/wp-content\/uploads\/2024\/11\/PhotoRoom_20220318_193731.jpg","width":2000,"height":1831},{"@type":"BreadcrumbList","@id":"https:\/\/glowpremium.fr\/produit-eclaircissant\/concentre-eclaircissant-teint-diamant\/#breadcrumb","itemListElement":[{"@type":"ListItem","position":1,"name":"Accueil","item":"https:\/\/glowpremium.fr\/"},{"@type":"ListItem","position":2,"name":"Boutique","item":"https:\/\/glowpremium.fr\/boutique-produits-eclaircissants\/"},{"@type":"ListItem","position":3,"name":"Concentr\u00e9 \u00e9claircissant Uniformisation teint diamant"}]},{"@type":"WebSite","@id":"https:\/\/glowpremium.fr\/#website","url":"https:\/\/glowpremium.fr\/","name":"Glow Premium","description":"","publisher":{"@id":"https:\/\/glowpremium.fr\/#organization"},"potentialAction":[{"@type":"SearchAction","target":{"@type":"EntryPoint","urlTemplate":"https:\/\/glowpremium.fr\/?s={search_term_string}"},"query-input":{"@type":"PropertyValueSpecification","valueRequired":true,"valueName":"search_term_string"}}],"inLanguage":"en-GB"},{"@type":"Organization","@id":"https:\/\/glowpremium.fr\/#organization","name":"Glow Premium","url":"https:\/\/glowpremium.fr\/","logo":{"@type":"ImageObject","inLanguage":"en-GB","@id":"https:\/\/glowpremium.fr\/#\/schema\/logo\/image\/","url":"https:\/\/glowpremium.fr\/wp-content\/uploads\/2024\/10\/screenshot_20241029_034909_chrome.jpg","contentUrl":"https:\/\/glowpremium.fr\/wp-content\/uploads\/2024\/10\/screenshot_20241029_034909_chrome.jpg","width":866,"height":937,"caption":"Glow Premium"},"image":{"@id":"https:\/\/glowpremium.fr\/#\/schema\/logo\/image\/"}}]}},"_links":{"self":[{"href":"https:\/\/glowpremium.fr\/en\/wp-json\/wp\/v2\/product\/7921","targetHints":{"allow":["GET"]}}],"collection":[{"href":"https:\/\/glowpremium.fr\/en\/wp-json\/wp\/v2\/product"}],"about":[{"href":"https:\/\/glowpremium.fr\/en\/wp-json\/wp\/v2\/types\/product"}],"replies":[{"embeddable":true,"href":"https:\/\/glowpremium.fr\/en\/wp-json\/wp\/v2\/comments?post=7921"}],"version-history":[{"count":3,"href":"https:\/\/glowpremium.fr\/en\/wp-json\/wp\/v2\/product\/7921\/revisions"}],"predecessor-version":[{"id":8481,"href":"https:\/\/glowpremium.fr\/en\/wp-json\/wp\/v2\/product\/7921\/revisions\/8481"}],"wp:featuredmedia":[{"embeddable":true,"href":"https:\/\/glowpremium.fr\/en\/wp-json\/wp\/v2\/media\/7989"}],"wp:attachment":[{"href":"https:\/\/glowpremium.fr\/en\/wp-json\/wp\/v2\/media?parent=7921"}],"wp:term":[{"taxonomy":"brand","embeddable":true,"href":"https:\/\/glowpremium.fr\/en\/wp-json\/wp\/v2\/etheme_brands?post=7921"},{"taxonomy":"product_brand","embeddable":true,"href":"https:\/\/glowpremium.fr\/en\/wp-json\/wp\/v2\/product_brand?post=7921"},{"taxonomy":"product_cat","embeddable":true,"href":"https:\/\/glowpremium.fr\/en\/wp-json\/wp\/v2\/product_cat?post=7921"},{"taxonomy":"product_tag","embeddable":true,"href":"https:\/\/glowpremium.fr\/en\/wp-json\/wp\/v2\/product_tag?post=7921"}],"curies":[{"name":"wp","href":"https:\/\/api.w.org\/{rel}","templated":true}]}}