{"id":7861,"date":"2024-11-20T13:26:56","date_gmt":"2024-11-20T12:26:56","guid":{"rendered":"https:\/\/glowpremium.fr\/?post_type=product&#038;p=7861"},"modified":"2024-12-01T07:25:21","modified_gmt":"2024-12-01T06:25:21","slug":"concentre-super-eclaircissant-gluta-papaya-capsule-anti-taches","status":"publish","type":"product","link":"https:\/\/glowpremium.fr\/en\/lightening-product\/super-lightening-concentrate-gluta-papaya-anti-spots-capsule\/","title":{"rendered":"Super-brightening concentrate Gluta-Papaya anti-spot capsule"},"content":{"rendered":"<p><strong>How to use :<\/strong><\/p>\n<p>Combine Gluta Papaya concentrate with your cleansing milk and use morning and night for a satisfying result.<\/p>\n<p><strong>Recommendation <\/strong>For external use only. If irritation occurs, discontinue use. Keep out of reach of children.<\/p>\n<p><strong>Composition:<\/strong><\/p>\n<p>Glutathione, Papaya fruit acids, Vitamins C, E, A ascorbic acid<\/p>","protected":false},"excerpt":{"rendered":"<p>Gluta Papaya Brightening Concentrate is a super anti-stain, removing even the most stubborn blemishes. Gluta-C Papaya is a complex developed to clarify, hydrate and purify your complexion so that it is free of imperfections. radically removes quintos, toes, knees, scars on hands and face, corrects the signs of ageing, lightens naturally, a real beauty concentrate. result: a fresh complexion.<\/p>","protected":false},"featured_media":7958,"comment_status":"closed","ping_status":"closed","template":"","meta":[],"etheme_brands":[],"product_brand":[],"product_cat":[80,93],"product_tag":[],"class_list":{"0":"post-7861","1":"product","2":"type-product","3":"status-publish","4":"has-post-thumbnail","6":"product_cat-blanchissants-et-eclaircissants","7":"product_cat-concentres-eclaircissants-clarifiants-blanchissants","9":"first","10":"instock","11":"shipping-taxable","12":"purchasable","13":"product-type-simple"},"yoast_head":"<!-- This site is optimized with the Yoast SEO plugin v26.7 - https:\/\/yoast.com\/wordpress\/plugins\/seo\/ -->\n<title>Concentr\u00e9 super \u00e9claircissant Gluta-Papaya capsule anti-t\u00e2ches - Glow Premium<\/title>\n<meta name=\"description\" content=\"Soins premium pour teint uniforme peau noireProduits \u00e9claircissants peau noire luxeS\u00e9rum \u00e9claircissant peau m\u00e9tisse haut de gamme \u00c9claircir la peau noire\" \/>\n<meta name=\"robots\" content=\"index, follow, max-snippet:-1, max-image-preview:large, max-video-preview:-1\" \/>\n<link rel=\"canonical\" href=\"https:\/\/glowpremium.fr\/en\/lightening-product\/super-lightening-concentrate-gluta-papaya-anti-spots-capsule\/\" \/>\n<meta property=\"og:locale\" content=\"en_GB\" \/>\n<meta property=\"og:type\" content=\"article\" \/>\n<meta property=\"og:title\" content=\"Concentr\u00e9 super \u00e9claircissant Gluta-Papaya capsule anti-t\u00e2ches - Glow Premium\" \/>\n<meta property=\"og:description\" content=\"Soins premium pour teint uniforme peau noireProduits \u00e9claircissants peau noire luxeS\u00e9rum \u00e9claircissant peau m\u00e9tisse haut de gamme \u00c9claircir la peau noire\" \/>\n<meta property=\"og:url\" content=\"https:\/\/glowpremium.fr\/en\/lightening-product\/super-lightening-concentrate-gluta-papaya-anti-spots-capsule\/\" \/>\n<meta property=\"og:site_name\" content=\"Glow Premium\" \/>\n<meta property=\"article:modified_time\" content=\"2024-12-01T06:25:21+00:00\" \/>\n<meta property=\"og:image\" content=\"https:\/\/glowpremium.fr\/wp-content\/uploads\/2024\/11\/PhotoRoom_20211228_142719-3.jpg\" \/>\n\t<meta property=\"og:image:width\" content=\"2000\" \/>\n\t<meta property=\"og:image:height\" content=\"1820\" \/>\n\t<meta property=\"og:image:type\" content=\"image\/jpeg\" \/>\n<meta name=\"twitter:card\" content=\"summary_large_image\" \/>\n<meta name=\"twitter:label1\" content=\"Estimated reading time\" \/>\n\t<meta name=\"twitter:data1\" content=\"1 minute\" \/>\n<script type=\"application\/ld+json\" class=\"yoast-schema-graph\">{\"@context\":\"https:\/\/schema.org\",\"@graph\":[{\"@type\":\"WebPage\",\"@id\":\"https:\/\/glowpremium.fr\/produit-eclaircissant\/concentre-super-eclaircissant-gluta-papaya-capsule-anti-taches\/\",\"url\":\"https:\/\/glowpremium.fr\/produit-eclaircissant\/concentre-super-eclaircissant-gluta-papaya-capsule-anti-taches\/\",\"name\":\"Concentr\u00e9 super \u00e9claircissant Gluta-Papaya capsule anti-t\u00e2ches - Glow Premium\",\"isPartOf\":{\"@id\":\"https:\/\/glowpremium.fr\/#website\"},\"primaryImageOfPage\":{\"@id\":\"https:\/\/glowpremium.fr\/produit-eclaircissant\/concentre-super-eclaircissant-gluta-papaya-capsule-anti-taches\/#primaryimage\"},\"image\":{\"@id\":\"https:\/\/glowpremium.fr\/produit-eclaircissant\/concentre-super-eclaircissant-gluta-papaya-capsule-anti-taches\/#primaryimage\"},\"thumbnailUrl\":\"https:\/\/glowpremium.fr\/wp-content\/uploads\/2024\/11\/PhotoRoom_20211228_142719-3.jpg\",\"datePublished\":\"2024-11-20T12:26:56+00:00\",\"dateModified\":\"2024-12-01T06:25:21+00:00\",\"description\":\"Soins premium pour teint uniforme peau noireProduits \u00e9claircissants peau noire luxeS\u00e9rum \u00e9claircissant peau m\u00e9tisse haut de gamme \u00c9claircir la peau noire\",\"breadcrumb\":{\"@id\":\"https:\/\/glowpremium.fr\/produit-eclaircissant\/concentre-super-eclaircissant-gluta-papaya-capsule-anti-taches\/#breadcrumb\"},\"inLanguage\":\"en-GB\",\"potentialAction\":[{\"@type\":\"ReadAction\",\"target\":[\"https:\/\/glowpremium.fr\/produit-eclaircissant\/concentre-super-eclaircissant-gluta-papaya-capsule-anti-taches\/\"]}]},{\"@type\":\"ImageObject\",\"inLanguage\":\"en-GB\",\"@id\":\"https:\/\/glowpremium.fr\/produit-eclaircissant\/concentre-super-eclaircissant-gluta-papaya-capsule-anti-taches\/#primaryimage\",\"url\":\"https:\/\/glowpremium.fr\/wp-content\/uploads\/2024\/11\/PhotoRoom_20211228_142719-3.jpg\",\"contentUrl\":\"https:\/\/glowpremium.fr\/wp-content\/uploads\/2024\/11\/PhotoRoom_20211228_142719-3.jpg\",\"width\":2000,\"height\":1820},{\"@type\":\"BreadcrumbList\",\"@id\":\"https:\/\/glowpremium.fr\/produit-eclaircissant\/concentre-super-eclaircissant-gluta-papaya-capsule-anti-taches\/#breadcrumb\",\"itemListElement\":[{\"@type\":\"ListItem\",\"position\":1,\"name\":\"Accueil\",\"item\":\"https:\/\/glowpremium.fr\/\"},{\"@type\":\"ListItem\",\"position\":2,\"name\":\"Boutique\",\"item\":\"https:\/\/glowpremium.fr\/boutique-produits-eclaircissants\/\"},{\"@type\":\"ListItem\",\"position\":3,\"name\":\"Concentr\u00e9 super \u00e9claircissant Gluta-Papaya capsule anti-t\u00e2ches\"}]},{\"@type\":\"WebSite\",\"@id\":\"https:\/\/glowpremium.fr\/#website\",\"url\":\"https:\/\/glowpremium.fr\/\",\"name\":\"Glow Premium\",\"description\":\"\",\"publisher\":{\"@id\":\"https:\/\/glowpremium.fr\/#organization\"},\"potentialAction\":[{\"@type\":\"SearchAction\",\"target\":{\"@type\":\"EntryPoint\",\"urlTemplate\":\"https:\/\/glowpremium.fr\/?s={search_term_string}\"},\"query-input\":{\"@type\":\"PropertyValueSpecification\",\"valueRequired\":true,\"valueName\":\"search_term_string\"}}],\"inLanguage\":\"en-GB\"},{\"@type\":\"Organization\",\"@id\":\"https:\/\/glowpremium.fr\/#organization\",\"name\":\"Glow Premium\",\"url\":\"https:\/\/glowpremium.fr\/\",\"logo\":{\"@type\":\"ImageObject\",\"inLanguage\":\"en-GB\",\"@id\":\"https:\/\/glowpremium.fr\/#\/schema\/logo\/image\/\",\"url\":\"https:\/\/glowpremium.fr\/wp-content\/uploads\/2024\/10\/screenshot_20241029_034909_chrome.jpg\",\"contentUrl\":\"https:\/\/glowpremium.fr\/wp-content\/uploads\/2024\/10\/screenshot_20241029_034909_chrome.jpg\",\"width\":866,\"height\":937,\"caption\":\"Glow Premium\"},\"image\":{\"@id\":\"https:\/\/glowpremium.fr\/#\/schema\/logo\/image\/\"}}]}<\/script>\n<!-- \/ Yoast SEO plugin. -->","yoast_head_json":{"title":"Concentr\u00e9 super \u00e9claircissant Gluta-Papaya capsule anti-t\u00e2ches - Glow Premium","description":"Soins premium pour teint uniforme peau noireProduits \u00e9claircissants peau noire luxeS\u00e9rum \u00e9claircissant peau m\u00e9tisse haut de gamme \u00c9claircir la peau noire","robots":{"index":"index","follow":"follow","max-snippet":"max-snippet:-1","max-image-preview":"max-image-preview:large","max-video-preview":"max-video-preview:-1"},"canonical":"https:\/\/glowpremium.fr\/en\/lightening-product\/super-lightening-concentrate-gluta-papaya-anti-spots-capsule\/","og_locale":"en_GB","og_type":"article","og_title":"Concentr\u00e9 super \u00e9claircissant Gluta-Papaya capsule anti-t\u00e2ches - Glow Premium","og_description":"Soins premium pour teint uniforme peau noireProduits \u00e9claircissants peau noire luxeS\u00e9rum \u00e9claircissant peau m\u00e9tisse haut de gamme \u00c9claircir la peau noire","og_url":"https:\/\/glowpremium.fr\/en\/lightening-product\/super-lightening-concentrate-gluta-papaya-anti-spots-capsule\/","og_site_name":"Glow Premium","article_modified_time":"2024-12-01T06:25:21+00:00","og_image":[{"width":2000,"height":1820,"url":"https:\/\/glowpremium.fr\/wp-content\/uploads\/2024\/11\/PhotoRoom_20211228_142719-3.jpg","type":"image\/jpeg"}],"twitter_card":"summary_large_image","twitter_misc":{"Estimated reading time":"1 minute"},"schema":{"@context":"https:\/\/schema.org","@graph":[{"@type":"WebPage","@id":"https:\/\/glowpremium.fr\/produit-eclaircissant\/concentre-super-eclaircissant-gluta-papaya-capsule-anti-taches\/","url":"https:\/\/glowpremium.fr\/produit-eclaircissant\/concentre-super-eclaircissant-gluta-papaya-capsule-anti-taches\/","name":"Concentr\u00e9 super \u00e9claircissant Gluta-Papaya capsule anti-t\u00e2ches - Glow Premium","isPartOf":{"@id":"https:\/\/glowpremium.fr\/#website"},"primaryImageOfPage":{"@id":"https:\/\/glowpremium.fr\/produit-eclaircissant\/concentre-super-eclaircissant-gluta-papaya-capsule-anti-taches\/#primaryimage"},"image":{"@id":"https:\/\/glowpremium.fr\/produit-eclaircissant\/concentre-super-eclaircissant-gluta-papaya-capsule-anti-taches\/#primaryimage"},"thumbnailUrl":"https:\/\/glowpremium.fr\/wp-content\/uploads\/2024\/11\/PhotoRoom_20211228_142719-3.jpg","datePublished":"2024-11-20T12:26:56+00:00","dateModified":"2024-12-01T06:25:21+00:00","description":"Soins premium pour teint uniforme peau noireProduits \u00e9claircissants peau noire luxeS\u00e9rum \u00e9claircissant peau m\u00e9tisse haut de gamme \u00c9claircir la peau noire","breadcrumb":{"@id":"https:\/\/glowpremium.fr\/produit-eclaircissant\/concentre-super-eclaircissant-gluta-papaya-capsule-anti-taches\/#breadcrumb"},"inLanguage":"en-GB","potentialAction":[{"@type":"ReadAction","target":["https:\/\/glowpremium.fr\/produit-eclaircissant\/concentre-super-eclaircissant-gluta-papaya-capsule-anti-taches\/"]}]},{"@type":"ImageObject","inLanguage":"en-GB","@id":"https:\/\/glowpremium.fr\/produit-eclaircissant\/concentre-super-eclaircissant-gluta-papaya-capsule-anti-taches\/#primaryimage","url":"https:\/\/glowpremium.fr\/wp-content\/uploads\/2024\/11\/PhotoRoom_20211228_142719-3.jpg","contentUrl":"https:\/\/glowpremium.fr\/wp-content\/uploads\/2024\/11\/PhotoRoom_20211228_142719-3.jpg","width":2000,"height":1820},{"@type":"BreadcrumbList","@id":"https:\/\/glowpremium.fr\/produit-eclaircissant\/concentre-super-eclaircissant-gluta-papaya-capsule-anti-taches\/#breadcrumb","itemListElement":[{"@type":"ListItem","position":1,"name":"Accueil","item":"https:\/\/glowpremium.fr\/"},{"@type":"ListItem","position":2,"name":"Boutique","item":"https:\/\/glowpremium.fr\/boutique-produits-eclaircissants\/"},{"@type":"ListItem","position":3,"name":"Concentr\u00e9 super \u00e9claircissant Gluta-Papaya capsule anti-t\u00e2ches"}]},{"@type":"WebSite","@id":"https:\/\/glowpremium.fr\/#website","url":"https:\/\/glowpremium.fr\/","name":"Glow Premium","description":"","publisher":{"@id":"https:\/\/glowpremium.fr\/#organization"},"potentialAction":[{"@type":"SearchAction","target":{"@type":"EntryPoint","urlTemplate":"https:\/\/glowpremium.fr\/?s={search_term_string}"},"query-input":{"@type":"PropertyValueSpecification","valueRequired":true,"valueName":"search_term_string"}}],"inLanguage":"en-GB"},{"@type":"Organization","@id":"https:\/\/glowpremium.fr\/#organization","name":"Glow Premium","url":"https:\/\/glowpremium.fr\/","logo":{"@type":"ImageObject","inLanguage":"en-GB","@id":"https:\/\/glowpremium.fr\/#\/schema\/logo\/image\/","url":"https:\/\/glowpremium.fr\/wp-content\/uploads\/2024\/10\/screenshot_20241029_034909_chrome.jpg","contentUrl":"https:\/\/glowpremium.fr\/wp-content\/uploads\/2024\/10\/screenshot_20241029_034909_chrome.jpg","width":866,"height":937,"caption":"Glow Premium"},"image":{"@id":"https:\/\/glowpremium.fr\/#\/schema\/logo\/image\/"}}]}},"_links":{"self":[{"href":"https:\/\/glowpremium.fr\/en\/wp-json\/wp\/v2\/product\/7861","targetHints":{"allow":["GET"]}}],"collection":[{"href":"https:\/\/glowpremium.fr\/en\/wp-json\/wp\/v2\/product"}],"about":[{"href":"https:\/\/glowpremium.fr\/en\/wp-json\/wp\/v2\/types\/product"}],"replies":[{"embeddable":true,"href":"https:\/\/glowpremium.fr\/en\/wp-json\/wp\/v2\/comments?post=7861"}],"version-history":[{"count":1,"href":"https:\/\/glowpremium.fr\/en\/wp-json\/wp\/v2\/product\/7861\/revisions"}],"predecessor-version":[{"id":7959,"href":"https:\/\/glowpremium.fr\/en\/wp-json\/wp\/v2\/product\/7861\/revisions\/7959"}],"wp:featuredmedia":[{"embeddable":true,"href":"https:\/\/glowpremium.fr\/en\/wp-json\/wp\/v2\/media\/7958"}],"wp:attachment":[{"href":"https:\/\/glowpremium.fr\/en\/wp-json\/wp\/v2\/media?parent=7861"}],"wp:term":[{"taxonomy":"brand","embeddable":true,"href":"https:\/\/glowpremium.fr\/en\/wp-json\/wp\/v2\/etheme_brands?post=7861"},{"taxonomy":"product_brand","embeddable":true,"href":"https:\/\/glowpremium.fr\/en\/wp-json\/wp\/v2\/product_brand?post=7861"},{"taxonomy":"product_cat","embeddable":true,"href":"https:\/\/glowpremium.fr\/en\/wp-json\/wp\/v2\/product_cat?post=7861"},{"taxonomy":"product_tag","embeddable":true,"href":"https:\/\/glowpremium.fr\/en\/wp-json\/wp\/v2\/product_tag?post=7861"}],"curies":[{"name":"wp","href":"https:\/\/api.w.org\/{rel}","templated":true}]}}