{"id":7853,"date":"2024-11-20T13:26:55","date_gmt":"2024-11-20T12:26:55","guid":{"rendered":"https:\/\/glowpremium.fr\/?post_type=product&#038;p=7853"},"modified":"2024-12-01T06:06:31","modified_gmt":"2024-12-01T05:06:31","slug":"concentre-anti-taches-eclat-de-lune-aux-extraits-dacide-de-fruits-enrichie-a-lhuile-damande-douce","status":"publish","type":"product","link":"https:\/\/glowpremium.fr\/en\/lightening-product\/moonlight-glow-anti-spot-concentrate-with-fruit-acid-extracts-enriched-with-sweet-almond-oil\/","title":{"rendered":"Moonlight Anti-Spot Concentrate with Sweet Almond Oil"},"content":{"rendered":"<div data-elementor-type=\"product-post\" data-elementor-id=\"7853\" class=\"elementor elementor-7853\" data-elementor-post-type=\"product\">\n\t\t\t\t\t\t<section class=\"elementor-section elementor-top-section elementor-element elementor-element-69e28c78 elementor-section-boxed elementor-section-height-default elementor-section-height-default\" data-id=\"69e28c78\" data-element_type=\"section\">\n\t\t\t\t\t\t<div class=\"elementor-container elementor-column-gap-default\">\n\t\t\t\t\t<div class=\"elementor-column elementor-col-100 elementor-top-column elementor-element elementor-element-f0f8e54\" data-id=\"f0f8e54\" data-element_type=\"column\">\n\t\t\t<div class=\"elementor-widget-wrap elementor-element-populated\">\n\t\t\t\t\t\t<div class=\"elementor-element elementor-element-4ddc1bc2 elementor-widget elementor-widget-text-editor\" data-id=\"4ddc1bc2\" data-element_type=\"widget\" data-widget_type=\"text-editor.default\">\n\t\t\t\t<div class=\"elementor-widget-container\">\n\t\t\t\t\t\t\t\t\t<p><strong>How to use :<p>Add to your milk or beauty cream.<p><strong>Recommendation:<p>For external use only. If irritation occurs, discontinue use. Keep out of reach of children.<p><strong>Composition:<p>Essential oils, AHA, Aqua Fruit Essences Collagen, Aloe Vera.\t\t\t\t\t\t\t\t<\/div>\n\t\t\t\t<\/div>\n\t\t\t\t\t<\/div>\n\t\t<\/div>\n\t\t\t\t\t<\/div>\n\t\t<\/section>\n\t\t\t\t<\/div>","protected":false},"excerpt":{"rendered":"<p>Moonlight Concentrate with fruit acids is effective thanks to its high-performance depigmenting properties. It ensures optimum reduction in dark spots and visible, radiant brightening. Cleanses deep down, moisturises day after day, corrects signs of ageing and lightens naturally.<\/p>","protected":false},"featured_media":7915,"comment_status":"closed","ping_status":"closed","template":"","meta":[],"etheme_brands":[],"product_brand":[],"product_cat":[80,93],"product_tag":[],"class_list":{"0":"post-7853","1":"product","2":"type-product","3":"status-publish","4":"has-post-thumbnail","6":"product_cat-blanchissants-et-eclaircissants","7":"product_cat-concentres-eclaircissants-clarifiants-blanchissants","9":"first","10":"outofstock","11":"shipping-taxable","12":"purchasable","13":"product-type-simple"},"yoast_head":"<!-- This site is optimized with the Yoast SEO plugin v26.7 - https:\/\/yoast.com\/wordpress\/plugins\/seo\/ -->\n<title>Concentr\u00e9 anti-taches Eclat de Lune \u00e0 l&#039;huile d&#039;amande douce - Glow Premium<\/title>\n<meta name=\"description\" content=\"Soins premium pour teint uniforme peau noireProduits \u00e9claircissants peau noire luxe S\u00e9rum \u00e9claircissant peau m\u00e9tisse haut de gamme \u00c9claircir la peau noire\" \/>\n<meta name=\"robots\" content=\"index, follow, max-snippet:-1, max-image-preview:large, max-video-preview:-1\" \/>\n<link rel=\"canonical\" href=\"https:\/\/glowpremium.fr\/en\/lightening-product\/moonlight-glow-anti-spot-concentrate-with-fruit-acid-extracts-enriched-with-sweet-almond-oil\/\" \/>\n<meta property=\"og:locale\" content=\"en_GB\" \/>\n<meta property=\"og:type\" content=\"article\" \/>\n<meta property=\"og:title\" content=\"Concentr\u00e9 anti-taches Eclat de Lune \u00e0 l&#039;huile d&#039;amande douce - Glow Premium\" \/>\n<meta property=\"og:description\" content=\"Soins premium pour teint uniforme peau noireProduits \u00e9claircissants peau noire luxe S\u00e9rum \u00e9claircissant peau m\u00e9tisse haut de gamme \u00c9claircir la peau noire\" \/>\n<meta property=\"og:url\" content=\"https:\/\/glowpremium.fr\/en\/lightening-product\/moonlight-glow-anti-spot-concentrate-with-fruit-acid-extracts-enriched-with-sweet-almond-oil\/\" \/>\n<meta property=\"og:site_name\" content=\"Glow Premium\" \/>\n<meta property=\"article:modified_time\" content=\"2024-12-01T05:06:31+00:00\" \/>\n<meta property=\"og:image\" content=\"https:\/\/glowpremium.fr\/wp-content\/uploads\/2024\/11\/Capture-decran-2022-02-17-a-23.40.16.png\" \/>\n\t<meta property=\"og:image:width\" content=\"233\" \/>\n\t<meta property=\"og:image:height\" content=\"306\" \/>\n\t<meta property=\"og:image:type\" content=\"image\/png\" \/>\n<meta name=\"twitter:card\" content=\"summary_large_image\" \/>\n<meta name=\"twitter:label1\" content=\"Estimated reading time\" \/>\n\t<meta name=\"twitter:data1\" content=\"1 minute\" \/>\n<script type=\"application\/ld+json\" class=\"yoast-schema-graph\">{\"@context\":\"https:\/\/schema.org\",\"@graph\":[{\"@type\":\"WebPage\",\"@id\":\"https:\/\/glowpremium.fr\/produit-eclaircissant\/concentre-anti-taches-eclat-de-lune-aux-extraits-dacide-de-fruits-enrichie-a-lhuile-damande-douce\/\",\"url\":\"https:\/\/glowpremium.fr\/produit-eclaircissant\/concentre-anti-taches-eclat-de-lune-aux-extraits-dacide-de-fruits-enrichie-a-lhuile-damande-douce\/\",\"name\":\"Concentr\u00e9 anti-taches Eclat de Lune \u00e0 l'huile d'amande douce - Glow Premium\",\"isPartOf\":{\"@id\":\"https:\/\/glowpremium.fr\/#website\"},\"primaryImageOfPage\":{\"@id\":\"https:\/\/glowpremium.fr\/produit-eclaircissant\/concentre-anti-taches-eclat-de-lune-aux-extraits-dacide-de-fruits-enrichie-a-lhuile-damande-douce\/#primaryimage\"},\"image\":{\"@id\":\"https:\/\/glowpremium.fr\/produit-eclaircissant\/concentre-anti-taches-eclat-de-lune-aux-extraits-dacide-de-fruits-enrichie-a-lhuile-damande-douce\/#primaryimage\"},\"thumbnailUrl\":\"https:\/\/glowpremium.fr\/wp-content\/uploads\/2024\/11\/Capture-decran-2022-02-17-a-23.40.16.png\",\"datePublished\":\"2024-11-20T12:26:55+00:00\",\"dateModified\":\"2024-12-01T05:06:31+00:00\",\"description\":\"Soins premium pour teint uniforme peau noireProduits \u00e9claircissants peau noire luxe S\u00e9rum \u00e9claircissant peau m\u00e9tisse haut de gamme \u00c9claircir la peau noire\",\"breadcrumb\":{\"@id\":\"https:\/\/glowpremium.fr\/produit-eclaircissant\/concentre-anti-taches-eclat-de-lune-aux-extraits-dacide-de-fruits-enrichie-a-lhuile-damande-douce\/#breadcrumb\"},\"inLanguage\":\"en-GB\",\"potentialAction\":[{\"@type\":\"ReadAction\",\"target\":[\"https:\/\/glowpremium.fr\/produit-eclaircissant\/concentre-anti-taches-eclat-de-lune-aux-extraits-dacide-de-fruits-enrichie-a-lhuile-damande-douce\/\"]}]},{\"@type\":\"ImageObject\",\"inLanguage\":\"en-GB\",\"@id\":\"https:\/\/glowpremium.fr\/produit-eclaircissant\/concentre-anti-taches-eclat-de-lune-aux-extraits-dacide-de-fruits-enrichie-a-lhuile-damande-douce\/#primaryimage\",\"url\":\"https:\/\/glowpremium.fr\/wp-content\/uploads\/2024\/11\/Capture-decran-2022-02-17-a-23.40.16.png\",\"contentUrl\":\"https:\/\/glowpremium.fr\/wp-content\/uploads\/2024\/11\/Capture-decran-2022-02-17-a-23.40.16.png\",\"width\":233,\"height\":306},{\"@type\":\"BreadcrumbList\",\"@id\":\"https:\/\/glowpremium.fr\/produit-eclaircissant\/concentre-anti-taches-eclat-de-lune-aux-extraits-dacide-de-fruits-enrichie-a-lhuile-damande-douce\/#breadcrumb\",\"itemListElement\":[{\"@type\":\"ListItem\",\"position\":1,\"name\":\"Accueil\",\"item\":\"https:\/\/glowpremium.fr\/\"},{\"@type\":\"ListItem\",\"position\":2,\"name\":\"Boutique\",\"item\":\"https:\/\/glowpremium.fr\/boutique-produits-eclaircissants\/\"},{\"@type\":\"ListItem\",\"position\":3,\"name\":\"Concentr\u00e9 anti-taches Eclat de Lune \u00e0 l&#8217;huile d&#8217;amande douce\"}]},{\"@type\":\"WebSite\",\"@id\":\"https:\/\/glowpremium.fr\/#website\",\"url\":\"https:\/\/glowpremium.fr\/\",\"name\":\"Glow Premium\",\"description\":\"\",\"publisher\":{\"@id\":\"https:\/\/glowpremium.fr\/#organization\"},\"potentialAction\":[{\"@type\":\"SearchAction\",\"target\":{\"@type\":\"EntryPoint\",\"urlTemplate\":\"https:\/\/glowpremium.fr\/?s={search_term_string}\"},\"query-input\":{\"@type\":\"PropertyValueSpecification\",\"valueRequired\":true,\"valueName\":\"search_term_string\"}}],\"inLanguage\":\"en-GB\"},{\"@type\":\"Organization\",\"@id\":\"https:\/\/glowpremium.fr\/#organization\",\"name\":\"Glow Premium\",\"url\":\"https:\/\/glowpremium.fr\/\",\"logo\":{\"@type\":\"ImageObject\",\"inLanguage\":\"en-GB\",\"@id\":\"https:\/\/glowpremium.fr\/#\/schema\/logo\/image\/\",\"url\":\"https:\/\/glowpremium.fr\/wp-content\/uploads\/2024\/10\/screenshot_20241029_034909_chrome.jpg\",\"contentUrl\":\"https:\/\/glowpremium.fr\/wp-content\/uploads\/2024\/10\/screenshot_20241029_034909_chrome.jpg\",\"width\":866,\"height\":937,\"caption\":\"Glow Premium\"},\"image\":{\"@id\":\"https:\/\/glowpremium.fr\/#\/schema\/logo\/image\/\"}}]}<\/script>\n<!-- \/ Yoast SEO plugin. -->","yoast_head_json":{"title":"Concentr\u00e9 anti-taches Eclat de Lune \u00e0 l'huile d'amande douce - Glow Premium","description":"Soins premium pour teint uniforme peau noireProduits \u00e9claircissants peau noire luxe S\u00e9rum \u00e9claircissant peau m\u00e9tisse haut de gamme \u00c9claircir la peau noire","robots":{"index":"index","follow":"follow","max-snippet":"max-snippet:-1","max-image-preview":"max-image-preview:large","max-video-preview":"max-video-preview:-1"},"canonical":"https:\/\/glowpremium.fr\/en\/lightening-product\/moonlight-glow-anti-spot-concentrate-with-fruit-acid-extracts-enriched-with-sweet-almond-oil\/","og_locale":"en_GB","og_type":"article","og_title":"Concentr\u00e9 anti-taches Eclat de Lune \u00e0 l'huile d'amande douce - Glow Premium","og_description":"Soins premium pour teint uniforme peau noireProduits \u00e9claircissants peau noire luxe S\u00e9rum \u00e9claircissant peau m\u00e9tisse haut de gamme \u00c9claircir la peau noire","og_url":"https:\/\/glowpremium.fr\/en\/lightening-product\/moonlight-glow-anti-spot-concentrate-with-fruit-acid-extracts-enriched-with-sweet-almond-oil\/","og_site_name":"Glow Premium","article_modified_time":"2024-12-01T05:06:31+00:00","og_image":[{"width":233,"height":306,"url":"https:\/\/glowpremium.fr\/wp-content\/uploads\/2024\/11\/Capture-decran-2022-02-17-a-23.40.16.png","type":"image\/png"}],"twitter_card":"summary_large_image","twitter_misc":{"Estimated reading time":"1 minute"},"schema":{"@context":"https:\/\/schema.org","@graph":[{"@type":"WebPage","@id":"https:\/\/glowpremium.fr\/produit-eclaircissant\/concentre-anti-taches-eclat-de-lune-aux-extraits-dacide-de-fruits-enrichie-a-lhuile-damande-douce\/","url":"https:\/\/glowpremium.fr\/produit-eclaircissant\/concentre-anti-taches-eclat-de-lune-aux-extraits-dacide-de-fruits-enrichie-a-lhuile-damande-douce\/","name":"Concentr\u00e9 anti-taches Eclat de Lune \u00e0 l'huile d'amande douce - Glow Premium","isPartOf":{"@id":"https:\/\/glowpremium.fr\/#website"},"primaryImageOfPage":{"@id":"https:\/\/glowpremium.fr\/produit-eclaircissant\/concentre-anti-taches-eclat-de-lune-aux-extraits-dacide-de-fruits-enrichie-a-lhuile-damande-douce\/#primaryimage"},"image":{"@id":"https:\/\/glowpremium.fr\/produit-eclaircissant\/concentre-anti-taches-eclat-de-lune-aux-extraits-dacide-de-fruits-enrichie-a-lhuile-damande-douce\/#primaryimage"},"thumbnailUrl":"https:\/\/glowpremium.fr\/wp-content\/uploads\/2024\/11\/Capture-decran-2022-02-17-a-23.40.16.png","datePublished":"2024-11-20T12:26:55+00:00","dateModified":"2024-12-01T05:06:31+00:00","description":"Soins premium pour teint uniforme peau noireProduits \u00e9claircissants peau noire luxe S\u00e9rum \u00e9claircissant peau m\u00e9tisse haut de gamme \u00c9claircir la peau noire","breadcrumb":{"@id":"https:\/\/glowpremium.fr\/produit-eclaircissant\/concentre-anti-taches-eclat-de-lune-aux-extraits-dacide-de-fruits-enrichie-a-lhuile-damande-douce\/#breadcrumb"},"inLanguage":"en-GB","potentialAction":[{"@type":"ReadAction","target":["https:\/\/glowpremium.fr\/produit-eclaircissant\/concentre-anti-taches-eclat-de-lune-aux-extraits-dacide-de-fruits-enrichie-a-lhuile-damande-douce\/"]}]},{"@type":"ImageObject","inLanguage":"en-GB","@id":"https:\/\/glowpremium.fr\/produit-eclaircissant\/concentre-anti-taches-eclat-de-lune-aux-extraits-dacide-de-fruits-enrichie-a-lhuile-damande-douce\/#primaryimage","url":"https:\/\/glowpremium.fr\/wp-content\/uploads\/2024\/11\/Capture-decran-2022-02-17-a-23.40.16.png","contentUrl":"https:\/\/glowpremium.fr\/wp-content\/uploads\/2024\/11\/Capture-decran-2022-02-17-a-23.40.16.png","width":233,"height":306},{"@type":"BreadcrumbList","@id":"https:\/\/glowpremium.fr\/produit-eclaircissant\/concentre-anti-taches-eclat-de-lune-aux-extraits-dacide-de-fruits-enrichie-a-lhuile-damande-douce\/#breadcrumb","itemListElement":[{"@type":"ListItem","position":1,"name":"Accueil","item":"https:\/\/glowpremium.fr\/"},{"@type":"ListItem","position":2,"name":"Boutique","item":"https:\/\/glowpremium.fr\/boutique-produits-eclaircissants\/"},{"@type":"ListItem","position":3,"name":"Concentr\u00e9 anti-taches Eclat de Lune \u00e0 l&#8217;huile d&#8217;amande douce"}]},{"@type":"WebSite","@id":"https:\/\/glowpremium.fr\/#website","url":"https:\/\/glowpremium.fr\/","name":"Glow Premium","description":"","publisher":{"@id":"https:\/\/glowpremium.fr\/#organization"},"potentialAction":[{"@type":"SearchAction","target":{"@type":"EntryPoint","urlTemplate":"https:\/\/glowpremium.fr\/?s={search_term_string}"},"query-input":{"@type":"PropertyValueSpecification","valueRequired":true,"valueName":"search_term_string"}}],"inLanguage":"en-GB"},{"@type":"Organization","@id":"https:\/\/glowpremium.fr\/#organization","name":"Glow Premium","url":"https:\/\/glowpremium.fr\/","logo":{"@type":"ImageObject","inLanguage":"en-GB","@id":"https:\/\/glowpremium.fr\/#\/schema\/logo\/image\/","url":"https:\/\/glowpremium.fr\/wp-content\/uploads\/2024\/10\/screenshot_20241029_034909_chrome.jpg","contentUrl":"https:\/\/glowpremium.fr\/wp-content\/uploads\/2024\/10\/screenshot_20241029_034909_chrome.jpg","width":866,"height":937,"caption":"Glow Premium"},"image":{"@id":"https:\/\/glowpremium.fr\/#\/schema\/logo\/image\/"}}]}},"_links":{"self":[{"href":"https:\/\/glowpremium.fr\/en\/wp-json\/wp\/v2\/product\/7853","targetHints":{"allow":["GET"]}}],"collection":[{"href":"https:\/\/glowpremium.fr\/en\/wp-json\/wp\/v2\/product"}],"about":[{"href":"https:\/\/glowpremium.fr\/en\/wp-json\/wp\/v2\/types\/product"}],"replies":[{"embeddable":true,"href":"https:\/\/glowpremium.fr\/en\/wp-json\/wp\/v2\/comments?post=7853"}],"version-history":[{"count":3,"href":"https:\/\/glowpremium.fr\/en\/wp-json\/wp\/v2\/product\/7853\/revisions"}],"predecessor-version":[{"id":8495,"href":"https:\/\/glowpremium.fr\/en\/wp-json\/wp\/v2\/product\/7853\/revisions\/8495"}],"wp:featuredmedia":[{"embeddable":true,"href":"https:\/\/glowpremium.fr\/en\/wp-json\/wp\/v2\/media\/7915"}],"wp:attachment":[{"href":"https:\/\/glowpremium.fr\/en\/wp-json\/wp\/v2\/media?parent=7853"}],"wp:term":[{"taxonomy":"brand","embeddable":true,"href":"https:\/\/glowpremium.fr\/en\/wp-json\/wp\/v2\/etheme_brands?post=7853"},{"taxonomy":"product_brand","embeddable":true,"href":"https:\/\/glowpremium.fr\/en\/wp-json\/wp\/v2\/product_brand?post=7853"},{"taxonomy":"product_cat","embeddable":true,"href":"https:\/\/glowpremium.fr\/en\/wp-json\/wp\/v2\/product_cat?post=7853"},{"taxonomy":"product_tag","embeddable":true,"href":"https:\/\/glowpremium.fr\/en\/wp-json\/wp\/v2\/product_tag?post=7853"}],"curies":[{"name":"wp","href":"https:\/\/api.w.org\/{rel}","templated":true}]}}