{"id":7848,"date":"2024-11-20T13:26:54","date_gmt":"2024-11-20T12:26:54","guid":{"rendered":"https:\/\/glowpremium.fr\/?post_type=product&#038;p=7848"},"modified":"2024-12-01T07:52:19","modified_gmt":"2024-12-01T06:52:19","slug":"concentre-seduction-claire-glutathion-comprime-bave-descargot-rajeunissant","status":"publish","type":"product","link":"https:\/\/glowpremium.fr\/en\/lightening-product\/concentrate-seduction-claire-glutathion-bave-descargot-comprime-rejuvenating\/","title":{"rendered":"Clear seduction lightening concentrate gluta + snail slime"},"content":{"rendered":"<div data-elementor-type=\"product-post\" data-elementor-id=\"7848\" class=\"elementor elementor-7848\" data-elementor-post-type=\"product\">\n\t\t\t\t\t\t<section class=\"elementor-section elementor-top-section elementor-element elementor-element-194c7e20 elementor-section-boxed elementor-section-height-default elementor-section-height-default\" data-id=\"194c7e20\" data-element_type=\"section\">\n\t\t\t\t\t\t<div class=\"elementor-container elementor-column-gap-default\">\n\t\t\t\t\t<div class=\"elementor-column elementor-col-100 elementor-top-column elementor-element elementor-element-79713385\" data-id=\"79713385\" data-element_type=\"column\">\n\t\t\t<div class=\"elementor-widget-wrap elementor-element-populated\">\n\t\t\t\t\t\t<div class=\"elementor-element elementor-element-70105ac7 elementor-widget elementor-widget-text-editor\" data-id=\"70105ac7\" data-element_type=\"widget\" data-widget_type=\"text-editor.default\">\n\t\t\t\t<div class=\"elementor-widget-container\">\n\t\t\t\t\t\t\t\t\t<strong>How to use :\n\nUse morning and night, mix into cream or cleansing milk for best results.\n\n<strong>Recommendation:\n\nKeep out of reach of children. avoid contact with eyes. In case of contact, rinse with plenty of water.\n\n<strong>Composition:\n\narbutin glutathione tablet, essential vegetable oils, vitamins, fruit acids, hyualuronic acids.\t\t\t\t\t\t\t\t<\/div>\n\t\t\t\t<\/div>\n\t\t\t\t\t<\/div>\n\t\t<\/div>\n\t\t\t\t\t<\/div>\n\t\t<\/section>\n\t\t\t\t<\/div>","protected":false},"excerpt":{"rendered":"<p>1 Concentrate glutathione +snail slime lightening finds its strength in the presence of glutathione and snail slime, so solution, remarkable as the best active lightening and repairing and harmonizing black skin m\u00e9tiss\u00e9: it also quickly fades spots, scars, stretch marks and all other irregularities, the skin becomes soft, beautiful and young. rejuvenates the skin with snail slime.<\/p>","protected":false},"featured_media":7905,"comment_status":"closed","ping_status":"closed","template":"","meta":[],"etheme_brands":[],"product_brand":[],"product_cat":[80,93],"product_tag":[],"class_list":{"0":"post-7848","1":"product","2":"type-product","3":"status-publish","4":"has-post-thumbnail","6":"product_cat-blanchissants-et-eclaircissants","7":"product_cat-concentres-eclaircissants-clarifiants-blanchissants","9":"first","10":"instock","11":"featured","12":"shipping-taxable","13":"purchasable","14":"product-type-simple"},"yoast_head":"<!-- This site is optimized with the Yoast SEO plugin v26.7 - https:\/\/yoast.com\/wordpress\/plugins\/seo\/ -->\n<title>Concentr\u00e9 \u00e9claircissant s\u00e9duction claire gluta + bave d,escargot - Glow Premium<\/title>\n<meta name=\"description\" content=\"Soins premium pour teint uniforme peau noireProduits \u00e9claircissants peau noire luxeS\u00e9rum \u00e9claircissant peau m\u00e9tisse haut de gamme \u00c9claircir la peau noire\" \/>\n<meta name=\"robots\" content=\"index, follow, max-snippet:-1, max-image-preview:large, max-video-preview:-1\" \/>\n<link rel=\"canonical\" href=\"https:\/\/glowpremium.fr\/en\/lightening-product\/concentrate-seduction-claire-glutathion-bave-descargot-comprime-rejuvenating\/\" \/>\n<meta property=\"og:locale\" content=\"en_GB\" \/>\n<meta property=\"og:type\" content=\"article\" \/>\n<meta property=\"og:title\" content=\"Concentr\u00e9 \u00e9claircissant s\u00e9duction claire gluta + bave d,escargot - Glow Premium\" \/>\n<meta property=\"og:description\" content=\"Soins premium pour teint uniforme peau noireProduits \u00e9claircissants peau noire luxeS\u00e9rum \u00e9claircissant peau m\u00e9tisse haut de gamme \u00c9claircir la peau noire\" \/>\n<meta property=\"og:url\" content=\"https:\/\/glowpremium.fr\/en\/lightening-product\/concentrate-seduction-claire-glutathion-bave-descargot-comprime-rejuvenating\/\" \/>\n<meta property=\"og:site_name\" content=\"Glow Premium\" \/>\n<meta property=\"article:modified_time\" content=\"2024-12-01T06:52:19+00:00\" \/>\n<meta property=\"og:image\" content=\"https:\/\/glowpremium.fr\/wp-content\/uploads\/2024\/11\/PhotoRoom-20220821_182022.png\" \/>\n\t<meta property=\"og:image:width\" content=\"2000\" \/>\n\t<meta property=\"og:image:height\" content=\"1833\" \/>\n\t<meta property=\"og:image:type\" content=\"image\/png\" \/>\n<meta name=\"twitter:card\" content=\"summary_large_image\" \/>\n<meta name=\"twitter:label1\" content=\"Estimated reading time\" \/>\n\t<meta name=\"twitter:data1\" content=\"1 minute\" \/>\n<script type=\"application\/ld+json\" class=\"yoast-schema-graph\">{\"@context\":\"https:\/\/schema.org\",\"@graph\":[{\"@type\":\"WebPage\",\"@id\":\"https:\/\/glowpremium.fr\/produit-eclaircissant\/concentre-seduction-claire-glutathion-comprime-bave-descargot-rajeunissant\/\",\"url\":\"https:\/\/glowpremium.fr\/produit-eclaircissant\/concentre-seduction-claire-glutathion-comprime-bave-descargot-rajeunissant\/\",\"name\":\"Concentr\u00e9 \u00e9claircissant s\u00e9duction claire gluta + bave d,escargot - Glow Premium\",\"isPartOf\":{\"@id\":\"https:\/\/glowpremium.fr\/#website\"},\"primaryImageOfPage\":{\"@id\":\"https:\/\/glowpremium.fr\/produit-eclaircissant\/concentre-seduction-claire-glutathion-comprime-bave-descargot-rajeunissant\/#primaryimage\"},\"image\":{\"@id\":\"https:\/\/glowpremium.fr\/produit-eclaircissant\/concentre-seduction-claire-glutathion-comprime-bave-descargot-rajeunissant\/#primaryimage\"},\"thumbnailUrl\":\"https:\/\/glowpremium.fr\/wp-content\/uploads\/2024\/11\/PhotoRoom-20220821_182022.png\",\"datePublished\":\"2024-11-20T12:26:54+00:00\",\"dateModified\":\"2024-12-01T06:52:19+00:00\",\"description\":\"Soins premium pour teint uniforme peau noireProduits \u00e9claircissants peau noire luxeS\u00e9rum \u00e9claircissant peau m\u00e9tisse haut de gamme \u00c9claircir la peau noire\",\"breadcrumb\":{\"@id\":\"https:\/\/glowpremium.fr\/produit-eclaircissant\/concentre-seduction-claire-glutathion-comprime-bave-descargot-rajeunissant\/#breadcrumb\"},\"inLanguage\":\"en-GB\",\"potentialAction\":[{\"@type\":\"ReadAction\",\"target\":[\"https:\/\/glowpremium.fr\/produit-eclaircissant\/concentre-seduction-claire-glutathion-comprime-bave-descargot-rajeunissant\/\"]}]},{\"@type\":\"ImageObject\",\"inLanguage\":\"en-GB\",\"@id\":\"https:\/\/glowpremium.fr\/produit-eclaircissant\/concentre-seduction-claire-glutathion-comprime-bave-descargot-rajeunissant\/#primaryimage\",\"url\":\"https:\/\/glowpremium.fr\/wp-content\/uploads\/2024\/11\/PhotoRoom-20220821_182022.png\",\"contentUrl\":\"https:\/\/glowpremium.fr\/wp-content\/uploads\/2024\/11\/PhotoRoom-20220821_182022.png\",\"width\":2000,\"height\":1833},{\"@type\":\"BreadcrumbList\",\"@id\":\"https:\/\/glowpremium.fr\/produit-eclaircissant\/concentre-seduction-claire-glutathion-comprime-bave-descargot-rajeunissant\/#breadcrumb\",\"itemListElement\":[{\"@type\":\"ListItem\",\"position\":1,\"name\":\"Accueil\",\"item\":\"https:\/\/glowpremium.fr\/\"},{\"@type\":\"ListItem\",\"position\":2,\"name\":\"Boutique\",\"item\":\"https:\/\/glowpremium.fr\/boutique-produits-eclaircissants\/\"},{\"@type\":\"ListItem\",\"position\":3,\"name\":\"Concentr\u00e9 \u00e9claircissant s\u00e9duction claire gluta + bave d,escargot\"}]},{\"@type\":\"WebSite\",\"@id\":\"https:\/\/glowpremium.fr\/#website\",\"url\":\"https:\/\/glowpremium.fr\/\",\"name\":\"Glow Premium\",\"description\":\"\",\"publisher\":{\"@id\":\"https:\/\/glowpremium.fr\/#organization\"},\"potentialAction\":[{\"@type\":\"SearchAction\",\"target\":{\"@type\":\"EntryPoint\",\"urlTemplate\":\"https:\/\/glowpremium.fr\/?s={search_term_string}\"},\"query-input\":{\"@type\":\"PropertyValueSpecification\",\"valueRequired\":true,\"valueName\":\"search_term_string\"}}],\"inLanguage\":\"en-GB\"},{\"@type\":\"Organization\",\"@id\":\"https:\/\/glowpremium.fr\/#organization\",\"name\":\"Glow Premium\",\"url\":\"https:\/\/glowpremium.fr\/\",\"logo\":{\"@type\":\"ImageObject\",\"inLanguage\":\"en-GB\",\"@id\":\"https:\/\/glowpremium.fr\/#\/schema\/logo\/image\/\",\"url\":\"https:\/\/glowpremium.fr\/wp-content\/uploads\/2024\/10\/screenshot_20241029_034909_chrome.jpg\",\"contentUrl\":\"https:\/\/glowpremium.fr\/wp-content\/uploads\/2024\/10\/screenshot_20241029_034909_chrome.jpg\",\"width\":866,\"height\":937,\"caption\":\"Glow Premium\"},\"image\":{\"@id\":\"https:\/\/glowpremium.fr\/#\/schema\/logo\/image\/\"}}]}<\/script>\n<!-- \/ Yoast SEO plugin. -->","yoast_head_json":{"title":"Concentr\u00e9 \u00e9claircissant s\u00e9duction claire gluta + bave d,escargot - Glow Premium","description":"Soins premium pour teint uniforme peau noireProduits \u00e9claircissants peau noire luxeS\u00e9rum \u00e9claircissant peau m\u00e9tisse haut de gamme \u00c9claircir la peau noire","robots":{"index":"index","follow":"follow","max-snippet":"max-snippet:-1","max-image-preview":"max-image-preview:large","max-video-preview":"max-video-preview:-1"},"canonical":"https:\/\/glowpremium.fr\/en\/lightening-product\/concentrate-seduction-claire-glutathion-bave-descargot-comprime-rejuvenating\/","og_locale":"en_GB","og_type":"article","og_title":"Concentr\u00e9 \u00e9claircissant s\u00e9duction claire gluta + bave d,escargot - Glow Premium","og_description":"Soins premium pour teint uniforme peau noireProduits \u00e9claircissants peau noire luxeS\u00e9rum \u00e9claircissant peau m\u00e9tisse haut de gamme \u00c9claircir la peau noire","og_url":"https:\/\/glowpremium.fr\/en\/lightening-product\/concentrate-seduction-claire-glutathion-bave-descargot-comprime-rejuvenating\/","og_site_name":"Glow Premium","article_modified_time":"2024-12-01T06:52:19+00:00","og_image":[{"width":2000,"height":1833,"url":"https:\/\/glowpremium.fr\/wp-content\/uploads\/2024\/11\/PhotoRoom-20220821_182022.png","type":"image\/png"}],"twitter_card":"summary_large_image","twitter_misc":{"Estimated reading time":"1 minute"},"schema":{"@context":"https:\/\/schema.org","@graph":[{"@type":"WebPage","@id":"https:\/\/glowpremium.fr\/produit-eclaircissant\/concentre-seduction-claire-glutathion-comprime-bave-descargot-rajeunissant\/","url":"https:\/\/glowpremium.fr\/produit-eclaircissant\/concentre-seduction-claire-glutathion-comprime-bave-descargot-rajeunissant\/","name":"Concentr\u00e9 \u00e9claircissant s\u00e9duction claire gluta + bave d,escargot - Glow Premium","isPartOf":{"@id":"https:\/\/glowpremium.fr\/#website"},"primaryImageOfPage":{"@id":"https:\/\/glowpremium.fr\/produit-eclaircissant\/concentre-seduction-claire-glutathion-comprime-bave-descargot-rajeunissant\/#primaryimage"},"image":{"@id":"https:\/\/glowpremium.fr\/produit-eclaircissant\/concentre-seduction-claire-glutathion-comprime-bave-descargot-rajeunissant\/#primaryimage"},"thumbnailUrl":"https:\/\/glowpremium.fr\/wp-content\/uploads\/2024\/11\/PhotoRoom-20220821_182022.png","datePublished":"2024-11-20T12:26:54+00:00","dateModified":"2024-12-01T06:52:19+00:00","description":"Soins premium pour teint uniforme peau noireProduits \u00e9claircissants peau noire luxeS\u00e9rum \u00e9claircissant peau m\u00e9tisse haut de gamme \u00c9claircir la peau noire","breadcrumb":{"@id":"https:\/\/glowpremium.fr\/produit-eclaircissant\/concentre-seduction-claire-glutathion-comprime-bave-descargot-rajeunissant\/#breadcrumb"},"inLanguage":"en-GB","potentialAction":[{"@type":"ReadAction","target":["https:\/\/glowpremium.fr\/produit-eclaircissant\/concentre-seduction-claire-glutathion-comprime-bave-descargot-rajeunissant\/"]}]},{"@type":"ImageObject","inLanguage":"en-GB","@id":"https:\/\/glowpremium.fr\/produit-eclaircissant\/concentre-seduction-claire-glutathion-comprime-bave-descargot-rajeunissant\/#primaryimage","url":"https:\/\/glowpremium.fr\/wp-content\/uploads\/2024\/11\/PhotoRoom-20220821_182022.png","contentUrl":"https:\/\/glowpremium.fr\/wp-content\/uploads\/2024\/11\/PhotoRoom-20220821_182022.png","width":2000,"height":1833},{"@type":"BreadcrumbList","@id":"https:\/\/glowpremium.fr\/produit-eclaircissant\/concentre-seduction-claire-glutathion-comprime-bave-descargot-rajeunissant\/#breadcrumb","itemListElement":[{"@type":"ListItem","position":1,"name":"Accueil","item":"https:\/\/glowpremium.fr\/"},{"@type":"ListItem","position":2,"name":"Boutique","item":"https:\/\/glowpremium.fr\/boutique-produits-eclaircissants\/"},{"@type":"ListItem","position":3,"name":"Concentr\u00e9 \u00e9claircissant s\u00e9duction claire gluta + bave d,escargot"}]},{"@type":"WebSite","@id":"https:\/\/glowpremium.fr\/#website","url":"https:\/\/glowpremium.fr\/","name":"Glow Premium","description":"","publisher":{"@id":"https:\/\/glowpremium.fr\/#organization"},"potentialAction":[{"@type":"SearchAction","target":{"@type":"EntryPoint","urlTemplate":"https:\/\/glowpremium.fr\/?s={search_term_string}"},"query-input":{"@type":"PropertyValueSpecification","valueRequired":true,"valueName":"search_term_string"}}],"inLanguage":"en-GB"},{"@type":"Organization","@id":"https:\/\/glowpremium.fr\/#organization","name":"Glow Premium","url":"https:\/\/glowpremium.fr\/","logo":{"@type":"ImageObject","inLanguage":"en-GB","@id":"https:\/\/glowpremium.fr\/#\/schema\/logo\/image\/","url":"https:\/\/glowpremium.fr\/wp-content\/uploads\/2024\/10\/screenshot_20241029_034909_chrome.jpg","contentUrl":"https:\/\/glowpremium.fr\/wp-content\/uploads\/2024\/10\/screenshot_20241029_034909_chrome.jpg","width":866,"height":937,"caption":"Glow Premium"},"image":{"@id":"https:\/\/glowpremium.fr\/#\/schema\/logo\/image\/"}}]}},"_links":{"self":[{"href":"https:\/\/glowpremium.fr\/en\/wp-json\/wp\/v2\/product\/7848","targetHints":{"allow":["GET"]}}],"collection":[{"href":"https:\/\/glowpremium.fr\/en\/wp-json\/wp\/v2\/product"}],"about":[{"href":"https:\/\/glowpremium.fr\/en\/wp-json\/wp\/v2\/types\/product"}],"replies":[{"embeddable":true,"href":"https:\/\/glowpremium.fr\/en\/wp-json\/wp\/v2\/comments?post=7848"}],"version-history":[{"count":3,"href":"https:\/\/glowpremium.fr\/en\/wp-json\/wp\/v2\/product\/7848\/revisions"}],"predecessor-version":[{"id":8509,"href":"https:\/\/glowpremium.fr\/en\/wp-json\/wp\/v2\/product\/7848\/revisions\/8509"}],"wp:featuredmedia":[{"embeddable":true,"href":"https:\/\/glowpremium.fr\/en\/wp-json\/wp\/v2\/media\/7905"}],"wp:attachment":[{"href":"https:\/\/glowpremium.fr\/en\/wp-json\/wp\/v2\/media?parent=7848"}],"wp:term":[{"taxonomy":"brand","embeddable":true,"href":"https:\/\/glowpremium.fr\/en\/wp-json\/wp\/v2\/etheme_brands?post=7848"},{"taxonomy":"product_brand","embeddable":true,"href":"https:\/\/glowpremium.fr\/en\/wp-json\/wp\/v2\/product_brand?post=7848"},{"taxonomy":"product_cat","embeddable":true,"href":"https:\/\/glowpremium.fr\/en\/wp-json\/wp\/v2\/product_cat?post=7848"},{"taxonomy":"product_tag","embeddable":true,"href":"https:\/\/glowpremium.fr\/en\/wp-json\/wp\/v2\/product_tag?post=7848"}],"curies":[{"name":"wp","href":"https:\/\/api.w.org\/{rel}","templated":true}]}}