{"id":7845,"date":"2024-11-20T13:26:54","date_gmt":"2024-11-20T12:26:54","guid":{"rendered":"https:\/\/glowpremium.fr\/?post_type=product&#038;p=7845"},"modified":"2025-12-26T20:04:00","modified_gmt":"2025-12-26T19:04:00","slug":"concentre-super-eclaircissant-aux-acides-de-fruits","status":"publish","type":"product","link":"https:\/\/glowpremium.fr\/en\/lightening-product\/super-brightening-concentrate-with-fruit-acids\/","title":{"rendered":"Super-brightening concentrate Teint M\u00e9tisse Unifi\u00e9 \u00e9clatant"},"content":{"rendered":"<div data-elementor-type=\"product-post\" data-elementor-id=\"7845\" class=\"elementor elementor-7845\" data-elementor-post-type=\"product\">\n\t\t\t\t\t\t<section class=\"elementor-section elementor-top-section elementor-element elementor-element-4e1a641c elementor-section-boxed elementor-section-height-default elementor-section-height-default\" data-id=\"4e1a641c\" data-element_type=\"section\">\n\t\t\t\t\t\t<div class=\"elementor-container elementor-column-gap-default\">\n\t\t\t\t\t<div class=\"elementor-column elementor-col-100 elementor-top-column elementor-element elementor-element-39abdcb5\" data-id=\"39abdcb5\" data-element_type=\"column\">\n\t\t\t<div class=\"elementor-widget-wrap elementor-element-populated\">\n\t\t\t\t\t\t<div class=\"elementor-element elementor-element-30b6475c elementor-widget elementor-widget-text-editor\" data-id=\"30b6475c\" data-element_type=\"widget\" data-widget_type=\"text-editor.default\">\n\t\t\t\t<div class=\"elementor-widget-container\">\n\t\t\t\t\t\t\t\t\t<p><strong>How to use :<p>Add the concentrate to your cleansing milk.<p><strong>Recommendation:<p>For external use only. Avoid contact with eyes. If irritation occurs, discontinue use.<p><strong>Composition:<p>Fruit acids.\t\t\t\t\t\t\t\t<\/div>\n\t\t\t\t<\/div>\n\t\t\t\t\t<\/div>\n\t\t<\/div>\n\t\t\t\t\t<\/div>\n\t\t<\/section>\n\t\t\t\t<\/div>","protected":false},"excerpt":{"rendered":"<p>Utilisation : Ajout\u00e9 le concentr\u00e9 dans votre lait de toilette. Recommandation : Usage externe seulement. Eviter tout contact avec les yeux. En cas d&rsquo;irritation, arr\u00eater&#8230;<\/p>","protected":false},"featured_media":7900,"comment_status":"closed","ping_status":"closed","template":"","meta":[],"etheme_brands":[],"product_brand":[],"product_cat":[80,93],"product_tag":[],"class_list":{"0":"post-7845","1":"product","2":"type-product","3":"status-publish","4":"has-post-thumbnail","6":"product_cat-blanchissants-et-eclaircissants","7":"product_cat-concentres-eclaircissants-clarifiants-blanchissants","9":"first","10":"instock","11":"featured","12":"shipping-taxable","13":"purchasable","14":"product-type-simple"},"yoast_head":"<!-- This site is optimized with the Yoast SEO plugin v26.7 - https:\/\/yoast.com\/wordpress\/plugins\/seo\/ -->\n<title>Concentr\u00e9 super \u00e9claircissant Teint M\u00e9tisse Unifi\u00e9 \u00e9clatant - Glow Premium<\/title>\n<meta name=\"description\" content=\"Expert contre les t\u00e2ches noires pour tous type de peauSoins premium pour teint uniforme peau noire Produits \u00e9claircissants peau noire S\u00e9rum blanchissant\" \/>\n<meta name=\"robots\" content=\"index, follow, max-snippet:-1, max-image-preview:large, max-video-preview:-1\" \/>\n<link rel=\"canonical\" href=\"https:\/\/glowpremium.fr\/en\/lightening-product\/super-brightening-concentrate-with-fruit-acids\/\" \/>\n<meta property=\"og:locale\" content=\"en_GB\" \/>\n<meta property=\"og:type\" content=\"article\" \/>\n<meta property=\"og:title\" content=\"Concentr\u00e9 super \u00e9claircissant Teint M\u00e9tisse Unifi\u00e9 \u00e9clatant - Glow Premium\" \/>\n<meta property=\"og:description\" content=\"Expert contre les t\u00e2ches noires pour tous type de peauSoins premium pour teint uniforme peau noire Produits \u00e9claircissants peau noire S\u00e9rum blanchissant\" \/>\n<meta property=\"og:url\" content=\"https:\/\/glowpremium.fr\/en\/lightening-product\/super-brightening-concentrate-with-fruit-acids\/\" \/>\n<meta property=\"og:site_name\" content=\"Glow Premium\" \/>\n<meta property=\"article:modified_time\" content=\"2025-12-26T19:04:00+00:00\" \/>\n<meta property=\"og:image\" content=\"https:\/\/glowpremium.fr\/wp-content\/uploads\/2024\/11\/PhotoRoom_20220224_160119.jpg\" \/>\n\t<meta property=\"og:image:width\" content=\"2000\" \/>\n\t<meta property=\"og:image:height\" content=\"1825\" \/>\n\t<meta property=\"og:image:type\" content=\"image\/jpeg\" \/>\n<meta name=\"twitter:card\" content=\"summary_large_image\" \/>\n<meta name=\"twitter:label1\" content=\"Estimated reading time\" \/>\n\t<meta name=\"twitter:data1\" content=\"1 minute\" \/>\n<script type=\"application\/ld+json\" class=\"yoast-schema-graph\">{\"@context\":\"https:\/\/schema.org\",\"@graph\":[{\"@type\":\"WebPage\",\"@id\":\"https:\/\/glowpremium.fr\/produit-eclaircissant\/concentre-super-eclaircissant-aux-acides-de-fruits\/\",\"url\":\"https:\/\/glowpremium.fr\/produit-eclaircissant\/concentre-super-eclaircissant-aux-acides-de-fruits\/\",\"name\":\"Concentr\u00e9 super \u00e9claircissant Teint M\u00e9tisse Unifi\u00e9 \u00e9clatant - Glow Premium\",\"isPartOf\":{\"@id\":\"https:\/\/glowpremium.fr\/#website\"},\"primaryImageOfPage\":{\"@id\":\"https:\/\/glowpremium.fr\/produit-eclaircissant\/concentre-super-eclaircissant-aux-acides-de-fruits\/#primaryimage\"},\"image\":{\"@id\":\"https:\/\/glowpremium.fr\/produit-eclaircissant\/concentre-super-eclaircissant-aux-acides-de-fruits\/#primaryimage\"},\"thumbnailUrl\":\"https:\/\/glowpremium.fr\/wp-content\/uploads\/2024\/11\/PhotoRoom_20220224_160119.jpg\",\"datePublished\":\"2024-11-20T12:26:54+00:00\",\"dateModified\":\"2025-12-26T19:04:00+00:00\",\"description\":\"Expert contre les t\u00e2ches noires pour tous type de peauSoins premium pour teint uniforme peau noire Produits \u00e9claircissants peau noire S\u00e9rum blanchissant\",\"breadcrumb\":{\"@id\":\"https:\/\/glowpremium.fr\/produit-eclaircissant\/concentre-super-eclaircissant-aux-acides-de-fruits\/#breadcrumb\"},\"inLanguage\":\"en-GB\",\"potentialAction\":[{\"@type\":\"ReadAction\",\"target\":[\"https:\/\/glowpremium.fr\/produit-eclaircissant\/concentre-super-eclaircissant-aux-acides-de-fruits\/\"]}]},{\"@type\":\"ImageObject\",\"inLanguage\":\"en-GB\",\"@id\":\"https:\/\/glowpremium.fr\/produit-eclaircissant\/concentre-super-eclaircissant-aux-acides-de-fruits\/#primaryimage\",\"url\":\"https:\/\/glowpremium.fr\/wp-content\/uploads\/2024\/11\/PhotoRoom_20220224_160119.jpg\",\"contentUrl\":\"https:\/\/glowpremium.fr\/wp-content\/uploads\/2024\/11\/PhotoRoom_20220224_160119.jpg\",\"width\":2000,\"height\":1825},{\"@type\":\"BreadcrumbList\",\"@id\":\"https:\/\/glowpremium.fr\/produit-eclaircissant\/concentre-super-eclaircissant-aux-acides-de-fruits\/#breadcrumb\",\"itemListElement\":[{\"@type\":\"ListItem\",\"position\":1,\"name\":\"Accueil\",\"item\":\"https:\/\/glowpremium.fr\/\"},{\"@type\":\"ListItem\",\"position\":2,\"name\":\"Boutique\",\"item\":\"https:\/\/glowpremium.fr\/boutique-produits-eclaircissants\/\"},{\"@type\":\"ListItem\",\"position\":3,\"name\":\"Concentr\u00e9 super \u00e9claircissant Teint M\u00e9tisse Unifi\u00e9 \u00e9clatant\"}]},{\"@type\":\"WebSite\",\"@id\":\"https:\/\/glowpremium.fr\/#website\",\"url\":\"https:\/\/glowpremium.fr\/\",\"name\":\"Glow Premium\",\"description\":\"\",\"publisher\":{\"@id\":\"https:\/\/glowpremium.fr\/#organization\"},\"potentialAction\":[{\"@type\":\"SearchAction\",\"target\":{\"@type\":\"EntryPoint\",\"urlTemplate\":\"https:\/\/glowpremium.fr\/?s={search_term_string}\"},\"query-input\":{\"@type\":\"PropertyValueSpecification\",\"valueRequired\":true,\"valueName\":\"search_term_string\"}}],\"inLanguage\":\"en-GB\"},{\"@type\":\"Organization\",\"@id\":\"https:\/\/glowpremium.fr\/#organization\",\"name\":\"Glow Premium\",\"url\":\"https:\/\/glowpremium.fr\/\",\"logo\":{\"@type\":\"ImageObject\",\"inLanguage\":\"en-GB\",\"@id\":\"https:\/\/glowpremium.fr\/#\/schema\/logo\/image\/\",\"url\":\"https:\/\/glowpremium.fr\/wp-content\/uploads\/2024\/10\/screenshot_20241029_034909_chrome.jpg\",\"contentUrl\":\"https:\/\/glowpremium.fr\/wp-content\/uploads\/2024\/10\/screenshot_20241029_034909_chrome.jpg\",\"width\":866,\"height\":937,\"caption\":\"Glow Premium\"},\"image\":{\"@id\":\"https:\/\/glowpremium.fr\/#\/schema\/logo\/image\/\"}}]}<\/script>\n<!-- \/ Yoast SEO plugin. -->","yoast_head_json":{"title":"Concentr\u00e9 super \u00e9claircissant Teint M\u00e9tisse Unifi\u00e9 \u00e9clatant - Glow Premium","description":"Expert contre les t\u00e2ches noires pour tous type de peauSoins premium pour teint uniforme peau noire Produits \u00e9claircissants peau noire S\u00e9rum blanchissant","robots":{"index":"index","follow":"follow","max-snippet":"max-snippet:-1","max-image-preview":"max-image-preview:large","max-video-preview":"max-video-preview:-1"},"canonical":"https:\/\/glowpremium.fr\/en\/lightening-product\/super-brightening-concentrate-with-fruit-acids\/","og_locale":"en_GB","og_type":"article","og_title":"Concentr\u00e9 super \u00e9claircissant Teint M\u00e9tisse Unifi\u00e9 \u00e9clatant - Glow Premium","og_description":"Expert contre les t\u00e2ches noires pour tous type de peauSoins premium pour teint uniforme peau noire Produits \u00e9claircissants peau noire S\u00e9rum blanchissant","og_url":"https:\/\/glowpremium.fr\/en\/lightening-product\/super-brightening-concentrate-with-fruit-acids\/","og_site_name":"Glow Premium","article_modified_time":"2025-12-26T19:04:00+00:00","og_image":[{"width":2000,"height":1825,"url":"https:\/\/glowpremium.fr\/wp-content\/uploads\/2024\/11\/PhotoRoom_20220224_160119.jpg","type":"image\/jpeg"}],"twitter_card":"summary_large_image","twitter_misc":{"Estimated reading time":"1 minute"},"schema":{"@context":"https:\/\/schema.org","@graph":[{"@type":"WebPage","@id":"https:\/\/glowpremium.fr\/produit-eclaircissant\/concentre-super-eclaircissant-aux-acides-de-fruits\/","url":"https:\/\/glowpremium.fr\/produit-eclaircissant\/concentre-super-eclaircissant-aux-acides-de-fruits\/","name":"Concentr\u00e9 super \u00e9claircissant Teint M\u00e9tisse Unifi\u00e9 \u00e9clatant - Glow Premium","isPartOf":{"@id":"https:\/\/glowpremium.fr\/#website"},"primaryImageOfPage":{"@id":"https:\/\/glowpremium.fr\/produit-eclaircissant\/concentre-super-eclaircissant-aux-acides-de-fruits\/#primaryimage"},"image":{"@id":"https:\/\/glowpremium.fr\/produit-eclaircissant\/concentre-super-eclaircissant-aux-acides-de-fruits\/#primaryimage"},"thumbnailUrl":"https:\/\/glowpremium.fr\/wp-content\/uploads\/2024\/11\/PhotoRoom_20220224_160119.jpg","datePublished":"2024-11-20T12:26:54+00:00","dateModified":"2025-12-26T19:04:00+00:00","description":"Expert contre les t\u00e2ches noires pour tous type de peauSoins premium pour teint uniforme peau noire Produits \u00e9claircissants peau noire S\u00e9rum blanchissant","breadcrumb":{"@id":"https:\/\/glowpremium.fr\/produit-eclaircissant\/concentre-super-eclaircissant-aux-acides-de-fruits\/#breadcrumb"},"inLanguage":"en-GB","potentialAction":[{"@type":"ReadAction","target":["https:\/\/glowpremium.fr\/produit-eclaircissant\/concentre-super-eclaircissant-aux-acides-de-fruits\/"]}]},{"@type":"ImageObject","inLanguage":"en-GB","@id":"https:\/\/glowpremium.fr\/produit-eclaircissant\/concentre-super-eclaircissant-aux-acides-de-fruits\/#primaryimage","url":"https:\/\/glowpremium.fr\/wp-content\/uploads\/2024\/11\/PhotoRoom_20220224_160119.jpg","contentUrl":"https:\/\/glowpremium.fr\/wp-content\/uploads\/2024\/11\/PhotoRoom_20220224_160119.jpg","width":2000,"height":1825},{"@type":"BreadcrumbList","@id":"https:\/\/glowpremium.fr\/produit-eclaircissant\/concentre-super-eclaircissant-aux-acides-de-fruits\/#breadcrumb","itemListElement":[{"@type":"ListItem","position":1,"name":"Accueil","item":"https:\/\/glowpremium.fr\/"},{"@type":"ListItem","position":2,"name":"Boutique","item":"https:\/\/glowpremium.fr\/boutique-produits-eclaircissants\/"},{"@type":"ListItem","position":3,"name":"Concentr\u00e9 super \u00e9claircissant Teint M\u00e9tisse Unifi\u00e9 \u00e9clatant"}]},{"@type":"WebSite","@id":"https:\/\/glowpremium.fr\/#website","url":"https:\/\/glowpremium.fr\/","name":"Glow Premium","description":"","publisher":{"@id":"https:\/\/glowpremium.fr\/#organization"},"potentialAction":[{"@type":"SearchAction","target":{"@type":"EntryPoint","urlTemplate":"https:\/\/glowpremium.fr\/?s={search_term_string}"},"query-input":{"@type":"PropertyValueSpecification","valueRequired":true,"valueName":"search_term_string"}}],"inLanguage":"en-GB"},{"@type":"Organization","@id":"https:\/\/glowpremium.fr\/#organization","name":"Glow Premium","url":"https:\/\/glowpremium.fr\/","logo":{"@type":"ImageObject","inLanguage":"en-GB","@id":"https:\/\/glowpremium.fr\/#\/schema\/logo\/image\/","url":"https:\/\/glowpremium.fr\/wp-content\/uploads\/2024\/10\/screenshot_20241029_034909_chrome.jpg","contentUrl":"https:\/\/glowpremium.fr\/wp-content\/uploads\/2024\/10\/screenshot_20241029_034909_chrome.jpg","width":866,"height":937,"caption":"Glow Premium"},"image":{"@id":"https:\/\/glowpremium.fr\/#\/schema\/logo\/image\/"}}]}},"_links":{"self":[{"href":"https:\/\/glowpremium.fr\/en\/wp-json\/wp\/v2\/product\/7845","targetHints":{"allow":["GET"]}}],"collection":[{"href":"https:\/\/glowpremium.fr\/en\/wp-json\/wp\/v2\/product"}],"about":[{"href":"https:\/\/glowpremium.fr\/en\/wp-json\/wp\/v2\/types\/product"}],"replies":[{"embeddable":true,"href":"https:\/\/glowpremium.fr\/en\/wp-json\/wp\/v2\/comments?post=7845"}],"version-history":[{"count":3,"href":"https:\/\/glowpremium.fr\/en\/wp-json\/wp\/v2\/product\/7845\/revisions"}],"predecessor-version":[{"id":8503,"href":"https:\/\/glowpremium.fr\/en\/wp-json\/wp\/v2\/product\/7845\/revisions\/8503"}],"wp:featuredmedia":[{"embeddable":true,"href":"https:\/\/glowpremium.fr\/en\/wp-json\/wp\/v2\/media\/7900"}],"wp:attachment":[{"href":"https:\/\/glowpremium.fr\/en\/wp-json\/wp\/v2\/media?parent=7845"}],"wp:term":[{"taxonomy":"brand","embeddable":true,"href":"https:\/\/glowpremium.fr\/en\/wp-json\/wp\/v2\/etheme_brands?post=7845"},{"taxonomy":"product_brand","embeddable":true,"href":"https:\/\/glowpremium.fr\/en\/wp-json\/wp\/v2\/product_brand?post=7845"},{"taxonomy":"product_cat","embeddable":true,"href":"https:\/\/glowpremium.fr\/en\/wp-json\/wp\/v2\/product_cat?post=7845"},{"taxonomy":"product_tag","embeddable":true,"href":"https:\/\/glowpremium.fr\/en\/wp-json\/wp\/v2\/product_tag?post=7845"}],"curies":[{"name":"wp","href":"https:\/\/api.w.org\/{rel}","templated":true}]}}