{"id":7810,"date":"2024-11-20T13:26:33","date_gmt":"2024-11-20T12:26:33","guid":{"rendered":"https:\/\/glowpremium.fr\/?post_type=product&#038;p=7810"},"modified":"2024-12-03T15:00:47","modified_gmt":"2024-12-03T14:00:47","slug":"concentre-super-eclaircissant-gluta-aha-papaya-peau-nette-05-jours","status":"publish","type":"product","link":"https:\/\/glowpremium.fr\/en\/lightening-product\/super-brightening-concentrate-gluta-aha-papaya-clear-skin-05-days\/","title":{"rendered":"Lightening concentrate gluta aha papaya Unified skin 05 days"},"content":{"rendered":"<div data-elementor-type=\"product-post\" data-elementor-id=\"7810\" class=\"elementor elementor-7810\" data-elementor-post-type=\"product\">\n\t\t\t\t\t\t<section class=\"elementor-section elementor-top-section elementor-element elementor-element-44d218d7 elementor-section-boxed elementor-section-height-default elementor-section-height-default\" data-id=\"44d218d7\" data-element_type=\"section\">\n\t\t\t\t\t\t<div class=\"elementor-container elementor-column-gap-default\">\n\t\t\t\t\t<div class=\"elementor-column elementor-col-100 elementor-top-column elementor-element elementor-element-3276ce46\" data-id=\"3276ce46\" data-element_type=\"column\">\n\t\t\t<div class=\"elementor-widget-wrap elementor-element-populated\">\n\t\t\t\t\t\t<div class=\"elementor-element elementor-element-35d9a8a1 elementor-widget elementor-widget-text-editor\" data-id=\"35d9a8a1\" data-element_type=\"widget\" data-widget_type=\"text-editor.default\">\n\t\t\t\t<div class=\"elementor-widget-container\">\n\t\t\t\t\t\t\t\t\t<p><strong>How to use :<p>\u00a0preferably in the evening, combined with your cleansing milk every night.<p><strong>Recommendation:<p>For external use only. Discontinue use if irritation develops. Avoid contact with eyes. In case of contact with eyes, rinse thoroughly.<p><strong>Composition:<p>Mineral oil ,oxigenated water ,aha ,glutathione ,papaya extra ,arbutin ,collagen ,kojic ,SPF 60+++ .\t\t\t\t\t\t\t\t<\/div>\n\t\t\t\t<\/div>\n\t\t\t\t\t<\/div>\n\t\t<\/div>\n\t\t\t\t\t<\/div>\n\t\t<\/section>\n\t\t\t\t<\/div>","protected":false},"excerpt":{"rendered":"<p>The gluta aha papaya super brightening concentrate has been specially developed to even out skin tone and intensely moisturise the epidermis. Thanks to the many virtues of the papaya extract, this concentrate is a truly multi-active skin care product. Its lightening agents work at the heart of the epidermis to effectively reduce and prevent the appearance of pigmentation blemishes.<\/p>","protected":false},"featured_media":7898,"comment_status":"closed","ping_status":"closed","template":"","meta":[],"etheme_brands":[],"product_brand":[],"product_cat":[80,93],"product_tag":[],"class_list":{"0":"post-7810","1":"product","2":"type-product","3":"status-publish","4":"has-post-thumbnail","6":"product_cat-blanchissants-et-eclaircissants","7":"product_cat-concentres-eclaircissants-clarifiants-blanchissants","9":"first","10":"instock","11":"shipping-taxable","12":"purchasable","13":"product-type-simple"},"yoast_head":"<!-- This site is optimized with the Yoast SEO plugin v26.7 - https:\/\/yoast.com\/wordpress\/plugins\/seo\/ -->\n<title>Concentr\u00e9 \u00e9claircissant gluta aha papaya Peau unifi\u00e9 05 jours - Glow Premium<\/title>\n<meta name=\"description\" content=\"\u00c9claircissantTein tLuminosit\u00e9 Clart\u00e9 \u00c9clat Uniforme Peau Radiance Naturel Soin peau noire et m\u00e9tisse produit cosm\u00e9tique teint claire lumineuse\" \/>\n<meta name=\"robots\" content=\"index, follow, max-snippet:-1, max-image-preview:large, max-video-preview:-1\" \/>\n<link rel=\"canonical\" href=\"https:\/\/glowpremium.fr\/en\/lightening-product\/super-brightening-concentrate-gluta-aha-papaya-clear-skin-05-days\/\" \/>\n<meta property=\"og:locale\" content=\"en_GB\" \/>\n<meta property=\"og:type\" content=\"article\" \/>\n<meta property=\"og:title\" content=\"Concentr\u00e9 \u00e9claircissant gluta aha papaya Peau unifi\u00e9 05 jours - Glow Premium\" \/>\n<meta property=\"og:description\" content=\"\u00c9claircissantTein tLuminosit\u00e9 Clart\u00e9 \u00c9clat Uniforme Peau Radiance Naturel Soin peau noire et m\u00e9tisse produit cosm\u00e9tique teint claire lumineuse\" \/>\n<meta property=\"og:url\" content=\"https:\/\/glowpremium.fr\/en\/lightening-product\/super-brightening-concentrate-gluta-aha-papaya-clear-skin-05-days\/\" \/>\n<meta property=\"og:site_name\" content=\"Glow Premium\" \/>\n<meta property=\"article:modified_time\" content=\"2024-12-03T14:00:47+00:00\" \/>\n<meta property=\"og:image\" content=\"https:\/\/glowpremium.fr\/wp-content\/uploads\/2024\/11\/PhotoRoom_20211216_202948.jpg\" \/>\n\t<meta property=\"og:image:width\" content=\"2000\" \/>\n\t<meta property=\"og:image:height\" content=\"1814\" \/>\n\t<meta property=\"og:image:type\" content=\"image\/jpeg\" \/>\n<meta name=\"twitter:card\" content=\"summary_large_image\" \/>\n<meta name=\"twitter:label1\" content=\"Estimated reading time\" \/>\n\t<meta name=\"twitter:data1\" content=\"1 minute\" \/>\n<script type=\"application\/ld+json\" class=\"yoast-schema-graph\">{\"@context\":\"https:\/\/schema.org\",\"@graph\":[{\"@type\":\"WebPage\",\"@id\":\"https:\/\/glowpremium.fr\/produit-eclaircissant\/concentre-super-eclaircissant-gluta-aha-papaya-peau-nette-05-jours\/\",\"url\":\"https:\/\/glowpremium.fr\/produit-eclaircissant\/concentre-super-eclaircissant-gluta-aha-papaya-peau-nette-05-jours\/\",\"name\":\"Concentr\u00e9 \u00e9claircissant gluta aha papaya Peau unifi\u00e9 05 jours - Glow Premium\",\"isPartOf\":{\"@id\":\"https:\/\/glowpremium.fr\/#website\"},\"primaryImageOfPage\":{\"@id\":\"https:\/\/glowpremium.fr\/produit-eclaircissant\/concentre-super-eclaircissant-gluta-aha-papaya-peau-nette-05-jours\/#primaryimage\"},\"image\":{\"@id\":\"https:\/\/glowpremium.fr\/produit-eclaircissant\/concentre-super-eclaircissant-gluta-aha-papaya-peau-nette-05-jours\/#primaryimage\"},\"thumbnailUrl\":\"https:\/\/glowpremium.fr\/wp-content\/uploads\/2024\/11\/PhotoRoom_20211216_202948.jpg\",\"datePublished\":\"2024-11-20T12:26:33+00:00\",\"dateModified\":\"2024-12-03T14:00:47+00:00\",\"description\":\"\u00c9claircissantTein tLuminosit\u00e9 Clart\u00e9 \u00c9clat Uniforme Peau Radiance Naturel Soin peau noire et m\u00e9tisse produit cosm\u00e9tique teint claire lumineuse\",\"breadcrumb\":{\"@id\":\"https:\/\/glowpremium.fr\/produit-eclaircissant\/concentre-super-eclaircissant-gluta-aha-papaya-peau-nette-05-jours\/#breadcrumb\"},\"inLanguage\":\"en-GB\",\"potentialAction\":[{\"@type\":\"ReadAction\",\"target\":[\"https:\/\/glowpremium.fr\/produit-eclaircissant\/concentre-super-eclaircissant-gluta-aha-papaya-peau-nette-05-jours\/\"]}]},{\"@type\":\"ImageObject\",\"inLanguage\":\"en-GB\",\"@id\":\"https:\/\/glowpremium.fr\/produit-eclaircissant\/concentre-super-eclaircissant-gluta-aha-papaya-peau-nette-05-jours\/#primaryimage\",\"url\":\"https:\/\/glowpremium.fr\/wp-content\/uploads\/2024\/11\/PhotoRoom_20211216_202948.jpg\",\"contentUrl\":\"https:\/\/glowpremium.fr\/wp-content\/uploads\/2024\/11\/PhotoRoom_20211216_202948.jpg\",\"width\":2000,\"height\":1814},{\"@type\":\"BreadcrumbList\",\"@id\":\"https:\/\/glowpremium.fr\/produit-eclaircissant\/concentre-super-eclaircissant-gluta-aha-papaya-peau-nette-05-jours\/#breadcrumb\",\"itemListElement\":[{\"@type\":\"ListItem\",\"position\":1,\"name\":\"Accueil\",\"item\":\"https:\/\/glowpremium.fr\/\"},{\"@type\":\"ListItem\",\"position\":2,\"name\":\"Boutique\",\"item\":\"https:\/\/glowpremium.fr\/boutique-produits-eclaircissants\/\"},{\"@type\":\"ListItem\",\"position\":3,\"name\":\"Concentr\u00e9 \u00e9claircissant gluta aha papaya Peau unifi\u00e9 05 jours\"}]},{\"@type\":\"WebSite\",\"@id\":\"https:\/\/glowpremium.fr\/#website\",\"url\":\"https:\/\/glowpremium.fr\/\",\"name\":\"Glow Premium\",\"description\":\"\",\"publisher\":{\"@id\":\"https:\/\/glowpremium.fr\/#organization\"},\"potentialAction\":[{\"@type\":\"SearchAction\",\"target\":{\"@type\":\"EntryPoint\",\"urlTemplate\":\"https:\/\/glowpremium.fr\/?s={search_term_string}\"},\"query-input\":{\"@type\":\"PropertyValueSpecification\",\"valueRequired\":true,\"valueName\":\"search_term_string\"}}],\"inLanguage\":\"en-GB\"},{\"@type\":\"Organization\",\"@id\":\"https:\/\/glowpremium.fr\/#organization\",\"name\":\"Glow Premium\",\"url\":\"https:\/\/glowpremium.fr\/\",\"logo\":{\"@type\":\"ImageObject\",\"inLanguage\":\"en-GB\",\"@id\":\"https:\/\/glowpremium.fr\/#\/schema\/logo\/image\/\",\"url\":\"https:\/\/glowpremium.fr\/wp-content\/uploads\/2024\/10\/screenshot_20241029_034909_chrome.jpg\",\"contentUrl\":\"https:\/\/glowpremium.fr\/wp-content\/uploads\/2024\/10\/screenshot_20241029_034909_chrome.jpg\",\"width\":866,\"height\":937,\"caption\":\"Glow Premium\"},\"image\":{\"@id\":\"https:\/\/glowpremium.fr\/#\/schema\/logo\/image\/\"}}]}<\/script>\n<!-- \/ Yoast SEO plugin. -->","yoast_head_json":{"title":"Concentr\u00e9 \u00e9claircissant gluta aha papaya Peau unifi\u00e9 05 jours - Glow Premium","description":"\u00c9claircissantTein tLuminosit\u00e9 Clart\u00e9 \u00c9clat Uniforme Peau Radiance Naturel Soin peau noire et m\u00e9tisse produit cosm\u00e9tique teint claire lumineuse","robots":{"index":"index","follow":"follow","max-snippet":"max-snippet:-1","max-image-preview":"max-image-preview:large","max-video-preview":"max-video-preview:-1"},"canonical":"https:\/\/glowpremium.fr\/en\/lightening-product\/super-brightening-concentrate-gluta-aha-papaya-clear-skin-05-days\/","og_locale":"en_GB","og_type":"article","og_title":"Concentr\u00e9 \u00e9claircissant gluta aha papaya Peau unifi\u00e9 05 jours - Glow Premium","og_description":"\u00c9claircissantTein tLuminosit\u00e9 Clart\u00e9 \u00c9clat Uniforme Peau Radiance Naturel Soin peau noire et m\u00e9tisse produit cosm\u00e9tique teint claire lumineuse","og_url":"https:\/\/glowpremium.fr\/en\/lightening-product\/super-brightening-concentrate-gluta-aha-papaya-clear-skin-05-days\/","og_site_name":"Glow Premium","article_modified_time":"2024-12-03T14:00:47+00:00","og_image":[{"width":2000,"height":1814,"url":"https:\/\/glowpremium.fr\/wp-content\/uploads\/2024\/11\/PhotoRoom_20211216_202948.jpg","type":"image\/jpeg"}],"twitter_card":"summary_large_image","twitter_misc":{"Estimated reading time":"1 minute"},"schema":{"@context":"https:\/\/schema.org","@graph":[{"@type":"WebPage","@id":"https:\/\/glowpremium.fr\/produit-eclaircissant\/concentre-super-eclaircissant-gluta-aha-papaya-peau-nette-05-jours\/","url":"https:\/\/glowpremium.fr\/produit-eclaircissant\/concentre-super-eclaircissant-gluta-aha-papaya-peau-nette-05-jours\/","name":"Concentr\u00e9 \u00e9claircissant gluta aha papaya Peau unifi\u00e9 05 jours - Glow Premium","isPartOf":{"@id":"https:\/\/glowpremium.fr\/#website"},"primaryImageOfPage":{"@id":"https:\/\/glowpremium.fr\/produit-eclaircissant\/concentre-super-eclaircissant-gluta-aha-papaya-peau-nette-05-jours\/#primaryimage"},"image":{"@id":"https:\/\/glowpremium.fr\/produit-eclaircissant\/concentre-super-eclaircissant-gluta-aha-papaya-peau-nette-05-jours\/#primaryimage"},"thumbnailUrl":"https:\/\/glowpremium.fr\/wp-content\/uploads\/2024\/11\/PhotoRoom_20211216_202948.jpg","datePublished":"2024-11-20T12:26:33+00:00","dateModified":"2024-12-03T14:00:47+00:00","description":"\u00c9claircissantTein tLuminosit\u00e9 Clart\u00e9 \u00c9clat Uniforme Peau Radiance Naturel Soin peau noire et m\u00e9tisse produit cosm\u00e9tique teint claire lumineuse","breadcrumb":{"@id":"https:\/\/glowpremium.fr\/produit-eclaircissant\/concentre-super-eclaircissant-gluta-aha-papaya-peau-nette-05-jours\/#breadcrumb"},"inLanguage":"en-GB","potentialAction":[{"@type":"ReadAction","target":["https:\/\/glowpremium.fr\/produit-eclaircissant\/concentre-super-eclaircissant-gluta-aha-papaya-peau-nette-05-jours\/"]}]},{"@type":"ImageObject","inLanguage":"en-GB","@id":"https:\/\/glowpremium.fr\/produit-eclaircissant\/concentre-super-eclaircissant-gluta-aha-papaya-peau-nette-05-jours\/#primaryimage","url":"https:\/\/glowpremium.fr\/wp-content\/uploads\/2024\/11\/PhotoRoom_20211216_202948.jpg","contentUrl":"https:\/\/glowpremium.fr\/wp-content\/uploads\/2024\/11\/PhotoRoom_20211216_202948.jpg","width":2000,"height":1814},{"@type":"BreadcrumbList","@id":"https:\/\/glowpremium.fr\/produit-eclaircissant\/concentre-super-eclaircissant-gluta-aha-papaya-peau-nette-05-jours\/#breadcrumb","itemListElement":[{"@type":"ListItem","position":1,"name":"Accueil","item":"https:\/\/glowpremium.fr\/"},{"@type":"ListItem","position":2,"name":"Boutique","item":"https:\/\/glowpremium.fr\/boutique-produits-eclaircissants\/"},{"@type":"ListItem","position":3,"name":"Concentr\u00e9 \u00e9claircissant gluta aha papaya Peau unifi\u00e9 05 jours"}]},{"@type":"WebSite","@id":"https:\/\/glowpremium.fr\/#website","url":"https:\/\/glowpremium.fr\/","name":"Glow Premium","description":"","publisher":{"@id":"https:\/\/glowpremium.fr\/#organization"},"potentialAction":[{"@type":"SearchAction","target":{"@type":"EntryPoint","urlTemplate":"https:\/\/glowpremium.fr\/?s={search_term_string}"},"query-input":{"@type":"PropertyValueSpecification","valueRequired":true,"valueName":"search_term_string"}}],"inLanguage":"en-GB"},{"@type":"Organization","@id":"https:\/\/glowpremium.fr\/#organization","name":"Glow Premium","url":"https:\/\/glowpremium.fr\/","logo":{"@type":"ImageObject","inLanguage":"en-GB","@id":"https:\/\/glowpremium.fr\/#\/schema\/logo\/image\/","url":"https:\/\/glowpremium.fr\/wp-content\/uploads\/2024\/10\/screenshot_20241029_034909_chrome.jpg","contentUrl":"https:\/\/glowpremium.fr\/wp-content\/uploads\/2024\/10\/screenshot_20241029_034909_chrome.jpg","width":866,"height":937,"caption":"Glow Premium"},"image":{"@id":"https:\/\/glowpremium.fr\/#\/schema\/logo\/image\/"}}]}},"_links":{"self":[{"href":"https:\/\/glowpremium.fr\/en\/wp-json\/wp\/v2\/product\/7810","targetHints":{"allow":["GET"]}}],"collection":[{"href":"https:\/\/glowpremium.fr\/en\/wp-json\/wp\/v2\/product"}],"about":[{"href":"https:\/\/glowpremium.fr\/en\/wp-json\/wp\/v2\/types\/product"}],"replies":[{"embeddable":true,"href":"https:\/\/glowpremium.fr\/en\/wp-json\/wp\/v2\/comments?post=7810"}],"version-history":[{"count":3,"href":"https:\/\/glowpremium.fr\/en\/wp-json\/wp\/v2\/product\/7810\/revisions"}],"predecessor-version":[{"id":8515,"href":"https:\/\/glowpremium.fr\/en\/wp-json\/wp\/v2\/product\/7810\/revisions\/8515"}],"wp:featuredmedia":[{"embeddable":true,"href":"https:\/\/glowpremium.fr\/en\/wp-json\/wp\/v2\/media\/7898"}],"wp:attachment":[{"href":"https:\/\/glowpremium.fr\/en\/wp-json\/wp\/v2\/media?parent=7810"}],"wp:term":[{"taxonomy":"brand","embeddable":true,"href":"https:\/\/glowpremium.fr\/en\/wp-json\/wp\/v2\/etheme_brands?post=7810"},{"taxonomy":"product_brand","embeddable":true,"href":"https:\/\/glowpremium.fr\/en\/wp-json\/wp\/v2\/product_brand?post=7810"},{"taxonomy":"product_cat","embeddable":true,"href":"https:\/\/glowpremium.fr\/en\/wp-json\/wp\/v2\/product_cat?post=7810"},{"taxonomy":"product_tag","embeddable":true,"href":"https:\/\/glowpremium.fr\/en\/wp-json\/wp\/v2\/product_tag?post=7810"}],"curies":[{"name":"wp","href":"https:\/\/api.w.org\/{rel}","templated":true}]}}