{"id":7808,"date":"2024-11-20T13:26:32","date_gmt":"2024-11-20T12:26:32","guid":{"rendered":"https:\/\/glowpremium.fr\/?post_type=product&#038;p=7808"},"modified":"2024-12-03T16:18:21","modified_gmt":"2024-12-03T15:18:21","slug":"concentre-dose-et-serum-super-eclaircissant-peau-jaune","status":"publish","type":"product","link":"https:\/\/glowpremium.fr\/en\/lightening-product\/concentrated-dose-and-super-brightening-serum-for-yellow-skin\/","title":{"rendered":"Anti-Spot Lightening Concentrate and Serum for Yellow Skin."},"content":{"rendered":"<p><strong>How to use :<\/strong><\/p>\n<p>Morning and evening, apply to cleansed skin using a cotton pad. Massage gently until absorbed.<\/p>\n<p><strong>Recommendation:<\/strong><\/p>\n<p>For external use only. Discontinue use if irritation develops. Avoid contact with eyes. In case of contact with eyes, rinse thoroughly.<\/p>\n<p><strong>Composition:<\/strong><\/p>\n<p>Aqua (eau), Helianthus annus, Glycerin, Cetostearyl alcohol, Hydroxyphenoxy, Propionic acid, Cyclopentasiloxane, Cetyl alcohol, Glyceryl Stearate Bht ect.<\/p>","protected":false},"excerpt":{"rendered":"<p>Peau Jaune super-brightening foot, hand and serum concentrate has been specially developed to even out skin tone and intensely moisturise the epidermis. Thanks to the many virtues of carrot extract, this lotion is a truly multi-active skin care product. Its lightening agents act at the heart of the epidermis to effectively reduce and prevent the appearance of pigmentation blemishes.<\/p>","protected":false},"featured_media":7893,"comment_status":"closed","ping_status":"closed","template":"","meta":[],"etheme_brands":[],"product_brand":[],"product_cat":[80,93],"product_tag":[],"class_list":{"0":"post-7808","1":"product","2":"type-product","3":"status-publish","4":"has-post-thumbnail","6":"product_cat-blanchissants-et-eclaircissants","7":"product_cat-concentres-eclaircissants-clarifiants-blanchissants","9":"first","10":"instock","11":"shipping-taxable","12":"purchasable","13":"product-type-simple"},"yoast_head":"<!-- This site is optimized with the Yoast SEO plugin v26.7 - https:\/\/yoast.com\/wordpress\/plugins\/seo\/ -->\n<title>Concentr\u00e9 dos\u00e9 et S\u00e9rum \u00e9claircissant Anti-t\u00e2ches Peau Jaune. - Glow Premium<\/title>\n<meta name=\"description\" content=\"\u00c9claircissant Teint Luminosit\u00e9 Clart\u00e9 \u00c9clat Uniforme Peau Radiance Naturel Soin anti-t\u00e2ches s\u00e9rum blanchissant teint illumin\u00e9 produit unifiant\" \/>\n<meta name=\"robots\" content=\"index, follow, max-snippet:-1, max-image-preview:large, max-video-preview:-1\" \/>\n<link rel=\"canonical\" href=\"https:\/\/glowpremium.fr\/en\/lightening-product\/concentrated-dose-and-super-brightening-serum-for-yellow-skin\/\" \/>\n<meta property=\"og:locale\" content=\"en_GB\" \/>\n<meta property=\"og:type\" content=\"article\" \/>\n<meta property=\"og:title\" content=\"Concentr\u00e9 dos\u00e9 et S\u00e9rum \u00e9claircissant Anti-t\u00e2ches Peau Jaune. - Glow Premium\" \/>\n<meta property=\"og:description\" content=\"\u00c9claircissant Teint Luminosit\u00e9 Clart\u00e9 \u00c9clat Uniforme Peau Radiance Naturel Soin anti-t\u00e2ches s\u00e9rum blanchissant teint illumin\u00e9 produit unifiant\" \/>\n<meta property=\"og:url\" content=\"https:\/\/glowpremium.fr\/en\/lightening-product\/concentrated-dose-and-super-brightening-serum-for-yellow-skin\/\" \/>\n<meta property=\"og:site_name\" content=\"Glow Premium\" \/>\n<meta property=\"article:modified_time\" content=\"2024-12-03T15:18:21+00:00\" \/>\n<meta property=\"og:image\" content=\"https:\/\/glowpremium.fr\/wp-content\/uploads\/2024\/11\/PhotoRoom_20210905_194656-2.jpg\" \/>\n\t<meta property=\"og:image:width\" content=\"2036\" \/>\n\t<meta property=\"og:image:height\" content=\"1707\" \/>\n\t<meta property=\"og:image:type\" content=\"image\/jpeg\" \/>\n<meta name=\"twitter:card\" content=\"summary_large_image\" \/>\n<meta name=\"twitter:label1\" content=\"Estimated reading time\" \/>\n\t<meta name=\"twitter:data1\" content=\"1 minute\" \/>\n<script type=\"application\/ld+json\" class=\"yoast-schema-graph\">{\"@context\":\"https:\/\/schema.org\",\"@graph\":[{\"@type\":\"WebPage\",\"@id\":\"https:\/\/glowpremium.fr\/produit-eclaircissant\/concentre-dose-et-serum-super-eclaircissant-peau-jaune\/\",\"url\":\"https:\/\/glowpremium.fr\/produit-eclaircissant\/concentre-dose-et-serum-super-eclaircissant-peau-jaune\/\",\"name\":\"Concentr\u00e9 dos\u00e9 et S\u00e9rum \u00e9claircissant Anti-t\u00e2ches Peau Jaune. - Glow Premium\",\"isPartOf\":{\"@id\":\"https:\/\/glowpremium.fr\/#website\"},\"primaryImageOfPage\":{\"@id\":\"https:\/\/glowpremium.fr\/produit-eclaircissant\/concentre-dose-et-serum-super-eclaircissant-peau-jaune\/#primaryimage\"},\"image\":{\"@id\":\"https:\/\/glowpremium.fr\/produit-eclaircissant\/concentre-dose-et-serum-super-eclaircissant-peau-jaune\/#primaryimage\"},\"thumbnailUrl\":\"https:\/\/glowpremium.fr\/wp-content\/uploads\/2024\/11\/PhotoRoom_20210905_194656-2.jpg\",\"datePublished\":\"2024-11-20T12:26:32+00:00\",\"dateModified\":\"2024-12-03T15:18:21+00:00\",\"description\":\"\u00c9claircissant Teint Luminosit\u00e9 Clart\u00e9 \u00c9clat Uniforme Peau Radiance Naturel Soin anti-t\u00e2ches s\u00e9rum blanchissant teint illumin\u00e9 produit unifiant\",\"breadcrumb\":{\"@id\":\"https:\/\/glowpremium.fr\/produit-eclaircissant\/concentre-dose-et-serum-super-eclaircissant-peau-jaune\/#breadcrumb\"},\"inLanguage\":\"en-GB\",\"potentialAction\":[{\"@type\":\"ReadAction\",\"target\":[\"https:\/\/glowpremium.fr\/produit-eclaircissant\/concentre-dose-et-serum-super-eclaircissant-peau-jaune\/\"]}]},{\"@type\":\"ImageObject\",\"inLanguage\":\"en-GB\",\"@id\":\"https:\/\/glowpremium.fr\/produit-eclaircissant\/concentre-dose-et-serum-super-eclaircissant-peau-jaune\/#primaryimage\",\"url\":\"https:\/\/glowpremium.fr\/wp-content\/uploads\/2024\/11\/PhotoRoom_20210905_194656-2.jpg\",\"contentUrl\":\"https:\/\/glowpremium.fr\/wp-content\/uploads\/2024\/11\/PhotoRoom_20210905_194656-2.jpg\",\"width\":2036,\"height\":1707},{\"@type\":\"BreadcrumbList\",\"@id\":\"https:\/\/glowpremium.fr\/produit-eclaircissant\/concentre-dose-et-serum-super-eclaircissant-peau-jaune\/#breadcrumb\",\"itemListElement\":[{\"@type\":\"ListItem\",\"position\":1,\"name\":\"Accueil\",\"item\":\"https:\/\/glowpremium.fr\/\"},{\"@type\":\"ListItem\",\"position\":2,\"name\":\"Boutique\",\"item\":\"https:\/\/glowpremium.fr\/boutique-produits-eclaircissants\/\"},{\"@type\":\"ListItem\",\"position\":3,\"name\":\"Concentr\u00e9 dos\u00e9 et S\u00e9rum \u00e9claircissant Anti-t\u00e2ches Peau Jaune.\"}]},{\"@type\":\"WebSite\",\"@id\":\"https:\/\/glowpremium.fr\/#website\",\"url\":\"https:\/\/glowpremium.fr\/\",\"name\":\"Glow Premium\",\"description\":\"\",\"publisher\":{\"@id\":\"https:\/\/glowpremium.fr\/#organization\"},\"potentialAction\":[{\"@type\":\"SearchAction\",\"target\":{\"@type\":\"EntryPoint\",\"urlTemplate\":\"https:\/\/glowpremium.fr\/?s={search_term_string}\"},\"query-input\":{\"@type\":\"PropertyValueSpecification\",\"valueRequired\":true,\"valueName\":\"search_term_string\"}}],\"inLanguage\":\"en-GB\"},{\"@type\":\"Organization\",\"@id\":\"https:\/\/glowpremium.fr\/#organization\",\"name\":\"Glow Premium\",\"url\":\"https:\/\/glowpremium.fr\/\",\"logo\":{\"@type\":\"ImageObject\",\"inLanguage\":\"en-GB\",\"@id\":\"https:\/\/glowpremium.fr\/#\/schema\/logo\/image\/\",\"url\":\"https:\/\/glowpremium.fr\/wp-content\/uploads\/2024\/10\/screenshot_20241029_034909_chrome.jpg\",\"contentUrl\":\"https:\/\/glowpremium.fr\/wp-content\/uploads\/2024\/10\/screenshot_20241029_034909_chrome.jpg\",\"width\":866,\"height\":937,\"caption\":\"Glow Premium\"},\"image\":{\"@id\":\"https:\/\/glowpremium.fr\/#\/schema\/logo\/image\/\"}}]}<\/script>\n<!-- \/ Yoast SEO plugin. -->","yoast_head_json":{"title":"Concentr\u00e9 dos\u00e9 et S\u00e9rum \u00e9claircissant Anti-t\u00e2ches Peau Jaune. - Glow Premium","description":"\u00c9claircissant Teint Luminosit\u00e9 Clart\u00e9 \u00c9clat Uniforme Peau Radiance Naturel Soin anti-t\u00e2ches s\u00e9rum blanchissant teint illumin\u00e9 produit unifiant","robots":{"index":"index","follow":"follow","max-snippet":"max-snippet:-1","max-image-preview":"max-image-preview:large","max-video-preview":"max-video-preview:-1"},"canonical":"https:\/\/glowpremium.fr\/en\/lightening-product\/concentrated-dose-and-super-brightening-serum-for-yellow-skin\/","og_locale":"en_GB","og_type":"article","og_title":"Concentr\u00e9 dos\u00e9 et S\u00e9rum \u00e9claircissant Anti-t\u00e2ches Peau Jaune. - Glow Premium","og_description":"\u00c9claircissant Teint Luminosit\u00e9 Clart\u00e9 \u00c9clat Uniforme Peau Radiance Naturel Soin anti-t\u00e2ches s\u00e9rum blanchissant teint illumin\u00e9 produit unifiant","og_url":"https:\/\/glowpremium.fr\/en\/lightening-product\/concentrated-dose-and-super-brightening-serum-for-yellow-skin\/","og_site_name":"Glow Premium","article_modified_time":"2024-12-03T15:18:21+00:00","og_image":[{"width":2036,"height":1707,"url":"https:\/\/glowpremium.fr\/wp-content\/uploads\/2024\/11\/PhotoRoom_20210905_194656-2.jpg","type":"image\/jpeg"}],"twitter_card":"summary_large_image","twitter_misc":{"Estimated reading time":"1 minute"},"schema":{"@context":"https:\/\/schema.org","@graph":[{"@type":"WebPage","@id":"https:\/\/glowpremium.fr\/produit-eclaircissant\/concentre-dose-et-serum-super-eclaircissant-peau-jaune\/","url":"https:\/\/glowpremium.fr\/produit-eclaircissant\/concentre-dose-et-serum-super-eclaircissant-peau-jaune\/","name":"Concentr\u00e9 dos\u00e9 et S\u00e9rum \u00e9claircissant Anti-t\u00e2ches Peau Jaune. - Glow Premium","isPartOf":{"@id":"https:\/\/glowpremium.fr\/#website"},"primaryImageOfPage":{"@id":"https:\/\/glowpremium.fr\/produit-eclaircissant\/concentre-dose-et-serum-super-eclaircissant-peau-jaune\/#primaryimage"},"image":{"@id":"https:\/\/glowpremium.fr\/produit-eclaircissant\/concentre-dose-et-serum-super-eclaircissant-peau-jaune\/#primaryimage"},"thumbnailUrl":"https:\/\/glowpremium.fr\/wp-content\/uploads\/2024\/11\/PhotoRoom_20210905_194656-2.jpg","datePublished":"2024-11-20T12:26:32+00:00","dateModified":"2024-12-03T15:18:21+00:00","description":"\u00c9claircissant Teint Luminosit\u00e9 Clart\u00e9 \u00c9clat Uniforme Peau Radiance Naturel Soin anti-t\u00e2ches s\u00e9rum blanchissant teint illumin\u00e9 produit unifiant","breadcrumb":{"@id":"https:\/\/glowpremium.fr\/produit-eclaircissant\/concentre-dose-et-serum-super-eclaircissant-peau-jaune\/#breadcrumb"},"inLanguage":"en-GB","potentialAction":[{"@type":"ReadAction","target":["https:\/\/glowpremium.fr\/produit-eclaircissant\/concentre-dose-et-serum-super-eclaircissant-peau-jaune\/"]}]},{"@type":"ImageObject","inLanguage":"en-GB","@id":"https:\/\/glowpremium.fr\/produit-eclaircissant\/concentre-dose-et-serum-super-eclaircissant-peau-jaune\/#primaryimage","url":"https:\/\/glowpremium.fr\/wp-content\/uploads\/2024\/11\/PhotoRoom_20210905_194656-2.jpg","contentUrl":"https:\/\/glowpremium.fr\/wp-content\/uploads\/2024\/11\/PhotoRoom_20210905_194656-2.jpg","width":2036,"height":1707},{"@type":"BreadcrumbList","@id":"https:\/\/glowpremium.fr\/produit-eclaircissant\/concentre-dose-et-serum-super-eclaircissant-peau-jaune\/#breadcrumb","itemListElement":[{"@type":"ListItem","position":1,"name":"Accueil","item":"https:\/\/glowpremium.fr\/"},{"@type":"ListItem","position":2,"name":"Boutique","item":"https:\/\/glowpremium.fr\/boutique-produits-eclaircissants\/"},{"@type":"ListItem","position":3,"name":"Concentr\u00e9 dos\u00e9 et S\u00e9rum \u00e9claircissant Anti-t\u00e2ches Peau Jaune."}]},{"@type":"WebSite","@id":"https:\/\/glowpremium.fr\/#website","url":"https:\/\/glowpremium.fr\/","name":"Glow Premium","description":"","publisher":{"@id":"https:\/\/glowpremium.fr\/#organization"},"potentialAction":[{"@type":"SearchAction","target":{"@type":"EntryPoint","urlTemplate":"https:\/\/glowpremium.fr\/?s={search_term_string}"},"query-input":{"@type":"PropertyValueSpecification","valueRequired":true,"valueName":"search_term_string"}}],"inLanguage":"en-GB"},{"@type":"Organization","@id":"https:\/\/glowpremium.fr\/#organization","name":"Glow Premium","url":"https:\/\/glowpremium.fr\/","logo":{"@type":"ImageObject","inLanguage":"en-GB","@id":"https:\/\/glowpremium.fr\/#\/schema\/logo\/image\/","url":"https:\/\/glowpremium.fr\/wp-content\/uploads\/2024\/10\/screenshot_20241029_034909_chrome.jpg","contentUrl":"https:\/\/glowpremium.fr\/wp-content\/uploads\/2024\/10\/screenshot_20241029_034909_chrome.jpg","width":866,"height":937,"caption":"Glow Premium"},"image":{"@id":"https:\/\/glowpremium.fr\/#\/schema\/logo\/image\/"}}]}},"_links":{"self":[{"href":"https:\/\/glowpremium.fr\/en\/wp-json\/wp\/v2\/product\/7808","targetHints":{"allow":["GET"]}}],"collection":[{"href":"https:\/\/glowpremium.fr\/en\/wp-json\/wp\/v2\/product"}],"about":[{"href":"https:\/\/glowpremium.fr\/en\/wp-json\/wp\/v2\/types\/product"}],"replies":[{"embeddable":true,"href":"https:\/\/glowpremium.fr\/en\/wp-json\/wp\/v2\/comments?post=7808"}],"version-history":[{"count":3,"href":"https:\/\/glowpremium.fr\/en\/wp-json\/wp\/v2\/product\/7808\/revisions"}],"predecessor-version":[{"id":8527,"href":"https:\/\/glowpremium.fr\/en\/wp-json\/wp\/v2\/product\/7808\/revisions\/8527"}],"wp:featuredmedia":[{"embeddable":true,"href":"https:\/\/glowpremium.fr\/en\/wp-json\/wp\/v2\/media\/7893"}],"wp:attachment":[{"href":"https:\/\/glowpremium.fr\/en\/wp-json\/wp\/v2\/media?parent=7808"}],"wp:term":[{"taxonomy":"brand","embeddable":true,"href":"https:\/\/glowpremium.fr\/en\/wp-json\/wp\/v2\/etheme_brands?post=7808"},{"taxonomy":"product_brand","embeddable":true,"href":"https:\/\/glowpremium.fr\/en\/wp-json\/wp\/v2\/product_brand?post=7808"},{"taxonomy":"product_cat","embeddable":true,"href":"https:\/\/glowpremium.fr\/en\/wp-json\/wp\/v2\/product_cat?post=7808"},{"taxonomy":"product_tag","embeddable":true,"href":"https:\/\/glowpremium.fr\/en\/wp-json\/wp\/v2\/product_tag?post=7808"}],"curies":[{"name":"wp","href":"https:\/\/api.w.org\/{rel}","templated":true}]}}