{"id":7806,"date":"2024-11-20T13:26:32","date_gmt":"2024-11-20T12:26:32","guid":{"rendered":"https:\/\/glowpremium.fr\/?post_type=product&#038;p=7806"},"modified":"2024-12-03T15:24:01","modified_gmt":"2024-12-03T14:24:01","slug":"huile-eclaircissant-peau-jaune","status":"publish","type":"product","link":"https:\/\/glowpremium.fr\/en\/lightening-product\/yellow-skin-lightening-oil\/","title":{"rendered":"Yellow Skin Lightening Oil evens skin tone Anti-spot"},"content":{"rendered":"<p><strong>How to use :<\/strong><\/p>\n<p>Use morning and\/or evening, applying to skin cleansed with Yellow Skin Purifying Cleansing Lotion. Massage gently until absorbed.<\/p>\n<p><strong>Recommendation:<\/strong><\/p>\n<p>For external use only. Discontinue use if irritation develops. Avoid contact with eyes. In case of contact with eyes, rinse thoroughly.<\/p>\n<p><strong>Composition:<\/strong><\/p>\n<p>Aqua (eau), Helianthus annus, Glycerin, Cetostearyl alcohol, Hydroxyphenoxy, Propionic acid, Cyclopentasiloxane, Cetyl alcohol, Glyceryl Stearate Bht ect<\/p>","protected":false},"excerpt":{"rendered":"<p>Huiles Peau Jaune has been specially developed to even out skin tone and intensely moisturise the epidermis. Thanks to the many virtues of carrot extract, this lotion is a truly multi-active skin care product. Its delicately scented texture quickly penetrates the skin's surface for optimum action and an immediate sensation of freshness. Its lightening agents act at the heart of the epidermis to effectively reduce and prevent the appearance of pigmentation blemishes.<\/p>","protected":false},"featured_media":7887,"comment_status":"closed","ping_status":"closed","template":"","meta":[],"etheme_brands":[],"product_brand":[],"product_cat":[80,84,94],"product_tag":[],"class_list":{"0":"post-7806","1":"product","2":"type-product","3":"status-publish","4":"has-post-thumbnail","6":"product_cat-blanchissants-et-eclaircissants","7":"product_cat-huiles-eclaircissantes","8":"product_cat-huiles-eclaircissantes-clarifiants-blanchissants","10":"first","11":"instock","12":"shipping-taxable","13":"purchasable","14":"product-type-simple"},"yoast_head":"<!-- This site is optimized with the Yoast SEO plugin v26.7 - https:\/\/yoast.com\/wordpress\/plugins\/seo\/ -->\n<title>Huile \u00e9claircissant Peau Jaune uniformise La peau Anti-t\u00e2ches - Glow Premium<\/title>\n<meta name=\"description\" content=\"\u00c9claircissant Teint Luminosit\u00e9 Clart\u00e9 \u00c9clat Uniforme Peau Radiance Naturel Soin peau noire et metisse \u00e9clat naturel peau unifi\u00e9 anti-t\u00e2ches beaut\u00e9 naturelle\" \/>\n<meta name=\"robots\" content=\"index, follow, max-snippet:-1, max-image-preview:large, max-video-preview:-1\" \/>\n<link rel=\"canonical\" href=\"https:\/\/glowpremium.fr\/en\/lightening-product\/yellow-skin-lightening-oil\/\" \/>\n<meta property=\"og:locale\" content=\"en_GB\" \/>\n<meta property=\"og:type\" content=\"article\" \/>\n<meta property=\"og:title\" content=\"Huile \u00e9claircissant Peau Jaune uniformise La peau Anti-t\u00e2ches - Glow Premium\" \/>\n<meta property=\"og:description\" content=\"\u00c9claircissant Teint Luminosit\u00e9 Clart\u00e9 \u00c9clat Uniforme Peau Radiance Naturel Soin peau noire et metisse \u00e9clat naturel peau unifi\u00e9 anti-t\u00e2ches beaut\u00e9 naturelle\" \/>\n<meta property=\"og:url\" content=\"https:\/\/glowpremium.fr\/en\/lightening-product\/yellow-skin-lightening-oil\/\" \/>\n<meta property=\"og:site_name\" content=\"Glow Premium\" \/>\n<meta property=\"article:modified_time\" content=\"2024-12-03T14:24:01+00:00\" \/>\n<meta property=\"og:image\" content=\"https:\/\/glowpremium.fr\/wp-content\/uploads\/2024\/11\/Capture-decran-2021-07-06-a-04.15.53.png\" \/>\n\t<meta property=\"og:image:width\" content=\"457\" \/>\n\t<meta property=\"og:image:height\" content=\"460\" \/>\n\t<meta property=\"og:image:type\" content=\"image\/png\" \/>\n<meta name=\"twitter:card\" content=\"summary_large_image\" \/>\n<meta name=\"twitter:label1\" content=\"Estimated reading time\" \/>\n\t<meta name=\"twitter:data1\" content=\"1 minute\" \/>\n<script type=\"application\/ld+json\" class=\"yoast-schema-graph\">{\"@context\":\"https:\/\/schema.org\",\"@graph\":[{\"@type\":\"WebPage\",\"@id\":\"https:\/\/glowpremium.fr\/produit-eclaircissant\/huile-eclaircissant-peau-jaune\/\",\"url\":\"https:\/\/glowpremium.fr\/produit-eclaircissant\/huile-eclaircissant-peau-jaune\/\",\"name\":\"Huile \u00e9claircissant Peau Jaune uniformise La peau Anti-t\u00e2ches - Glow Premium\",\"isPartOf\":{\"@id\":\"https:\/\/glowpremium.fr\/#website\"},\"primaryImageOfPage\":{\"@id\":\"https:\/\/glowpremium.fr\/produit-eclaircissant\/huile-eclaircissant-peau-jaune\/#primaryimage\"},\"image\":{\"@id\":\"https:\/\/glowpremium.fr\/produit-eclaircissant\/huile-eclaircissant-peau-jaune\/#primaryimage\"},\"thumbnailUrl\":\"https:\/\/glowpremium.fr\/wp-content\/uploads\/2024\/11\/Capture-decran-2021-07-06-a-04.15.53.png\",\"datePublished\":\"2024-11-20T12:26:32+00:00\",\"dateModified\":\"2024-12-03T14:24:01+00:00\",\"description\":\"\u00c9claircissant Teint Luminosit\u00e9 Clart\u00e9 \u00c9clat Uniforme Peau Radiance Naturel Soin peau noire et metisse \u00e9clat naturel peau unifi\u00e9 anti-t\u00e2ches beaut\u00e9 naturelle\",\"breadcrumb\":{\"@id\":\"https:\/\/glowpremium.fr\/produit-eclaircissant\/huile-eclaircissant-peau-jaune\/#breadcrumb\"},\"inLanguage\":\"en-GB\",\"potentialAction\":[{\"@type\":\"ReadAction\",\"target\":[\"https:\/\/glowpremium.fr\/produit-eclaircissant\/huile-eclaircissant-peau-jaune\/\"]}]},{\"@type\":\"ImageObject\",\"inLanguage\":\"en-GB\",\"@id\":\"https:\/\/glowpremium.fr\/produit-eclaircissant\/huile-eclaircissant-peau-jaune\/#primaryimage\",\"url\":\"https:\/\/glowpremium.fr\/wp-content\/uploads\/2024\/11\/Capture-decran-2021-07-06-a-04.15.53.png\",\"contentUrl\":\"https:\/\/glowpremium.fr\/wp-content\/uploads\/2024\/11\/Capture-decran-2021-07-06-a-04.15.53.png\",\"width\":457,\"height\":460},{\"@type\":\"BreadcrumbList\",\"@id\":\"https:\/\/glowpremium.fr\/produit-eclaircissant\/huile-eclaircissant-peau-jaune\/#breadcrumb\",\"itemListElement\":[{\"@type\":\"ListItem\",\"position\":1,\"name\":\"Accueil\",\"item\":\"https:\/\/glowpremium.fr\/\"},{\"@type\":\"ListItem\",\"position\":2,\"name\":\"Boutique\",\"item\":\"https:\/\/glowpremium.fr\/boutique-produits-eclaircissants\/\"},{\"@type\":\"ListItem\",\"position\":3,\"name\":\"Huile \u00e9claircissant Peau Jaune uniformise La peau Anti-t\u00e2ches\"}]},{\"@type\":\"WebSite\",\"@id\":\"https:\/\/glowpremium.fr\/#website\",\"url\":\"https:\/\/glowpremium.fr\/\",\"name\":\"Glow Premium\",\"description\":\"\",\"publisher\":{\"@id\":\"https:\/\/glowpremium.fr\/#organization\"},\"potentialAction\":[{\"@type\":\"SearchAction\",\"target\":{\"@type\":\"EntryPoint\",\"urlTemplate\":\"https:\/\/glowpremium.fr\/?s={search_term_string}\"},\"query-input\":{\"@type\":\"PropertyValueSpecification\",\"valueRequired\":true,\"valueName\":\"search_term_string\"}}],\"inLanguage\":\"en-GB\"},{\"@type\":\"Organization\",\"@id\":\"https:\/\/glowpremium.fr\/#organization\",\"name\":\"Glow Premium\",\"url\":\"https:\/\/glowpremium.fr\/\",\"logo\":{\"@type\":\"ImageObject\",\"inLanguage\":\"en-GB\",\"@id\":\"https:\/\/glowpremium.fr\/#\/schema\/logo\/image\/\",\"url\":\"https:\/\/glowpremium.fr\/wp-content\/uploads\/2024\/10\/screenshot_20241029_034909_chrome.jpg\",\"contentUrl\":\"https:\/\/glowpremium.fr\/wp-content\/uploads\/2024\/10\/screenshot_20241029_034909_chrome.jpg\",\"width\":866,\"height\":937,\"caption\":\"Glow Premium\"},\"image\":{\"@id\":\"https:\/\/glowpremium.fr\/#\/schema\/logo\/image\/\"}}]}<\/script>\n<!-- \/ Yoast SEO plugin. -->","yoast_head_json":{"title":"Huile \u00e9claircissant Peau Jaune uniformise La peau Anti-t\u00e2ches - Glow Premium","description":"\u00c9claircissant Teint Luminosit\u00e9 Clart\u00e9 \u00c9clat Uniforme Peau Radiance Naturel Soin peau noire et metisse \u00e9clat naturel peau unifi\u00e9 anti-t\u00e2ches beaut\u00e9 naturelle","robots":{"index":"index","follow":"follow","max-snippet":"max-snippet:-1","max-image-preview":"max-image-preview:large","max-video-preview":"max-video-preview:-1"},"canonical":"https:\/\/glowpremium.fr\/en\/lightening-product\/yellow-skin-lightening-oil\/","og_locale":"en_GB","og_type":"article","og_title":"Huile \u00e9claircissant Peau Jaune uniformise La peau Anti-t\u00e2ches - Glow Premium","og_description":"\u00c9claircissant Teint Luminosit\u00e9 Clart\u00e9 \u00c9clat Uniforme Peau Radiance Naturel Soin peau noire et metisse \u00e9clat naturel peau unifi\u00e9 anti-t\u00e2ches beaut\u00e9 naturelle","og_url":"https:\/\/glowpremium.fr\/en\/lightening-product\/yellow-skin-lightening-oil\/","og_site_name":"Glow Premium","article_modified_time":"2024-12-03T14:24:01+00:00","og_image":[{"width":457,"height":460,"url":"https:\/\/glowpremium.fr\/wp-content\/uploads\/2024\/11\/Capture-decran-2021-07-06-a-04.15.53.png","type":"image\/png"}],"twitter_card":"summary_large_image","twitter_misc":{"Estimated reading time":"1 minute"},"schema":{"@context":"https:\/\/schema.org","@graph":[{"@type":"WebPage","@id":"https:\/\/glowpremium.fr\/produit-eclaircissant\/huile-eclaircissant-peau-jaune\/","url":"https:\/\/glowpremium.fr\/produit-eclaircissant\/huile-eclaircissant-peau-jaune\/","name":"Huile \u00e9claircissant Peau Jaune uniformise La peau Anti-t\u00e2ches - Glow Premium","isPartOf":{"@id":"https:\/\/glowpremium.fr\/#website"},"primaryImageOfPage":{"@id":"https:\/\/glowpremium.fr\/produit-eclaircissant\/huile-eclaircissant-peau-jaune\/#primaryimage"},"image":{"@id":"https:\/\/glowpremium.fr\/produit-eclaircissant\/huile-eclaircissant-peau-jaune\/#primaryimage"},"thumbnailUrl":"https:\/\/glowpremium.fr\/wp-content\/uploads\/2024\/11\/Capture-decran-2021-07-06-a-04.15.53.png","datePublished":"2024-11-20T12:26:32+00:00","dateModified":"2024-12-03T14:24:01+00:00","description":"\u00c9claircissant Teint Luminosit\u00e9 Clart\u00e9 \u00c9clat Uniforme Peau Radiance Naturel Soin peau noire et metisse \u00e9clat naturel peau unifi\u00e9 anti-t\u00e2ches beaut\u00e9 naturelle","breadcrumb":{"@id":"https:\/\/glowpremium.fr\/produit-eclaircissant\/huile-eclaircissant-peau-jaune\/#breadcrumb"},"inLanguage":"en-GB","potentialAction":[{"@type":"ReadAction","target":["https:\/\/glowpremium.fr\/produit-eclaircissant\/huile-eclaircissant-peau-jaune\/"]}]},{"@type":"ImageObject","inLanguage":"en-GB","@id":"https:\/\/glowpremium.fr\/produit-eclaircissant\/huile-eclaircissant-peau-jaune\/#primaryimage","url":"https:\/\/glowpremium.fr\/wp-content\/uploads\/2024\/11\/Capture-decran-2021-07-06-a-04.15.53.png","contentUrl":"https:\/\/glowpremium.fr\/wp-content\/uploads\/2024\/11\/Capture-decran-2021-07-06-a-04.15.53.png","width":457,"height":460},{"@type":"BreadcrumbList","@id":"https:\/\/glowpremium.fr\/produit-eclaircissant\/huile-eclaircissant-peau-jaune\/#breadcrumb","itemListElement":[{"@type":"ListItem","position":1,"name":"Accueil","item":"https:\/\/glowpremium.fr\/"},{"@type":"ListItem","position":2,"name":"Boutique","item":"https:\/\/glowpremium.fr\/boutique-produits-eclaircissants\/"},{"@type":"ListItem","position":3,"name":"Huile \u00e9claircissant Peau Jaune uniformise La peau Anti-t\u00e2ches"}]},{"@type":"WebSite","@id":"https:\/\/glowpremium.fr\/#website","url":"https:\/\/glowpremium.fr\/","name":"Glow Premium","description":"","publisher":{"@id":"https:\/\/glowpremium.fr\/#organization"},"potentialAction":[{"@type":"SearchAction","target":{"@type":"EntryPoint","urlTemplate":"https:\/\/glowpremium.fr\/?s={search_term_string}"},"query-input":{"@type":"PropertyValueSpecification","valueRequired":true,"valueName":"search_term_string"}}],"inLanguage":"en-GB"},{"@type":"Organization","@id":"https:\/\/glowpremium.fr\/#organization","name":"Glow Premium","url":"https:\/\/glowpremium.fr\/","logo":{"@type":"ImageObject","inLanguage":"en-GB","@id":"https:\/\/glowpremium.fr\/#\/schema\/logo\/image\/","url":"https:\/\/glowpremium.fr\/wp-content\/uploads\/2024\/10\/screenshot_20241029_034909_chrome.jpg","contentUrl":"https:\/\/glowpremium.fr\/wp-content\/uploads\/2024\/10\/screenshot_20241029_034909_chrome.jpg","width":866,"height":937,"caption":"Glow Premium"},"image":{"@id":"https:\/\/glowpremium.fr\/#\/schema\/logo\/image\/"}}]}},"_links":{"self":[{"href":"https:\/\/glowpremium.fr\/en\/wp-json\/wp\/v2\/product\/7806","targetHints":{"allow":["GET"]}}],"collection":[{"href":"https:\/\/glowpremium.fr\/en\/wp-json\/wp\/v2\/product"}],"about":[{"href":"https:\/\/glowpremium.fr\/en\/wp-json\/wp\/v2\/types\/product"}],"replies":[{"embeddable":true,"href":"https:\/\/glowpremium.fr\/en\/wp-json\/wp\/v2\/comments?post=7806"}],"version-history":[{"count":3,"href":"https:\/\/glowpremium.fr\/en\/wp-json\/wp\/v2\/product\/7806\/revisions"}],"predecessor-version":[{"id":8519,"href":"https:\/\/glowpremium.fr\/en\/wp-json\/wp\/v2\/product\/7806\/revisions\/8519"}],"wp:featuredmedia":[{"embeddable":true,"href":"https:\/\/glowpremium.fr\/en\/wp-json\/wp\/v2\/media\/7887"}],"wp:attachment":[{"href":"https:\/\/glowpremium.fr\/en\/wp-json\/wp\/v2\/media?parent=7806"}],"wp:term":[{"taxonomy":"brand","embeddable":true,"href":"https:\/\/glowpremium.fr\/en\/wp-json\/wp\/v2\/etheme_brands?post=7806"},{"taxonomy":"product_brand","embeddable":true,"href":"https:\/\/glowpremium.fr\/en\/wp-json\/wp\/v2\/product_brand?post=7806"},{"taxonomy":"product_cat","embeddable":true,"href":"https:\/\/glowpremium.fr\/en\/wp-json\/wp\/v2\/product_cat?post=7806"},{"taxonomy":"product_tag","embeddable":true,"href":"https:\/\/glowpremium.fr\/en\/wp-json\/wp\/v2\/product_tag?post=7806"}],"curies":[{"name":"wp","href":"https:\/\/api.w.org\/{rel}","templated":true}]}}