{"id":7773,"date":"2024-11-20T13:26:10","date_gmt":"2024-11-20T12:26:10","guid":{"rendered":"https:\/\/glowpremium.fr\/?post_type=product&#038;p=7773"},"modified":"2024-11-20T13:27:00","modified_gmt":"2024-11-20T12:27:00","slug":"concentre-gluta-prime-collagene-blanchissant","status":"publish","type":"product","link":"https:\/\/glowpremium.fr\/en\/lightening-product\/gluta-prime-collagen-whitening-concentrate\/","title":{"rendered":"Gluta prime collagen whitening concentrate"},"content":{"rendered":"<p><strong>How to use :<\/strong><\/p>\n<p>Introduce gluta prime into the milk.<\/p>\n<p><strong>Recommendation:<\/strong><\/p>\n<p>Do not expose to the sun for long periods. Use only on the body. Keep out of reach of children.<\/p>\n<p><strong>Composition:<\/strong><\/p>\n<p>Glutathione, collagen, alpha arburtin, milk protein ( SPF 50 PA++)<\/p>","protected":false},"excerpt":{"rendered":"<h5>gluta-prime vitamin concentrate rich in arbutin collagen, milk protein PSF50 plus<\/h5>\n<p>125ML<\/p>","protected":false},"featured_media":7865,"comment_status":"open","ping_status":"closed","template":"","meta":[],"etheme_brands":[],"product_brand":[],"product_cat":[92,93],"product_tag":[],"class_list":{"0":"post-7773","1":"product","2":"type-product","3":"status-publish","4":"has-post-thumbnail","6":"product_cat-clarifiants-blanchissants","7":"product_cat-concentres-eclaircissants-clarifiants-blanchissants","9":"first","10":"instock","11":"shipping-taxable","12":"product-type-simple"},"yoast_head":"<!-- This site is optimized with the Yoast SEO plugin v26.7 - https:\/\/yoast.com\/wordpress\/plugins\/seo\/ -->\n<title>Concentr\u00e9 gluta prime collag\u00e9ne blanchissant - Glow Premium<\/title>\n<meta name=\"description\" content=\"le concentr\u00e9 gluta-prime glutathione collag\u00e9ne alpha arbutin au proteine de lait blanchit hydrate et embellissant prot\u00e8ge du soleil\" \/>\n<meta name=\"robots\" content=\"index, follow, max-snippet:-1, max-image-preview:large, max-video-preview:-1\" \/>\n<link rel=\"canonical\" href=\"https:\/\/glowpremium.fr\/en\/lightening-product\/gluta-prime-collagen-whitening-concentrate\/\" \/>\n<meta property=\"og:locale\" content=\"en_GB\" \/>\n<meta property=\"og:type\" content=\"article\" \/>\n<meta property=\"og:title\" content=\"Concentr\u00e9 gluta prime collag\u00e9ne blanchissant - Glow Premium\" \/>\n<meta property=\"og:description\" content=\"le concentr\u00e9 gluta-prime glutathione collag\u00e9ne alpha arbutin au proteine de lait blanchit hydrate et embellissant prot\u00e8ge du soleil\" \/>\n<meta property=\"og:url\" content=\"https:\/\/glowpremium.fr\/en\/lightening-product\/gluta-prime-collagen-whitening-concentrate\/\" \/>\n<meta property=\"og:site_name\" content=\"Glow Premium\" \/>\n<meta property=\"article:modified_time\" content=\"2024-11-20T12:27:00+00:00\" \/>\n<meta property=\"og:image\" content=\"https:\/\/glowpremium.fr\/wp-content\/uploads\/2024\/11\/PhotoRoom-20230312_195403.png\" \/>\n\t<meta property=\"og:image:width\" content=\"2000\" \/>\n\t<meta property=\"og:image:height\" content=\"1819\" \/>\n\t<meta property=\"og:image:type\" content=\"image\/png\" \/>\n<meta name=\"twitter:card\" content=\"summary_large_image\" \/>\n<meta name=\"twitter:label1\" content=\"Estimated reading time\" \/>\n\t<meta name=\"twitter:data1\" content=\"1 minute\" \/>\n<script type=\"application\/ld+json\" class=\"yoast-schema-graph\">{\"@context\":\"https:\/\/schema.org\",\"@graph\":[{\"@type\":\"WebPage\",\"@id\":\"https:\/\/glowpremium.fr\/produit-eclaircissant\/concentre-gluta-prime-collagene-blanchissant\/\",\"url\":\"https:\/\/glowpremium.fr\/produit-eclaircissant\/concentre-gluta-prime-collagene-blanchissant\/\",\"name\":\"Concentr\u00e9 gluta prime collag\u00e9ne blanchissant - Glow Premium\",\"isPartOf\":{\"@id\":\"https:\/\/glowpremium.fr\/#website\"},\"primaryImageOfPage\":{\"@id\":\"https:\/\/glowpremium.fr\/produit-eclaircissant\/concentre-gluta-prime-collagene-blanchissant\/#primaryimage\"},\"image\":{\"@id\":\"https:\/\/glowpremium.fr\/produit-eclaircissant\/concentre-gluta-prime-collagene-blanchissant\/#primaryimage\"},\"thumbnailUrl\":\"https:\/\/glowpremium.fr\/wp-content\/uploads\/2024\/11\/PhotoRoom-20230312_195403.png\",\"datePublished\":\"2024-11-20T12:26:10+00:00\",\"dateModified\":\"2024-11-20T12:27:00+00:00\",\"description\":\"le concentr\u00e9 gluta-prime glutathione collag\u00e9ne alpha arbutin au proteine de lait blanchit hydrate et embellissant prot\u00e8ge du soleil\",\"breadcrumb\":{\"@id\":\"https:\/\/glowpremium.fr\/produit-eclaircissant\/concentre-gluta-prime-collagene-blanchissant\/#breadcrumb\"},\"inLanguage\":\"en-GB\",\"potentialAction\":[{\"@type\":\"ReadAction\",\"target\":[\"https:\/\/glowpremium.fr\/produit-eclaircissant\/concentre-gluta-prime-collagene-blanchissant\/\"]}]},{\"@type\":\"ImageObject\",\"inLanguage\":\"en-GB\",\"@id\":\"https:\/\/glowpremium.fr\/produit-eclaircissant\/concentre-gluta-prime-collagene-blanchissant\/#primaryimage\",\"url\":\"https:\/\/glowpremium.fr\/wp-content\/uploads\/2024\/11\/PhotoRoom-20230312_195403.png\",\"contentUrl\":\"https:\/\/glowpremium.fr\/wp-content\/uploads\/2024\/11\/PhotoRoom-20230312_195403.png\",\"width\":2000,\"height\":1819},{\"@type\":\"BreadcrumbList\",\"@id\":\"https:\/\/glowpremium.fr\/produit-eclaircissant\/concentre-gluta-prime-collagene-blanchissant\/#breadcrumb\",\"itemListElement\":[{\"@type\":\"ListItem\",\"position\":1,\"name\":\"Accueil\",\"item\":\"https:\/\/glowpremium.fr\/\"},{\"@type\":\"ListItem\",\"position\":2,\"name\":\"Boutique\",\"item\":\"https:\/\/glowpremium.fr\/boutique-produits-eclaircissants\/\"},{\"@type\":\"ListItem\",\"position\":3,\"name\":\"Concentr\u00e9 gluta prime collag\u00e9ne blanchissant\"}]},{\"@type\":\"WebSite\",\"@id\":\"https:\/\/glowpremium.fr\/#website\",\"url\":\"https:\/\/glowpremium.fr\/\",\"name\":\"Glow Premium\",\"description\":\"\",\"publisher\":{\"@id\":\"https:\/\/glowpremium.fr\/#organization\"},\"potentialAction\":[{\"@type\":\"SearchAction\",\"target\":{\"@type\":\"EntryPoint\",\"urlTemplate\":\"https:\/\/glowpremium.fr\/?s={search_term_string}\"},\"query-input\":{\"@type\":\"PropertyValueSpecification\",\"valueRequired\":true,\"valueName\":\"search_term_string\"}}],\"inLanguage\":\"en-GB\"},{\"@type\":\"Organization\",\"@id\":\"https:\/\/glowpremium.fr\/#organization\",\"name\":\"Glow Premium\",\"url\":\"https:\/\/glowpremium.fr\/\",\"logo\":{\"@type\":\"ImageObject\",\"inLanguage\":\"en-GB\",\"@id\":\"https:\/\/glowpremium.fr\/#\/schema\/logo\/image\/\",\"url\":\"https:\/\/glowpremium.fr\/wp-content\/uploads\/2024\/10\/screenshot_20241029_034909_chrome.jpg\",\"contentUrl\":\"https:\/\/glowpremium.fr\/wp-content\/uploads\/2024\/10\/screenshot_20241029_034909_chrome.jpg\",\"width\":866,\"height\":937,\"caption\":\"Glow Premium\"},\"image\":{\"@id\":\"https:\/\/glowpremium.fr\/#\/schema\/logo\/image\/\"}}]}<\/script>\n<!-- \/ Yoast SEO plugin. -->","yoast_head_json":{"title":"Concentr\u00e9 gluta prime collag\u00e9ne blanchissant - Glow Premium","description":"le concentr\u00e9 gluta-prime glutathione collag\u00e9ne alpha arbutin au proteine de lait blanchit hydrate et embellissant prot\u00e8ge du soleil","robots":{"index":"index","follow":"follow","max-snippet":"max-snippet:-1","max-image-preview":"max-image-preview:large","max-video-preview":"max-video-preview:-1"},"canonical":"https:\/\/glowpremium.fr\/en\/lightening-product\/gluta-prime-collagen-whitening-concentrate\/","og_locale":"en_GB","og_type":"article","og_title":"Concentr\u00e9 gluta prime collag\u00e9ne blanchissant - Glow Premium","og_description":"le concentr\u00e9 gluta-prime glutathione collag\u00e9ne alpha arbutin au proteine de lait blanchit hydrate et embellissant prot\u00e8ge du soleil","og_url":"https:\/\/glowpremium.fr\/en\/lightening-product\/gluta-prime-collagen-whitening-concentrate\/","og_site_name":"Glow Premium","article_modified_time":"2024-11-20T12:27:00+00:00","og_image":[{"width":2000,"height":1819,"url":"https:\/\/glowpremium.fr\/wp-content\/uploads\/2024\/11\/PhotoRoom-20230312_195403.png","type":"image\/png"}],"twitter_card":"summary_large_image","twitter_misc":{"Estimated reading time":"1 minute"},"schema":{"@context":"https:\/\/schema.org","@graph":[{"@type":"WebPage","@id":"https:\/\/glowpremium.fr\/produit-eclaircissant\/concentre-gluta-prime-collagene-blanchissant\/","url":"https:\/\/glowpremium.fr\/produit-eclaircissant\/concentre-gluta-prime-collagene-blanchissant\/","name":"Concentr\u00e9 gluta prime collag\u00e9ne blanchissant - Glow Premium","isPartOf":{"@id":"https:\/\/glowpremium.fr\/#website"},"primaryImageOfPage":{"@id":"https:\/\/glowpremium.fr\/produit-eclaircissant\/concentre-gluta-prime-collagene-blanchissant\/#primaryimage"},"image":{"@id":"https:\/\/glowpremium.fr\/produit-eclaircissant\/concentre-gluta-prime-collagene-blanchissant\/#primaryimage"},"thumbnailUrl":"https:\/\/glowpremium.fr\/wp-content\/uploads\/2024\/11\/PhotoRoom-20230312_195403.png","datePublished":"2024-11-20T12:26:10+00:00","dateModified":"2024-11-20T12:27:00+00:00","description":"le concentr\u00e9 gluta-prime glutathione collag\u00e9ne alpha arbutin au proteine de lait blanchit hydrate et embellissant prot\u00e8ge du soleil","breadcrumb":{"@id":"https:\/\/glowpremium.fr\/produit-eclaircissant\/concentre-gluta-prime-collagene-blanchissant\/#breadcrumb"},"inLanguage":"en-GB","potentialAction":[{"@type":"ReadAction","target":["https:\/\/glowpremium.fr\/produit-eclaircissant\/concentre-gluta-prime-collagene-blanchissant\/"]}]},{"@type":"ImageObject","inLanguage":"en-GB","@id":"https:\/\/glowpremium.fr\/produit-eclaircissant\/concentre-gluta-prime-collagene-blanchissant\/#primaryimage","url":"https:\/\/glowpremium.fr\/wp-content\/uploads\/2024\/11\/PhotoRoom-20230312_195403.png","contentUrl":"https:\/\/glowpremium.fr\/wp-content\/uploads\/2024\/11\/PhotoRoom-20230312_195403.png","width":2000,"height":1819},{"@type":"BreadcrumbList","@id":"https:\/\/glowpremium.fr\/produit-eclaircissant\/concentre-gluta-prime-collagene-blanchissant\/#breadcrumb","itemListElement":[{"@type":"ListItem","position":1,"name":"Accueil","item":"https:\/\/glowpremium.fr\/"},{"@type":"ListItem","position":2,"name":"Boutique","item":"https:\/\/glowpremium.fr\/boutique-produits-eclaircissants\/"},{"@type":"ListItem","position":3,"name":"Concentr\u00e9 gluta prime collag\u00e9ne blanchissant"}]},{"@type":"WebSite","@id":"https:\/\/glowpremium.fr\/#website","url":"https:\/\/glowpremium.fr\/","name":"Glow Premium","description":"","publisher":{"@id":"https:\/\/glowpremium.fr\/#organization"},"potentialAction":[{"@type":"SearchAction","target":{"@type":"EntryPoint","urlTemplate":"https:\/\/glowpremium.fr\/?s={search_term_string}"},"query-input":{"@type":"PropertyValueSpecification","valueRequired":true,"valueName":"search_term_string"}}],"inLanguage":"en-GB"},{"@type":"Organization","@id":"https:\/\/glowpremium.fr\/#organization","name":"Glow Premium","url":"https:\/\/glowpremium.fr\/","logo":{"@type":"ImageObject","inLanguage":"en-GB","@id":"https:\/\/glowpremium.fr\/#\/schema\/logo\/image\/","url":"https:\/\/glowpremium.fr\/wp-content\/uploads\/2024\/10\/screenshot_20241029_034909_chrome.jpg","contentUrl":"https:\/\/glowpremium.fr\/wp-content\/uploads\/2024\/10\/screenshot_20241029_034909_chrome.jpg","width":866,"height":937,"caption":"Glow Premium"},"image":{"@id":"https:\/\/glowpremium.fr\/#\/schema\/logo\/image\/"}}]}},"_links":{"self":[{"href":"https:\/\/glowpremium.fr\/en\/wp-json\/wp\/v2\/product\/7773","targetHints":{"allow":["GET"]}}],"collection":[{"href":"https:\/\/glowpremium.fr\/en\/wp-json\/wp\/v2\/product"}],"about":[{"href":"https:\/\/glowpremium.fr\/en\/wp-json\/wp\/v2\/types\/product"}],"replies":[{"embeddable":true,"href":"https:\/\/glowpremium.fr\/en\/wp-json\/wp\/v2\/comments?post=7773"}],"version-history":[{"count":1,"href":"https:\/\/glowpremium.fr\/en\/wp-json\/wp\/v2\/product\/7773\/revisions"}],"predecessor-version":[{"id":7866,"href":"https:\/\/glowpremium.fr\/en\/wp-json\/wp\/v2\/product\/7773\/revisions\/7866"}],"wp:featuredmedia":[{"embeddable":true,"href":"https:\/\/glowpremium.fr\/en\/wp-json\/wp\/v2\/media\/7865"}],"wp:attachment":[{"href":"https:\/\/glowpremium.fr\/en\/wp-json\/wp\/v2\/media?parent=7773"}],"wp:term":[{"taxonomy":"brand","embeddable":true,"href":"https:\/\/glowpremium.fr\/en\/wp-json\/wp\/v2\/etheme_brands?post=7773"},{"taxonomy":"product_brand","embeddable":true,"href":"https:\/\/glowpremium.fr\/en\/wp-json\/wp\/v2\/product_brand?post=7773"},{"taxonomy":"product_cat","embeddable":true,"href":"https:\/\/glowpremium.fr\/en\/wp-json\/wp\/v2\/product_cat?post=7773"},{"taxonomy":"product_tag","embeddable":true,"href":"https:\/\/glowpremium.fr\/en\/wp-json\/wp\/v2\/product_tag?post=7773"}],"curies":[{"name":"wp","href":"https:\/\/api.w.org\/{rel}","templated":true}]}}