{"id":7771,"date":"2024-11-20T13:26:10","date_gmt":"2024-11-20T12:26:10","guid":{"rendered":"https:\/\/glowpremium.fr\/?post_type=product&#038;p=7771"},"modified":"2024-11-20T13:26:53","modified_gmt":"2024-11-20T12:26:53","slug":"concentre-et-pot-creme-eclaircissant-white-secret","status":"publish","type":"product","link":"https:\/\/glowpremium.fr\/en\/lightening-product\/concentrate-and-jar-of-white-secret-lightening-cream\/","title":{"rendered":"White Secret lightening concentrate and cream jar"},"content":{"rendered":"<p><strong>How to use :<\/strong><\/p>\n<p>Use on the most difficult areas: hands, feet, elbows, knees, etc. This two-part combination will quickly fade brown spots all over your joints for an even complexion.<\/p>\n<p><strong>Recommendation:<\/strong><\/p>\n<p>Suitable for all skin types. Avoid contact with eyes, lesions or irritated skin. Keep out of reach of children. Do not expose to sunlight.<\/p>\n<p><strong>Composition:<\/strong><\/p>\n<p>Propylene glycol, glycerin, sodium metabisulfite, vitamin E, AHA, fragrance.<\/p>","protected":false},"excerpt":{"rendered":"<p>White Secret contains ingredients with proven brightening action, for a luminous, even complexion, free from blackheads and spots; and vitamin E to treat unsightly skin discolouration and dark spots.\u00a0<\/p>","protected":false},"featured_media":7843,"comment_status":"open","ping_status":"closed","template":"","meta":[],"etheme_brands":[],"product_brand":[],"product_cat":[92,93],"product_tag":[],"class_list":{"0":"post-7771","1":"product","2":"type-product","3":"status-publish","4":"has-post-thumbnail","6":"product_cat-clarifiants-blanchissants","7":"product_cat-concentres-eclaircissants-clarifiants-blanchissants","9":"first","10":"instock","11":"shipping-taxable","12":"product-type-simple"},"yoast_head":"<!-- This site is optimized with the Yoast SEO plugin v26.7 - https:\/\/yoast.com\/wordpress\/plugins\/seo\/ -->\n<title>Concentr\u00e9 et pot cr\u00e8me \u00e9claircissant White Secret - Glow Premium<\/title>\n<meta name=\"robots\" content=\"index, follow, max-snippet:-1, max-image-preview:large, max-video-preview:-1\" \/>\n<link rel=\"canonical\" href=\"https:\/\/glowpremium.fr\/en\/lightening-product\/concentrate-and-jar-of-white-secret-lightening-cream\/\" \/>\n<meta property=\"og:locale\" content=\"en_GB\" \/>\n<meta property=\"og:type\" content=\"article\" \/>\n<meta property=\"og:title\" content=\"Concentr\u00e9 et pot cr\u00e8me \u00e9claircissant White Secret - Glow Premium\" \/>\n<meta property=\"og:description\" content=\"White Secret contient des ingr\u00e9dients \u00e0 l&#039;action \u00e9claircissant prouv\u00e9e, pour un teint lumineux, uniforme, sans points noirs ni boutons; et de la vitamine E qui traite les colorations disgracieuses de la peau et les t\u00e2ches sombres.\u00a0\" \/>\n<meta property=\"og:url\" content=\"https:\/\/glowpremium.fr\/en\/lightening-product\/concentrate-and-jar-of-white-secret-lightening-cream\/\" \/>\n<meta property=\"og:site_name\" content=\"Glow Premium\" \/>\n<meta property=\"article:modified_time\" content=\"2024-11-20T12:26:53+00:00\" \/>\n<meta property=\"og:image\" content=\"https:\/\/glowpremium.fr\/wp-content\/uploads\/2024\/11\/concentre-et-pot-white-secret-e1622034987550.png\" \/>\n\t<meta property=\"og:image:width\" content=\"1041\" \/>\n\t<meta property=\"og:image:height\" content=\"1122\" \/>\n\t<meta property=\"og:image:type\" content=\"image\/png\" \/>\n<meta name=\"twitter:card\" content=\"summary_large_image\" \/>\n<script type=\"application\/ld+json\" class=\"yoast-schema-graph\">{\"@context\":\"https:\/\/schema.org\",\"@graph\":[{\"@type\":\"WebPage\",\"@id\":\"https:\/\/glowpremium.fr\/produit-eclaircissant\/concentre-et-pot-creme-eclaircissant-white-secret\/\",\"url\":\"https:\/\/glowpremium.fr\/produit-eclaircissant\/concentre-et-pot-creme-eclaircissant-white-secret\/\",\"name\":\"Concentr\u00e9 et pot cr\u00e8me \u00e9claircissant White Secret - Glow Premium\",\"isPartOf\":{\"@id\":\"https:\/\/glowpremium.fr\/#website\"},\"primaryImageOfPage\":{\"@id\":\"https:\/\/glowpremium.fr\/produit-eclaircissant\/concentre-et-pot-creme-eclaircissant-white-secret\/#primaryimage\"},\"image\":{\"@id\":\"https:\/\/glowpremium.fr\/produit-eclaircissant\/concentre-et-pot-creme-eclaircissant-white-secret\/#primaryimage\"},\"thumbnailUrl\":\"https:\/\/glowpremium.fr\/wp-content\/uploads\/2024\/11\/concentre-et-pot-white-secret-e1622034987550.png\",\"datePublished\":\"2024-11-20T12:26:10+00:00\",\"dateModified\":\"2024-11-20T12:26:53+00:00\",\"breadcrumb\":{\"@id\":\"https:\/\/glowpremium.fr\/produit-eclaircissant\/concentre-et-pot-creme-eclaircissant-white-secret\/#breadcrumb\"},\"inLanguage\":\"en-GB\",\"potentialAction\":[{\"@type\":\"ReadAction\",\"target\":[\"https:\/\/glowpremium.fr\/produit-eclaircissant\/concentre-et-pot-creme-eclaircissant-white-secret\/\"]}]},{\"@type\":\"ImageObject\",\"inLanguage\":\"en-GB\",\"@id\":\"https:\/\/glowpremium.fr\/produit-eclaircissant\/concentre-et-pot-creme-eclaircissant-white-secret\/#primaryimage\",\"url\":\"https:\/\/glowpremium.fr\/wp-content\/uploads\/2024\/11\/concentre-et-pot-white-secret-e1622034987550.png\",\"contentUrl\":\"https:\/\/glowpremium.fr\/wp-content\/uploads\/2024\/11\/concentre-et-pot-white-secret-e1622034987550.png\",\"width\":1041,\"height\":1122},{\"@type\":\"BreadcrumbList\",\"@id\":\"https:\/\/glowpremium.fr\/produit-eclaircissant\/concentre-et-pot-creme-eclaircissant-white-secret\/#breadcrumb\",\"itemListElement\":[{\"@type\":\"ListItem\",\"position\":1,\"name\":\"Accueil\",\"item\":\"https:\/\/glowpremium.fr\/\"},{\"@type\":\"ListItem\",\"position\":2,\"name\":\"Boutique\",\"item\":\"https:\/\/glowpremium.fr\/boutique-produits-eclaircissants\/\"},{\"@type\":\"ListItem\",\"position\":3,\"name\":\"Concentr\u00e9 et pot cr\u00e8me \u00e9claircissant White Secret\"}]},{\"@type\":\"WebSite\",\"@id\":\"https:\/\/glowpremium.fr\/#website\",\"url\":\"https:\/\/glowpremium.fr\/\",\"name\":\"Glow Premium\",\"description\":\"\",\"publisher\":{\"@id\":\"https:\/\/glowpremium.fr\/#organization\"},\"potentialAction\":[{\"@type\":\"SearchAction\",\"target\":{\"@type\":\"EntryPoint\",\"urlTemplate\":\"https:\/\/glowpremium.fr\/?s={search_term_string}\"},\"query-input\":{\"@type\":\"PropertyValueSpecification\",\"valueRequired\":true,\"valueName\":\"search_term_string\"}}],\"inLanguage\":\"en-GB\"},{\"@type\":\"Organization\",\"@id\":\"https:\/\/glowpremium.fr\/#organization\",\"name\":\"Glow Premium\",\"url\":\"https:\/\/glowpremium.fr\/\",\"logo\":{\"@type\":\"ImageObject\",\"inLanguage\":\"en-GB\",\"@id\":\"https:\/\/glowpremium.fr\/#\/schema\/logo\/image\/\",\"url\":\"https:\/\/glowpremium.fr\/wp-content\/uploads\/2024\/10\/screenshot_20241029_034909_chrome.jpg\",\"contentUrl\":\"https:\/\/glowpremium.fr\/wp-content\/uploads\/2024\/10\/screenshot_20241029_034909_chrome.jpg\",\"width\":866,\"height\":937,\"caption\":\"Glow Premium\"},\"image\":{\"@id\":\"https:\/\/glowpremium.fr\/#\/schema\/logo\/image\/\"}}]}<\/script>\n<!-- \/ Yoast SEO plugin. -->","yoast_head_json":{"title":"Concentr\u00e9 et pot cr\u00e8me \u00e9claircissant White Secret - Glow Premium","robots":{"index":"index","follow":"follow","max-snippet":"max-snippet:-1","max-image-preview":"max-image-preview:large","max-video-preview":"max-video-preview:-1"},"canonical":"https:\/\/glowpremium.fr\/en\/lightening-product\/concentrate-and-jar-of-white-secret-lightening-cream\/","og_locale":"en_GB","og_type":"article","og_title":"Concentr\u00e9 et pot cr\u00e8me \u00e9claircissant White Secret - Glow Premium","og_description":"White Secret contient des ingr\u00e9dients \u00e0 l'action \u00e9claircissant prouv\u00e9e, pour un teint lumineux, uniforme, sans points noirs ni boutons; et de la vitamine E qui traite les colorations disgracieuses de la peau et les t\u00e2ches sombres.\u00a0","og_url":"https:\/\/glowpremium.fr\/en\/lightening-product\/concentrate-and-jar-of-white-secret-lightening-cream\/","og_site_name":"Glow Premium","article_modified_time":"2024-11-20T12:26:53+00:00","og_image":[{"width":1041,"height":1122,"url":"https:\/\/glowpremium.fr\/wp-content\/uploads\/2024\/11\/concentre-et-pot-white-secret-e1622034987550.png","type":"image\/png"}],"twitter_card":"summary_large_image","schema":{"@context":"https:\/\/schema.org","@graph":[{"@type":"WebPage","@id":"https:\/\/glowpremium.fr\/produit-eclaircissant\/concentre-et-pot-creme-eclaircissant-white-secret\/","url":"https:\/\/glowpremium.fr\/produit-eclaircissant\/concentre-et-pot-creme-eclaircissant-white-secret\/","name":"Concentr\u00e9 et pot cr\u00e8me \u00e9claircissant White Secret - Glow Premium","isPartOf":{"@id":"https:\/\/glowpremium.fr\/#website"},"primaryImageOfPage":{"@id":"https:\/\/glowpremium.fr\/produit-eclaircissant\/concentre-et-pot-creme-eclaircissant-white-secret\/#primaryimage"},"image":{"@id":"https:\/\/glowpremium.fr\/produit-eclaircissant\/concentre-et-pot-creme-eclaircissant-white-secret\/#primaryimage"},"thumbnailUrl":"https:\/\/glowpremium.fr\/wp-content\/uploads\/2024\/11\/concentre-et-pot-white-secret-e1622034987550.png","datePublished":"2024-11-20T12:26:10+00:00","dateModified":"2024-11-20T12:26:53+00:00","breadcrumb":{"@id":"https:\/\/glowpremium.fr\/produit-eclaircissant\/concentre-et-pot-creme-eclaircissant-white-secret\/#breadcrumb"},"inLanguage":"en-GB","potentialAction":[{"@type":"ReadAction","target":["https:\/\/glowpremium.fr\/produit-eclaircissant\/concentre-et-pot-creme-eclaircissant-white-secret\/"]}]},{"@type":"ImageObject","inLanguage":"en-GB","@id":"https:\/\/glowpremium.fr\/produit-eclaircissant\/concentre-et-pot-creme-eclaircissant-white-secret\/#primaryimage","url":"https:\/\/glowpremium.fr\/wp-content\/uploads\/2024\/11\/concentre-et-pot-white-secret-e1622034987550.png","contentUrl":"https:\/\/glowpremium.fr\/wp-content\/uploads\/2024\/11\/concentre-et-pot-white-secret-e1622034987550.png","width":1041,"height":1122},{"@type":"BreadcrumbList","@id":"https:\/\/glowpremium.fr\/produit-eclaircissant\/concentre-et-pot-creme-eclaircissant-white-secret\/#breadcrumb","itemListElement":[{"@type":"ListItem","position":1,"name":"Accueil","item":"https:\/\/glowpremium.fr\/"},{"@type":"ListItem","position":2,"name":"Boutique","item":"https:\/\/glowpremium.fr\/boutique-produits-eclaircissants\/"},{"@type":"ListItem","position":3,"name":"Concentr\u00e9 et pot cr\u00e8me \u00e9claircissant White Secret"}]},{"@type":"WebSite","@id":"https:\/\/glowpremium.fr\/#website","url":"https:\/\/glowpremium.fr\/","name":"Glow Premium","description":"","publisher":{"@id":"https:\/\/glowpremium.fr\/#organization"},"potentialAction":[{"@type":"SearchAction","target":{"@type":"EntryPoint","urlTemplate":"https:\/\/glowpremium.fr\/?s={search_term_string}"},"query-input":{"@type":"PropertyValueSpecification","valueRequired":true,"valueName":"search_term_string"}}],"inLanguage":"en-GB"},{"@type":"Organization","@id":"https:\/\/glowpremium.fr\/#organization","name":"Glow Premium","url":"https:\/\/glowpremium.fr\/","logo":{"@type":"ImageObject","inLanguage":"en-GB","@id":"https:\/\/glowpremium.fr\/#\/schema\/logo\/image\/","url":"https:\/\/glowpremium.fr\/wp-content\/uploads\/2024\/10\/screenshot_20241029_034909_chrome.jpg","contentUrl":"https:\/\/glowpremium.fr\/wp-content\/uploads\/2024\/10\/screenshot_20241029_034909_chrome.jpg","width":866,"height":937,"caption":"Glow Premium"},"image":{"@id":"https:\/\/glowpremium.fr\/#\/schema\/logo\/image\/"}}]}},"_links":{"self":[{"href":"https:\/\/glowpremium.fr\/en\/wp-json\/wp\/v2\/product\/7771","targetHints":{"allow":["GET"]}}],"collection":[{"href":"https:\/\/glowpremium.fr\/en\/wp-json\/wp\/v2\/product"}],"about":[{"href":"https:\/\/glowpremium.fr\/en\/wp-json\/wp\/v2\/types\/product"}],"replies":[{"embeddable":true,"href":"https:\/\/glowpremium.fr\/en\/wp-json\/wp\/v2\/comments?post=7771"}],"version-history":[{"count":1,"href":"https:\/\/glowpremium.fr\/en\/wp-json\/wp\/v2\/product\/7771\/revisions"}],"predecessor-version":[{"id":7844,"href":"https:\/\/glowpremium.fr\/en\/wp-json\/wp\/v2\/product\/7771\/revisions\/7844"}],"wp:featuredmedia":[{"embeddable":true,"href":"https:\/\/glowpremium.fr\/en\/wp-json\/wp\/v2\/media\/7843"}],"wp:attachment":[{"href":"https:\/\/glowpremium.fr\/en\/wp-json\/wp\/v2\/media?parent=7771"}],"wp:term":[{"taxonomy":"brand","embeddable":true,"href":"https:\/\/glowpremium.fr\/en\/wp-json\/wp\/v2\/etheme_brands?post=7771"},{"taxonomy":"product_brand","embeddable":true,"href":"https:\/\/glowpremium.fr\/en\/wp-json\/wp\/v2\/product_brand?post=7771"},{"taxonomy":"product_cat","embeddable":true,"href":"https:\/\/glowpremium.fr\/en\/wp-json\/wp\/v2\/product_cat?post=7771"},{"taxonomy":"product_tag","embeddable":true,"href":"https:\/\/glowpremium.fr\/en\/wp-json\/wp\/v2\/product_tag?post=7771"}],"curies":[{"name":"wp","href":"https:\/\/api.w.org\/{rel}","templated":true}]}}