{"id":7766,"date":"2024-11-20T13:26:09","date_gmt":"2024-11-20T12:26:09","guid":{"rendered":"https:\/\/glowpremium.fr\/?post_type=product&#038;p=7766"},"modified":"2024-12-05T09:47:49","modified_gmt":"2024-12-05T08:47:49","slug":"concentre-eclaircissant-peau-jaune","status":"publish","type":"product","link":"https:\/\/glowpremium.fr\/en\/lightening-product\/yellow-skin-lightening-concentrate\/","title":{"rendered":"Anti-Spot Lightening Concentrate Uniform Yellow Skin"},"content":{"rendered":"<p><strong>How to use :<\/strong><\/p>\n<p>Morning and\/or evening, apply to cleansed skin using Peau Jaune Purifying Cleansing Lotion. Massage gently until absorbed.<\/p>\n<p><strong>Recommendation:<\/strong><\/p>\n<p>For external use only. Discontinue use if irritation develops. Avoid contact with eyes. In case of contact with eyes, rinse thoroughly.<\/p>\n<p><strong>Composition:<\/strong><\/p>\n<p>Aqua (eau), Helianthus annus, Glycerin, Cetostearyl alcohol, Hydroxyphenoxy, Propionic acid, Cyclopentasiloxane, Cetyl alcohol, Glyceryl Stearate Bht ect<\/p>","protected":false},"excerpt":{"rendered":"<p>Yellow Skin Double Concentrate has been specially developed to even out skin tone and intensely moisturise the epidermis. Thanks to the many virtues of carrot extract, this lotion is a truly multi-active skin care product. Its delicately scented texture quickly penetrates the skin's surface for optimum action and an immediate sensation of freshness. Its lightening agents act at the heart of the epidermis to effectively reduce and prevent the appearance of pigmentation blemishes.<\/p>","protected":false},"featured_media":7832,"comment_status":"closed","ping_status":"closed","template":"","meta":[],"etheme_brands":[],"product_brand":[],"product_cat":[80,93],"product_tag":[],"class_list":{"0":"post-7766","1":"product","2":"type-product","3":"status-publish","4":"has-post-thumbnail","6":"product_cat-blanchissants-et-eclaircissants","7":"product_cat-concentres-eclaircissants-clarifiants-blanchissants","9":"first","10":"instock","11":"shipping-taxable","12":"purchasable","13":"product-type-simple"},"yoast_head":"<!-- This site is optimized with the Yoast SEO plugin v26.7 - https:\/\/yoast.com\/wordpress\/plugins\/seo\/ -->\n<title>Concentr\u00e9 \u00e9claircissant Anti-t\u00e2ches Peau Jaune uniforme - Glow Premium<\/title>\n<meta name=\"description\" content=\"M\u00e9lanineSoin m\u00e9lanique Cosm\u00e9tique inclusif \u00c9clat naturel hydratante peau noireSoin anti-taches peau fonc\u00e9e Teint uniforme pour peaux fonc\u00e9es m\u00e9tisses\" \/>\n<meta name=\"robots\" content=\"index, follow, max-snippet:-1, max-image-preview:large, max-video-preview:-1\" \/>\n<link rel=\"canonical\" href=\"https:\/\/glowpremium.fr\/en\/lightening-product\/yellow-skin-lightening-concentrate\/\" \/>\n<meta property=\"og:locale\" content=\"en_GB\" \/>\n<meta property=\"og:type\" content=\"article\" \/>\n<meta property=\"og:title\" content=\"Concentr\u00e9 \u00e9claircissant Anti-t\u00e2ches Peau Jaune uniforme - Glow Premium\" \/>\n<meta property=\"og:description\" content=\"M\u00e9lanineSoin m\u00e9lanique Cosm\u00e9tique inclusif \u00c9clat naturel hydratante peau noireSoin anti-taches peau fonc\u00e9e Teint uniforme pour peaux fonc\u00e9es m\u00e9tisses\" \/>\n<meta property=\"og:url\" content=\"https:\/\/glowpremium.fr\/en\/lightening-product\/yellow-skin-lightening-concentrate\/\" \/>\n<meta property=\"og:site_name\" content=\"Glow Premium\" \/>\n<meta property=\"article:modified_time\" content=\"2024-12-05T08:47:49+00:00\" \/>\n<meta property=\"og:image\" content=\"https:\/\/glowpremium.fr\/wp-content\/uploads\/2024\/11\/Capture-decran-2021-07-11-a-14.40.52.png\" \/>\n\t<meta property=\"og:image:width\" content=\"300\" \/>\n\t<meta property=\"og:image:height\" content=\"347\" \/>\n\t<meta property=\"og:image:type\" content=\"image\/png\" \/>\n<meta name=\"twitter:card\" content=\"summary_large_image\" \/>\n<meta name=\"twitter:label1\" content=\"Estimated reading time\" \/>\n\t<meta name=\"twitter:data1\" content=\"1 minute\" \/>\n<script type=\"application\/ld+json\" class=\"yoast-schema-graph\">{\"@context\":\"https:\/\/schema.org\",\"@graph\":[{\"@type\":\"WebPage\",\"@id\":\"https:\/\/glowpremium.fr\/produit-eclaircissant\/concentre-eclaircissant-peau-jaune\/\",\"url\":\"https:\/\/glowpremium.fr\/produit-eclaircissant\/concentre-eclaircissant-peau-jaune\/\",\"name\":\"Concentr\u00e9 \u00e9claircissant Anti-t\u00e2ches Peau Jaune uniforme - Glow Premium\",\"isPartOf\":{\"@id\":\"https:\/\/glowpremium.fr\/#website\"},\"primaryImageOfPage\":{\"@id\":\"https:\/\/glowpremium.fr\/produit-eclaircissant\/concentre-eclaircissant-peau-jaune\/#primaryimage\"},\"image\":{\"@id\":\"https:\/\/glowpremium.fr\/produit-eclaircissant\/concentre-eclaircissant-peau-jaune\/#primaryimage\"},\"thumbnailUrl\":\"https:\/\/glowpremium.fr\/wp-content\/uploads\/2024\/11\/Capture-decran-2021-07-11-a-14.40.52.png\",\"datePublished\":\"2024-11-20T12:26:09+00:00\",\"dateModified\":\"2024-12-05T08:47:49+00:00\",\"description\":\"M\u00e9lanineSoin m\u00e9lanique Cosm\u00e9tique inclusif \u00c9clat naturel hydratante peau noireSoin anti-taches peau fonc\u00e9e Teint uniforme pour peaux fonc\u00e9es m\u00e9tisses\",\"breadcrumb\":{\"@id\":\"https:\/\/glowpremium.fr\/produit-eclaircissant\/concentre-eclaircissant-peau-jaune\/#breadcrumb\"},\"inLanguage\":\"en-GB\",\"potentialAction\":[{\"@type\":\"ReadAction\",\"target\":[\"https:\/\/glowpremium.fr\/produit-eclaircissant\/concentre-eclaircissant-peau-jaune\/\"]}]},{\"@type\":\"ImageObject\",\"inLanguage\":\"en-GB\",\"@id\":\"https:\/\/glowpremium.fr\/produit-eclaircissant\/concentre-eclaircissant-peau-jaune\/#primaryimage\",\"url\":\"https:\/\/glowpremium.fr\/wp-content\/uploads\/2024\/11\/Capture-decran-2021-07-11-a-14.40.52.png\",\"contentUrl\":\"https:\/\/glowpremium.fr\/wp-content\/uploads\/2024\/11\/Capture-decran-2021-07-11-a-14.40.52.png\",\"width\":300,\"height\":347},{\"@type\":\"BreadcrumbList\",\"@id\":\"https:\/\/glowpremium.fr\/produit-eclaircissant\/concentre-eclaircissant-peau-jaune\/#breadcrumb\",\"itemListElement\":[{\"@type\":\"ListItem\",\"position\":1,\"name\":\"Accueil\",\"item\":\"https:\/\/glowpremium.fr\/\"},{\"@type\":\"ListItem\",\"position\":2,\"name\":\"Boutique\",\"item\":\"https:\/\/glowpremium.fr\/boutique-produits-eclaircissants\/\"},{\"@type\":\"ListItem\",\"position\":3,\"name\":\"Concentr\u00e9 \u00e9claircissant Anti-t\u00e2ches Peau Jaune uniforme\"}]},{\"@type\":\"WebSite\",\"@id\":\"https:\/\/glowpremium.fr\/#website\",\"url\":\"https:\/\/glowpremium.fr\/\",\"name\":\"Glow Premium\",\"description\":\"\",\"publisher\":{\"@id\":\"https:\/\/glowpremium.fr\/#organization\"},\"potentialAction\":[{\"@type\":\"SearchAction\",\"target\":{\"@type\":\"EntryPoint\",\"urlTemplate\":\"https:\/\/glowpremium.fr\/?s={search_term_string}\"},\"query-input\":{\"@type\":\"PropertyValueSpecification\",\"valueRequired\":true,\"valueName\":\"search_term_string\"}}],\"inLanguage\":\"en-GB\"},{\"@type\":\"Organization\",\"@id\":\"https:\/\/glowpremium.fr\/#organization\",\"name\":\"Glow Premium\",\"url\":\"https:\/\/glowpremium.fr\/\",\"logo\":{\"@type\":\"ImageObject\",\"inLanguage\":\"en-GB\",\"@id\":\"https:\/\/glowpremium.fr\/#\/schema\/logo\/image\/\",\"url\":\"https:\/\/glowpremium.fr\/wp-content\/uploads\/2024\/10\/screenshot_20241029_034909_chrome.jpg\",\"contentUrl\":\"https:\/\/glowpremium.fr\/wp-content\/uploads\/2024\/10\/screenshot_20241029_034909_chrome.jpg\",\"width\":866,\"height\":937,\"caption\":\"Glow Premium\"},\"image\":{\"@id\":\"https:\/\/glowpremium.fr\/#\/schema\/logo\/image\/\"}}]}<\/script>\n<!-- \/ Yoast SEO plugin. -->","yoast_head_json":{"title":"Concentr\u00e9 \u00e9claircissant Anti-t\u00e2ches Peau Jaune uniforme - Glow Premium","description":"M\u00e9lanineSoin m\u00e9lanique Cosm\u00e9tique inclusif \u00c9clat naturel hydratante peau noireSoin anti-taches peau fonc\u00e9e Teint uniforme pour peaux fonc\u00e9es m\u00e9tisses","robots":{"index":"index","follow":"follow","max-snippet":"max-snippet:-1","max-image-preview":"max-image-preview:large","max-video-preview":"max-video-preview:-1"},"canonical":"https:\/\/glowpremium.fr\/en\/lightening-product\/yellow-skin-lightening-concentrate\/","og_locale":"en_GB","og_type":"article","og_title":"Concentr\u00e9 \u00e9claircissant Anti-t\u00e2ches Peau Jaune uniforme - Glow Premium","og_description":"M\u00e9lanineSoin m\u00e9lanique Cosm\u00e9tique inclusif \u00c9clat naturel hydratante peau noireSoin anti-taches peau fonc\u00e9e Teint uniforme pour peaux fonc\u00e9es m\u00e9tisses","og_url":"https:\/\/glowpremium.fr\/en\/lightening-product\/yellow-skin-lightening-concentrate\/","og_site_name":"Glow Premium","article_modified_time":"2024-12-05T08:47:49+00:00","og_image":[{"width":300,"height":347,"url":"https:\/\/glowpremium.fr\/wp-content\/uploads\/2024\/11\/Capture-decran-2021-07-11-a-14.40.52.png","type":"image\/png"}],"twitter_card":"summary_large_image","twitter_misc":{"Estimated reading time":"1 minute"},"schema":{"@context":"https:\/\/schema.org","@graph":[{"@type":"WebPage","@id":"https:\/\/glowpremium.fr\/produit-eclaircissant\/concentre-eclaircissant-peau-jaune\/","url":"https:\/\/glowpremium.fr\/produit-eclaircissant\/concentre-eclaircissant-peau-jaune\/","name":"Concentr\u00e9 \u00e9claircissant Anti-t\u00e2ches Peau Jaune uniforme - Glow Premium","isPartOf":{"@id":"https:\/\/glowpremium.fr\/#website"},"primaryImageOfPage":{"@id":"https:\/\/glowpremium.fr\/produit-eclaircissant\/concentre-eclaircissant-peau-jaune\/#primaryimage"},"image":{"@id":"https:\/\/glowpremium.fr\/produit-eclaircissant\/concentre-eclaircissant-peau-jaune\/#primaryimage"},"thumbnailUrl":"https:\/\/glowpremium.fr\/wp-content\/uploads\/2024\/11\/Capture-decran-2021-07-11-a-14.40.52.png","datePublished":"2024-11-20T12:26:09+00:00","dateModified":"2024-12-05T08:47:49+00:00","description":"M\u00e9lanineSoin m\u00e9lanique Cosm\u00e9tique inclusif \u00c9clat naturel hydratante peau noireSoin anti-taches peau fonc\u00e9e Teint uniforme pour peaux fonc\u00e9es m\u00e9tisses","breadcrumb":{"@id":"https:\/\/glowpremium.fr\/produit-eclaircissant\/concentre-eclaircissant-peau-jaune\/#breadcrumb"},"inLanguage":"en-GB","potentialAction":[{"@type":"ReadAction","target":["https:\/\/glowpremium.fr\/produit-eclaircissant\/concentre-eclaircissant-peau-jaune\/"]}]},{"@type":"ImageObject","inLanguage":"en-GB","@id":"https:\/\/glowpremium.fr\/produit-eclaircissant\/concentre-eclaircissant-peau-jaune\/#primaryimage","url":"https:\/\/glowpremium.fr\/wp-content\/uploads\/2024\/11\/Capture-decran-2021-07-11-a-14.40.52.png","contentUrl":"https:\/\/glowpremium.fr\/wp-content\/uploads\/2024\/11\/Capture-decran-2021-07-11-a-14.40.52.png","width":300,"height":347},{"@type":"BreadcrumbList","@id":"https:\/\/glowpremium.fr\/produit-eclaircissant\/concentre-eclaircissant-peau-jaune\/#breadcrumb","itemListElement":[{"@type":"ListItem","position":1,"name":"Accueil","item":"https:\/\/glowpremium.fr\/"},{"@type":"ListItem","position":2,"name":"Boutique","item":"https:\/\/glowpremium.fr\/boutique-produits-eclaircissants\/"},{"@type":"ListItem","position":3,"name":"Concentr\u00e9 \u00e9claircissant Anti-t\u00e2ches Peau Jaune uniforme"}]},{"@type":"WebSite","@id":"https:\/\/glowpremium.fr\/#website","url":"https:\/\/glowpremium.fr\/","name":"Glow Premium","description":"","publisher":{"@id":"https:\/\/glowpremium.fr\/#organization"},"potentialAction":[{"@type":"SearchAction","target":{"@type":"EntryPoint","urlTemplate":"https:\/\/glowpremium.fr\/?s={search_term_string}"},"query-input":{"@type":"PropertyValueSpecification","valueRequired":true,"valueName":"search_term_string"}}],"inLanguage":"en-GB"},{"@type":"Organization","@id":"https:\/\/glowpremium.fr\/#organization","name":"Glow Premium","url":"https:\/\/glowpremium.fr\/","logo":{"@type":"ImageObject","inLanguage":"en-GB","@id":"https:\/\/glowpremium.fr\/#\/schema\/logo\/image\/","url":"https:\/\/glowpremium.fr\/wp-content\/uploads\/2024\/10\/screenshot_20241029_034909_chrome.jpg","contentUrl":"https:\/\/glowpremium.fr\/wp-content\/uploads\/2024\/10\/screenshot_20241029_034909_chrome.jpg","width":866,"height":937,"caption":"Glow Premium"},"image":{"@id":"https:\/\/glowpremium.fr\/#\/schema\/logo\/image\/"}}]}},"_links":{"self":[{"href":"https:\/\/glowpremium.fr\/en\/wp-json\/wp\/v2\/product\/7766","targetHints":{"allow":["GET"]}}],"collection":[{"href":"https:\/\/glowpremium.fr\/en\/wp-json\/wp\/v2\/product"}],"about":[{"href":"https:\/\/glowpremium.fr\/en\/wp-json\/wp\/v2\/types\/product"}],"replies":[{"embeddable":true,"href":"https:\/\/glowpremium.fr\/en\/wp-json\/wp\/v2\/comments?post=7766"}],"version-history":[{"count":3,"href":"https:\/\/glowpremium.fr\/en\/wp-json\/wp\/v2\/product\/7766\/revisions"}],"predecessor-version":[{"id":8545,"href":"https:\/\/glowpremium.fr\/en\/wp-json\/wp\/v2\/product\/7766\/revisions\/8545"}],"wp:featuredmedia":[{"embeddable":true,"href":"https:\/\/glowpremium.fr\/en\/wp-json\/wp\/v2\/media\/7832"}],"wp:attachment":[{"href":"https:\/\/glowpremium.fr\/en\/wp-json\/wp\/v2\/media?parent=7766"}],"wp:term":[{"taxonomy":"brand","embeddable":true,"href":"https:\/\/glowpremium.fr\/en\/wp-json\/wp\/v2\/etheme_brands?post=7766"},{"taxonomy":"product_brand","embeddable":true,"href":"https:\/\/glowpremium.fr\/en\/wp-json\/wp\/v2\/product_brand?post=7766"},{"taxonomy":"product_cat","embeddable":true,"href":"https:\/\/glowpremium.fr\/en\/wp-json\/wp\/v2\/product_cat?post=7766"},{"taxonomy":"product_tag","embeddable":true,"href":"https:\/\/glowpremium.fr\/en\/wp-json\/wp\/v2\/product_tag?post=7766"}],"curies":[{"name":"wp","href":"https:\/\/api.w.org\/{rel}","templated":true}]}}