{"id":7760,"date":"2024-11-20T13:26:08","date_gmt":"2024-11-20T12:26:08","guid":{"rendered":"https:\/\/glowpremium.fr\/?post_type=product&#038;p=7760"},"modified":"2024-11-20T13:26:37","modified_gmt":"2024-11-20T12:26:37","slug":"concentre-eclaircissant-gluta-comprime-extra-fort","status":"publish","type":"product","link":"https:\/\/glowpremium.fr\/en\/lightening-product\/gluta-lightening-concentrate-extra-strength-tablet\/","title":{"rendered":"Gluta Lightening Concentrate Extra Strength Tablet"},"content":{"rendered":"<div data-elementor-type=\"product-post\" data-elementor-id=\"7760\" class=\"elementor elementor-7760\" data-elementor-post-type=\"product\">\n\t\t\t\t\t\t<section class=\"elementor-section elementor-top-section elementor-element elementor-element-318f991 elementor-section-boxed elementor-section-height-default elementor-section-height-default\" data-id=\"318f991\" data-element_type=\"section\">\n\t\t\t\t\t\t<div class=\"elementor-container elementor-column-gap-default\">\n\t\t\t\t\t<div class=\"elementor-column elementor-col-100 elementor-top-column elementor-element elementor-element-37555c28\" data-id=\"37555c28\" data-element_type=\"column\">\n\t\t\t<div class=\"elementor-widget-wrap elementor-element-populated\">\n\t\t\t\t\t\t<div class=\"elementor-element elementor-element-40340a38 elementor-widget elementor-widget-text-editor\" data-id=\"40340a38\" data-element_type=\"widget\" data-widget_type=\"text-editor.default\">\n\t\t\t\t<div class=\"elementor-widget-container\">\n\t\t\t\t\t\t\t\t\t<strong>How to use :\r\n\r\nCombine your Gluta Comprim\u00e9 concentrate in your cleansing milk and use morning and night for a satisfying result.\r\n\r\n<strong>Recommendation:\r\n\r\nKeep out of reach of children. Avoid contact with eyes. In case of contact, rinse with plenty of water.\r\n\r\n<strong>Composition:\r\n\r\nGlutathione, Collagen, Arbutin, Essential oils, Tablets, Vitamin C.\t\t\t\t\t\t\t\t<\/div>\n\t\t\t\t<\/div>\n\t\t\t\t\t<\/div>\n\t\t<\/div>\n\t\t\t\t\t<\/div>\n\t\t<\/section>\n\t\t\t\t<\/div>","protected":false},"excerpt":{"rendered":"<p>Gluta Lightening Concentrate Extra Strength Compressed is a concentrate that lightens your skin very quickly when used with your milk. In full action with your milk gluta compressed extra strong is very effective and promises you a result without spots on a clean and smooth skin. Moisturised, rejuvenated skin.<\/p>","protected":false},"featured_media":7820,"comment_status":"open","ping_status":"closed","template":"","meta":[],"etheme_brands":[],"product_brand":[],"product_cat":[92,93],"product_tag":[],"class_list":{"0":"post-7760","1":"product","2":"type-product","3":"status-publish","4":"has-post-thumbnail","6":"product_cat-clarifiants-blanchissants","7":"product_cat-concentres-eclaircissants-clarifiants-blanchissants","9":"first","10":"instock","11":"shipping-taxable","12":"product-type-simple"},"yoast_head":"<!-- This site is optimized with the Yoast SEO plugin v26.7 - https:\/\/yoast.com\/wordpress\/plugins\/seo\/ -->\n<title>Concentr\u00e9 \u00e9claircissant Gluta comprim\u00e9 extra fort - Glow Premium<\/title>\n<meta name=\"robots\" content=\"index, follow, max-snippet:-1, max-image-preview:large, max-video-preview:-1\" \/>\n<link rel=\"canonical\" href=\"https:\/\/glowpremium.fr\/en\/lightening-product\/gluta-lightening-concentrate-extra-strength-tablet\/\" \/>\n<meta property=\"og:locale\" content=\"en_GB\" \/>\n<meta property=\"og:type\" content=\"article\" \/>\n<meta property=\"og:title\" content=\"Concentr\u00e9 \u00e9claircissant Gluta comprim\u00e9 extra fort - Glow Premium\" \/>\n<meta property=\"og:description\" content=\"Le concentr\u00e9 \u00e9claircissant gluta comprim\u00e9 extra fort est un concentr\u00e9 qui vous \u00e9claircit hyper rapidement en action avec votre lait. En pleine action avec votre lait gluta comprim\u00e9 extra fort est tr\u00e8s efficace et vous promet un r\u00e9sultat sans taches sur une peau propre et lisse. Peau hydrat\u00e9 rajeunir.\" \/>\n<meta property=\"og:url\" content=\"https:\/\/glowpremium.fr\/en\/lightening-product\/gluta-lightening-concentrate-extra-strength-tablet\/\" \/>\n<meta property=\"og:site_name\" content=\"Glow Premium\" \/>\n<meta property=\"article:modified_time\" content=\"2024-11-20T12:26:37+00:00\" \/>\n<meta property=\"og:image\" content=\"https:\/\/glowpremium.fr\/wp-content\/uploads\/2024\/11\/Capture-decran-2021-07-06-a-22.29.28.png\" \/>\n\t<meta property=\"og:image:width\" content=\"531\" \/>\n\t<meta property=\"og:image:height\" content=\"708\" \/>\n\t<meta property=\"og:image:type\" content=\"image\/png\" \/>\n<meta name=\"twitter:card\" content=\"summary_large_image\" \/>\n<script type=\"application\/ld+json\" class=\"yoast-schema-graph\">{\"@context\":\"https:\/\/schema.org\",\"@graph\":[{\"@type\":\"WebPage\",\"@id\":\"https:\/\/glowpremium.fr\/produit-eclaircissant\/concentre-eclaircissant-gluta-comprime-extra-fort\/\",\"url\":\"https:\/\/glowpremium.fr\/produit-eclaircissant\/concentre-eclaircissant-gluta-comprime-extra-fort\/\",\"name\":\"Concentr\u00e9 \u00e9claircissant Gluta comprim\u00e9 extra fort - Glow Premium\",\"isPartOf\":{\"@id\":\"https:\/\/glowpremium.fr\/#website\"},\"primaryImageOfPage\":{\"@id\":\"https:\/\/glowpremium.fr\/produit-eclaircissant\/concentre-eclaircissant-gluta-comprime-extra-fort\/#primaryimage\"},\"image\":{\"@id\":\"https:\/\/glowpremium.fr\/produit-eclaircissant\/concentre-eclaircissant-gluta-comprime-extra-fort\/#primaryimage\"},\"thumbnailUrl\":\"https:\/\/glowpremium.fr\/wp-content\/uploads\/2024\/11\/Capture-decran-2021-07-06-a-22.29.28.png\",\"datePublished\":\"2024-11-20T12:26:08+00:00\",\"dateModified\":\"2024-11-20T12:26:37+00:00\",\"breadcrumb\":{\"@id\":\"https:\/\/glowpremium.fr\/produit-eclaircissant\/concentre-eclaircissant-gluta-comprime-extra-fort\/#breadcrumb\"},\"inLanguage\":\"en-GB\",\"potentialAction\":[{\"@type\":\"ReadAction\",\"target\":[\"https:\/\/glowpremium.fr\/produit-eclaircissant\/concentre-eclaircissant-gluta-comprime-extra-fort\/\"]}]},{\"@type\":\"ImageObject\",\"inLanguage\":\"en-GB\",\"@id\":\"https:\/\/glowpremium.fr\/produit-eclaircissant\/concentre-eclaircissant-gluta-comprime-extra-fort\/#primaryimage\",\"url\":\"https:\/\/glowpremium.fr\/wp-content\/uploads\/2024\/11\/Capture-decran-2021-07-06-a-22.29.28.png\",\"contentUrl\":\"https:\/\/glowpremium.fr\/wp-content\/uploads\/2024\/11\/Capture-decran-2021-07-06-a-22.29.28.png\",\"width\":531,\"height\":708},{\"@type\":\"BreadcrumbList\",\"@id\":\"https:\/\/glowpremium.fr\/produit-eclaircissant\/concentre-eclaircissant-gluta-comprime-extra-fort\/#breadcrumb\",\"itemListElement\":[{\"@type\":\"ListItem\",\"position\":1,\"name\":\"Accueil\",\"item\":\"https:\/\/glowpremium.fr\/\"},{\"@type\":\"ListItem\",\"position\":2,\"name\":\"Boutique\",\"item\":\"https:\/\/glowpremium.fr\/boutique-produits-eclaircissants\/\"},{\"@type\":\"ListItem\",\"position\":3,\"name\":\"Concentr\u00e9 \u00e9claircissant Gluta comprim\u00e9 extra fort\"}]},{\"@type\":\"WebSite\",\"@id\":\"https:\/\/glowpremium.fr\/#website\",\"url\":\"https:\/\/glowpremium.fr\/\",\"name\":\"Glow Premium\",\"description\":\"\",\"publisher\":{\"@id\":\"https:\/\/glowpremium.fr\/#organization\"},\"potentialAction\":[{\"@type\":\"SearchAction\",\"target\":{\"@type\":\"EntryPoint\",\"urlTemplate\":\"https:\/\/glowpremium.fr\/?s={search_term_string}\"},\"query-input\":{\"@type\":\"PropertyValueSpecification\",\"valueRequired\":true,\"valueName\":\"search_term_string\"}}],\"inLanguage\":\"en-GB\"},{\"@type\":\"Organization\",\"@id\":\"https:\/\/glowpremium.fr\/#organization\",\"name\":\"Glow Premium\",\"url\":\"https:\/\/glowpremium.fr\/\",\"logo\":{\"@type\":\"ImageObject\",\"inLanguage\":\"en-GB\",\"@id\":\"https:\/\/glowpremium.fr\/#\/schema\/logo\/image\/\",\"url\":\"https:\/\/glowpremium.fr\/wp-content\/uploads\/2024\/10\/screenshot_20241029_034909_chrome.jpg\",\"contentUrl\":\"https:\/\/glowpremium.fr\/wp-content\/uploads\/2024\/10\/screenshot_20241029_034909_chrome.jpg\",\"width\":866,\"height\":937,\"caption\":\"Glow Premium\"},\"image\":{\"@id\":\"https:\/\/glowpremium.fr\/#\/schema\/logo\/image\/\"}}]}<\/script>\n<!-- \/ Yoast SEO plugin. -->","yoast_head_json":{"title":"Concentr\u00e9 \u00e9claircissant Gluta comprim\u00e9 extra fort - Glow Premium","robots":{"index":"index","follow":"follow","max-snippet":"max-snippet:-1","max-image-preview":"max-image-preview:large","max-video-preview":"max-video-preview:-1"},"canonical":"https:\/\/glowpremium.fr\/en\/lightening-product\/gluta-lightening-concentrate-extra-strength-tablet\/","og_locale":"en_GB","og_type":"article","og_title":"Concentr\u00e9 \u00e9claircissant Gluta comprim\u00e9 extra fort - Glow Premium","og_description":"Le concentr\u00e9 \u00e9claircissant gluta comprim\u00e9 extra fort est un concentr\u00e9 qui vous \u00e9claircit hyper rapidement en action avec votre lait. En pleine action avec votre lait gluta comprim\u00e9 extra fort est tr\u00e8s efficace et vous promet un r\u00e9sultat sans taches sur une peau propre et lisse. Peau hydrat\u00e9 rajeunir.","og_url":"https:\/\/glowpremium.fr\/en\/lightening-product\/gluta-lightening-concentrate-extra-strength-tablet\/","og_site_name":"Glow Premium","article_modified_time":"2024-11-20T12:26:37+00:00","og_image":[{"width":531,"height":708,"url":"https:\/\/glowpremium.fr\/wp-content\/uploads\/2024\/11\/Capture-decran-2021-07-06-a-22.29.28.png","type":"image\/png"}],"twitter_card":"summary_large_image","schema":{"@context":"https:\/\/schema.org","@graph":[{"@type":"WebPage","@id":"https:\/\/glowpremium.fr\/produit-eclaircissant\/concentre-eclaircissant-gluta-comprime-extra-fort\/","url":"https:\/\/glowpremium.fr\/produit-eclaircissant\/concentre-eclaircissant-gluta-comprime-extra-fort\/","name":"Concentr\u00e9 \u00e9claircissant Gluta comprim\u00e9 extra fort - Glow Premium","isPartOf":{"@id":"https:\/\/glowpremium.fr\/#website"},"primaryImageOfPage":{"@id":"https:\/\/glowpremium.fr\/produit-eclaircissant\/concentre-eclaircissant-gluta-comprime-extra-fort\/#primaryimage"},"image":{"@id":"https:\/\/glowpremium.fr\/produit-eclaircissant\/concentre-eclaircissant-gluta-comprime-extra-fort\/#primaryimage"},"thumbnailUrl":"https:\/\/glowpremium.fr\/wp-content\/uploads\/2024\/11\/Capture-decran-2021-07-06-a-22.29.28.png","datePublished":"2024-11-20T12:26:08+00:00","dateModified":"2024-11-20T12:26:37+00:00","breadcrumb":{"@id":"https:\/\/glowpremium.fr\/produit-eclaircissant\/concentre-eclaircissant-gluta-comprime-extra-fort\/#breadcrumb"},"inLanguage":"en-GB","potentialAction":[{"@type":"ReadAction","target":["https:\/\/glowpremium.fr\/produit-eclaircissant\/concentre-eclaircissant-gluta-comprime-extra-fort\/"]}]},{"@type":"ImageObject","inLanguage":"en-GB","@id":"https:\/\/glowpremium.fr\/produit-eclaircissant\/concentre-eclaircissant-gluta-comprime-extra-fort\/#primaryimage","url":"https:\/\/glowpremium.fr\/wp-content\/uploads\/2024\/11\/Capture-decran-2021-07-06-a-22.29.28.png","contentUrl":"https:\/\/glowpremium.fr\/wp-content\/uploads\/2024\/11\/Capture-decran-2021-07-06-a-22.29.28.png","width":531,"height":708},{"@type":"BreadcrumbList","@id":"https:\/\/glowpremium.fr\/produit-eclaircissant\/concentre-eclaircissant-gluta-comprime-extra-fort\/#breadcrumb","itemListElement":[{"@type":"ListItem","position":1,"name":"Accueil","item":"https:\/\/glowpremium.fr\/"},{"@type":"ListItem","position":2,"name":"Boutique","item":"https:\/\/glowpremium.fr\/boutique-produits-eclaircissants\/"},{"@type":"ListItem","position":3,"name":"Concentr\u00e9 \u00e9claircissant Gluta comprim\u00e9 extra fort"}]},{"@type":"WebSite","@id":"https:\/\/glowpremium.fr\/#website","url":"https:\/\/glowpremium.fr\/","name":"Glow Premium","description":"","publisher":{"@id":"https:\/\/glowpremium.fr\/#organization"},"potentialAction":[{"@type":"SearchAction","target":{"@type":"EntryPoint","urlTemplate":"https:\/\/glowpremium.fr\/?s={search_term_string}"},"query-input":{"@type":"PropertyValueSpecification","valueRequired":true,"valueName":"search_term_string"}}],"inLanguage":"en-GB"},{"@type":"Organization","@id":"https:\/\/glowpremium.fr\/#organization","name":"Glow Premium","url":"https:\/\/glowpremium.fr\/","logo":{"@type":"ImageObject","inLanguage":"en-GB","@id":"https:\/\/glowpremium.fr\/#\/schema\/logo\/image\/","url":"https:\/\/glowpremium.fr\/wp-content\/uploads\/2024\/10\/screenshot_20241029_034909_chrome.jpg","contentUrl":"https:\/\/glowpremium.fr\/wp-content\/uploads\/2024\/10\/screenshot_20241029_034909_chrome.jpg","width":866,"height":937,"caption":"Glow Premium"},"image":{"@id":"https:\/\/glowpremium.fr\/#\/schema\/logo\/image\/"}}]}},"_links":{"self":[{"href":"https:\/\/glowpremium.fr\/en\/wp-json\/wp\/v2\/product\/7760","targetHints":{"allow":["GET"]}}],"collection":[{"href":"https:\/\/glowpremium.fr\/en\/wp-json\/wp\/v2\/product"}],"about":[{"href":"https:\/\/glowpremium.fr\/en\/wp-json\/wp\/v2\/types\/product"}],"replies":[{"embeddable":true,"href":"https:\/\/glowpremium.fr\/en\/wp-json\/wp\/v2\/comments?post=7760"}],"version-history":[{"count":1,"href":"https:\/\/glowpremium.fr\/en\/wp-json\/wp\/v2\/product\/7760\/revisions"}],"predecessor-version":[{"id":7821,"href":"https:\/\/glowpremium.fr\/en\/wp-json\/wp\/v2\/product\/7760\/revisions\/7821"}],"wp:featuredmedia":[{"embeddable":true,"href":"https:\/\/glowpremium.fr\/en\/wp-json\/wp\/v2\/media\/7820"}],"wp:attachment":[{"href":"https:\/\/glowpremium.fr\/en\/wp-json\/wp\/v2\/media?parent=7760"}],"wp:term":[{"taxonomy":"brand","embeddable":true,"href":"https:\/\/glowpremium.fr\/en\/wp-json\/wp\/v2\/etheme_brands?post=7760"},{"taxonomy":"product_brand","embeddable":true,"href":"https:\/\/glowpremium.fr\/en\/wp-json\/wp\/v2\/product_brand?post=7760"},{"taxonomy":"product_cat","embeddable":true,"href":"https:\/\/glowpremium.fr\/en\/wp-json\/wp\/v2\/product_cat?post=7760"},{"taxonomy":"product_tag","embeddable":true,"href":"https:\/\/glowpremium.fr\/en\/wp-json\/wp\/v2\/product_tag?post=7760"}],"curies":[{"name":"wp","href":"https:\/\/api.w.org\/{rel}","templated":true}]}}