{"id":7758,"date":"2024-11-20T13:26:08","date_gmt":"2024-11-20T12:26:08","guid":{"rendered":"https:\/\/glowpremium.fr\/?post_type=product&#038;p=7758"},"modified":"2024-11-20T13:26:36","modified_gmt":"2024-11-20T12:26:36","slug":"concentre-eclaircissant-extra-diamant","status":"publish","type":"product","link":"https:\/\/glowpremium.fr\/en\/lightening-product\/extra-diamond-lightening-concentrate\/","title":{"rendered":"Extra Diamond Lightening Concentrate"},"content":{"rendered":"<p><strong>How to use :<\/strong><\/p>\n<p>Combine with cleansing milk and use morning and night.<\/p>\n<p><strong>Recommendation:<\/strong><\/p>\n<p>Keep out of reach of children. For external use only. Avoid contact with eyes.<\/p>\n<p><strong>Composition:<\/strong><\/p>\n<p>Vitamin C, Kojic, Arbutin tablets, Essential oils, Fragrance.<\/p>","protected":false},"excerpt":{"rendered":"<p>Designed to whiten the skin, it cleans deep down and brightens. Thanks to its active ingredients, it combats dark spots and stretch marks.\u00a0<\/p>","protected":false},"featured_media":7816,"comment_status":"open","ping_status":"closed","template":"","meta":[],"etheme_brands":[],"product_brand":[],"product_cat":[92,93],"product_tag":[],"class_list":{"0":"post-7758","1":"product","2":"type-product","3":"status-publish","4":"has-post-thumbnail","6":"product_cat-clarifiants-blanchissants","7":"product_cat-concentres-eclaircissants-clarifiants-blanchissants","9":"first","10":"instock","11":"shipping-taxable","12":"product-type-simple"},"yoast_head":"<!-- This site is optimized with the Yoast SEO plugin v26.7 - https:\/\/yoast.com\/wordpress\/plugins\/seo\/ -->\n<title>Concentr\u00e9 \u00e9claircissant Extra Diamant - Glow Premium<\/title>\n<meta name=\"robots\" content=\"index, follow, max-snippet:-1, max-image-preview:large, max-video-preview:-1\" \/>\n<link rel=\"canonical\" href=\"https:\/\/glowpremium.fr\/en\/lightening-product\/extra-diamond-lightening-concentrate\/\" \/>\n<meta property=\"og:locale\" content=\"en_GB\" \/>\n<meta property=\"og:type\" content=\"article\" \/>\n<meta property=\"og:title\" content=\"Concentr\u00e9 \u00e9claircissant Extra Diamant - Glow Premium\" \/>\n<meta property=\"og:description\" content=\"Elle est con\u00e7ue pour blanchir la peau, elle nettoie en profondeur et \u00e9claircit. Gr\u00e2ce \u00e0 ses actif, elle combat les t\u00e2ches noires et les vergetures.\u00a0\" \/>\n<meta property=\"og:url\" content=\"https:\/\/glowpremium.fr\/en\/lightening-product\/extra-diamond-lightening-concentrate\/\" \/>\n<meta property=\"og:site_name\" content=\"Glow Premium\" \/>\n<meta property=\"article:modified_time\" content=\"2024-11-20T12:26:36+00:00\" \/>\n<meta property=\"og:image\" content=\"https:\/\/glowpremium.fr\/wp-content\/uploads\/2024\/11\/extra-diamant-concentre-e1622035455125.png\" \/>\n\t<meta property=\"og:image:width\" content=\"594\" \/>\n\t<meta property=\"og:image:height\" content=\"777\" \/>\n\t<meta property=\"og:image:type\" content=\"image\/png\" \/>\n<meta name=\"twitter:card\" content=\"summary_large_image\" \/>\n<script type=\"application\/ld+json\" class=\"yoast-schema-graph\">{\"@context\":\"https:\/\/schema.org\",\"@graph\":[{\"@type\":\"WebPage\",\"@id\":\"https:\/\/glowpremium.fr\/produit-eclaircissant\/concentre-eclaircissant-extra-diamant\/\",\"url\":\"https:\/\/glowpremium.fr\/produit-eclaircissant\/concentre-eclaircissant-extra-diamant\/\",\"name\":\"Concentr\u00e9 \u00e9claircissant Extra Diamant - Glow Premium\",\"isPartOf\":{\"@id\":\"https:\/\/glowpremium.fr\/#website\"},\"primaryImageOfPage\":{\"@id\":\"https:\/\/glowpremium.fr\/produit-eclaircissant\/concentre-eclaircissant-extra-diamant\/#primaryimage\"},\"image\":{\"@id\":\"https:\/\/glowpremium.fr\/produit-eclaircissant\/concentre-eclaircissant-extra-diamant\/#primaryimage\"},\"thumbnailUrl\":\"https:\/\/glowpremium.fr\/wp-content\/uploads\/2024\/11\/extra-diamant-concentre-e1622035455125.png\",\"datePublished\":\"2024-11-20T12:26:08+00:00\",\"dateModified\":\"2024-11-20T12:26:36+00:00\",\"breadcrumb\":{\"@id\":\"https:\/\/glowpremium.fr\/produit-eclaircissant\/concentre-eclaircissant-extra-diamant\/#breadcrumb\"},\"inLanguage\":\"en-GB\",\"potentialAction\":[{\"@type\":\"ReadAction\",\"target\":[\"https:\/\/glowpremium.fr\/produit-eclaircissant\/concentre-eclaircissant-extra-diamant\/\"]}]},{\"@type\":\"ImageObject\",\"inLanguage\":\"en-GB\",\"@id\":\"https:\/\/glowpremium.fr\/produit-eclaircissant\/concentre-eclaircissant-extra-diamant\/#primaryimage\",\"url\":\"https:\/\/glowpremium.fr\/wp-content\/uploads\/2024\/11\/extra-diamant-concentre-e1622035455125.png\",\"contentUrl\":\"https:\/\/glowpremium.fr\/wp-content\/uploads\/2024\/11\/extra-diamant-concentre-e1622035455125.png\",\"width\":594,\"height\":777},{\"@type\":\"BreadcrumbList\",\"@id\":\"https:\/\/glowpremium.fr\/produit-eclaircissant\/concentre-eclaircissant-extra-diamant\/#breadcrumb\",\"itemListElement\":[{\"@type\":\"ListItem\",\"position\":1,\"name\":\"Accueil\",\"item\":\"https:\/\/glowpremium.fr\/\"},{\"@type\":\"ListItem\",\"position\":2,\"name\":\"Boutique\",\"item\":\"https:\/\/glowpremium.fr\/boutique-produits-eclaircissants\/\"},{\"@type\":\"ListItem\",\"position\":3,\"name\":\"Concentr\u00e9 \u00e9claircissant Extra Diamant\"}]},{\"@type\":\"WebSite\",\"@id\":\"https:\/\/glowpremium.fr\/#website\",\"url\":\"https:\/\/glowpremium.fr\/\",\"name\":\"Glow Premium\",\"description\":\"\",\"publisher\":{\"@id\":\"https:\/\/glowpremium.fr\/#organization\"},\"potentialAction\":[{\"@type\":\"SearchAction\",\"target\":{\"@type\":\"EntryPoint\",\"urlTemplate\":\"https:\/\/glowpremium.fr\/?s={search_term_string}\"},\"query-input\":{\"@type\":\"PropertyValueSpecification\",\"valueRequired\":true,\"valueName\":\"search_term_string\"}}],\"inLanguage\":\"en-GB\"},{\"@type\":\"Organization\",\"@id\":\"https:\/\/glowpremium.fr\/#organization\",\"name\":\"Glow Premium\",\"url\":\"https:\/\/glowpremium.fr\/\",\"logo\":{\"@type\":\"ImageObject\",\"inLanguage\":\"en-GB\",\"@id\":\"https:\/\/glowpremium.fr\/#\/schema\/logo\/image\/\",\"url\":\"https:\/\/glowpremium.fr\/wp-content\/uploads\/2024\/10\/screenshot_20241029_034909_chrome.jpg\",\"contentUrl\":\"https:\/\/glowpremium.fr\/wp-content\/uploads\/2024\/10\/screenshot_20241029_034909_chrome.jpg\",\"width\":866,\"height\":937,\"caption\":\"Glow Premium\"},\"image\":{\"@id\":\"https:\/\/glowpremium.fr\/#\/schema\/logo\/image\/\"}}]}<\/script>\n<!-- \/ Yoast SEO plugin. -->","yoast_head_json":{"title":"Concentr\u00e9 \u00e9claircissant Extra Diamant - Glow Premium","robots":{"index":"index","follow":"follow","max-snippet":"max-snippet:-1","max-image-preview":"max-image-preview:large","max-video-preview":"max-video-preview:-1"},"canonical":"https:\/\/glowpremium.fr\/en\/lightening-product\/extra-diamond-lightening-concentrate\/","og_locale":"en_GB","og_type":"article","og_title":"Concentr\u00e9 \u00e9claircissant Extra Diamant - Glow Premium","og_description":"Elle est con\u00e7ue pour blanchir la peau, elle nettoie en profondeur et \u00e9claircit. Gr\u00e2ce \u00e0 ses actif, elle combat les t\u00e2ches noires et les vergetures.\u00a0","og_url":"https:\/\/glowpremium.fr\/en\/lightening-product\/extra-diamond-lightening-concentrate\/","og_site_name":"Glow Premium","article_modified_time":"2024-11-20T12:26:36+00:00","og_image":[{"width":594,"height":777,"url":"https:\/\/glowpremium.fr\/wp-content\/uploads\/2024\/11\/extra-diamant-concentre-e1622035455125.png","type":"image\/png"}],"twitter_card":"summary_large_image","schema":{"@context":"https:\/\/schema.org","@graph":[{"@type":"WebPage","@id":"https:\/\/glowpremium.fr\/produit-eclaircissant\/concentre-eclaircissant-extra-diamant\/","url":"https:\/\/glowpremium.fr\/produit-eclaircissant\/concentre-eclaircissant-extra-diamant\/","name":"Concentr\u00e9 \u00e9claircissant Extra Diamant - Glow Premium","isPartOf":{"@id":"https:\/\/glowpremium.fr\/#website"},"primaryImageOfPage":{"@id":"https:\/\/glowpremium.fr\/produit-eclaircissant\/concentre-eclaircissant-extra-diamant\/#primaryimage"},"image":{"@id":"https:\/\/glowpremium.fr\/produit-eclaircissant\/concentre-eclaircissant-extra-diamant\/#primaryimage"},"thumbnailUrl":"https:\/\/glowpremium.fr\/wp-content\/uploads\/2024\/11\/extra-diamant-concentre-e1622035455125.png","datePublished":"2024-11-20T12:26:08+00:00","dateModified":"2024-11-20T12:26:36+00:00","breadcrumb":{"@id":"https:\/\/glowpremium.fr\/produit-eclaircissant\/concentre-eclaircissant-extra-diamant\/#breadcrumb"},"inLanguage":"en-GB","potentialAction":[{"@type":"ReadAction","target":["https:\/\/glowpremium.fr\/produit-eclaircissant\/concentre-eclaircissant-extra-diamant\/"]}]},{"@type":"ImageObject","inLanguage":"en-GB","@id":"https:\/\/glowpremium.fr\/produit-eclaircissant\/concentre-eclaircissant-extra-diamant\/#primaryimage","url":"https:\/\/glowpremium.fr\/wp-content\/uploads\/2024\/11\/extra-diamant-concentre-e1622035455125.png","contentUrl":"https:\/\/glowpremium.fr\/wp-content\/uploads\/2024\/11\/extra-diamant-concentre-e1622035455125.png","width":594,"height":777},{"@type":"BreadcrumbList","@id":"https:\/\/glowpremium.fr\/produit-eclaircissant\/concentre-eclaircissant-extra-diamant\/#breadcrumb","itemListElement":[{"@type":"ListItem","position":1,"name":"Accueil","item":"https:\/\/glowpremium.fr\/"},{"@type":"ListItem","position":2,"name":"Boutique","item":"https:\/\/glowpremium.fr\/boutique-produits-eclaircissants\/"},{"@type":"ListItem","position":3,"name":"Concentr\u00e9 \u00e9claircissant Extra Diamant"}]},{"@type":"WebSite","@id":"https:\/\/glowpremium.fr\/#website","url":"https:\/\/glowpremium.fr\/","name":"Glow Premium","description":"","publisher":{"@id":"https:\/\/glowpremium.fr\/#organization"},"potentialAction":[{"@type":"SearchAction","target":{"@type":"EntryPoint","urlTemplate":"https:\/\/glowpremium.fr\/?s={search_term_string}"},"query-input":{"@type":"PropertyValueSpecification","valueRequired":true,"valueName":"search_term_string"}}],"inLanguage":"en-GB"},{"@type":"Organization","@id":"https:\/\/glowpremium.fr\/#organization","name":"Glow Premium","url":"https:\/\/glowpremium.fr\/","logo":{"@type":"ImageObject","inLanguage":"en-GB","@id":"https:\/\/glowpremium.fr\/#\/schema\/logo\/image\/","url":"https:\/\/glowpremium.fr\/wp-content\/uploads\/2024\/10\/screenshot_20241029_034909_chrome.jpg","contentUrl":"https:\/\/glowpremium.fr\/wp-content\/uploads\/2024\/10\/screenshot_20241029_034909_chrome.jpg","width":866,"height":937,"caption":"Glow Premium"},"image":{"@id":"https:\/\/glowpremium.fr\/#\/schema\/logo\/image\/"}}]}},"_links":{"self":[{"href":"https:\/\/glowpremium.fr\/en\/wp-json\/wp\/v2\/product\/7758","targetHints":{"allow":["GET"]}}],"collection":[{"href":"https:\/\/glowpremium.fr\/en\/wp-json\/wp\/v2\/product"}],"about":[{"href":"https:\/\/glowpremium.fr\/en\/wp-json\/wp\/v2\/types\/product"}],"replies":[{"embeddable":true,"href":"https:\/\/glowpremium.fr\/en\/wp-json\/wp\/v2\/comments?post=7758"}],"version-history":[{"count":1,"href":"https:\/\/glowpremium.fr\/en\/wp-json\/wp\/v2\/product\/7758\/revisions"}],"predecessor-version":[{"id":7817,"href":"https:\/\/glowpremium.fr\/en\/wp-json\/wp\/v2\/product\/7758\/revisions\/7817"}],"wp:featuredmedia":[{"embeddable":true,"href":"https:\/\/glowpremium.fr\/en\/wp-json\/wp\/v2\/media\/7816"}],"wp:attachment":[{"href":"https:\/\/glowpremium.fr\/en\/wp-json\/wp\/v2\/media?parent=7758"}],"wp:term":[{"taxonomy":"brand","embeddable":true,"href":"https:\/\/glowpremium.fr\/en\/wp-json\/wp\/v2\/etheme_brands?post=7758"},{"taxonomy":"product_brand","embeddable":true,"href":"https:\/\/glowpremium.fr\/en\/wp-json\/wp\/v2\/product_brand?post=7758"},{"taxonomy":"product_cat","embeddable":true,"href":"https:\/\/glowpremium.fr\/en\/wp-json\/wp\/v2\/product_cat?post=7758"},{"taxonomy":"product_tag","embeddable":true,"href":"https:\/\/glowpremium.fr\/en\/wp-json\/wp\/v2\/product_tag?post=7758"}],"curies":[{"name":"wp","href":"https:\/\/api.w.org\/{rel}","templated":true}]}}