{"id":7749,"date":"2024-11-20T13:26:07","date_gmt":"2024-11-20T12:26:07","guid":{"rendered":"https:\/\/glowpremium.fr\/?post_type=product&#038;p=7749"},"modified":"2024-11-21T13:10:17","modified_gmt":"2024-11-21T12:10:17","slug":"concentre-anti-vergeture-unifiant-eclaircissant-b-b-clear","status":"publish","type":"product","link":"https:\/\/glowpremium.fr\/en\/lightening-product\/anti-stretch-mark-concentrate-unifying-lightening-b-b-clear\/","title":{"rendered":"B.B. Clear Unifying Stretch Mark Concentrate"},"content":{"rendered":"<p><strong>How to use :<\/strong><\/p>\n<p>Use morning and night, mixing the cream pot and serum for better results.<\/p>\n<p><strong>Recommendation:<\/strong><\/p>\n<p>Keep out of reach of children. Avoid contact with eyes. In case of contact, rinse with plenty of water.<\/p>\n<p><strong>Composition:<\/strong><\/p>\n<p>AQUA, SODIUM, LAURETH SULFATE, COCAMIDOPROPYl BETAIN, SODIUM CHLORIDE, ABRICOT ABRASIF, GLYCERINE, PARFUM, EDTA, CITRIC ACID, SODIUM BENZOATE.<\/p>","protected":false},"excerpt":{"rendered":"<p>An essential ally for daily cleansing, B.B. Clear concentrate contains natural active ingredients with proven brightening action for a spotless complexion that corrects imperfections and wrinkles in depth and prevents their reappearance. The skin is smoothed in a single step, with no spots or stretch marks.<\/p>","protected":false},"featured_media":7784,"comment_status":"open","ping_status":"closed","template":"","meta":[],"etheme_brands":[],"product_brand":[],"product_cat":[92,93],"product_tag":[],"class_list":{"0":"post-7749","1":"product","2":"type-product","3":"status-publish","4":"has-post-thumbnail","6":"product_cat-clarifiants-blanchissants","7":"product_cat-concentres-eclaircissants-clarifiants-blanchissants","9":"first","10":"instock","11":"shipping-taxable","12":"product-type-simple"},"yoast_head":"<!-- This site is optimized with the Yoast SEO plugin v26.7 - https:\/\/yoast.com\/wordpress\/plugins\/seo\/ -->\n<title>Concentr\u00e9 Anti-Vergeture Unifiant \u00e9claircissant B.B. Clear - Glow Premium<\/title>\n<meta name=\"robots\" content=\"index, follow, max-snippet:-1, max-image-preview:large, max-video-preview:-1\" \/>\n<link rel=\"canonical\" href=\"https:\/\/glowpremium.fr\/en\/lightening-product\/anti-stretch-mark-concentrate-unifying-lightening-b-b-clear\/\" \/>\n<meta property=\"og:locale\" content=\"en_GB\" \/>\n<meta property=\"og:type\" content=\"article\" \/>\n<meta property=\"og:title\" content=\"Concentr\u00e9 Anti-Vergeture Unifiant \u00e9claircissant B.B. Clear - Glow Premium\" \/>\n<meta property=\"og:description\" content=\"Alli\u00e9 incontournable de la toilette quotidienne concentr\u00e9\u00a0 B.B. Clear contient des actifs naturels \u00e0 l&#039;action \u00e9claircissant prouv\u00e9e pour un teint nettoy\u00e9 sans t\u00e2ches qui corrige les imperfections et corrige les rides en profondeur et pr\u00e9vient leur r\u00e9apparition, la peau est lisser en un seul geste, sans t\u00e2ches ni vergetures .\" \/>\n<meta property=\"og:url\" content=\"https:\/\/glowpremium.fr\/en\/lightening-product\/anti-stretch-mark-concentrate-unifying-lightening-b-b-clear\/\" \/>\n<meta property=\"og:site_name\" content=\"Glow Premium\" \/>\n<meta property=\"article:modified_time\" content=\"2024-11-21T12:10:17+00:00\" \/>\n<meta property=\"og:image\" content=\"https:\/\/glowpremium.fr\/wp-content\/uploads\/2024\/11\/PhotoRoom-20230101_233657.png\" \/>\n\t<meta property=\"og:image:width\" content=\"2000\" \/>\n\t<meta property=\"og:image:height\" content=\"1783\" \/>\n\t<meta property=\"og:image:type\" content=\"image\/png\" \/>\n<meta name=\"twitter:card\" content=\"summary_large_image\" \/>\n<meta name=\"twitter:label1\" content=\"Estimated reading time\" \/>\n\t<meta name=\"twitter:data1\" content=\"1 minute\" \/>\n<script type=\"application\/ld+json\" class=\"yoast-schema-graph\">{\"@context\":\"https:\/\/schema.org\",\"@graph\":[{\"@type\":\"WebPage\",\"@id\":\"https:\/\/glowpremium.fr\/produit-eclaircissant\/concentre-anti-vergeture-unifiant-eclaircissant-b-b-clear\/\",\"url\":\"https:\/\/glowpremium.fr\/produit-eclaircissant\/concentre-anti-vergeture-unifiant-eclaircissant-b-b-clear\/\",\"name\":\"Concentr\u00e9 Anti-Vergeture Unifiant \u00e9claircissant B.B. Clear - Glow Premium\",\"isPartOf\":{\"@id\":\"https:\/\/glowpremium.fr\/#website\"},\"primaryImageOfPage\":{\"@id\":\"https:\/\/glowpremium.fr\/produit-eclaircissant\/concentre-anti-vergeture-unifiant-eclaircissant-b-b-clear\/#primaryimage\"},\"image\":{\"@id\":\"https:\/\/glowpremium.fr\/produit-eclaircissant\/concentre-anti-vergeture-unifiant-eclaircissant-b-b-clear\/#primaryimage\"},\"thumbnailUrl\":\"https:\/\/glowpremium.fr\/wp-content\/uploads\/2024\/11\/PhotoRoom-20230101_233657.png\",\"datePublished\":\"2024-11-20T12:26:07+00:00\",\"dateModified\":\"2024-11-21T12:10:17+00:00\",\"breadcrumb\":{\"@id\":\"https:\/\/glowpremium.fr\/produit-eclaircissant\/concentre-anti-vergeture-unifiant-eclaircissant-b-b-clear\/#breadcrumb\"},\"inLanguage\":\"en-GB\",\"potentialAction\":[{\"@type\":\"ReadAction\",\"target\":[\"https:\/\/glowpremium.fr\/produit-eclaircissant\/concentre-anti-vergeture-unifiant-eclaircissant-b-b-clear\/\"]}]},{\"@type\":\"ImageObject\",\"inLanguage\":\"en-GB\",\"@id\":\"https:\/\/glowpremium.fr\/produit-eclaircissant\/concentre-anti-vergeture-unifiant-eclaircissant-b-b-clear\/#primaryimage\",\"url\":\"https:\/\/glowpremium.fr\/wp-content\/uploads\/2024\/11\/PhotoRoom-20230101_233657.png\",\"contentUrl\":\"https:\/\/glowpremium.fr\/wp-content\/uploads\/2024\/11\/PhotoRoom-20230101_233657.png\",\"width\":2000,\"height\":1783},{\"@type\":\"BreadcrumbList\",\"@id\":\"https:\/\/glowpremium.fr\/produit-eclaircissant\/concentre-anti-vergeture-unifiant-eclaircissant-b-b-clear\/#breadcrumb\",\"itemListElement\":[{\"@type\":\"ListItem\",\"position\":1,\"name\":\"Accueil\",\"item\":\"https:\/\/glowpremium.fr\/\"},{\"@type\":\"ListItem\",\"position\":2,\"name\":\"Boutique\",\"item\":\"https:\/\/glowpremium.fr\/boutique-produits-eclaircissants\/\"},{\"@type\":\"ListItem\",\"position\":3,\"name\":\"Concentr\u00e9 Anti-Vergeture Unifiant \u00e9claircissant B.B. Clear\"}]},{\"@type\":\"WebSite\",\"@id\":\"https:\/\/glowpremium.fr\/#website\",\"url\":\"https:\/\/glowpremium.fr\/\",\"name\":\"Glow Premium\",\"description\":\"\",\"publisher\":{\"@id\":\"https:\/\/glowpremium.fr\/#organization\"},\"potentialAction\":[{\"@type\":\"SearchAction\",\"target\":{\"@type\":\"EntryPoint\",\"urlTemplate\":\"https:\/\/glowpremium.fr\/?s={search_term_string}\"},\"query-input\":{\"@type\":\"PropertyValueSpecification\",\"valueRequired\":true,\"valueName\":\"search_term_string\"}}],\"inLanguage\":\"en-GB\"},{\"@type\":\"Organization\",\"@id\":\"https:\/\/glowpremium.fr\/#organization\",\"name\":\"Glow Premium\",\"url\":\"https:\/\/glowpremium.fr\/\",\"logo\":{\"@type\":\"ImageObject\",\"inLanguage\":\"en-GB\",\"@id\":\"https:\/\/glowpremium.fr\/#\/schema\/logo\/image\/\",\"url\":\"https:\/\/glowpremium.fr\/wp-content\/uploads\/2024\/10\/screenshot_20241029_034909_chrome.jpg\",\"contentUrl\":\"https:\/\/glowpremium.fr\/wp-content\/uploads\/2024\/10\/screenshot_20241029_034909_chrome.jpg\",\"width\":866,\"height\":937,\"caption\":\"Glow Premium\"},\"image\":{\"@id\":\"https:\/\/glowpremium.fr\/#\/schema\/logo\/image\/\"}}]}<\/script>\n<!-- \/ Yoast SEO plugin. -->","yoast_head_json":{"title":"Concentr\u00e9 Anti-Vergeture Unifiant \u00e9claircissant B.B. Clear - Glow Premium","robots":{"index":"index","follow":"follow","max-snippet":"max-snippet:-1","max-image-preview":"max-image-preview:large","max-video-preview":"max-video-preview:-1"},"canonical":"https:\/\/glowpremium.fr\/en\/lightening-product\/anti-stretch-mark-concentrate-unifying-lightening-b-b-clear\/","og_locale":"en_GB","og_type":"article","og_title":"Concentr\u00e9 Anti-Vergeture Unifiant \u00e9claircissant B.B. Clear - Glow Premium","og_description":"Alli\u00e9 incontournable de la toilette quotidienne concentr\u00e9\u00a0 B.B. Clear contient des actifs naturels \u00e0 l'action \u00e9claircissant prouv\u00e9e pour un teint nettoy\u00e9 sans t\u00e2ches qui corrige les imperfections et corrige les rides en profondeur et pr\u00e9vient leur r\u00e9apparition, la peau est lisser en un seul geste, sans t\u00e2ches ni vergetures .","og_url":"https:\/\/glowpremium.fr\/en\/lightening-product\/anti-stretch-mark-concentrate-unifying-lightening-b-b-clear\/","og_site_name":"Glow Premium","article_modified_time":"2024-11-21T12:10:17+00:00","og_image":[{"width":2000,"height":1783,"url":"https:\/\/glowpremium.fr\/wp-content\/uploads\/2024\/11\/PhotoRoom-20230101_233657.png","type":"image\/png"}],"twitter_card":"summary_large_image","twitter_misc":{"Estimated reading time":"1 minute"},"schema":{"@context":"https:\/\/schema.org","@graph":[{"@type":"WebPage","@id":"https:\/\/glowpremium.fr\/produit-eclaircissant\/concentre-anti-vergeture-unifiant-eclaircissant-b-b-clear\/","url":"https:\/\/glowpremium.fr\/produit-eclaircissant\/concentre-anti-vergeture-unifiant-eclaircissant-b-b-clear\/","name":"Concentr\u00e9 Anti-Vergeture Unifiant \u00e9claircissant B.B. Clear - Glow Premium","isPartOf":{"@id":"https:\/\/glowpremium.fr\/#website"},"primaryImageOfPage":{"@id":"https:\/\/glowpremium.fr\/produit-eclaircissant\/concentre-anti-vergeture-unifiant-eclaircissant-b-b-clear\/#primaryimage"},"image":{"@id":"https:\/\/glowpremium.fr\/produit-eclaircissant\/concentre-anti-vergeture-unifiant-eclaircissant-b-b-clear\/#primaryimage"},"thumbnailUrl":"https:\/\/glowpremium.fr\/wp-content\/uploads\/2024\/11\/PhotoRoom-20230101_233657.png","datePublished":"2024-11-20T12:26:07+00:00","dateModified":"2024-11-21T12:10:17+00:00","breadcrumb":{"@id":"https:\/\/glowpremium.fr\/produit-eclaircissant\/concentre-anti-vergeture-unifiant-eclaircissant-b-b-clear\/#breadcrumb"},"inLanguage":"en-GB","potentialAction":[{"@type":"ReadAction","target":["https:\/\/glowpremium.fr\/produit-eclaircissant\/concentre-anti-vergeture-unifiant-eclaircissant-b-b-clear\/"]}]},{"@type":"ImageObject","inLanguage":"en-GB","@id":"https:\/\/glowpremium.fr\/produit-eclaircissant\/concentre-anti-vergeture-unifiant-eclaircissant-b-b-clear\/#primaryimage","url":"https:\/\/glowpremium.fr\/wp-content\/uploads\/2024\/11\/PhotoRoom-20230101_233657.png","contentUrl":"https:\/\/glowpremium.fr\/wp-content\/uploads\/2024\/11\/PhotoRoom-20230101_233657.png","width":2000,"height":1783},{"@type":"BreadcrumbList","@id":"https:\/\/glowpremium.fr\/produit-eclaircissant\/concentre-anti-vergeture-unifiant-eclaircissant-b-b-clear\/#breadcrumb","itemListElement":[{"@type":"ListItem","position":1,"name":"Accueil","item":"https:\/\/glowpremium.fr\/"},{"@type":"ListItem","position":2,"name":"Boutique","item":"https:\/\/glowpremium.fr\/boutique-produits-eclaircissants\/"},{"@type":"ListItem","position":3,"name":"Concentr\u00e9 Anti-Vergeture Unifiant \u00e9claircissant B.B. Clear"}]},{"@type":"WebSite","@id":"https:\/\/glowpremium.fr\/#website","url":"https:\/\/glowpremium.fr\/","name":"Glow Premium","description":"","publisher":{"@id":"https:\/\/glowpremium.fr\/#organization"},"potentialAction":[{"@type":"SearchAction","target":{"@type":"EntryPoint","urlTemplate":"https:\/\/glowpremium.fr\/?s={search_term_string}"},"query-input":{"@type":"PropertyValueSpecification","valueRequired":true,"valueName":"search_term_string"}}],"inLanguage":"en-GB"},{"@type":"Organization","@id":"https:\/\/glowpremium.fr\/#organization","name":"Glow Premium","url":"https:\/\/glowpremium.fr\/","logo":{"@type":"ImageObject","inLanguage":"en-GB","@id":"https:\/\/glowpremium.fr\/#\/schema\/logo\/image\/","url":"https:\/\/glowpremium.fr\/wp-content\/uploads\/2024\/10\/screenshot_20241029_034909_chrome.jpg","contentUrl":"https:\/\/glowpremium.fr\/wp-content\/uploads\/2024\/10\/screenshot_20241029_034909_chrome.jpg","width":866,"height":937,"caption":"Glow Premium"},"image":{"@id":"https:\/\/glowpremium.fr\/#\/schema\/logo\/image\/"}}]}},"_links":{"self":[{"href":"https:\/\/glowpremium.fr\/en\/wp-json\/wp\/v2\/product\/7749","targetHints":{"allow":["GET"]}}],"collection":[{"href":"https:\/\/glowpremium.fr\/en\/wp-json\/wp\/v2\/product"}],"about":[{"href":"https:\/\/glowpremium.fr\/en\/wp-json\/wp\/v2\/types\/product"}],"replies":[{"embeddable":true,"href":"https:\/\/glowpremium.fr\/en\/wp-json\/wp\/v2\/comments?post=7749"}],"version-history":[{"count":1,"href":"https:\/\/glowpremium.fr\/en\/wp-json\/wp\/v2\/product\/7749\/revisions"}],"predecessor-version":[{"id":7785,"href":"https:\/\/glowpremium.fr\/en\/wp-json\/wp\/v2\/product\/7749\/revisions\/7785"}],"wp:featuredmedia":[{"embeddable":true,"href":"https:\/\/glowpremium.fr\/en\/wp-json\/wp\/v2\/media\/7784"}],"wp:attachment":[{"href":"https:\/\/glowpremium.fr\/en\/wp-json\/wp\/v2\/media?parent=7749"}],"wp:term":[{"taxonomy":"brand","embeddable":true,"href":"https:\/\/glowpremium.fr\/en\/wp-json\/wp\/v2\/etheme_brands?post=7749"},{"taxonomy":"product_brand","embeddable":true,"href":"https:\/\/glowpremium.fr\/en\/wp-json\/wp\/v2\/product_brand?post=7749"},{"taxonomy":"product_cat","embeddable":true,"href":"https:\/\/glowpremium.fr\/en\/wp-json\/wp\/v2\/product_cat?post=7749"},{"taxonomy":"product_tag","embeddable":true,"href":"https:\/\/glowpremium.fr\/en\/wp-json\/wp\/v2\/product_tag?post=7749"}],"curies":[{"name":"wp","href":"https:\/\/api.w.org\/{rel}","templated":true}]}}