{"id":7746,"date":"2024-11-20T13:26:07","date_gmt":"2024-11-20T12:26:07","guid":{"rendered":"https:\/\/glowpremium.fr\/?post_type=product&#038;p=7746"},"modified":"2024-11-20T21:03:43","modified_gmt":"2024-11-20T20:03:43","slug":"huile-eclaircisssant-teint-diamant-au-glutathione","status":"publish","type":"product","link":"https:\/\/glowpremium.fr\/en\/lightening-product\/glutathione-diamond-complexion-brightening-oil\/","title":{"rendered":"Diamond complexion lightening oil with glutathione"},"content":{"rendered":"<div data-elementor-type=\"product-post\" data-elementor-id=\"7746\" class=\"elementor elementor-7746\" data-elementor-post-type=\"product\">\n\t\t\t\t\t\t<section class=\"elementor-section elementor-top-section elementor-element elementor-element-65a7665f elementor-section-boxed elementor-section-height-default elementor-section-height-default\" data-id=\"65a7665f\" data-element_type=\"section\">\n\t\t\t\t\t\t<div class=\"elementor-container elementor-column-gap-default\">\n\t\t\t\t\t<div class=\"elementor-column elementor-col-100 elementor-top-column elementor-element elementor-element-d715896\" data-id=\"d715896\" data-element_type=\"column\">\n\t\t\t<div class=\"elementor-widget-wrap elementor-element-populated\">\n\t\t\t\t\t\t<div class=\"elementor-element elementor-element-1602694e elementor-widget elementor-widget-text-editor\" data-id=\"1602694e\" data-element_type=\"widget\" data-widget_type=\"text-editor.default\">\n\t\t\t\t<div class=\"elementor-widget-container\">\n\t\t\t\t\t\t\t\t\t<p><strong>How to use :<p>Use morning and night, mixing into your cream or cleansing milk for even more results.<p><strong>Recommendation:<p>Keep out of reach of children. Avoid contact with eyes. In case of contact, rinse with plenty of water.<p><strong>Composition:<p>Collagen, AHA essential oils, Demineralised water, Polyacrilamide, Glycerin fruit acid, Kojic acid, Glycol Fontine, Glutathione, Aloe vera.\t\t\t\t\t\t\t\t<\/div>\n\t\t\t\t<\/div>\n\t\t\t\t\t<\/div>\n\t\t<\/div>\n\t\t\t\t\t<\/div>\n\t\t<\/section>\n\t\t\t\t<\/div>","protected":false},"excerpt":{"rendered":"<p>Lightening Oil \u00a0<strong>Diamond complexion<\/strong>\u00a0 whitens your skin, ridding it of impurities and redness and treating black marks on the skin. Thanks to Glutathione 150g Injection, vitamins A and E, your skin becomes more radiant and beautiful.<\/p>","protected":false},"featured_media":7777,"comment_status":"closed","ping_status":"closed","template":"","meta":[],"etheme_brands":[],"product_brand":[],"product_cat":[80,93,94],"product_tag":[],"class_list":{"0":"post-7746","1":"product","2":"type-product","3":"status-publish","4":"has-post-thumbnail","6":"product_cat-blanchissants-et-eclaircissants","7":"product_cat-concentres-eclaircissants-clarifiants-blanchissants","8":"product_cat-huiles-eclaircissantes-clarifiants-blanchissants","10":"first","11":"instock","12":"shipping-taxable","13":"purchasable","14":"product-type-simple"},"yoast_head":"<!-- This site is optimized with the Yoast SEO plugin v26.7 - https:\/\/yoast.com\/wordpress\/plugins\/seo\/ -->\n<title>Huile \u00e9claircisssant Teint Diamant au glutathione - Glow Premium<\/title>\n<meta name=\"description\" content=\"Bouclier anti-tachesPhotoprotection Teint unifi\u00e9lumineuxUniformisation\u00c9clat naturelCorrection des tachesPeau rayonnante cosm\u00e9tique peau noire et m\u00e9tisse\" \/>\n<meta name=\"robots\" content=\"index, follow, max-snippet:-1, max-image-preview:large, max-video-preview:-1\" \/>\n<link rel=\"canonical\" href=\"https:\/\/glowpremium.fr\/en\/lightening-product\/glutathione-diamond-complexion-brightening-oil\/\" \/>\n<meta property=\"og:locale\" content=\"en_GB\" \/>\n<meta property=\"og:type\" content=\"article\" \/>\n<meta property=\"og:title\" content=\"Huile \u00e9claircisssant Teint Diamant au glutathione - Glow Premium\" \/>\n<meta property=\"og:description\" content=\"Bouclier anti-tachesPhotoprotection Teint unifi\u00e9lumineuxUniformisation\u00c9clat naturelCorrection des tachesPeau rayonnante cosm\u00e9tique peau noire et m\u00e9tisse\" \/>\n<meta property=\"og:url\" content=\"https:\/\/glowpremium.fr\/en\/lightening-product\/glutathione-diamond-complexion-brightening-oil\/\" \/>\n<meta property=\"og:site_name\" content=\"Glow Premium\" \/>\n<meta property=\"article:modified_time\" content=\"2024-11-20T20:03:43+00:00\" \/>\n<meta property=\"og:image\" content=\"https:\/\/glowpremium.fr\/wp-content\/uploads\/2024\/11\/Capture-decran-2022-02-16-a-20.46.50.png\" \/>\n\t<meta property=\"og:image:width\" content=\"304\" \/>\n\t<meta property=\"og:image:height\" content=\"485\" \/>\n\t<meta property=\"og:image:type\" content=\"image\/png\" \/>\n<meta name=\"twitter:card\" content=\"summary_large_image\" \/>\n<meta name=\"twitter:label1\" content=\"Estimated reading time\" \/>\n\t<meta name=\"twitter:data1\" content=\"1 minute\" \/>\n<script type=\"application\/ld+json\" class=\"yoast-schema-graph\">{\"@context\":\"https:\/\/schema.org\",\"@graph\":[{\"@type\":\"WebPage\",\"@id\":\"https:\/\/glowpremium.fr\/produit-eclaircissant\/huile-eclaircisssant-teint-diamant-au-glutathione\/\",\"url\":\"https:\/\/glowpremium.fr\/produit-eclaircissant\/huile-eclaircisssant-teint-diamant-au-glutathione\/\",\"name\":\"Huile \u00e9claircisssant Teint Diamant au glutathione - Glow Premium\",\"isPartOf\":{\"@id\":\"https:\/\/glowpremium.fr\/#website\"},\"primaryImageOfPage\":{\"@id\":\"https:\/\/glowpremium.fr\/produit-eclaircissant\/huile-eclaircisssant-teint-diamant-au-glutathione\/#primaryimage\"},\"image\":{\"@id\":\"https:\/\/glowpremium.fr\/produit-eclaircissant\/huile-eclaircisssant-teint-diamant-au-glutathione\/#primaryimage\"},\"thumbnailUrl\":\"https:\/\/glowpremium.fr\/wp-content\/uploads\/2024\/11\/Capture-decran-2022-02-16-a-20.46.50.png\",\"datePublished\":\"2024-11-20T12:26:07+00:00\",\"dateModified\":\"2024-11-20T20:03:43+00:00\",\"description\":\"Bouclier anti-tachesPhotoprotection Teint unifi\u00e9lumineuxUniformisation\u00c9clat naturelCorrection des tachesPeau rayonnante cosm\u00e9tique peau noire et m\u00e9tisse\",\"breadcrumb\":{\"@id\":\"https:\/\/glowpremium.fr\/produit-eclaircissant\/huile-eclaircisssant-teint-diamant-au-glutathione\/#breadcrumb\"},\"inLanguage\":\"en-GB\",\"potentialAction\":[{\"@type\":\"ReadAction\",\"target\":[\"https:\/\/glowpremium.fr\/produit-eclaircissant\/huile-eclaircisssant-teint-diamant-au-glutathione\/\"]}]},{\"@type\":\"ImageObject\",\"inLanguage\":\"en-GB\",\"@id\":\"https:\/\/glowpremium.fr\/produit-eclaircissant\/huile-eclaircisssant-teint-diamant-au-glutathione\/#primaryimage\",\"url\":\"https:\/\/glowpremium.fr\/wp-content\/uploads\/2024\/11\/Capture-decran-2022-02-16-a-20.46.50.png\",\"contentUrl\":\"https:\/\/glowpremium.fr\/wp-content\/uploads\/2024\/11\/Capture-decran-2022-02-16-a-20.46.50.png\",\"width\":304,\"height\":485},{\"@type\":\"BreadcrumbList\",\"@id\":\"https:\/\/glowpremium.fr\/produit-eclaircissant\/huile-eclaircisssant-teint-diamant-au-glutathione\/#breadcrumb\",\"itemListElement\":[{\"@type\":\"ListItem\",\"position\":1,\"name\":\"Accueil\",\"item\":\"https:\/\/glowpremium.fr\/\"},{\"@type\":\"ListItem\",\"position\":2,\"name\":\"Boutique\",\"item\":\"https:\/\/glowpremium.fr\/boutique-produits-eclaircissants\/\"},{\"@type\":\"ListItem\",\"position\":3,\"name\":\"Huile \u00e9claircisssant Teint Diamant au glutathione\"}]},{\"@type\":\"WebSite\",\"@id\":\"https:\/\/glowpremium.fr\/#website\",\"url\":\"https:\/\/glowpremium.fr\/\",\"name\":\"Glow Premium\",\"description\":\"\",\"publisher\":{\"@id\":\"https:\/\/glowpremium.fr\/#organization\"},\"potentialAction\":[{\"@type\":\"SearchAction\",\"target\":{\"@type\":\"EntryPoint\",\"urlTemplate\":\"https:\/\/glowpremium.fr\/?s={search_term_string}\"},\"query-input\":{\"@type\":\"PropertyValueSpecification\",\"valueRequired\":true,\"valueName\":\"search_term_string\"}}],\"inLanguage\":\"en-GB\"},{\"@type\":\"Organization\",\"@id\":\"https:\/\/glowpremium.fr\/#organization\",\"name\":\"Glow Premium\",\"url\":\"https:\/\/glowpremium.fr\/\",\"logo\":{\"@type\":\"ImageObject\",\"inLanguage\":\"en-GB\",\"@id\":\"https:\/\/glowpremium.fr\/#\/schema\/logo\/image\/\",\"url\":\"https:\/\/glowpremium.fr\/wp-content\/uploads\/2024\/10\/screenshot_20241029_034909_chrome.jpg\",\"contentUrl\":\"https:\/\/glowpremium.fr\/wp-content\/uploads\/2024\/10\/screenshot_20241029_034909_chrome.jpg\",\"width\":866,\"height\":937,\"caption\":\"Glow Premium\"},\"image\":{\"@id\":\"https:\/\/glowpremium.fr\/#\/schema\/logo\/image\/\"}}]}<\/script>\n<!-- \/ Yoast SEO plugin. -->","yoast_head_json":{"title":"Huile \u00e9claircisssant Teint Diamant au glutathione - Glow Premium","description":"Bouclier anti-tachesPhotoprotection Teint unifi\u00e9lumineuxUniformisation\u00c9clat naturelCorrection des tachesPeau rayonnante cosm\u00e9tique peau noire et m\u00e9tisse","robots":{"index":"index","follow":"follow","max-snippet":"max-snippet:-1","max-image-preview":"max-image-preview:large","max-video-preview":"max-video-preview:-1"},"canonical":"https:\/\/glowpremium.fr\/en\/lightening-product\/glutathione-diamond-complexion-brightening-oil\/","og_locale":"en_GB","og_type":"article","og_title":"Huile \u00e9claircisssant Teint Diamant au glutathione - Glow Premium","og_description":"Bouclier anti-tachesPhotoprotection Teint unifi\u00e9lumineuxUniformisation\u00c9clat naturelCorrection des tachesPeau rayonnante cosm\u00e9tique peau noire et m\u00e9tisse","og_url":"https:\/\/glowpremium.fr\/en\/lightening-product\/glutathione-diamond-complexion-brightening-oil\/","og_site_name":"Glow Premium","article_modified_time":"2024-11-20T20:03:43+00:00","og_image":[{"width":304,"height":485,"url":"https:\/\/glowpremium.fr\/wp-content\/uploads\/2024\/11\/Capture-decran-2022-02-16-a-20.46.50.png","type":"image\/png"}],"twitter_card":"summary_large_image","twitter_misc":{"Estimated reading time":"1 minute"},"schema":{"@context":"https:\/\/schema.org","@graph":[{"@type":"WebPage","@id":"https:\/\/glowpremium.fr\/produit-eclaircissant\/huile-eclaircisssant-teint-diamant-au-glutathione\/","url":"https:\/\/glowpremium.fr\/produit-eclaircissant\/huile-eclaircisssant-teint-diamant-au-glutathione\/","name":"Huile \u00e9claircisssant Teint Diamant au glutathione - Glow Premium","isPartOf":{"@id":"https:\/\/glowpremium.fr\/#website"},"primaryImageOfPage":{"@id":"https:\/\/glowpremium.fr\/produit-eclaircissant\/huile-eclaircisssant-teint-diamant-au-glutathione\/#primaryimage"},"image":{"@id":"https:\/\/glowpremium.fr\/produit-eclaircissant\/huile-eclaircisssant-teint-diamant-au-glutathione\/#primaryimage"},"thumbnailUrl":"https:\/\/glowpremium.fr\/wp-content\/uploads\/2024\/11\/Capture-decran-2022-02-16-a-20.46.50.png","datePublished":"2024-11-20T12:26:07+00:00","dateModified":"2024-11-20T20:03:43+00:00","description":"Bouclier anti-tachesPhotoprotection Teint unifi\u00e9lumineuxUniformisation\u00c9clat naturelCorrection des tachesPeau rayonnante cosm\u00e9tique peau noire et m\u00e9tisse","breadcrumb":{"@id":"https:\/\/glowpremium.fr\/produit-eclaircissant\/huile-eclaircisssant-teint-diamant-au-glutathione\/#breadcrumb"},"inLanguage":"en-GB","potentialAction":[{"@type":"ReadAction","target":["https:\/\/glowpremium.fr\/produit-eclaircissant\/huile-eclaircisssant-teint-diamant-au-glutathione\/"]}]},{"@type":"ImageObject","inLanguage":"en-GB","@id":"https:\/\/glowpremium.fr\/produit-eclaircissant\/huile-eclaircisssant-teint-diamant-au-glutathione\/#primaryimage","url":"https:\/\/glowpremium.fr\/wp-content\/uploads\/2024\/11\/Capture-decran-2022-02-16-a-20.46.50.png","contentUrl":"https:\/\/glowpremium.fr\/wp-content\/uploads\/2024\/11\/Capture-decran-2022-02-16-a-20.46.50.png","width":304,"height":485},{"@type":"BreadcrumbList","@id":"https:\/\/glowpremium.fr\/produit-eclaircissant\/huile-eclaircisssant-teint-diamant-au-glutathione\/#breadcrumb","itemListElement":[{"@type":"ListItem","position":1,"name":"Accueil","item":"https:\/\/glowpremium.fr\/"},{"@type":"ListItem","position":2,"name":"Boutique","item":"https:\/\/glowpremium.fr\/boutique-produits-eclaircissants\/"},{"@type":"ListItem","position":3,"name":"Huile \u00e9claircisssant Teint Diamant au glutathione"}]},{"@type":"WebSite","@id":"https:\/\/glowpremium.fr\/#website","url":"https:\/\/glowpremium.fr\/","name":"Glow Premium","description":"","publisher":{"@id":"https:\/\/glowpremium.fr\/#organization"},"potentialAction":[{"@type":"SearchAction","target":{"@type":"EntryPoint","urlTemplate":"https:\/\/glowpremium.fr\/?s={search_term_string}"},"query-input":{"@type":"PropertyValueSpecification","valueRequired":true,"valueName":"search_term_string"}}],"inLanguage":"en-GB"},{"@type":"Organization","@id":"https:\/\/glowpremium.fr\/#organization","name":"Glow Premium","url":"https:\/\/glowpremium.fr\/","logo":{"@type":"ImageObject","inLanguage":"en-GB","@id":"https:\/\/glowpremium.fr\/#\/schema\/logo\/image\/","url":"https:\/\/glowpremium.fr\/wp-content\/uploads\/2024\/10\/screenshot_20241029_034909_chrome.jpg","contentUrl":"https:\/\/glowpremium.fr\/wp-content\/uploads\/2024\/10\/screenshot_20241029_034909_chrome.jpg","width":866,"height":937,"caption":"Glow Premium"},"image":{"@id":"https:\/\/glowpremium.fr\/#\/schema\/logo\/image\/"}}]}},"_links":{"self":[{"href":"https:\/\/glowpremium.fr\/en\/wp-json\/wp\/v2\/product\/7746","targetHints":{"allow":["GET"]}}],"collection":[{"href":"https:\/\/glowpremium.fr\/en\/wp-json\/wp\/v2\/product"}],"about":[{"href":"https:\/\/glowpremium.fr\/en\/wp-json\/wp\/v2\/types\/product"}],"replies":[{"embeddable":true,"href":"https:\/\/glowpremium.fr\/en\/wp-json\/wp\/v2\/comments?post=7746"}],"version-history":[{"count":2,"href":"https:\/\/glowpremium.fr\/en\/wp-json\/wp\/v2\/product\/7746\/revisions"}],"predecessor-version":[{"id":8246,"href":"https:\/\/glowpremium.fr\/en\/wp-json\/wp\/v2\/product\/7746\/revisions\/8246"}],"wp:featuredmedia":[{"embeddable":true,"href":"https:\/\/glowpremium.fr\/en\/wp-json\/wp\/v2\/media\/7777"}],"wp:attachment":[{"href":"https:\/\/glowpremium.fr\/en\/wp-json\/wp\/v2\/media?parent=7746"}],"wp:term":[{"taxonomy":"brand","embeddable":true,"href":"https:\/\/glowpremium.fr\/en\/wp-json\/wp\/v2\/etheme_brands?post=7746"},{"taxonomy":"product_brand","embeddable":true,"href":"https:\/\/glowpremium.fr\/en\/wp-json\/wp\/v2\/product_brand?post=7746"},{"taxonomy":"product_cat","embeddable":true,"href":"https:\/\/glowpremium.fr\/en\/wp-json\/wp\/v2\/product_cat?post=7746"},{"taxonomy":"product_tag","embeddable":true,"href":"https:\/\/glowpremium.fr\/en\/wp-json\/wp\/v2\/product_tag?post=7746"}],"curies":[{"name":"wp","href":"https:\/\/api.w.org\/{rel}","templated":true}]}}