{"id":7223,"date":"2024-11-02T09:50:57","date_gmt":"2024-11-02T08:50:57","guid":{"rendered":"https:\/\/glowpremium.fr\/?post_type=product&#038;p=7223"},"modified":"2024-11-28T17:12:04","modified_gmt":"2024-11-28T16:12:04","slug":"super-concentre-gluta-white-1500000mg-serum","status":"publish","type":"product","link":"https:\/\/glowpremium.fr\/en\/lightening-product\/super-concentrate-gluta-white-1500000mg-serum\/","title":{"rendered":"Super concentrated Gluta white 1500000MG Serum"},"content":{"rendered":"<p>Gluta-white Serum 1500000MG<\/p>\n<p>anti-stain lightening whitening moisturising nourishing rejuvenating face and body repair the complexion great thanks to its multiple vitamins deep cleansing makes you fresh and soft<\/p>\n<p>absorbs quickly does not stick fast intense action<\/p>","protected":false},"excerpt":{"rendered":"<p>Ingredient<\/p>\n<p>Vitamins A and E Kojic acid<\/p>\n<p>Calendular,lavender Essential oils<\/p>\n<p>Glutathione<\/p>\n<p>Collagen<\/p>\n<p>Vitamin C<\/p>\n<p>Sepi white<\/p>\n<p>Coezyme Q10<\/p>\n<p>Applications<\/p>\n<p>mixed into your cleansing milk and used on the body in a face cream for the face<\/p>\n<p>wears a sun cream<\/p>","protected":false},"featured_media":7224,"comment_status":"closed","ping_status":"closed","template":"","meta":[],"etheme_brands":[],"product_brand":[],"product_cat":[80,89],"product_tag":[],"class_list":{"0":"post-7223","1":"product","2":"type-product","3":"status-publish","4":"has-post-thumbnail","6":"product_cat-blanchissants-et-eclaircissants","7":"product_cat-concentres-eclaircissants","9":"first","10":"instock","11":"featured","12":"shipping-taxable","13":"purchasable","14":"product-type-simple"},"yoast_head":"<!-- This site is optimized with the Yoast SEO plugin v26.7 - https:\/\/yoast.com\/wordpress\/plugins\/seo\/ -->\n<title>Super concentr\u00e9 Gluta white 1500000MG S\u00e9rum - Glow Premium<\/title>\n<meta name=\"description\" content=\"Concentr\u00e9 gluta -white \u00e9claircissant blanchissant uniformise peau noire et m\u00e9tisse produit cosm\u00e9tique \u00e9claircissant blanchissant\" \/>\n<meta name=\"robots\" content=\"index, follow, max-snippet:-1, max-image-preview:large, max-video-preview:-1\" \/>\n<link rel=\"canonical\" href=\"https:\/\/glowpremium.fr\/en\/lightening-product\/super-concentrate-gluta-white-1500000mg-serum\/\" \/>\n<meta property=\"og:locale\" content=\"en_GB\" \/>\n<meta property=\"og:type\" content=\"article\" \/>\n<meta property=\"og:title\" content=\"Super concentr\u00e9 Gluta white 1500000MG S\u00e9rum - Glow Premium\" \/>\n<meta property=\"og:description\" content=\"Concentr\u00e9 gluta -white \u00e9claircissant blanchissant uniformise peau noire et m\u00e9tisse produit cosm\u00e9tique \u00e9claircissant blanchissant\" \/>\n<meta property=\"og:url\" content=\"https:\/\/glowpremium.fr\/en\/lightening-product\/super-concentrate-gluta-white-1500000mg-serum\/\" \/>\n<meta property=\"og:site_name\" content=\"Glow Premium\" \/>\n<meta property=\"article:modified_time\" content=\"2024-11-28T16:12:04+00:00\" \/>\n<meta property=\"og:image\" content=\"https:\/\/glowpremium.fr\/wp-content\/uploads\/2024\/11\/01c9ca7a-15a4-49a0-996b-66afc4802d6e.jpg\" \/>\n\t<meta property=\"og:image:width\" content=\"2000\" \/>\n\t<meta property=\"og:image:height\" content=\"1769\" \/>\n\t<meta property=\"og:image:type\" content=\"image\/jpeg\" \/>\n<meta name=\"twitter:card\" content=\"summary_large_image\" \/>\n<meta name=\"twitter:label1\" content=\"Estimated reading time\" \/>\n\t<meta name=\"twitter:data1\" content=\"1 minute\" \/>\n<script type=\"application\/ld+json\" class=\"yoast-schema-graph\">{\"@context\":\"https:\/\/schema.org\",\"@graph\":[{\"@type\":\"WebPage\",\"@id\":\"https:\/\/glowpremium.fr\/produit-eclaircissant\/super-concentre-gluta-white-1500000mg-serum\/\",\"url\":\"https:\/\/glowpremium.fr\/produit-eclaircissant\/super-concentre-gluta-white-1500000mg-serum\/\",\"name\":\"Super concentr\u00e9 Gluta white 1500000MG S\u00e9rum - Glow Premium\",\"isPartOf\":{\"@id\":\"https:\/\/glowpremium.fr\/#website\"},\"primaryImageOfPage\":{\"@id\":\"https:\/\/glowpremium.fr\/produit-eclaircissant\/super-concentre-gluta-white-1500000mg-serum\/#primaryimage\"},\"image\":{\"@id\":\"https:\/\/glowpremium.fr\/produit-eclaircissant\/super-concentre-gluta-white-1500000mg-serum\/#primaryimage\"},\"thumbnailUrl\":\"https:\/\/glowpremium.fr\/wp-content\/uploads\/2024\/11\/01c9ca7a-15a4-49a0-996b-66afc4802d6e.jpg\",\"datePublished\":\"2024-11-02T08:50:57+00:00\",\"dateModified\":\"2024-11-28T16:12:04+00:00\",\"description\":\"Concentr\u00e9 gluta -white \u00e9claircissant blanchissant uniformise peau noire et m\u00e9tisse produit cosm\u00e9tique \u00e9claircissant blanchissant\",\"breadcrumb\":{\"@id\":\"https:\/\/glowpremium.fr\/produit-eclaircissant\/super-concentre-gluta-white-1500000mg-serum\/#breadcrumb\"},\"inLanguage\":\"en-GB\",\"potentialAction\":[{\"@type\":\"ReadAction\",\"target\":[\"https:\/\/glowpremium.fr\/produit-eclaircissant\/super-concentre-gluta-white-1500000mg-serum\/\"]}]},{\"@type\":\"ImageObject\",\"inLanguage\":\"en-GB\",\"@id\":\"https:\/\/glowpremium.fr\/produit-eclaircissant\/super-concentre-gluta-white-1500000mg-serum\/#primaryimage\",\"url\":\"https:\/\/glowpremium.fr\/wp-content\/uploads\/2024\/11\/01c9ca7a-15a4-49a0-996b-66afc4802d6e.jpg\",\"contentUrl\":\"https:\/\/glowpremium.fr\/wp-content\/uploads\/2024\/11\/01c9ca7a-15a4-49a0-996b-66afc4802d6e.jpg\",\"width\":2000,\"height\":1769},{\"@type\":\"BreadcrumbList\",\"@id\":\"https:\/\/glowpremium.fr\/produit-eclaircissant\/super-concentre-gluta-white-1500000mg-serum\/#breadcrumb\",\"itemListElement\":[{\"@type\":\"ListItem\",\"position\":1,\"name\":\"Accueil\",\"item\":\"https:\/\/glowpremium.fr\/\"},{\"@type\":\"ListItem\",\"position\":2,\"name\":\"Boutique\",\"item\":\"https:\/\/glowpremium.fr\/boutique-produits-eclaircissants\/\"},{\"@type\":\"ListItem\",\"position\":3,\"name\":\"Super concentr\u00e9 Gluta white 1500000MG S\u00e9rum\"}]},{\"@type\":\"WebSite\",\"@id\":\"https:\/\/glowpremium.fr\/#website\",\"url\":\"https:\/\/glowpremium.fr\/\",\"name\":\"Glow Premium\",\"description\":\"\",\"publisher\":{\"@id\":\"https:\/\/glowpremium.fr\/#organization\"},\"potentialAction\":[{\"@type\":\"SearchAction\",\"target\":{\"@type\":\"EntryPoint\",\"urlTemplate\":\"https:\/\/glowpremium.fr\/?s={search_term_string}\"},\"query-input\":{\"@type\":\"PropertyValueSpecification\",\"valueRequired\":true,\"valueName\":\"search_term_string\"}}],\"inLanguage\":\"en-GB\"},{\"@type\":\"Organization\",\"@id\":\"https:\/\/glowpremium.fr\/#organization\",\"name\":\"Glow Premium\",\"url\":\"https:\/\/glowpremium.fr\/\",\"logo\":{\"@type\":\"ImageObject\",\"inLanguage\":\"en-GB\",\"@id\":\"https:\/\/glowpremium.fr\/#\/schema\/logo\/image\/\",\"url\":\"https:\/\/glowpremium.fr\/wp-content\/uploads\/2024\/10\/screenshot_20241029_034909_chrome.jpg\",\"contentUrl\":\"https:\/\/glowpremium.fr\/wp-content\/uploads\/2024\/10\/screenshot_20241029_034909_chrome.jpg\",\"width\":866,\"height\":937,\"caption\":\"Glow Premium\"},\"image\":{\"@id\":\"https:\/\/glowpremium.fr\/#\/schema\/logo\/image\/\"}}]}<\/script>\n<!-- \/ Yoast SEO plugin. -->","yoast_head_json":{"title":"Super concentr\u00e9 Gluta white 1500000MG S\u00e9rum - Glow Premium","description":"Concentr\u00e9 gluta -white \u00e9claircissant blanchissant uniformise peau noire et m\u00e9tisse produit cosm\u00e9tique \u00e9claircissant blanchissant","robots":{"index":"index","follow":"follow","max-snippet":"max-snippet:-1","max-image-preview":"max-image-preview:large","max-video-preview":"max-video-preview:-1"},"canonical":"https:\/\/glowpremium.fr\/en\/lightening-product\/super-concentrate-gluta-white-1500000mg-serum\/","og_locale":"en_GB","og_type":"article","og_title":"Super concentr\u00e9 Gluta white 1500000MG S\u00e9rum - Glow Premium","og_description":"Concentr\u00e9 gluta -white \u00e9claircissant blanchissant uniformise peau noire et m\u00e9tisse produit cosm\u00e9tique \u00e9claircissant blanchissant","og_url":"https:\/\/glowpremium.fr\/en\/lightening-product\/super-concentrate-gluta-white-1500000mg-serum\/","og_site_name":"Glow Premium","article_modified_time":"2024-11-28T16:12:04+00:00","og_image":[{"width":2000,"height":1769,"url":"https:\/\/glowpremium.fr\/wp-content\/uploads\/2024\/11\/01c9ca7a-15a4-49a0-996b-66afc4802d6e.jpg","type":"image\/jpeg"}],"twitter_card":"summary_large_image","twitter_misc":{"Estimated reading time":"1 minute"},"schema":{"@context":"https:\/\/schema.org","@graph":[{"@type":"WebPage","@id":"https:\/\/glowpremium.fr\/produit-eclaircissant\/super-concentre-gluta-white-1500000mg-serum\/","url":"https:\/\/glowpremium.fr\/produit-eclaircissant\/super-concentre-gluta-white-1500000mg-serum\/","name":"Super concentr\u00e9 Gluta white 1500000MG S\u00e9rum - Glow Premium","isPartOf":{"@id":"https:\/\/glowpremium.fr\/#website"},"primaryImageOfPage":{"@id":"https:\/\/glowpremium.fr\/produit-eclaircissant\/super-concentre-gluta-white-1500000mg-serum\/#primaryimage"},"image":{"@id":"https:\/\/glowpremium.fr\/produit-eclaircissant\/super-concentre-gluta-white-1500000mg-serum\/#primaryimage"},"thumbnailUrl":"https:\/\/glowpremium.fr\/wp-content\/uploads\/2024\/11\/01c9ca7a-15a4-49a0-996b-66afc4802d6e.jpg","datePublished":"2024-11-02T08:50:57+00:00","dateModified":"2024-11-28T16:12:04+00:00","description":"Concentr\u00e9 gluta -white \u00e9claircissant blanchissant uniformise peau noire et m\u00e9tisse produit cosm\u00e9tique \u00e9claircissant blanchissant","breadcrumb":{"@id":"https:\/\/glowpremium.fr\/produit-eclaircissant\/super-concentre-gluta-white-1500000mg-serum\/#breadcrumb"},"inLanguage":"en-GB","potentialAction":[{"@type":"ReadAction","target":["https:\/\/glowpremium.fr\/produit-eclaircissant\/super-concentre-gluta-white-1500000mg-serum\/"]}]},{"@type":"ImageObject","inLanguage":"en-GB","@id":"https:\/\/glowpremium.fr\/produit-eclaircissant\/super-concentre-gluta-white-1500000mg-serum\/#primaryimage","url":"https:\/\/glowpremium.fr\/wp-content\/uploads\/2024\/11\/01c9ca7a-15a4-49a0-996b-66afc4802d6e.jpg","contentUrl":"https:\/\/glowpremium.fr\/wp-content\/uploads\/2024\/11\/01c9ca7a-15a4-49a0-996b-66afc4802d6e.jpg","width":2000,"height":1769},{"@type":"BreadcrumbList","@id":"https:\/\/glowpremium.fr\/produit-eclaircissant\/super-concentre-gluta-white-1500000mg-serum\/#breadcrumb","itemListElement":[{"@type":"ListItem","position":1,"name":"Accueil","item":"https:\/\/glowpremium.fr\/"},{"@type":"ListItem","position":2,"name":"Boutique","item":"https:\/\/glowpremium.fr\/boutique-produits-eclaircissants\/"},{"@type":"ListItem","position":3,"name":"Super concentr\u00e9 Gluta white 1500000MG S\u00e9rum"}]},{"@type":"WebSite","@id":"https:\/\/glowpremium.fr\/#website","url":"https:\/\/glowpremium.fr\/","name":"Glow Premium","description":"","publisher":{"@id":"https:\/\/glowpremium.fr\/#organization"},"potentialAction":[{"@type":"SearchAction","target":{"@type":"EntryPoint","urlTemplate":"https:\/\/glowpremium.fr\/?s={search_term_string}"},"query-input":{"@type":"PropertyValueSpecification","valueRequired":true,"valueName":"search_term_string"}}],"inLanguage":"en-GB"},{"@type":"Organization","@id":"https:\/\/glowpremium.fr\/#organization","name":"Glow Premium","url":"https:\/\/glowpremium.fr\/","logo":{"@type":"ImageObject","inLanguage":"en-GB","@id":"https:\/\/glowpremium.fr\/#\/schema\/logo\/image\/","url":"https:\/\/glowpremium.fr\/wp-content\/uploads\/2024\/10\/screenshot_20241029_034909_chrome.jpg","contentUrl":"https:\/\/glowpremium.fr\/wp-content\/uploads\/2024\/10\/screenshot_20241029_034909_chrome.jpg","width":866,"height":937,"caption":"Glow Premium"},"image":{"@id":"https:\/\/glowpremium.fr\/#\/schema\/logo\/image\/"}}]}},"_links":{"self":[{"href":"https:\/\/glowpremium.fr\/en\/wp-json\/wp\/v2\/product\/7223","targetHints":{"allow":["GET"]}}],"collection":[{"href":"https:\/\/glowpremium.fr\/en\/wp-json\/wp\/v2\/product"}],"about":[{"href":"https:\/\/glowpremium.fr\/en\/wp-json\/wp\/v2\/types\/product"}],"replies":[{"embeddable":true,"href":"https:\/\/glowpremium.fr\/en\/wp-json\/wp\/v2\/comments?post=7223"}],"version-history":[{"count":1,"href":"https:\/\/glowpremium.fr\/en\/wp-json\/wp\/v2\/product\/7223\/revisions"}],"predecessor-version":[{"id":7226,"href":"https:\/\/glowpremium.fr\/en\/wp-json\/wp\/v2\/product\/7223\/revisions\/7226"}],"wp:featuredmedia":[{"embeddable":true,"href":"https:\/\/glowpremium.fr\/en\/wp-json\/wp\/v2\/media\/7224"}],"wp:attachment":[{"href":"https:\/\/glowpremium.fr\/en\/wp-json\/wp\/v2\/media?parent=7223"}],"wp:term":[{"taxonomy":"brand","embeddable":true,"href":"https:\/\/glowpremium.fr\/en\/wp-json\/wp\/v2\/etheme_brands?post=7223"},{"taxonomy":"product_brand","embeddable":true,"href":"https:\/\/glowpremium.fr\/en\/wp-json\/wp\/v2\/product_brand?post=7223"},{"taxonomy":"product_cat","embeddable":true,"href":"https:\/\/glowpremium.fr\/en\/wp-json\/wp\/v2\/product_cat?post=7223"},{"taxonomy":"product_tag","embeddable":true,"href":"https:\/\/glowpremium.fr\/en\/wp-json\/wp\/v2\/product_tag?post=7223"}],"curies":[{"name":"wp","href":"https:\/\/api.w.org\/{rel}","templated":true}]}}