{"id":7045,"date":"2024-10-31T05:47:54","date_gmt":"2024-10-31T04:47:54","guid":{"rendered":"https:\/\/glowpremium.fr\/?post_type=product&#038;p=7045"},"modified":"2025-12-18T12:30:40","modified_gmt":"2025-12-18T11:30:40","slug":"lait-eclaircissant-fort-active-glow-carrot-action-7-jours-teint-metisse-sans-taches","status":"publish","type":"product","link":"https:\/\/glowpremium.fr\/en\/lightening-product\/lait-eclaircissant-fort-active-glow-carrot-action-7-jours-teint-metisse-sans-taches\/","title":{"rendered":"Active Glow Carrot Lightening Milk 7 Day Action"},"content":{"rendered":"<p><strong>How to use :<\/strong><\/p>\n<p>Apply once or twice a day all over the body, paying particular attention to the hands, elbows and knees.<\/p>\n<p><strong>Recommendation:<\/strong><\/p>\n<p>For external use only. If irritation occurs, discontinue use. Keep out of reach of children.<\/p>\n<p><strong>Composition:\u00a0<\/strong><\/p>\n<p>Water, stearic acid, alpha-arbutin, almond oil, alcohol, mulberry extract oil, ascorbic acid, retin A, liquorice extract, papaya extract, fragrance,<br \/>\nEssential oils<\/p>","protected":false},"excerpt":{"rendered":"<p>ACTIVE GLOW LOTION goes beyond body whitening, this formula helps to eliminate scars and combat all signs of hyper-pigmentation, repairs discoloured and damaged skin caused by chemical toxins in the body and exposure to the sun, whitens and moisturises the skin thanks to its natural ingredients, and nourishes the skin.<br \/>\nThe LOTION ACTIVE GLOW leaves your skin healthy and radiant from 7 days the complexion comes back clean clear naturally a real glow in just 7 days .contains sun protection<\/p>\n<p>5000ml<\/p>","protected":false},"featured_media":6351,"comment_status":"closed","ping_status":"closed","template":"","meta":[],"etheme_brands":[],"product_brand":[],"product_cat":[15,80,85],"product_tag":[],"class_list":{"0":"post-7045","1":"product","2":"type-product","3":"status-publish","4":"has-post-thumbnail","6":"product_cat-toutes-categories","7":"product_cat-blanchissants-et-eclaircissants","8":"product_cat-laits-eclaircissants","10":"first","11":"outofstock","12":"featured","13":"shipping-taxable","14":"purchasable","15":"product-type-simple"},"yoast_head":"<!-- This site is optimized with the Yoast SEO plugin v26.7 - https:\/\/yoast.com\/wordpress\/plugins\/seo\/ -->\n<title>Lait \u00c9claircissant Fort Active glow Carrot Action 7 Jours - Glow Premium<\/title>\n<meta name=\"description\" content=\"lat active glow 7 jours \u00e9claircissant produit cosm\u00e9tique beaut\u00e9 peau noire et m\u00e9tisse blanchissant uniformise anti-t\u00e2ches beaut\u00e9 de la peau illumine lisse\" \/>\n<meta name=\"robots\" content=\"index, follow, max-snippet:-1, max-image-preview:large, max-video-preview:-1\" \/>\n<link rel=\"canonical\" href=\"https:\/\/glowpremium.fr\/en\/lightening-product\/lait-eclaircissant-fort-active-glow-carrot-action-7-jours-teint-metisse-sans-taches\/\" \/>\n<meta property=\"og:locale\" content=\"en_GB\" \/>\n<meta property=\"og:type\" content=\"article\" \/>\n<meta property=\"og:title\" content=\"Lait \u00c9claircissant Fort Active glow Carrot Action 7 Jours - Glow Premium\" \/>\n<meta property=\"og:description\" content=\"lat active glow 7 jours \u00e9claircissant produit cosm\u00e9tique beaut\u00e9 peau noire et m\u00e9tisse blanchissant uniformise anti-t\u00e2ches beaut\u00e9 de la peau illumine lisse\" \/>\n<meta property=\"og:url\" content=\"https:\/\/glowpremium.fr\/en\/lightening-product\/lait-eclaircissant-fort-active-glow-carrot-action-7-jours-teint-metisse-sans-taches\/\" \/>\n<meta property=\"og:site_name\" content=\"Glow Premium\" \/>\n<meta property=\"article:modified_time\" content=\"2025-12-18T11:30:40+00:00\" \/>\n<meta property=\"og:image\" content=\"https:\/\/glowpremium.fr\/wp-content\/uploads\/2024\/10\/1a7ea04e-08c3-48e4-bef1-76856bedc776.jpg\" \/>\n\t<meta property=\"og:image:width\" content=\"2000\" \/>\n\t<meta property=\"og:image:height\" content=\"1764\" \/>\n\t<meta property=\"og:image:type\" content=\"image\/jpeg\" \/>\n<meta name=\"twitter:card\" content=\"summary_large_image\" \/>\n<meta name=\"twitter:label1\" content=\"Estimated reading time\" \/>\n\t<meta name=\"twitter:data1\" content=\"1 minute\" \/>\n<script type=\"application\/ld+json\" class=\"yoast-schema-graph\">{\"@context\":\"https:\/\/schema.org\",\"@graph\":[{\"@type\":\"WebPage\",\"@id\":\"https:\/\/glowpremium.fr\/produit-eclaircissant\/lait-eclaircissant-fort-active-glow-carrot-action-7-jours-teint-metisse-sans-taches\/\",\"url\":\"https:\/\/glowpremium.fr\/produit-eclaircissant\/lait-eclaircissant-fort-active-glow-carrot-action-7-jours-teint-metisse-sans-taches\/\",\"name\":\"Lait \u00c9claircissant Fort Active glow Carrot Action 7 Jours - Glow Premium\",\"isPartOf\":{\"@id\":\"https:\/\/glowpremium.fr\/#website\"},\"primaryImageOfPage\":{\"@id\":\"https:\/\/glowpremium.fr\/produit-eclaircissant\/lait-eclaircissant-fort-active-glow-carrot-action-7-jours-teint-metisse-sans-taches\/#primaryimage\"},\"image\":{\"@id\":\"https:\/\/glowpremium.fr\/produit-eclaircissant\/lait-eclaircissant-fort-active-glow-carrot-action-7-jours-teint-metisse-sans-taches\/#primaryimage\"},\"thumbnailUrl\":\"https:\/\/glowpremium.fr\/wp-content\/uploads\/2024\/10\/1a7ea04e-08c3-48e4-bef1-76856bedc776.jpg\",\"datePublished\":\"2024-10-31T04:47:54+00:00\",\"dateModified\":\"2025-12-18T11:30:40+00:00\",\"description\":\"lat active glow 7 jours \u00e9claircissant produit cosm\u00e9tique beaut\u00e9 peau noire et m\u00e9tisse blanchissant uniformise anti-t\u00e2ches beaut\u00e9 de la peau illumine lisse\",\"breadcrumb\":{\"@id\":\"https:\/\/glowpremium.fr\/produit-eclaircissant\/lait-eclaircissant-fort-active-glow-carrot-action-7-jours-teint-metisse-sans-taches\/#breadcrumb\"},\"inLanguage\":\"en-GB\",\"potentialAction\":[{\"@type\":\"ReadAction\",\"target\":[\"https:\/\/glowpremium.fr\/produit-eclaircissant\/lait-eclaircissant-fort-active-glow-carrot-action-7-jours-teint-metisse-sans-taches\/\"]}]},{\"@type\":\"ImageObject\",\"inLanguage\":\"en-GB\",\"@id\":\"https:\/\/glowpremium.fr\/produit-eclaircissant\/lait-eclaircissant-fort-active-glow-carrot-action-7-jours-teint-metisse-sans-taches\/#primaryimage\",\"url\":\"https:\/\/glowpremium.fr\/wp-content\/uploads\/2024\/10\/1a7ea04e-08c3-48e4-bef1-76856bedc776.jpg\",\"contentUrl\":\"https:\/\/glowpremium.fr\/wp-content\/uploads\/2024\/10\/1a7ea04e-08c3-48e4-bef1-76856bedc776.jpg\",\"width\":2000,\"height\":1764},{\"@type\":\"BreadcrumbList\",\"@id\":\"https:\/\/glowpremium.fr\/produit-eclaircissant\/lait-eclaircissant-fort-active-glow-carrot-action-7-jours-teint-metisse-sans-taches\/#breadcrumb\",\"itemListElement\":[{\"@type\":\"ListItem\",\"position\":1,\"name\":\"Accueil\",\"item\":\"https:\/\/glowpremium.fr\/\"},{\"@type\":\"ListItem\",\"position\":2,\"name\":\"Boutique\",\"item\":\"https:\/\/glowpremium.fr\/boutique-produits-eclaircissants\/\"},{\"@type\":\"ListItem\",\"position\":3,\"name\":\"Lait \u00c9claircissant Fort Active glow Carrot Action 7 Jours\"}]},{\"@type\":\"WebSite\",\"@id\":\"https:\/\/glowpremium.fr\/#website\",\"url\":\"https:\/\/glowpremium.fr\/\",\"name\":\"Glow Premium\",\"description\":\"\",\"publisher\":{\"@id\":\"https:\/\/glowpremium.fr\/#organization\"},\"potentialAction\":[{\"@type\":\"SearchAction\",\"target\":{\"@type\":\"EntryPoint\",\"urlTemplate\":\"https:\/\/glowpremium.fr\/?s={search_term_string}\"},\"query-input\":{\"@type\":\"PropertyValueSpecification\",\"valueRequired\":true,\"valueName\":\"search_term_string\"}}],\"inLanguage\":\"en-GB\"},{\"@type\":\"Organization\",\"@id\":\"https:\/\/glowpremium.fr\/#organization\",\"name\":\"Glow Premium\",\"url\":\"https:\/\/glowpremium.fr\/\",\"logo\":{\"@type\":\"ImageObject\",\"inLanguage\":\"en-GB\",\"@id\":\"https:\/\/glowpremium.fr\/#\/schema\/logo\/image\/\",\"url\":\"https:\/\/glowpremium.fr\/wp-content\/uploads\/2024\/10\/screenshot_20241029_034909_chrome.jpg\",\"contentUrl\":\"https:\/\/glowpremium.fr\/wp-content\/uploads\/2024\/10\/screenshot_20241029_034909_chrome.jpg\",\"width\":866,\"height\":937,\"caption\":\"Glow Premium\"},\"image\":{\"@id\":\"https:\/\/glowpremium.fr\/#\/schema\/logo\/image\/\"}}]}<\/script>\n<!-- \/ Yoast SEO plugin. -->","yoast_head_json":{"title":"Lait \u00c9claircissant Fort Active glow Carrot Action 7 Jours - Glow Premium","description":"lat active glow 7 jours \u00e9claircissant produit cosm\u00e9tique beaut\u00e9 peau noire et m\u00e9tisse blanchissant uniformise anti-t\u00e2ches beaut\u00e9 de la peau illumine lisse","robots":{"index":"index","follow":"follow","max-snippet":"max-snippet:-1","max-image-preview":"max-image-preview:large","max-video-preview":"max-video-preview:-1"},"canonical":"https:\/\/glowpremium.fr\/en\/lightening-product\/lait-eclaircissant-fort-active-glow-carrot-action-7-jours-teint-metisse-sans-taches\/","og_locale":"en_GB","og_type":"article","og_title":"Lait \u00c9claircissant Fort Active glow Carrot Action 7 Jours - Glow Premium","og_description":"lat active glow 7 jours \u00e9claircissant produit cosm\u00e9tique beaut\u00e9 peau noire et m\u00e9tisse blanchissant uniformise anti-t\u00e2ches beaut\u00e9 de la peau illumine lisse","og_url":"https:\/\/glowpremium.fr\/en\/lightening-product\/lait-eclaircissant-fort-active-glow-carrot-action-7-jours-teint-metisse-sans-taches\/","og_site_name":"Glow Premium","article_modified_time":"2025-12-18T11:30:40+00:00","og_image":[{"width":2000,"height":1764,"url":"https:\/\/glowpremium.fr\/wp-content\/uploads\/2024\/10\/1a7ea04e-08c3-48e4-bef1-76856bedc776.jpg","type":"image\/jpeg"}],"twitter_card":"summary_large_image","twitter_misc":{"Estimated reading time":"1 minute"},"schema":{"@context":"https:\/\/schema.org","@graph":[{"@type":"WebPage","@id":"https:\/\/glowpremium.fr\/produit-eclaircissant\/lait-eclaircissant-fort-active-glow-carrot-action-7-jours-teint-metisse-sans-taches\/","url":"https:\/\/glowpremium.fr\/produit-eclaircissant\/lait-eclaircissant-fort-active-glow-carrot-action-7-jours-teint-metisse-sans-taches\/","name":"Lait \u00c9claircissant Fort Active glow Carrot Action 7 Jours - Glow Premium","isPartOf":{"@id":"https:\/\/glowpremium.fr\/#website"},"primaryImageOfPage":{"@id":"https:\/\/glowpremium.fr\/produit-eclaircissant\/lait-eclaircissant-fort-active-glow-carrot-action-7-jours-teint-metisse-sans-taches\/#primaryimage"},"image":{"@id":"https:\/\/glowpremium.fr\/produit-eclaircissant\/lait-eclaircissant-fort-active-glow-carrot-action-7-jours-teint-metisse-sans-taches\/#primaryimage"},"thumbnailUrl":"https:\/\/glowpremium.fr\/wp-content\/uploads\/2024\/10\/1a7ea04e-08c3-48e4-bef1-76856bedc776.jpg","datePublished":"2024-10-31T04:47:54+00:00","dateModified":"2025-12-18T11:30:40+00:00","description":"lat active glow 7 jours \u00e9claircissant produit cosm\u00e9tique beaut\u00e9 peau noire et m\u00e9tisse blanchissant uniformise anti-t\u00e2ches beaut\u00e9 de la peau illumine lisse","breadcrumb":{"@id":"https:\/\/glowpremium.fr\/produit-eclaircissant\/lait-eclaircissant-fort-active-glow-carrot-action-7-jours-teint-metisse-sans-taches\/#breadcrumb"},"inLanguage":"en-GB","potentialAction":[{"@type":"ReadAction","target":["https:\/\/glowpremium.fr\/produit-eclaircissant\/lait-eclaircissant-fort-active-glow-carrot-action-7-jours-teint-metisse-sans-taches\/"]}]},{"@type":"ImageObject","inLanguage":"en-GB","@id":"https:\/\/glowpremium.fr\/produit-eclaircissant\/lait-eclaircissant-fort-active-glow-carrot-action-7-jours-teint-metisse-sans-taches\/#primaryimage","url":"https:\/\/glowpremium.fr\/wp-content\/uploads\/2024\/10\/1a7ea04e-08c3-48e4-bef1-76856bedc776.jpg","contentUrl":"https:\/\/glowpremium.fr\/wp-content\/uploads\/2024\/10\/1a7ea04e-08c3-48e4-bef1-76856bedc776.jpg","width":2000,"height":1764},{"@type":"BreadcrumbList","@id":"https:\/\/glowpremium.fr\/produit-eclaircissant\/lait-eclaircissant-fort-active-glow-carrot-action-7-jours-teint-metisse-sans-taches\/#breadcrumb","itemListElement":[{"@type":"ListItem","position":1,"name":"Accueil","item":"https:\/\/glowpremium.fr\/"},{"@type":"ListItem","position":2,"name":"Boutique","item":"https:\/\/glowpremium.fr\/boutique-produits-eclaircissants\/"},{"@type":"ListItem","position":3,"name":"Lait \u00c9claircissant Fort Active glow Carrot Action 7 Jours"}]},{"@type":"WebSite","@id":"https:\/\/glowpremium.fr\/#website","url":"https:\/\/glowpremium.fr\/","name":"Glow Premium","description":"","publisher":{"@id":"https:\/\/glowpremium.fr\/#organization"},"potentialAction":[{"@type":"SearchAction","target":{"@type":"EntryPoint","urlTemplate":"https:\/\/glowpremium.fr\/?s={search_term_string}"},"query-input":{"@type":"PropertyValueSpecification","valueRequired":true,"valueName":"search_term_string"}}],"inLanguage":"en-GB"},{"@type":"Organization","@id":"https:\/\/glowpremium.fr\/#organization","name":"Glow Premium","url":"https:\/\/glowpremium.fr\/","logo":{"@type":"ImageObject","inLanguage":"en-GB","@id":"https:\/\/glowpremium.fr\/#\/schema\/logo\/image\/","url":"https:\/\/glowpremium.fr\/wp-content\/uploads\/2024\/10\/screenshot_20241029_034909_chrome.jpg","contentUrl":"https:\/\/glowpremium.fr\/wp-content\/uploads\/2024\/10\/screenshot_20241029_034909_chrome.jpg","width":866,"height":937,"caption":"Glow Premium"},"image":{"@id":"https:\/\/glowpremium.fr\/#\/schema\/logo\/image\/"}}]}},"_links":{"self":[{"href":"https:\/\/glowpremium.fr\/en\/wp-json\/wp\/v2\/product\/7045","targetHints":{"allow":["GET"]}}],"collection":[{"href":"https:\/\/glowpremium.fr\/en\/wp-json\/wp\/v2\/product"}],"about":[{"href":"https:\/\/glowpremium.fr\/en\/wp-json\/wp\/v2\/types\/product"}],"replies":[{"embeddable":true,"href":"https:\/\/glowpremium.fr\/en\/wp-json\/wp\/v2\/comments?post=7045"}],"version-history":[{"count":3,"href":"https:\/\/glowpremium.fr\/en\/wp-json\/wp\/v2\/product\/7045\/revisions"}],"predecessor-version":[{"id":7260,"href":"https:\/\/glowpremium.fr\/en\/wp-json\/wp\/v2\/product\/7045\/revisions\/7260"}],"wp:featuredmedia":[{"embeddable":true,"href":"https:\/\/glowpremium.fr\/en\/wp-json\/wp\/v2\/media\/6351"}],"wp:attachment":[{"href":"https:\/\/glowpremium.fr\/en\/wp-json\/wp\/v2\/media?parent=7045"}],"wp:term":[{"taxonomy":"brand","embeddable":true,"href":"https:\/\/glowpremium.fr\/en\/wp-json\/wp\/v2\/etheme_brands?post=7045"},{"taxonomy":"product_brand","embeddable":true,"href":"https:\/\/glowpremium.fr\/en\/wp-json\/wp\/v2\/product_brand?post=7045"},{"taxonomy":"product_cat","embeddable":true,"href":"https:\/\/glowpremium.fr\/en\/wp-json\/wp\/v2\/product_cat?post=7045"},{"taxonomy":"product_tag","embeddable":true,"href":"https:\/\/glowpremium.fr\/en\/wp-json\/wp\/v2\/product_tag?post=7045"}],"curies":[{"name":"wp","href":"https:\/\/api.w.org\/{rel}","templated":true}]}}