{"id":7042,"date":"2024-10-31T05:42:32","date_gmt":"2024-10-31T04:42:32","guid":{"rendered":"https:\/\/glowpremium.fr\/?post_type=product&#038;p=7042"},"modified":"2024-11-21T13:10:17","modified_gmt":"2024-11-21T12:10:17","slug":"concentre-belle-face-action-5-jours-reparateur-des-cernes-fares-puissant-antiataches","status":"publish","type":"product","link":"https:\/\/glowpremium.fr\/en\/lightening-product\/concentrated-belle-face-action-5-days-dark-circles-repairer-fares-powerful-anti-dark-spot-remover\/","title":{"rendered":"Fares 5-Day Beauty Face Action Dark Circle Repair Concentrate"},"content":{"rendered":"<p>Given the difficulties encountered by many people, men and women alike, in finding a permanent solution to the problem of dark spots on elbows, hinges and around the eyes, not to mention harmonising the complexion. We have developed a highly precise concentrate for you. It acts with precision on the softness of your skin. Permanently eradicates these various problems. It allows you to correct all skin problems in 5 days.<\/p>","protected":false},"excerpt":{"rendered":"<p><strong>How to use :<\/strong> For the neck, face, body and dark spots, we recommend mixing the Anti-Spot Concentrate into Belle Face Cleansing Milk. <strong>Recommendation:<\/strong> For external use only. If irritation occurs, discontinue use immediately.<strong>Composition:<\/strong> Essential oils, Fruit acids, Vitamin E<\/p>","protected":false},"featured_media":6903,"comment_status":"closed","ping_status":"closed","template":"","meta":[],"etheme_brands":[],"product_brand":[],"product_cat":[90,80,89],"product_tag":[],"class_list":{"0":"post-7042","1":"product","2":"type-product","3":"status-publish","4":"has-post-thumbnail","6":"product_cat-anti-taches-et-quintos","7":"product_cat-blanchissants-et-eclaircissants","8":"product_cat-concentres-eclaircissants","10":"first","11":"instock","12":"shipping-taxable","13":"purchasable","14":"product-type-simple"},"yoast_head":"<!-- This site is optimized with the Yoast SEO plugin v26.7 - https:\/\/yoast.com\/wordpress\/plugins\/seo\/ -->\n<title>Concentr\u00e9 Belle Face Action 5 Jours R\u00e9parateur Des cernes Fares - Glow Premium<\/title>\n<meta name=\"description\" content=\"concentr\u00e9 belle \u00e9claircissant blanchissant produit cosm\u00e9tique beaut\u00e9 peau claire blanchissant uniformise anti-t\u00e2ches \u00e9clat du teint\" \/>\n<meta name=\"robots\" content=\"index, follow, max-snippet:-1, max-image-preview:large, max-video-preview:-1\" \/>\n<link rel=\"canonical\" href=\"https:\/\/glowpremium.fr\/en\/lightening-product\/concentrated-belle-face-action-5-days-dark-circles-repairer-fares-powerful-anti-dark-spot-remover\/\" \/>\n<meta property=\"og:locale\" content=\"en_GB\" \/>\n<meta property=\"og:type\" content=\"article\" \/>\n<meta property=\"og:title\" content=\"Concentr\u00e9 Belle Face Action 5 Jours R\u00e9parateur Des cernes Fares - Glow Premium\" \/>\n<meta property=\"og:description\" content=\"concentr\u00e9 belle \u00e9claircissant blanchissant produit cosm\u00e9tique beaut\u00e9 peau claire blanchissant uniformise anti-t\u00e2ches \u00e9clat du teint\" \/>\n<meta property=\"og:url\" content=\"https:\/\/glowpremium.fr\/en\/lightening-product\/concentrated-belle-face-action-5-days-dark-circles-repairer-fares-powerful-anti-dark-spot-remover\/\" \/>\n<meta property=\"og:site_name\" content=\"Glow Premium\" \/>\n<meta property=\"article:modified_time\" content=\"2024-11-21T12:10:17+00:00\" \/>\n<meta property=\"og:image\" content=\"https:\/\/glowpremium.fr\/wp-content\/uploads\/2024\/10\/photoroom-20240803_223659.png\" \/>\n\t<meta property=\"og:image:width\" content=\"2000\" \/>\n\t<meta property=\"og:image:height\" content=\"2000\" \/>\n\t<meta property=\"og:image:type\" content=\"image\/png\" \/>\n<meta name=\"twitter:card\" content=\"summary_large_image\" \/>\n<meta name=\"twitter:label1\" content=\"Estimated reading time\" \/>\n\t<meta name=\"twitter:data1\" content=\"1 minute\" \/>\n<script type=\"application\/ld+json\" class=\"yoast-schema-graph\">{\"@context\":\"https:\/\/schema.org\",\"@graph\":[{\"@type\":\"WebPage\",\"@id\":\"https:\/\/glowpremium.fr\/produit-eclaircissant\/concentre-belle-face-action-5-jours-reparateur-des-cernes-fares-puissant-antiataches\/\",\"url\":\"https:\/\/glowpremium.fr\/produit-eclaircissant\/concentre-belle-face-action-5-jours-reparateur-des-cernes-fares-puissant-antiataches\/\",\"name\":\"Concentr\u00e9 Belle Face Action 5 Jours R\u00e9parateur Des cernes Fares - Glow Premium\",\"isPartOf\":{\"@id\":\"https:\/\/glowpremium.fr\/#website\"},\"primaryImageOfPage\":{\"@id\":\"https:\/\/glowpremium.fr\/produit-eclaircissant\/concentre-belle-face-action-5-jours-reparateur-des-cernes-fares-puissant-antiataches\/#primaryimage\"},\"image\":{\"@id\":\"https:\/\/glowpremium.fr\/produit-eclaircissant\/concentre-belle-face-action-5-jours-reparateur-des-cernes-fares-puissant-antiataches\/#primaryimage\"},\"thumbnailUrl\":\"https:\/\/glowpremium.fr\/wp-content\/uploads\/2024\/10\/photoroom-20240803_223659.png\",\"datePublished\":\"2024-10-31T04:42:32+00:00\",\"dateModified\":\"2024-11-21T12:10:17+00:00\",\"description\":\"concentr\u00e9 belle \u00e9claircissant blanchissant produit cosm\u00e9tique beaut\u00e9 peau claire blanchissant uniformise anti-t\u00e2ches \u00e9clat du teint\",\"breadcrumb\":{\"@id\":\"https:\/\/glowpremium.fr\/produit-eclaircissant\/concentre-belle-face-action-5-jours-reparateur-des-cernes-fares-puissant-antiataches\/#breadcrumb\"},\"inLanguage\":\"en-GB\",\"potentialAction\":[{\"@type\":\"ReadAction\",\"target\":[\"https:\/\/glowpremium.fr\/produit-eclaircissant\/concentre-belle-face-action-5-jours-reparateur-des-cernes-fares-puissant-antiataches\/\"]}]},{\"@type\":\"ImageObject\",\"inLanguage\":\"en-GB\",\"@id\":\"https:\/\/glowpremium.fr\/produit-eclaircissant\/concentre-belle-face-action-5-jours-reparateur-des-cernes-fares-puissant-antiataches\/#primaryimage\",\"url\":\"https:\/\/glowpremium.fr\/wp-content\/uploads\/2024\/10\/photoroom-20240803_223659.png\",\"contentUrl\":\"https:\/\/glowpremium.fr\/wp-content\/uploads\/2024\/10\/photoroom-20240803_223659.png\",\"width\":2000,\"height\":2000},{\"@type\":\"BreadcrumbList\",\"@id\":\"https:\/\/glowpremium.fr\/produit-eclaircissant\/concentre-belle-face-action-5-jours-reparateur-des-cernes-fares-puissant-antiataches\/#breadcrumb\",\"itemListElement\":[{\"@type\":\"ListItem\",\"position\":1,\"name\":\"Accueil\",\"item\":\"https:\/\/glowpremium.fr\/\"},{\"@type\":\"ListItem\",\"position\":2,\"name\":\"Boutique\",\"item\":\"https:\/\/glowpremium.fr\/boutique-produits-eclaircissants\/\"},{\"@type\":\"ListItem\",\"position\":3,\"name\":\"Concentr\u00e9 Belle Face Action 5 Jours R\u00e9parateur Des cernes Fares\"}]},{\"@type\":\"WebSite\",\"@id\":\"https:\/\/glowpremium.fr\/#website\",\"url\":\"https:\/\/glowpremium.fr\/\",\"name\":\"Glow Premium\",\"description\":\"\",\"publisher\":{\"@id\":\"https:\/\/glowpremium.fr\/#organization\"},\"potentialAction\":[{\"@type\":\"SearchAction\",\"target\":{\"@type\":\"EntryPoint\",\"urlTemplate\":\"https:\/\/glowpremium.fr\/?s={search_term_string}\"},\"query-input\":{\"@type\":\"PropertyValueSpecification\",\"valueRequired\":true,\"valueName\":\"search_term_string\"}}],\"inLanguage\":\"en-GB\"},{\"@type\":\"Organization\",\"@id\":\"https:\/\/glowpremium.fr\/#organization\",\"name\":\"Glow Premium\",\"url\":\"https:\/\/glowpremium.fr\/\",\"logo\":{\"@type\":\"ImageObject\",\"inLanguage\":\"en-GB\",\"@id\":\"https:\/\/glowpremium.fr\/#\/schema\/logo\/image\/\",\"url\":\"https:\/\/glowpremium.fr\/wp-content\/uploads\/2024\/10\/screenshot_20241029_034909_chrome.jpg\",\"contentUrl\":\"https:\/\/glowpremium.fr\/wp-content\/uploads\/2024\/10\/screenshot_20241029_034909_chrome.jpg\",\"width\":866,\"height\":937,\"caption\":\"Glow Premium\"},\"image\":{\"@id\":\"https:\/\/glowpremium.fr\/#\/schema\/logo\/image\/\"}}]}<\/script>\n<!-- \/ Yoast SEO plugin. -->","yoast_head_json":{"title":"Concentr\u00e9 Belle Face Action 5 Jours R\u00e9parateur Des cernes Fares - Glow Premium","description":"concentr\u00e9 belle \u00e9claircissant blanchissant produit cosm\u00e9tique beaut\u00e9 peau claire blanchissant uniformise anti-t\u00e2ches \u00e9clat du teint","robots":{"index":"index","follow":"follow","max-snippet":"max-snippet:-1","max-image-preview":"max-image-preview:large","max-video-preview":"max-video-preview:-1"},"canonical":"https:\/\/glowpremium.fr\/en\/lightening-product\/concentrated-belle-face-action-5-days-dark-circles-repairer-fares-powerful-anti-dark-spot-remover\/","og_locale":"en_GB","og_type":"article","og_title":"Concentr\u00e9 Belle Face Action 5 Jours R\u00e9parateur Des cernes Fares - Glow Premium","og_description":"concentr\u00e9 belle \u00e9claircissant blanchissant produit cosm\u00e9tique beaut\u00e9 peau claire blanchissant uniformise anti-t\u00e2ches \u00e9clat du teint","og_url":"https:\/\/glowpremium.fr\/en\/lightening-product\/concentrated-belle-face-action-5-days-dark-circles-repairer-fares-powerful-anti-dark-spot-remover\/","og_site_name":"Glow Premium","article_modified_time":"2024-11-21T12:10:17+00:00","og_image":[{"width":2000,"height":2000,"url":"https:\/\/glowpremium.fr\/wp-content\/uploads\/2024\/10\/photoroom-20240803_223659.png","type":"image\/png"}],"twitter_card":"summary_large_image","twitter_misc":{"Estimated reading time":"1 minute"},"schema":{"@context":"https:\/\/schema.org","@graph":[{"@type":"WebPage","@id":"https:\/\/glowpremium.fr\/produit-eclaircissant\/concentre-belle-face-action-5-jours-reparateur-des-cernes-fares-puissant-antiataches\/","url":"https:\/\/glowpremium.fr\/produit-eclaircissant\/concentre-belle-face-action-5-jours-reparateur-des-cernes-fares-puissant-antiataches\/","name":"Concentr\u00e9 Belle Face Action 5 Jours R\u00e9parateur Des cernes Fares - Glow Premium","isPartOf":{"@id":"https:\/\/glowpremium.fr\/#website"},"primaryImageOfPage":{"@id":"https:\/\/glowpremium.fr\/produit-eclaircissant\/concentre-belle-face-action-5-jours-reparateur-des-cernes-fares-puissant-antiataches\/#primaryimage"},"image":{"@id":"https:\/\/glowpremium.fr\/produit-eclaircissant\/concentre-belle-face-action-5-jours-reparateur-des-cernes-fares-puissant-antiataches\/#primaryimage"},"thumbnailUrl":"https:\/\/glowpremium.fr\/wp-content\/uploads\/2024\/10\/photoroom-20240803_223659.png","datePublished":"2024-10-31T04:42:32+00:00","dateModified":"2024-11-21T12:10:17+00:00","description":"concentr\u00e9 belle \u00e9claircissant blanchissant produit cosm\u00e9tique beaut\u00e9 peau claire blanchissant uniformise anti-t\u00e2ches \u00e9clat du teint","breadcrumb":{"@id":"https:\/\/glowpremium.fr\/produit-eclaircissant\/concentre-belle-face-action-5-jours-reparateur-des-cernes-fares-puissant-antiataches\/#breadcrumb"},"inLanguage":"en-GB","potentialAction":[{"@type":"ReadAction","target":["https:\/\/glowpremium.fr\/produit-eclaircissant\/concentre-belle-face-action-5-jours-reparateur-des-cernes-fares-puissant-antiataches\/"]}]},{"@type":"ImageObject","inLanguage":"en-GB","@id":"https:\/\/glowpremium.fr\/produit-eclaircissant\/concentre-belle-face-action-5-jours-reparateur-des-cernes-fares-puissant-antiataches\/#primaryimage","url":"https:\/\/glowpremium.fr\/wp-content\/uploads\/2024\/10\/photoroom-20240803_223659.png","contentUrl":"https:\/\/glowpremium.fr\/wp-content\/uploads\/2024\/10\/photoroom-20240803_223659.png","width":2000,"height":2000},{"@type":"BreadcrumbList","@id":"https:\/\/glowpremium.fr\/produit-eclaircissant\/concentre-belle-face-action-5-jours-reparateur-des-cernes-fares-puissant-antiataches\/#breadcrumb","itemListElement":[{"@type":"ListItem","position":1,"name":"Accueil","item":"https:\/\/glowpremium.fr\/"},{"@type":"ListItem","position":2,"name":"Boutique","item":"https:\/\/glowpremium.fr\/boutique-produits-eclaircissants\/"},{"@type":"ListItem","position":3,"name":"Concentr\u00e9 Belle Face Action 5 Jours R\u00e9parateur Des cernes Fares"}]},{"@type":"WebSite","@id":"https:\/\/glowpremium.fr\/#website","url":"https:\/\/glowpremium.fr\/","name":"Glow Premium","description":"","publisher":{"@id":"https:\/\/glowpremium.fr\/#organization"},"potentialAction":[{"@type":"SearchAction","target":{"@type":"EntryPoint","urlTemplate":"https:\/\/glowpremium.fr\/?s={search_term_string}"},"query-input":{"@type":"PropertyValueSpecification","valueRequired":true,"valueName":"search_term_string"}}],"inLanguage":"en-GB"},{"@type":"Organization","@id":"https:\/\/glowpremium.fr\/#organization","name":"Glow Premium","url":"https:\/\/glowpremium.fr\/","logo":{"@type":"ImageObject","inLanguage":"en-GB","@id":"https:\/\/glowpremium.fr\/#\/schema\/logo\/image\/","url":"https:\/\/glowpremium.fr\/wp-content\/uploads\/2024\/10\/screenshot_20241029_034909_chrome.jpg","contentUrl":"https:\/\/glowpremium.fr\/wp-content\/uploads\/2024\/10\/screenshot_20241029_034909_chrome.jpg","width":866,"height":937,"caption":"Glow Premium"},"image":{"@id":"https:\/\/glowpremium.fr\/#\/schema\/logo\/image\/"}}]}},"_links":{"self":[{"href":"https:\/\/glowpremium.fr\/en\/wp-json\/wp\/v2\/product\/7042","targetHints":{"allow":["GET"]}}],"collection":[{"href":"https:\/\/glowpremium.fr\/en\/wp-json\/wp\/v2\/product"}],"about":[{"href":"https:\/\/glowpremium.fr\/en\/wp-json\/wp\/v2\/types\/product"}],"replies":[{"embeddable":true,"href":"https:\/\/glowpremium.fr\/en\/wp-json\/wp\/v2\/comments?post=7042"}],"version-history":[{"count":3,"href":"https:\/\/glowpremium.fr\/en\/wp-json\/wp\/v2\/product\/7042\/revisions"}],"predecessor-version":[{"id":7262,"href":"https:\/\/glowpremium.fr\/en\/wp-json\/wp\/v2\/product\/7042\/revisions\/7262"}],"wp:featuredmedia":[{"embeddable":true,"href":"https:\/\/glowpremium.fr\/en\/wp-json\/wp\/v2\/media\/6903"}],"wp:attachment":[{"href":"https:\/\/glowpremium.fr\/en\/wp-json\/wp\/v2\/media?parent=7042"}],"wp:term":[{"taxonomy":"brand","embeddable":true,"href":"https:\/\/glowpremium.fr\/en\/wp-json\/wp\/v2\/etheme_brands?post=7042"},{"taxonomy":"product_brand","embeddable":true,"href":"https:\/\/glowpremium.fr\/en\/wp-json\/wp\/v2\/product_brand?post=7042"},{"taxonomy":"product_cat","embeddable":true,"href":"https:\/\/glowpremium.fr\/en\/wp-json\/wp\/v2\/product_cat?post=7042"},{"taxonomy":"product_tag","embeddable":true,"href":"https:\/\/glowpremium.fr\/en\/wp-json\/wp\/v2\/product_tag?post=7042"}],"curies":[{"name":"wp","href":"https:\/\/api.w.org\/{rel}","templated":true}]}}