{"id":6948,"date":"2024-10-30T06:53:30","date_gmt":"2024-10-30T05:53:30","guid":{"rendered":"https:\/\/glowpremium.fr\/?post_type=product&#038;p=6948"},"modified":"2024-11-04T17:22:22","modified_gmt":"2024-11-04T16:22:22","slug":"lait-eclaircissant-efficacite-maximale-booster-carotte-hydrate-nourrit-francoise-bedon","status":"publish","type":"product","link":"https:\/\/glowpremium.fr\/en\/lightening-product\/lightening-milk-maximum-effectiveness-booster-carrot-moisturises-nourishes-francoise-bedon\/","title":{"rendered":"Maximum Efficiency Lightening Milk Booster Carrot F Bedon"},"content":{"rendered":"<p>maximum effectiveness and record results for this improved formula based on ingredients of well selected qualities and carrot act in synergy immediate and lasting hydration while clarifying and unifying your complexion with vitamin E that fights free radicals responsible for premature aging and the formation of wrinkles, spots for all skin types.<\/p>","protected":false},"excerpt":{"rendered":"<p><strong>Advice on use: <\/strong><\/p>\n<p>Use 2 times a day, preferably after a shower, all over the body, massaging to penetrate.<\/p>","protected":false},"featured_media":6943,"comment_status":"closed","ping_status":"closed","template":"","meta":[],"etheme_brands":[],"product_brand":[],"product_cat":[80,84],"product_tag":[],"class_list":{"0":"post-6948","1":"product","2":"type-product","3":"status-publish","4":"has-post-thumbnail","6":"product_cat-blanchissants-et-eclaircissants","7":"product_cat-huiles-eclaircissantes","9":"first","10":"instock","11":"featured","12":"shipping-taxable","13":"purchasable","14":"product-type-simple"},"yoast_head":"<!-- This site is optimized with the Yoast SEO plugin v26.7 - https:\/\/yoast.com\/wordpress\/plugins\/seo\/ -->\n<title>Lait \u00c9claircissant Efficacit\u00e9 Maximale Booster Carotte F Bedon - Glow Premium<\/title>\n<meta name=\"description\" content=\"lait booster carotte F bedon \u00e9claircissant beaut\u00e9 uniformise produit cosm\u00e9tique blanchissant pour \u00e9claircir la peau noire et m\u00e9tisse illumine\" \/>\n<meta name=\"robots\" content=\"index, follow, max-snippet:-1, max-image-preview:large, max-video-preview:-1\" \/>\n<link rel=\"canonical\" href=\"https:\/\/glowpremium.fr\/en\/lightening-product\/lightening-milk-maximum-effectiveness-booster-carrot-moisturises-nourishes-francoise-bedon\/\" \/>\n<meta property=\"og:locale\" content=\"en_GB\" \/>\n<meta property=\"og:type\" content=\"article\" \/>\n<meta property=\"og:title\" content=\"Lait \u00c9claircissant Efficacit\u00e9 Maximale Booster Carotte F Bedon - Glow Premium\" \/>\n<meta property=\"og:description\" content=\"lait booster carotte F bedon \u00e9claircissant beaut\u00e9 uniformise produit cosm\u00e9tique blanchissant pour \u00e9claircir la peau noire et m\u00e9tisse illumine\" \/>\n<meta property=\"og:url\" content=\"https:\/\/glowpremium.fr\/en\/lightening-product\/lightening-milk-maximum-effectiveness-booster-carrot-moisturises-nourishes-francoise-bedon\/\" \/>\n<meta property=\"og:site_name\" content=\"Glow Premium\" \/>\n<meta property=\"article:modified_time\" content=\"2024-11-04T16:22:22+00:00\" \/>\n<meta property=\"og:image\" content=\"https:\/\/glowpremium.fr\/wp-content\/uploads\/2024\/10\/screenshot_20240922_154019_instagram.jpg\" \/>\n\t<meta property=\"og:image:width\" content=\"1057\" \/>\n\t<meta property=\"og:image:height\" content=\"810\" \/>\n\t<meta property=\"og:image:type\" content=\"image\/jpeg\" \/>\n<meta name=\"twitter:card\" content=\"summary_large_image\" \/>\n<meta name=\"twitter:label1\" content=\"Estimated reading time\" \/>\n\t<meta name=\"twitter:data1\" content=\"1 minute\" \/>\n<script type=\"application\/ld+json\" class=\"yoast-schema-graph\">{\"@context\":\"https:\/\/schema.org\",\"@graph\":[{\"@type\":\"WebPage\",\"@id\":\"https:\/\/glowpremium.fr\/produit-eclaircissant\/lait-eclaircissant-efficacite-maximale-booster-carotte-hydrate-nourrit-francoise-bedon\/\",\"url\":\"https:\/\/glowpremium.fr\/produit-eclaircissant\/lait-eclaircissant-efficacite-maximale-booster-carotte-hydrate-nourrit-francoise-bedon\/\",\"name\":\"Lait \u00c9claircissant Efficacit\u00e9 Maximale Booster Carotte F Bedon - Glow Premium\",\"isPartOf\":{\"@id\":\"https:\/\/glowpremium.fr\/#website\"},\"primaryImageOfPage\":{\"@id\":\"https:\/\/glowpremium.fr\/produit-eclaircissant\/lait-eclaircissant-efficacite-maximale-booster-carotte-hydrate-nourrit-francoise-bedon\/#primaryimage\"},\"image\":{\"@id\":\"https:\/\/glowpremium.fr\/produit-eclaircissant\/lait-eclaircissant-efficacite-maximale-booster-carotte-hydrate-nourrit-francoise-bedon\/#primaryimage\"},\"thumbnailUrl\":\"https:\/\/glowpremium.fr\/wp-content\/uploads\/2024\/10\/screenshot_20240922_154019_instagram.jpg\",\"datePublished\":\"2024-10-30T05:53:30+00:00\",\"dateModified\":\"2024-11-04T16:22:22+00:00\",\"description\":\"lait booster carotte F bedon \u00e9claircissant beaut\u00e9 uniformise produit cosm\u00e9tique blanchissant pour \u00e9claircir la peau noire et m\u00e9tisse illumine\",\"breadcrumb\":{\"@id\":\"https:\/\/glowpremium.fr\/produit-eclaircissant\/lait-eclaircissant-efficacite-maximale-booster-carotte-hydrate-nourrit-francoise-bedon\/#breadcrumb\"},\"inLanguage\":\"en-GB\",\"potentialAction\":[{\"@type\":\"ReadAction\",\"target\":[\"https:\/\/glowpremium.fr\/produit-eclaircissant\/lait-eclaircissant-efficacite-maximale-booster-carotte-hydrate-nourrit-francoise-bedon\/\"]}]},{\"@type\":\"ImageObject\",\"inLanguage\":\"en-GB\",\"@id\":\"https:\/\/glowpremium.fr\/produit-eclaircissant\/lait-eclaircissant-efficacite-maximale-booster-carotte-hydrate-nourrit-francoise-bedon\/#primaryimage\",\"url\":\"https:\/\/glowpremium.fr\/wp-content\/uploads\/2024\/10\/screenshot_20240922_154019_instagram.jpg\",\"contentUrl\":\"https:\/\/glowpremium.fr\/wp-content\/uploads\/2024\/10\/screenshot_20240922_154019_instagram.jpg\",\"width\":1057,\"height\":810},{\"@type\":\"BreadcrumbList\",\"@id\":\"https:\/\/glowpremium.fr\/produit-eclaircissant\/lait-eclaircissant-efficacite-maximale-booster-carotte-hydrate-nourrit-francoise-bedon\/#breadcrumb\",\"itemListElement\":[{\"@type\":\"ListItem\",\"position\":1,\"name\":\"Accueil\",\"item\":\"https:\/\/glowpremium.fr\/\"},{\"@type\":\"ListItem\",\"position\":2,\"name\":\"Boutique\",\"item\":\"https:\/\/glowpremium.fr\/boutique-produits-eclaircissants\/\"},{\"@type\":\"ListItem\",\"position\":3,\"name\":\"Lait \u00c9claircissant Efficacit\u00e9 Maximale Booster Carotte F Bedon\"}]},{\"@type\":\"WebSite\",\"@id\":\"https:\/\/glowpremium.fr\/#website\",\"url\":\"https:\/\/glowpremium.fr\/\",\"name\":\"Glow Premium\",\"description\":\"\",\"publisher\":{\"@id\":\"https:\/\/glowpremium.fr\/#organization\"},\"potentialAction\":[{\"@type\":\"SearchAction\",\"target\":{\"@type\":\"EntryPoint\",\"urlTemplate\":\"https:\/\/glowpremium.fr\/?s={search_term_string}\"},\"query-input\":{\"@type\":\"PropertyValueSpecification\",\"valueRequired\":true,\"valueName\":\"search_term_string\"}}],\"inLanguage\":\"en-GB\"},{\"@type\":\"Organization\",\"@id\":\"https:\/\/glowpremium.fr\/#organization\",\"name\":\"Glow Premium\",\"url\":\"https:\/\/glowpremium.fr\/\",\"logo\":{\"@type\":\"ImageObject\",\"inLanguage\":\"en-GB\",\"@id\":\"https:\/\/glowpremium.fr\/#\/schema\/logo\/image\/\",\"url\":\"https:\/\/glowpremium.fr\/wp-content\/uploads\/2024\/10\/screenshot_20241029_034909_chrome.jpg\",\"contentUrl\":\"https:\/\/glowpremium.fr\/wp-content\/uploads\/2024\/10\/screenshot_20241029_034909_chrome.jpg\",\"width\":866,\"height\":937,\"caption\":\"Glow Premium\"},\"image\":{\"@id\":\"https:\/\/glowpremium.fr\/#\/schema\/logo\/image\/\"}}]}<\/script>\n<!-- \/ Yoast SEO plugin. -->","yoast_head_json":{"title":"Lait \u00c9claircissant Efficacit\u00e9 Maximale Booster Carotte F Bedon - Glow Premium","description":"lait booster carotte F bedon \u00e9claircissant beaut\u00e9 uniformise produit cosm\u00e9tique blanchissant pour \u00e9claircir la peau noire et m\u00e9tisse illumine","robots":{"index":"index","follow":"follow","max-snippet":"max-snippet:-1","max-image-preview":"max-image-preview:large","max-video-preview":"max-video-preview:-1"},"canonical":"https:\/\/glowpremium.fr\/en\/lightening-product\/lightening-milk-maximum-effectiveness-booster-carrot-moisturises-nourishes-francoise-bedon\/","og_locale":"en_GB","og_type":"article","og_title":"Lait \u00c9claircissant Efficacit\u00e9 Maximale Booster Carotte F Bedon - Glow Premium","og_description":"lait booster carotte F bedon \u00e9claircissant beaut\u00e9 uniformise produit cosm\u00e9tique blanchissant pour \u00e9claircir la peau noire et m\u00e9tisse illumine","og_url":"https:\/\/glowpremium.fr\/en\/lightening-product\/lightening-milk-maximum-effectiveness-booster-carrot-moisturises-nourishes-francoise-bedon\/","og_site_name":"Glow Premium","article_modified_time":"2024-11-04T16:22:22+00:00","og_image":[{"width":1057,"height":810,"url":"https:\/\/glowpremium.fr\/wp-content\/uploads\/2024\/10\/screenshot_20240922_154019_instagram.jpg","type":"image\/jpeg"}],"twitter_card":"summary_large_image","twitter_misc":{"Estimated reading time":"1 minute"},"schema":{"@context":"https:\/\/schema.org","@graph":[{"@type":"WebPage","@id":"https:\/\/glowpremium.fr\/produit-eclaircissant\/lait-eclaircissant-efficacite-maximale-booster-carotte-hydrate-nourrit-francoise-bedon\/","url":"https:\/\/glowpremium.fr\/produit-eclaircissant\/lait-eclaircissant-efficacite-maximale-booster-carotte-hydrate-nourrit-francoise-bedon\/","name":"Lait \u00c9claircissant Efficacit\u00e9 Maximale Booster Carotte F Bedon - Glow Premium","isPartOf":{"@id":"https:\/\/glowpremium.fr\/#website"},"primaryImageOfPage":{"@id":"https:\/\/glowpremium.fr\/produit-eclaircissant\/lait-eclaircissant-efficacite-maximale-booster-carotte-hydrate-nourrit-francoise-bedon\/#primaryimage"},"image":{"@id":"https:\/\/glowpremium.fr\/produit-eclaircissant\/lait-eclaircissant-efficacite-maximale-booster-carotte-hydrate-nourrit-francoise-bedon\/#primaryimage"},"thumbnailUrl":"https:\/\/glowpremium.fr\/wp-content\/uploads\/2024\/10\/screenshot_20240922_154019_instagram.jpg","datePublished":"2024-10-30T05:53:30+00:00","dateModified":"2024-11-04T16:22:22+00:00","description":"lait booster carotte F bedon \u00e9claircissant beaut\u00e9 uniformise produit cosm\u00e9tique blanchissant pour \u00e9claircir la peau noire et m\u00e9tisse illumine","breadcrumb":{"@id":"https:\/\/glowpremium.fr\/produit-eclaircissant\/lait-eclaircissant-efficacite-maximale-booster-carotte-hydrate-nourrit-francoise-bedon\/#breadcrumb"},"inLanguage":"en-GB","potentialAction":[{"@type":"ReadAction","target":["https:\/\/glowpremium.fr\/produit-eclaircissant\/lait-eclaircissant-efficacite-maximale-booster-carotte-hydrate-nourrit-francoise-bedon\/"]}]},{"@type":"ImageObject","inLanguage":"en-GB","@id":"https:\/\/glowpremium.fr\/produit-eclaircissant\/lait-eclaircissant-efficacite-maximale-booster-carotte-hydrate-nourrit-francoise-bedon\/#primaryimage","url":"https:\/\/glowpremium.fr\/wp-content\/uploads\/2024\/10\/screenshot_20240922_154019_instagram.jpg","contentUrl":"https:\/\/glowpremium.fr\/wp-content\/uploads\/2024\/10\/screenshot_20240922_154019_instagram.jpg","width":1057,"height":810},{"@type":"BreadcrumbList","@id":"https:\/\/glowpremium.fr\/produit-eclaircissant\/lait-eclaircissant-efficacite-maximale-booster-carotte-hydrate-nourrit-francoise-bedon\/#breadcrumb","itemListElement":[{"@type":"ListItem","position":1,"name":"Accueil","item":"https:\/\/glowpremium.fr\/"},{"@type":"ListItem","position":2,"name":"Boutique","item":"https:\/\/glowpremium.fr\/boutique-produits-eclaircissants\/"},{"@type":"ListItem","position":3,"name":"Lait \u00c9claircissant Efficacit\u00e9 Maximale Booster Carotte F Bedon"}]},{"@type":"WebSite","@id":"https:\/\/glowpremium.fr\/#website","url":"https:\/\/glowpremium.fr\/","name":"Glow Premium","description":"","publisher":{"@id":"https:\/\/glowpremium.fr\/#organization"},"potentialAction":[{"@type":"SearchAction","target":{"@type":"EntryPoint","urlTemplate":"https:\/\/glowpremium.fr\/?s={search_term_string}"},"query-input":{"@type":"PropertyValueSpecification","valueRequired":true,"valueName":"search_term_string"}}],"inLanguage":"en-GB"},{"@type":"Organization","@id":"https:\/\/glowpremium.fr\/#organization","name":"Glow Premium","url":"https:\/\/glowpremium.fr\/","logo":{"@type":"ImageObject","inLanguage":"en-GB","@id":"https:\/\/glowpremium.fr\/#\/schema\/logo\/image\/","url":"https:\/\/glowpremium.fr\/wp-content\/uploads\/2024\/10\/screenshot_20241029_034909_chrome.jpg","contentUrl":"https:\/\/glowpremium.fr\/wp-content\/uploads\/2024\/10\/screenshot_20241029_034909_chrome.jpg","width":866,"height":937,"caption":"Glow Premium"},"image":{"@id":"https:\/\/glowpremium.fr\/#\/schema\/logo\/image\/"}}]}},"_links":{"self":[{"href":"https:\/\/glowpremium.fr\/en\/wp-json\/wp\/v2\/product\/6948","targetHints":{"allow":["GET"]}}],"collection":[{"href":"https:\/\/glowpremium.fr\/en\/wp-json\/wp\/v2\/product"}],"about":[{"href":"https:\/\/glowpremium.fr\/en\/wp-json\/wp\/v2\/types\/product"}],"replies":[{"embeddable":true,"href":"https:\/\/glowpremium.fr\/en\/wp-json\/wp\/v2\/comments?post=6948"}],"version-history":[{"count":3,"href":"https:\/\/glowpremium.fr\/en\/wp-json\/wp\/v2\/product\/6948\/revisions"}],"predecessor-version":[{"id":7264,"href":"https:\/\/glowpremium.fr\/en\/wp-json\/wp\/v2\/product\/6948\/revisions\/7264"}],"wp:featuredmedia":[{"embeddable":true,"href":"https:\/\/glowpremium.fr\/en\/wp-json\/wp\/v2\/media\/6943"}],"wp:attachment":[{"href":"https:\/\/glowpremium.fr\/en\/wp-json\/wp\/v2\/media?parent=6948"}],"wp:term":[{"taxonomy":"brand","embeddable":true,"href":"https:\/\/glowpremium.fr\/en\/wp-json\/wp\/v2\/etheme_brands?post=6948"},{"taxonomy":"product_brand","embeddable":true,"href":"https:\/\/glowpremium.fr\/en\/wp-json\/wp\/v2\/product_brand?post=6948"},{"taxonomy":"product_cat","embeddable":true,"href":"https:\/\/glowpremium.fr\/en\/wp-json\/wp\/v2\/product_cat?post=6948"},{"taxonomy":"product_tag","embeddable":true,"href":"https:\/\/glowpremium.fr\/en\/wp-json\/wp\/v2\/product_tag?post=6948"}],"curies":[{"name":"wp","href":"https:\/\/api.w.org\/{rel}","templated":true}]}}