{"id":6938,"date":"2024-10-30T06:11:08","date_gmt":"2024-10-30T05:11:08","guid":{"rendered":"https:\/\/glowpremium.fr\/?post_type=product&#038;p=6938"},"modified":"2024-11-04T17:42:49","modified_gmt":"2024-11-04T16:42:49","slug":"creme-tube-eclaircissant-fair-glow-lovely-advanced-vitamin-spf30","status":"publish","type":"product","link":"https:\/\/glowpremium.fr\/en\/lightening-product\/fair-glow-lovely-advanced-vitamin-spf30-brightening-cream-tube\/","title":{"rendered":"Fair Glow Lovely Vitamin Lightening Cream Tube SPF30"},"content":{"rendered":"<p>Fair and Lovely Lightening Tube is a cream containing heroic multivitamin ingredients. The tube will make your skin smooth, radiant and soft, leaving no trace of spots all over your face. this tube will remove hyper pigmentation spots, also known as mbata or mamies spots and pimples total repair of the face protects the complexion from the aggressions of the cold wind and sun and wrinkles vitamins repair quickly lighten.<\/p>","protected":false},"excerpt":{"rendered":"<p><strong>How to use :<\/strong><\/p>\n<p>Use morning or evening on cleansed skin.<\/p>\n<p><strong>Recommendation:<\/strong><\/p>\n<p>For external use only. If irritation develops, discontinue use. Keep out of reach of children.<\/p>\n<p><strong>Composition:<\/strong><\/p>\n<p>Multivitamins, Vitamins B3, C, E and B6, Niacinamide.<\/p>","protected":false},"featured_media":6939,"comment_status":"closed","ping_status":"closed","template":"","meta":[],"etheme_brands":[],"product_brand":[],"product_cat":[80,81,72],"product_tag":[],"class_list":{"0":"post-6938","1":"product","2":"type-product","3":"status-publish","4":"has-post-thumbnail","6":"product_cat-blanchissants-et-eclaircissants","7":"product_cat-cremes-eclaircissantes","8":"product_cat-visage","10":"first","11":"instock","12":"featured","13":"shipping-taxable","14":"purchasable","15":"product-type-simple"},"yoast_head":"<!-- This site is optimized with the Yoast SEO plugin v26.7 - https:\/\/yoast.com\/wordpress\/plugins\/seo\/ -->\n<title>Cr\u00e8me Tube \u00c9claircissant Fair Glow Lovely Vitamin SPF30 - Glow Premium<\/title>\n<meta name=\"description\" content=\"Cr\u00e9me visage fair lovely \u00e9claircissant cosm\u00e9tique anti-t\u00e2ches beaut\u00e9 \u00e9clat uniformise produit de beaut\u00e9 blanchissant anti-t\u00e2ches clarifiant\" \/>\n<meta name=\"robots\" content=\"index, follow, max-snippet:-1, max-image-preview:large, max-video-preview:-1\" \/>\n<link rel=\"canonical\" href=\"https:\/\/glowpremium.fr\/en\/lightening-product\/fair-glow-lovely-advanced-vitamin-spf30-brightening-cream-tube\/\" \/>\n<meta property=\"og:locale\" content=\"en_GB\" \/>\n<meta property=\"og:type\" content=\"article\" \/>\n<meta property=\"og:title\" content=\"Cr\u00e8me Tube \u00c9claircissant Fair Glow Lovely Vitamin SPF30 - Glow Premium\" \/>\n<meta property=\"og:description\" content=\"Cr\u00e9me visage fair lovely \u00e9claircissant cosm\u00e9tique anti-t\u00e2ches beaut\u00e9 \u00e9clat uniformise produit de beaut\u00e9 blanchissant anti-t\u00e2ches clarifiant\" \/>\n<meta property=\"og:url\" content=\"https:\/\/glowpremium.fr\/en\/lightening-product\/fair-glow-lovely-advanced-vitamin-spf30-brightening-cream-tube\/\" \/>\n<meta property=\"og:site_name\" content=\"Glow Premium\" \/>\n<meta property=\"article:modified_time\" content=\"2024-11-04T16:42:49+00:00\" \/>\n<meta property=\"og:image\" content=\"https:\/\/glowpremium.fr\/wp-content\/uploads\/2024\/10\/7f7e3e6a-6686-4107-b68d-3efa1fcb2efb.jpg\" \/>\n\t<meta property=\"og:image:width\" content=\"1600\" \/>\n\t<meta property=\"og:image:height\" content=\"1419\" \/>\n\t<meta property=\"og:image:type\" content=\"image\/jpeg\" \/>\n<meta name=\"twitter:card\" content=\"summary_large_image\" \/>\n<meta name=\"twitter:label1\" content=\"Estimated reading time\" \/>\n\t<meta name=\"twitter:data1\" content=\"1 minute\" \/>\n<script type=\"application\/ld+json\" class=\"yoast-schema-graph\">{\"@context\":\"https:\/\/schema.org\",\"@graph\":[{\"@type\":\"WebPage\",\"@id\":\"https:\/\/glowpremium.fr\/produit-eclaircissant\/creme-tube-eclaircissant-fair-glow-lovely-advanced-vitamin-spf30\/\",\"url\":\"https:\/\/glowpremium.fr\/produit-eclaircissant\/creme-tube-eclaircissant-fair-glow-lovely-advanced-vitamin-spf30\/\",\"name\":\"Cr\u00e8me Tube \u00c9claircissant Fair Glow Lovely Vitamin SPF30 - Glow Premium\",\"isPartOf\":{\"@id\":\"https:\/\/glowpremium.fr\/#website\"},\"primaryImageOfPage\":{\"@id\":\"https:\/\/glowpremium.fr\/produit-eclaircissant\/creme-tube-eclaircissant-fair-glow-lovely-advanced-vitamin-spf30\/#primaryimage\"},\"image\":{\"@id\":\"https:\/\/glowpremium.fr\/produit-eclaircissant\/creme-tube-eclaircissant-fair-glow-lovely-advanced-vitamin-spf30\/#primaryimage\"},\"thumbnailUrl\":\"https:\/\/glowpremium.fr\/wp-content\/uploads\/2024\/10\/7f7e3e6a-6686-4107-b68d-3efa1fcb2efb.jpg\",\"datePublished\":\"2024-10-30T05:11:08+00:00\",\"dateModified\":\"2024-11-04T16:42:49+00:00\",\"description\":\"Cr\u00e9me visage fair lovely \u00e9claircissant cosm\u00e9tique anti-t\u00e2ches beaut\u00e9 \u00e9clat uniformise produit de beaut\u00e9 blanchissant anti-t\u00e2ches clarifiant\",\"breadcrumb\":{\"@id\":\"https:\/\/glowpremium.fr\/produit-eclaircissant\/creme-tube-eclaircissant-fair-glow-lovely-advanced-vitamin-spf30\/#breadcrumb\"},\"inLanguage\":\"en-GB\",\"potentialAction\":[{\"@type\":\"ReadAction\",\"target\":[\"https:\/\/glowpremium.fr\/produit-eclaircissant\/creme-tube-eclaircissant-fair-glow-lovely-advanced-vitamin-spf30\/\"]}]},{\"@type\":\"ImageObject\",\"inLanguage\":\"en-GB\",\"@id\":\"https:\/\/glowpremium.fr\/produit-eclaircissant\/creme-tube-eclaircissant-fair-glow-lovely-advanced-vitamin-spf30\/#primaryimage\",\"url\":\"https:\/\/glowpremium.fr\/wp-content\/uploads\/2024\/10\/7f7e3e6a-6686-4107-b68d-3efa1fcb2efb.jpg\",\"contentUrl\":\"https:\/\/glowpremium.fr\/wp-content\/uploads\/2024\/10\/7f7e3e6a-6686-4107-b68d-3efa1fcb2efb.jpg\",\"width\":1600,\"height\":1419},{\"@type\":\"BreadcrumbList\",\"@id\":\"https:\/\/glowpremium.fr\/produit-eclaircissant\/creme-tube-eclaircissant-fair-glow-lovely-advanced-vitamin-spf30\/#breadcrumb\",\"itemListElement\":[{\"@type\":\"ListItem\",\"position\":1,\"name\":\"Accueil\",\"item\":\"https:\/\/glowpremium.fr\/\"},{\"@type\":\"ListItem\",\"position\":2,\"name\":\"Boutique\",\"item\":\"https:\/\/glowpremium.fr\/boutique-produits-eclaircissants\/\"},{\"@type\":\"ListItem\",\"position\":3,\"name\":\"Cr\u00e8me Tube \u00c9claircissant Fair Glow Lovely Vitamin SPF30\"}]},{\"@type\":\"WebSite\",\"@id\":\"https:\/\/glowpremium.fr\/#website\",\"url\":\"https:\/\/glowpremium.fr\/\",\"name\":\"Glow Premium\",\"description\":\"\",\"publisher\":{\"@id\":\"https:\/\/glowpremium.fr\/#organization\"},\"potentialAction\":[{\"@type\":\"SearchAction\",\"target\":{\"@type\":\"EntryPoint\",\"urlTemplate\":\"https:\/\/glowpremium.fr\/?s={search_term_string}\"},\"query-input\":{\"@type\":\"PropertyValueSpecification\",\"valueRequired\":true,\"valueName\":\"search_term_string\"}}],\"inLanguage\":\"en-GB\"},{\"@type\":\"Organization\",\"@id\":\"https:\/\/glowpremium.fr\/#organization\",\"name\":\"Glow Premium\",\"url\":\"https:\/\/glowpremium.fr\/\",\"logo\":{\"@type\":\"ImageObject\",\"inLanguage\":\"en-GB\",\"@id\":\"https:\/\/glowpremium.fr\/#\/schema\/logo\/image\/\",\"url\":\"https:\/\/glowpremium.fr\/wp-content\/uploads\/2024\/10\/screenshot_20241029_034909_chrome.jpg\",\"contentUrl\":\"https:\/\/glowpremium.fr\/wp-content\/uploads\/2024\/10\/screenshot_20241029_034909_chrome.jpg\",\"width\":866,\"height\":937,\"caption\":\"Glow Premium\"},\"image\":{\"@id\":\"https:\/\/glowpremium.fr\/#\/schema\/logo\/image\/\"}}]}<\/script>\n<!-- \/ Yoast SEO plugin. -->","yoast_head_json":{"title":"Cr\u00e8me Tube \u00c9claircissant Fair Glow Lovely Vitamin SPF30 - Glow Premium","description":"Cr\u00e9me visage fair lovely \u00e9claircissant cosm\u00e9tique anti-t\u00e2ches beaut\u00e9 \u00e9clat uniformise produit de beaut\u00e9 blanchissant anti-t\u00e2ches clarifiant","robots":{"index":"index","follow":"follow","max-snippet":"max-snippet:-1","max-image-preview":"max-image-preview:large","max-video-preview":"max-video-preview:-1"},"canonical":"https:\/\/glowpremium.fr\/en\/lightening-product\/fair-glow-lovely-advanced-vitamin-spf30-brightening-cream-tube\/","og_locale":"en_GB","og_type":"article","og_title":"Cr\u00e8me Tube \u00c9claircissant Fair Glow Lovely Vitamin SPF30 - Glow Premium","og_description":"Cr\u00e9me visage fair lovely \u00e9claircissant cosm\u00e9tique anti-t\u00e2ches beaut\u00e9 \u00e9clat uniformise produit de beaut\u00e9 blanchissant anti-t\u00e2ches clarifiant","og_url":"https:\/\/glowpremium.fr\/en\/lightening-product\/fair-glow-lovely-advanced-vitamin-spf30-brightening-cream-tube\/","og_site_name":"Glow Premium","article_modified_time":"2024-11-04T16:42:49+00:00","og_image":[{"width":1600,"height":1419,"url":"https:\/\/glowpremium.fr\/wp-content\/uploads\/2024\/10\/7f7e3e6a-6686-4107-b68d-3efa1fcb2efb.jpg","type":"image\/jpeg"}],"twitter_card":"summary_large_image","twitter_misc":{"Estimated reading time":"1 minute"},"schema":{"@context":"https:\/\/schema.org","@graph":[{"@type":"WebPage","@id":"https:\/\/glowpremium.fr\/produit-eclaircissant\/creme-tube-eclaircissant-fair-glow-lovely-advanced-vitamin-spf30\/","url":"https:\/\/glowpremium.fr\/produit-eclaircissant\/creme-tube-eclaircissant-fair-glow-lovely-advanced-vitamin-spf30\/","name":"Cr\u00e8me Tube \u00c9claircissant Fair Glow Lovely Vitamin SPF30 - Glow Premium","isPartOf":{"@id":"https:\/\/glowpremium.fr\/#website"},"primaryImageOfPage":{"@id":"https:\/\/glowpremium.fr\/produit-eclaircissant\/creme-tube-eclaircissant-fair-glow-lovely-advanced-vitamin-spf30\/#primaryimage"},"image":{"@id":"https:\/\/glowpremium.fr\/produit-eclaircissant\/creme-tube-eclaircissant-fair-glow-lovely-advanced-vitamin-spf30\/#primaryimage"},"thumbnailUrl":"https:\/\/glowpremium.fr\/wp-content\/uploads\/2024\/10\/7f7e3e6a-6686-4107-b68d-3efa1fcb2efb.jpg","datePublished":"2024-10-30T05:11:08+00:00","dateModified":"2024-11-04T16:42:49+00:00","description":"Cr\u00e9me visage fair lovely \u00e9claircissant cosm\u00e9tique anti-t\u00e2ches beaut\u00e9 \u00e9clat uniformise produit de beaut\u00e9 blanchissant anti-t\u00e2ches clarifiant","breadcrumb":{"@id":"https:\/\/glowpremium.fr\/produit-eclaircissant\/creme-tube-eclaircissant-fair-glow-lovely-advanced-vitamin-spf30\/#breadcrumb"},"inLanguage":"en-GB","potentialAction":[{"@type":"ReadAction","target":["https:\/\/glowpremium.fr\/produit-eclaircissant\/creme-tube-eclaircissant-fair-glow-lovely-advanced-vitamin-spf30\/"]}]},{"@type":"ImageObject","inLanguage":"en-GB","@id":"https:\/\/glowpremium.fr\/produit-eclaircissant\/creme-tube-eclaircissant-fair-glow-lovely-advanced-vitamin-spf30\/#primaryimage","url":"https:\/\/glowpremium.fr\/wp-content\/uploads\/2024\/10\/7f7e3e6a-6686-4107-b68d-3efa1fcb2efb.jpg","contentUrl":"https:\/\/glowpremium.fr\/wp-content\/uploads\/2024\/10\/7f7e3e6a-6686-4107-b68d-3efa1fcb2efb.jpg","width":1600,"height":1419},{"@type":"BreadcrumbList","@id":"https:\/\/glowpremium.fr\/produit-eclaircissant\/creme-tube-eclaircissant-fair-glow-lovely-advanced-vitamin-spf30\/#breadcrumb","itemListElement":[{"@type":"ListItem","position":1,"name":"Accueil","item":"https:\/\/glowpremium.fr\/"},{"@type":"ListItem","position":2,"name":"Boutique","item":"https:\/\/glowpremium.fr\/boutique-produits-eclaircissants\/"},{"@type":"ListItem","position":3,"name":"Cr\u00e8me Tube \u00c9claircissant Fair Glow Lovely Vitamin SPF30"}]},{"@type":"WebSite","@id":"https:\/\/glowpremium.fr\/#website","url":"https:\/\/glowpremium.fr\/","name":"Glow Premium","description":"","publisher":{"@id":"https:\/\/glowpremium.fr\/#organization"},"potentialAction":[{"@type":"SearchAction","target":{"@type":"EntryPoint","urlTemplate":"https:\/\/glowpremium.fr\/?s={search_term_string}"},"query-input":{"@type":"PropertyValueSpecification","valueRequired":true,"valueName":"search_term_string"}}],"inLanguage":"en-GB"},{"@type":"Organization","@id":"https:\/\/glowpremium.fr\/#organization","name":"Glow Premium","url":"https:\/\/glowpremium.fr\/","logo":{"@type":"ImageObject","inLanguage":"en-GB","@id":"https:\/\/glowpremium.fr\/#\/schema\/logo\/image\/","url":"https:\/\/glowpremium.fr\/wp-content\/uploads\/2024\/10\/screenshot_20241029_034909_chrome.jpg","contentUrl":"https:\/\/glowpremium.fr\/wp-content\/uploads\/2024\/10\/screenshot_20241029_034909_chrome.jpg","width":866,"height":937,"caption":"Glow Premium"},"image":{"@id":"https:\/\/glowpremium.fr\/#\/schema\/logo\/image\/"}}]}},"_links":{"self":[{"href":"https:\/\/glowpremium.fr\/en\/wp-json\/wp\/v2\/product\/6938","targetHints":{"allow":["GET"]}}],"collection":[{"href":"https:\/\/glowpremium.fr\/en\/wp-json\/wp\/v2\/product"}],"about":[{"href":"https:\/\/glowpremium.fr\/en\/wp-json\/wp\/v2\/types\/product"}],"replies":[{"embeddable":true,"href":"https:\/\/glowpremium.fr\/en\/wp-json\/wp\/v2\/comments?post=6938"}],"version-history":[{"count":3,"href":"https:\/\/glowpremium.fr\/en\/wp-json\/wp\/v2\/product\/6938\/revisions"}],"predecessor-version":[{"id":7266,"href":"https:\/\/glowpremium.fr\/en\/wp-json\/wp\/v2\/product\/6938\/revisions\/7266"}],"wp:featuredmedia":[{"embeddable":true,"href":"https:\/\/glowpremium.fr\/en\/wp-json\/wp\/v2\/media\/6939"}],"wp:attachment":[{"href":"https:\/\/glowpremium.fr\/en\/wp-json\/wp\/v2\/media?parent=6938"}],"wp:term":[{"taxonomy":"brand","embeddable":true,"href":"https:\/\/glowpremium.fr\/en\/wp-json\/wp\/v2\/etheme_brands?post=6938"},{"taxonomy":"product_brand","embeddable":true,"href":"https:\/\/glowpremium.fr\/en\/wp-json\/wp\/v2\/product_brand?post=6938"},{"taxonomy":"product_cat","embeddable":true,"href":"https:\/\/glowpremium.fr\/en\/wp-json\/wp\/v2\/product_cat?post=6938"},{"taxonomy":"product_tag","embeddable":true,"href":"https:\/\/glowpremium.fr\/en\/wp-json\/wp\/v2\/product_tag?post=6938"}],"curies":[{"name":"wp","href":"https:\/\/api.w.org\/{rel}","templated":true}]}}