{"id":6936,"date":"2024-10-29T22:48:41","date_gmt":"2024-10-29T21:48:41","guid":{"rendered":"https:\/\/glowpremium.fr\/?post_type=product&#038;p=6936"},"modified":"2024-11-04T18:02:35","modified_gmt":"2024-11-04T17:02:35","slug":"lait-eclaircissant-white-luxury-force-utilme-carotte-pr-bedon","status":"publish","type":"product","link":"https:\/\/glowpremium.fr\/en\/lightening-product\/white-luxury-force-utilme-carrot-lightening-milk-for-the-tummy\/","title":{"rendered":"White Luxury Force Lightening Body Lotion Carrot - PR.BEDON"},"content":{"rendered":"<p><strong>How to use :<\/strong><\/p>\n<p>Apply a dab of Lightening Milk to clean, dry skin, preferably after a shower. Massage gently using circular movements until the product is completely absorbed. Use daily for visible, long-lasting results. Avoid prolonged exposure to the sun after application and apply sun protection to optimise the lightening effect in complete safety.<\/p>\n<p><strong>Precautions:<\/strong><\/p>\n<ul>\n<li>Avoid contact with eyes and mucous membranes.<\/li>\n<li>Do not use on irritated or damaged skin.<\/li>\n<li>Store in a cool, dark place.<\/li>\n<\/ul>\n<p><strong>Ingredients:<\/strong><\/p>\n<p>Aqua, Carrot Extract, Glycerin, Cetearyl Alcohol, Stearic Acid, Paraffinum Liquidum, Isopropyl Myristate, Fragrance.<\/p>","protected":false},"excerpt":{"rendered":"<p>Discover Force Ultime Carotte lightening milk from White Luxury Paris by Professor Fran\u00e7oise BEDON, designed to give you a clearer, more even complexion. Enriched with carrot extracts, this lightening milk gives your skin a natural glow while reducing the appearance of spots and imperfections. This creamy, moisturising treatment is ideal for daily use and helps maintain your skin's softness and radiance, leaving it looking brighter and more radiant.<\/p>","protected":false},"featured_media":6933,"comment_status":"closed","ping_status":"closed","template":"","meta":[],"etheme_brands":[],"product_brand":[],"product_cat":[80,85],"product_tag":[],"class_list":{"0":"post-6936","1":"product","2":"type-product","3":"status-publish","4":"has-post-thumbnail","6":"product_cat-blanchissants-et-eclaircissants","7":"product_cat-laits-eclaircissants","9":"first","10":"instock","11":"featured","12":"shipping-taxable","13":"purchasable","14":"product-type-simple"},"yoast_head":"<!-- This site is optimized with the Yoast SEO plugin v26.7 - https:\/\/yoast.com\/wordpress\/plugins\/seo\/ -->\n<title>Lait \u00c9claircissant White Luxury Force Utilme Carotte - PR.BEDON - Glow Premium<\/title>\n<meta name=\"description\" content=\"Lait white luxury force ultime Pr Bedon \u00e9claircissant anti-t\u00e2ches produit cosm\u00e9tique peau \u00e9claircit uniformiser anti-t\u00e2ches lumineuse\" \/>\n<meta name=\"robots\" content=\"index, follow, max-snippet:-1, max-image-preview:large, max-video-preview:-1\" \/>\n<link rel=\"canonical\" href=\"https:\/\/glowpremium.fr\/en\/lightening-product\/white-luxury-force-utilme-carrot-lightening-milk-for-the-tummy\/\" \/>\n<meta property=\"og:locale\" content=\"en_GB\" \/>\n<meta property=\"og:type\" content=\"article\" \/>\n<meta property=\"og:title\" content=\"Lait \u00c9claircissant White Luxury Force Utilme Carotte - PR.BEDON - Glow Premium\" \/>\n<meta property=\"og:description\" content=\"Lait white luxury force ultime Pr Bedon \u00e9claircissant anti-t\u00e2ches produit cosm\u00e9tique peau \u00e9claircit uniformiser anti-t\u00e2ches lumineuse\" \/>\n<meta property=\"og:url\" content=\"https:\/\/glowpremium.fr\/en\/lightening-product\/white-luxury-force-utilme-carrot-lightening-milk-for-the-tummy\/\" \/>\n<meta property=\"og:site_name\" content=\"Glow Premium\" \/>\n<meta property=\"article:modified_time\" content=\"2024-11-04T17:02:35+00:00\" \/>\n<meta property=\"og:image\" content=\"https:\/\/glowpremium.fr\/wp-content\/uploads\/2024\/10\/photoroom-20240922_151957.png\" \/>\n\t<meta property=\"og:image:width\" content=\"2000\" \/>\n\t<meta property=\"og:image:height\" content=\"2000\" \/>\n\t<meta property=\"og:image:type\" content=\"image\/png\" \/>\n<meta name=\"twitter:card\" content=\"summary_large_image\" \/>\n<meta name=\"twitter:label1\" content=\"Estimated reading time\" \/>\n\t<meta name=\"twitter:data1\" content=\"1 minute\" \/>\n<script type=\"application\/ld+json\" class=\"yoast-schema-graph\">{\"@context\":\"https:\/\/schema.org\",\"@graph\":[{\"@type\":\"WebPage\",\"@id\":\"https:\/\/glowpremium.fr\/produit-eclaircissant\/lait-eclaircissant-white-luxury-force-utilme-carotte-pr-bedon\/\",\"url\":\"https:\/\/glowpremium.fr\/produit-eclaircissant\/lait-eclaircissant-white-luxury-force-utilme-carotte-pr-bedon\/\",\"name\":\"Lait \u00c9claircissant White Luxury Force Utilme Carotte - PR.BEDON - Glow Premium\",\"isPartOf\":{\"@id\":\"https:\/\/glowpremium.fr\/#website\"},\"primaryImageOfPage\":{\"@id\":\"https:\/\/glowpremium.fr\/produit-eclaircissant\/lait-eclaircissant-white-luxury-force-utilme-carotte-pr-bedon\/#primaryimage\"},\"image\":{\"@id\":\"https:\/\/glowpremium.fr\/produit-eclaircissant\/lait-eclaircissant-white-luxury-force-utilme-carotte-pr-bedon\/#primaryimage\"},\"thumbnailUrl\":\"https:\/\/glowpremium.fr\/wp-content\/uploads\/2024\/10\/photoroom-20240922_151957.png\",\"datePublished\":\"2024-10-29T21:48:41+00:00\",\"dateModified\":\"2024-11-04T17:02:35+00:00\",\"description\":\"Lait white luxury force ultime Pr Bedon \u00e9claircissant anti-t\u00e2ches produit cosm\u00e9tique peau \u00e9claircit uniformiser anti-t\u00e2ches lumineuse\",\"breadcrumb\":{\"@id\":\"https:\/\/glowpremium.fr\/produit-eclaircissant\/lait-eclaircissant-white-luxury-force-utilme-carotte-pr-bedon\/#breadcrumb\"},\"inLanguage\":\"en-GB\",\"potentialAction\":[{\"@type\":\"ReadAction\",\"target\":[\"https:\/\/glowpremium.fr\/produit-eclaircissant\/lait-eclaircissant-white-luxury-force-utilme-carotte-pr-bedon\/\"]}]},{\"@type\":\"ImageObject\",\"inLanguage\":\"en-GB\",\"@id\":\"https:\/\/glowpremium.fr\/produit-eclaircissant\/lait-eclaircissant-white-luxury-force-utilme-carotte-pr-bedon\/#primaryimage\",\"url\":\"https:\/\/glowpremium.fr\/wp-content\/uploads\/2024\/10\/photoroom-20240922_151957.png\",\"contentUrl\":\"https:\/\/glowpremium.fr\/wp-content\/uploads\/2024\/10\/photoroom-20240922_151957.png\",\"width\":2000,\"height\":2000},{\"@type\":\"BreadcrumbList\",\"@id\":\"https:\/\/glowpremium.fr\/produit-eclaircissant\/lait-eclaircissant-white-luxury-force-utilme-carotte-pr-bedon\/#breadcrumb\",\"itemListElement\":[{\"@type\":\"ListItem\",\"position\":1,\"name\":\"Accueil\",\"item\":\"https:\/\/glowpremium.fr\/\"},{\"@type\":\"ListItem\",\"position\":2,\"name\":\"Boutique\",\"item\":\"https:\/\/glowpremium.fr\/boutique-produits-eclaircissants\/\"},{\"@type\":\"ListItem\",\"position\":3,\"name\":\"Lait \u00c9claircissant White Luxury Force Utilme Carotte &#8211; PR.BEDON\"}]},{\"@type\":\"WebSite\",\"@id\":\"https:\/\/glowpremium.fr\/#website\",\"url\":\"https:\/\/glowpremium.fr\/\",\"name\":\"Glow Premium\",\"description\":\"\",\"publisher\":{\"@id\":\"https:\/\/glowpremium.fr\/#organization\"},\"potentialAction\":[{\"@type\":\"SearchAction\",\"target\":{\"@type\":\"EntryPoint\",\"urlTemplate\":\"https:\/\/glowpremium.fr\/?s={search_term_string}\"},\"query-input\":{\"@type\":\"PropertyValueSpecification\",\"valueRequired\":true,\"valueName\":\"search_term_string\"}}],\"inLanguage\":\"en-GB\"},{\"@type\":\"Organization\",\"@id\":\"https:\/\/glowpremium.fr\/#organization\",\"name\":\"Glow Premium\",\"url\":\"https:\/\/glowpremium.fr\/\",\"logo\":{\"@type\":\"ImageObject\",\"inLanguage\":\"en-GB\",\"@id\":\"https:\/\/glowpremium.fr\/#\/schema\/logo\/image\/\",\"url\":\"https:\/\/glowpremium.fr\/wp-content\/uploads\/2024\/10\/screenshot_20241029_034909_chrome.jpg\",\"contentUrl\":\"https:\/\/glowpremium.fr\/wp-content\/uploads\/2024\/10\/screenshot_20241029_034909_chrome.jpg\",\"width\":866,\"height\":937,\"caption\":\"Glow Premium\"},\"image\":{\"@id\":\"https:\/\/glowpremium.fr\/#\/schema\/logo\/image\/\"}}]}<\/script>\n<!-- \/ Yoast SEO plugin. -->","yoast_head_json":{"title":"Lait \u00c9claircissant White Luxury Force Utilme Carotte - PR.BEDON - Glow Premium","description":"Lait white luxury force ultime Pr Bedon \u00e9claircissant anti-t\u00e2ches produit cosm\u00e9tique peau \u00e9claircit uniformiser anti-t\u00e2ches lumineuse","robots":{"index":"index","follow":"follow","max-snippet":"max-snippet:-1","max-image-preview":"max-image-preview:large","max-video-preview":"max-video-preview:-1"},"canonical":"https:\/\/glowpremium.fr\/en\/lightening-product\/white-luxury-force-utilme-carrot-lightening-milk-for-the-tummy\/","og_locale":"en_GB","og_type":"article","og_title":"Lait \u00c9claircissant White Luxury Force Utilme Carotte - PR.BEDON - Glow Premium","og_description":"Lait white luxury force ultime Pr Bedon \u00e9claircissant anti-t\u00e2ches produit cosm\u00e9tique peau \u00e9claircit uniformiser anti-t\u00e2ches lumineuse","og_url":"https:\/\/glowpremium.fr\/en\/lightening-product\/white-luxury-force-utilme-carrot-lightening-milk-for-the-tummy\/","og_site_name":"Glow Premium","article_modified_time":"2024-11-04T17:02:35+00:00","og_image":[{"width":2000,"height":2000,"url":"https:\/\/glowpremium.fr\/wp-content\/uploads\/2024\/10\/photoroom-20240922_151957.png","type":"image\/png"}],"twitter_card":"summary_large_image","twitter_misc":{"Estimated reading time":"1 minute"},"schema":{"@context":"https:\/\/schema.org","@graph":[{"@type":"WebPage","@id":"https:\/\/glowpremium.fr\/produit-eclaircissant\/lait-eclaircissant-white-luxury-force-utilme-carotte-pr-bedon\/","url":"https:\/\/glowpremium.fr\/produit-eclaircissant\/lait-eclaircissant-white-luxury-force-utilme-carotte-pr-bedon\/","name":"Lait \u00c9claircissant White Luxury Force Utilme Carotte - PR.BEDON - Glow Premium","isPartOf":{"@id":"https:\/\/glowpremium.fr\/#website"},"primaryImageOfPage":{"@id":"https:\/\/glowpremium.fr\/produit-eclaircissant\/lait-eclaircissant-white-luxury-force-utilme-carotte-pr-bedon\/#primaryimage"},"image":{"@id":"https:\/\/glowpremium.fr\/produit-eclaircissant\/lait-eclaircissant-white-luxury-force-utilme-carotte-pr-bedon\/#primaryimage"},"thumbnailUrl":"https:\/\/glowpremium.fr\/wp-content\/uploads\/2024\/10\/photoroom-20240922_151957.png","datePublished":"2024-10-29T21:48:41+00:00","dateModified":"2024-11-04T17:02:35+00:00","description":"Lait white luxury force ultime Pr Bedon \u00e9claircissant anti-t\u00e2ches produit cosm\u00e9tique peau \u00e9claircit uniformiser anti-t\u00e2ches lumineuse","breadcrumb":{"@id":"https:\/\/glowpremium.fr\/produit-eclaircissant\/lait-eclaircissant-white-luxury-force-utilme-carotte-pr-bedon\/#breadcrumb"},"inLanguage":"en-GB","potentialAction":[{"@type":"ReadAction","target":["https:\/\/glowpremium.fr\/produit-eclaircissant\/lait-eclaircissant-white-luxury-force-utilme-carotte-pr-bedon\/"]}]},{"@type":"ImageObject","inLanguage":"en-GB","@id":"https:\/\/glowpremium.fr\/produit-eclaircissant\/lait-eclaircissant-white-luxury-force-utilme-carotte-pr-bedon\/#primaryimage","url":"https:\/\/glowpremium.fr\/wp-content\/uploads\/2024\/10\/photoroom-20240922_151957.png","contentUrl":"https:\/\/glowpremium.fr\/wp-content\/uploads\/2024\/10\/photoroom-20240922_151957.png","width":2000,"height":2000},{"@type":"BreadcrumbList","@id":"https:\/\/glowpremium.fr\/produit-eclaircissant\/lait-eclaircissant-white-luxury-force-utilme-carotte-pr-bedon\/#breadcrumb","itemListElement":[{"@type":"ListItem","position":1,"name":"Accueil","item":"https:\/\/glowpremium.fr\/"},{"@type":"ListItem","position":2,"name":"Boutique","item":"https:\/\/glowpremium.fr\/boutique-produits-eclaircissants\/"},{"@type":"ListItem","position":3,"name":"Lait \u00c9claircissant White Luxury Force Utilme Carotte &#8211; PR.BEDON"}]},{"@type":"WebSite","@id":"https:\/\/glowpremium.fr\/#website","url":"https:\/\/glowpremium.fr\/","name":"Glow Premium","description":"","publisher":{"@id":"https:\/\/glowpremium.fr\/#organization"},"potentialAction":[{"@type":"SearchAction","target":{"@type":"EntryPoint","urlTemplate":"https:\/\/glowpremium.fr\/?s={search_term_string}"},"query-input":{"@type":"PropertyValueSpecification","valueRequired":true,"valueName":"search_term_string"}}],"inLanguage":"en-GB"},{"@type":"Organization","@id":"https:\/\/glowpremium.fr\/#organization","name":"Glow Premium","url":"https:\/\/glowpremium.fr\/","logo":{"@type":"ImageObject","inLanguage":"en-GB","@id":"https:\/\/glowpremium.fr\/#\/schema\/logo\/image\/","url":"https:\/\/glowpremium.fr\/wp-content\/uploads\/2024\/10\/screenshot_20241029_034909_chrome.jpg","contentUrl":"https:\/\/glowpremium.fr\/wp-content\/uploads\/2024\/10\/screenshot_20241029_034909_chrome.jpg","width":866,"height":937,"caption":"Glow Premium"},"image":{"@id":"https:\/\/glowpremium.fr\/#\/schema\/logo\/image\/"}}]}},"_links":{"self":[{"href":"https:\/\/glowpremium.fr\/en\/wp-json\/wp\/v2\/product\/6936","targetHints":{"allow":["GET"]}}],"collection":[{"href":"https:\/\/glowpremium.fr\/en\/wp-json\/wp\/v2\/product"}],"about":[{"href":"https:\/\/glowpremium.fr\/en\/wp-json\/wp\/v2\/types\/product"}],"replies":[{"embeddable":true,"href":"https:\/\/glowpremium.fr\/en\/wp-json\/wp\/v2\/comments?post=6936"}],"version-history":[{"count":1,"href":"https:\/\/glowpremium.fr\/en\/wp-json\/wp\/v2\/product\/6936\/revisions"}],"predecessor-version":[{"id":6937,"href":"https:\/\/glowpremium.fr\/en\/wp-json\/wp\/v2\/product\/6936\/revisions\/6937"}],"wp:featuredmedia":[{"embeddable":true,"href":"https:\/\/glowpremium.fr\/en\/wp-json\/wp\/v2\/media\/6933"}],"wp:attachment":[{"href":"https:\/\/glowpremium.fr\/en\/wp-json\/wp\/v2\/media?parent=6936"}],"wp:term":[{"taxonomy":"brand","embeddable":true,"href":"https:\/\/glowpremium.fr\/en\/wp-json\/wp\/v2\/etheme_brands?post=6936"},{"taxonomy":"product_brand","embeddable":true,"href":"https:\/\/glowpremium.fr\/en\/wp-json\/wp\/v2\/product_brand?post=6936"},{"taxonomy":"product_cat","embeddable":true,"href":"https:\/\/glowpremium.fr\/en\/wp-json\/wp\/v2\/product_cat?post=6936"},{"taxonomy":"product_tag","embeddable":true,"href":"https:\/\/glowpremium.fr\/en\/wp-json\/wp\/v2\/product_tag?post=6936"}],"curies":[{"name":"wp","href":"https:\/\/api.w.org\/{rel}","templated":true}]}}