{"id":6928,"date":"2024-10-29T21:15:42","date_gmt":"2024-10-29T20:15:42","guid":{"rendered":"https:\/\/glowpremium.fr\/?post_type=product&#038;p=6928"},"modified":"2024-11-04T19:27:01","modified_gmt":"2024-11-04T18:27:01","slug":"lait-eclaircissant-teint-de-luxe-metisse-plus-makari-de-suisse-cristal-bleu","status":"publish","type":"product","link":"https:\/\/glowpremium.fr\/en\/lightening-product\/metisse-plus-makari-de-suisse-cristal-bleu-luxury-complexion-lightening-milk\/","title":{"rendered":"Luxury Lightening Milk M\u00e9tis Makari De Suisse Cristal Blue ."},"content":{"rendered":"<p>You don't need make-up to do a Snapchat. Discover Snapchat Lightening Beauty Milk, designed with a brand new, innovative formula that acts against the excessive formation of melanin and combats dark spots and other skin discolourations. Suitable for all skin types, even the most sensitive. Crystal Blue Lotion revitalises the skin<\/p>\n<p>very whitening toning action with powerful antioxidants and natural substances firms the skin and restores its radiance preventing the reappearance of Melanie erases wrinkles moisturises and slows down the ageing of the skin<\/p>","protected":false},"excerpt":{"rendered":"<p>Use<\/p>\n<p>Don \"t expose yourself to the sun in the morning and evening, and always wear a sun cream.<\/p>\n<p>ingredient<\/p>\n<p>glutathione vitamins protein extract daisy collagen .glycerine protein alpha arbutin guaiac wood oil linseed oil<\/p>","protected":false},"featured_media":6929,"comment_status":"closed","ping_status":"closed","template":"","meta":[],"etheme_brands":[],"product_brand":[],"product_cat":[80,85],"product_tag":[],"class_list":{"0":"post-6928","1":"product","2":"type-product","3":"status-publish","4":"has-post-thumbnail","6":"product_cat-blanchissants-et-eclaircissants","7":"product_cat-laits-eclaircissants","9":"first","10":"instock","11":"featured","12":"shipping-taxable","13":"purchasable","14":"product-type-simple"},"yoast_head":"<!-- This site is optimized with the Yoast SEO plugin v26.7 - https:\/\/yoast.com\/wordpress\/plugins\/seo\/ -->\n<title>Lait \u00c9claircissant Luxe M\u00e9tis Makari De Suisse Cristal Bleu . - Glow Premium<\/title>\n<meta name=\"description\" content=\"Lait makari de suisse cristal bleu luxe \u00e9claircissant anti-t\u00e2ches produit cosm\u00e9tique de beaut\u00e9 uniformise peau \u00e9claircissante illumin\u00e9\" \/>\n<meta name=\"robots\" content=\"index, follow, max-snippet:-1, max-image-preview:large, max-video-preview:-1\" \/>\n<link rel=\"canonical\" href=\"https:\/\/glowpremium.fr\/en\/lightening-product\/metisse-plus-makari-de-suisse-cristal-bleu-luxury-complexion-lightening-milk\/\" \/>\n<meta property=\"og:locale\" content=\"en_GB\" \/>\n<meta property=\"og:type\" content=\"article\" \/>\n<meta property=\"og:title\" content=\"Lait \u00c9claircissant Luxe M\u00e9tis Makari De Suisse Cristal Bleu . - Glow Premium\" \/>\n<meta property=\"og:description\" content=\"Lait makari de suisse cristal bleu luxe \u00e9claircissant anti-t\u00e2ches produit cosm\u00e9tique de beaut\u00e9 uniformise peau \u00e9claircissante illumin\u00e9\" \/>\n<meta property=\"og:url\" content=\"https:\/\/glowpremium.fr\/en\/lightening-product\/metisse-plus-makari-de-suisse-cristal-bleu-luxury-complexion-lightening-milk\/\" \/>\n<meta property=\"og:site_name\" content=\"Glow Premium\" \/>\n<meta property=\"article:modified_time\" content=\"2024-11-04T18:27:01+00:00\" \/>\n<meta property=\"og:image\" content=\"https:\/\/glowpremium.fr\/wp-content\/uploads\/2024\/10\/screenshot_20241029_202848_ebay.jpg\" \/>\n\t<meta property=\"og:image:width\" content=\"1080\" \/>\n\t<meta property=\"og:image:height\" content=\"1073\" \/>\n\t<meta property=\"og:image:type\" content=\"image\/jpeg\" \/>\n<meta name=\"twitter:card\" content=\"summary_large_image\" \/>\n<meta name=\"twitter:label1\" content=\"Estimated reading time\" \/>\n\t<meta name=\"twitter:data1\" content=\"1 minute\" \/>\n<script type=\"application\/ld+json\" class=\"yoast-schema-graph\">{\"@context\":\"https:\/\/schema.org\",\"@graph\":[{\"@type\":\"WebPage\",\"@id\":\"https:\/\/glowpremium.fr\/produit-eclaircissant\/lait-eclaircissant-teint-de-luxe-metisse-plus-makari-de-suisse-cristal-bleu\/\",\"url\":\"https:\/\/glowpremium.fr\/produit-eclaircissant\/lait-eclaircissant-teint-de-luxe-metisse-plus-makari-de-suisse-cristal-bleu\/\",\"name\":\"Lait \u00c9claircissant Luxe M\u00e9tis Makari De Suisse Cristal Bleu . - Glow Premium\",\"isPartOf\":{\"@id\":\"https:\/\/glowpremium.fr\/#website\"},\"primaryImageOfPage\":{\"@id\":\"https:\/\/glowpremium.fr\/produit-eclaircissant\/lait-eclaircissant-teint-de-luxe-metisse-plus-makari-de-suisse-cristal-bleu\/#primaryimage\"},\"image\":{\"@id\":\"https:\/\/glowpremium.fr\/produit-eclaircissant\/lait-eclaircissant-teint-de-luxe-metisse-plus-makari-de-suisse-cristal-bleu\/#primaryimage\"},\"thumbnailUrl\":\"https:\/\/glowpremium.fr\/wp-content\/uploads\/2024\/10\/screenshot_20241029_202848_ebay.jpg\",\"datePublished\":\"2024-10-29T20:15:42+00:00\",\"dateModified\":\"2024-11-04T18:27:01+00:00\",\"description\":\"Lait makari de suisse cristal bleu luxe \u00e9claircissant anti-t\u00e2ches produit cosm\u00e9tique de beaut\u00e9 uniformise peau \u00e9claircissante illumin\u00e9\",\"breadcrumb\":{\"@id\":\"https:\/\/glowpremium.fr\/produit-eclaircissant\/lait-eclaircissant-teint-de-luxe-metisse-plus-makari-de-suisse-cristal-bleu\/#breadcrumb\"},\"inLanguage\":\"en-GB\",\"potentialAction\":[{\"@type\":\"ReadAction\",\"target\":[\"https:\/\/glowpremium.fr\/produit-eclaircissant\/lait-eclaircissant-teint-de-luxe-metisse-plus-makari-de-suisse-cristal-bleu\/\"]}]},{\"@type\":\"ImageObject\",\"inLanguage\":\"en-GB\",\"@id\":\"https:\/\/glowpremium.fr\/produit-eclaircissant\/lait-eclaircissant-teint-de-luxe-metisse-plus-makari-de-suisse-cristal-bleu\/#primaryimage\",\"url\":\"https:\/\/glowpremium.fr\/wp-content\/uploads\/2024\/10\/screenshot_20241029_202848_ebay.jpg\",\"contentUrl\":\"https:\/\/glowpremium.fr\/wp-content\/uploads\/2024\/10\/screenshot_20241029_202848_ebay.jpg\",\"width\":1080,\"height\":1073},{\"@type\":\"BreadcrumbList\",\"@id\":\"https:\/\/glowpremium.fr\/produit-eclaircissant\/lait-eclaircissant-teint-de-luxe-metisse-plus-makari-de-suisse-cristal-bleu\/#breadcrumb\",\"itemListElement\":[{\"@type\":\"ListItem\",\"position\":1,\"name\":\"Accueil\",\"item\":\"https:\/\/glowpremium.fr\/\"},{\"@type\":\"ListItem\",\"position\":2,\"name\":\"Boutique\",\"item\":\"https:\/\/glowpremium.fr\/boutique-produits-eclaircissants\/\"},{\"@type\":\"ListItem\",\"position\":3,\"name\":\"Lait \u00c9claircissant Luxe M\u00e9tis Makari De Suisse Cristal Bleu .\"}]},{\"@type\":\"WebSite\",\"@id\":\"https:\/\/glowpremium.fr\/#website\",\"url\":\"https:\/\/glowpremium.fr\/\",\"name\":\"Glow Premium\",\"description\":\"\",\"publisher\":{\"@id\":\"https:\/\/glowpremium.fr\/#organization\"},\"potentialAction\":[{\"@type\":\"SearchAction\",\"target\":{\"@type\":\"EntryPoint\",\"urlTemplate\":\"https:\/\/glowpremium.fr\/?s={search_term_string}\"},\"query-input\":{\"@type\":\"PropertyValueSpecification\",\"valueRequired\":true,\"valueName\":\"search_term_string\"}}],\"inLanguage\":\"en-GB\"},{\"@type\":\"Organization\",\"@id\":\"https:\/\/glowpremium.fr\/#organization\",\"name\":\"Glow Premium\",\"url\":\"https:\/\/glowpremium.fr\/\",\"logo\":{\"@type\":\"ImageObject\",\"inLanguage\":\"en-GB\",\"@id\":\"https:\/\/glowpremium.fr\/#\/schema\/logo\/image\/\",\"url\":\"https:\/\/glowpremium.fr\/wp-content\/uploads\/2024\/10\/screenshot_20241029_034909_chrome.jpg\",\"contentUrl\":\"https:\/\/glowpremium.fr\/wp-content\/uploads\/2024\/10\/screenshot_20241029_034909_chrome.jpg\",\"width\":866,\"height\":937,\"caption\":\"Glow Premium\"},\"image\":{\"@id\":\"https:\/\/glowpremium.fr\/#\/schema\/logo\/image\/\"}}]}<\/script>\n<!-- \/ Yoast SEO plugin. -->","yoast_head_json":{"title":"Lait \u00c9claircissant Luxe M\u00e9tis Makari De Suisse Cristal Bleu . - Glow Premium","description":"Lait makari de suisse cristal bleu luxe \u00e9claircissant anti-t\u00e2ches produit cosm\u00e9tique de beaut\u00e9 uniformise peau \u00e9claircissante illumin\u00e9","robots":{"index":"index","follow":"follow","max-snippet":"max-snippet:-1","max-image-preview":"max-image-preview:large","max-video-preview":"max-video-preview:-1"},"canonical":"https:\/\/glowpremium.fr\/en\/lightening-product\/metisse-plus-makari-de-suisse-cristal-bleu-luxury-complexion-lightening-milk\/","og_locale":"en_GB","og_type":"article","og_title":"Lait \u00c9claircissant Luxe M\u00e9tis Makari De Suisse Cristal Bleu . - Glow Premium","og_description":"Lait makari de suisse cristal bleu luxe \u00e9claircissant anti-t\u00e2ches produit cosm\u00e9tique de beaut\u00e9 uniformise peau \u00e9claircissante illumin\u00e9","og_url":"https:\/\/glowpremium.fr\/en\/lightening-product\/metisse-plus-makari-de-suisse-cristal-bleu-luxury-complexion-lightening-milk\/","og_site_name":"Glow Premium","article_modified_time":"2024-11-04T18:27:01+00:00","og_image":[{"width":1080,"height":1073,"url":"https:\/\/glowpremium.fr\/wp-content\/uploads\/2024\/10\/screenshot_20241029_202848_ebay.jpg","type":"image\/jpeg"}],"twitter_card":"summary_large_image","twitter_misc":{"Estimated reading time":"1 minute"},"schema":{"@context":"https:\/\/schema.org","@graph":[{"@type":"WebPage","@id":"https:\/\/glowpremium.fr\/produit-eclaircissant\/lait-eclaircissant-teint-de-luxe-metisse-plus-makari-de-suisse-cristal-bleu\/","url":"https:\/\/glowpremium.fr\/produit-eclaircissant\/lait-eclaircissant-teint-de-luxe-metisse-plus-makari-de-suisse-cristal-bleu\/","name":"Lait \u00c9claircissant Luxe M\u00e9tis Makari De Suisse Cristal Bleu . - Glow Premium","isPartOf":{"@id":"https:\/\/glowpremium.fr\/#website"},"primaryImageOfPage":{"@id":"https:\/\/glowpremium.fr\/produit-eclaircissant\/lait-eclaircissant-teint-de-luxe-metisse-plus-makari-de-suisse-cristal-bleu\/#primaryimage"},"image":{"@id":"https:\/\/glowpremium.fr\/produit-eclaircissant\/lait-eclaircissant-teint-de-luxe-metisse-plus-makari-de-suisse-cristal-bleu\/#primaryimage"},"thumbnailUrl":"https:\/\/glowpremium.fr\/wp-content\/uploads\/2024\/10\/screenshot_20241029_202848_ebay.jpg","datePublished":"2024-10-29T20:15:42+00:00","dateModified":"2024-11-04T18:27:01+00:00","description":"Lait makari de suisse cristal bleu luxe \u00e9claircissant anti-t\u00e2ches produit cosm\u00e9tique de beaut\u00e9 uniformise peau \u00e9claircissante illumin\u00e9","breadcrumb":{"@id":"https:\/\/glowpremium.fr\/produit-eclaircissant\/lait-eclaircissant-teint-de-luxe-metisse-plus-makari-de-suisse-cristal-bleu\/#breadcrumb"},"inLanguage":"en-GB","potentialAction":[{"@type":"ReadAction","target":["https:\/\/glowpremium.fr\/produit-eclaircissant\/lait-eclaircissant-teint-de-luxe-metisse-plus-makari-de-suisse-cristal-bleu\/"]}]},{"@type":"ImageObject","inLanguage":"en-GB","@id":"https:\/\/glowpremium.fr\/produit-eclaircissant\/lait-eclaircissant-teint-de-luxe-metisse-plus-makari-de-suisse-cristal-bleu\/#primaryimage","url":"https:\/\/glowpremium.fr\/wp-content\/uploads\/2024\/10\/screenshot_20241029_202848_ebay.jpg","contentUrl":"https:\/\/glowpremium.fr\/wp-content\/uploads\/2024\/10\/screenshot_20241029_202848_ebay.jpg","width":1080,"height":1073},{"@type":"BreadcrumbList","@id":"https:\/\/glowpremium.fr\/produit-eclaircissant\/lait-eclaircissant-teint-de-luxe-metisse-plus-makari-de-suisse-cristal-bleu\/#breadcrumb","itemListElement":[{"@type":"ListItem","position":1,"name":"Accueil","item":"https:\/\/glowpremium.fr\/"},{"@type":"ListItem","position":2,"name":"Boutique","item":"https:\/\/glowpremium.fr\/boutique-produits-eclaircissants\/"},{"@type":"ListItem","position":3,"name":"Lait \u00c9claircissant Luxe M\u00e9tis Makari De Suisse Cristal Bleu ."}]},{"@type":"WebSite","@id":"https:\/\/glowpremium.fr\/#website","url":"https:\/\/glowpremium.fr\/","name":"Glow Premium","description":"","publisher":{"@id":"https:\/\/glowpremium.fr\/#organization"},"potentialAction":[{"@type":"SearchAction","target":{"@type":"EntryPoint","urlTemplate":"https:\/\/glowpremium.fr\/?s={search_term_string}"},"query-input":{"@type":"PropertyValueSpecification","valueRequired":true,"valueName":"search_term_string"}}],"inLanguage":"en-GB"},{"@type":"Organization","@id":"https:\/\/glowpremium.fr\/#organization","name":"Glow Premium","url":"https:\/\/glowpremium.fr\/","logo":{"@type":"ImageObject","inLanguage":"en-GB","@id":"https:\/\/glowpremium.fr\/#\/schema\/logo\/image\/","url":"https:\/\/glowpremium.fr\/wp-content\/uploads\/2024\/10\/screenshot_20241029_034909_chrome.jpg","contentUrl":"https:\/\/glowpremium.fr\/wp-content\/uploads\/2024\/10\/screenshot_20241029_034909_chrome.jpg","width":866,"height":937,"caption":"Glow Premium"},"image":{"@id":"https:\/\/glowpremium.fr\/#\/schema\/logo\/image\/"}}]}},"_links":{"self":[{"href":"https:\/\/glowpremium.fr\/en\/wp-json\/wp\/v2\/product\/6928","targetHints":{"allow":["GET"]}}],"collection":[{"href":"https:\/\/glowpremium.fr\/en\/wp-json\/wp\/v2\/product"}],"about":[{"href":"https:\/\/glowpremium.fr\/en\/wp-json\/wp\/v2\/types\/product"}],"replies":[{"embeddable":true,"href":"https:\/\/glowpremium.fr\/en\/wp-json\/wp\/v2\/comments?post=6928"}],"version-history":[{"count":3,"href":"https:\/\/glowpremium.fr\/en\/wp-json\/wp\/v2\/product\/6928\/revisions"}],"predecessor-version":[{"id":7268,"href":"https:\/\/glowpremium.fr\/en\/wp-json\/wp\/v2\/product\/6928\/revisions\/7268"}],"wp:featuredmedia":[{"embeddable":true,"href":"https:\/\/glowpremium.fr\/en\/wp-json\/wp\/v2\/media\/6929"}],"wp:attachment":[{"href":"https:\/\/glowpremium.fr\/en\/wp-json\/wp\/v2\/media?parent=6928"}],"wp:term":[{"taxonomy":"brand","embeddable":true,"href":"https:\/\/glowpremium.fr\/en\/wp-json\/wp\/v2\/etheme_brands?post=6928"},{"taxonomy":"product_brand","embeddable":true,"href":"https:\/\/glowpremium.fr\/en\/wp-json\/wp\/v2\/product_brand?post=6928"},{"taxonomy":"product_cat","embeddable":true,"href":"https:\/\/glowpremium.fr\/en\/wp-json\/wp\/v2\/product_cat?post=6928"},{"taxonomy":"product_tag","embeddable":true,"href":"https:\/\/glowpremium.fr\/en\/wp-json\/wp\/v2\/product_tag?post=6928"}],"curies":[{"name":"wp","href":"https:\/\/api.w.org\/{rel}","templated":true}]}}