{"id":6924,"date":"2024-10-29T20:14:16","date_gmt":"2024-10-29T19:14:16","guid":{"rendered":"https:\/\/glowpremium.fr\/?post_type=product&#038;p=6924"},"modified":"2024-11-04T19:45:26","modified_gmt":"2024-11-04T18:45:26","slug":"lait-blanchissant-ocarly-magic-glow-collagene-glutathione-injection-et-concentre-kenalcol","status":"publish","type":"product","link":"https:\/\/glowpremium.fr\/en\/lightening-product\/ocarly-magic-glow-whitening-milk-collagen-glutathione-injection-and-kenalcol-concentrate\/","title":{"rendered":"Duo Blanchissant O \"Carly Magic Glow Collagen Gluta Injection ."},"content":{"rendered":"<p>Lait magic glow 10 fois riche en collag\u00e8ne + et kenalcol blanchissant fort exclusif, rajeunit, hydratation longue durer apporte de la clart\u00e9 \u00e9claircissant fort belle peau lisse efface les taches et cicatrices traite les imperfection, supprime les ride et boutons cernes . Contains glutathione, nourishes, fast-acting. 500ml professional formula for a complexion m\u00e9tissasses removes the Fares the hyper pigmentary tasks. 500ml and allows to obtain a whitened complexion m\u00e9tissasses<\/p>","protected":false},"excerpt":{"rendered":"<p>Use<\/p>\n<p>Morning and evening after bathing and wearing a sun cream<\/p>\n<p>ingredient collagen glutathione<\/p>","protected":false},"featured_media":6925,"comment_status":"closed","ping_status":"closed","template":"","meta":[],"etheme_brands":[],"product_brand":[],"product_cat":[15,80,82,85],"product_tag":[],"class_list":{"0":"post-6924","1":"product","2":"type-product","3":"status-publish","4":"has-post-thumbnail","6":"product_cat-toutes-categories","7":"product_cat-blanchissants-et-eclaircissants","8":"product_cat-gammes-eclaircissantes","9":"product_cat-laits-eclaircissants","11":"first","12":"instock","13":"featured","14":"shipping-taxable","15":"purchasable","16":"product-type-simple"},"yoast_head":"<!-- This site is optimized with the Yoast SEO plugin v26.7 - https:\/\/yoast.com\/wordpress\/plugins\/seo\/ -->\n<title>Duo Blanchissant O&quot;Carly Magic Glow Collag\u00e8ne Gluta Injection . - Glow Premium<\/title>\n<meta name=\"description\" content=\"Duo o&quot;Carly magic glow blanchissant anti-t\u00e2ches produit cosm\u00e9tique \u00e9claircissant peau noire et m\u00e9tisse uniformise blanchissant illumine\" \/>\n<meta name=\"robots\" content=\"index, follow, max-snippet:-1, max-image-preview:large, max-video-preview:-1\" \/>\n<link rel=\"canonical\" href=\"https:\/\/glowpremium.fr\/en\/lightening-product\/ocarly-magic-glow-whitening-milk-collagen-glutathione-injection-and-kenalcol-concentrate\/\" \/>\n<meta property=\"og:locale\" content=\"en_GB\" \/>\n<meta property=\"og:type\" content=\"article\" \/>\n<meta property=\"og:title\" content=\"Duo Blanchissant O&quot;Carly Magic Glow Collag\u00e8ne Gluta Injection . - Glow Premium\" \/>\n<meta property=\"og:description\" content=\"Duo o&quot;Carly magic glow blanchissant anti-t\u00e2ches produit cosm\u00e9tique \u00e9claircissant peau noire et m\u00e9tisse uniformise blanchissant illumine\" \/>\n<meta property=\"og:url\" content=\"https:\/\/glowpremium.fr\/en\/lightening-product\/ocarly-magic-glow-whitening-milk-collagen-glutathione-injection-and-kenalcol-concentrate\/\" \/>\n<meta property=\"og:site_name\" content=\"Glow Premium\" \/>\n<meta property=\"article:modified_time\" content=\"2024-11-04T18:45:26+00:00\" \/>\n<meta property=\"og:image\" content=\"https:\/\/glowpremium.fr\/wp-content\/uploads\/2024\/10\/photoroom-20240818_162919.png\" \/>\n\t<meta property=\"og:image:width\" content=\"2000\" \/>\n\t<meta property=\"og:image:height\" content=\"1764\" \/>\n\t<meta property=\"og:image:type\" content=\"image\/png\" \/>\n<meta name=\"twitter:card\" content=\"summary_large_image\" \/>\n<meta name=\"twitter:label1\" content=\"Estimated reading time\" \/>\n\t<meta name=\"twitter:data1\" content=\"1 minute\" \/>\n<script type=\"application\/ld+json\" class=\"yoast-schema-graph\">{\"@context\":\"https:\/\/schema.org\",\"@graph\":[{\"@type\":\"WebPage\",\"@id\":\"https:\/\/glowpremium.fr\/produit-eclaircissant\/lait-blanchissant-ocarly-magic-glow-collagene-glutathione-injection-et-concentre-kenalcol\/\",\"url\":\"https:\/\/glowpremium.fr\/produit-eclaircissant\/lait-blanchissant-ocarly-magic-glow-collagene-glutathione-injection-et-concentre-kenalcol\/\",\"name\":\"Duo Blanchissant O\\\"Carly Magic Glow Collag\u00e8ne Gluta Injection . - Glow Premium\",\"isPartOf\":{\"@id\":\"https:\/\/glowpremium.fr\/#website\"},\"primaryImageOfPage\":{\"@id\":\"https:\/\/glowpremium.fr\/produit-eclaircissant\/lait-blanchissant-ocarly-magic-glow-collagene-glutathione-injection-et-concentre-kenalcol\/#primaryimage\"},\"image\":{\"@id\":\"https:\/\/glowpremium.fr\/produit-eclaircissant\/lait-blanchissant-ocarly-magic-glow-collagene-glutathione-injection-et-concentre-kenalcol\/#primaryimage\"},\"thumbnailUrl\":\"https:\/\/glowpremium.fr\/wp-content\/uploads\/2024\/10\/photoroom-20240818_162919.png\",\"datePublished\":\"2024-10-29T19:14:16+00:00\",\"dateModified\":\"2024-11-04T18:45:26+00:00\",\"description\":\"Duo o\\\"Carly magic glow blanchissant anti-t\u00e2ches produit cosm\u00e9tique \u00e9claircissant peau noire et m\u00e9tisse uniformise blanchissant illumine\",\"breadcrumb\":{\"@id\":\"https:\/\/glowpremium.fr\/produit-eclaircissant\/lait-blanchissant-ocarly-magic-glow-collagene-glutathione-injection-et-concentre-kenalcol\/#breadcrumb\"},\"inLanguage\":\"en-GB\",\"potentialAction\":[{\"@type\":\"ReadAction\",\"target\":[\"https:\/\/glowpremium.fr\/produit-eclaircissant\/lait-blanchissant-ocarly-magic-glow-collagene-glutathione-injection-et-concentre-kenalcol\/\"]}]},{\"@type\":\"ImageObject\",\"inLanguage\":\"en-GB\",\"@id\":\"https:\/\/glowpremium.fr\/produit-eclaircissant\/lait-blanchissant-ocarly-magic-glow-collagene-glutathione-injection-et-concentre-kenalcol\/#primaryimage\",\"url\":\"https:\/\/glowpremium.fr\/wp-content\/uploads\/2024\/10\/photoroom-20240818_162919.png\",\"contentUrl\":\"https:\/\/glowpremium.fr\/wp-content\/uploads\/2024\/10\/photoroom-20240818_162919.png\",\"width\":2000,\"height\":1764},{\"@type\":\"BreadcrumbList\",\"@id\":\"https:\/\/glowpremium.fr\/produit-eclaircissant\/lait-blanchissant-ocarly-magic-glow-collagene-glutathione-injection-et-concentre-kenalcol\/#breadcrumb\",\"itemListElement\":[{\"@type\":\"ListItem\",\"position\":1,\"name\":\"Accueil\",\"item\":\"https:\/\/glowpremium.fr\/\"},{\"@type\":\"ListItem\",\"position\":2,\"name\":\"Boutique\",\"item\":\"https:\/\/glowpremium.fr\/boutique-produits-eclaircissants\/\"},{\"@type\":\"ListItem\",\"position\":3,\"name\":\"Duo Blanchissant O&#8221;Carly Magic Glow Collag\u00e8ne Gluta Injection .\"}]},{\"@type\":\"WebSite\",\"@id\":\"https:\/\/glowpremium.fr\/#website\",\"url\":\"https:\/\/glowpremium.fr\/\",\"name\":\"Glow Premium\",\"description\":\"\",\"publisher\":{\"@id\":\"https:\/\/glowpremium.fr\/#organization\"},\"potentialAction\":[{\"@type\":\"SearchAction\",\"target\":{\"@type\":\"EntryPoint\",\"urlTemplate\":\"https:\/\/glowpremium.fr\/?s={search_term_string}\"},\"query-input\":{\"@type\":\"PropertyValueSpecification\",\"valueRequired\":true,\"valueName\":\"search_term_string\"}}],\"inLanguage\":\"en-GB\"},{\"@type\":\"Organization\",\"@id\":\"https:\/\/glowpremium.fr\/#organization\",\"name\":\"Glow Premium\",\"url\":\"https:\/\/glowpremium.fr\/\",\"logo\":{\"@type\":\"ImageObject\",\"inLanguage\":\"en-GB\",\"@id\":\"https:\/\/glowpremium.fr\/#\/schema\/logo\/image\/\",\"url\":\"https:\/\/glowpremium.fr\/wp-content\/uploads\/2024\/10\/screenshot_20241029_034909_chrome.jpg\",\"contentUrl\":\"https:\/\/glowpremium.fr\/wp-content\/uploads\/2024\/10\/screenshot_20241029_034909_chrome.jpg\",\"width\":866,\"height\":937,\"caption\":\"Glow Premium\"},\"image\":{\"@id\":\"https:\/\/glowpremium.fr\/#\/schema\/logo\/image\/\"}}]}<\/script>\n<!-- \/ Yoast SEO plugin. -->","yoast_head_json":{"title":"Duo Blanchissant O\"Carly Magic Glow Collag\u00e8ne Gluta Injection . - Glow Premium","description":"Duo o\"Carly magic glow blanchissant anti-t\u00e2ches produit cosm\u00e9tique \u00e9claircissant peau noire et m\u00e9tisse uniformise blanchissant illumine","robots":{"index":"index","follow":"follow","max-snippet":"max-snippet:-1","max-image-preview":"max-image-preview:large","max-video-preview":"max-video-preview:-1"},"canonical":"https:\/\/glowpremium.fr\/en\/lightening-product\/ocarly-magic-glow-whitening-milk-collagen-glutathione-injection-and-kenalcol-concentrate\/","og_locale":"en_GB","og_type":"article","og_title":"Duo Blanchissant O\"Carly Magic Glow Collag\u00e8ne Gluta Injection . - Glow Premium","og_description":"Duo o\"Carly magic glow blanchissant anti-t\u00e2ches produit cosm\u00e9tique \u00e9claircissant peau noire et m\u00e9tisse uniformise blanchissant illumine","og_url":"https:\/\/glowpremium.fr\/en\/lightening-product\/ocarly-magic-glow-whitening-milk-collagen-glutathione-injection-and-kenalcol-concentrate\/","og_site_name":"Glow Premium","article_modified_time":"2024-11-04T18:45:26+00:00","og_image":[{"width":2000,"height":1764,"url":"https:\/\/glowpremium.fr\/wp-content\/uploads\/2024\/10\/photoroom-20240818_162919.png","type":"image\/png"}],"twitter_card":"summary_large_image","twitter_misc":{"Estimated reading time":"1 minute"},"schema":{"@context":"https:\/\/schema.org","@graph":[{"@type":"WebPage","@id":"https:\/\/glowpremium.fr\/produit-eclaircissant\/lait-blanchissant-ocarly-magic-glow-collagene-glutathione-injection-et-concentre-kenalcol\/","url":"https:\/\/glowpremium.fr\/produit-eclaircissant\/lait-blanchissant-ocarly-magic-glow-collagene-glutathione-injection-et-concentre-kenalcol\/","name":"Duo Blanchissant O\"Carly Magic Glow Collag\u00e8ne Gluta Injection . - Glow Premium","isPartOf":{"@id":"https:\/\/glowpremium.fr\/#website"},"primaryImageOfPage":{"@id":"https:\/\/glowpremium.fr\/produit-eclaircissant\/lait-blanchissant-ocarly-magic-glow-collagene-glutathione-injection-et-concentre-kenalcol\/#primaryimage"},"image":{"@id":"https:\/\/glowpremium.fr\/produit-eclaircissant\/lait-blanchissant-ocarly-magic-glow-collagene-glutathione-injection-et-concentre-kenalcol\/#primaryimage"},"thumbnailUrl":"https:\/\/glowpremium.fr\/wp-content\/uploads\/2024\/10\/photoroom-20240818_162919.png","datePublished":"2024-10-29T19:14:16+00:00","dateModified":"2024-11-04T18:45:26+00:00","description":"Duo o\"Carly magic glow blanchissant anti-t\u00e2ches produit cosm\u00e9tique \u00e9claircissant peau noire et m\u00e9tisse uniformise blanchissant illumine","breadcrumb":{"@id":"https:\/\/glowpremium.fr\/produit-eclaircissant\/lait-blanchissant-ocarly-magic-glow-collagene-glutathione-injection-et-concentre-kenalcol\/#breadcrumb"},"inLanguage":"en-GB","potentialAction":[{"@type":"ReadAction","target":["https:\/\/glowpremium.fr\/produit-eclaircissant\/lait-blanchissant-ocarly-magic-glow-collagene-glutathione-injection-et-concentre-kenalcol\/"]}]},{"@type":"ImageObject","inLanguage":"en-GB","@id":"https:\/\/glowpremium.fr\/produit-eclaircissant\/lait-blanchissant-ocarly-magic-glow-collagene-glutathione-injection-et-concentre-kenalcol\/#primaryimage","url":"https:\/\/glowpremium.fr\/wp-content\/uploads\/2024\/10\/photoroom-20240818_162919.png","contentUrl":"https:\/\/glowpremium.fr\/wp-content\/uploads\/2024\/10\/photoroom-20240818_162919.png","width":2000,"height":1764},{"@type":"BreadcrumbList","@id":"https:\/\/glowpremium.fr\/produit-eclaircissant\/lait-blanchissant-ocarly-magic-glow-collagene-glutathione-injection-et-concentre-kenalcol\/#breadcrumb","itemListElement":[{"@type":"ListItem","position":1,"name":"Accueil","item":"https:\/\/glowpremium.fr\/"},{"@type":"ListItem","position":2,"name":"Boutique","item":"https:\/\/glowpremium.fr\/boutique-produits-eclaircissants\/"},{"@type":"ListItem","position":3,"name":"Duo Blanchissant O&#8221;Carly Magic Glow Collag\u00e8ne Gluta Injection ."}]},{"@type":"WebSite","@id":"https:\/\/glowpremium.fr\/#website","url":"https:\/\/glowpremium.fr\/","name":"Glow Premium","description":"","publisher":{"@id":"https:\/\/glowpremium.fr\/#organization"},"potentialAction":[{"@type":"SearchAction","target":{"@type":"EntryPoint","urlTemplate":"https:\/\/glowpremium.fr\/?s={search_term_string}"},"query-input":{"@type":"PropertyValueSpecification","valueRequired":true,"valueName":"search_term_string"}}],"inLanguage":"en-GB"},{"@type":"Organization","@id":"https:\/\/glowpremium.fr\/#organization","name":"Glow Premium","url":"https:\/\/glowpremium.fr\/","logo":{"@type":"ImageObject","inLanguage":"en-GB","@id":"https:\/\/glowpremium.fr\/#\/schema\/logo\/image\/","url":"https:\/\/glowpremium.fr\/wp-content\/uploads\/2024\/10\/screenshot_20241029_034909_chrome.jpg","contentUrl":"https:\/\/glowpremium.fr\/wp-content\/uploads\/2024\/10\/screenshot_20241029_034909_chrome.jpg","width":866,"height":937,"caption":"Glow Premium"},"image":{"@id":"https:\/\/glowpremium.fr\/#\/schema\/logo\/image\/"}}]}},"_links":{"self":[{"href":"https:\/\/glowpremium.fr\/en\/wp-json\/wp\/v2\/product\/6924","targetHints":{"allow":["GET"]}}],"collection":[{"href":"https:\/\/glowpremium.fr\/en\/wp-json\/wp\/v2\/product"}],"about":[{"href":"https:\/\/glowpremium.fr\/en\/wp-json\/wp\/v2\/types\/product"}],"replies":[{"embeddable":true,"href":"https:\/\/glowpremium.fr\/en\/wp-json\/wp\/v2\/comments?post=6924"}],"version-history":[{"count":3,"href":"https:\/\/glowpremium.fr\/en\/wp-json\/wp\/v2\/product\/6924\/revisions"}],"predecessor-version":[{"id":7270,"href":"https:\/\/glowpremium.fr\/en\/wp-json\/wp\/v2\/product\/6924\/revisions\/7270"}],"wp:featuredmedia":[{"embeddable":true,"href":"https:\/\/glowpremium.fr\/en\/wp-json\/wp\/v2\/media\/6925"}],"wp:attachment":[{"href":"https:\/\/glowpremium.fr\/en\/wp-json\/wp\/v2\/media?parent=6924"}],"wp:term":[{"taxonomy":"brand","embeddable":true,"href":"https:\/\/glowpremium.fr\/en\/wp-json\/wp\/v2\/etheme_brands?post=6924"},{"taxonomy":"product_brand","embeddable":true,"href":"https:\/\/glowpremium.fr\/en\/wp-json\/wp\/v2\/product_brand?post=6924"},{"taxonomy":"product_cat","embeddable":true,"href":"https:\/\/glowpremium.fr\/en\/wp-json\/wp\/v2\/product_cat?post=6924"},{"taxonomy":"product_tag","embeddable":true,"href":"https:\/\/glowpremium.fr\/en\/wp-json\/wp\/v2\/product_tag?post=6924"}],"curies":[{"name":"wp","href":"https:\/\/api.w.org\/{rel}","templated":true}]}}