{"id":6916,"date":"2024-10-29T19:15:02","date_gmt":"2024-10-29T18:15:02","guid":{"rendered":"https:\/\/glowpremium.fr\/?post_type=product&#038;p=6916"},"modified":"2024-11-04T19:51:54","modified_gmt":"2024-11-04T18:51:54","slug":"lait-super-eclaissant-36-h-propre-zero-taches-a-la-vitamines-e-et-oeuf","status":"publish","type":"product","link":"https:\/\/glowpremium.fr\/en\/lightening-product\/super-brightening-milk-36-h-clean-zero-stains-with-vitamin-e-and-egg\/","title":{"rendered":"36-Hour Spotless Cleansing Milk With E Egg Vitamins"},"content":{"rendered":"<p>36H Cleansing Milk with vitamin E and egg extracts is formulated to clarify, moisturise and purify your complexion. The 36H Clean milk is also enriched with glutathione and kojic acid, which preserves and refreshes your skin, giving it a smooth, clean and soft complexion.<\/p>","protected":false},"excerpt":{"rendered":"<p><strong>How to use :<\/strong> Mix with your clean 36-hour cleansing milk and apply preferably in the evening, 3 to 4 times a week to clean skin. <strong>Recommendation:<\/strong> For external use only. If irritation occurs, discontinue use. Keep out of reach of children.<strong>Composition:<\/strong> Aqua (Water), Glycerin, PPG-26-Buteth-26, PEG-40 Hydrogenated, Castor oil, Parfum (Fragrance), Benzyl Alcohol, Phantenol, Carrot Extract, Glutathione, Kojic acid Aspartic acid, Potassium Sorbate, Sodium Chloride.<\/p>","protected":false},"featured_media":6917,"comment_status":"closed","ping_status":"closed","template":"","meta":[],"etheme_brands":[],"product_brand":[],"product_cat":[80,85],"product_tag":[],"class_list":{"0":"post-6916","1":"product","2":"type-product","3":"status-publish","4":"has-post-thumbnail","6":"product_cat-blanchissants-et-eclaircissants","7":"product_cat-laits-eclaircissants","9":"first","10":"instock","11":"featured","12":"shipping-taxable","13":"purchasable","14":"product-type-simple"},"yoast_head":"<!-- This site is optimized with the Yoast SEO plugin v26.7 - https:\/\/yoast.com\/wordpress\/plugins\/seo\/ -->\n<title>Lait \u00c9claissant 36 H Propre Z\u00e9ro T\u00e2ches A La Vitamines E Oeuf - Glow Premium<\/title>\n<meta name=\"description\" content=\"lait \u00e9claircissant 36 heures propre \u00e9claircissant anti-t\u00e2ches produit cosm\u00e9tique peau noire et m\u00e9tisse cosm\u00e9tique \u00e9claircissant uniformise\" \/>\n<meta name=\"robots\" content=\"index, follow, max-snippet:-1, max-image-preview:large, max-video-preview:-1\" \/>\n<link rel=\"canonical\" href=\"https:\/\/glowpremium.fr\/en\/lightening-product\/super-brightening-milk-36-h-clean-zero-stains-with-vitamin-e-and-egg\/\" \/>\n<meta property=\"og:locale\" content=\"en_GB\" \/>\n<meta property=\"og:type\" content=\"article\" \/>\n<meta property=\"og:title\" content=\"Lait \u00c9claissant 36 H Propre Z\u00e9ro T\u00e2ches A La Vitamines E Oeuf - Glow Premium\" \/>\n<meta property=\"og:description\" content=\"lait \u00e9claircissant 36 heures propre \u00e9claircissant anti-t\u00e2ches produit cosm\u00e9tique peau noire et m\u00e9tisse cosm\u00e9tique \u00e9claircissant uniformise\" \/>\n<meta property=\"og:url\" content=\"https:\/\/glowpremium.fr\/en\/lightening-product\/super-brightening-milk-36-h-clean-zero-stains-with-vitamin-e-and-egg\/\" \/>\n<meta property=\"og:site_name\" content=\"Glow Premium\" \/>\n<meta property=\"article:modified_time\" content=\"2024-11-04T18:51:54+00:00\" \/>\n<meta property=\"og:image\" content=\"https:\/\/glowpremium.fr\/wp-content\/uploads\/2024\/10\/screenshot_20240810_143035_gallery.jpg\" \/>\n\t<meta property=\"og:image:width\" content=\"1080\" \/>\n\t<meta property=\"og:image:height\" content=\"955\" \/>\n\t<meta property=\"og:image:type\" content=\"image\/jpeg\" \/>\n<meta name=\"twitter:card\" content=\"summary_large_image\" \/>\n<meta name=\"twitter:label1\" content=\"Estimated reading time\" \/>\n\t<meta name=\"twitter:data1\" content=\"1 minute\" \/>\n<script type=\"application\/ld+json\" class=\"yoast-schema-graph\">{\"@context\":\"https:\/\/schema.org\",\"@graph\":[{\"@type\":\"WebPage\",\"@id\":\"https:\/\/glowpremium.fr\/produit-eclaircissant\/lait-super-eclaissant-36-h-propre-zero-taches-a-la-vitamines-e-et-oeuf\/\",\"url\":\"https:\/\/glowpremium.fr\/produit-eclaircissant\/lait-super-eclaissant-36-h-propre-zero-taches-a-la-vitamines-e-et-oeuf\/\",\"name\":\"Lait \u00c9claissant 36 H Propre Z\u00e9ro T\u00e2ches A La Vitamines E Oeuf - Glow Premium\",\"isPartOf\":{\"@id\":\"https:\/\/glowpremium.fr\/#website\"},\"primaryImageOfPage\":{\"@id\":\"https:\/\/glowpremium.fr\/produit-eclaircissant\/lait-super-eclaissant-36-h-propre-zero-taches-a-la-vitamines-e-et-oeuf\/#primaryimage\"},\"image\":{\"@id\":\"https:\/\/glowpremium.fr\/produit-eclaircissant\/lait-super-eclaissant-36-h-propre-zero-taches-a-la-vitamines-e-et-oeuf\/#primaryimage\"},\"thumbnailUrl\":\"https:\/\/glowpremium.fr\/wp-content\/uploads\/2024\/10\/screenshot_20240810_143035_gallery.jpg\",\"datePublished\":\"2024-10-29T18:15:02+00:00\",\"dateModified\":\"2024-11-04T18:51:54+00:00\",\"description\":\"lait \u00e9claircissant 36 heures propre \u00e9claircissant anti-t\u00e2ches produit cosm\u00e9tique peau noire et m\u00e9tisse cosm\u00e9tique \u00e9claircissant uniformise\",\"breadcrumb\":{\"@id\":\"https:\/\/glowpremium.fr\/produit-eclaircissant\/lait-super-eclaissant-36-h-propre-zero-taches-a-la-vitamines-e-et-oeuf\/#breadcrumb\"},\"inLanguage\":\"en-GB\",\"potentialAction\":[{\"@type\":\"ReadAction\",\"target\":[\"https:\/\/glowpremium.fr\/produit-eclaircissant\/lait-super-eclaissant-36-h-propre-zero-taches-a-la-vitamines-e-et-oeuf\/\"]}]},{\"@type\":\"ImageObject\",\"inLanguage\":\"en-GB\",\"@id\":\"https:\/\/glowpremium.fr\/produit-eclaircissant\/lait-super-eclaissant-36-h-propre-zero-taches-a-la-vitamines-e-et-oeuf\/#primaryimage\",\"url\":\"https:\/\/glowpremium.fr\/wp-content\/uploads\/2024\/10\/screenshot_20240810_143035_gallery.jpg\",\"contentUrl\":\"https:\/\/glowpremium.fr\/wp-content\/uploads\/2024\/10\/screenshot_20240810_143035_gallery.jpg\",\"width\":1080,\"height\":955},{\"@type\":\"BreadcrumbList\",\"@id\":\"https:\/\/glowpremium.fr\/produit-eclaircissant\/lait-super-eclaissant-36-h-propre-zero-taches-a-la-vitamines-e-et-oeuf\/#breadcrumb\",\"itemListElement\":[{\"@type\":\"ListItem\",\"position\":1,\"name\":\"Accueil\",\"item\":\"https:\/\/glowpremium.fr\/\"},{\"@type\":\"ListItem\",\"position\":2,\"name\":\"Boutique\",\"item\":\"https:\/\/glowpremium.fr\/boutique-produits-eclaircissants\/\"},{\"@type\":\"ListItem\",\"position\":3,\"name\":\"Lait \u00c9claissant 36 H Propre Z\u00e9ro T\u00e2ches A La Vitamines E Oeuf\"}]},{\"@type\":\"WebSite\",\"@id\":\"https:\/\/glowpremium.fr\/#website\",\"url\":\"https:\/\/glowpremium.fr\/\",\"name\":\"Glow Premium\",\"description\":\"\",\"publisher\":{\"@id\":\"https:\/\/glowpremium.fr\/#organization\"},\"potentialAction\":[{\"@type\":\"SearchAction\",\"target\":{\"@type\":\"EntryPoint\",\"urlTemplate\":\"https:\/\/glowpremium.fr\/?s={search_term_string}\"},\"query-input\":{\"@type\":\"PropertyValueSpecification\",\"valueRequired\":true,\"valueName\":\"search_term_string\"}}],\"inLanguage\":\"en-GB\"},{\"@type\":\"Organization\",\"@id\":\"https:\/\/glowpremium.fr\/#organization\",\"name\":\"Glow Premium\",\"url\":\"https:\/\/glowpremium.fr\/\",\"logo\":{\"@type\":\"ImageObject\",\"inLanguage\":\"en-GB\",\"@id\":\"https:\/\/glowpremium.fr\/#\/schema\/logo\/image\/\",\"url\":\"https:\/\/glowpremium.fr\/wp-content\/uploads\/2024\/10\/screenshot_20241029_034909_chrome.jpg\",\"contentUrl\":\"https:\/\/glowpremium.fr\/wp-content\/uploads\/2024\/10\/screenshot_20241029_034909_chrome.jpg\",\"width\":866,\"height\":937,\"caption\":\"Glow Premium\"},\"image\":{\"@id\":\"https:\/\/glowpremium.fr\/#\/schema\/logo\/image\/\"}}]}<\/script>\n<!-- \/ Yoast SEO plugin. -->","yoast_head_json":{"title":"Lait \u00c9claissant 36 H Propre Z\u00e9ro T\u00e2ches A La Vitamines E Oeuf - Glow Premium","description":"lait \u00e9claircissant 36 heures propre \u00e9claircissant anti-t\u00e2ches produit cosm\u00e9tique peau noire et m\u00e9tisse cosm\u00e9tique \u00e9claircissant uniformise","robots":{"index":"index","follow":"follow","max-snippet":"max-snippet:-1","max-image-preview":"max-image-preview:large","max-video-preview":"max-video-preview:-1"},"canonical":"https:\/\/glowpremium.fr\/en\/lightening-product\/super-brightening-milk-36-h-clean-zero-stains-with-vitamin-e-and-egg\/","og_locale":"en_GB","og_type":"article","og_title":"Lait \u00c9claissant 36 H Propre Z\u00e9ro T\u00e2ches A La Vitamines E Oeuf - Glow Premium","og_description":"lait \u00e9claircissant 36 heures propre \u00e9claircissant anti-t\u00e2ches produit cosm\u00e9tique peau noire et m\u00e9tisse cosm\u00e9tique \u00e9claircissant uniformise","og_url":"https:\/\/glowpremium.fr\/en\/lightening-product\/super-brightening-milk-36-h-clean-zero-stains-with-vitamin-e-and-egg\/","og_site_name":"Glow Premium","article_modified_time":"2024-11-04T18:51:54+00:00","og_image":[{"width":1080,"height":955,"url":"https:\/\/glowpremium.fr\/wp-content\/uploads\/2024\/10\/screenshot_20240810_143035_gallery.jpg","type":"image\/jpeg"}],"twitter_card":"summary_large_image","twitter_misc":{"Estimated reading time":"1 minute"},"schema":{"@context":"https:\/\/schema.org","@graph":[{"@type":"WebPage","@id":"https:\/\/glowpremium.fr\/produit-eclaircissant\/lait-super-eclaissant-36-h-propre-zero-taches-a-la-vitamines-e-et-oeuf\/","url":"https:\/\/glowpremium.fr\/produit-eclaircissant\/lait-super-eclaissant-36-h-propre-zero-taches-a-la-vitamines-e-et-oeuf\/","name":"Lait \u00c9claissant 36 H Propre Z\u00e9ro T\u00e2ches A La Vitamines E Oeuf - Glow Premium","isPartOf":{"@id":"https:\/\/glowpremium.fr\/#website"},"primaryImageOfPage":{"@id":"https:\/\/glowpremium.fr\/produit-eclaircissant\/lait-super-eclaissant-36-h-propre-zero-taches-a-la-vitamines-e-et-oeuf\/#primaryimage"},"image":{"@id":"https:\/\/glowpremium.fr\/produit-eclaircissant\/lait-super-eclaissant-36-h-propre-zero-taches-a-la-vitamines-e-et-oeuf\/#primaryimage"},"thumbnailUrl":"https:\/\/glowpremium.fr\/wp-content\/uploads\/2024\/10\/screenshot_20240810_143035_gallery.jpg","datePublished":"2024-10-29T18:15:02+00:00","dateModified":"2024-11-04T18:51:54+00:00","description":"lait \u00e9claircissant 36 heures propre \u00e9claircissant anti-t\u00e2ches produit cosm\u00e9tique peau noire et m\u00e9tisse cosm\u00e9tique \u00e9claircissant uniformise","breadcrumb":{"@id":"https:\/\/glowpremium.fr\/produit-eclaircissant\/lait-super-eclaissant-36-h-propre-zero-taches-a-la-vitamines-e-et-oeuf\/#breadcrumb"},"inLanguage":"en-GB","potentialAction":[{"@type":"ReadAction","target":["https:\/\/glowpremium.fr\/produit-eclaircissant\/lait-super-eclaissant-36-h-propre-zero-taches-a-la-vitamines-e-et-oeuf\/"]}]},{"@type":"ImageObject","inLanguage":"en-GB","@id":"https:\/\/glowpremium.fr\/produit-eclaircissant\/lait-super-eclaissant-36-h-propre-zero-taches-a-la-vitamines-e-et-oeuf\/#primaryimage","url":"https:\/\/glowpremium.fr\/wp-content\/uploads\/2024\/10\/screenshot_20240810_143035_gallery.jpg","contentUrl":"https:\/\/glowpremium.fr\/wp-content\/uploads\/2024\/10\/screenshot_20240810_143035_gallery.jpg","width":1080,"height":955},{"@type":"BreadcrumbList","@id":"https:\/\/glowpremium.fr\/produit-eclaircissant\/lait-super-eclaissant-36-h-propre-zero-taches-a-la-vitamines-e-et-oeuf\/#breadcrumb","itemListElement":[{"@type":"ListItem","position":1,"name":"Accueil","item":"https:\/\/glowpremium.fr\/"},{"@type":"ListItem","position":2,"name":"Boutique","item":"https:\/\/glowpremium.fr\/boutique-produits-eclaircissants\/"},{"@type":"ListItem","position":3,"name":"Lait \u00c9claissant 36 H Propre Z\u00e9ro T\u00e2ches A La Vitamines E Oeuf"}]},{"@type":"WebSite","@id":"https:\/\/glowpremium.fr\/#website","url":"https:\/\/glowpremium.fr\/","name":"Glow Premium","description":"","publisher":{"@id":"https:\/\/glowpremium.fr\/#organization"},"potentialAction":[{"@type":"SearchAction","target":{"@type":"EntryPoint","urlTemplate":"https:\/\/glowpremium.fr\/?s={search_term_string}"},"query-input":{"@type":"PropertyValueSpecification","valueRequired":true,"valueName":"search_term_string"}}],"inLanguage":"en-GB"},{"@type":"Organization","@id":"https:\/\/glowpremium.fr\/#organization","name":"Glow Premium","url":"https:\/\/glowpremium.fr\/","logo":{"@type":"ImageObject","inLanguage":"en-GB","@id":"https:\/\/glowpremium.fr\/#\/schema\/logo\/image\/","url":"https:\/\/glowpremium.fr\/wp-content\/uploads\/2024\/10\/screenshot_20241029_034909_chrome.jpg","contentUrl":"https:\/\/glowpremium.fr\/wp-content\/uploads\/2024\/10\/screenshot_20241029_034909_chrome.jpg","width":866,"height":937,"caption":"Glow Premium"},"image":{"@id":"https:\/\/glowpremium.fr\/#\/schema\/logo\/image\/"}}]}},"_links":{"self":[{"href":"https:\/\/glowpremium.fr\/en\/wp-json\/wp\/v2\/product\/6916","targetHints":{"allow":["GET"]}}],"collection":[{"href":"https:\/\/glowpremium.fr\/en\/wp-json\/wp\/v2\/product"}],"about":[{"href":"https:\/\/glowpremium.fr\/en\/wp-json\/wp\/v2\/types\/product"}],"replies":[{"embeddable":true,"href":"https:\/\/glowpremium.fr\/en\/wp-json\/wp\/v2\/comments?post=6916"}],"version-history":[{"count":3,"href":"https:\/\/glowpremium.fr\/en\/wp-json\/wp\/v2\/product\/6916\/revisions"}],"predecessor-version":[{"id":7272,"href":"https:\/\/glowpremium.fr\/en\/wp-json\/wp\/v2\/product\/6916\/revisions\/7272"}],"wp:featuredmedia":[{"embeddable":true,"href":"https:\/\/glowpremium.fr\/en\/wp-json\/wp\/v2\/media\/6917"}],"wp:attachment":[{"href":"https:\/\/glowpremium.fr\/en\/wp-json\/wp\/v2\/media?parent=6916"}],"wp:term":[{"taxonomy":"brand","embeddable":true,"href":"https:\/\/glowpremium.fr\/en\/wp-json\/wp\/v2\/etheme_brands?post=6916"},{"taxonomy":"product_brand","embeddable":true,"href":"https:\/\/glowpremium.fr\/en\/wp-json\/wp\/v2\/product_brand?post=6916"},{"taxonomy":"product_cat","embeddable":true,"href":"https:\/\/glowpremium.fr\/en\/wp-json\/wp\/v2\/product_cat?post=6916"},{"taxonomy":"product_tag","embeddable":true,"href":"https:\/\/glowpremium.fr\/en\/wp-json\/wp\/v2\/product_tag?post=6916"}],"curies":[{"name":"wp","href":"https:\/\/api.w.org\/{rel}","templated":true}]}}