{"id":6891,"date":"2024-10-29T10:07:52","date_gmt":"2024-10-29T09:07:52","guid":{"rendered":"https:\/\/glowpremium.fr\/?post_type=product&#038;p=6891"},"modified":"2024-12-12T14:14:15","modified_gmt":"2024-12-12T13:14:15","slug":"complement-alimentaire-eclaircissant-active-white-naturelle-au-glutathion-anti-taches","status":"publish","type":"product","link":"https:\/\/glowpremium.fr\/en\/lightening-product\/active-white-natural-lightening-food-supplement-with-glutathione-anti-spots\/","title":{"rendered":"Food Supplements - Active White Lightening"},"content":{"rendered":"<p><strong>How to use :<\/strong><\/p>\n<p>4 capsules a day, preferably with a meal.   Combine with vitamin C. Vitamin C is necessary for the synthesis of glutathione, collagen and red blood cells and plays a role in the immune system.<br \/>\nThe first two months of glutathione use are crucial. This is the time when the glutathione builds its foundation (realignment chemistry).<\/p>\n<p><strong>Recommendation:<\/strong><\/p>\n<p>Skin lightening is gradual (speed depends on your metabolism and body chemistry). You'll notice that your skin is brighter and healthier than before.<br \/>\nAfter this process, you'll notice that your complexion will gradually become brighter and brighter.<\/p>\n<p>don't forget that glutathione acts on the original complexion (your true complexion)<\/p>\n<p>results vary according to each metabolism and each person<\/p>\n<p>Not suitable:<br \/>\n- Pregnant &amp; breast-feeding women<br \/>\n- People allergic to vitamins (all types)<br \/>\n- Anyone with cardiovascular problems\u00c9<\/p>\n<p><strong>Advice :<\/strong><\/p>\n<p>Drink plenty of water during the day, at least 2 litres a day for your glutathione cure; the more you drink, the more you eliminate the toxins in your blood.<br \/>\n- You can combine this with our booster or vitamin C capsules for faster results.<\/p>\n<p><strong>Composition:<\/strong><\/p>\n<p>L - Glutathione, Vitamin C Grape seeds, Cellulose glycerine.<\/p>","protected":false},"excerpt":{"rendered":"<p>ACTIVE WHITE Le Secret de beaut\u00e9 des femmes are brightening capsules that give a clear, blemish-free complexion to all parts of the body. all skin types<\/p>\n<p>The ACTIVE WHITE brand specialises in skin care and beauty, and offers you capsules which are food supplements for brightening the skin.<\/p>\n<p>The capsules act on your face, body and organism by providing your skin with all the essential elements it needs to nourish itself, maintain its balance, brighten and maintain its beauty.<\/p>\n<p>Active White capsules intensively lighten skin thanks to their high Glutathione content. Rejuvenates, reduces hyper pigmentation spots, illuminates, moisturises, softens and is also a super radiance booster, so say goodbye to dull complexions. It's a real complexion secret for a perfect complexion long used by the stars.corrects all types of complexion problems, rejuvenates, anti-ageing and corrects complexion. active white capsules repair damaged skin and restore radiance to the skin. pack contains 60 jellies.<\/p>","protected":false},"featured_media":6902,"comment_status":"closed","ping_status":"closed","template":"","meta":[],"etheme_brands":[],"product_brand":[],"product_cat":[80],"product_tag":[],"class_list":{"0":"post-6891","1":"product","2":"type-product","3":"status-publish","4":"has-post-thumbnail","6":"product_cat-blanchissants-et-eclaircissants","8":"first","9":"instock","10":"featured","11":"shipping-taxable","12":"purchasable","13":"product-type-simple"},"yoast_head":"<!-- This site is optimized with the Yoast SEO plugin v26.7 - https:\/\/yoast.com\/wordpress\/plugins\/seo\/ -->\n<title>Compl\u00e8ments Alimentaires - Active White \u00c9claircirssant - Glow Premium<\/title>\n<meta name=\"description\" content=\"complement alimentaire \u00e9claircissant produit de beaut\u00e9 peaux noire m\u00e9tisse uniformise anti-t\u00e2ches beaut\u00e9 de la peau \u00e9clatante blanchissant illumine la peau\" \/>\n<meta name=\"robots\" content=\"index, follow, max-snippet:-1, max-image-preview:large, max-video-preview:-1\" \/>\n<link rel=\"canonical\" href=\"https:\/\/glowpremium.fr\/en\/lightening-product\/active-white-natural-lightening-food-supplement-with-glutathione-anti-spots\/\" \/>\n<meta property=\"og:locale\" content=\"en_GB\" \/>\n<meta property=\"og:type\" content=\"article\" \/>\n<meta property=\"og:title\" content=\"Compl\u00e8ments Alimentaires - Active White \u00c9claircirssant - Glow Premium\" \/>\n<meta property=\"og:description\" content=\"complement alimentaire \u00e9claircissant produit de beaut\u00e9 peaux noire m\u00e9tisse uniformise anti-t\u00e2ches beaut\u00e9 de la peau \u00e9clatante blanchissant illumine la peau\" \/>\n<meta property=\"og:url\" content=\"https:\/\/glowpremium.fr\/en\/lightening-product\/active-white-natural-lightening-food-supplement-with-glutathione-anti-spots\/\" \/>\n<meta property=\"og:site_name\" content=\"Glow Premium\" \/>\n<meta property=\"article:modified_time\" content=\"2024-12-12T13:14:15+00:00\" \/>\n<meta property=\"og:image\" content=\"https:\/\/glowpremium.fr\/wp-content\/uploads\/2024\/10\/screenshot_20240929_134745_gallery.jpg\" \/>\n\t<meta property=\"og:image:width\" content=\"1000\" \/>\n\t<meta property=\"og:image:height\" content=\"548\" \/>\n\t<meta property=\"og:image:type\" content=\"image\/jpeg\" \/>\n<meta name=\"twitter:card\" content=\"summary_large_image\" \/>\n<meta name=\"twitter:label1\" content=\"Estimated reading time\" \/>\n\t<meta name=\"twitter:data1\" content=\"2 minutes\" \/>\n<script type=\"application\/ld+json\" class=\"yoast-schema-graph\">{\"@context\":\"https:\/\/schema.org\",\"@graph\":[{\"@type\":\"WebPage\",\"@id\":\"https:\/\/glowpremium.fr\/produit-eclaircissant\/complement-alimentaire-eclaircissant-active-white-naturelle-au-glutathion-anti-taches\/\",\"url\":\"https:\/\/glowpremium.fr\/produit-eclaircissant\/complement-alimentaire-eclaircissant-active-white-naturelle-au-glutathion-anti-taches\/\",\"name\":\"Compl\u00e8ments Alimentaires - Active White \u00c9claircirssant - Glow Premium\",\"isPartOf\":{\"@id\":\"https:\/\/glowpremium.fr\/#website\"},\"primaryImageOfPage\":{\"@id\":\"https:\/\/glowpremium.fr\/produit-eclaircissant\/complement-alimentaire-eclaircissant-active-white-naturelle-au-glutathion-anti-taches\/#primaryimage\"},\"image\":{\"@id\":\"https:\/\/glowpremium.fr\/produit-eclaircissant\/complement-alimentaire-eclaircissant-active-white-naturelle-au-glutathion-anti-taches\/#primaryimage\"},\"thumbnailUrl\":\"https:\/\/glowpremium.fr\/wp-content\/uploads\/2024\/10\/screenshot_20240929_134745_gallery.jpg\",\"datePublished\":\"2024-10-29T09:07:52+00:00\",\"dateModified\":\"2024-12-12T13:14:15+00:00\",\"description\":\"complement alimentaire \u00e9claircissant produit de beaut\u00e9 peaux noire m\u00e9tisse uniformise anti-t\u00e2ches beaut\u00e9 de la peau \u00e9clatante blanchissant illumine la peau\",\"breadcrumb\":{\"@id\":\"https:\/\/glowpremium.fr\/produit-eclaircissant\/complement-alimentaire-eclaircissant-active-white-naturelle-au-glutathion-anti-taches\/#breadcrumb\"},\"inLanguage\":\"en-GB\",\"potentialAction\":[{\"@type\":\"ReadAction\",\"target\":[\"https:\/\/glowpremium.fr\/produit-eclaircissant\/complement-alimentaire-eclaircissant-active-white-naturelle-au-glutathion-anti-taches\/\"]}]},{\"@type\":\"ImageObject\",\"inLanguage\":\"en-GB\",\"@id\":\"https:\/\/glowpremium.fr\/produit-eclaircissant\/complement-alimentaire-eclaircissant-active-white-naturelle-au-glutathion-anti-taches\/#primaryimage\",\"url\":\"https:\/\/glowpremium.fr\/wp-content\/uploads\/2024\/10\/screenshot_20240929_134745_gallery.jpg\",\"contentUrl\":\"https:\/\/glowpremium.fr\/wp-content\/uploads\/2024\/10\/screenshot_20240929_134745_gallery.jpg\",\"width\":1000,\"height\":548},{\"@type\":\"BreadcrumbList\",\"@id\":\"https:\/\/glowpremium.fr\/produit-eclaircissant\/complement-alimentaire-eclaircissant-active-white-naturelle-au-glutathion-anti-taches\/#breadcrumb\",\"itemListElement\":[{\"@type\":\"ListItem\",\"position\":1,\"name\":\"Accueil\",\"item\":\"https:\/\/glowpremium.fr\/\"},{\"@type\":\"ListItem\",\"position\":2,\"name\":\"Boutique\",\"item\":\"https:\/\/glowpremium.fr\/boutique-produits-eclaircissants\/\"},{\"@type\":\"ListItem\",\"position\":3,\"name\":\"Compl\u00e8ments Alimentaires &#8211; Active White \u00c9claircirssant\"}]},{\"@type\":\"WebSite\",\"@id\":\"https:\/\/glowpremium.fr\/#website\",\"url\":\"https:\/\/glowpremium.fr\/\",\"name\":\"Glow Premium\",\"description\":\"\",\"publisher\":{\"@id\":\"https:\/\/glowpremium.fr\/#organization\"},\"potentialAction\":[{\"@type\":\"SearchAction\",\"target\":{\"@type\":\"EntryPoint\",\"urlTemplate\":\"https:\/\/glowpremium.fr\/?s={search_term_string}\"},\"query-input\":{\"@type\":\"PropertyValueSpecification\",\"valueRequired\":true,\"valueName\":\"search_term_string\"}}],\"inLanguage\":\"en-GB\"},{\"@type\":\"Organization\",\"@id\":\"https:\/\/glowpremium.fr\/#organization\",\"name\":\"Glow Premium\",\"url\":\"https:\/\/glowpremium.fr\/\",\"logo\":{\"@type\":\"ImageObject\",\"inLanguage\":\"en-GB\",\"@id\":\"https:\/\/glowpremium.fr\/#\/schema\/logo\/image\/\",\"url\":\"https:\/\/glowpremium.fr\/wp-content\/uploads\/2024\/10\/screenshot_20241029_034909_chrome.jpg\",\"contentUrl\":\"https:\/\/glowpremium.fr\/wp-content\/uploads\/2024\/10\/screenshot_20241029_034909_chrome.jpg\",\"width\":866,\"height\":937,\"caption\":\"Glow Premium\"},\"image\":{\"@id\":\"https:\/\/glowpremium.fr\/#\/schema\/logo\/image\/\"}}]}<\/script>\n<!-- \/ Yoast SEO plugin. -->","yoast_head_json":{"title":"Compl\u00e8ments Alimentaires - Active White \u00c9claircirssant - Glow Premium","description":"complement alimentaire \u00e9claircissant produit de beaut\u00e9 peaux noire m\u00e9tisse uniformise anti-t\u00e2ches beaut\u00e9 de la peau \u00e9clatante blanchissant illumine la peau","robots":{"index":"index","follow":"follow","max-snippet":"max-snippet:-1","max-image-preview":"max-image-preview:large","max-video-preview":"max-video-preview:-1"},"canonical":"https:\/\/glowpremium.fr\/en\/lightening-product\/active-white-natural-lightening-food-supplement-with-glutathione-anti-spots\/","og_locale":"en_GB","og_type":"article","og_title":"Compl\u00e8ments Alimentaires - Active White \u00c9claircirssant - Glow Premium","og_description":"complement alimentaire \u00e9claircissant produit de beaut\u00e9 peaux noire m\u00e9tisse uniformise anti-t\u00e2ches beaut\u00e9 de la peau \u00e9clatante blanchissant illumine la peau","og_url":"https:\/\/glowpremium.fr\/en\/lightening-product\/active-white-natural-lightening-food-supplement-with-glutathione-anti-spots\/","og_site_name":"Glow Premium","article_modified_time":"2024-12-12T13:14:15+00:00","og_image":[{"width":1000,"height":548,"url":"https:\/\/glowpremium.fr\/wp-content\/uploads\/2024\/10\/screenshot_20240929_134745_gallery.jpg","type":"image\/jpeg"}],"twitter_card":"summary_large_image","twitter_misc":{"Estimated reading time":"2 minutes"},"schema":{"@context":"https:\/\/schema.org","@graph":[{"@type":"WebPage","@id":"https:\/\/glowpremium.fr\/produit-eclaircissant\/complement-alimentaire-eclaircissant-active-white-naturelle-au-glutathion-anti-taches\/","url":"https:\/\/glowpremium.fr\/produit-eclaircissant\/complement-alimentaire-eclaircissant-active-white-naturelle-au-glutathion-anti-taches\/","name":"Compl\u00e8ments Alimentaires - Active White \u00c9claircirssant - Glow Premium","isPartOf":{"@id":"https:\/\/glowpremium.fr\/#website"},"primaryImageOfPage":{"@id":"https:\/\/glowpremium.fr\/produit-eclaircissant\/complement-alimentaire-eclaircissant-active-white-naturelle-au-glutathion-anti-taches\/#primaryimage"},"image":{"@id":"https:\/\/glowpremium.fr\/produit-eclaircissant\/complement-alimentaire-eclaircissant-active-white-naturelle-au-glutathion-anti-taches\/#primaryimage"},"thumbnailUrl":"https:\/\/glowpremium.fr\/wp-content\/uploads\/2024\/10\/screenshot_20240929_134745_gallery.jpg","datePublished":"2024-10-29T09:07:52+00:00","dateModified":"2024-12-12T13:14:15+00:00","description":"complement alimentaire \u00e9claircissant produit de beaut\u00e9 peaux noire m\u00e9tisse uniformise anti-t\u00e2ches beaut\u00e9 de la peau \u00e9clatante blanchissant illumine la peau","breadcrumb":{"@id":"https:\/\/glowpremium.fr\/produit-eclaircissant\/complement-alimentaire-eclaircissant-active-white-naturelle-au-glutathion-anti-taches\/#breadcrumb"},"inLanguage":"en-GB","potentialAction":[{"@type":"ReadAction","target":["https:\/\/glowpremium.fr\/produit-eclaircissant\/complement-alimentaire-eclaircissant-active-white-naturelle-au-glutathion-anti-taches\/"]}]},{"@type":"ImageObject","inLanguage":"en-GB","@id":"https:\/\/glowpremium.fr\/produit-eclaircissant\/complement-alimentaire-eclaircissant-active-white-naturelle-au-glutathion-anti-taches\/#primaryimage","url":"https:\/\/glowpremium.fr\/wp-content\/uploads\/2024\/10\/screenshot_20240929_134745_gallery.jpg","contentUrl":"https:\/\/glowpremium.fr\/wp-content\/uploads\/2024\/10\/screenshot_20240929_134745_gallery.jpg","width":1000,"height":548},{"@type":"BreadcrumbList","@id":"https:\/\/glowpremium.fr\/produit-eclaircissant\/complement-alimentaire-eclaircissant-active-white-naturelle-au-glutathion-anti-taches\/#breadcrumb","itemListElement":[{"@type":"ListItem","position":1,"name":"Accueil","item":"https:\/\/glowpremium.fr\/"},{"@type":"ListItem","position":2,"name":"Boutique","item":"https:\/\/glowpremium.fr\/boutique-produits-eclaircissants\/"},{"@type":"ListItem","position":3,"name":"Compl\u00e8ments Alimentaires &#8211; Active White \u00c9claircirssant"}]},{"@type":"WebSite","@id":"https:\/\/glowpremium.fr\/#website","url":"https:\/\/glowpremium.fr\/","name":"Glow Premium","description":"","publisher":{"@id":"https:\/\/glowpremium.fr\/#organization"},"potentialAction":[{"@type":"SearchAction","target":{"@type":"EntryPoint","urlTemplate":"https:\/\/glowpremium.fr\/?s={search_term_string}"},"query-input":{"@type":"PropertyValueSpecification","valueRequired":true,"valueName":"search_term_string"}}],"inLanguage":"en-GB"},{"@type":"Organization","@id":"https:\/\/glowpremium.fr\/#organization","name":"Glow Premium","url":"https:\/\/glowpremium.fr\/","logo":{"@type":"ImageObject","inLanguage":"en-GB","@id":"https:\/\/glowpremium.fr\/#\/schema\/logo\/image\/","url":"https:\/\/glowpremium.fr\/wp-content\/uploads\/2024\/10\/screenshot_20241029_034909_chrome.jpg","contentUrl":"https:\/\/glowpremium.fr\/wp-content\/uploads\/2024\/10\/screenshot_20241029_034909_chrome.jpg","width":866,"height":937,"caption":"Glow Premium"},"image":{"@id":"https:\/\/glowpremium.fr\/#\/schema\/logo\/image\/"}}]}},"_links":{"self":[{"href":"https:\/\/glowpremium.fr\/en\/wp-json\/wp\/v2\/product\/6891","targetHints":{"allow":["GET"]}}],"collection":[{"href":"https:\/\/glowpremium.fr\/en\/wp-json\/wp\/v2\/product"}],"about":[{"href":"https:\/\/glowpremium.fr\/en\/wp-json\/wp\/v2\/types\/product"}],"replies":[{"embeddable":true,"href":"https:\/\/glowpremium.fr\/en\/wp-json\/wp\/v2\/comments?post=6891"}],"version-history":[{"count":6,"href":"https:\/\/glowpremium.fr\/en\/wp-json\/wp\/v2\/product\/6891\/revisions"}],"predecessor-version":[{"id":7281,"href":"https:\/\/glowpremium.fr\/en\/wp-json\/wp\/v2\/product\/6891\/revisions\/7281"}],"wp:featuredmedia":[{"embeddable":true,"href":"https:\/\/glowpremium.fr\/en\/wp-json\/wp\/v2\/media\/6902"}],"wp:attachment":[{"href":"https:\/\/glowpremium.fr\/en\/wp-json\/wp\/v2\/media?parent=6891"}],"wp:term":[{"taxonomy":"brand","embeddable":true,"href":"https:\/\/glowpremium.fr\/en\/wp-json\/wp\/v2\/etheme_brands?post=6891"},{"taxonomy":"product_brand","embeddable":true,"href":"https:\/\/glowpremium.fr\/en\/wp-json\/wp\/v2\/product_brand?post=6891"},{"taxonomy":"product_cat","embeddable":true,"href":"https:\/\/glowpremium.fr\/en\/wp-json\/wp\/v2\/product_cat?post=6891"},{"taxonomy":"product_tag","embeddable":true,"href":"https:\/\/glowpremium.fr\/en\/wp-json\/wp\/v2\/product_tag?post=6891"}],"curies":[{"name":"wp","href":"https:\/\/api.w.org\/{rel}","templated":true}]}}