{"id":6882,"date":"2024-10-29T04:42:37","date_gmt":"2024-10-29T03:42:37","guid":{"rendered":"https:\/\/glowpremium.fr\/?post_type=product&#038;p=6882"},"modified":"2024-11-05T06:38:36","modified_gmt":"2024-11-05T05:38:36","slug":"lait-makari-eclaircissant-extreme-a-lhuile-d-argan-carotte-teint-de-luxe","status":"publish","type":"product","link":"https:\/\/glowpremium.fr\/en\/lightening-product\/makari-milk-extreme-lightening-with-argan-oil-carrot-luxury-complexion\/","title":{"rendered":"Extreme Lightening Milk Argan Carrot De Luxe Complexion - MAKARI"},"content":{"rendered":"<ul>\n<li>Promotes a clear, even complexion<\/li>\n<li>Used to treat and eliminate areas of discolouration on the face and body<\/li>\n<li>Helps stimulate lightening when mixed with other products for stubborn skin<\/li>\n<li>Use as recommended for best results<\/li>\n<li><strong>Recommended for all skin types\u00a0<\/strong><\/li>\n<li><strong>Smoothes and eliminates wrinkles, firms the skin and gives it a luxuriant complexion while erasing pimples and scars.<\/strong><\/li>\n<\/ul>","protected":false},"excerpt":{"rendered":"<p>Unifying, clarifying, toning care - high concentration of organiclarine quickly reduces spots and discolouration evens out the complexion - genuine anti-blemish care<\/p>\n<p>The vitamins C E minimize the tasks caused by the effect of the sun wind buttons tasks related to the age erases the melasma softening firming be effective for black and mixed skins<\/p>\n<p>&nbsp;<\/p>","protected":false},"featured_media":6883,"comment_status":"closed","ping_status":"closed","template":"","meta":[],"etheme_brands":[],"product_brand":[],"product_cat":[80,85],"product_tag":[],"class_list":{"0":"post-6882","1":"product","2":"type-product","3":"status-publish","4":"has-post-thumbnail","6":"product_cat-blanchissants-et-eclaircissants","7":"product_cat-laits-eclaircissants","9":"first","10":"instock","11":"featured","12":"shipping-taxable","13":"purchasable","14":"product-type-simple"},"yoast_head":"<!-- This site is optimized with the Yoast SEO plugin v26.7 - https:\/\/yoast.com\/wordpress\/plugins\/seo\/ -->\n<title>Lait \u00c9claircissant Extr\u00eame Argan Carotte Teint De Luxe - MAKARI - Glow Premium<\/title>\n<meta name=\"description\" content=\"Lait makari extr\u00eame argan carotte \u00e9claircissant peau noire et m\u00e9tisse uniformise beaut\u00e9 anti-t\u00e2ches blanchissant teint claire luxueux \u00e9clatante\" \/>\n<meta name=\"robots\" content=\"index, follow, max-snippet:-1, max-image-preview:large, max-video-preview:-1\" \/>\n<link rel=\"canonical\" href=\"https:\/\/glowpremium.fr\/en\/lightening-product\/makari-milk-extreme-lightening-with-argan-oil-carrot-luxury-complexion\/\" \/>\n<meta property=\"og:locale\" content=\"en_GB\" \/>\n<meta property=\"og:type\" content=\"article\" \/>\n<meta property=\"og:title\" content=\"Lait \u00c9claircissant Extr\u00eame Argan Carotte Teint De Luxe - MAKARI - Glow Premium\" \/>\n<meta property=\"og:description\" content=\"Lait makari extr\u00eame argan carotte \u00e9claircissant peau noire et m\u00e9tisse uniformise beaut\u00e9 anti-t\u00e2ches blanchissant teint claire luxueux \u00e9clatante\" \/>\n<meta property=\"og:url\" content=\"https:\/\/glowpremium.fr\/en\/lightening-product\/makari-milk-extreme-lightening-with-argan-oil-carrot-luxury-complexion\/\" \/>\n<meta property=\"og:site_name\" content=\"Glow Premium\" \/>\n<meta property=\"article:modified_time\" content=\"2024-11-05T05:38:36+00:00\" \/>\n<meta property=\"og:image\" content=\"https:\/\/glowpremium.fr\/wp-content\/uploads\/2024\/10\/screenshot_20241029_034909_chrome.jpg\" \/>\n\t<meta property=\"og:image:width\" content=\"866\" \/>\n\t<meta property=\"og:image:height\" content=\"937\" \/>\n\t<meta property=\"og:image:type\" content=\"image\/jpeg\" \/>\n<meta name=\"twitter:card\" content=\"summary_large_image\" \/>\n<meta name=\"twitter:label1\" content=\"Estimated reading time\" \/>\n\t<meta name=\"twitter:data1\" content=\"1 minute\" \/>\n<script type=\"application\/ld+json\" class=\"yoast-schema-graph\">{\"@context\":\"https:\/\/schema.org\",\"@graph\":[{\"@type\":\"WebPage\",\"@id\":\"https:\/\/glowpremium.fr\/produit-eclaircissant\/lait-makari-eclaircissant-extreme-a-lhuile-d-argan-carotte-teint-de-luxe\/\",\"url\":\"https:\/\/glowpremium.fr\/produit-eclaircissant\/lait-makari-eclaircissant-extreme-a-lhuile-d-argan-carotte-teint-de-luxe\/\",\"name\":\"Lait \u00c9claircissant Extr\u00eame Argan Carotte Teint De Luxe - MAKARI - Glow Premium\",\"isPartOf\":{\"@id\":\"https:\/\/glowpremium.fr\/#website\"},\"primaryImageOfPage\":{\"@id\":\"https:\/\/glowpremium.fr\/produit-eclaircissant\/lait-makari-eclaircissant-extreme-a-lhuile-d-argan-carotte-teint-de-luxe\/#primaryimage\"},\"image\":{\"@id\":\"https:\/\/glowpremium.fr\/produit-eclaircissant\/lait-makari-eclaircissant-extreme-a-lhuile-d-argan-carotte-teint-de-luxe\/#primaryimage\"},\"thumbnailUrl\":\"https:\/\/glowpremium.fr\/wp-content\/uploads\/2024\/10\/screenshot_20241029_034909_chrome.jpg\",\"datePublished\":\"2024-10-29T03:42:37+00:00\",\"dateModified\":\"2024-11-05T05:38:36+00:00\",\"description\":\"Lait makari extr\u00eame argan carotte \u00e9claircissant peau noire et m\u00e9tisse uniformise beaut\u00e9 anti-t\u00e2ches blanchissant teint claire luxueux \u00e9clatante\",\"breadcrumb\":{\"@id\":\"https:\/\/glowpremium.fr\/produit-eclaircissant\/lait-makari-eclaircissant-extreme-a-lhuile-d-argan-carotte-teint-de-luxe\/#breadcrumb\"},\"inLanguage\":\"en-GB\",\"potentialAction\":[{\"@type\":\"ReadAction\",\"target\":[\"https:\/\/glowpremium.fr\/produit-eclaircissant\/lait-makari-eclaircissant-extreme-a-lhuile-d-argan-carotte-teint-de-luxe\/\"]}]},{\"@type\":\"ImageObject\",\"inLanguage\":\"en-GB\",\"@id\":\"https:\/\/glowpremium.fr\/produit-eclaircissant\/lait-makari-eclaircissant-extreme-a-lhuile-d-argan-carotte-teint-de-luxe\/#primaryimage\",\"url\":\"https:\/\/glowpremium.fr\/wp-content\/uploads\/2024\/10\/screenshot_20241029_034909_chrome.jpg\",\"contentUrl\":\"https:\/\/glowpremium.fr\/wp-content\/uploads\/2024\/10\/screenshot_20241029_034909_chrome.jpg\",\"width\":866,\"height\":937},{\"@type\":\"BreadcrumbList\",\"@id\":\"https:\/\/glowpremium.fr\/produit-eclaircissant\/lait-makari-eclaircissant-extreme-a-lhuile-d-argan-carotte-teint-de-luxe\/#breadcrumb\",\"itemListElement\":[{\"@type\":\"ListItem\",\"position\":1,\"name\":\"Accueil\",\"item\":\"https:\/\/glowpremium.fr\/\"},{\"@type\":\"ListItem\",\"position\":2,\"name\":\"Boutique\",\"item\":\"https:\/\/glowpremium.fr\/boutique-produits-eclaircissants\/\"},{\"@type\":\"ListItem\",\"position\":3,\"name\":\"Lait \u00c9claircissant Extr\u00eame Argan Carotte Teint De Luxe &#8211; MAKARI\"}]},{\"@type\":\"WebSite\",\"@id\":\"https:\/\/glowpremium.fr\/#website\",\"url\":\"https:\/\/glowpremium.fr\/\",\"name\":\"Glow Premium\",\"description\":\"\",\"publisher\":{\"@id\":\"https:\/\/glowpremium.fr\/#organization\"},\"potentialAction\":[{\"@type\":\"SearchAction\",\"target\":{\"@type\":\"EntryPoint\",\"urlTemplate\":\"https:\/\/glowpremium.fr\/?s={search_term_string}\"},\"query-input\":{\"@type\":\"PropertyValueSpecification\",\"valueRequired\":true,\"valueName\":\"search_term_string\"}}],\"inLanguage\":\"en-GB\"},{\"@type\":\"Organization\",\"@id\":\"https:\/\/glowpremium.fr\/#organization\",\"name\":\"Glow Premium\",\"url\":\"https:\/\/glowpremium.fr\/\",\"logo\":{\"@type\":\"ImageObject\",\"inLanguage\":\"en-GB\",\"@id\":\"https:\/\/glowpremium.fr\/#\/schema\/logo\/image\/\",\"url\":\"https:\/\/glowpremium.fr\/wp-content\/uploads\/2024\/10\/screenshot_20241029_034909_chrome.jpg\",\"contentUrl\":\"https:\/\/glowpremium.fr\/wp-content\/uploads\/2024\/10\/screenshot_20241029_034909_chrome.jpg\",\"width\":866,\"height\":937,\"caption\":\"Glow Premium\"},\"image\":{\"@id\":\"https:\/\/glowpremium.fr\/#\/schema\/logo\/image\/\"}}]}<\/script>\n<!-- \/ Yoast SEO plugin. -->","yoast_head_json":{"title":"Lait \u00c9claircissant Extr\u00eame Argan Carotte Teint De Luxe - MAKARI - Glow Premium","description":"Lait makari extr\u00eame argan carotte \u00e9claircissant peau noire et m\u00e9tisse uniformise beaut\u00e9 anti-t\u00e2ches blanchissant teint claire luxueux \u00e9clatante","robots":{"index":"index","follow":"follow","max-snippet":"max-snippet:-1","max-image-preview":"max-image-preview:large","max-video-preview":"max-video-preview:-1"},"canonical":"https:\/\/glowpremium.fr\/en\/lightening-product\/makari-milk-extreme-lightening-with-argan-oil-carrot-luxury-complexion\/","og_locale":"en_GB","og_type":"article","og_title":"Lait \u00c9claircissant Extr\u00eame Argan Carotte Teint De Luxe - MAKARI - Glow Premium","og_description":"Lait makari extr\u00eame argan carotte \u00e9claircissant peau noire et m\u00e9tisse uniformise beaut\u00e9 anti-t\u00e2ches blanchissant teint claire luxueux \u00e9clatante","og_url":"https:\/\/glowpremium.fr\/en\/lightening-product\/makari-milk-extreme-lightening-with-argan-oil-carrot-luxury-complexion\/","og_site_name":"Glow Premium","article_modified_time":"2024-11-05T05:38:36+00:00","og_image":[{"width":866,"height":937,"url":"https:\/\/glowpremium.fr\/wp-content\/uploads\/2024\/10\/screenshot_20241029_034909_chrome.jpg","type":"image\/jpeg"}],"twitter_card":"summary_large_image","twitter_misc":{"Estimated reading time":"1 minute"},"schema":{"@context":"https:\/\/schema.org","@graph":[{"@type":"WebPage","@id":"https:\/\/glowpremium.fr\/produit-eclaircissant\/lait-makari-eclaircissant-extreme-a-lhuile-d-argan-carotte-teint-de-luxe\/","url":"https:\/\/glowpremium.fr\/produit-eclaircissant\/lait-makari-eclaircissant-extreme-a-lhuile-d-argan-carotte-teint-de-luxe\/","name":"Lait \u00c9claircissant Extr\u00eame Argan Carotte Teint De Luxe - MAKARI - Glow Premium","isPartOf":{"@id":"https:\/\/glowpremium.fr\/#website"},"primaryImageOfPage":{"@id":"https:\/\/glowpremium.fr\/produit-eclaircissant\/lait-makari-eclaircissant-extreme-a-lhuile-d-argan-carotte-teint-de-luxe\/#primaryimage"},"image":{"@id":"https:\/\/glowpremium.fr\/produit-eclaircissant\/lait-makari-eclaircissant-extreme-a-lhuile-d-argan-carotte-teint-de-luxe\/#primaryimage"},"thumbnailUrl":"https:\/\/glowpremium.fr\/wp-content\/uploads\/2024\/10\/screenshot_20241029_034909_chrome.jpg","datePublished":"2024-10-29T03:42:37+00:00","dateModified":"2024-11-05T05:38:36+00:00","description":"Lait makari extr\u00eame argan carotte \u00e9claircissant peau noire et m\u00e9tisse uniformise beaut\u00e9 anti-t\u00e2ches blanchissant teint claire luxueux \u00e9clatante","breadcrumb":{"@id":"https:\/\/glowpremium.fr\/produit-eclaircissant\/lait-makari-eclaircissant-extreme-a-lhuile-d-argan-carotte-teint-de-luxe\/#breadcrumb"},"inLanguage":"en-GB","potentialAction":[{"@type":"ReadAction","target":["https:\/\/glowpremium.fr\/produit-eclaircissant\/lait-makari-eclaircissant-extreme-a-lhuile-d-argan-carotte-teint-de-luxe\/"]}]},{"@type":"ImageObject","inLanguage":"en-GB","@id":"https:\/\/glowpremium.fr\/produit-eclaircissant\/lait-makari-eclaircissant-extreme-a-lhuile-d-argan-carotte-teint-de-luxe\/#primaryimage","url":"https:\/\/glowpremium.fr\/wp-content\/uploads\/2024\/10\/screenshot_20241029_034909_chrome.jpg","contentUrl":"https:\/\/glowpremium.fr\/wp-content\/uploads\/2024\/10\/screenshot_20241029_034909_chrome.jpg","width":866,"height":937},{"@type":"BreadcrumbList","@id":"https:\/\/glowpremium.fr\/produit-eclaircissant\/lait-makari-eclaircissant-extreme-a-lhuile-d-argan-carotte-teint-de-luxe\/#breadcrumb","itemListElement":[{"@type":"ListItem","position":1,"name":"Accueil","item":"https:\/\/glowpremium.fr\/"},{"@type":"ListItem","position":2,"name":"Boutique","item":"https:\/\/glowpremium.fr\/boutique-produits-eclaircissants\/"},{"@type":"ListItem","position":3,"name":"Lait \u00c9claircissant Extr\u00eame Argan Carotte Teint De Luxe &#8211; MAKARI"}]},{"@type":"WebSite","@id":"https:\/\/glowpremium.fr\/#website","url":"https:\/\/glowpremium.fr\/","name":"Glow Premium","description":"","publisher":{"@id":"https:\/\/glowpremium.fr\/#organization"},"potentialAction":[{"@type":"SearchAction","target":{"@type":"EntryPoint","urlTemplate":"https:\/\/glowpremium.fr\/?s={search_term_string}"},"query-input":{"@type":"PropertyValueSpecification","valueRequired":true,"valueName":"search_term_string"}}],"inLanguage":"en-GB"},{"@type":"Organization","@id":"https:\/\/glowpremium.fr\/#organization","name":"Glow Premium","url":"https:\/\/glowpremium.fr\/","logo":{"@type":"ImageObject","inLanguage":"en-GB","@id":"https:\/\/glowpremium.fr\/#\/schema\/logo\/image\/","url":"https:\/\/glowpremium.fr\/wp-content\/uploads\/2024\/10\/screenshot_20241029_034909_chrome.jpg","contentUrl":"https:\/\/glowpremium.fr\/wp-content\/uploads\/2024\/10\/screenshot_20241029_034909_chrome.jpg","width":866,"height":937,"caption":"Glow Premium"},"image":{"@id":"https:\/\/glowpremium.fr\/#\/schema\/logo\/image\/"}}]}},"_links":{"self":[{"href":"https:\/\/glowpremium.fr\/en\/wp-json\/wp\/v2\/product\/6882","targetHints":{"allow":["GET"]}}],"collection":[{"href":"https:\/\/glowpremium.fr\/en\/wp-json\/wp\/v2\/product"}],"about":[{"href":"https:\/\/glowpremium.fr\/en\/wp-json\/wp\/v2\/types\/product"}],"replies":[{"embeddable":true,"href":"https:\/\/glowpremium.fr\/en\/wp-json\/wp\/v2\/comments?post=6882"}],"version-history":[{"count":4,"href":"https:\/\/glowpremium.fr\/en\/wp-json\/wp\/v2\/product\/6882\/revisions"}],"predecessor-version":[{"id":6889,"href":"https:\/\/glowpremium.fr\/en\/wp-json\/wp\/v2\/product\/6882\/revisions\/6889"}],"wp:featuredmedia":[{"embeddable":true,"href":"https:\/\/glowpremium.fr\/en\/wp-json\/wp\/v2\/media\/6883"}],"wp:attachment":[{"href":"https:\/\/glowpremium.fr\/en\/wp-json\/wp\/v2\/media?parent=6882"}],"wp:term":[{"taxonomy":"brand","embeddable":true,"href":"https:\/\/glowpremium.fr\/en\/wp-json\/wp\/v2\/etheme_brands?post=6882"},{"taxonomy":"product_brand","embeddable":true,"href":"https:\/\/glowpremium.fr\/en\/wp-json\/wp\/v2\/product_brand?post=6882"},{"taxonomy":"product_cat","embeddable":true,"href":"https:\/\/glowpremium.fr\/en\/wp-json\/wp\/v2\/product_cat?post=6882"},{"taxonomy":"product_tag","embeddable":true,"href":"https:\/\/glowpremium.fr\/en\/wp-json\/wp\/v2\/product_tag?post=6882"}],"curies":[{"name":"wp","href":"https:\/\/api.w.org\/{rel}","templated":true}]}}