{"id":6880,"date":"2024-10-29T03:24:40","date_gmt":"2024-10-29T02:24:40","guid":{"rendered":"https:\/\/glowpremium.fr\/?post_type=product&#038;p=6880"},"modified":"2024-11-05T06:47:26","modified_gmt":"2024-11-05T05:47:26","slug":"lait-eclaircissant-dissar-a-la-carotte-huile-dolive-reparateur-rajeunissant","status":"publish","type":"product","link":"https:\/\/glowpremium.fr\/en\/lightening-product\/dissar-lightening-milk-with-carrot-olive-oil-repairing-rejuvenation\/","title":{"rendered":"Lait \u00c9claircissant Dissar A La Carotte &amp; Huile D \"olive R\u00e9pare"},"content":{"rendered":"<p>The lotion is enriched with whitening and moisturising ingredients that penetrate the cuticles, eliminating melanin, improving dull, yellowish, uneven skin and improving its ability to whiten, retain moisture and elasticity.<\/p>","protected":false},"excerpt":{"rendered":"<p><strong>How to use :<\/strong><\/p>\n<p>Use your milk daily on clean skin.<\/p>\n<p><strong>Recommendation:<\/strong><\/p>\n<p>Avoid contact with the eyes if lesions or irritated skin occur, discontinue use.<\/p>\n<p><strong>Composition:<\/strong><\/p>\n<p>Aqua, Paraffinum liquidum Niacinamide, Glyceryl stearate PEG-100 stearate, Cetyl alcohol Glycerin, Prunus amygdalus dulcis oil, Extract Propylene glycol, Stearic acid Cetearly alcohol, Sodium lauroyl glutamate, Tocopheryl acetate, Glucose, Sorbitol panthenol, Dimethicone Sodium glutame, Tocopherol phenoxyethanol, Acrylates glycine, UREA, Aluminium sSqualene, Triethanolamine Lactic acid, Hydrolyzed wheat Protein, sodium PCA, Linalool, Lemon butylphenyl, Coumarin Limonene, Benzyl benzoate Parfum.<\/p>","protected":false},"featured_media":6425,"comment_status":"closed","ping_status":"closed","template":"","meta":[],"etheme_brands":[],"product_brand":[],"product_cat":[80,85],"product_tag":[],"class_list":{"0":"post-6880","1":"product","2":"type-product","3":"status-publish","4":"has-post-thumbnail","6":"product_cat-blanchissants-et-eclaircissants","7":"product_cat-laits-eclaircissants","9":"first","10":"instock","11":"shipping-taxable","12":"purchasable","13":"product-type-simple"},"yoast_head":"<!-- This site is optimized with the Yoast SEO plugin v26.7 - https:\/\/yoast.com\/wordpress\/plugins\/seo\/ -->\n<title>Lait \u00c9claircissant Dissar A La Carotte &amp; Huile D&quot;olive R\u00e9pare - Glow Premium<\/title>\n<meta name=\"description\" content=\"lait \u00e9claircissant dissar repare \u00e9claircissant de la peau noire et m\u00e9tisse produit cosm\u00e9tique anti-t\u00e2ches beaut\u00e9 peau claire blanchissant\" \/>\n<meta name=\"robots\" content=\"index, follow, max-snippet:-1, max-image-preview:large, max-video-preview:-1\" \/>\n<link rel=\"canonical\" href=\"https:\/\/glowpremium.fr\/en\/lightening-product\/dissar-lightening-milk-with-carrot-olive-oil-repairing-rejuvenation\/\" \/>\n<meta property=\"og:locale\" content=\"en_GB\" \/>\n<meta property=\"og:type\" content=\"article\" \/>\n<meta property=\"og:title\" content=\"Lait \u00c9claircissant Dissar A La Carotte &amp; Huile D&quot;olive R\u00e9pare - Glow Premium\" \/>\n<meta property=\"og:description\" content=\"lait \u00e9claircissant dissar repare \u00e9claircissant de la peau noire et m\u00e9tisse produit cosm\u00e9tique anti-t\u00e2ches beaut\u00e9 peau claire blanchissant\" \/>\n<meta property=\"og:url\" content=\"https:\/\/glowpremium.fr\/en\/lightening-product\/dissar-lightening-milk-with-carrot-olive-oil-repairing-rejuvenation\/\" \/>\n<meta property=\"og:site_name\" content=\"Glow Premium\" \/>\n<meta property=\"article:modified_time\" content=\"2024-11-05T05:47:26+00:00\" \/>\n<meta property=\"og:image\" content=\"https:\/\/glowpremium.fr\/wp-content\/uploads\/2024\/10\/Capture-decran-2024-03-10-a-04.32.23.png\" \/>\n\t<meta property=\"og:image:width\" content=\"410\" \/>\n\t<meta property=\"og:image:height\" content=\"422\" \/>\n\t<meta property=\"og:image:type\" content=\"image\/png\" \/>\n<meta name=\"twitter:card\" content=\"summary_large_image\" \/>\n<meta name=\"twitter:label1\" content=\"Estimated reading time\" \/>\n\t<meta name=\"twitter:data1\" content=\"1 minute\" \/>\n<script type=\"application\/ld+json\" class=\"yoast-schema-graph\">{\"@context\":\"https:\/\/schema.org\",\"@graph\":[{\"@type\":\"WebPage\",\"@id\":\"https:\/\/glowpremium.fr\/produit-eclaircissant\/lait-eclaircissant-dissar-a-la-carotte-huile-dolive-reparateur-rajeunissant\/\",\"url\":\"https:\/\/glowpremium.fr\/produit-eclaircissant\/lait-eclaircissant-dissar-a-la-carotte-huile-dolive-reparateur-rajeunissant\/\",\"name\":\"Lait \u00c9claircissant Dissar A La Carotte &amp; Huile D\\\"olive R\u00e9pare - Glow Premium\",\"isPartOf\":{\"@id\":\"https:\/\/glowpremium.fr\/#website\"},\"primaryImageOfPage\":{\"@id\":\"https:\/\/glowpremium.fr\/produit-eclaircissant\/lait-eclaircissant-dissar-a-la-carotte-huile-dolive-reparateur-rajeunissant\/#primaryimage\"},\"image\":{\"@id\":\"https:\/\/glowpremium.fr\/produit-eclaircissant\/lait-eclaircissant-dissar-a-la-carotte-huile-dolive-reparateur-rajeunissant\/#primaryimage\"},\"thumbnailUrl\":\"https:\/\/glowpremium.fr\/wp-content\/uploads\/2024\/10\/Capture-decran-2024-03-10-a-04.32.23.png\",\"datePublished\":\"2024-10-29T02:24:40+00:00\",\"dateModified\":\"2024-11-05T05:47:26+00:00\",\"description\":\"lait \u00e9claircissant dissar repare \u00e9claircissant de la peau noire et m\u00e9tisse produit cosm\u00e9tique anti-t\u00e2ches beaut\u00e9 peau claire blanchissant\",\"breadcrumb\":{\"@id\":\"https:\/\/glowpremium.fr\/produit-eclaircissant\/lait-eclaircissant-dissar-a-la-carotte-huile-dolive-reparateur-rajeunissant\/#breadcrumb\"},\"inLanguage\":\"en-GB\",\"potentialAction\":[{\"@type\":\"ReadAction\",\"target\":[\"https:\/\/glowpremium.fr\/produit-eclaircissant\/lait-eclaircissant-dissar-a-la-carotte-huile-dolive-reparateur-rajeunissant\/\"]}]},{\"@type\":\"ImageObject\",\"inLanguage\":\"en-GB\",\"@id\":\"https:\/\/glowpremium.fr\/produit-eclaircissant\/lait-eclaircissant-dissar-a-la-carotte-huile-dolive-reparateur-rajeunissant\/#primaryimage\",\"url\":\"https:\/\/glowpremium.fr\/wp-content\/uploads\/2024\/10\/Capture-decran-2024-03-10-a-04.32.23.png\",\"contentUrl\":\"https:\/\/glowpremium.fr\/wp-content\/uploads\/2024\/10\/Capture-decran-2024-03-10-a-04.32.23.png\",\"width\":410,\"height\":422},{\"@type\":\"BreadcrumbList\",\"@id\":\"https:\/\/glowpremium.fr\/produit-eclaircissant\/lait-eclaircissant-dissar-a-la-carotte-huile-dolive-reparateur-rajeunissant\/#breadcrumb\",\"itemListElement\":[{\"@type\":\"ListItem\",\"position\":1,\"name\":\"Accueil\",\"item\":\"https:\/\/glowpremium.fr\/\"},{\"@type\":\"ListItem\",\"position\":2,\"name\":\"Boutique\",\"item\":\"https:\/\/glowpremium.fr\/boutique-produits-eclaircissants\/\"},{\"@type\":\"ListItem\",\"position\":3,\"name\":\"Lait \u00c9claircissant Dissar A La Carotte &amp; Huile D&#8221;olive R\u00e9pare\"}]},{\"@type\":\"WebSite\",\"@id\":\"https:\/\/glowpremium.fr\/#website\",\"url\":\"https:\/\/glowpremium.fr\/\",\"name\":\"Glow Premium\",\"description\":\"\",\"publisher\":{\"@id\":\"https:\/\/glowpremium.fr\/#organization\"},\"potentialAction\":[{\"@type\":\"SearchAction\",\"target\":{\"@type\":\"EntryPoint\",\"urlTemplate\":\"https:\/\/glowpremium.fr\/?s={search_term_string}\"},\"query-input\":{\"@type\":\"PropertyValueSpecification\",\"valueRequired\":true,\"valueName\":\"search_term_string\"}}],\"inLanguage\":\"en-GB\"},{\"@type\":\"Organization\",\"@id\":\"https:\/\/glowpremium.fr\/#organization\",\"name\":\"Glow Premium\",\"url\":\"https:\/\/glowpremium.fr\/\",\"logo\":{\"@type\":\"ImageObject\",\"inLanguage\":\"en-GB\",\"@id\":\"https:\/\/glowpremium.fr\/#\/schema\/logo\/image\/\",\"url\":\"https:\/\/glowpremium.fr\/wp-content\/uploads\/2024\/10\/screenshot_20241029_034909_chrome.jpg\",\"contentUrl\":\"https:\/\/glowpremium.fr\/wp-content\/uploads\/2024\/10\/screenshot_20241029_034909_chrome.jpg\",\"width\":866,\"height\":937,\"caption\":\"Glow Premium\"},\"image\":{\"@id\":\"https:\/\/glowpremium.fr\/#\/schema\/logo\/image\/\"}}]}<\/script>\n<!-- \/ Yoast SEO plugin. -->","yoast_head_json":{"title":"Lait \u00c9claircissant Dissar A La Carotte &amp; Huile D\"olive R\u00e9pare - Glow Premium","description":"lait \u00e9claircissant dissar repare \u00e9claircissant de la peau noire et m\u00e9tisse produit cosm\u00e9tique anti-t\u00e2ches beaut\u00e9 peau claire blanchissant","robots":{"index":"index","follow":"follow","max-snippet":"max-snippet:-1","max-image-preview":"max-image-preview:large","max-video-preview":"max-video-preview:-1"},"canonical":"https:\/\/glowpremium.fr\/en\/lightening-product\/dissar-lightening-milk-with-carrot-olive-oil-repairing-rejuvenation\/","og_locale":"en_GB","og_type":"article","og_title":"Lait \u00c9claircissant Dissar A La Carotte &amp; Huile D\"olive R\u00e9pare - Glow Premium","og_description":"lait \u00e9claircissant dissar repare \u00e9claircissant de la peau noire et m\u00e9tisse produit cosm\u00e9tique anti-t\u00e2ches beaut\u00e9 peau claire blanchissant","og_url":"https:\/\/glowpremium.fr\/en\/lightening-product\/dissar-lightening-milk-with-carrot-olive-oil-repairing-rejuvenation\/","og_site_name":"Glow Premium","article_modified_time":"2024-11-05T05:47:26+00:00","og_image":[{"width":410,"height":422,"url":"https:\/\/glowpremium.fr\/wp-content\/uploads\/2024\/10\/Capture-decran-2024-03-10-a-04.32.23.png","type":"image\/png"}],"twitter_card":"summary_large_image","twitter_misc":{"Estimated reading time":"1 minute"},"schema":{"@context":"https:\/\/schema.org","@graph":[{"@type":"WebPage","@id":"https:\/\/glowpremium.fr\/produit-eclaircissant\/lait-eclaircissant-dissar-a-la-carotte-huile-dolive-reparateur-rajeunissant\/","url":"https:\/\/glowpremium.fr\/produit-eclaircissant\/lait-eclaircissant-dissar-a-la-carotte-huile-dolive-reparateur-rajeunissant\/","name":"Lait \u00c9claircissant Dissar A La Carotte &amp; Huile D\"olive R\u00e9pare - Glow Premium","isPartOf":{"@id":"https:\/\/glowpremium.fr\/#website"},"primaryImageOfPage":{"@id":"https:\/\/glowpremium.fr\/produit-eclaircissant\/lait-eclaircissant-dissar-a-la-carotte-huile-dolive-reparateur-rajeunissant\/#primaryimage"},"image":{"@id":"https:\/\/glowpremium.fr\/produit-eclaircissant\/lait-eclaircissant-dissar-a-la-carotte-huile-dolive-reparateur-rajeunissant\/#primaryimage"},"thumbnailUrl":"https:\/\/glowpremium.fr\/wp-content\/uploads\/2024\/10\/Capture-decran-2024-03-10-a-04.32.23.png","datePublished":"2024-10-29T02:24:40+00:00","dateModified":"2024-11-05T05:47:26+00:00","description":"lait \u00e9claircissant dissar repare \u00e9claircissant de la peau noire et m\u00e9tisse produit cosm\u00e9tique anti-t\u00e2ches beaut\u00e9 peau claire blanchissant","breadcrumb":{"@id":"https:\/\/glowpremium.fr\/produit-eclaircissant\/lait-eclaircissant-dissar-a-la-carotte-huile-dolive-reparateur-rajeunissant\/#breadcrumb"},"inLanguage":"en-GB","potentialAction":[{"@type":"ReadAction","target":["https:\/\/glowpremium.fr\/produit-eclaircissant\/lait-eclaircissant-dissar-a-la-carotte-huile-dolive-reparateur-rajeunissant\/"]}]},{"@type":"ImageObject","inLanguage":"en-GB","@id":"https:\/\/glowpremium.fr\/produit-eclaircissant\/lait-eclaircissant-dissar-a-la-carotte-huile-dolive-reparateur-rajeunissant\/#primaryimage","url":"https:\/\/glowpremium.fr\/wp-content\/uploads\/2024\/10\/Capture-decran-2024-03-10-a-04.32.23.png","contentUrl":"https:\/\/glowpremium.fr\/wp-content\/uploads\/2024\/10\/Capture-decran-2024-03-10-a-04.32.23.png","width":410,"height":422},{"@type":"BreadcrumbList","@id":"https:\/\/glowpremium.fr\/produit-eclaircissant\/lait-eclaircissant-dissar-a-la-carotte-huile-dolive-reparateur-rajeunissant\/#breadcrumb","itemListElement":[{"@type":"ListItem","position":1,"name":"Accueil","item":"https:\/\/glowpremium.fr\/"},{"@type":"ListItem","position":2,"name":"Boutique","item":"https:\/\/glowpremium.fr\/boutique-produits-eclaircissants\/"},{"@type":"ListItem","position":3,"name":"Lait \u00c9claircissant Dissar A La Carotte &amp; Huile D&#8221;olive R\u00e9pare"}]},{"@type":"WebSite","@id":"https:\/\/glowpremium.fr\/#website","url":"https:\/\/glowpremium.fr\/","name":"Glow Premium","description":"","publisher":{"@id":"https:\/\/glowpremium.fr\/#organization"},"potentialAction":[{"@type":"SearchAction","target":{"@type":"EntryPoint","urlTemplate":"https:\/\/glowpremium.fr\/?s={search_term_string}"},"query-input":{"@type":"PropertyValueSpecification","valueRequired":true,"valueName":"search_term_string"}}],"inLanguage":"en-GB"},{"@type":"Organization","@id":"https:\/\/glowpremium.fr\/#organization","name":"Glow Premium","url":"https:\/\/glowpremium.fr\/","logo":{"@type":"ImageObject","inLanguage":"en-GB","@id":"https:\/\/glowpremium.fr\/#\/schema\/logo\/image\/","url":"https:\/\/glowpremium.fr\/wp-content\/uploads\/2024\/10\/screenshot_20241029_034909_chrome.jpg","contentUrl":"https:\/\/glowpremium.fr\/wp-content\/uploads\/2024\/10\/screenshot_20241029_034909_chrome.jpg","width":866,"height":937,"caption":"Glow Premium"},"image":{"@id":"https:\/\/glowpremium.fr\/#\/schema\/logo\/image\/"}}]}},"_links":{"self":[{"href":"https:\/\/glowpremium.fr\/en\/wp-json\/wp\/v2\/product\/6880","targetHints":{"allow":["GET"]}}],"collection":[{"href":"https:\/\/glowpremium.fr\/en\/wp-json\/wp\/v2\/product"}],"about":[{"href":"https:\/\/glowpremium.fr\/en\/wp-json\/wp\/v2\/types\/product"}],"replies":[{"embeddable":true,"href":"https:\/\/glowpremium.fr\/en\/wp-json\/wp\/v2\/comments?post=6880"}],"version-history":[{"count":3,"href":"https:\/\/glowpremium.fr\/en\/wp-json\/wp\/v2\/product\/6880\/revisions"}],"predecessor-version":[{"id":7280,"href":"https:\/\/glowpremium.fr\/en\/wp-json\/wp\/v2\/product\/6880\/revisions\/7280"}],"wp:featuredmedia":[{"embeddable":true,"href":"https:\/\/glowpremium.fr\/en\/wp-json\/wp\/v2\/media\/6425"}],"wp:attachment":[{"href":"https:\/\/glowpremium.fr\/en\/wp-json\/wp\/v2\/media?parent=6880"}],"wp:term":[{"taxonomy":"brand","embeddable":true,"href":"https:\/\/glowpremium.fr\/en\/wp-json\/wp\/v2\/etheme_brands?post=6880"},{"taxonomy":"product_brand","embeddable":true,"href":"https:\/\/glowpremium.fr\/en\/wp-json\/wp\/v2\/product_brand?post=6880"},{"taxonomy":"product_cat","embeddable":true,"href":"https:\/\/glowpremium.fr\/en\/wp-json\/wp\/v2\/product_cat?post=6880"},{"taxonomy":"product_tag","embeddable":true,"href":"https:\/\/glowpremium.fr\/en\/wp-json\/wp\/v2\/product_tag?post=6880"}],"curies":[{"name":"wp","href":"https:\/\/api.w.org\/{rel}","templated":true}]}}