{"id":6862,"date":"2024-10-28T19:35:01","date_gmt":"2024-10-28T18:35:01","guid":{"rendered":"https:\/\/glowpremium.fr\/?post_type=product&#038;p=6862"},"modified":"2024-11-05T07:10:25","modified_gmt":"2024-11-05T06:10:25","slug":"gamme-eclaircissant-embellissant-teint-de-luxe-francoise-bedon","status":"publish","type":"product","link":"https:\/\/glowpremium.fr\/en\/lightening-product\/francoise-bedon-luxury-complexion-brightening-and-beautifying-range\/","title":{"rendered":"Range Brightening Embellishing Complexion De Luxe Fran\u00e7oise Bedon"},"content":{"rendered":"<p>The ROYAL LUXE range from PR.FRAN\u00c7OISE BEDON, with natural plants and vitamins, treats and eliminates scars, brown spots and brightens the complexion for a clear complexion. This treatment treats and eliminates scars, brown spots and brightens the complexion for clear, clear skin.naturally brightens the skin removes signs of ageing and smoothes.500ml milk<\/p>","protected":false},"excerpt":{"rendered":"<p>2 times a day on a clean body. Result: Skin looks radiant and clear. Hydroquin-free.<br \/>\n<strong>Recommendation:<\/strong><br \/>\nFor external use only. If irritation develops, discontinue use.<br \/>\n<strong>Composition:<\/strong><br \/>\nAllantoin,Aqua (Water), Ascorbic Acid, Aspergillus Ferment, Benzyl Benzoate, Betula Alba Leaf Extract, Cetearyl alcohol, Citric acid, Citronellol Coumarin, Dipropylene glycol, Disodium EDTA, Ethoxydiglycol, Ethylhexyl methoxycinnamate, Eugenol, Geraniol, Glyceryl stearate, Glycyrrhiza Glabra (licorice) root extract, Isopropyl palmitate, Lactic acid, Linalool, Morus nigra leaf extract, P-CHLORO-M-CRESOL, Parfum (Fragrance) Persea gratissima (avocado) oil, Petrolatum, Sambucus nigra flower extract, Sodium hydroxide, Sodium lactate, Sodium lauryl sulfate, Sorbic acid, Tilia tomentosa extract, Tocopheryl acetate.<\/p>","protected":false},"featured_media":6863,"comment_status":"closed","ping_status":"closed","template":"","meta":[],"etheme_brands":[],"product_brand":[],"product_cat":[80,82,85],"product_tag":[],"class_list":{"0":"post-6862","1":"product","2":"type-product","3":"status-publish","4":"has-post-thumbnail","6":"product_cat-blanchissants-et-eclaircissants","7":"product_cat-gammes-eclaircissantes","8":"product_cat-laits-eclaircissants","10":"first","11":"instock","12":"shipping-taxable","13":"purchasable","14":"product-type-simple"},"yoast_head":"<!-- This site is optimized with the Yoast SEO plugin v26.7 - https:\/\/yoast.com\/wordpress\/plugins\/seo\/ -->\n<title>Gamme \u00c9claircissant Embellissant Teint De Luxe Fran\u00e7oise Bedon - Glow Premium<\/title>\n<meta name=\"description\" content=\"gamme \u00e9clarssant-embellissant -teint-de luxe-fran\u00e7aise -bedon produit cosm\u00e9tique peau noire m\u00e9tisse uniformise blanchissant beaut\u00e9 claire anti-t\u00e2ches\" \/>\n<meta name=\"robots\" content=\"index, follow, max-snippet:-1, max-image-preview:large, max-video-preview:-1\" \/>\n<link rel=\"canonical\" href=\"https:\/\/glowpremium.fr\/en\/lightening-product\/francoise-bedon-luxury-complexion-brightening-and-beautifying-range\/\" \/>\n<meta property=\"og:locale\" content=\"en_GB\" \/>\n<meta property=\"og:type\" content=\"article\" \/>\n<meta property=\"og:title\" content=\"Gamme \u00c9claircissant Embellissant Teint De Luxe Fran\u00e7oise Bedon - Glow Premium\" \/>\n<meta property=\"og:description\" content=\"gamme \u00e9clarssant-embellissant -teint-de luxe-fran\u00e7aise -bedon produit cosm\u00e9tique peau noire m\u00e9tisse uniformise blanchissant beaut\u00e9 claire anti-t\u00e2ches\" \/>\n<meta property=\"og:url\" content=\"https:\/\/glowpremium.fr\/en\/lightening-product\/francoise-bedon-luxury-complexion-brightening-and-beautifying-range\/\" \/>\n<meta property=\"og:site_name\" content=\"Glow Premium\" \/>\n<meta property=\"article:modified_time\" content=\"2024-11-05T06:10:25+00:00\" \/>\n<meta property=\"og:image\" content=\"https:\/\/glowpremium.fr\/wp-content\/uploads\/2024\/10\/photoroom-20241028_194232.png\" \/>\n\t<meta property=\"og:image:width\" content=\"2000\" \/>\n\t<meta property=\"og:image:height\" content=\"2000\" \/>\n\t<meta property=\"og:image:type\" content=\"image\/png\" \/>\n<meta name=\"twitter:card\" content=\"summary_large_image\" \/>\n<meta name=\"twitter:label1\" content=\"Estimated reading time\" \/>\n\t<meta name=\"twitter:data1\" content=\"1 minute\" \/>\n<script type=\"application\/ld+json\" class=\"yoast-schema-graph\">{\"@context\":\"https:\/\/schema.org\",\"@graph\":[{\"@type\":\"WebPage\",\"@id\":\"https:\/\/glowpremium.fr\/produit-eclaircissant\/gamme-eclaircissant-embellissant-teint-de-luxe-francoise-bedon\/\",\"url\":\"https:\/\/glowpremium.fr\/produit-eclaircissant\/gamme-eclaircissant-embellissant-teint-de-luxe-francoise-bedon\/\",\"name\":\"Gamme \u00c9claircissant Embellissant Teint De Luxe Fran\u00e7oise Bedon - Glow Premium\",\"isPartOf\":{\"@id\":\"https:\/\/glowpremium.fr\/#website\"},\"primaryImageOfPage\":{\"@id\":\"https:\/\/glowpremium.fr\/produit-eclaircissant\/gamme-eclaircissant-embellissant-teint-de-luxe-francoise-bedon\/#primaryimage\"},\"image\":{\"@id\":\"https:\/\/glowpremium.fr\/produit-eclaircissant\/gamme-eclaircissant-embellissant-teint-de-luxe-francoise-bedon\/#primaryimage\"},\"thumbnailUrl\":\"https:\/\/glowpremium.fr\/wp-content\/uploads\/2024\/10\/photoroom-20241028_194232.png\",\"datePublished\":\"2024-10-28T18:35:01+00:00\",\"dateModified\":\"2024-11-05T06:10:25+00:00\",\"description\":\"gamme \u00e9clarssant-embellissant -teint-de luxe-fran\u00e7aise -bedon produit cosm\u00e9tique peau noire m\u00e9tisse uniformise blanchissant beaut\u00e9 claire anti-t\u00e2ches\",\"breadcrumb\":{\"@id\":\"https:\/\/glowpremium.fr\/produit-eclaircissant\/gamme-eclaircissant-embellissant-teint-de-luxe-francoise-bedon\/#breadcrumb\"},\"inLanguage\":\"en-GB\",\"potentialAction\":[{\"@type\":\"ReadAction\",\"target\":[\"https:\/\/glowpremium.fr\/produit-eclaircissant\/gamme-eclaircissant-embellissant-teint-de-luxe-francoise-bedon\/\"]}]},{\"@type\":\"ImageObject\",\"inLanguage\":\"en-GB\",\"@id\":\"https:\/\/glowpremium.fr\/produit-eclaircissant\/gamme-eclaircissant-embellissant-teint-de-luxe-francoise-bedon\/#primaryimage\",\"url\":\"https:\/\/glowpremium.fr\/wp-content\/uploads\/2024\/10\/photoroom-20241028_194232.png\",\"contentUrl\":\"https:\/\/glowpremium.fr\/wp-content\/uploads\/2024\/10\/photoroom-20241028_194232.png\",\"width\":2000,\"height\":2000},{\"@type\":\"BreadcrumbList\",\"@id\":\"https:\/\/glowpremium.fr\/produit-eclaircissant\/gamme-eclaircissant-embellissant-teint-de-luxe-francoise-bedon\/#breadcrumb\",\"itemListElement\":[{\"@type\":\"ListItem\",\"position\":1,\"name\":\"Accueil\",\"item\":\"https:\/\/glowpremium.fr\/\"},{\"@type\":\"ListItem\",\"position\":2,\"name\":\"Boutique\",\"item\":\"https:\/\/glowpremium.fr\/boutique-produits-eclaircissants\/\"},{\"@type\":\"ListItem\",\"position\":3,\"name\":\"Gamme \u00c9claircissant Embellissant Teint De Luxe Fran\u00e7oise Bedon\"}]},{\"@type\":\"WebSite\",\"@id\":\"https:\/\/glowpremium.fr\/#website\",\"url\":\"https:\/\/glowpremium.fr\/\",\"name\":\"Glow Premium\",\"description\":\"\",\"publisher\":{\"@id\":\"https:\/\/glowpremium.fr\/#organization\"},\"potentialAction\":[{\"@type\":\"SearchAction\",\"target\":{\"@type\":\"EntryPoint\",\"urlTemplate\":\"https:\/\/glowpremium.fr\/?s={search_term_string}\"},\"query-input\":{\"@type\":\"PropertyValueSpecification\",\"valueRequired\":true,\"valueName\":\"search_term_string\"}}],\"inLanguage\":\"en-GB\"},{\"@type\":\"Organization\",\"@id\":\"https:\/\/glowpremium.fr\/#organization\",\"name\":\"Glow Premium\",\"url\":\"https:\/\/glowpremium.fr\/\",\"logo\":{\"@type\":\"ImageObject\",\"inLanguage\":\"en-GB\",\"@id\":\"https:\/\/glowpremium.fr\/#\/schema\/logo\/image\/\",\"url\":\"https:\/\/glowpremium.fr\/wp-content\/uploads\/2024\/10\/screenshot_20241029_034909_chrome.jpg\",\"contentUrl\":\"https:\/\/glowpremium.fr\/wp-content\/uploads\/2024\/10\/screenshot_20241029_034909_chrome.jpg\",\"width\":866,\"height\":937,\"caption\":\"Glow Premium\"},\"image\":{\"@id\":\"https:\/\/glowpremium.fr\/#\/schema\/logo\/image\/\"}}]}<\/script>\n<!-- \/ Yoast SEO plugin. -->","yoast_head_json":{"title":"Gamme \u00c9claircissant Embellissant Teint De Luxe Fran\u00e7oise Bedon - Glow Premium","description":"gamme \u00e9clarssant-embellissant -teint-de luxe-fran\u00e7aise -bedon produit cosm\u00e9tique peau noire m\u00e9tisse uniformise blanchissant beaut\u00e9 claire anti-t\u00e2ches","robots":{"index":"index","follow":"follow","max-snippet":"max-snippet:-1","max-image-preview":"max-image-preview:large","max-video-preview":"max-video-preview:-1"},"canonical":"https:\/\/glowpremium.fr\/en\/lightening-product\/francoise-bedon-luxury-complexion-brightening-and-beautifying-range\/","og_locale":"en_GB","og_type":"article","og_title":"Gamme \u00c9claircissant Embellissant Teint De Luxe Fran\u00e7oise Bedon - Glow Premium","og_description":"gamme \u00e9clarssant-embellissant -teint-de luxe-fran\u00e7aise -bedon produit cosm\u00e9tique peau noire m\u00e9tisse uniformise blanchissant beaut\u00e9 claire anti-t\u00e2ches","og_url":"https:\/\/glowpremium.fr\/en\/lightening-product\/francoise-bedon-luxury-complexion-brightening-and-beautifying-range\/","og_site_name":"Glow Premium","article_modified_time":"2024-11-05T06:10:25+00:00","og_image":[{"width":2000,"height":2000,"url":"https:\/\/glowpremium.fr\/wp-content\/uploads\/2024\/10\/photoroom-20241028_194232.png","type":"image\/png"}],"twitter_card":"summary_large_image","twitter_misc":{"Estimated reading time":"1 minute"},"schema":{"@context":"https:\/\/schema.org","@graph":[{"@type":"WebPage","@id":"https:\/\/glowpremium.fr\/produit-eclaircissant\/gamme-eclaircissant-embellissant-teint-de-luxe-francoise-bedon\/","url":"https:\/\/glowpremium.fr\/produit-eclaircissant\/gamme-eclaircissant-embellissant-teint-de-luxe-francoise-bedon\/","name":"Gamme \u00c9claircissant Embellissant Teint De Luxe Fran\u00e7oise Bedon - Glow Premium","isPartOf":{"@id":"https:\/\/glowpremium.fr\/#website"},"primaryImageOfPage":{"@id":"https:\/\/glowpremium.fr\/produit-eclaircissant\/gamme-eclaircissant-embellissant-teint-de-luxe-francoise-bedon\/#primaryimage"},"image":{"@id":"https:\/\/glowpremium.fr\/produit-eclaircissant\/gamme-eclaircissant-embellissant-teint-de-luxe-francoise-bedon\/#primaryimage"},"thumbnailUrl":"https:\/\/glowpremium.fr\/wp-content\/uploads\/2024\/10\/photoroom-20241028_194232.png","datePublished":"2024-10-28T18:35:01+00:00","dateModified":"2024-11-05T06:10:25+00:00","description":"gamme \u00e9clarssant-embellissant -teint-de luxe-fran\u00e7aise -bedon produit cosm\u00e9tique peau noire m\u00e9tisse uniformise blanchissant beaut\u00e9 claire anti-t\u00e2ches","breadcrumb":{"@id":"https:\/\/glowpremium.fr\/produit-eclaircissant\/gamme-eclaircissant-embellissant-teint-de-luxe-francoise-bedon\/#breadcrumb"},"inLanguage":"en-GB","potentialAction":[{"@type":"ReadAction","target":["https:\/\/glowpremium.fr\/produit-eclaircissant\/gamme-eclaircissant-embellissant-teint-de-luxe-francoise-bedon\/"]}]},{"@type":"ImageObject","inLanguage":"en-GB","@id":"https:\/\/glowpremium.fr\/produit-eclaircissant\/gamme-eclaircissant-embellissant-teint-de-luxe-francoise-bedon\/#primaryimage","url":"https:\/\/glowpremium.fr\/wp-content\/uploads\/2024\/10\/photoroom-20241028_194232.png","contentUrl":"https:\/\/glowpremium.fr\/wp-content\/uploads\/2024\/10\/photoroom-20241028_194232.png","width":2000,"height":2000},{"@type":"BreadcrumbList","@id":"https:\/\/glowpremium.fr\/produit-eclaircissant\/gamme-eclaircissant-embellissant-teint-de-luxe-francoise-bedon\/#breadcrumb","itemListElement":[{"@type":"ListItem","position":1,"name":"Accueil","item":"https:\/\/glowpremium.fr\/"},{"@type":"ListItem","position":2,"name":"Boutique","item":"https:\/\/glowpremium.fr\/boutique-produits-eclaircissants\/"},{"@type":"ListItem","position":3,"name":"Gamme \u00c9claircissant Embellissant Teint De Luxe Fran\u00e7oise Bedon"}]},{"@type":"WebSite","@id":"https:\/\/glowpremium.fr\/#website","url":"https:\/\/glowpremium.fr\/","name":"Glow Premium","description":"","publisher":{"@id":"https:\/\/glowpremium.fr\/#organization"},"potentialAction":[{"@type":"SearchAction","target":{"@type":"EntryPoint","urlTemplate":"https:\/\/glowpremium.fr\/?s={search_term_string}"},"query-input":{"@type":"PropertyValueSpecification","valueRequired":true,"valueName":"search_term_string"}}],"inLanguage":"en-GB"},{"@type":"Organization","@id":"https:\/\/glowpremium.fr\/#organization","name":"Glow Premium","url":"https:\/\/glowpremium.fr\/","logo":{"@type":"ImageObject","inLanguage":"en-GB","@id":"https:\/\/glowpremium.fr\/#\/schema\/logo\/image\/","url":"https:\/\/glowpremium.fr\/wp-content\/uploads\/2024\/10\/screenshot_20241029_034909_chrome.jpg","contentUrl":"https:\/\/glowpremium.fr\/wp-content\/uploads\/2024\/10\/screenshot_20241029_034909_chrome.jpg","width":866,"height":937,"caption":"Glow Premium"},"image":{"@id":"https:\/\/glowpremium.fr\/#\/schema\/logo\/image\/"}}]}},"_links":{"self":[{"href":"https:\/\/glowpremium.fr\/en\/wp-json\/wp\/v2\/product\/6862","targetHints":{"allow":["GET"]}}],"collection":[{"href":"https:\/\/glowpremium.fr\/en\/wp-json\/wp\/v2\/product"}],"about":[{"href":"https:\/\/glowpremium.fr\/en\/wp-json\/wp\/v2\/types\/product"}],"replies":[{"embeddable":true,"href":"https:\/\/glowpremium.fr\/en\/wp-json\/wp\/v2\/comments?post=6862"}],"version-history":[{"count":1,"href":"https:\/\/glowpremium.fr\/en\/wp-json\/wp\/v2\/product\/6862\/revisions"}],"predecessor-version":[{"id":6864,"href":"https:\/\/glowpremium.fr\/en\/wp-json\/wp\/v2\/product\/6862\/revisions\/6864"}],"wp:featuredmedia":[{"embeddable":true,"href":"https:\/\/glowpremium.fr\/en\/wp-json\/wp\/v2\/media\/6863"}],"wp:attachment":[{"href":"https:\/\/glowpremium.fr\/en\/wp-json\/wp\/v2\/media?parent=6862"}],"wp:term":[{"taxonomy":"brand","embeddable":true,"href":"https:\/\/glowpremium.fr\/en\/wp-json\/wp\/v2\/etheme_brands?post=6862"},{"taxonomy":"product_brand","embeddable":true,"href":"https:\/\/glowpremium.fr\/en\/wp-json\/wp\/v2\/product_brand?post=6862"},{"taxonomy":"product_cat","embeddable":true,"href":"https:\/\/glowpremium.fr\/en\/wp-json\/wp\/v2\/product_cat?post=6862"},{"taxonomy":"product_tag","embeddable":true,"href":"https:\/\/glowpremium.fr\/en\/wp-json\/wp\/v2\/product_tag?post=6862"}],"curies":[{"name":"wp","href":"https:\/\/api.w.org\/{rel}","templated":true}]}}