{"id":6467,"date":"2024-10-28T14:41:01","date_gmt":"2024-10-28T13:41:01","guid":{"rendered":"https:\/\/glowpremium.fr\/produit-eclaircissant\/trio-eclaircissant-de-luxe-francoise-bedon-super-reparateur-purifiant-rajeunissant-embellit-le-teint-2\/"},"modified":"2024-11-02T05:16:04","modified_gmt":"2024-11-02T04:16:04","slug":"trio-eclaircissant-de-luxe-francoise-bedon-super-reparateur-purifiant-rajeunissant-embellit-le-teint-2","status":"publish","type":"product","link":"https:\/\/glowpremium.fr\/en\/lightening-product\/trio-eclaircissant-de-luxe-francoise-bedon-super-reparateur-purifiant-rajeunissant-embellit-le-teint-2\/","title":{"rendered":"Luxury Brightening Trio Fran\u00e7oise Bedon super Repairing Purifying Rejuvenating EMbellit Le Teint."},"content":{"rendered":"<p><strong>How to use :<\/strong><br \/>\n2 times a day on a clean body. Result: Skin looks radiant and clear. Hydroquin-free.<br \/>\n<strong>Recommendation:<\/strong><br \/>\nFor external use only. If irritation develops, discontinue use.<br \/>\n<strong>Composition:<\/strong><br \/>\nAllantoin,Aqua (Water), Ascorbic Acid, Aspergillus Ferment, Benzyl Benzoate, Betula Alba Leaf Extract, Cetearyl alcohol, Citric acid, Citronellol Coumarin, Dipropylene glycol, Disodium EDTA, Ethoxydiglycol, Ethylhexyl methoxycinnamate, Eugenol, Geraniol, Glyceryl stearate, Glycyrrhiza Glabra (licorice) root extract, Isopropyl palmitate, Lactic acid, Linalool, Morus nigra leaf extract, P-CHLORO-M-CRESOL, Parfum (Fragrance) Persea gratissima (avocado) oil, Petrolatum, Sambucus nigra flower extract, Sodium hydroxide, Sodium lactate, Sodium lauryl sulfate, Sorbic acid, Tilia tomentosa extract, Tocopheryl acetate.<\/p>","protected":false},"excerpt":{"rendered":"<p>The trio for a luxurious complexion with zero spots, multi-vitamins and beautifying properties by PR.FRAN\u00c7OISE BEDON from the ROYAL LUXE range, based on natural plants and vitamins. This treatment eliminates scars and brown spots and brightens the complexion for a clear complexion. This treatment treats and eliminates scars, brown spots and brightens the complexion for a clear and clear skin.the range is composed of 3 pieces milk 500 ML a peeling lotion or cream peeling 100ml and super fast whitening oil universal corrector 100ml. to help you to win 3 to 4 shades.<\/p>","protected":false},"featured_media":6466,"comment_status":"closed","ping_status":"closed","template":"","meta":[],"etheme_brands":[],"product_brand":[],"product_cat":[15,80,82],"product_tag":[],"class_list":{"0":"post-6467","1":"product","2":"type-product","3":"status-publish","4":"has-post-thumbnail","6":"product_cat-toutes-categories","7":"product_cat-blanchissants-et-eclaircissants","8":"product_cat-gammes-eclaircissantes","10":"first","11":"instock","12":"shipping-taxable","13":"purchasable","14":"product-type-simple"},"yoast_head":"<!-- This site is optimized with the Yoast SEO plugin v26.7 - https:\/\/yoast.com\/wordpress\/plugins\/seo\/ -->\n<title>Trio \u00e9claircissant de luxe Fran\u00e7oise Bedon super R\u00e9parateur Purifiant RAjeunissant EMbellit Le Teint. - Glow Premium<\/title>\n<meta name=\"description\" content=\"\u00e9claircissant lait de beaut\u00e9 anti-t\u00e2ches peau clair produit de beaut\u00e9 blanchit uniformiser produit cosm\u00e9tique \u00e9claircissant\" \/>\n<meta name=\"robots\" content=\"index, follow, max-snippet:-1, max-image-preview:large, max-video-preview:-1\" \/>\n<link rel=\"canonical\" href=\"https:\/\/glowpremium.fr\/en\/lightening-product\/trio-eclaircissant-de-luxe-francoise-bedon-super-reparateur-purifiant-rajeunissant-embellit-le-teint-2\/\" \/>\n<meta property=\"og:locale\" content=\"en_GB\" \/>\n<meta property=\"og:type\" content=\"article\" \/>\n<meta property=\"og:title\" content=\"Trio \u00e9claircissant de luxe Fran\u00e7oise Bedon super R\u00e9parateur Purifiant RAjeunissant EMbellit Le Teint. - Glow Premium\" \/>\n<meta property=\"og:description\" content=\"\u00e9claircissant lait de beaut\u00e9 anti-t\u00e2ches peau clair produit de beaut\u00e9 blanchit uniformiser produit cosm\u00e9tique \u00e9claircissant\" \/>\n<meta property=\"og:url\" content=\"https:\/\/glowpremium.fr\/en\/lightening-product\/trio-eclaircissant-de-luxe-francoise-bedon-super-reparateur-purifiant-rajeunissant-embellit-le-teint-2\/\" \/>\n<meta property=\"og:site_name\" content=\"Glow Premium\" \/>\n<meta property=\"article:modified_time\" content=\"2024-11-02T04:16:04+00:00\" \/>\n<meta property=\"og:image\" content=\"https:\/\/glowpremium.fr\/wp-content\/uploads\/2024\/10\/1000129425.png\" \/>\n\t<meta property=\"og:image:width\" content=\"2000\" \/>\n\t<meta property=\"og:image:height\" content=\"2000\" \/>\n\t<meta property=\"og:image:type\" content=\"image\/png\" \/>\n<meta name=\"twitter:card\" content=\"summary_large_image\" \/>\n<meta name=\"twitter:label1\" content=\"Estimated reading time\" \/>\n\t<meta name=\"twitter:data1\" content=\"1 minute\" \/>\n<script type=\"application\/ld+json\" class=\"yoast-schema-graph\">{\"@context\":\"https:\/\/schema.org\",\"@graph\":[{\"@type\":\"WebPage\",\"@id\":\"https:\/\/glowpremium.fr\/produit-eclaircissant\/trio-eclaircissant-de-luxe-francoise-bedon-super-reparateur-purifiant-rajeunissant-embellit-le-teint-2\/\",\"url\":\"https:\/\/glowpremium.fr\/produit-eclaircissant\/trio-eclaircissant-de-luxe-francoise-bedon-super-reparateur-purifiant-rajeunissant-embellit-le-teint-2\/\",\"name\":\"Trio \u00e9claircissant de luxe Fran\u00e7oise Bedon super R\u00e9parateur Purifiant RAjeunissant EMbellit Le Teint. - Glow Premium\",\"isPartOf\":{\"@id\":\"https:\/\/glowpremium.fr\/#website\"},\"primaryImageOfPage\":{\"@id\":\"https:\/\/glowpremium.fr\/produit-eclaircissant\/trio-eclaircissant-de-luxe-francoise-bedon-super-reparateur-purifiant-rajeunissant-embellit-le-teint-2\/#primaryimage\"},\"image\":{\"@id\":\"https:\/\/glowpremium.fr\/produit-eclaircissant\/trio-eclaircissant-de-luxe-francoise-bedon-super-reparateur-purifiant-rajeunissant-embellit-le-teint-2\/#primaryimage\"},\"thumbnailUrl\":\"https:\/\/glowpremium.fr\/wp-content\/uploads\/2024\/10\/1000129425.png\",\"datePublished\":\"2024-10-28T13:41:01+00:00\",\"dateModified\":\"2024-11-02T04:16:04+00:00\",\"description\":\"\u00e9claircissant lait de beaut\u00e9 anti-t\u00e2ches peau clair produit de beaut\u00e9 blanchit uniformiser produit cosm\u00e9tique \u00e9claircissant\",\"breadcrumb\":{\"@id\":\"https:\/\/glowpremium.fr\/produit-eclaircissant\/trio-eclaircissant-de-luxe-francoise-bedon-super-reparateur-purifiant-rajeunissant-embellit-le-teint-2\/#breadcrumb\"},\"inLanguage\":\"en-GB\",\"potentialAction\":[{\"@type\":\"ReadAction\",\"target\":[\"https:\/\/glowpremium.fr\/produit-eclaircissant\/trio-eclaircissant-de-luxe-francoise-bedon-super-reparateur-purifiant-rajeunissant-embellit-le-teint-2\/\"]}]},{\"@type\":\"ImageObject\",\"inLanguage\":\"en-GB\",\"@id\":\"https:\/\/glowpremium.fr\/produit-eclaircissant\/trio-eclaircissant-de-luxe-francoise-bedon-super-reparateur-purifiant-rajeunissant-embellit-le-teint-2\/#primaryimage\",\"url\":\"https:\/\/glowpremium.fr\/wp-content\/uploads\/2024\/10\/1000129425.png\",\"contentUrl\":\"https:\/\/glowpremium.fr\/wp-content\/uploads\/2024\/10\/1000129425.png\",\"width\":2000,\"height\":2000},{\"@type\":\"BreadcrumbList\",\"@id\":\"https:\/\/glowpremium.fr\/produit-eclaircissant\/trio-eclaircissant-de-luxe-francoise-bedon-super-reparateur-purifiant-rajeunissant-embellit-le-teint-2\/#breadcrumb\",\"itemListElement\":[{\"@type\":\"ListItem\",\"position\":1,\"name\":\"Accueil\",\"item\":\"https:\/\/glowpremium.fr\/\"},{\"@type\":\"ListItem\",\"position\":2,\"name\":\"Boutique\",\"item\":\"https:\/\/glowpremium.fr\/boutique-produits-eclaircissants\/\"},{\"@type\":\"ListItem\",\"position\":3,\"name\":\"Trio \u00e9claircissant de luxe Fran\u00e7oise Bedon super R\u00e9parateur Purifiant RAjeunissant EMbellit Le Teint.\"}]},{\"@type\":\"WebSite\",\"@id\":\"https:\/\/glowpremium.fr\/#website\",\"url\":\"https:\/\/glowpremium.fr\/\",\"name\":\"Glow Premium\",\"description\":\"\",\"publisher\":{\"@id\":\"https:\/\/glowpremium.fr\/#organization\"},\"potentialAction\":[{\"@type\":\"SearchAction\",\"target\":{\"@type\":\"EntryPoint\",\"urlTemplate\":\"https:\/\/glowpremium.fr\/?s={search_term_string}\"},\"query-input\":{\"@type\":\"PropertyValueSpecification\",\"valueRequired\":true,\"valueName\":\"search_term_string\"}}],\"inLanguage\":\"en-GB\"},{\"@type\":\"Organization\",\"@id\":\"https:\/\/glowpremium.fr\/#organization\",\"name\":\"Glow Premium\",\"url\":\"https:\/\/glowpremium.fr\/\",\"logo\":{\"@type\":\"ImageObject\",\"inLanguage\":\"en-GB\",\"@id\":\"https:\/\/glowpremium.fr\/#\/schema\/logo\/image\/\",\"url\":\"https:\/\/glowpremium.fr\/wp-content\/uploads\/2024\/10\/screenshot_20241029_034909_chrome.jpg\",\"contentUrl\":\"https:\/\/glowpremium.fr\/wp-content\/uploads\/2024\/10\/screenshot_20241029_034909_chrome.jpg\",\"width\":866,\"height\":937,\"caption\":\"Glow Premium\"},\"image\":{\"@id\":\"https:\/\/glowpremium.fr\/#\/schema\/logo\/image\/\"}}]}<\/script>\n<!-- \/ Yoast SEO plugin. -->","yoast_head_json":{"title":"Trio \u00e9claircissant de luxe Fran\u00e7oise Bedon super R\u00e9parateur Purifiant RAjeunissant EMbellit Le Teint. - Glow Premium","description":"\u00e9claircissant lait de beaut\u00e9 anti-t\u00e2ches peau clair produit de beaut\u00e9 blanchit uniformiser produit cosm\u00e9tique \u00e9claircissant","robots":{"index":"index","follow":"follow","max-snippet":"max-snippet:-1","max-image-preview":"max-image-preview:large","max-video-preview":"max-video-preview:-1"},"canonical":"https:\/\/glowpremium.fr\/en\/lightening-product\/trio-eclaircissant-de-luxe-francoise-bedon-super-reparateur-purifiant-rajeunissant-embellit-le-teint-2\/","og_locale":"en_GB","og_type":"article","og_title":"Trio \u00e9claircissant de luxe Fran\u00e7oise Bedon super R\u00e9parateur Purifiant RAjeunissant EMbellit Le Teint. - Glow Premium","og_description":"\u00e9claircissant lait de beaut\u00e9 anti-t\u00e2ches peau clair produit de beaut\u00e9 blanchit uniformiser produit cosm\u00e9tique \u00e9claircissant","og_url":"https:\/\/glowpremium.fr\/en\/lightening-product\/trio-eclaircissant-de-luxe-francoise-bedon-super-reparateur-purifiant-rajeunissant-embellit-le-teint-2\/","og_site_name":"Glow Premium","article_modified_time":"2024-11-02T04:16:04+00:00","og_image":[{"width":2000,"height":2000,"url":"https:\/\/glowpremium.fr\/wp-content\/uploads\/2024\/10\/1000129425.png","type":"image\/png"}],"twitter_card":"summary_large_image","twitter_misc":{"Estimated reading time":"1 minute"},"schema":{"@context":"https:\/\/schema.org","@graph":[{"@type":"WebPage","@id":"https:\/\/glowpremium.fr\/produit-eclaircissant\/trio-eclaircissant-de-luxe-francoise-bedon-super-reparateur-purifiant-rajeunissant-embellit-le-teint-2\/","url":"https:\/\/glowpremium.fr\/produit-eclaircissant\/trio-eclaircissant-de-luxe-francoise-bedon-super-reparateur-purifiant-rajeunissant-embellit-le-teint-2\/","name":"Trio \u00e9claircissant de luxe Fran\u00e7oise Bedon super R\u00e9parateur Purifiant RAjeunissant EMbellit Le Teint. - Glow Premium","isPartOf":{"@id":"https:\/\/glowpremium.fr\/#website"},"primaryImageOfPage":{"@id":"https:\/\/glowpremium.fr\/produit-eclaircissant\/trio-eclaircissant-de-luxe-francoise-bedon-super-reparateur-purifiant-rajeunissant-embellit-le-teint-2\/#primaryimage"},"image":{"@id":"https:\/\/glowpremium.fr\/produit-eclaircissant\/trio-eclaircissant-de-luxe-francoise-bedon-super-reparateur-purifiant-rajeunissant-embellit-le-teint-2\/#primaryimage"},"thumbnailUrl":"https:\/\/glowpremium.fr\/wp-content\/uploads\/2024\/10\/1000129425.png","datePublished":"2024-10-28T13:41:01+00:00","dateModified":"2024-11-02T04:16:04+00:00","description":"\u00e9claircissant lait de beaut\u00e9 anti-t\u00e2ches peau clair produit de beaut\u00e9 blanchit uniformiser produit cosm\u00e9tique \u00e9claircissant","breadcrumb":{"@id":"https:\/\/glowpremium.fr\/produit-eclaircissant\/trio-eclaircissant-de-luxe-francoise-bedon-super-reparateur-purifiant-rajeunissant-embellit-le-teint-2\/#breadcrumb"},"inLanguage":"en-GB","potentialAction":[{"@type":"ReadAction","target":["https:\/\/glowpremium.fr\/produit-eclaircissant\/trio-eclaircissant-de-luxe-francoise-bedon-super-reparateur-purifiant-rajeunissant-embellit-le-teint-2\/"]}]},{"@type":"ImageObject","inLanguage":"en-GB","@id":"https:\/\/glowpremium.fr\/produit-eclaircissant\/trio-eclaircissant-de-luxe-francoise-bedon-super-reparateur-purifiant-rajeunissant-embellit-le-teint-2\/#primaryimage","url":"https:\/\/glowpremium.fr\/wp-content\/uploads\/2024\/10\/1000129425.png","contentUrl":"https:\/\/glowpremium.fr\/wp-content\/uploads\/2024\/10\/1000129425.png","width":2000,"height":2000},{"@type":"BreadcrumbList","@id":"https:\/\/glowpremium.fr\/produit-eclaircissant\/trio-eclaircissant-de-luxe-francoise-bedon-super-reparateur-purifiant-rajeunissant-embellit-le-teint-2\/#breadcrumb","itemListElement":[{"@type":"ListItem","position":1,"name":"Accueil","item":"https:\/\/glowpremium.fr\/"},{"@type":"ListItem","position":2,"name":"Boutique","item":"https:\/\/glowpremium.fr\/boutique-produits-eclaircissants\/"},{"@type":"ListItem","position":3,"name":"Trio \u00e9claircissant de luxe Fran\u00e7oise Bedon super R\u00e9parateur Purifiant RAjeunissant EMbellit Le Teint."}]},{"@type":"WebSite","@id":"https:\/\/glowpremium.fr\/#website","url":"https:\/\/glowpremium.fr\/","name":"Glow Premium","description":"","publisher":{"@id":"https:\/\/glowpremium.fr\/#organization"},"potentialAction":[{"@type":"SearchAction","target":{"@type":"EntryPoint","urlTemplate":"https:\/\/glowpremium.fr\/?s={search_term_string}"},"query-input":{"@type":"PropertyValueSpecification","valueRequired":true,"valueName":"search_term_string"}}],"inLanguage":"en-GB"},{"@type":"Organization","@id":"https:\/\/glowpremium.fr\/#organization","name":"Glow Premium","url":"https:\/\/glowpremium.fr\/","logo":{"@type":"ImageObject","inLanguage":"en-GB","@id":"https:\/\/glowpremium.fr\/#\/schema\/logo\/image\/","url":"https:\/\/glowpremium.fr\/wp-content\/uploads\/2024\/10\/screenshot_20241029_034909_chrome.jpg","contentUrl":"https:\/\/glowpremium.fr\/wp-content\/uploads\/2024\/10\/screenshot_20241029_034909_chrome.jpg","width":866,"height":937,"caption":"Glow Premium"},"image":{"@id":"https:\/\/glowpremium.fr\/#\/schema\/logo\/image\/"}}]}},"_links":{"self":[{"href":"https:\/\/glowpremium.fr\/en\/wp-json\/wp\/v2\/product\/6467","targetHints":{"allow":["GET"]}}],"collection":[{"href":"https:\/\/glowpremium.fr\/en\/wp-json\/wp\/v2\/product"}],"about":[{"href":"https:\/\/glowpremium.fr\/en\/wp-json\/wp\/v2\/types\/product"}],"replies":[{"embeddable":true,"href":"https:\/\/glowpremium.fr\/en\/wp-json\/wp\/v2\/comments?post=6467"}],"version-history":[{"count":2,"href":"https:\/\/glowpremium.fr\/en\/wp-json\/wp\/v2\/product\/6467\/revisions"}],"predecessor-version":[{"id":7205,"href":"https:\/\/glowpremium.fr\/en\/wp-json\/wp\/v2\/product\/6467\/revisions\/7205"}],"wp:featuredmedia":[{"embeddable":true,"href":"https:\/\/glowpremium.fr\/en\/wp-json\/wp\/v2\/media\/6466"}],"wp:attachment":[{"href":"https:\/\/glowpremium.fr\/en\/wp-json\/wp\/v2\/media?parent=6467"}],"wp:term":[{"taxonomy":"brand","embeddable":true,"href":"https:\/\/glowpremium.fr\/en\/wp-json\/wp\/v2\/etheme_brands?post=6467"},{"taxonomy":"product_brand","embeddable":true,"href":"https:\/\/glowpremium.fr\/en\/wp-json\/wp\/v2\/product_brand?post=6467"},{"taxonomy":"product_cat","embeddable":true,"href":"https:\/\/glowpremium.fr\/en\/wp-json\/wp\/v2\/product_cat?post=6467"},{"taxonomy":"product_tag","embeddable":true,"href":"https:\/\/glowpremium.fr\/en\/wp-json\/wp\/v2\/product_tag?post=6467"}],"curies":[{"name":"wp","href":"https:\/\/api.w.org\/{rel}","templated":true}]}}