{"id":6443,"date":"2024-10-28T14:40:27","date_gmt":"2024-10-28T13:40:27","guid":{"rendered":"https:\/\/glowpremium.fr\/produit-eclaircissant\/savon-eclaircissant-gommant-teint-jaune-unifiant-anti-taches-lissant-super-rapide-2\/"},"modified":"2024-10-28T14:40:32","modified_gmt":"2024-10-28T13:40:32","slug":"savon-eclaircissant-gommant-teint-jaune-unifiant-anti-taches-lissant-super-rapide-2","status":"publish","type":"product","link":"https:\/\/glowpremium.fr\/en\/lightening-product\/yellow-complexion-exfoliating-lightening-soap-smoothing-anti-spots-super-fast-2\/","title":{"rendered":"Lightening Scrub Soap Yellow Complexion Smoothing Anti-Spot\n Super fast."},"content":{"rendered":"<p><strong>How to use :<\/strong><\/p>\n<p>exfoliating soap super lightening repairing moisturising yellow skin triple action removes hyper pigmentary spots illuminating smoothing fast unifying action. leaves skin soft regenerated whitens.<\/p>\n<p><strong>Recommendation:<\/strong><\/p>\n<p>For external use only. Avoid contact with eyes. If irritation occurs, discontinue use.<\/p>\n<p><strong>Composition:<\/strong><\/p>\n<p>Aqua, Petrolatum, Mineral oil, Imp, Cetostearyl alcohol, Carrot oil, Salicylic Acid, Sodium Metabisulfite, Sodium Sulfite, Allantoin, 1,4-Dihydroxybenzene, Citric Acid, Sodium lauryl ether sulfate, Stearic acid, Glycerin, Mpg, Propyl paraben Metyl Paraben, Vitamin E, Fragrance.<\/p>","protected":false},"excerpt":{"rendered":"<p>Teint Jaune ultra rapide has been developed to even out and moisturise your complexion. Thanks to fruit acid extracts and their multi-vitamins, this milk is a truly multi-active skin care product. Its clarifying agents act to blur and counteract acne blemishes. This milk clarifies your complexion and preserves your skin's youthful appearance.<\/p>","protected":false},"featured_media":6442,"comment_status":"open","ping_status":"closed","template":"","meta":[],"etheme_brands":[],"product_brand":[],"product_cat":[15],"product_tag":[],"class_list":{"0":"post-6443","1":"product","2":"type-product","3":"status-publish","4":"has-post-thumbnail","6":"product_cat-toutes-categories","8":"first","9":"instock","10":"shipping-taxable","11":"product-type-simple"},"yoast_head":"<!-- This site is optimized with the Yoast SEO plugin v26.7 - https:\/\/yoast.com\/wordpress\/plugins\/seo\/ -->\n<title>Savon \u00c9claircissant Gommant Teint Jaune Unifiant Anti-t\u00e2ches Lissant  Super rapide. - Glow Premium<\/title>\n<meta name=\"robots\" content=\"index, follow, max-snippet:-1, max-image-preview:large, max-video-preview:-1\" \/>\n<link rel=\"canonical\" href=\"https:\/\/glowpremium.fr\/en\/lightening-product\/yellow-complexion-exfoliating-lightening-soap-smoothing-anti-spots-super-fast-2\/\" \/>\n<meta property=\"og:locale\" content=\"en_GB\" \/>\n<meta property=\"og:type\" content=\"article\" \/>\n<meta property=\"og:title\" content=\"Savon \u00c9claircissant Gommant Teint Jaune Unifiant Anti-t\u00e2ches Lissant  Super rapide. - Glow Premium\" \/>\n<meta property=\"og:description\" content=\"Teint Jaune ultra rapide a \u00e9t\u00e9 d\u00e9velopper pour uniformiser et hydrater votre teint. Gr\u00e2ce \u00e0 l&rsquo;extrait des acides de fruits et leurs multi-vitamines, ce lait est un v\u00e9ritable soin multi-actif. Ses agents clarifiants agissent pour estomper et agir contre des d\u00e9fauts acn\u00e9iques. Ce lait clarifie votre teint et pr\u00e9serves la jeunesse de votre peau.triple action rapide\" \/>\n<meta property=\"og:url\" content=\"https:\/\/glowpremium.fr\/en\/lightening-product\/yellow-complexion-exfoliating-lightening-soap-smoothing-anti-spots-super-fast-2\/\" \/>\n<meta property=\"og:site_name\" content=\"Glow Premium\" \/>\n<meta property=\"article:modified_time\" content=\"2024-10-28T13:40:32+00:00\" \/>\n<meta property=\"og:image\" content=\"https:\/\/glowpremium.fr\/wp-content\/uploads\/2024\/10\/1000109027.png\" \/>\n\t<meta property=\"og:image:width\" content=\"2000\" \/>\n\t<meta property=\"og:image:height\" content=\"2000\" \/>\n\t<meta property=\"og:image:type\" content=\"image\/png\" \/>\n<meta name=\"twitter:card\" content=\"summary_large_image\" \/>\n<script type=\"application\/ld+json\" class=\"yoast-schema-graph\">{\"@context\":\"https:\/\/schema.org\",\"@graph\":[{\"@type\":\"WebPage\",\"@id\":\"https:\/\/glowpremium.fr\/produit-eclaircissant\/savon-eclaircissant-gommant-teint-jaune-unifiant-anti-taches-lissant-super-rapide-2\/\",\"url\":\"https:\/\/glowpremium.fr\/produit-eclaircissant\/savon-eclaircissant-gommant-teint-jaune-unifiant-anti-taches-lissant-super-rapide-2\/\",\"name\":\"Savon \u00c9claircissant Gommant Teint Jaune Unifiant Anti-t\u00e2ches Lissant Super rapide. - Glow Premium\",\"isPartOf\":{\"@id\":\"https:\/\/glowpremium.fr\/#website\"},\"primaryImageOfPage\":{\"@id\":\"https:\/\/glowpremium.fr\/produit-eclaircissant\/savon-eclaircissant-gommant-teint-jaune-unifiant-anti-taches-lissant-super-rapide-2\/#primaryimage\"},\"image\":{\"@id\":\"https:\/\/glowpremium.fr\/produit-eclaircissant\/savon-eclaircissant-gommant-teint-jaune-unifiant-anti-taches-lissant-super-rapide-2\/#primaryimage\"},\"thumbnailUrl\":\"https:\/\/glowpremium.fr\/wp-content\/uploads\/2024\/10\/1000109027.png\",\"datePublished\":\"2024-10-28T13:40:27+00:00\",\"dateModified\":\"2024-10-28T13:40:32+00:00\",\"breadcrumb\":{\"@id\":\"https:\/\/glowpremium.fr\/produit-eclaircissant\/savon-eclaircissant-gommant-teint-jaune-unifiant-anti-taches-lissant-super-rapide-2\/#breadcrumb\"},\"inLanguage\":\"en-GB\",\"potentialAction\":[{\"@type\":\"ReadAction\",\"target\":[\"https:\/\/glowpremium.fr\/produit-eclaircissant\/savon-eclaircissant-gommant-teint-jaune-unifiant-anti-taches-lissant-super-rapide-2\/\"]}]},{\"@type\":\"ImageObject\",\"inLanguage\":\"en-GB\",\"@id\":\"https:\/\/glowpremium.fr\/produit-eclaircissant\/savon-eclaircissant-gommant-teint-jaune-unifiant-anti-taches-lissant-super-rapide-2\/#primaryimage\",\"url\":\"https:\/\/glowpremium.fr\/wp-content\/uploads\/2024\/10\/1000109027.png\",\"contentUrl\":\"https:\/\/glowpremium.fr\/wp-content\/uploads\/2024\/10\/1000109027.png\",\"width\":2000,\"height\":2000},{\"@type\":\"BreadcrumbList\",\"@id\":\"https:\/\/glowpremium.fr\/produit-eclaircissant\/savon-eclaircissant-gommant-teint-jaune-unifiant-anti-taches-lissant-super-rapide-2\/#breadcrumb\",\"itemListElement\":[{\"@type\":\"ListItem\",\"position\":1,\"name\":\"Accueil\",\"item\":\"https:\/\/glowpremium.fr\/\"},{\"@type\":\"ListItem\",\"position\":2,\"name\":\"Boutique\",\"item\":\"https:\/\/glowpremium.fr\/boutique-produits-eclaircissants\/\"},{\"@type\":\"ListItem\",\"position\":3,\"name\":\"Savon \u00c9claircissant Gommant Teint Jaune Unifiant Anti-t\u00e2ches Lissant Super rapide.\"}]},{\"@type\":\"WebSite\",\"@id\":\"https:\/\/glowpremium.fr\/#website\",\"url\":\"https:\/\/glowpremium.fr\/\",\"name\":\"Glow Premium\",\"description\":\"\",\"publisher\":{\"@id\":\"https:\/\/glowpremium.fr\/#organization\"},\"potentialAction\":[{\"@type\":\"SearchAction\",\"target\":{\"@type\":\"EntryPoint\",\"urlTemplate\":\"https:\/\/glowpremium.fr\/?s={search_term_string}\"},\"query-input\":{\"@type\":\"PropertyValueSpecification\",\"valueRequired\":true,\"valueName\":\"search_term_string\"}}],\"inLanguage\":\"en-GB\"},{\"@type\":\"Organization\",\"@id\":\"https:\/\/glowpremium.fr\/#organization\",\"name\":\"Glow Premium\",\"url\":\"https:\/\/glowpremium.fr\/\",\"logo\":{\"@type\":\"ImageObject\",\"inLanguage\":\"en-GB\",\"@id\":\"https:\/\/glowpremium.fr\/#\/schema\/logo\/image\/\",\"url\":\"https:\/\/glowpremium.fr\/wp-content\/uploads\/2024\/10\/screenshot_20241029_034909_chrome.jpg\",\"contentUrl\":\"https:\/\/glowpremium.fr\/wp-content\/uploads\/2024\/10\/screenshot_20241029_034909_chrome.jpg\",\"width\":866,\"height\":937,\"caption\":\"Glow Premium\"},\"image\":{\"@id\":\"https:\/\/glowpremium.fr\/#\/schema\/logo\/image\/\"}}]}<\/script>\n<!-- \/ Yoast SEO plugin. -->","yoast_head_json":{"title":"Savon \u00c9claircissant Gommant Teint Jaune Unifiant Anti-t\u00e2ches Lissant  Super rapide. - Glow Premium","robots":{"index":"index","follow":"follow","max-snippet":"max-snippet:-1","max-image-preview":"max-image-preview:large","max-video-preview":"max-video-preview:-1"},"canonical":"https:\/\/glowpremium.fr\/en\/lightening-product\/yellow-complexion-exfoliating-lightening-soap-smoothing-anti-spots-super-fast-2\/","og_locale":"en_GB","og_type":"article","og_title":"Savon \u00c9claircissant Gommant Teint Jaune Unifiant Anti-t\u00e2ches Lissant  Super rapide. - Glow Premium","og_description":"Teint Jaune ultra rapide a \u00e9t\u00e9 d\u00e9velopper pour uniformiser et hydrater votre teint. Gr\u00e2ce \u00e0 l&rsquo;extrait des acides de fruits et leurs multi-vitamines, ce lait est un v\u00e9ritable soin multi-actif. Ses agents clarifiants agissent pour estomper et agir contre des d\u00e9fauts acn\u00e9iques. Ce lait clarifie votre teint et pr\u00e9serves la jeunesse de votre peau.triple action rapide","og_url":"https:\/\/glowpremium.fr\/en\/lightening-product\/yellow-complexion-exfoliating-lightening-soap-smoothing-anti-spots-super-fast-2\/","og_site_name":"Glow Premium","article_modified_time":"2024-10-28T13:40:32+00:00","og_image":[{"width":2000,"height":2000,"url":"https:\/\/glowpremium.fr\/wp-content\/uploads\/2024\/10\/1000109027.png","type":"image\/png"}],"twitter_card":"summary_large_image","schema":{"@context":"https:\/\/schema.org","@graph":[{"@type":"WebPage","@id":"https:\/\/glowpremium.fr\/produit-eclaircissant\/savon-eclaircissant-gommant-teint-jaune-unifiant-anti-taches-lissant-super-rapide-2\/","url":"https:\/\/glowpremium.fr\/produit-eclaircissant\/savon-eclaircissant-gommant-teint-jaune-unifiant-anti-taches-lissant-super-rapide-2\/","name":"Savon \u00c9claircissant Gommant Teint Jaune Unifiant Anti-t\u00e2ches Lissant Super rapide. - Glow Premium","isPartOf":{"@id":"https:\/\/glowpremium.fr\/#website"},"primaryImageOfPage":{"@id":"https:\/\/glowpremium.fr\/produit-eclaircissant\/savon-eclaircissant-gommant-teint-jaune-unifiant-anti-taches-lissant-super-rapide-2\/#primaryimage"},"image":{"@id":"https:\/\/glowpremium.fr\/produit-eclaircissant\/savon-eclaircissant-gommant-teint-jaune-unifiant-anti-taches-lissant-super-rapide-2\/#primaryimage"},"thumbnailUrl":"https:\/\/glowpremium.fr\/wp-content\/uploads\/2024\/10\/1000109027.png","datePublished":"2024-10-28T13:40:27+00:00","dateModified":"2024-10-28T13:40:32+00:00","breadcrumb":{"@id":"https:\/\/glowpremium.fr\/produit-eclaircissant\/savon-eclaircissant-gommant-teint-jaune-unifiant-anti-taches-lissant-super-rapide-2\/#breadcrumb"},"inLanguage":"en-GB","potentialAction":[{"@type":"ReadAction","target":["https:\/\/glowpremium.fr\/produit-eclaircissant\/savon-eclaircissant-gommant-teint-jaune-unifiant-anti-taches-lissant-super-rapide-2\/"]}]},{"@type":"ImageObject","inLanguage":"en-GB","@id":"https:\/\/glowpremium.fr\/produit-eclaircissant\/savon-eclaircissant-gommant-teint-jaune-unifiant-anti-taches-lissant-super-rapide-2\/#primaryimage","url":"https:\/\/glowpremium.fr\/wp-content\/uploads\/2024\/10\/1000109027.png","contentUrl":"https:\/\/glowpremium.fr\/wp-content\/uploads\/2024\/10\/1000109027.png","width":2000,"height":2000},{"@type":"BreadcrumbList","@id":"https:\/\/glowpremium.fr\/produit-eclaircissant\/savon-eclaircissant-gommant-teint-jaune-unifiant-anti-taches-lissant-super-rapide-2\/#breadcrumb","itemListElement":[{"@type":"ListItem","position":1,"name":"Accueil","item":"https:\/\/glowpremium.fr\/"},{"@type":"ListItem","position":2,"name":"Boutique","item":"https:\/\/glowpremium.fr\/boutique-produits-eclaircissants\/"},{"@type":"ListItem","position":3,"name":"Savon \u00c9claircissant Gommant Teint Jaune Unifiant Anti-t\u00e2ches Lissant Super rapide."}]},{"@type":"WebSite","@id":"https:\/\/glowpremium.fr\/#website","url":"https:\/\/glowpremium.fr\/","name":"Glow Premium","description":"","publisher":{"@id":"https:\/\/glowpremium.fr\/#organization"},"potentialAction":[{"@type":"SearchAction","target":{"@type":"EntryPoint","urlTemplate":"https:\/\/glowpremium.fr\/?s={search_term_string}"},"query-input":{"@type":"PropertyValueSpecification","valueRequired":true,"valueName":"search_term_string"}}],"inLanguage":"en-GB"},{"@type":"Organization","@id":"https:\/\/glowpremium.fr\/#organization","name":"Glow Premium","url":"https:\/\/glowpremium.fr\/","logo":{"@type":"ImageObject","inLanguage":"en-GB","@id":"https:\/\/glowpremium.fr\/#\/schema\/logo\/image\/","url":"https:\/\/glowpremium.fr\/wp-content\/uploads\/2024\/10\/screenshot_20241029_034909_chrome.jpg","contentUrl":"https:\/\/glowpremium.fr\/wp-content\/uploads\/2024\/10\/screenshot_20241029_034909_chrome.jpg","width":866,"height":937,"caption":"Glow Premium"},"image":{"@id":"https:\/\/glowpremium.fr\/#\/schema\/logo\/image\/"}}]}},"_links":{"self":[{"href":"https:\/\/glowpremium.fr\/en\/wp-json\/wp\/v2\/product\/6443","targetHints":{"allow":["GET"]}}],"collection":[{"href":"https:\/\/glowpremium.fr\/en\/wp-json\/wp\/v2\/product"}],"about":[{"href":"https:\/\/glowpremium.fr\/en\/wp-json\/wp\/v2\/types\/product"}],"replies":[{"embeddable":true,"href":"https:\/\/glowpremium.fr\/en\/wp-json\/wp\/v2\/comments?post=6443"}],"version-history":[{"count":0,"href":"https:\/\/glowpremium.fr\/en\/wp-json\/wp\/v2\/product\/6443\/revisions"}],"wp:featuredmedia":[{"embeddable":true,"href":"https:\/\/glowpremium.fr\/en\/wp-json\/wp\/v2\/media\/6442"}],"wp:attachment":[{"href":"https:\/\/glowpremium.fr\/en\/wp-json\/wp\/v2\/media?parent=6443"}],"wp:term":[{"taxonomy":"brand","embeddable":true,"href":"https:\/\/glowpremium.fr\/en\/wp-json\/wp\/v2\/etheme_brands?post=6443"},{"taxonomy":"product_brand","embeddable":true,"href":"https:\/\/glowpremium.fr\/en\/wp-json\/wp\/v2\/product_brand?post=6443"},{"taxonomy":"product_cat","embeddable":true,"href":"https:\/\/glowpremium.fr\/en\/wp-json\/wp\/v2\/product_cat?post=6443"},{"taxonomy":"product_tag","embeddable":true,"href":"https:\/\/glowpremium.fr\/en\/wp-json\/wp\/v2\/product_tag?post=6443"}],"curies":[{"name":"wp","href":"https:\/\/api.w.org\/{rel}","templated":true}]}}