{"id":6439,"date":"2024-10-28T14:40:23","date_gmt":"2024-10-28T13:40:23","guid":{"rendered":"https:\/\/glowpremium.fr\/produit-eclaircissant\/lait-eclaircissant-a-lhuile-dargan-opalya-2\/"},"modified":"2024-11-01T20:32:34","modified_gmt":"2024-11-01T19:32:34","slug":"lait-eclaircissant-a-lhuile-dargan-opalya-2","status":"publish","type":"product","link":"https:\/\/glowpremium.fr\/en\/lightening-product\/lightening-milk-with-dargan-oil-opalya-2\/","title":{"rendered":"Lightening milk with argan oil Opalya"},"content":{"rendered":"<p><strong>How to use :<\/strong><\/p>\n<p>Apply daily to the body to keep skin moisturised.<\/p>\n<p><strong>Recommendation:<\/strong><\/p>\n<p>For external use only. Do not get in eyes. If in eyes, rinse thoroughly. If irritation occurs, discontinue use immediately.<\/p>\n<p><strong>Composition:<\/strong><\/p>\n<p>Aqua (Water), Paraffinum Liquidum (Mineral Oil), Sodium lactate, Glycerin, Butyrospermum parkii (Shea) butter, Citric acid, Lactic acid, Sodium hydroxide, Carbomer, Oleth10, Tetrasodium edta, Xanthan gum, Oleth5, Parfum (fragrance), Potassium sorbate, Sodium Benzoate, Argania spinosa (argan) kernel oil, BHT, Benzyl salicylate, Linalool, Hexyl cinnamal, Limonene, Hydroxycitronellal, Sodium sulfate, CI19140 (acid yellow 23), Citronellol,CI 16255 (acid red 18), ci 17200 (acid red 33), ci 28440 (brilliant black 1).<\/p>\n<p>&nbsp;<\/p>","protected":false},"excerpt":{"rendered":"<p>OPALYA Lightening Body Lotion with Argan Oil has been specifically designed to enhance the beauty of black and mixed-race women. Enriched with a lightening complex (6.8%), nourishing and protective Shea butter and regenerating Argan oil, this lotion offers a complete daily skin care treatment for the body. It illuminates the complexion, leaving skin clear and radiant without leaving an oily film. Suitable for all skin types.<\/p>","protected":false},"featured_media":6438,"comment_status":"closed","ping_status":"closed","template":"","meta":[],"etheme_brands":[],"product_brand":[],"product_cat":[80,85],"product_tag":[],"class_list":{"0":"post-6439","1":"product","2":"type-product","3":"status-publish","4":"has-post-thumbnail","6":"product_cat-blanchissants-et-eclaircissants","7":"product_cat-laits-eclaircissants","9":"first","10":"instock","11":"shipping-taxable","12":"purchasable","13":"product-type-simple"},"yoast_head":"<!-- This site is optimized with the Yoast SEO plugin v26.7 - https:\/\/yoast.com\/wordpress\/plugins\/seo\/ -->\n<title>Lait \u00e9claircissant \u00e0 l&#039;huile d&#039;argan Opalya - Glow Premium<\/title>\n<meta name=\"description\" content=\"Lait opalya \u00e9claircissant a l&quot;huile d&quot;argan, blanchisseur, \u00e9claircissant, super lightening, soin de la peau, lait de beaut\u00e9, \u00e9claircissant,produit de beaut\u00e9\" \/>\n<meta name=\"robots\" content=\"index, follow, max-snippet:-1, max-image-preview:large, max-video-preview:-1\" \/>\n<link rel=\"canonical\" href=\"https:\/\/glowpremium.fr\/en\/lightening-product\/lightening-milk-with-dargan-oil-opalya-2\/\" \/>\n<meta property=\"og:locale\" content=\"en_GB\" \/>\n<meta property=\"og:type\" content=\"article\" \/>\n<meta property=\"og:title\" content=\"Lait \u00e9claircissant \u00e0 l&#039;huile d&#039;argan Opalya - Glow Premium\" \/>\n<meta property=\"og:description\" content=\"Lait opalya \u00e9claircissant a l&quot;huile d&quot;argan, blanchisseur, \u00e9claircissant, super lightening, soin de la peau, lait de beaut\u00e9, \u00e9claircissant,produit de beaut\u00e9\" \/>\n<meta property=\"og:url\" content=\"https:\/\/glowpremium.fr\/en\/lightening-product\/lightening-milk-with-dargan-oil-opalya-2\/\" \/>\n<meta property=\"og:site_name\" content=\"Glow Premium\" \/>\n<meta property=\"article:modified_time\" content=\"2024-11-01T19:32:34+00:00\" \/>\n<meta property=\"og:image\" content=\"https:\/\/glowpremium.fr\/wp-content\/uploads\/2024\/10\/Capture-decran-2024-07-18-a-00.43.32.png\" \/>\n\t<meta property=\"og:image:width\" content=\"317\" \/>\n\t<meta property=\"og:image:height\" content=\"429\" \/>\n\t<meta property=\"og:image:type\" content=\"image\/png\" \/>\n<meta name=\"twitter:card\" content=\"summary_large_image\" \/>\n<meta name=\"twitter:label1\" content=\"Estimated reading time\" \/>\n\t<meta name=\"twitter:data1\" content=\"1 minute\" \/>\n<script type=\"application\/ld+json\" class=\"yoast-schema-graph\">{\"@context\":\"https:\/\/schema.org\",\"@graph\":[{\"@type\":\"WebPage\",\"@id\":\"https:\/\/glowpremium.fr\/produit-eclaircissant\/lait-eclaircissant-a-lhuile-dargan-opalya-2\/\",\"url\":\"https:\/\/glowpremium.fr\/produit-eclaircissant\/lait-eclaircissant-a-lhuile-dargan-opalya-2\/\",\"name\":\"Lait \u00e9claircissant \u00e0 l'huile d'argan Opalya - Glow Premium\",\"isPartOf\":{\"@id\":\"https:\/\/glowpremium.fr\/#website\"},\"primaryImageOfPage\":{\"@id\":\"https:\/\/glowpremium.fr\/produit-eclaircissant\/lait-eclaircissant-a-lhuile-dargan-opalya-2\/#primaryimage\"},\"image\":{\"@id\":\"https:\/\/glowpremium.fr\/produit-eclaircissant\/lait-eclaircissant-a-lhuile-dargan-opalya-2\/#primaryimage\"},\"thumbnailUrl\":\"https:\/\/glowpremium.fr\/wp-content\/uploads\/2024\/10\/Capture-decran-2024-07-18-a-00.43.32.png\",\"datePublished\":\"2024-10-28T13:40:23+00:00\",\"dateModified\":\"2024-11-01T19:32:34+00:00\",\"description\":\"Lait opalya \u00e9claircissant a l\\\"huile d\\\"argan, blanchisseur, \u00e9claircissant, super lightening, soin de la peau, lait de beaut\u00e9, \u00e9claircissant,produit de beaut\u00e9\",\"breadcrumb\":{\"@id\":\"https:\/\/glowpremium.fr\/produit-eclaircissant\/lait-eclaircissant-a-lhuile-dargan-opalya-2\/#breadcrumb\"},\"inLanguage\":\"en-GB\",\"potentialAction\":[{\"@type\":\"ReadAction\",\"target\":[\"https:\/\/glowpremium.fr\/produit-eclaircissant\/lait-eclaircissant-a-lhuile-dargan-opalya-2\/\"]}]},{\"@type\":\"ImageObject\",\"inLanguage\":\"en-GB\",\"@id\":\"https:\/\/glowpremium.fr\/produit-eclaircissant\/lait-eclaircissant-a-lhuile-dargan-opalya-2\/#primaryimage\",\"url\":\"https:\/\/glowpremium.fr\/wp-content\/uploads\/2024\/10\/Capture-decran-2024-07-18-a-00.43.32.png\",\"contentUrl\":\"https:\/\/glowpremium.fr\/wp-content\/uploads\/2024\/10\/Capture-decran-2024-07-18-a-00.43.32.png\",\"width\":317,\"height\":429},{\"@type\":\"BreadcrumbList\",\"@id\":\"https:\/\/glowpremium.fr\/produit-eclaircissant\/lait-eclaircissant-a-lhuile-dargan-opalya-2\/#breadcrumb\",\"itemListElement\":[{\"@type\":\"ListItem\",\"position\":1,\"name\":\"Accueil\",\"item\":\"https:\/\/glowpremium.fr\/\"},{\"@type\":\"ListItem\",\"position\":2,\"name\":\"Boutique\",\"item\":\"https:\/\/glowpremium.fr\/boutique-produits-eclaircissants\/\"},{\"@type\":\"ListItem\",\"position\":3,\"name\":\"Lait \u00e9claircissant \u00e0 l&#8217;huile d&#8217;argan Opalya\"}]},{\"@type\":\"WebSite\",\"@id\":\"https:\/\/glowpremium.fr\/#website\",\"url\":\"https:\/\/glowpremium.fr\/\",\"name\":\"Glow Premium\",\"description\":\"\",\"publisher\":{\"@id\":\"https:\/\/glowpremium.fr\/#organization\"},\"potentialAction\":[{\"@type\":\"SearchAction\",\"target\":{\"@type\":\"EntryPoint\",\"urlTemplate\":\"https:\/\/glowpremium.fr\/?s={search_term_string}\"},\"query-input\":{\"@type\":\"PropertyValueSpecification\",\"valueRequired\":true,\"valueName\":\"search_term_string\"}}],\"inLanguage\":\"en-GB\"},{\"@type\":\"Organization\",\"@id\":\"https:\/\/glowpremium.fr\/#organization\",\"name\":\"Glow Premium\",\"url\":\"https:\/\/glowpremium.fr\/\",\"logo\":{\"@type\":\"ImageObject\",\"inLanguage\":\"en-GB\",\"@id\":\"https:\/\/glowpremium.fr\/#\/schema\/logo\/image\/\",\"url\":\"https:\/\/glowpremium.fr\/wp-content\/uploads\/2024\/10\/screenshot_20241029_034909_chrome.jpg\",\"contentUrl\":\"https:\/\/glowpremium.fr\/wp-content\/uploads\/2024\/10\/screenshot_20241029_034909_chrome.jpg\",\"width\":866,\"height\":937,\"caption\":\"Glow Premium\"},\"image\":{\"@id\":\"https:\/\/glowpremium.fr\/#\/schema\/logo\/image\/\"}}]}<\/script>\n<!-- \/ Yoast SEO plugin. -->","yoast_head_json":{"title":"Lait \u00e9claircissant \u00e0 l'huile d'argan Opalya - Glow Premium","description":"Lait opalya \u00e9claircissant a l\"huile d\"argan, blanchisseur, \u00e9claircissant, super lightening, soin de la peau, lait de beaut\u00e9, \u00e9claircissant,produit de beaut\u00e9","robots":{"index":"index","follow":"follow","max-snippet":"max-snippet:-1","max-image-preview":"max-image-preview:large","max-video-preview":"max-video-preview:-1"},"canonical":"https:\/\/glowpremium.fr\/en\/lightening-product\/lightening-milk-with-dargan-oil-opalya-2\/","og_locale":"en_GB","og_type":"article","og_title":"Lait \u00e9claircissant \u00e0 l'huile d'argan Opalya - Glow Premium","og_description":"Lait opalya \u00e9claircissant a l\"huile d\"argan, blanchisseur, \u00e9claircissant, super lightening, soin de la peau, lait de beaut\u00e9, \u00e9claircissant,produit de beaut\u00e9","og_url":"https:\/\/glowpremium.fr\/en\/lightening-product\/lightening-milk-with-dargan-oil-opalya-2\/","og_site_name":"Glow Premium","article_modified_time":"2024-11-01T19:32:34+00:00","og_image":[{"width":317,"height":429,"url":"https:\/\/glowpremium.fr\/wp-content\/uploads\/2024\/10\/Capture-decran-2024-07-18-a-00.43.32.png","type":"image\/png"}],"twitter_card":"summary_large_image","twitter_misc":{"Estimated reading time":"1 minute"},"schema":{"@context":"https:\/\/schema.org","@graph":[{"@type":"WebPage","@id":"https:\/\/glowpremium.fr\/produit-eclaircissant\/lait-eclaircissant-a-lhuile-dargan-opalya-2\/","url":"https:\/\/glowpremium.fr\/produit-eclaircissant\/lait-eclaircissant-a-lhuile-dargan-opalya-2\/","name":"Lait \u00e9claircissant \u00e0 l'huile d'argan Opalya - Glow Premium","isPartOf":{"@id":"https:\/\/glowpremium.fr\/#website"},"primaryImageOfPage":{"@id":"https:\/\/glowpremium.fr\/produit-eclaircissant\/lait-eclaircissant-a-lhuile-dargan-opalya-2\/#primaryimage"},"image":{"@id":"https:\/\/glowpremium.fr\/produit-eclaircissant\/lait-eclaircissant-a-lhuile-dargan-opalya-2\/#primaryimage"},"thumbnailUrl":"https:\/\/glowpremium.fr\/wp-content\/uploads\/2024\/10\/Capture-decran-2024-07-18-a-00.43.32.png","datePublished":"2024-10-28T13:40:23+00:00","dateModified":"2024-11-01T19:32:34+00:00","description":"Lait opalya \u00e9claircissant a l\"huile d\"argan, blanchisseur, \u00e9claircissant, super lightening, soin de la peau, lait de beaut\u00e9, \u00e9claircissant,produit de beaut\u00e9","breadcrumb":{"@id":"https:\/\/glowpremium.fr\/produit-eclaircissant\/lait-eclaircissant-a-lhuile-dargan-opalya-2\/#breadcrumb"},"inLanguage":"en-GB","potentialAction":[{"@type":"ReadAction","target":["https:\/\/glowpremium.fr\/produit-eclaircissant\/lait-eclaircissant-a-lhuile-dargan-opalya-2\/"]}]},{"@type":"ImageObject","inLanguage":"en-GB","@id":"https:\/\/glowpremium.fr\/produit-eclaircissant\/lait-eclaircissant-a-lhuile-dargan-opalya-2\/#primaryimage","url":"https:\/\/glowpremium.fr\/wp-content\/uploads\/2024\/10\/Capture-decran-2024-07-18-a-00.43.32.png","contentUrl":"https:\/\/glowpremium.fr\/wp-content\/uploads\/2024\/10\/Capture-decran-2024-07-18-a-00.43.32.png","width":317,"height":429},{"@type":"BreadcrumbList","@id":"https:\/\/glowpremium.fr\/produit-eclaircissant\/lait-eclaircissant-a-lhuile-dargan-opalya-2\/#breadcrumb","itemListElement":[{"@type":"ListItem","position":1,"name":"Accueil","item":"https:\/\/glowpremium.fr\/"},{"@type":"ListItem","position":2,"name":"Boutique","item":"https:\/\/glowpremium.fr\/boutique-produits-eclaircissants\/"},{"@type":"ListItem","position":3,"name":"Lait \u00e9claircissant \u00e0 l&#8217;huile d&#8217;argan Opalya"}]},{"@type":"WebSite","@id":"https:\/\/glowpremium.fr\/#website","url":"https:\/\/glowpremium.fr\/","name":"Glow Premium","description":"","publisher":{"@id":"https:\/\/glowpremium.fr\/#organization"},"potentialAction":[{"@type":"SearchAction","target":{"@type":"EntryPoint","urlTemplate":"https:\/\/glowpremium.fr\/?s={search_term_string}"},"query-input":{"@type":"PropertyValueSpecification","valueRequired":true,"valueName":"search_term_string"}}],"inLanguage":"en-GB"},{"@type":"Organization","@id":"https:\/\/glowpremium.fr\/#organization","name":"Glow Premium","url":"https:\/\/glowpremium.fr\/","logo":{"@type":"ImageObject","inLanguage":"en-GB","@id":"https:\/\/glowpremium.fr\/#\/schema\/logo\/image\/","url":"https:\/\/glowpremium.fr\/wp-content\/uploads\/2024\/10\/screenshot_20241029_034909_chrome.jpg","contentUrl":"https:\/\/glowpremium.fr\/wp-content\/uploads\/2024\/10\/screenshot_20241029_034909_chrome.jpg","width":866,"height":937,"caption":"Glow Premium"},"image":{"@id":"https:\/\/glowpremium.fr\/#\/schema\/logo\/image\/"}}]}},"_links":{"self":[{"href":"https:\/\/glowpremium.fr\/en\/wp-json\/wp\/v2\/product\/6439","targetHints":{"allow":["GET"]}}],"collection":[{"href":"https:\/\/glowpremium.fr\/en\/wp-json\/wp\/v2\/product"}],"about":[{"href":"https:\/\/glowpremium.fr\/en\/wp-json\/wp\/v2\/types\/product"}],"replies":[{"embeddable":true,"href":"https:\/\/glowpremium.fr\/en\/wp-json\/wp\/v2\/comments?post=6439"}],"version-history":[{"count":1,"href":"https:\/\/glowpremium.fr\/en\/wp-json\/wp\/v2\/product\/6439\/revisions"}],"predecessor-version":[{"id":7198,"href":"https:\/\/glowpremium.fr\/en\/wp-json\/wp\/v2\/product\/6439\/revisions\/7198"}],"wp:featuredmedia":[{"embeddable":true,"href":"https:\/\/glowpremium.fr\/en\/wp-json\/wp\/v2\/media\/6438"}],"wp:attachment":[{"href":"https:\/\/glowpremium.fr\/en\/wp-json\/wp\/v2\/media?parent=6439"}],"wp:term":[{"taxonomy":"brand","embeddable":true,"href":"https:\/\/glowpremium.fr\/en\/wp-json\/wp\/v2\/etheme_brands?post=6439"},{"taxonomy":"product_brand","embeddable":true,"href":"https:\/\/glowpremium.fr\/en\/wp-json\/wp\/v2\/product_brand?post=6439"},{"taxonomy":"product_cat","embeddable":true,"href":"https:\/\/glowpremium.fr\/en\/wp-json\/wp\/v2\/product_cat?post=6439"},{"taxonomy":"product_tag","embeddable":true,"href":"https:\/\/glowpremium.fr\/en\/wp-json\/wp\/v2\/product_tag?post=6439"}],"curies":[{"name":"wp","href":"https:\/\/api.w.org\/{rel}","templated":true}]}}