{"id":6434,"date":"2024-10-28T14:40:21","date_gmt":"2024-10-28T13:40:21","guid":{"rendered":"https:\/\/glowpremium.fr\/produit-eclaircissant\/gamme-eclaircissant-peau-jaune-4\/"},"modified":"2024-11-01T20:59:05","modified_gmt":"2024-11-01T19:59:05","slug":"gamme-eclaircissant-peau-jaune-4","status":"publish","type":"product","link":"https:\/\/glowpremium.fr\/en\/lightening-product\/yellow-skin-lightening-range-4\/","title":{"rendered":"Yellow Skin Lightening Range"},"content":{"rendered":"<p><strong>How to use :<\/strong><\/p>\n<p>Use morning and evening, apply to cleansed skin.<\/p>\n<p>Massage gently until absorbed.<\/p>\n<p><strong>Recommendation:<\/strong><\/p>\n<p>For external use only. Discontinue use if irritation develops. Avoid contact with eyes. In case of contact with eyes, rinse thoroughly.<\/p>\n<p><strong>Composition:<\/strong><\/p>\n<p>Aqua (eau), Helianthus annus, Glycerin, Cetostearyl alcohol, Hydroxyphenoxy, Propionic acid, Cyclopentasiloxane, Cetyl alcohol, Glyceryl Stearate Bht ect<\/p>","protected":false},"excerpt":{"rendered":"<p>Discover the Yellow Skin range, an effective solution for brighter, more even skin. Cos products are specially formulated to gently lighten and treat the skin.<\/p>\n<h4>1. Strong &amp; Gentle Lightening Milk<\/h4>\n<p>Yellow Skin Lightening Milk is enriched with fruit acids for a powerful treatment against brown spots and pigmentation irregularities.<\/p>\n<p>Apply daily all over the body for soft, smooth and visibly clearer skin.<\/p>\n<ul>\n<li><strong>Benefits:<\/strong>\n<ul>\n<li>Brightens and evens the complexion<\/li>\n<li>Deeply moisturises<\/li>\n<li>Combats skin imperfections<\/li>\n<\/ul>\n<\/li>\n<\/ul>\n<h4>2. Lightening Cream<\/h4>\n<p>Yellow Skin Cream is designed to target dark areas and pigmentation spots.<\/p>\n<p>&nbsp;<\/p>\n<ul>\n<li><strong>Benefits:<\/strong>\n<ul>\n<li>Reduces the appearance of stains<\/li>\n<li>Brightens the complexion evenly<\/li>\n<li>Enriched with banana extracts for extra softness<\/li>\n<\/ul>\n<\/li>\n<\/ul>\n<h4>3. Dosed Super Lightener - Feet &amp; Hands<\/h4>\n<ul>\n<li>\u00a0Yellow Skin Super Lightener is specially formulated for the feet and hands, often the darkest areas of the body.<\/li>\n<li><strong>Benefits:<\/strong>\n<ul>\n<li>Triple brightening action thanks to essential oils<\/li>\n<li>Leaves skin soft and radiant<\/li>\n<li>Effectively lightens the most resistant areas<\/li>\n<\/ul>\n<\/li>\n<\/ul>\n<h3>Why choose Peau Jaune?<\/h3>\n<p>Our products are formulated with natural ingredients and fruit acids to provide a gentle and effective brightening solution. They are perfect for those looking to achieve a lighter, more even skin tone without compromising the health of their skin. Choose Peau Jaune and reveal your skin's natural beauty.<\/p>","protected":false},"featured_media":6433,"comment_status":"closed","ping_status":"closed","template":"","meta":[],"etheme_brands":[],"product_brand":[],"product_cat":[15,80,82],"product_tag":[],"class_list":{"0":"post-6434","1":"product","2":"type-product","3":"status-publish","4":"has-post-thumbnail","6":"product_cat-toutes-categories","7":"product_cat-blanchissants-et-eclaircissants","8":"product_cat-gammes-eclaircissantes","10":"first","11":"instock","12":"shipping-taxable","13":"purchasable","14":"product-type-simple"},"yoast_head":"<!-- This site is optimized with the Yoast SEO plugin v26.7 - https:\/\/yoast.com\/wordpress\/plugins\/seo\/ -->\n<title>Gamme \u00e9claircissant Peau Jaune - Glow Premium<\/title>\n<meta name=\"description\" content=\"Gamme peau jaune. \u00e9claircissant cosm\u00e9tique beaut\u00e9 peau noire m\u00e9tiss\u00e9 blanchisseur uniformise le teint produit pour la peau\" \/>\n<meta name=\"robots\" content=\"index, follow, max-snippet:-1, max-image-preview:large, max-video-preview:-1\" \/>\n<link rel=\"canonical\" href=\"https:\/\/glowpremium.fr\/en\/lightening-product\/yellow-skin-lightening-range-4\/\" \/>\n<meta property=\"og:locale\" content=\"en_GB\" \/>\n<meta property=\"og:type\" content=\"article\" \/>\n<meta property=\"og:title\" content=\"Gamme \u00e9claircissant Peau Jaune - Glow Premium\" \/>\n<meta property=\"og:description\" content=\"Gamme peau jaune. \u00e9claircissant cosm\u00e9tique beaut\u00e9 peau noire m\u00e9tiss\u00e9 blanchisseur uniformise le teint produit pour la peau\" \/>\n<meta property=\"og:url\" content=\"https:\/\/glowpremium.fr\/en\/lightening-product\/yellow-skin-lightening-range-4\/\" \/>\n<meta property=\"og:site_name\" content=\"Glow Premium\" \/>\n<meta property=\"article:modified_time\" content=\"2024-11-01T19:59:05+00:00\" \/>\n<meta property=\"og:image\" content=\"https:\/\/glowpremium.fr\/wp-content\/uploads\/2024\/10\/PHOTO-2024-05-19-21-14-09.jpg\" \/>\n\t<meta property=\"og:image:width\" content=\"1600\" \/>\n\t<meta property=\"og:image:height\" content=\"1411\" \/>\n\t<meta property=\"og:image:type\" content=\"image\/jpeg\" \/>\n<meta name=\"twitter:card\" content=\"summary_large_image\" \/>\n<meta name=\"twitter:label1\" content=\"Estimated reading time\" \/>\n\t<meta name=\"twitter:data1\" content=\"1 minute\" \/>\n<script type=\"application\/ld+json\" class=\"yoast-schema-graph\">{\"@context\":\"https:\/\/schema.org\",\"@graph\":[{\"@type\":\"WebPage\",\"@id\":\"https:\/\/glowpremium.fr\/produit-eclaircissant\/gamme-eclaircissant-peau-jaune-4\/\",\"url\":\"https:\/\/glowpremium.fr\/produit-eclaircissant\/gamme-eclaircissant-peau-jaune-4\/\",\"name\":\"Gamme \u00e9claircissant Peau Jaune - Glow Premium\",\"isPartOf\":{\"@id\":\"https:\/\/glowpremium.fr\/#website\"},\"primaryImageOfPage\":{\"@id\":\"https:\/\/glowpremium.fr\/produit-eclaircissant\/gamme-eclaircissant-peau-jaune-4\/#primaryimage\"},\"image\":{\"@id\":\"https:\/\/glowpremium.fr\/produit-eclaircissant\/gamme-eclaircissant-peau-jaune-4\/#primaryimage\"},\"thumbnailUrl\":\"https:\/\/glowpremium.fr\/wp-content\/uploads\/2024\/10\/PHOTO-2024-05-19-21-14-09.jpg\",\"datePublished\":\"2024-10-28T13:40:21+00:00\",\"dateModified\":\"2024-11-01T19:59:05+00:00\",\"description\":\"Gamme peau jaune. \u00e9claircissant cosm\u00e9tique beaut\u00e9 peau noire m\u00e9tiss\u00e9 blanchisseur uniformise le teint produit pour la peau\",\"breadcrumb\":{\"@id\":\"https:\/\/glowpremium.fr\/produit-eclaircissant\/gamme-eclaircissant-peau-jaune-4\/#breadcrumb\"},\"inLanguage\":\"en-GB\",\"potentialAction\":[{\"@type\":\"ReadAction\",\"target\":[\"https:\/\/glowpremium.fr\/produit-eclaircissant\/gamme-eclaircissant-peau-jaune-4\/\"]}]},{\"@type\":\"ImageObject\",\"inLanguage\":\"en-GB\",\"@id\":\"https:\/\/glowpremium.fr\/produit-eclaircissant\/gamme-eclaircissant-peau-jaune-4\/#primaryimage\",\"url\":\"https:\/\/glowpremium.fr\/wp-content\/uploads\/2024\/10\/PHOTO-2024-05-19-21-14-09.jpg\",\"contentUrl\":\"https:\/\/glowpremium.fr\/wp-content\/uploads\/2024\/10\/PHOTO-2024-05-19-21-14-09.jpg\",\"width\":1600,\"height\":1411},{\"@type\":\"BreadcrumbList\",\"@id\":\"https:\/\/glowpremium.fr\/produit-eclaircissant\/gamme-eclaircissant-peau-jaune-4\/#breadcrumb\",\"itemListElement\":[{\"@type\":\"ListItem\",\"position\":1,\"name\":\"Accueil\",\"item\":\"https:\/\/glowpremium.fr\/\"},{\"@type\":\"ListItem\",\"position\":2,\"name\":\"Boutique\",\"item\":\"https:\/\/glowpremium.fr\/boutique-produits-eclaircissants\/\"},{\"@type\":\"ListItem\",\"position\":3,\"name\":\"Gamme \u00e9claircissant Peau Jaune\"}]},{\"@type\":\"WebSite\",\"@id\":\"https:\/\/glowpremium.fr\/#website\",\"url\":\"https:\/\/glowpremium.fr\/\",\"name\":\"Glow Premium\",\"description\":\"\",\"publisher\":{\"@id\":\"https:\/\/glowpremium.fr\/#organization\"},\"potentialAction\":[{\"@type\":\"SearchAction\",\"target\":{\"@type\":\"EntryPoint\",\"urlTemplate\":\"https:\/\/glowpremium.fr\/?s={search_term_string}\"},\"query-input\":{\"@type\":\"PropertyValueSpecification\",\"valueRequired\":true,\"valueName\":\"search_term_string\"}}],\"inLanguage\":\"en-GB\"},{\"@type\":\"Organization\",\"@id\":\"https:\/\/glowpremium.fr\/#organization\",\"name\":\"Glow Premium\",\"url\":\"https:\/\/glowpremium.fr\/\",\"logo\":{\"@type\":\"ImageObject\",\"inLanguage\":\"en-GB\",\"@id\":\"https:\/\/glowpremium.fr\/#\/schema\/logo\/image\/\",\"url\":\"https:\/\/glowpremium.fr\/wp-content\/uploads\/2024\/10\/screenshot_20241029_034909_chrome.jpg\",\"contentUrl\":\"https:\/\/glowpremium.fr\/wp-content\/uploads\/2024\/10\/screenshot_20241029_034909_chrome.jpg\",\"width\":866,\"height\":937,\"caption\":\"Glow Premium\"},\"image\":{\"@id\":\"https:\/\/glowpremium.fr\/#\/schema\/logo\/image\/\"}}]}<\/script>\n<!-- \/ Yoast SEO plugin. -->","yoast_head_json":{"title":"Gamme \u00e9claircissant Peau Jaune - Glow Premium","description":"Gamme peau jaune. \u00e9claircissant cosm\u00e9tique beaut\u00e9 peau noire m\u00e9tiss\u00e9 blanchisseur uniformise le teint produit pour la peau","robots":{"index":"index","follow":"follow","max-snippet":"max-snippet:-1","max-image-preview":"max-image-preview:large","max-video-preview":"max-video-preview:-1"},"canonical":"https:\/\/glowpremium.fr\/en\/lightening-product\/yellow-skin-lightening-range-4\/","og_locale":"en_GB","og_type":"article","og_title":"Gamme \u00e9claircissant Peau Jaune - Glow Premium","og_description":"Gamme peau jaune. \u00e9claircissant cosm\u00e9tique beaut\u00e9 peau noire m\u00e9tiss\u00e9 blanchisseur uniformise le teint produit pour la peau","og_url":"https:\/\/glowpremium.fr\/en\/lightening-product\/yellow-skin-lightening-range-4\/","og_site_name":"Glow Premium","article_modified_time":"2024-11-01T19:59:05+00:00","og_image":[{"width":1600,"height":1411,"url":"https:\/\/glowpremium.fr\/wp-content\/uploads\/2024\/10\/PHOTO-2024-05-19-21-14-09.jpg","type":"image\/jpeg"}],"twitter_card":"summary_large_image","twitter_misc":{"Estimated reading time":"1 minute"},"schema":{"@context":"https:\/\/schema.org","@graph":[{"@type":"WebPage","@id":"https:\/\/glowpremium.fr\/produit-eclaircissant\/gamme-eclaircissant-peau-jaune-4\/","url":"https:\/\/glowpremium.fr\/produit-eclaircissant\/gamme-eclaircissant-peau-jaune-4\/","name":"Gamme \u00e9claircissant Peau Jaune - Glow Premium","isPartOf":{"@id":"https:\/\/glowpremium.fr\/#website"},"primaryImageOfPage":{"@id":"https:\/\/glowpremium.fr\/produit-eclaircissant\/gamme-eclaircissant-peau-jaune-4\/#primaryimage"},"image":{"@id":"https:\/\/glowpremium.fr\/produit-eclaircissant\/gamme-eclaircissant-peau-jaune-4\/#primaryimage"},"thumbnailUrl":"https:\/\/glowpremium.fr\/wp-content\/uploads\/2024\/10\/PHOTO-2024-05-19-21-14-09.jpg","datePublished":"2024-10-28T13:40:21+00:00","dateModified":"2024-11-01T19:59:05+00:00","description":"Gamme peau jaune. \u00e9claircissant cosm\u00e9tique beaut\u00e9 peau noire m\u00e9tiss\u00e9 blanchisseur uniformise le teint produit pour la peau","breadcrumb":{"@id":"https:\/\/glowpremium.fr\/produit-eclaircissant\/gamme-eclaircissant-peau-jaune-4\/#breadcrumb"},"inLanguage":"en-GB","potentialAction":[{"@type":"ReadAction","target":["https:\/\/glowpremium.fr\/produit-eclaircissant\/gamme-eclaircissant-peau-jaune-4\/"]}]},{"@type":"ImageObject","inLanguage":"en-GB","@id":"https:\/\/glowpremium.fr\/produit-eclaircissant\/gamme-eclaircissant-peau-jaune-4\/#primaryimage","url":"https:\/\/glowpremium.fr\/wp-content\/uploads\/2024\/10\/PHOTO-2024-05-19-21-14-09.jpg","contentUrl":"https:\/\/glowpremium.fr\/wp-content\/uploads\/2024\/10\/PHOTO-2024-05-19-21-14-09.jpg","width":1600,"height":1411},{"@type":"BreadcrumbList","@id":"https:\/\/glowpremium.fr\/produit-eclaircissant\/gamme-eclaircissant-peau-jaune-4\/#breadcrumb","itemListElement":[{"@type":"ListItem","position":1,"name":"Accueil","item":"https:\/\/glowpremium.fr\/"},{"@type":"ListItem","position":2,"name":"Boutique","item":"https:\/\/glowpremium.fr\/boutique-produits-eclaircissants\/"},{"@type":"ListItem","position":3,"name":"Gamme \u00e9claircissant Peau Jaune"}]},{"@type":"WebSite","@id":"https:\/\/glowpremium.fr\/#website","url":"https:\/\/glowpremium.fr\/","name":"Glow Premium","description":"","publisher":{"@id":"https:\/\/glowpremium.fr\/#organization"},"potentialAction":[{"@type":"SearchAction","target":{"@type":"EntryPoint","urlTemplate":"https:\/\/glowpremium.fr\/?s={search_term_string}"},"query-input":{"@type":"PropertyValueSpecification","valueRequired":true,"valueName":"search_term_string"}}],"inLanguage":"en-GB"},{"@type":"Organization","@id":"https:\/\/glowpremium.fr\/#organization","name":"Glow Premium","url":"https:\/\/glowpremium.fr\/","logo":{"@type":"ImageObject","inLanguage":"en-GB","@id":"https:\/\/glowpremium.fr\/#\/schema\/logo\/image\/","url":"https:\/\/glowpremium.fr\/wp-content\/uploads\/2024\/10\/screenshot_20241029_034909_chrome.jpg","contentUrl":"https:\/\/glowpremium.fr\/wp-content\/uploads\/2024\/10\/screenshot_20241029_034909_chrome.jpg","width":866,"height":937,"caption":"Glow Premium"},"image":{"@id":"https:\/\/glowpremium.fr\/#\/schema\/logo\/image\/"}}]}},"_links":{"self":[{"href":"https:\/\/glowpremium.fr\/en\/wp-json\/wp\/v2\/product\/6434","targetHints":{"allow":["GET"]}}],"collection":[{"href":"https:\/\/glowpremium.fr\/en\/wp-json\/wp\/v2\/product"}],"about":[{"href":"https:\/\/glowpremium.fr\/en\/wp-json\/wp\/v2\/types\/product"}],"replies":[{"embeddable":true,"href":"https:\/\/glowpremium.fr\/en\/wp-json\/wp\/v2\/comments?post=6434"}],"version-history":[{"count":1,"href":"https:\/\/glowpremium.fr\/en\/wp-json\/wp\/v2\/product\/6434\/revisions"}],"predecessor-version":[{"id":7199,"href":"https:\/\/glowpremium.fr\/en\/wp-json\/wp\/v2\/product\/6434\/revisions\/7199"}],"wp:featuredmedia":[{"embeddable":true,"href":"https:\/\/glowpremium.fr\/en\/wp-json\/wp\/v2\/media\/6433"}],"wp:attachment":[{"href":"https:\/\/glowpremium.fr\/en\/wp-json\/wp\/v2\/media?parent=6434"}],"wp:term":[{"taxonomy":"brand","embeddable":true,"href":"https:\/\/glowpremium.fr\/en\/wp-json\/wp\/v2\/etheme_brands?post=6434"},{"taxonomy":"product_brand","embeddable":true,"href":"https:\/\/glowpremium.fr\/en\/wp-json\/wp\/v2\/product_brand?post=6434"},{"taxonomy":"product_cat","embeddable":true,"href":"https:\/\/glowpremium.fr\/en\/wp-json\/wp\/v2\/product_cat?post=6434"},{"taxonomy":"product_tag","embeddable":true,"href":"https:\/\/glowpremium.fr\/en\/wp-json\/wp\/v2\/product_tag?post=6434"}],"curies":[{"name":"wp","href":"https:\/\/api.w.org\/{rel}","templated":true}]}}