{"id":6430,"date":"2024-10-28T14:40:19","date_gmt":"2024-10-28T13:40:19","guid":{"rendered":"https:\/\/glowpremium.fr\/produit-eclaircissant\/kit-eclaircissant-kojic-acid-5-pieces-2\/"},"modified":"2024-11-20T13:01:51","modified_gmt":"2024-11-20T12:01:51","slug":"kit-eclaircissant-kojic-acid-5-pieces-2","status":"publish","type":"product","link":"https:\/\/glowpremium.fr\/en\/lightening-product\/kojic-acid-5-piece-lightening-kit-2\/","title":{"rendered":"Kojic Super Lightening Concentrate Fresh Skin Spotless"},"content":{"rendered":"<div data-elementor-type=\"product-post\" data-elementor-id=\"6430\" class=\"elementor elementor-6430\" data-elementor-post-type=\"product\">\n\t\t\t\t\t\t<section class=\"elementor-section elementor-top-section elementor-element elementor-element-6aa5c32d elementor-section-boxed elementor-section-height-default elementor-section-height-default\" data-id=\"6aa5c32d\" data-element_type=\"section\">\n\t\t\t\t\t\t<div class=\"elementor-container elementor-column-gap-default\">\n\t\t\t\t\t<div class=\"elementor-column elementor-col-100 elementor-top-column elementor-element elementor-element-2607fb3d\" data-id=\"2607fb3d\" data-element_type=\"column\">\n\t\t\t<div class=\"elementor-widget-wrap elementor-element-populated\">\n\t\t\t\t\t\t<div class=\"elementor-element elementor-element-e34760d elementor-widget elementor-widget-text-editor\" data-id=\"e34760d\" data-element_type=\"widget\" data-widget_type=\"text-editor.default\">\n\t\t\t\t<div class=\"elementor-widget-container\">\n\t\t\t\t\t\t\t\t\t<p><strong>How to use :<p>Use morning and evening, mixing into cream or cleansing milk for best results.<p><strong>Recommendation:<p>Keep out of reach of children. Avoid contact with eyes. In case of contact, rinse with plenty of water.<p><strong>Composition:<p>Kojic , AHA, essential oil, vitamins A B C.\t\t\t\t\t\t\t\t<\/div>\n\t\t\t\t<\/div>\n\t\t\t\t\t<\/div>\n\t\t<\/div>\n\t\t\t\t\t<\/div>\n\t\t<\/section>\n\t\t\t\t<\/div>","protected":false},"excerpt":{"rendered":"<p>Kojic Fresh White Concentrate naturally whitens with proven action for a spotless complexion that corrects imperfections and eliminates pimples, dark circles, prevents their reappearance, removes whiteheads, skin is smoothed in a single step, without spots or wrinkles .100ML<\/p>","protected":false},"featured_media":7741,"comment_status":"closed","ping_status":"closed","template":"","meta":[],"etheme_brands":[],"product_brand":[],"product_cat":[92,93],"product_tag":[],"class_list":{"0":"post-6430","1":"product","2":"type-product","3":"status-publish","4":"has-post-thumbnail","6":"product_cat-clarifiants-blanchissants","7":"product_cat-concentres-eclaircissants-clarifiants-blanchissants","9":"first","10":"instock","11":"shipping-taxable","12":"purchasable","13":"product-type-simple"},"yoast_head":"<!-- This site is optimized with the Yoast SEO plugin v26.7 - https:\/\/yoast.com\/wordpress\/plugins\/seo\/ -->\n<title>Concentr\u00e9 Super \u00e9claircissant Kojic Peau Fresh Sans T\u00e2che - Glow Premium<\/title>\n<meta name=\"robots\" content=\"index, follow, max-snippet:-1, max-image-preview:large, max-video-preview:-1\" \/>\n<link rel=\"canonical\" href=\"https:\/\/glowpremium.fr\/en\/lightening-product\/kojic-acid-5-piece-lightening-kit-2\/\" \/>\n<meta property=\"og:locale\" content=\"en_GB\" \/>\n<meta property=\"og:type\" content=\"article\" \/>\n<meta property=\"og:title\" content=\"Concentr\u00e9 Super \u00e9claircissant Kojic Peau Fresh Sans T\u00e2che - Glow Premium\" \/>\n<meta property=\"og:description\" content=\"Le Concentr\u00e9 \u00a0kojic fresh white blanchit naturellement \u00e0 l&#039;action \u00a0prouv\u00e9e pour un teint nettoy\u00e9 sans t\u00e2ches qui corrige les imperfections et \u00e9limine boutons, les cernes, pr\u00e9vient leur r\u00e9apparition, \u00a0supprime les points blancs, \u00a0la peau est lisser en un seul geste, sans t\u00e2ches ni rides .100ML\" \/>\n<meta property=\"og:url\" content=\"https:\/\/glowpremium.fr\/en\/lightening-product\/kojic-acid-5-piece-lightening-kit-2\/\" \/>\n<meta property=\"og:site_name\" content=\"Glow Premium\" \/>\n<meta property=\"article:modified_time\" content=\"2024-11-20T12:01:51+00:00\" \/>\n<meta property=\"og:image\" content=\"https:\/\/glowpremium.fr\/wp-content\/uploads\/2024\/11\/43b34750-9bcf-483b-91e0-53f43e4c77e6-2.jpg\" \/>\n\t<meta property=\"og:image:width\" content=\"1600\" \/>\n\t<meta property=\"og:image:height\" content=\"1432\" \/>\n\t<meta property=\"og:image:type\" content=\"image\/jpeg\" \/>\n<meta name=\"twitter:card\" content=\"summary_large_image\" \/>\n<script type=\"application\/ld+json\" class=\"yoast-schema-graph\">{\"@context\":\"https:\/\/schema.org\",\"@graph\":[{\"@type\":\"WebPage\",\"@id\":\"https:\/\/glowpremium.fr\/produit-eclaircissant\/kit-eclaircissant-kojic-acid-5-pieces-2\/\",\"url\":\"https:\/\/glowpremium.fr\/produit-eclaircissant\/kit-eclaircissant-kojic-acid-5-pieces-2\/\",\"name\":\"Concentr\u00e9 Super \u00e9claircissant Kojic Peau Fresh Sans T\u00e2che - Glow Premium\",\"isPartOf\":{\"@id\":\"https:\/\/glowpremium.fr\/#website\"},\"primaryImageOfPage\":{\"@id\":\"https:\/\/glowpremium.fr\/produit-eclaircissant\/kit-eclaircissant-kojic-acid-5-pieces-2\/#primaryimage\"},\"image\":{\"@id\":\"https:\/\/glowpremium.fr\/produit-eclaircissant\/kit-eclaircissant-kojic-acid-5-pieces-2\/#primaryimage\"},\"thumbnailUrl\":\"https:\/\/glowpremium.fr\/wp-content\/uploads\/2024\/11\/43b34750-9bcf-483b-91e0-53f43e4c77e6-2.jpg\",\"datePublished\":\"2024-10-28T13:40:19+00:00\",\"dateModified\":\"2024-11-20T12:01:51+00:00\",\"breadcrumb\":{\"@id\":\"https:\/\/glowpremium.fr\/produit-eclaircissant\/kit-eclaircissant-kojic-acid-5-pieces-2\/#breadcrumb\"},\"inLanguage\":\"en-GB\",\"potentialAction\":[{\"@type\":\"ReadAction\",\"target\":[\"https:\/\/glowpremium.fr\/produit-eclaircissant\/kit-eclaircissant-kojic-acid-5-pieces-2\/\"]}]},{\"@type\":\"ImageObject\",\"inLanguage\":\"en-GB\",\"@id\":\"https:\/\/glowpremium.fr\/produit-eclaircissant\/kit-eclaircissant-kojic-acid-5-pieces-2\/#primaryimage\",\"url\":\"https:\/\/glowpremium.fr\/wp-content\/uploads\/2024\/11\/43b34750-9bcf-483b-91e0-53f43e4c77e6-2.jpg\",\"contentUrl\":\"https:\/\/glowpremium.fr\/wp-content\/uploads\/2024\/11\/43b34750-9bcf-483b-91e0-53f43e4c77e6-2.jpg\",\"width\":1600,\"height\":1432},{\"@type\":\"BreadcrumbList\",\"@id\":\"https:\/\/glowpremium.fr\/produit-eclaircissant\/kit-eclaircissant-kojic-acid-5-pieces-2\/#breadcrumb\",\"itemListElement\":[{\"@type\":\"ListItem\",\"position\":1,\"name\":\"Accueil\",\"item\":\"https:\/\/glowpremium.fr\/\"},{\"@type\":\"ListItem\",\"position\":2,\"name\":\"Boutique\",\"item\":\"https:\/\/glowpremium.fr\/boutique-produits-eclaircissants\/\"},{\"@type\":\"ListItem\",\"position\":3,\"name\":\"Concentr\u00e9 Super \u00e9claircissant Kojic Peau Fresh Sans T\u00e2che\"}]},{\"@type\":\"WebSite\",\"@id\":\"https:\/\/glowpremium.fr\/#website\",\"url\":\"https:\/\/glowpremium.fr\/\",\"name\":\"Glow Premium\",\"description\":\"\",\"publisher\":{\"@id\":\"https:\/\/glowpremium.fr\/#organization\"},\"potentialAction\":[{\"@type\":\"SearchAction\",\"target\":{\"@type\":\"EntryPoint\",\"urlTemplate\":\"https:\/\/glowpremium.fr\/?s={search_term_string}\"},\"query-input\":{\"@type\":\"PropertyValueSpecification\",\"valueRequired\":true,\"valueName\":\"search_term_string\"}}],\"inLanguage\":\"en-GB\"},{\"@type\":\"Organization\",\"@id\":\"https:\/\/glowpremium.fr\/#organization\",\"name\":\"Glow Premium\",\"url\":\"https:\/\/glowpremium.fr\/\",\"logo\":{\"@type\":\"ImageObject\",\"inLanguage\":\"en-GB\",\"@id\":\"https:\/\/glowpremium.fr\/#\/schema\/logo\/image\/\",\"url\":\"https:\/\/glowpremium.fr\/wp-content\/uploads\/2024\/10\/screenshot_20241029_034909_chrome.jpg\",\"contentUrl\":\"https:\/\/glowpremium.fr\/wp-content\/uploads\/2024\/10\/screenshot_20241029_034909_chrome.jpg\",\"width\":866,\"height\":937,\"caption\":\"Glow Premium\"},\"image\":{\"@id\":\"https:\/\/glowpremium.fr\/#\/schema\/logo\/image\/\"}}]}<\/script>\n<!-- \/ Yoast SEO plugin. -->","yoast_head_json":{"title":"Concentr\u00e9 Super \u00e9claircissant Kojic Peau Fresh Sans T\u00e2che - Glow Premium","robots":{"index":"index","follow":"follow","max-snippet":"max-snippet:-1","max-image-preview":"max-image-preview:large","max-video-preview":"max-video-preview:-1"},"canonical":"https:\/\/glowpremium.fr\/en\/lightening-product\/kojic-acid-5-piece-lightening-kit-2\/","og_locale":"en_GB","og_type":"article","og_title":"Concentr\u00e9 Super \u00e9claircissant Kojic Peau Fresh Sans T\u00e2che - Glow Premium","og_description":"Le Concentr\u00e9 \u00a0kojic fresh white blanchit naturellement \u00e0 l'action \u00a0prouv\u00e9e pour un teint nettoy\u00e9 sans t\u00e2ches qui corrige les imperfections et \u00e9limine boutons, les cernes, pr\u00e9vient leur r\u00e9apparition, \u00a0supprime les points blancs, \u00a0la peau est lisser en un seul geste, sans t\u00e2ches ni rides .100ML","og_url":"https:\/\/glowpremium.fr\/en\/lightening-product\/kojic-acid-5-piece-lightening-kit-2\/","og_site_name":"Glow Premium","article_modified_time":"2024-11-20T12:01:51+00:00","og_image":[{"width":1600,"height":1432,"url":"https:\/\/glowpremium.fr\/wp-content\/uploads\/2024\/11\/43b34750-9bcf-483b-91e0-53f43e4c77e6-2.jpg","type":"image\/jpeg"}],"twitter_card":"summary_large_image","schema":{"@context":"https:\/\/schema.org","@graph":[{"@type":"WebPage","@id":"https:\/\/glowpremium.fr\/produit-eclaircissant\/kit-eclaircissant-kojic-acid-5-pieces-2\/","url":"https:\/\/glowpremium.fr\/produit-eclaircissant\/kit-eclaircissant-kojic-acid-5-pieces-2\/","name":"Concentr\u00e9 Super \u00e9claircissant Kojic Peau Fresh Sans T\u00e2che - Glow Premium","isPartOf":{"@id":"https:\/\/glowpremium.fr\/#website"},"primaryImageOfPage":{"@id":"https:\/\/glowpremium.fr\/produit-eclaircissant\/kit-eclaircissant-kojic-acid-5-pieces-2\/#primaryimage"},"image":{"@id":"https:\/\/glowpremium.fr\/produit-eclaircissant\/kit-eclaircissant-kojic-acid-5-pieces-2\/#primaryimage"},"thumbnailUrl":"https:\/\/glowpremium.fr\/wp-content\/uploads\/2024\/11\/43b34750-9bcf-483b-91e0-53f43e4c77e6-2.jpg","datePublished":"2024-10-28T13:40:19+00:00","dateModified":"2024-11-20T12:01:51+00:00","breadcrumb":{"@id":"https:\/\/glowpremium.fr\/produit-eclaircissant\/kit-eclaircissant-kojic-acid-5-pieces-2\/#breadcrumb"},"inLanguage":"en-GB","potentialAction":[{"@type":"ReadAction","target":["https:\/\/glowpremium.fr\/produit-eclaircissant\/kit-eclaircissant-kojic-acid-5-pieces-2\/"]}]},{"@type":"ImageObject","inLanguage":"en-GB","@id":"https:\/\/glowpremium.fr\/produit-eclaircissant\/kit-eclaircissant-kojic-acid-5-pieces-2\/#primaryimage","url":"https:\/\/glowpremium.fr\/wp-content\/uploads\/2024\/11\/43b34750-9bcf-483b-91e0-53f43e4c77e6-2.jpg","contentUrl":"https:\/\/glowpremium.fr\/wp-content\/uploads\/2024\/11\/43b34750-9bcf-483b-91e0-53f43e4c77e6-2.jpg","width":1600,"height":1432},{"@type":"BreadcrumbList","@id":"https:\/\/glowpremium.fr\/produit-eclaircissant\/kit-eclaircissant-kojic-acid-5-pieces-2\/#breadcrumb","itemListElement":[{"@type":"ListItem","position":1,"name":"Accueil","item":"https:\/\/glowpremium.fr\/"},{"@type":"ListItem","position":2,"name":"Boutique","item":"https:\/\/glowpremium.fr\/boutique-produits-eclaircissants\/"},{"@type":"ListItem","position":3,"name":"Concentr\u00e9 Super \u00e9claircissant Kojic Peau Fresh Sans T\u00e2che"}]},{"@type":"WebSite","@id":"https:\/\/glowpremium.fr\/#website","url":"https:\/\/glowpremium.fr\/","name":"Glow Premium","description":"","publisher":{"@id":"https:\/\/glowpremium.fr\/#organization"},"potentialAction":[{"@type":"SearchAction","target":{"@type":"EntryPoint","urlTemplate":"https:\/\/glowpremium.fr\/?s={search_term_string}"},"query-input":{"@type":"PropertyValueSpecification","valueRequired":true,"valueName":"search_term_string"}}],"inLanguage":"en-GB"},{"@type":"Organization","@id":"https:\/\/glowpremium.fr\/#organization","name":"Glow Premium","url":"https:\/\/glowpremium.fr\/","logo":{"@type":"ImageObject","inLanguage":"en-GB","@id":"https:\/\/glowpremium.fr\/#\/schema\/logo\/image\/","url":"https:\/\/glowpremium.fr\/wp-content\/uploads\/2024\/10\/screenshot_20241029_034909_chrome.jpg","contentUrl":"https:\/\/glowpremium.fr\/wp-content\/uploads\/2024\/10\/screenshot_20241029_034909_chrome.jpg","width":866,"height":937,"caption":"Glow Premium"},"image":{"@id":"https:\/\/glowpremium.fr\/#\/schema\/logo\/image\/"}}]}},"_links":{"self":[{"href":"https:\/\/glowpremium.fr\/en\/wp-json\/wp\/v2\/product\/6430","targetHints":{"allow":["GET"]}}],"collection":[{"href":"https:\/\/glowpremium.fr\/en\/wp-json\/wp\/v2\/product"}],"about":[{"href":"https:\/\/glowpremium.fr\/en\/wp-json\/wp\/v2\/types\/product"}],"replies":[{"embeddable":true,"href":"https:\/\/glowpremium.fr\/en\/wp-json\/wp\/v2\/comments?post=6430"}],"version-history":[{"count":2,"href":"https:\/\/glowpremium.fr\/en\/wp-json\/wp\/v2\/product\/6430\/revisions"}],"predecessor-version":[{"id":7742,"href":"https:\/\/glowpremium.fr\/en\/wp-json\/wp\/v2\/product\/6430\/revisions\/7742"}],"wp:featuredmedia":[{"embeddable":true,"href":"https:\/\/glowpremium.fr\/en\/wp-json\/wp\/v2\/media\/7741"}],"wp:attachment":[{"href":"https:\/\/glowpremium.fr\/en\/wp-json\/wp\/v2\/media?parent=6430"}],"wp:term":[{"taxonomy":"brand","embeddable":true,"href":"https:\/\/glowpremium.fr\/en\/wp-json\/wp\/v2\/etheme_brands?post=6430"},{"taxonomy":"product_brand","embeddable":true,"href":"https:\/\/glowpremium.fr\/en\/wp-json\/wp\/v2\/product_brand?post=6430"},{"taxonomy":"product_cat","embeddable":true,"href":"https:\/\/glowpremium.fr\/en\/wp-json\/wp\/v2\/product_cat?post=6430"},{"taxonomy":"product_tag","embeddable":true,"href":"https:\/\/glowpremium.fr\/en\/wp-json\/wp\/v2\/product_tag?post=6430"}],"curies":[{"name":"wp","href":"https:\/\/api.w.org\/{rel}","templated":true}]}}