{"id":6421,"date":"2024-10-28T14:40:16","date_gmt":"2024-10-28T13:40:16","guid":{"rendered":"https:\/\/glowpremium.fr\/produit-eclaircissant\/lait-et-sel-exfoliant-eclaircissant-hydratant-glutathione-fresh-skinlab-2\/"},"modified":"2024-11-02T17:46:30","modified_gmt":"2024-11-02T16:46:30","slug":"lait-et-sel-exfoliant-eclaircissant-hydratant-glutathione-fresh-skinlab-2","status":"publish","type":"product","link":"https:\/\/glowpremium.fr\/en\/lightening-product\/milk-and-salt-exfoliating-brightening-moisturising-glutathione-fresh-skinlab-2\/","title":{"rendered":"Lait Et Sel Exfoliant \u00e9claircissant Hydratant Glutathione"},"content":{"rendered":"<p><strong>How to use :\u00a0<\/strong><\/p>\n<p>Massage into the skin as often as necessary, especially after bathing.<\/p>\n<p><strong>Recommendation:<\/strong><\/p>\n<p>Keep out of reach of children. Avoid contact with eyes. In case of contact, rinse with plenty of water.<\/p>\n<p><strong>Composition:<\/strong><\/p>\n<p>Aqua, Glycerin, Cetearyl Alcohol, Cetyl Esters, Ceteareth 20, C12-15<\/p>","protected":false},"excerpt":{"rendered":"<p>This 500ml lotion and salt body scrub is full of highly effective milk protein extract to whiten and nourish bioactive easily absorbed that conditions and brightens your skin. It's glutathione that helps lighten brown spots and slow down pigmentation. It deep cleans and removes spots and scars ;<\/p>\n<p>Your skin regains its natural youthful radiance and freshness without imperfections<\/p>\n<p>milk combined with glutathione gives a clear, spotless glow.<\/p>","protected":false},"featured_media":6420,"comment_status":"closed","ping_status":"closed","template":"","meta":[],"etheme_brands":[],"product_brand":[],"product_cat":[80,82],"product_tag":[],"class_list":{"0":"post-6421","1":"product","2":"type-product","3":"status-publish","4":"has-post-thumbnail","6":"product_cat-blanchissants-et-eclaircissants","7":"product_cat-gammes-eclaircissantes","9":"first","10":"instock","11":"shipping-taxable","12":"purchasable","13":"product-type-simple"},"yoast_head":"<!-- This site is optimized with the Yoast SEO plugin v26.7 - https:\/\/yoast.com\/wordpress\/plugins\/seo\/ -->\n<title>Lait Et Sel Exfoliant \u00e9claircissant Hydratant Glutathione - Glow Premium<\/title>\n<meta name=\"description\" content=\"lait et sel au glutathion \u00e9claircissant produit cosm\u00e9tique pour peau noire et m\u00e9tisse blanchissant anti-t\u00e2ches uniformise\" \/>\n<meta name=\"robots\" content=\"index, follow, max-snippet:-1, max-image-preview:large, max-video-preview:-1\" \/>\n<link rel=\"canonical\" href=\"https:\/\/glowpremium.fr\/en\/lightening-product\/milk-and-salt-exfoliating-brightening-moisturising-glutathione-fresh-skinlab-2\/\" \/>\n<meta property=\"og:locale\" content=\"en_GB\" \/>\n<meta property=\"og:type\" content=\"article\" \/>\n<meta property=\"og:title\" content=\"Lait Et Sel Exfoliant \u00e9claircissant Hydratant Glutathione - Glow Premium\" \/>\n<meta property=\"og:description\" content=\"lait et sel au glutathion \u00e9claircissant produit cosm\u00e9tique pour peau noire et m\u00e9tisse blanchissant anti-t\u00e2ches uniformise\" \/>\n<meta property=\"og:url\" content=\"https:\/\/glowpremium.fr\/en\/lightening-product\/milk-and-salt-exfoliating-brightening-moisturising-glutathione-fresh-skinlab-2\/\" \/>\n<meta property=\"og:site_name\" content=\"Glow Premium\" \/>\n<meta property=\"article:modified_time\" content=\"2024-11-02T16:46:30+00:00\" \/>\n<meta property=\"og:image\" content=\"https:\/\/glowpremium.fr\/wp-content\/uploads\/2024\/10\/ca5689a9-a646-4ab2-ae01-88d6cbfc3f82.jpg\" \/>\n\t<meta property=\"og:image:width\" content=\"2000\" \/>\n\t<meta property=\"og:image:height\" content=\"1749\" \/>\n\t<meta property=\"og:image:type\" content=\"image\/jpeg\" \/>\n<meta name=\"twitter:card\" content=\"summary_large_image\" \/>\n<meta name=\"twitter:label1\" content=\"Estimated reading time\" \/>\n\t<meta name=\"twitter:data1\" content=\"1 minute\" \/>\n<script type=\"application\/ld+json\" class=\"yoast-schema-graph\">{\"@context\":\"https:\/\/schema.org\",\"@graph\":[{\"@type\":\"WebPage\",\"@id\":\"https:\/\/glowpremium.fr\/produit-eclaircissant\/lait-et-sel-exfoliant-eclaircissant-hydratant-glutathione-fresh-skinlab-2\/\",\"url\":\"https:\/\/glowpremium.fr\/produit-eclaircissant\/lait-et-sel-exfoliant-eclaircissant-hydratant-glutathione-fresh-skinlab-2\/\",\"name\":\"Lait Et Sel Exfoliant \u00e9claircissant Hydratant Glutathione - Glow Premium\",\"isPartOf\":{\"@id\":\"https:\/\/glowpremium.fr\/#website\"},\"primaryImageOfPage\":{\"@id\":\"https:\/\/glowpremium.fr\/produit-eclaircissant\/lait-et-sel-exfoliant-eclaircissant-hydratant-glutathione-fresh-skinlab-2\/#primaryimage\"},\"image\":{\"@id\":\"https:\/\/glowpremium.fr\/produit-eclaircissant\/lait-et-sel-exfoliant-eclaircissant-hydratant-glutathione-fresh-skinlab-2\/#primaryimage\"},\"thumbnailUrl\":\"https:\/\/glowpremium.fr\/wp-content\/uploads\/2024\/10\/ca5689a9-a646-4ab2-ae01-88d6cbfc3f82.jpg\",\"datePublished\":\"2024-10-28T13:40:16+00:00\",\"dateModified\":\"2024-11-02T16:46:30+00:00\",\"description\":\"lait et sel au glutathion \u00e9claircissant produit cosm\u00e9tique pour peau noire et m\u00e9tisse blanchissant anti-t\u00e2ches uniformise\",\"breadcrumb\":{\"@id\":\"https:\/\/glowpremium.fr\/produit-eclaircissant\/lait-et-sel-exfoliant-eclaircissant-hydratant-glutathione-fresh-skinlab-2\/#breadcrumb\"},\"inLanguage\":\"en-GB\",\"potentialAction\":[{\"@type\":\"ReadAction\",\"target\":[\"https:\/\/glowpremium.fr\/produit-eclaircissant\/lait-et-sel-exfoliant-eclaircissant-hydratant-glutathione-fresh-skinlab-2\/\"]}]},{\"@type\":\"ImageObject\",\"inLanguage\":\"en-GB\",\"@id\":\"https:\/\/glowpremium.fr\/produit-eclaircissant\/lait-et-sel-exfoliant-eclaircissant-hydratant-glutathione-fresh-skinlab-2\/#primaryimage\",\"url\":\"https:\/\/glowpremium.fr\/wp-content\/uploads\/2024\/10\/ca5689a9-a646-4ab2-ae01-88d6cbfc3f82.jpg\",\"contentUrl\":\"https:\/\/glowpremium.fr\/wp-content\/uploads\/2024\/10\/ca5689a9-a646-4ab2-ae01-88d6cbfc3f82.jpg\",\"width\":2000,\"height\":1749},{\"@type\":\"BreadcrumbList\",\"@id\":\"https:\/\/glowpremium.fr\/produit-eclaircissant\/lait-et-sel-exfoliant-eclaircissant-hydratant-glutathione-fresh-skinlab-2\/#breadcrumb\",\"itemListElement\":[{\"@type\":\"ListItem\",\"position\":1,\"name\":\"Accueil\",\"item\":\"https:\/\/glowpremium.fr\/\"},{\"@type\":\"ListItem\",\"position\":2,\"name\":\"Boutique\",\"item\":\"https:\/\/glowpremium.fr\/boutique-produits-eclaircissants\/\"},{\"@type\":\"ListItem\",\"position\":3,\"name\":\"Lait Et Sel Exfoliant \u00e9claircissant Hydratant Glutathione\"}]},{\"@type\":\"WebSite\",\"@id\":\"https:\/\/glowpremium.fr\/#website\",\"url\":\"https:\/\/glowpremium.fr\/\",\"name\":\"Glow Premium\",\"description\":\"\",\"publisher\":{\"@id\":\"https:\/\/glowpremium.fr\/#organization\"},\"potentialAction\":[{\"@type\":\"SearchAction\",\"target\":{\"@type\":\"EntryPoint\",\"urlTemplate\":\"https:\/\/glowpremium.fr\/?s={search_term_string}\"},\"query-input\":{\"@type\":\"PropertyValueSpecification\",\"valueRequired\":true,\"valueName\":\"search_term_string\"}}],\"inLanguage\":\"en-GB\"},{\"@type\":\"Organization\",\"@id\":\"https:\/\/glowpremium.fr\/#organization\",\"name\":\"Glow Premium\",\"url\":\"https:\/\/glowpremium.fr\/\",\"logo\":{\"@type\":\"ImageObject\",\"inLanguage\":\"en-GB\",\"@id\":\"https:\/\/glowpremium.fr\/#\/schema\/logo\/image\/\",\"url\":\"https:\/\/glowpremium.fr\/wp-content\/uploads\/2024\/10\/screenshot_20241029_034909_chrome.jpg\",\"contentUrl\":\"https:\/\/glowpremium.fr\/wp-content\/uploads\/2024\/10\/screenshot_20241029_034909_chrome.jpg\",\"width\":866,\"height\":937,\"caption\":\"Glow Premium\"},\"image\":{\"@id\":\"https:\/\/glowpremium.fr\/#\/schema\/logo\/image\/\"}}]}<\/script>\n<!-- \/ Yoast SEO plugin. -->","yoast_head_json":{"title":"Lait Et Sel Exfoliant \u00e9claircissant Hydratant Glutathione - Glow Premium","description":"lait et sel au glutathion \u00e9claircissant produit cosm\u00e9tique pour peau noire et m\u00e9tisse blanchissant anti-t\u00e2ches uniformise","robots":{"index":"index","follow":"follow","max-snippet":"max-snippet:-1","max-image-preview":"max-image-preview:large","max-video-preview":"max-video-preview:-1"},"canonical":"https:\/\/glowpremium.fr\/en\/lightening-product\/milk-and-salt-exfoliating-brightening-moisturising-glutathione-fresh-skinlab-2\/","og_locale":"en_GB","og_type":"article","og_title":"Lait Et Sel Exfoliant \u00e9claircissant Hydratant Glutathione - Glow Premium","og_description":"lait et sel au glutathion \u00e9claircissant produit cosm\u00e9tique pour peau noire et m\u00e9tisse blanchissant anti-t\u00e2ches uniformise","og_url":"https:\/\/glowpremium.fr\/en\/lightening-product\/milk-and-salt-exfoliating-brightening-moisturising-glutathione-fresh-skinlab-2\/","og_site_name":"Glow Premium","article_modified_time":"2024-11-02T16:46:30+00:00","og_image":[{"width":2000,"height":1749,"url":"https:\/\/glowpremium.fr\/wp-content\/uploads\/2024\/10\/ca5689a9-a646-4ab2-ae01-88d6cbfc3f82.jpg","type":"image\/jpeg"}],"twitter_card":"summary_large_image","twitter_misc":{"Estimated reading time":"1 minute"},"schema":{"@context":"https:\/\/schema.org","@graph":[{"@type":"WebPage","@id":"https:\/\/glowpremium.fr\/produit-eclaircissant\/lait-et-sel-exfoliant-eclaircissant-hydratant-glutathione-fresh-skinlab-2\/","url":"https:\/\/glowpremium.fr\/produit-eclaircissant\/lait-et-sel-exfoliant-eclaircissant-hydratant-glutathione-fresh-skinlab-2\/","name":"Lait Et Sel Exfoliant \u00e9claircissant Hydratant Glutathione - Glow Premium","isPartOf":{"@id":"https:\/\/glowpremium.fr\/#website"},"primaryImageOfPage":{"@id":"https:\/\/glowpremium.fr\/produit-eclaircissant\/lait-et-sel-exfoliant-eclaircissant-hydratant-glutathione-fresh-skinlab-2\/#primaryimage"},"image":{"@id":"https:\/\/glowpremium.fr\/produit-eclaircissant\/lait-et-sel-exfoliant-eclaircissant-hydratant-glutathione-fresh-skinlab-2\/#primaryimage"},"thumbnailUrl":"https:\/\/glowpremium.fr\/wp-content\/uploads\/2024\/10\/ca5689a9-a646-4ab2-ae01-88d6cbfc3f82.jpg","datePublished":"2024-10-28T13:40:16+00:00","dateModified":"2024-11-02T16:46:30+00:00","description":"lait et sel au glutathion \u00e9claircissant produit cosm\u00e9tique pour peau noire et m\u00e9tisse blanchissant anti-t\u00e2ches uniformise","breadcrumb":{"@id":"https:\/\/glowpremium.fr\/produit-eclaircissant\/lait-et-sel-exfoliant-eclaircissant-hydratant-glutathione-fresh-skinlab-2\/#breadcrumb"},"inLanguage":"en-GB","potentialAction":[{"@type":"ReadAction","target":["https:\/\/glowpremium.fr\/produit-eclaircissant\/lait-et-sel-exfoliant-eclaircissant-hydratant-glutathione-fresh-skinlab-2\/"]}]},{"@type":"ImageObject","inLanguage":"en-GB","@id":"https:\/\/glowpremium.fr\/produit-eclaircissant\/lait-et-sel-exfoliant-eclaircissant-hydratant-glutathione-fresh-skinlab-2\/#primaryimage","url":"https:\/\/glowpremium.fr\/wp-content\/uploads\/2024\/10\/ca5689a9-a646-4ab2-ae01-88d6cbfc3f82.jpg","contentUrl":"https:\/\/glowpremium.fr\/wp-content\/uploads\/2024\/10\/ca5689a9-a646-4ab2-ae01-88d6cbfc3f82.jpg","width":2000,"height":1749},{"@type":"BreadcrumbList","@id":"https:\/\/glowpremium.fr\/produit-eclaircissant\/lait-et-sel-exfoliant-eclaircissant-hydratant-glutathione-fresh-skinlab-2\/#breadcrumb","itemListElement":[{"@type":"ListItem","position":1,"name":"Accueil","item":"https:\/\/glowpremium.fr\/"},{"@type":"ListItem","position":2,"name":"Boutique","item":"https:\/\/glowpremium.fr\/boutique-produits-eclaircissants\/"},{"@type":"ListItem","position":3,"name":"Lait Et Sel Exfoliant \u00e9claircissant Hydratant Glutathione"}]},{"@type":"WebSite","@id":"https:\/\/glowpremium.fr\/#website","url":"https:\/\/glowpremium.fr\/","name":"Glow Premium","description":"","publisher":{"@id":"https:\/\/glowpremium.fr\/#organization"},"potentialAction":[{"@type":"SearchAction","target":{"@type":"EntryPoint","urlTemplate":"https:\/\/glowpremium.fr\/?s={search_term_string}"},"query-input":{"@type":"PropertyValueSpecification","valueRequired":true,"valueName":"search_term_string"}}],"inLanguage":"en-GB"},{"@type":"Organization","@id":"https:\/\/glowpremium.fr\/#organization","name":"Glow Premium","url":"https:\/\/glowpremium.fr\/","logo":{"@type":"ImageObject","inLanguage":"en-GB","@id":"https:\/\/glowpremium.fr\/#\/schema\/logo\/image\/","url":"https:\/\/glowpremium.fr\/wp-content\/uploads\/2024\/10\/screenshot_20241029_034909_chrome.jpg","contentUrl":"https:\/\/glowpremium.fr\/wp-content\/uploads\/2024\/10\/screenshot_20241029_034909_chrome.jpg","width":866,"height":937,"caption":"Glow Premium"},"image":{"@id":"https:\/\/glowpremium.fr\/#\/schema\/logo\/image\/"}}]}},"_links":{"self":[{"href":"https:\/\/glowpremium.fr\/en\/wp-json\/wp\/v2\/product\/6421","targetHints":{"allow":["GET"]}}],"collection":[{"href":"https:\/\/glowpremium.fr\/en\/wp-json\/wp\/v2\/product"}],"about":[{"href":"https:\/\/glowpremium.fr\/en\/wp-json\/wp\/v2\/types\/product"}],"replies":[{"embeddable":true,"href":"https:\/\/glowpremium.fr\/en\/wp-json\/wp\/v2\/comments?post=6421"}],"version-history":[{"count":2,"href":"https:\/\/glowpremium.fr\/en\/wp-json\/wp\/v2\/product\/6421\/revisions"}],"predecessor-version":[{"id":7229,"href":"https:\/\/glowpremium.fr\/en\/wp-json\/wp\/v2\/product\/6421\/revisions\/7229"}],"wp:featuredmedia":[{"embeddable":true,"href":"https:\/\/glowpremium.fr\/en\/wp-json\/wp\/v2\/media\/6420"}],"wp:attachment":[{"href":"https:\/\/glowpremium.fr\/en\/wp-json\/wp\/v2\/media?parent=6421"}],"wp:term":[{"taxonomy":"brand","embeddable":true,"href":"https:\/\/glowpremium.fr\/en\/wp-json\/wp\/v2\/etheme_brands?post=6421"},{"taxonomy":"product_brand","embeddable":true,"href":"https:\/\/glowpremium.fr\/en\/wp-json\/wp\/v2\/product_brand?post=6421"},{"taxonomy":"product_cat","embeddable":true,"href":"https:\/\/glowpremium.fr\/en\/wp-json\/wp\/v2\/product_cat?post=6421"},{"taxonomy":"product_tag","embeddable":true,"href":"https:\/\/glowpremium.fr\/en\/wp-json\/wp\/v2\/product_tag?post=6421"}],"curies":[{"name":"wp","href":"https:\/\/api.w.org\/{rel}","templated":true}]}}