{"id":6419,"date":"2024-10-28T14:40:15","date_gmt":"2024-10-28T13:40:15","guid":{"rendered":"https:\/\/glowpremium.fr\/produit-eclaircissant\/lait-super-eclaircissant-visage-et-corps-dr-davey-au-collagen-et-au-lait-2\/"},"modified":"2024-11-02T17:48:09","modified_gmt":"2024-11-02T16:48:09","slug":"lait-super-eclaircissant-visage-et-corps-dr-davey-au-collagen-et-au-lait-2","status":"publish","type":"product","link":"https:\/\/glowpremium.fr\/en\/lightening-product\/dr-davey-super-lightening-milk-for-face-and-body-with-collagen-and-milk-2\/","title":{"rendered":"Dr.Davey Super Lightening Face and Body Lotion with Collagen"},"content":{"rendered":"<p><strong>How to use :\u00a0<\/strong><\/p>\n<p>Massage into the skin as often as necessary, especially after bathing.<\/p>\n<p><strong>Recommendation:<\/strong><\/p>\n<p>Keep out of reach of children. Avoid contact with eyes. In case of contact, rinse with plenty of water.<\/p>\n<p><strong>Composition:<\/strong><\/p>\n<p>Aqua, Glycerin, Cetearyl Alcohol, Cetyl Esters, Ceteareth 20, C12-15<\/p>","protected":false},"excerpt":{"rendered":"<p>Enriched collagen and natural milk extracts help whiten and hydrate skin, repair rough pores, moisturise and soothe skin, leaving it looking clear, smooth and luminous, keeping skin super-whitened and soothed.<\/p>","protected":false},"featured_media":6418,"comment_status":"closed","ping_status":"closed","template":"","meta":[],"etheme_brands":[],"product_brand":[],"product_cat":[15,80,85],"product_tag":[],"class_list":{"0":"post-6419","1":"product","2":"type-product","3":"status-publish","4":"has-post-thumbnail","6":"product_cat-toutes-categories","7":"product_cat-blanchissants-et-eclaircissants","8":"product_cat-laits-eclaircissants","10":"first","11":"instock","12":"shipping-taxable","13":"purchasable","14":"product-type-simple"},"yoast_head":"<!-- This site is optimized with the Yoast SEO plugin v26.7 - https:\/\/yoast.com\/wordpress\/plugins\/seo\/ -->\n<title>Lait Super \u00e9claircissant visage et corps Dr.Davey au collagen - Glow Premium<\/title>\n<meta name=\"description\" content=\"Lait,Dr Davey au collag\u00e9ne, \u00e9claircissant, soin de la peau, lait de beaut\u00e9, \u00e9claircissante, ,peau clair cosm\u00e9tique anti-tache visage\/ corps\" \/>\n<meta name=\"robots\" content=\"index, follow, max-snippet:-1, max-image-preview:large, max-video-preview:-1\" \/>\n<link rel=\"canonical\" href=\"https:\/\/glowpremium.fr\/en\/lightening-product\/dr-davey-super-lightening-milk-for-face-and-body-with-collagen-and-milk-2\/\" \/>\n<meta property=\"og:locale\" content=\"en_GB\" \/>\n<meta property=\"og:type\" content=\"article\" \/>\n<meta property=\"og:title\" content=\"Lait Super \u00e9claircissant visage et corps Dr.Davey au collagen - Glow Premium\" \/>\n<meta property=\"og:description\" content=\"Lait,Dr Davey au collag\u00e9ne, \u00e9claircissant, soin de la peau, lait de beaut\u00e9, \u00e9claircissante, ,peau clair cosm\u00e9tique anti-tache visage\/ corps\" \/>\n<meta property=\"og:url\" content=\"https:\/\/glowpremium.fr\/en\/lightening-product\/dr-davey-super-lightening-milk-for-face-and-body-with-collagen-and-milk-2\/\" \/>\n<meta property=\"og:site_name\" content=\"Glow Premium\" \/>\n<meta property=\"article:modified_time\" content=\"2024-11-02T16:48:09+00:00\" \/>\n<meta property=\"og:image\" content=\"https:\/\/glowpremium.fr\/wp-content\/uploads\/2024\/10\/Capture-decran-2024-03-08-a-20.27.58.png\" \/>\n\t<meta property=\"og:image:width\" content=\"590\" \/>\n\t<meta property=\"og:image:height\" content=\"664\" \/>\n\t<meta property=\"og:image:type\" content=\"image\/png\" \/>\n<meta name=\"twitter:card\" content=\"summary_large_image\" \/>\n<meta name=\"twitter:label1\" content=\"Estimated reading time\" \/>\n\t<meta name=\"twitter:data1\" content=\"1 minute\" \/>\n<script type=\"application\/ld+json\" class=\"yoast-schema-graph\">{\"@context\":\"https:\/\/schema.org\",\"@graph\":[{\"@type\":\"WebPage\",\"@id\":\"https:\/\/glowpremium.fr\/produit-eclaircissant\/lait-super-eclaircissant-visage-et-corps-dr-davey-au-collagen-et-au-lait-2\/\",\"url\":\"https:\/\/glowpremium.fr\/produit-eclaircissant\/lait-super-eclaircissant-visage-et-corps-dr-davey-au-collagen-et-au-lait-2\/\",\"name\":\"Lait Super \u00e9claircissant visage et corps Dr.Davey au collagen - Glow Premium\",\"isPartOf\":{\"@id\":\"https:\/\/glowpremium.fr\/#website\"},\"primaryImageOfPage\":{\"@id\":\"https:\/\/glowpremium.fr\/produit-eclaircissant\/lait-super-eclaircissant-visage-et-corps-dr-davey-au-collagen-et-au-lait-2\/#primaryimage\"},\"image\":{\"@id\":\"https:\/\/glowpremium.fr\/produit-eclaircissant\/lait-super-eclaircissant-visage-et-corps-dr-davey-au-collagen-et-au-lait-2\/#primaryimage\"},\"thumbnailUrl\":\"https:\/\/glowpremium.fr\/wp-content\/uploads\/2024\/10\/Capture-decran-2024-03-08-a-20.27.58.png\",\"datePublished\":\"2024-10-28T13:40:15+00:00\",\"dateModified\":\"2024-11-02T16:48:09+00:00\",\"description\":\"Lait,Dr Davey au collag\u00e9ne, \u00e9claircissant, soin de la peau, lait de beaut\u00e9, \u00e9claircissante, ,peau clair cosm\u00e9tique anti-tache visage\/ corps\",\"breadcrumb\":{\"@id\":\"https:\/\/glowpremium.fr\/produit-eclaircissant\/lait-super-eclaircissant-visage-et-corps-dr-davey-au-collagen-et-au-lait-2\/#breadcrumb\"},\"inLanguage\":\"en-GB\",\"potentialAction\":[{\"@type\":\"ReadAction\",\"target\":[\"https:\/\/glowpremium.fr\/produit-eclaircissant\/lait-super-eclaircissant-visage-et-corps-dr-davey-au-collagen-et-au-lait-2\/\"]}]},{\"@type\":\"ImageObject\",\"inLanguage\":\"en-GB\",\"@id\":\"https:\/\/glowpremium.fr\/produit-eclaircissant\/lait-super-eclaircissant-visage-et-corps-dr-davey-au-collagen-et-au-lait-2\/#primaryimage\",\"url\":\"https:\/\/glowpremium.fr\/wp-content\/uploads\/2024\/10\/Capture-decran-2024-03-08-a-20.27.58.png\",\"contentUrl\":\"https:\/\/glowpremium.fr\/wp-content\/uploads\/2024\/10\/Capture-decran-2024-03-08-a-20.27.58.png\",\"width\":590,\"height\":664},{\"@type\":\"BreadcrumbList\",\"@id\":\"https:\/\/glowpremium.fr\/produit-eclaircissant\/lait-super-eclaircissant-visage-et-corps-dr-davey-au-collagen-et-au-lait-2\/#breadcrumb\",\"itemListElement\":[{\"@type\":\"ListItem\",\"position\":1,\"name\":\"Accueil\",\"item\":\"https:\/\/glowpremium.fr\/\"},{\"@type\":\"ListItem\",\"position\":2,\"name\":\"Boutique\",\"item\":\"https:\/\/glowpremium.fr\/boutique-produits-eclaircissants\/\"},{\"@type\":\"ListItem\",\"position\":3,\"name\":\"Lait Super \u00e9claircissant visage et corps Dr.Davey au collagen\"}]},{\"@type\":\"WebSite\",\"@id\":\"https:\/\/glowpremium.fr\/#website\",\"url\":\"https:\/\/glowpremium.fr\/\",\"name\":\"Glow Premium\",\"description\":\"\",\"publisher\":{\"@id\":\"https:\/\/glowpremium.fr\/#organization\"},\"potentialAction\":[{\"@type\":\"SearchAction\",\"target\":{\"@type\":\"EntryPoint\",\"urlTemplate\":\"https:\/\/glowpremium.fr\/?s={search_term_string}\"},\"query-input\":{\"@type\":\"PropertyValueSpecification\",\"valueRequired\":true,\"valueName\":\"search_term_string\"}}],\"inLanguage\":\"en-GB\"},{\"@type\":\"Organization\",\"@id\":\"https:\/\/glowpremium.fr\/#organization\",\"name\":\"Glow Premium\",\"url\":\"https:\/\/glowpremium.fr\/\",\"logo\":{\"@type\":\"ImageObject\",\"inLanguage\":\"en-GB\",\"@id\":\"https:\/\/glowpremium.fr\/#\/schema\/logo\/image\/\",\"url\":\"https:\/\/glowpremium.fr\/wp-content\/uploads\/2024\/10\/screenshot_20241029_034909_chrome.jpg\",\"contentUrl\":\"https:\/\/glowpremium.fr\/wp-content\/uploads\/2024\/10\/screenshot_20241029_034909_chrome.jpg\",\"width\":866,\"height\":937,\"caption\":\"Glow Premium\"},\"image\":{\"@id\":\"https:\/\/glowpremium.fr\/#\/schema\/logo\/image\/\"}}]}<\/script>\n<!-- \/ Yoast SEO plugin. -->","yoast_head_json":{"title":"Lait Super \u00e9claircissant visage et corps Dr.Davey au collagen - Glow Premium","description":"Lait,Dr Davey au collag\u00e9ne, \u00e9claircissant, soin de la peau, lait de beaut\u00e9, \u00e9claircissante, ,peau clair cosm\u00e9tique anti-tache visage\/ corps","robots":{"index":"index","follow":"follow","max-snippet":"max-snippet:-1","max-image-preview":"max-image-preview:large","max-video-preview":"max-video-preview:-1"},"canonical":"https:\/\/glowpremium.fr\/en\/lightening-product\/dr-davey-super-lightening-milk-for-face-and-body-with-collagen-and-milk-2\/","og_locale":"en_GB","og_type":"article","og_title":"Lait Super \u00e9claircissant visage et corps Dr.Davey au collagen - Glow Premium","og_description":"Lait,Dr Davey au collag\u00e9ne, \u00e9claircissant, soin de la peau, lait de beaut\u00e9, \u00e9claircissante, ,peau clair cosm\u00e9tique anti-tache visage\/ corps","og_url":"https:\/\/glowpremium.fr\/en\/lightening-product\/dr-davey-super-lightening-milk-for-face-and-body-with-collagen-and-milk-2\/","og_site_name":"Glow Premium","article_modified_time":"2024-11-02T16:48:09+00:00","og_image":[{"width":590,"height":664,"url":"https:\/\/glowpremium.fr\/wp-content\/uploads\/2024\/10\/Capture-decran-2024-03-08-a-20.27.58.png","type":"image\/png"}],"twitter_card":"summary_large_image","twitter_misc":{"Estimated reading time":"1 minute"},"schema":{"@context":"https:\/\/schema.org","@graph":[{"@type":"WebPage","@id":"https:\/\/glowpremium.fr\/produit-eclaircissant\/lait-super-eclaircissant-visage-et-corps-dr-davey-au-collagen-et-au-lait-2\/","url":"https:\/\/glowpremium.fr\/produit-eclaircissant\/lait-super-eclaircissant-visage-et-corps-dr-davey-au-collagen-et-au-lait-2\/","name":"Lait Super \u00e9claircissant visage et corps Dr.Davey au collagen - Glow Premium","isPartOf":{"@id":"https:\/\/glowpremium.fr\/#website"},"primaryImageOfPage":{"@id":"https:\/\/glowpremium.fr\/produit-eclaircissant\/lait-super-eclaircissant-visage-et-corps-dr-davey-au-collagen-et-au-lait-2\/#primaryimage"},"image":{"@id":"https:\/\/glowpremium.fr\/produit-eclaircissant\/lait-super-eclaircissant-visage-et-corps-dr-davey-au-collagen-et-au-lait-2\/#primaryimage"},"thumbnailUrl":"https:\/\/glowpremium.fr\/wp-content\/uploads\/2024\/10\/Capture-decran-2024-03-08-a-20.27.58.png","datePublished":"2024-10-28T13:40:15+00:00","dateModified":"2024-11-02T16:48:09+00:00","description":"Lait,Dr Davey au collag\u00e9ne, \u00e9claircissant, soin de la peau, lait de beaut\u00e9, \u00e9claircissante, ,peau clair cosm\u00e9tique anti-tache visage\/ corps","breadcrumb":{"@id":"https:\/\/glowpremium.fr\/produit-eclaircissant\/lait-super-eclaircissant-visage-et-corps-dr-davey-au-collagen-et-au-lait-2\/#breadcrumb"},"inLanguage":"en-GB","potentialAction":[{"@type":"ReadAction","target":["https:\/\/glowpremium.fr\/produit-eclaircissant\/lait-super-eclaircissant-visage-et-corps-dr-davey-au-collagen-et-au-lait-2\/"]}]},{"@type":"ImageObject","inLanguage":"en-GB","@id":"https:\/\/glowpremium.fr\/produit-eclaircissant\/lait-super-eclaircissant-visage-et-corps-dr-davey-au-collagen-et-au-lait-2\/#primaryimage","url":"https:\/\/glowpremium.fr\/wp-content\/uploads\/2024\/10\/Capture-decran-2024-03-08-a-20.27.58.png","contentUrl":"https:\/\/glowpremium.fr\/wp-content\/uploads\/2024\/10\/Capture-decran-2024-03-08-a-20.27.58.png","width":590,"height":664},{"@type":"BreadcrumbList","@id":"https:\/\/glowpremium.fr\/produit-eclaircissant\/lait-super-eclaircissant-visage-et-corps-dr-davey-au-collagen-et-au-lait-2\/#breadcrumb","itemListElement":[{"@type":"ListItem","position":1,"name":"Accueil","item":"https:\/\/glowpremium.fr\/"},{"@type":"ListItem","position":2,"name":"Boutique","item":"https:\/\/glowpremium.fr\/boutique-produits-eclaircissants\/"},{"@type":"ListItem","position":3,"name":"Lait Super \u00e9claircissant visage et corps Dr.Davey au collagen"}]},{"@type":"WebSite","@id":"https:\/\/glowpremium.fr\/#website","url":"https:\/\/glowpremium.fr\/","name":"Glow Premium","description":"","publisher":{"@id":"https:\/\/glowpremium.fr\/#organization"},"potentialAction":[{"@type":"SearchAction","target":{"@type":"EntryPoint","urlTemplate":"https:\/\/glowpremium.fr\/?s={search_term_string}"},"query-input":{"@type":"PropertyValueSpecification","valueRequired":true,"valueName":"search_term_string"}}],"inLanguage":"en-GB"},{"@type":"Organization","@id":"https:\/\/glowpremium.fr\/#organization","name":"Glow Premium","url":"https:\/\/glowpremium.fr\/","logo":{"@type":"ImageObject","inLanguage":"en-GB","@id":"https:\/\/glowpremium.fr\/#\/schema\/logo\/image\/","url":"https:\/\/glowpremium.fr\/wp-content\/uploads\/2024\/10\/screenshot_20241029_034909_chrome.jpg","contentUrl":"https:\/\/glowpremium.fr\/wp-content\/uploads\/2024\/10\/screenshot_20241029_034909_chrome.jpg","width":866,"height":937,"caption":"Glow Premium"},"image":{"@id":"https:\/\/glowpremium.fr\/#\/schema\/logo\/image\/"}}]}},"_links":{"self":[{"href":"https:\/\/glowpremium.fr\/en\/wp-json\/wp\/v2\/product\/6419","targetHints":{"allow":["GET"]}}],"collection":[{"href":"https:\/\/glowpremium.fr\/en\/wp-json\/wp\/v2\/product"}],"about":[{"href":"https:\/\/glowpremium.fr\/en\/wp-json\/wp\/v2\/types\/product"}],"replies":[{"embeddable":true,"href":"https:\/\/glowpremium.fr\/en\/wp-json\/wp\/v2\/comments?post=6419"}],"version-history":[{"count":2,"href":"https:\/\/glowpremium.fr\/en\/wp-json\/wp\/v2\/product\/6419\/revisions"}],"predecessor-version":[{"id":7204,"href":"https:\/\/glowpremium.fr\/en\/wp-json\/wp\/v2\/product\/6419\/revisions\/7204"}],"wp:featuredmedia":[{"embeddable":true,"href":"https:\/\/glowpremium.fr\/en\/wp-json\/wp\/v2\/media\/6418"}],"wp:attachment":[{"href":"https:\/\/glowpremium.fr\/en\/wp-json\/wp\/v2\/media?parent=6419"}],"wp:term":[{"taxonomy":"brand","embeddable":true,"href":"https:\/\/glowpremium.fr\/en\/wp-json\/wp\/v2\/etheme_brands?post=6419"},{"taxonomy":"product_brand","embeddable":true,"href":"https:\/\/glowpremium.fr\/en\/wp-json\/wp\/v2\/product_brand?post=6419"},{"taxonomy":"product_cat","embeddable":true,"href":"https:\/\/glowpremium.fr\/en\/wp-json\/wp\/v2\/product_cat?post=6419"},{"taxonomy":"product_tag","embeddable":true,"href":"https:\/\/glowpremium.fr\/en\/wp-json\/wp\/v2\/product_tag?post=6419"}],"curies":[{"name":"wp","href":"https:\/\/api.w.org\/{rel}","templated":true}]}}