{"id":6417,"date":"2024-10-28T14:40:15","date_gmt":"2024-10-28T13:40:15","guid":{"rendered":"https:\/\/glowpremium.fr\/produit-eclaircissant\/lait-blanchissant-a-la-vitamine-c-gluta-magic-acid-2\/"},"modified":"2024-11-02T04:45:28","modified_gmt":"2024-11-02T03:45:28","slug":"lait-blanchissant-a-la-vitamine-c-gluta-magic-acid-2","status":"publish","type":"product","link":"https:\/\/glowpremium.fr\/en\/lightening-product\/gluta-magic-acid-2-vitamin-c-whitening-milk\/","title":{"rendered":"Vitamin C Whitening Milk Gluta-Magic Acid"},"content":{"rendered":"<p><strong>How to use :<\/strong><\/p>\n<p>Apply once or twice a day to the whole body, concentrating on dark areas.<\/p>\n<p><strong style=\"color: var( --e-global-color-text );font-family: var( --e-global-typography-text-font-family ), Sans-serif\">Recommendation:<\/strong><\/p>\n<p>For external use only. If irritation occurs, discontinue use. Keep out of reach of children.<\/p>\n<p><strong>Composition:\u00a0<\/strong><\/p>\n<p>Water, stearic acid, alpha-arbutin, almond oil, alcohol, mulberry extract oil, ascorbic acid, retin A, liquorice extract, papaya extract, fragrance, Vitamin C.<br \/>\nEssential oils, Honey, Olive oil, Shea butter.<\/p>","protected":false},"excerpt":{"rendered":"<p>Super Lightening Milk with Vitamin C Gluta-Magic Acid is a unique combination of the best lightening plant extracts available to minimise the production of melanin, responsible for dark skin.<\/p>\n<p>With daily use, hyperpigmentation problems such as freckles, signs of ageing, acne, scars, acne, scars, brown spots, pregnancy masks and spots gradually disappear.<\/p>","protected":false},"featured_media":6416,"comment_status":"closed","ping_status":"closed","template":"","meta":[],"etheme_brands":[],"product_brand":[],"product_cat":[80,85],"product_tag":[],"class_list":{"0":"post-6417","1":"product","2":"type-product","3":"status-publish","4":"has-post-thumbnail","6":"product_cat-blanchissants-et-eclaircissants","7":"product_cat-laits-eclaircissants","9":"first","10":"instock","11":"shipping-taxable","12":"purchasable","13":"product-type-simple"},"yoast_head":"<!-- This site is optimized with the Yoast SEO plugin v26.7 - https:\/\/yoast.com\/wordpress\/plugins\/seo\/ -->\n<title>Lait Blanchissant \u00e0 la vitamine C Gluta-Magic Acid - Glow Premium<\/title>\n<meta name=\"description\" content=\"Glutat-cmagic acide blanchisseur, \u00e9claircissant, soin de la peau, lait de beaut\u00e9,\u00e9claircissante, produit de beaut\u00e9, peau claire, cosm\u00e9tique, anti-t\u00e2ches\" \/>\n<meta name=\"robots\" content=\"index, follow, max-snippet:-1, max-image-preview:large, max-video-preview:-1\" \/>\n<link rel=\"canonical\" href=\"https:\/\/glowpremium.fr\/en\/lightening-product\/gluta-magic-acid-2-vitamin-c-whitening-milk\/\" \/>\n<meta property=\"og:locale\" content=\"en_GB\" \/>\n<meta property=\"og:type\" content=\"article\" \/>\n<meta property=\"og:title\" content=\"Lait Blanchissant \u00e0 la vitamine C Gluta-Magic Acid - Glow Premium\" \/>\n<meta property=\"og:description\" content=\"Glutat-cmagic acide blanchisseur, \u00e9claircissant, soin de la peau, lait de beaut\u00e9,\u00e9claircissante, produit de beaut\u00e9, peau claire, cosm\u00e9tique, anti-t\u00e2ches\" \/>\n<meta property=\"og:url\" content=\"https:\/\/glowpremium.fr\/en\/lightening-product\/gluta-magic-acid-2-vitamin-c-whitening-milk\/\" \/>\n<meta property=\"og:site_name\" content=\"Glow Premium\" \/>\n<meta property=\"article:modified_time\" content=\"2024-11-02T03:45:28+00:00\" \/>\n<meta property=\"og:image\" content=\"https:\/\/glowpremium.fr\/wp-content\/uploads\/2024\/10\/15d220e6-1ada-4abf-9a04-33b602bade55.jpg\" \/>\n\t<meta property=\"og:image:width\" content=\"1600\" \/>\n\t<meta property=\"og:image:height\" content=\"1400\" \/>\n\t<meta property=\"og:image:type\" content=\"image\/jpeg\" \/>\n<meta name=\"twitter:card\" content=\"summary_large_image\" \/>\n<meta name=\"twitter:label1\" content=\"Estimated reading time\" \/>\n\t<meta name=\"twitter:data1\" content=\"1 minute\" \/>\n<script type=\"application\/ld+json\" class=\"yoast-schema-graph\">{\"@context\":\"https:\/\/schema.org\",\"@graph\":[{\"@type\":\"WebPage\",\"@id\":\"https:\/\/glowpremium.fr\/produit-eclaircissant\/lait-blanchissant-a-la-vitamine-c-gluta-magic-acid-2\/\",\"url\":\"https:\/\/glowpremium.fr\/produit-eclaircissant\/lait-blanchissant-a-la-vitamine-c-gluta-magic-acid-2\/\",\"name\":\"Lait Blanchissant \u00e0 la vitamine C Gluta-Magic Acid - Glow Premium\",\"isPartOf\":{\"@id\":\"https:\/\/glowpremium.fr\/#website\"},\"primaryImageOfPage\":{\"@id\":\"https:\/\/glowpremium.fr\/produit-eclaircissant\/lait-blanchissant-a-la-vitamine-c-gluta-magic-acid-2\/#primaryimage\"},\"image\":{\"@id\":\"https:\/\/glowpremium.fr\/produit-eclaircissant\/lait-blanchissant-a-la-vitamine-c-gluta-magic-acid-2\/#primaryimage\"},\"thumbnailUrl\":\"https:\/\/glowpremium.fr\/wp-content\/uploads\/2024\/10\/15d220e6-1ada-4abf-9a04-33b602bade55.jpg\",\"datePublished\":\"2024-10-28T13:40:15+00:00\",\"dateModified\":\"2024-11-02T03:45:28+00:00\",\"description\":\"Glutat-cmagic acide blanchisseur, \u00e9claircissant, soin de la peau, lait de beaut\u00e9,\u00e9claircissante, produit de beaut\u00e9, peau claire, cosm\u00e9tique, anti-t\u00e2ches\",\"breadcrumb\":{\"@id\":\"https:\/\/glowpremium.fr\/produit-eclaircissant\/lait-blanchissant-a-la-vitamine-c-gluta-magic-acid-2\/#breadcrumb\"},\"inLanguage\":\"en-GB\",\"potentialAction\":[{\"@type\":\"ReadAction\",\"target\":[\"https:\/\/glowpremium.fr\/produit-eclaircissant\/lait-blanchissant-a-la-vitamine-c-gluta-magic-acid-2\/\"]}]},{\"@type\":\"ImageObject\",\"inLanguage\":\"en-GB\",\"@id\":\"https:\/\/glowpremium.fr\/produit-eclaircissant\/lait-blanchissant-a-la-vitamine-c-gluta-magic-acid-2\/#primaryimage\",\"url\":\"https:\/\/glowpremium.fr\/wp-content\/uploads\/2024\/10\/15d220e6-1ada-4abf-9a04-33b602bade55.jpg\",\"contentUrl\":\"https:\/\/glowpremium.fr\/wp-content\/uploads\/2024\/10\/15d220e6-1ada-4abf-9a04-33b602bade55.jpg\",\"width\":1600,\"height\":1400},{\"@type\":\"BreadcrumbList\",\"@id\":\"https:\/\/glowpremium.fr\/produit-eclaircissant\/lait-blanchissant-a-la-vitamine-c-gluta-magic-acid-2\/#breadcrumb\",\"itemListElement\":[{\"@type\":\"ListItem\",\"position\":1,\"name\":\"Accueil\",\"item\":\"https:\/\/glowpremium.fr\/\"},{\"@type\":\"ListItem\",\"position\":2,\"name\":\"Boutique\",\"item\":\"https:\/\/glowpremium.fr\/boutique-produits-eclaircissants\/\"},{\"@type\":\"ListItem\",\"position\":3,\"name\":\"Lait Blanchissant \u00e0 la vitamine C Gluta-Magic Acid\"}]},{\"@type\":\"WebSite\",\"@id\":\"https:\/\/glowpremium.fr\/#website\",\"url\":\"https:\/\/glowpremium.fr\/\",\"name\":\"Glow Premium\",\"description\":\"\",\"publisher\":{\"@id\":\"https:\/\/glowpremium.fr\/#organization\"},\"potentialAction\":[{\"@type\":\"SearchAction\",\"target\":{\"@type\":\"EntryPoint\",\"urlTemplate\":\"https:\/\/glowpremium.fr\/?s={search_term_string}\"},\"query-input\":{\"@type\":\"PropertyValueSpecification\",\"valueRequired\":true,\"valueName\":\"search_term_string\"}}],\"inLanguage\":\"en-GB\"},{\"@type\":\"Organization\",\"@id\":\"https:\/\/glowpremium.fr\/#organization\",\"name\":\"Glow Premium\",\"url\":\"https:\/\/glowpremium.fr\/\",\"logo\":{\"@type\":\"ImageObject\",\"inLanguage\":\"en-GB\",\"@id\":\"https:\/\/glowpremium.fr\/#\/schema\/logo\/image\/\",\"url\":\"https:\/\/glowpremium.fr\/wp-content\/uploads\/2024\/10\/screenshot_20241029_034909_chrome.jpg\",\"contentUrl\":\"https:\/\/glowpremium.fr\/wp-content\/uploads\/2024\/10\/screenshot_20241029_034909_chrome.jpg\",\"width\":866,\"height\":937,\"caption\":\"Glow Premium\"},\"image\":{\"@id\":\"https:\/\/glowpremium.fr\/#\/schema\/logo\/image\/\"}}]}<\/script>\n<!-- \/ Yoast SEO plugin. -->","yoast_head_json":{"title":"Lait Blanchissant \u00e0 la vitamine C Gluta-Magic Acid - Glow Premium","description":"Glutat-cmagic acide blanchisseur, \u00e9claircissant, soin de la peau, lait de beaut\u00e9,\u00e9claircissante, produit de beaut\u00e9, peau claire, cosm\u00e9tique, anti-t\u00e2ches","robots":{"index":"index","follow":"follow","max-snippet":"max-snippet:-1","max-image-preview":"max-image-preview:large","max-video-preview":"max-video-preview:-1"},"canonical":"https:\/\/glowpremium.fr\/en\/lightening-product\/gluta-magic-acid-2-vitamin-c-whitening-milk\/","og_locale":"en_GB","og_type":"article","og_title":"Lait Blanchissant \u00e0 la vitamine C Gluta-Magic Acid - Glow Premium","og_description":"Glutat-cmagic acide blanchisseur, \u00e9claircissant, soin de la peau, lait de beaut\u00e9,\u00e9claircissante, produit de beaut\u00e9, peau claire, cosm\u00e9tique, anti-t\u00e2ches","og_url":"https:\/\/glowpremium.fr\/en\/lightening-product\/gluta-magic-acid-2-vitamin-c-whitening-milk\/","og_site_name":"Glow Premium","article_modified_time":"2024-11-02T03:45:28+00:00","og_image":[{"width":1600,"height":1400,"url":"https:\/\/glowpremium.fr\/wp-content\/uploads\/2024\/10\/15d220e6-1ada-4abf-9a04-33b602bade55.jpg","type":"image\/jpeg"}],"twitter_card":"summary_large_image","twitter_misc":{"Estimated reading time":"1 minute"},"schema":{"@context":"https:\/\/schema.org","@graph":[{"@type":"WebPage","@id":"https:\/\/glowpremium.fr\/produit-eclaircissant\/lait-blanchissant-a-la-vitamine-c-gluta-magic-acid-2\/","url":"https:\/\/glowpremium.fr\/produit-eclaircissant\/lait-blanchissant-a-la-vitamine-c-gluta-magic-acid-2\/","name":"Lait Blanchissant \u00e0 la vitamine C Gluta-Magic Acid - Glow Premium","isPartOf":{"@id":"https:\/\/glowpremium.fr\/#website"},"primaryImageOfPage":{"@id":"https:\/\/glowpremium.fr\/produit-eclaircissant\/lait-blanchissant-a-la-vitamine-c-gluta-magic-acid-2\/#primaryimage"},"image":{"@id":"https:\/\/glowpremium.fr\/produit-eclaircissant\/lait-blanchissant-a-la-vitamine-c-gluta-magic-acid-2\/#primaryimage"},"thumbnailUrl":"https:\/\/glowpremium.fr\/wp-content\/uploads\/2024\/10\/15d220e6-1ada-4abf-9a04-33b602bade55.jpg","datePublished":"2024-10-28T13:40:15+00:00","dateModified":"2024-11-02T03:45:28+00:00","description":"Glutat-cmagic acide blanchisseur, \u00e9claircissant, soin de la peau, lait de beaut\u00e9,\u00e9claircissante, produit de beaut\u00e9, peau claire, cosm\u00e9tique, anti-t\u00e2ches","breadcrumb":{"@id":"https:\/\/glowpremium.fr\/produit-eclaircissant\/lait-blanchissant-a-la-vitamine-c-gluta-magic-acid-2\/#breadcrumb"},"inLanguage":"en-GB","potentialAction":[{"@type":"ReadAction","target":["https:\/\/glowpremium.fr\/produit-eclaircissant\/lait-blanchissant-a-la-vitamine-c-gluta-magic-acid-2\/"]}]},{"@type":"ImageObject","inLanguage":"en-GB","@id":"https:\/\/glowpremium.fr\/produit-eclaircissant\/lait-blanchissant-a-la-vitamine-c-gluta-magic-acid-2\/#primaryimage","url":"https:\/\/glowpremium.fr\/wp-content\/uploads\/2024\/10\/15d220e6-1ada-4abf-9a04-33b602bade55.jpg","contentUrl":"https:\/\/glowpremium.fr\/wp-content\/uploads\/2024\/10\/15d220e6-1ada-4abf-9a04-33b602bade55.jpg","width":1600,"height":1400},{"@type":"BreadcrumbList","@id":"https:\/\/glowpremium.fr\/produit-eclaircissant\/lait-blanchissant-a-la-vitamine-c-gluta-magic-acid-2\/#breadcrumb","itemListElement":[{"@type":"ListItem","position":1,"name":"Accueil","item":"https:\/\/glowpremium.fr\/"},{"@type":"ListItem","position":2,"name":"Boutique","item":"https:\/\/glowpremium.fr\/boutique-produits-eclaircissants\/"},{"@type":"ListItem","position":3,"name":"Lait Blanchissant \u00e0 la vitamine C Gluta-Magic Acid"}]},{"@type":"WebSite","@id":"https:\/\/glowpremium.fr\/#website","url":"https:\/\/glowpremium.fr\/","name":"Glow Premium","description":"","publisher":{"@id":"https:\/\/glowpremium.fr\/#organization"},"potentialAction":[{"@type":"SearchAction","target":{"@type":"EntryPoint","urlTemplate":"https:\/\/glowpremium.fr\/?s={search_term_string}"},"query-input":{"@type":"PropertyValueSpecification","valueRequired":true,"valueName":"search_term_string"}}],"inLanguage":"en-GB"},{"@type":"Organization","@id":"https:\/\/glowpremium.fr\/#organization","name":"Glow Premium","url":"https:\/\/glowpremium.fr\/","logo":{"@type":"ImageObject","inLanguage":"en-GB","@id":"https:\/\/glowpremium.fr\/#\/schema\/logo\/image\/","url":"https:\/\/glowpremium.fr\/wp-content\/uploads\/2024\/10\/screenshot_20241029_034909_chrome.jpg","contentUrl":"https:\/\/glowpremium.fr\/wp-content\/uploads\/2024\/10\/screenshot_20241029_034909_chrome.jpg","width":866,"height":937,"caption":"Glow Premium"},"image":{"@id":"https:\/\/glowpremium.fr\/#\/schema\/logo\/image\/"}}]}},"_links":{"self":[{"href":"https:\/\/glowpremium.fr\/en\/wp-json\/wp\/v2\/product\/6417","targetHints":{"allow":["GET"]}}],"collection":[{"href":"https:\/\/glowpremium.fr\/en\/wp-json\/wp\/v2\/product"}],"about":[{"href":"https:\/\/glowpremium.fr\/en\/wp-json\/wp\/v2\/types\/product"}],"replies":[{"embeddable":true,"href":"https:\/\/glowpremium.fr\/en\/wp-json\/wp\/v2\/comments?post=6417"}],"version-history":[{"count":1,"href":"https:\/\/glowpremium.fr\/en\/wp-json\/wp\/v2\/product\/6417\/revisions"}],"predecessor-version":[{"id":7049,"href":"https:\/\/glowpremium.fr\/en\/wp-json\/wp\/v2\/product\/6417\/revisions\/7049"}],"wp:featuredmedia":[{"embeddable":true,"href":"https:\/\/glowpremium.fr\/en\/wp-json\/wp\/v2\/media\/6416"}],"wp:attachment":[{"href":"https:\/\/glowpremium.fr\/en\/wp-json\/wp\/v2\/media?parent=6417"}],"wp:term":[{"taxonomy":"brand","embeddable":true,"href":"https:\/\/glowpremium.fr\/en\/wp-json\/wp\/v2\/etheme_brands?post=6417"},{"taxonomy":"product_brand","embeddable":true,"href":"https:\/\/glowpremium.fr\/en\/wp-json\/wp\/v2\/product_brand?post=6417"},{"taxonomy":"product_cat","embeddable":true,"href":"https:\/\/glowpremium.fr\/en\/wp-json\/wp\/v2\/product_cat?post=6417"},{"taxonomy":"product_tag","embeddable":true,"href":"https:\/\/glowpremium.fr\/en\/wp-json\/wp\/v2\/product_tag?post=6417"}],"curies":[{"name":"wp","href":"https:\/\/api.w.org\/{rel}","templated":true}]}}