{"id":6401,"date":"2024-10-28T14:40:05","date_gmt":"2024-10-28T13:40:05","guid":{"rendered":"https:\/\/glowpremium.fr\/produit-eclaircissant\/36-heures-propre-lait-zero-taches-a-lextrait-doeuf-et-vitamine-e-2\/"},"modified":"2024-11-21T13:10:10","modified_gmt":"2024-11-21T12:10:10","slug":"36-heures-propre-lait-zero-taches-a-lextrait-doeuf-et-vitamine-e-2","status":"publish","type":"product","link":"https:\/\/glowpremium.fr\/en\/lightening-product\/36-hours-clean-milk-zero-stains-with-beef-extract-and-vitamin-e-2\/","title":{"rendered":"36 Hours Clean Stain-Free Milk with Egg Extract and Vitamin E"},"content":{"rendered":"<p><strong>How to use :<\/strong><br \/>\nMix with your clean 36-hour cleansing milk and apply preferably in the evening, 3 to 4 times a week to clean skin.<br \/>\n<strong>Recommendation:<\/strong><br \/>\nFor external use only. If irritation occurs, discontinue use. Keep out of reach of children.<br \/>\n<strong>Composition:<\/strong><br \/>\nAqua (Water), Glycerin, PPG-26-Buteth-26, PEG-40 Hydrogenated, Castor oil, Parfum (Fragrance), Benzyl Alcohol, Phantenol, Carrot Extract, Glutathione, Kojic acid Aspartic acid, Potassium Sorbate, Sodium Chloride.<\/p>","protected":false},"excerpt":{"rendered":"<p>36H Cleansing Milk with vitamin E and egg extracts is formulated to clarify, moisturise and purify your complexion. The 36H Clean milk is also enriched with glutathione and kojic acid, which preserves and refreshes your skin, giving it a smooth, clean and clear complexion.<\/p>","protected":false},"featured_media":6400,"comment_status":"closed","ping_status":"closed","template":"","meta":[],"etheme_brands":[],"product_brand":[],"product_cat":[80,85],"product_tag":[],"class_list":{"0":"post-6401","1":"product","2":"type-product","3":"status-publish","4":"has-post-thumbnail","6":"product_cat-blanchissants-et-eclaircissants","7":"product_cat-laits-eclaircissants","9":"first","10":"instock","11":"shipping-taxable","12":"purchasable","13":"product-type-simple"},"yoast_head":"<!-- This site is optimized with the Yoast SEO plugin v26.7 - https:\/\/yoast.com\/wordpress\/plugins\/seo\/ -->\n<title>36 Heures Propre Lait Z\u00e9ro T\u00e2ches \u00e0 l&#039;extrait d&quot;oeuf Et Vitamine E - Glow Premium<\/title>\n<meta name=\"description\" content=\"lait 36 H propre , blanchisseur, \u00e9claircissant soin de la peau, produit de beaut\u00e9, peau claire, cosm\u00e9tique, \u00e9claircir la peau uniformisas anti-t\u00e2ches\" \/>\n<meta name=\"robots\" content=\"index, follow, max-snippet:-1, max-image-preview:large, max-video-preview:-1\" \/>\n<link rel=\"canonical\" href=\"https:\/\/glowpremium.fr\/en\/lightening-product\/36-hours-clean-milk-zero-stains-with-beef-extract-and-vitamin-e-2\/\" \/>\n<meta property=\"og:locale\" content=\"en_GB\" \/>\n<meta property=\"og:type\" content=\"article\" \/>\n<meta property=\"og:title\" content=\"36 Heures Propre Lait Z\u00e9ro T\u00e2ches \u00e0 l&#039;extrait d&quot;oeuf Et Vitamine E - Glow Premium\" \/>\n<meta property=\"og:description\" content=\"lait 36 H propre , blanchisseur, \u00e9claircissant soin de la peau, produit de beaut\u00e9, peau claire, cosm\u00e9tique, \u00e9claircir la peau uniformisas anti-t\u00e2ches\" \/>\n<meta property=\"og:url\" content=\"https:\/\/glowpremium.fr\/en\/lightening-product\/36-hours-clean-milk-zero-stains-with-beef-extract-and-vitamin-e-2\/\" \/>\n<meta property=\"og:site_name\" content=\"Glow Premium\" \/>\n<meta property=\"article:modified_time\" content=\"2024-11-21T12:10:10+00:00\" \/>\n<meta property=\"og:image\" content=\"https:\/\/glowpremium.fr\/wp-content\/uploads\/2024\/10\/35088c3b-bec1-4318-ad9e-d096ebd1c3ae.jpg\" \/>\n\t<meta property=\"og:image:width\" content=\"2000\" \/>\n\t<meta property=\"og:image:height\" content=\"1780\" \/>\n\t<meta property=\"og:image:type\" content=\"image\/jpeg\" \/>\n<meta name=\"twitter:card\" content=\"summary_large_image\" \/>\n<meta name=\"twitter:label1\" content=\"Estimated reading time\" \/>\n\t<meta name=\"twitter:data1\" content=\"1 minute\" \/>\n<script type=\"application\/ld+json\" class=\"yoast-schema-graph\">{\"@context\":\"https:\/\/schema.org\",\"@graph\":[{\"@type\":\"WebPage\",\"@id\":\"https:\/\/glowpremium.fr\/produit-eclaircissant\/36-heures-propre-lait-zero-taches-a-lextrait-doeuf-et-vitamine-e-2\/\",\"url\":\"https:\/\/glowpremium.fr\/produit-eclaircissant\/36-heures-propre-lait-zero-taches-a-lextrait-doeuf-et-vitamine-e-2\/\",\"name\":\"36 Heures Propre Lait Z\u00e9ro T\u00e2ches \u00e0 l'extrait d\\\"oeuf Et Vitamine E - Glow Premium\",\"isPartOf\":{\"@id\":\"https:\/\/glowpremium.fr\/#website\"},\"primaryImageOfPage\":{\"@id\":\"https:\/\/glowpremium.fr\/produit-eclaircissant\/36-heures-propre-lait-zero-taches-a-lextrait-doeuf-et-vitamine-e-2\/#primaryimage\"},\"image\":{\"@id\":\"https:\/\/glowpremium.fr\/produit-eclaircissant\/36-heures-propre-lait-zero-taches-a-lextrait-doeuf-et-vitamine-e-2\/#primaryimage\"},\"thumbnailUrl\":\"https:\/\/glowpremium.fr\/wp-content\/uploads\/2024\/10\/35088c3b-bec1-4318-ad9e-d096ebd1c3ae.jpg\",\"datePublished\":\"2024-10-28T13:40:05+00:00\",\"dateModified\":\"2024-11-21T12:10:10+00:00\",\"description\":\"lait 36 H propre , blanchisseur, \u00e9claircissant soin de la peau, produit de beaut\u00e9, peau claire, cosm\u00e9tique, \u00e9claircir la peau uniformisas anti-t\u00e2ches\",\"breadcrumb\":{\"@id\":\"https:\/\/glowpremium.fr\/produit-eclaircissant\/36-heures-propre-lait-zero-taches-a-lextrait-doeuf-et-vitamine-e-2\/#breadcrumb\"},\"inLanguage\":\"en-GB\",\"potentialAction\":[{\"@type\":\"ReadAction\",\"target\":[\"https:\/\/glowpremium.fr\/produit-eclaircissant\/36-heures-propre-lait-zero-taches-a-lextrait-doeuf-et-vitamine-e-2\/\"]}]},{\"@type\":\"ImageObject\",\"inLanguage\":\"en-GB\",\"@id\":\"https:\/\/glowpremium.fr\/produit-eclaircissant\/36-heures-propre-lait-zero-taches-a-lextrait-doeuf-et-vitamine-e-2\/#primaryimage\",\"url\":\"https:\/\/glowpremium.fr\/wp-content\/uploads\/2024\/10\/35088c3b-bec1-4318-ad9e-d096ebd1c3ae.jpg\",\"contentUrl\":\"https:\/\/glowpremium.fr\/wp-content\/uploads\/2024\/10\/35088c3b-bec1-4318-ad9e-d096ebd1c3ae.jpg\",\"width\":2000,\"height\":1780},{\"@type\":\"BreadcrumbList\",\"@id\":\"https:\/\/glowpremium.fr\/produit-eclaircissant\/36-heures-propre-lait-zero-taches-a-lextrait-doeuf-et-vitamine-e-2\/#breadcrumb\",\"itemListElement\":[{\"@type\":\"ListItem\",\"position\":1,\"name\":\"Accueil\",\"item\":\"https:\/\/glowpremium.fr\/\"},{\"@type\":\"ListItem\",\"position\":2,\"name\":\"Boutique\",\"item\":\"https:\/\/glowpremium.fr\/boutique-produits-eclaircissants\/\"},{\"@type\":\"ListItem\",\"position\":3,\"name\":\"36 Heures Propre Lait Z\u00e9ro T\u00e2ches \u00e0 l&#8217;extrait d&#8221;oeuf Et Vitamine E\"}]},{\"@type\":\"WebSite\",\"@id\":\"https:\/\/glowpremium.fr\/#website\",\"url\":\"https:\/\/glowpremium.fr\/\",\"name\":\"Glow Premium\",\"description\":\"\",\"publisher\":{\"@id\":\"https:\/\/glowpremium.fr\/#organization\"},\"potentialAction\":[{\"@type\":\"SearchAction\",\"target\":{\"@type\":\"EntryPoint\",\"urlTemplate\":\"https:\/\/glowpremium.fr\/?s={search_term_string}\"},\"query-input\":{\"@type\":\"PropertyValueSpecification\",\"valueRequired\":true,\"valueName\":\"search_term_string\"}}],\"inLanguage\":\"en-GB\"},{\"@type\":\"Organization\",\"@id\":\"https:\/\/glowpremium.fr\/#organization\",\"name\":\"Glow Premium\",\"url\":\"https:\/\/glowpremium.fr\/\",\"logo\":{\"@type\":\"ImageObject\",\"inLanguage\":\"en-GB\",\"@id\":\"https:\/\/glowpremium.fr\/#\/schema\/logo\/image\/\",\"url\":\"https:\/\/glowpremium.fr\/wp-content\/uploads\/2024\/10\/screenshot_20241029_034909_chrome.jpg\",\"contentUrl\":\"https:\/\/glowpremium.fr\/wp-content\/uploads\/2024\/10\/screenshot_20241029_034909_chrome.jpg\",\"width\":866,\"height\":937,\"caption\":\"Glow Premium\"},\"image\":{\"@id\":\"https:\/\/glowpremium.fr\/#\/schema\/logo\/image\/\"}}]}<\/script>\n<!-- \/ Yoast SEO plugin. -->","yoast_head_json":{"title":"36 Heures Propre Lait Z\u00e9ro T\u00e2ches \u00e0 l'extrait d\"oeuf Et Vitamine E - Glow Premium","description":"lait 36 H propre , blanchisseur, \u00e9claircissant soin de la peau, produit de beaut\u00e9, peau claire, cosm\u00e9tique, \u00e9claircir la peau uniformisas anti-t\u00e2ches","robots":{"index":"index","follow":"follow","max-snippet":"max-snippet:-1","max-image-preview":"max-image-preview:large","max-video-preview":"max-video-preview:-1"},"canonical":"https:\/\/glowpremium.fr\/en\/lightening-product\/36-hours-clean-milk-zero-stains-with-beef-extract-and-vitamin-e-2\/","og_locale":"en_GB","og_type":"article","og_title":"36 Heures Propre Lait Z\u00e9ro T\u00e2ches \u00e0 l'extrait d\"oeuf Et Vitamine E - Glow Premium","og_description":"lait 36 H propre , blanchisseur, \u00e9claircissant soin de la peau, produit de beaut\u00e9, peau claire, cosm\u00e9tique, \u00e9claircir la peau uniformisas anti-t\u00e2ches","og_url":"https:\/\/glowpremium.fr\/en\/lightening-product\/36-hours-clean-milk-zero-stains-with-beef-extract-and-vitamin-e-2\/","og_site_name":"Glow Premium","article_modified_time":"2024-11-21T12:10:10+00:00","og_image":[{"width":2000,"height":1780,"url":"https:\/\/glowpremium.fr\/wp-content\/uploads\/2024\/10\/35088c3b-bec1-4318-ad9e-d096ebd1c3ae.jpg","type":"image\/jpeg"}],"twitter_card":"summary_large_image","twitter_misc":{"Estimated reading time":"1 minute"},"schema":{"@context":"https:\/\/schema.org","@graph":[{"@type":"WebPage","@id":"https:\/\/glowpremium.fr\/produit-eclaircissant\/36-heures-propre-lait-zero-taches-a-lextrait-doeuf-et-vitamine-e-2\/","url":"https:\/\/glowpremium.fr\/produit-eclaircissant\/36-heures-propre-lait-zero-taches-a-lextrait-doeuf-et-vitamine-e-2\/","name":"36 Heures Propre Lait Z\u00e9ro T\u00e2ches \u00e0 l'extrait d\"oeuf Et Vitamine E - Glow Premium","isPartOf":{"@id":"https:\/\/glowpremium.fr\/#website"},"primaryImageOfPage":{"@id":"https:\/\/glowpremium.fr\/produit-eclaircissant\/36-heures-propre-lait-zero-taches-a-lextrait-doeuf-et-vitamine-e-2\/#primaryimage"},"image":{"@id":"https:\/\/glowpremium.fr\/produit-eclaircissant\/36-heures-propre-lait-zero-taches-a-lextrait-doeuf-et-vitamine-e-2\/#primaryimage"},"thumbnailUrl":"https:\/\/glowpremium.fr\/wp-content\/uploads\/2024\/10\/35088c3b-bec1-4318-ad9e-d096ebd1c3ae.jpg","datePublished":"2024-10-28T13:40:05+00:00","dateModified":"2024-11-21T12:10:10+00:00","description":"lait 36 H propre , blanchisseur, \u00e9claircissant soin de la peau, produit de beaut\u00e9, peau claire, cosm\u00e9tique, \u00e9claircir la peau uniformisas anti-t\u00e2ches","breadcrumb":{"@id":"https:\/\/glowpremium.fr\/produit-eclaircissant\/36-heures-propre-lait-zero-taches-a-lextrait-doeuf-et-vitamine-e-2\/#breadcrumb"},"inLanguage":"en-GB","potentialAction":[{"@type":"ReadAction","target":["https:\/\/glowpremium.fr\/produit-eclaircissant\/36-heures-propre-lait-zero-taches-a-lextrait-doeuf-et-vitamine-e-2\/"]}]},{"@type":"ImageObject","inLanguage":"en-GB","@id":"https:\/\/glowpremium.fr\/produit-eclaircissant\/36-heures-propre-lait-zero-taches-a-lextrait-doeuf-et-vitamine-e-2\/#primaryimage","url":"https:\/\/glowpremium.fr\/wp-content\/uploads\/2024\/10\/35088c3b-bec1-4318-ad9e-d096ebd1c3ae.jpg","contentUrl":"https:\/\/glowpremium.fr\/wp-content\/uploads\/2024\/10\/35088c3b-bec1-4318-ad9e-d096ebd1c3ae.jpg","width":2000,"height":1780},{"@type":"BreadcrumbList","@id":"https:\/\/glowpremium.fr\/produit-eclaircissant\/36-heures-propre-lait-zero-taches-a-lextrait-doeuf-et-vitamine-e-2\/#breadcrumb","itemListElement":[{"@type":"ListItem","position":1,"name":"Accueil","item":"https:\/\/glowpremium.fr\/"},{"@type":"ListItem","position":2,"name":"Boutique","item":"https:\/\/glowpremium.fr\/boutique-produits-eclaircissants\/"},{"@type":"ListItem","position":3,"name":"36 Heures Propre Lait Z\u00e9ro T\u00e2ches \u00e0 l&#8217;extrait d&#8221;oeuf Et Vitamine E"}]},{"@type":"WebSite","@id":"https:\/\/glowpremium.fr\/#website","url":"https:\/\/glowpremium.fr\/","name":"Glow Premium","description":"","publisher":{"@id":"https:\/\/glowpremium.fr\/#organization"},"potentialAction":[{"@type":"SearchAction","target":{"@type":"EntryPoint","urlTemplate":"https:\/\/glowpremium.fr\/?s={search_term_string}"},"query-input":{"@type":"PropertyValueSpecification","valueRequired":true,"valueName":"search_term_string"}}],"inLanguage":"en-GB"},{"@type":"Organization","@id":"https:\/\/glowpremium.fr\/#organization","name":"Glow Premium","url":"https:\/\/glowpremium.fr\/","logo":{"@type":"ImageObject","inLanguage":"en-GB","@id":"https:\/\/glowpremium.fr\/#\/schema\/logo\/image\/","url":"https:\/\/glowpremium.fr\/wp-content\/uploads\/2024\/10\/screenshot_20241029_034909_chrome.jpg","contentUrl":"https:\/\/glowpremium.fr\/wp-content\/uploads\/2024\/10\/screenshot_20241029_034909_chrome.jpg","width":866,"height":937,"caption":"Glow Premium"},"image":{"@id":"https:\/\/glowpremium.fr\/#\/schema\/logo\/image\/"}}]}},"_links":{"self":[{"href":"https:\/\/glowpremium.fr\/en\/wp-json\/wp\/v2\/product\/6401","targetHints":{"allow":["GET"]}}],"collection":[{"href":"https:\/\/glowpremium.fr\/en\/wp-json\/wp\/v2\/product"}],"about":[{"href":"https:\/\/glowpremium.fr\/en\/wp-json\/wp\/v2\/types\/product"}],"replies":[{"embeddable":true,"href":"https:\/\/glowpremium.fr\/en\/wp-json\/wp\/v2\/comments?post=6401"}],"version-history":[{"count":1,"href":"https:\/\/glowpremium.fr\/en\/wp-json\/wp\/v2\/product\/6401\/revisions"}],"predecessor-version":[{"id":7211,"href":"https:\/\/glowpremium.fr\/en\/wp-json\/wp\/v2\/product\/6401\/revisions\/7211"}],"wp:featuredmedia":[{"embeddable":true,"href":"https:\/\/glowpremium.fr\/en\/wp-json\/wp\/v2\/media\/6400"}],"wp:attachment":[{"href":"https:\/\/glowpremium.fr\/en\/wp-json\/wp\/v2\/media?parent=6401"}],"wp:term":[{"taxonomy":"brand","embeddable":true,"href":"https:\/\/glowpremium.fr\/en\/wp-json\/wp\/v2\/etheme_brands?post=6401"},{"taxonomy":"product_brand","embeddable":true,"href":"https:\/\/glowpremium.fr\/en\/wp-json\/wp\/v2\/product_brand?post=6401"},{"taxonomy":"product_cat","embeddable":true,"href":"https:\/\/glowpremium.fr\/en\/wp-json\/wp\/v2\/product_cat?post=6401"},{"taxonomy":"product_tag","embeddable":true,"href":"https:\/\/glowpremium.fr\/en\/wp-json\/wp\/v2\/product_tag?post=6401"}],"curies":[{"name":"wp","href":"https:\/\/api.w.org\/{rel}","templated":true}]}}